{"id":14904,"date":"2021-10-18T09:05:52","date_gmt":"2021-10-18T09:05:52","guid":{"rendered":"https:\/\/www.spottergps.com\/se\/?page_id=14904"},"modified":"2021-11-10T12:47:22","modified_gmt":"2021-11-10T12:47:22","slug":"spotterns-funktioner","status":"publish","type":"page","link":"https:\/\/www.spottergps.com\/se\/spotterns-funktioner\/","title":{"rendered":"Spotterns funktioner"},"content":{"rendered":"\n<p>Fr\u00e5n att lokalisera till att ringa ett samtal, Spotter GPS -trackern erbjuder dig m\u00e5nga alternativ som har sammanst\u00e4llts med stor omsorg. Nedan f\u00f6ljer en \u00f6versikt \u00f6ver funktioner vilka du har som standard. Detta inneb\u00e4r att dessa funktioner alltid ing\u00e5r under anv\u00e4ndandet.<\/p>\n\n\n\n<h3 class=\"wp-block-heading\">En position var 60: e sekund<\/h3>\n\n\n\n<p>Du beh\u00f6ver inte beg\u00e4ra platser sj\u00e4lv, vi g\u00f6r det \u00e5t dig. Spotter GPS -tracker \u00e4r utrustad med en r\u00f6relsessensor s\u00e5 att du f\u00e5r en position p\u00e5 ditt onlinekonto var 60: e sekund under r\u00f6relse och var 30: e minut n\u00e4r den \u00e4r stillast\u00e5ende. Alla platser g\u00e5r att ses under 24 h tillbaks i tiden. <\/p>\n\n\n\n<h3 class=\"wp-block-heading\">SOS -larm i n\u00f6dsituationer<\/h3>\n\n\n\n<p>Vid en n\u00f6dsituation trycks SOS -knappen p\u00e5 framsidan av Spotter GPS -sp\u00e5raren i 3 sekunder. Nu skickas ett direktmeddelande till den kopplade anv\u00e4ndaren med den aktuella positionen och namnet p\u00e5 Spotter. Det betyder att n\u00e4r du ger Spotter <a href=\"https:\/\/www.spottergps.com\/se\/gps-tracker\/\">GPS -sp\u00e5raren <\/a>till ditt barn, blir du omedelbart informerad n\u00e4r han \/ hon k\u00e4nner sig obekv\u00e4m och skulle vilja bli kontaktad.<\/p>\n\n\n\n<h3 class=\"wp-block-heading\">Starta ett telefonsamtal<\/h3>\n\n\n\n<p>Och om du vill ha kontakt med b\u00e4raren av Spotter \u00e4r detta ocks\u00e5 m\u00f6jligt. Till exempel om n\u00e5gon befinner sig i en obehaglig situation och har tryckt p\u00e5 SOS -knappen, kan du ringa till Spotter GPS -sp\u00e5raren via appen, den ringer och b\u00e4raren svarar. Enkelt om ditt barn \u00e4nnu inte har en mobiltelefon men du vill ha m\u00f6jligheten att ringa. Du ringer d\u00e5 ett europeiskt mobilnummer, dessa kostnader dras p\u00e5 kontantkortet. Det \u00e4r ocks\u00e5 m\u00f6jligt att ringa Spotter via Skype, ett billigare s\u00e4tt att ringa. <\/p>\n\n\n\n<h3 class=\"wp-block-heading\">St\u00e4ll in en s\u00e4kerhetszon<\/h3>\n\n\n\n<p>Du kan ange ett omr\u00e5de inom vilket Spotter GPS -sp\u00e5raren ska f\u00f6rbli. Du kommer omedelbart att meddelas n\u00e4r denna zon har l\u00e4mnats. T.ex du st\u00e4ller in en zon runt grannskapet d\u00e4r du bor, s\u00e5 snart Spotter l\u00e4mnar grannskapet f\u00e5r du omedelbart ett meddelande.<\/p>\n\n\n\n<h3 class=\"wp-block-heading\">Meddelanden och aviseringar<\/h3>\n\n\n\n<p>Alla aviseringar och meddelanden, till exempel en SOS -anm\u00e4lan eller att l\u00e4mna en s\u00e4kerhetszon, skickas till:<\/p>\n\n\n\n<ul class=\"wp-block-list\"><li>Ditt onlinekonto<\/li><li>Spotterappen, med hj\u00e4lp av ett pushmeddelande <\/li><li>Via e-post <\/li><\/ul>\n","protected":false},"excerpt":{"rendered":"<p>Fr\u00e5n att lokalisera till att ringa ett samtal, Spotter GPS [&hellip;]<\/p>\n","protected":false},"author":8,"featured_media":0,"parent":0,"menu_order":0,"comment_status":"closed","ping_status":"closed","template":"","meta":{"_acf_changed":false,"footnotes":""},"categories":[],"tags":[],"class_list":["post-14904","page","type-page","status-publish","hentry"],"acf":[],"yoast_head":"<!-- This site is optimized with the Yoast SEO plugin v25.9 - https:\/\/yoast.com\/wordpress\/plugins\/seo\/ -->\n<title>Funktioner p\u00e5 Spotter GPS-tracker<\/title>\n<meta name=\"description\" content=\"Fr\u00e5n att lokalisera till att f\u00f6ra ett telefonsamtal, Spotter GPS-tracker erbjuder dig m\u00e5nga m\u00f6jligheter som har st\u00e4llts samman med omsorg\" \/>\n<meta name=\"robots\" content=\"index, follow, max-snippet:-1, max-image-preview:large, max-video-preview:-1\" \/>\n<link rel=\"canonical\" href=\"https:\/\/www.spottergps.com\/se\/spotterns-funktioner\/\" \/>\n<meta property=\"og:locale\" content=\"sv_SE\" \/>\n<meta property=\"og:type\" content=\"article\" \/>\n<meta property=\"og:title\" content=\"Funktioner p\u00e5 Spotter GPS-tracker\" \/>\n<meta property=\"og:description\" content=\"Fr\u00e5n att lokalisera till att f\u00f6ra ett telefonsamtal, Spotter GPS-tracker erbjuder dig m\u00e5nga m\u00f6jligheter som har st\u00e4llts samman med omsorg\" \/>\n<meta property=\"og:url\" content=\"https:\/\/www.spottergps.com\/se\/spotterns-funktioner\/\" \/>\n<meta property=\"og:site_name\" content=\"Spotter Sweden\" \/>\n<meta property=\"article:modified_time\" content=\"2021-11-10T12:47:22+00:00\" \/>\n<meta name=\"twitter:card\" content=\"summary_large_image\" \/>\n<meta name=\"twitter:label1\" content=\"Ber\u00e4knad l\u00e4stid\" \/>\n\t<meta name=\"twitter:data1\" content=\"2 minuter\" \/>\n<script type=\"application\/ld+json\" class=\"yoast-schema-graph\">{\"@context\":\"https:\/\/schema.org\",\"@graph\":[{\"@type\":\"WebPage\",\"@id\":\"https:\/\/www.spottergps.com\/se\/spotterns-funktioner\/\",\"url\":\"https:\/\/www.spottergps.com\/se\/spotterns-funktioner\/\",\"name\":\"Funktioner p\u00e5 Spotter GPS-tracker\",\"isPartOf\":{\"@id\":\"https:\/\/www.spottergps.com\/se\/#website\"},\"datePublished\":\"2021-10-18T09:05:52+00:00\",\"dateModified\":\"2021-11-10T12:47:22+00:00\",\"description\":\"Fr\u00e5n att lokalisera till att f\u00f6ra ett telefonsamtal, Spotter GPS-tracker erbjuder dig m\u00e5nga m\u00f6jligheter som har st\u00e4llts samman med omsorg\",\"breadcrumb\":{\"@id\":\"https:\/\/www.spottergps.com\/se\/spotterns-funktioner\/#breadcrumb\"},\"inLanguage\":\"sv-SE\",\"potentialAction\":[{\"@type\":\"ReadAction\",\"target\":[\"https:\/\/www.spottergps.com\/se\/spotterns-funktioner\/\"]}]},{\"@type\":\"BreadcrumbList\",\"@id\":\"https:\/\/www.spottergps.com\/se\/spotterns-funktioner\/#breadcrumb\",\"itemListElement\":[{\"@type\":\"ListItem\",\"position\":1,\"name\":\"Home\",\"item\":\"https:\/\/www.spottergps.com\/se\/\"},{\"@type\":\"ListItem\",\"position\":2,\"name\":\"Spotterns funktioner\"}]},{\"@type\":\"WebSite\",\"@id\":\"https:\/\/www.spottergps.com\/se\/#website\",\"url\":\"https:\/\/www.spottergps.com\/se\/\",\"name\":\"Spotter Sweden\",\"description\":\"Spotter GPS Sweden\",\"potentialAction\":[{\"@type\":\"SearchAction\",\"target\":{\"@type\":\"EntryPoint\",\"urlTemplate\":\"https:\/\/www.spottergps.com\/se\/?s={search_term_string}\"},\"query-input\":{\"@type\":\"PropertyValueSpecification\",\"valueRequired\":true,\"valueName\":\"search_term_string\"}}],\"inLanguage\":\"sv-SE\"}]}<\/script>\n<!-- \/ Yoast SEO plugin. -->","yoast_head_json":{"title":"Funktioner p\u00e5 Spotter GPS-tracker","description":"Fr\u00e5n att lokalisera till att f\u00f6ra ett telefonsamtal, Spotter GPS-tracker erbjuder dig m\u00e5nga m\u00f6jligheter som har st\u00e4llts samman med omsorg","robots":{"index":"index","follow":"follow","max-snippet":"max-snippet:-1","max-image-preview":"max-image-preview:large","max-video-preview":"max-video-preview:-1"},"canonical":"https:\/\/www.spottergps.com\/se\/spotterns-funktioner\/","og_locale":"sv_SE","og_type":"article","og_title":"Funktioner p\u00e5 Spotter GPS-tracker","og_description":"Fr\u00e5n att lokalisera till att f\u00f6ra ett telefonsamtal, Spotter GPS-tracker erbjuder dig m\u00e5nga m\u00f6jligheter som har st\u00e4llts samman med omsorg","og_url":"https:\/\/www.spottergps.com\/se\/spotterns-funktioner\/","og_site_name":"Spotter Sweden","article_modified_time":"2021-11-10T12:47:22+00:00","twitter_card":"summary_large_image","twitter_misc":{"Ber\u00e4knad l\u00e4stid":"2 minuter"},"schema":{"@context":"https:\/\/schema.org","@graph":[{"@type":"WebPage","@id":"https:\/\/www.spottergps.com\/se\/spotterns-funktioner\/","url":"https:\/\/www.spottergps.com\/se\/spotterns-funktioner\/","name":"Funktioner p\u00e5 Spotter GPS-tracker","isPartOf":{"@id":"https:\/\/www.spottergps.com\/se\/#website"},"datePublished":"2021-10-18T09:05:52+00:00","dateModified":"2021-11-10T12:47:22+00:00","description":"Fr\u00e5n att lokalisera till att f\u00f6ra ett telefonsamtal, Spotter GPS-tracker erbjuder dig m\u00e5nga m\u00f6jligheter som har st\u00e4llts samman med omsorg","breadcrumb":{"@id":"https:\/\/www.spottergps.com\/se\/spotterns-funktioner\/#breadcrumb"},"inLanguage":"sv-SE","potentialAction":[{"@type":"ReadAction","target":["https:\/\/www.spottergps.com\/se\/spotterns-funktioner\/"]}]},{"@type":"BreadcrumbList","@id":"https:\/\/www.spottergps.com\/se\/spotterns-funktioner\/#breadcrumb","itemListElement":[{"@type":"ListItem","position":1,"name":"Home","item":"https:\/\/www.spottergps.com\/se\/"},{"@type":"ListItem","position":2,"name":"Spotterns funktioner"}]},{"@type":"WebSite","@id":"https:\/\/www.spottergps.com\/se\/#website","url":"https:\/\/www.spottergps.com\/se\/","name":"Spotter Sweden","description":"Spotter GPS Sweden","potentialAction":[{"@type":"SearchAction","target":{"@type":"EntryPoint","urlTemplate":"https:\/\/www.spottergps.com\/se\/?s={search_term_string}"},"query-input":{"@type":"PropertyValueSpecification","valueRequired":true,"valueName":"search_term_string"}}],"inLanguage":"sv-SE"}]}},"_links":{"self":[{"href":"https:\/\/www.spottergps.com\/se\/wp-json\/wp\/v2\/pages\/14904","targetHints":{"allow":["GET"]}}],"collection":[{"href":"https:\/\/www.spottergps.com\/se\/wp-json\/wp\/v2\/pages"}],"about":[{"href":"https:\/\/www.spottergps.com\/se\/wp-json\/wp\/v2\/types\/page"}],"author":[{"embeddable":true,"href":"https:\/\/www.spottergps.com\/se\/wp-json\/wp\/v2\/users\/8"}],"replies":[{"embeddable":true,"href":"https:\/\/www.spottergps.com\/se\/wp-json\/wp\/v2\/comments?post=14904"}],"version-history":[{"count":2,"href":"https:\/\/www.spottergps.com\/se\/wp-json\/wp\/v2\/pages\/14904\/revisions"}],"predecessor-version":[{"id":15036,"href":"https:\/\/www.spottergps.com\/se\/wp-json\/wp\/v2\/pages\/14904\/revisions\/15036"}],"wp:attachment":[{"href":"https:\/\/www.spottergps.com\/se\/wp-json\/wp\/v2\/media?parent=14904"}],"wp:term":[{"taxonomy":"category","embeddable":true,"href":"https:\/\/www.spottergps.com\/se\/wp-json\/wp\/v2\/categories?post=14904"},{"taxonomy":"post_tag","embeddable":true,"href":"https:\/\/www.spottergps.com\/se\/wp-json\/wp\/v2\/tags?post=14904"}],"curies":[{"name":"wp","href":"https:\/\/api.w.org\/{rel}","templated":true}]}}