{"id":14898,"date":"2021-10-18T08:23:20","date_gmt":"2021-10-18T08:23:20","guid":{"rendered":"https:\/\/www.spottergps.com\/se\/?page_id=14898"},"modified":"2025-12-09T12:29:43","modified_gmt":"2025-12-09T12:29:43","slug":"med-kontantkort","status":"publish","type":"page","link":"https:\/\/www.spottergps.com\/se\/med-kontantkort\/","title":{"rendered":"V\u00e4lj din egen anv\u00e4ndningsperiod, utan abonnemang"},"content":{"rendered":"\n<p>Du \u00e4r inte bunden till kontrakt eller abonnemangsavgifter. Spotter GPS -tracker fungerar p\u00e5 f\u00f6rskottsbetalning med kontantkort. Det betyder att du aktiverar Spotter n\u00e4r du vill anv\u00e4nda den. Om du inte anv\u00e4nder Spotter fyller du inte p\u00e5. Kostnadseffektivt och flexibelt.<\/p>\n\n\n\n<h3 class=\"wp-block-heading\">Anv\u00e4nd n\u00e4r det passar dig<\/h3>\n\n\n\n<p>Efter den h\u00e4r perioden kan du ladda upp Spotter med 3, 6, 12 eller 24 m\u00e5naders kredit. Du beh\u00f6ver inte g\u00f6ra detta direkt efter den f\u00f6rsta m\u00e5naden, till exempel kan du ocks\u00e5 v\u00e4lja att inte anv\u00e4nda Spotter p\u00e5 3 m\u00e5nader och sedan fylla p\u00e5 f\u00f6r 3 m\u00e5nader.<\/p>\n\n\n\n<h3 class=\"wp-block-heading\">Fyll p\u00e5<\/h3>\n\n\n\n<p>Du kan enkelt fylla p\u00e5 Spotter online via ditt onlinekonto. Du kan v\u00e4lja mellan:<\/p>\n\n\n\n<table style=\"width: 28.1904%\"> <tbody> <tr> <th style=\"width: 69.7761%;text-align: left\">Antal m\u00e5nader<\/th> <th style=\"width: 34.7409%;text-align: left\">Priser<\/th> <\/tr> <tr> <td style=\"width: 69.7761%\">3 m\u00e5naders saldo<\/td> <td style=\"width: 34.7409%\">\u20ac 7,00 p.m.<\/td> <\/tr> <tr> <td style=\"width: 69.7761%\">6 m\u00e5naders saldo<\/td> <td style=\"width: 34.7409%\">\u20ac 6,50 p.m.<\/td> <\/tr> <tr> <td style=\"width: 69.7761%\">12 m\u00e5naders saldo<\/td> <td style=\"width: 34.7409%\">\u20ac 5,00 p.m.<\/td> <\/tr> <\/tbody> <\/table> <table style=\"width: 28.1903%\"> <tbody> <tr> <td style=\"width: 69.7761%\">24 m\u00e5naders saldo<\/td> <td style=\"width: 34.7613%\">\u20ac 4,50 p.m.<\/td> <\/tr> <\/tbody> <\/table> <em style=\"font-size: 10px\">Priser inklusive moms. <\/em>\n\n\n\n<h6 class=\"wp-block-heading\"><em>Priserna inkluderar moms.<\/em><\/h6>\n\n\n\n<h3 class=\"wp-block-heading\">Funktioner<\/h3>\n\n\n\n<p>Med en p\u00e5fyllning f\u00e5r du tillg\u00e5ng till alla funktioner:<\/p>\n\n\n\n<ul class=\"wp-block-list\">\n<li>Automatisk positionsangivelse <\/li>\n\n\n\n<li>SOS-Larm i n\u00f6dsituationer <\/li>\n\n\n\n<li>Ha ett telefonsamtal <\/li>\n\n\n\n<li>St\u00e4ll in s\u00e4kerhetszon <\/li>\n<\/ul>\n\n\n\n<h3 class=\"wp-block-heading\"> Fungerar i hela Europa <\/h3>\n\n\n\n<p>Fungerar i hela Europa. Spotter fungerar i hela Europa utan extra kostnad. Det betyder att du har t\u00e4ckning i f\u00f6ljande l\u00e4nder: Belgien, Bulgarien, Cypern, Danmark, Tyskland, Estland, Finland, Frankrike, Grekland, Ungern, Irland, Italien, Island, Kroatien, Lettland, Litauen, Luxemburg, Malta, Nederl\u00e4nderna, \u00d6sterrike, Polen, Portugal, Rum\u00e4nien, Slovenien, Slovakien, Spanien, Tjeckien, Storbritannien, Sverige och Schweiz.<\/p>\n","protected":false},"excerpt":{"rendered":"<p>Du \u00e4r inte bunden till kontrakt eller abonnemangsavgifter. Spotter GPS [&hellip;]<\/p>\n","protected":false},"author":8,"featured_media":0,"parent":0,"menu_order":0,"comment_status":"closed","ping_status":"closed","template":"","meta":{"_acf_changed":false,"footnotes":""},"categories":[],"tags":[],"class_list":["post-14898","page","type-page","status-publish","hentry"],"acf":[],"yoast_head":"<!-- This site is optimized with the Yoast SEO plugin v25.9 - https:\/\/yoast.com\/wordpress\/plugins\/seo\/ -->\n<title>GPS-tracker utan abonnemangskostnader |Spotter<\/title>\n<meta name=\"description\" content=\"Du \u00e4r inte bunden till kontrakt eller abonnemangskostnader. Spotter GPS-tracker fungerar p\u00e5 f\u00f6rbetald basis. Du laddar upp Spotter n\u00e4r du vill anv\u00e4nda den.\" \/>\n<meta name=\"robots\" content=\"index, follow, max-snippet:-1, max-image-preview:large, max-video-preview:-1\" \/>\n<link rel=\"canonical\" href=\"https:\/\/www.spottergps.com\/se\/med-kontantkort\/\" \/>\n<meta property=\"og:locale\" content=\"sv_SE\" \/>\n<meta property=\"og:type\" content=\"article\" \/>\n<meta property=\"og:title\" content=\"GPS-tracker utan abonnemangskostnader |Spotter\" \/>\n<meta property=\"og:description\" content=\"Du \u00e4r inte bunden till kontrakt eller abonnemangskostnader. Spotter GPS-tracker fungerar p\u00e5 f\u00f6rbetald basis. Du laddar upp Spotter n\u00e4r du vill anv\u00e4nda den.\" \/>\n<meta property=\"og:url\" content=\"https:\/\/www.spottergps.com\/se\/med-kontantkort\/\" \/>\n<meta property=\"og:site_name\" content=\"Spotter Sweden\" \/>\n<meta property=\"article:modified_time\" content=\"2025-12-09T12:29:43+00:00\" \/>\n<meta name=\"twitter:card\" content=\"summary_large_image\" \/>\n<meta name=\"twitter:label1\" content=\"Ber\u00e4knad l\u00e4stid\" \/>\n\t<meta name=\"twitter:data1\" content=\"2 minuter\" \/>\n<script type=\"application\/ld+json\" class=\"yoast-schema-graph\">{\"@context\":\"https:\/\/schema.org\",\"@graph\":[{\"@type\":\"WebPage\",\"@id\":\"https:\/\/www.spottergps.com\/se\/med-kontantkort\/\",\"url\":\"https:\/\/www.spottergps.com\/se\/med-kontantkort\/\",\"name\":\"GPS-tracker utan abonnemangskostnader |Spotter\",\"isPartOf\":{\"@id\":\"https:\/\/www.spottergps.com\/se\/#website\"},\"datePublished\":\"2021-10-18T08:23:20+00:00\",\"dateModified\":\"2025-12-09T12:29:43+00:00\",\"description\":\"Du \u00e4r inte bunden till kontrakt eller abonnemangskostnader. Spotter GPS-tracker fungerar p\u00e5 f\u00f6rbetald basis. Du laddar upp Spotter n\u00e4r du vill anv\u00e4nda den.\",\"breadcrumb\":{\"@id\":\"https:\/\/www.spottergps.com\/se\/med-kontantkort\/#breadcrumb\"},\"inLanguage\":\"sv-SE\",\"potentialAction\":[{\"@type\":\"ReadAction\",\"target\":[\"https:\/\/www.spottergps.com\/se\/med-kontantkort\/\"]}]},{\"@type\":\"BreadcrumbList\",\"@id\":\"https:\/\/www.spottergps.com\/se\/med-kontantkort\/#breadcrumb\",\"itemListElement\":[{\"@type\":\"ListItem\",\"position\":1,\"name\":\"Home\",\"item\":\"https:\/\/www.spottergps.com\/se\/\"},{\"@type\":\"ListItem\",\"position\":2,\"name\":\"V\u00e4lj din egen anv\u00e4ndningsperiod, utan abonnemang\"}]},{\"@type\":\"WebSite\",\"@id\":\"https:\/\/www.spottergps.com\/se\/#website\",\"url\":\"https:\/\/www.spottergps.com\/se\/\",\"name\":\"Spotter Sweden\",\"description\":\"Spotter GPS Sweden\",\"potentialAction\":[{\"@type\":\"SearchAction\",\"target\":{\"@type\":\"EntryPoint\",\"urlTemplate\":\"https:\/\/www.spottergps.com\/se\/?s={search_term_string}\"},\"query-input\":{\"@type\":\"PropertyValueSpecification\",\"valueRequired\":true,\"valueName\":\"search_term_string\"}}],\"inLanguage\":\"sv-SE\"}]}<\/script>\n<!-- \/ Yoast SEO plugin. -->","yoast_head_json":{"title":"GPS-tracker utan abonnemangskostnader |Spotter","description":"Du \u00e4r inte bunden till kontrakt eller abonnemangskostnader. Spotter GPS-tracker fungerar p\u00e5 f\u00f6rbetald basis. Du laddar upp Spotter n\u00e4r du vill anv\u00e4nda den.","robots":{"index":"index","follow":"follow","max-snippet":"max-snippet:-1","max-image-preview":"max-image-preview:large","max-video-preview":"max-video-preview:-1"},"canonical":"https:\/\/www.spottergps.com\/se\/med-kontantkort\/","og_locale":"sv_SE","og_type":"article","og_title":"GPS-tracker utan abonnemangskostnader |Spotter","og_description":"Du \u00e4r inte bunden till kontrakt eller abonnemangskostnader. Spotter GPS-tracker fungerar p\u00e5 f\u00f6rbetald basis. Du laddar upp Spotter n\u00e4r du vill anv\u00e4nda den.","og_url":"https:\/\/www.spottergps.com\/se\/med-kontantkort\/","og_site_name":"Spotter Sweden","article_modified_time":"2025-12-09T12:29:43+00:00","twitter_card":"summary_large_image","twitter_misc":{"Ber\u00e4knad l\u00e4stid":"2 minuter"},"schema":{"@context":"https:\/\/schema.org","@graph":[{"@type":"WebPage","@id":"https:\/\/www.spottergps.com\/se\/med-kontantkort\/","url":"https:\/\/www.spottergps.com\/se\/med-kontantkort\/","name":"GPS-tracker utan abonnemangskostnader |Spotter","isPartOf":{"@id":"https:\/\/www.spottergps.com\/se\/#website"},"datePublished":"2021-10-18T08:23:20+00:00","dateModified":"2025-12-09T12:29:43+00:00","description":"Du \u00e4r inte bunden till kontrakt eller abonnemangskostnader. Spotter GPS-tracker fungerar p\u00e5 f\u00f6rbetald basis. Du laddar upp Spotter n\u00e4r du vill anv\u00e4nda den.","breadcrumb":{"@id":"https:\/\/www.spottergps.com\/se\/med-kontantkort\/#breadcrumb"},"inLanguage":"sv-SE","potentialAction":[{"@type":"ReadAction","target":["https:\/\/www.spottergps.com\/se\/med-kontantkort\/"]}]},{"@type":"BreadcrumbList","@id":"https:\/\/www.spottergps.com\/se\/med-kontantkort\/#breadcrumb","itemListElement":[{"@type":"ListItem","position":1,"name":"Home","item":"https:\/\/www.spottergps.com\/se\/"},{"@type":"ListItem","position":2,"name":"V\u00e4lj din egen anv\u00e4ndningsperiod, utan abonnemang"}]},{"@type":"WebSite","@id":"https:\/\/www.spottergps.com\/se\/#website","url":"https:\/\/www.spottergps.com\/se\/","name":"Spotter Sweden","description":"Spotter GPS Sweden","potentialAction":[{"@type":"SearchAction","target":{"@type":"EntryPoint","urlTemplate":"https:\/\/www.spottergps.com\/se\/?s={search_term_string}"},"query-input":{"@type":"PropertyValueSpecification","valueRequired":true,"valueName":"search_term_string"}}],"inLanguage":"sv-SE"}]}},"_links":{"self":[{"href":"https:\/\/www.spottergps.com\/se\/wp-json\/wp\/v2\/pages\/14898","targetHints":{"allow":["GET"]}}],"collection":[{"href":"https:\/\/www.spottergps.com\/se\/wp-json\/wp\/v2\/pages"}],"about":[{"href":"https:\/\/www.spottergps.com\/se\/wp-json\/wp\/v2\/types\/page"}],"author":[{"embeddable":true,"href":"https:\/\/www.spottergps.com\/se\/wp-json\/wp\/v2\/users\/8"}],"replies":[{"embeddable":true,"href":"https:\/\/www.spottergps.com\/se\/wp-json\/wp\/v2\/comments?post=14898"}],"version-history":[{"count":14,"href":"https:\/\/www.spottergps.com\/se\/wp-json\/wp\/v2\/pages\/14898\/revisions"}],"predecessor-version":[{"id":15563,"href":"https:\/\/www.spottergps.com\/se\/wp-json\/wp\/v2\/pages\/14898\/revisions\/15563"}],"wp:attachment":[{"href":"https:\/\/www.spottergps.com\/se\/wp-json\/wp\/v2\/media?parent=14898"}],"wp:term":[{"taxonomy":"category","embeddable":true,"href":"https:\/\/www.spottergps.com\/se\/wp-json\/wp\/v2\/categories?post=14898"},{"taxonomy":"post_tag","embeddable":true,"href":"https:\/\/www.spottergps.com\/se\/wp-json\/wp\/v2\/tags?post=14898"}],"curies":[{"name":"wp","href":"https:\/\/api.w.org\/{rel}","templated":true}]}}