{"id":14890,"date":"2021-10-18T08:00:22","date_gmt":"2021-10-18T08:00:22","guid":{"rendered":"https:\/\/www.spottergps.com\/se\/?page_id=14890"},"modified":"2026-02-04T14:32:43","modified_gmt":"2026-02-04T14:32:43","slug":"sa-har-fungerar-spotter","status":"publish","type":"page","link":"https:\/\/www.spottergps.com\/se\/sa-har-fungerar-spotter\/","title":{"rendered":"S\u00e5 h\u00e4r fungerar Spotter"},"content":{"rendered":"\n<p>Med Spotter kan du sp\u00e5ra allt som \u00e4r dig k\u00e4rt. En mycket anv\u00e4ndarv\u00e4nlig GPS-tracker som enkelt kan b\u00e4ras runt p\u00e5 grund av sin kompakta storlek och ringa vikt. Du ger Spotter till ditt barn eller l\u00e4gger den i din bil, b\u00e5t eller moped och du ser dess positioner p\u00e5 Google Maps-karta via ett onlinekonto. Du kan ocks\u00e5 se positionerna under resan via gratisappen f\u00f6r smartmobil och surfplatta.<\/p>\n\n\n\n<h3 class=\"wp-block-heading\">S\u00e5 fungerar Spotter GPS trackern<\/h3>\n\n\n\n<p>Spotter GPS-tracker best\u00e4mmer den aktuella positionen med hj\u00e4lp av Global Positioning System (GPS). Den h\u00f6gsta GPS -klassen anv\u00e4nds, vilket s\u00e4kerst\u00e4ller att positionerna \u00e4r mycket exakta. Dessa positioner skickas sedan via SIM-kortet i Spotter till ditt onlinekonto, d\u00e4r du kan se all data.<\/p>\n\n\n\n<h3 class=\"wp-block-heading\">Visa positioner via ditt onlinekonto och din smartmobilapp<\/h3>\n\n\n\n<p>Du kan se Spotterns positioner och hantera data p\u00e5 ditt konto online. Positionerna skickas automatiskt till ditt konto s\u00e5 att du inte beh\u00f6ver l\u00e4sa dem manuellt. Och eftersom allt sker online beh\u00f6ver du inte installera n\u00e5gon programvara eller k\u00f6pa licenser. Du kan ocks\u00e5 logga in s\u00e5 ofta du vill och med flera personer samtidigt.<\/p>\n\n\n\n<h3 class=\"wp-block-heading\">Fungerar i hela Europa<\/h3>\n\n\n\n<p>Spotter GPS Tracker fungerar i hela Europa utan extra kostnad. Det betyder att du har t\u00e4ckning i f\u00f6ljande l\u00e4nder: Belgien, Bulgarien, Cypern, Danmark, Tyskland, Estland, Finland, Frankrike, Grekland, Ungern, Irland, Italien, Island, Kroatien, Lettland, Litauen, Luxemburg, Malta, Nederl\u00e4nderna, Norge, \u00d6sterrike, Polen, Portugal, Rum\u00e4nien, Slovenien, Slovakien, Spanien, Tjeckien, Storbritannien, Sverige, Norge, Liechtenstein och Schweiz.<\/p>\n\n\n\n<h3 class=\"wp-block-heading\">Spotter funktioner<\/h3>\n\n\n\n<p>Spotter erbjuder m\u00e5nga anv\u00e4ndbara funktioner. Du kan se&nbsp; aktuella positioner online, ta emot SOS-aviseringar i n\u00f6dsituationer eller ringa Spottern n\u00e4r du vill kommunicera med, till exempel, ditt barn. <a href=\"https:\/\/www.spottergps.com\/se\/spotterns-funktioner\/\">L\u00e4s mer om Spotters funktioner h\u00e4r<\/a>.<\/p>\n","protected":false},"excerpt":{"rendered":"<p>Med Spotter kan du sp\u00e5ra allt som \u00e4r dig k\u00e4rt. [&hellip;]<\/p>\n","protected":false},"author":8,"featured_media":0,"parent":0,"menu_order":0,"comment_status":"closed","ping_status":"closed","template":"","meta":{"_acf_changed":false,"footnotes":""},"categories":[],"tags":[],"class_list":["post-14890","page","type-page","status-publish","hentry"],"acf":[],"yoast_head":"<!-- This site is optimized with the Yoast SEO plugin v25.9 - https:\/\/yoast.com\/wordpress\/plugins\/seo\/ -->\n<title>Hur fungerar Spotter GPS Tracker?<\/title>\n<meta name=\"description\" content=\"Du har ett online-konto d\u00e4r du online kan se platsangivelser fr\u00e5n Spotter GPS-tracker och hantera data. Platser skickas automatiskt till.....\" \/>\n<meta name=\"robots\" content=\"index, follow, max-snippet:-1, max-image-preview:large, max-video-preview:-1\" \/>\n<link rel=\"canonical\" href=\"https:\/\/www.spottergps.com\/se\/sa-har-fungerar-spotter\/\" \/>\n<meta property=\"og:locale\" content=\"sv_SE\" \/>\n<meta property=\"og:type\" content=\"article\" \/>\n<meta property=\"og:title\" content=\"Hur fungerar Spotter GPS Tracker?\" \/>\n<meta property=\"og:description\" content=\"Du har ett online-konto d\u00e4r du online kan se platsangivelser fr\u00e5n Spotter GPS-tracker och hantera data. Platser skickas automatiskt till.....\" \/>\n<meta property=\"og:url\" content=\"https:\/\/www.spottergps.com\/se\/sa-har-fungerar-spotter\/\" \/>\n<meta property=\"og:site_name\" content=\"Spotter Sweden\" \/>\n<meta property=\"article:modified_time\" content=\"2026-02-04T14:32:43+00:00\" \/>\n<meta name=\"twitter:card\" content=\"summary_large_image\" \/>\n<meta name=\"twitter:label1\" content=\"Ber\u00e4knad l\u00e4stid\" \/>\n\t<meta name=\"twitter:data1\" content=\"2 minuter\" \/>\n<script type=\"application\/ld+json\" class=\"yoast-schema-graph\">{\"@context\":\"https:\/\/schema.org\",\"@graph\":[{\"@type\":\"WebPage\",\"@id\":\"https:\/\/www.spottergps.com\/se\/sa-har-fungerar-spotter\/\",\"url\":\"https:\/\/www.spottergps.com\/se\/sa-har-fungerar-spotter\/\",\"name\":\"Hur fungerar Spotter GPS Tracker?\",\"isPartOf\":{\"@id\":\"https:\/\/www.spottergps.com\/se\/#website\"},\"datePublished\":\"2021-10-18T08:00:22+00:00\",\"dateModified\":\"2026-02-04T14:32:43+00:00\",\"description\":\"Du har ett online-konto d\u00e4r du online kan se platsangivelser fr\u00e5n Spotter GPS-tracker och hantera data. Platser skickas automatiskt till.....\",\"breadcrumb\":{\"@id\":\"https:\/\/www.spottergps.com\/se\/sa-har-fungerar-spotter\/#breadcrumb\"},\"inLanguage\":\"sv-SE\",\"potentialAction\":[{\"@type\":\"ReadAction\",\"target\":[\"https:\/\/www.spottergps.com\/se\/sa-har-fungerar-spotter\/\"]}]},{\"@type\":\"BreadcrumbList\",\"@id\":\"https:\/\/www.spottergps.com\/se\/sa-har-fungerar-spotter\/#breadcrumb\",\"itemListElement\":[{\"@type\":\"ListItem\",\"position\":1,\"name\":\"Home\",\"item\":\"https:\/\/www.spottergps.com\/se\/\"},{\"@type\":\"ListItem\",\"position\":2,\"name\":\"S\u00e5 h\u00e4r fungerar Spotter\"}]},{\"@type\":\"WebSite\",\"@id\":\"https:\/\/www.spottergps.com\/se\/#website\",\"url\":\"https:\/\/www.spottergps.com\/se\/\",\"name\":\"Spotter Sweden\",\"description\":\"Spotter GPS Sweden\",\"potentialAction\":[{\"@type\":\"SearchAction\",\"target\":{\"@type\":\"EntryPoint\",\"urlTemplate\":\"https:\/\/www.spottergps.com\/se\/?s={search_term_string}\"},\"query-input\":{\"@type\":\"PropertyValueSpecification\",\"valueRequired\":true,\"valueName\":\"search_term_string\"}}],\"inLanguage\":\"sv-SE\"}]}<\/script>\n<!-- \/ Yoast SEO plugin. -->","yoast_head_json":{"title":"Hur fungerar Spotter GPS Tracker?","description":"Du har ett online-konto d\u00e4r du online kan se platsangivelser fr\u00e5n Spotter GPS-tracker och hantera data. Platser skickas automatiskt till.....","robots":{"index":"index","follow":"follow","max-snippet":"max-snippet:-1","max-image-preview":"max-image-preview:large","max-video-preview":"max-video-preview:-1"},"canonical":"https:\/\/www.spottergps.com\/se\/sa-har-fungerar-spotter\/","og_locale":"sv_SE","og_type":"article","og_title":"Hur fungerar Spotter GPS Tracker?","og_description":"Du har ett online-konto d\u00e4r du online kan se platsangivelser fr\u00e5n Spotter GPS-tracker och hantera data. Platser skickas automatiskt till.....","og_url":"https:\/\/www.spottergps.com\/se\/sa-har-fungerar-spotter\/","og_site_name":"Spotter Sweden","article_modified_time":"2026-02-04T14:32:43+00:00","twitter_card":"summary_large_image","twitter_misc":{"Ber\u00e4knad l\u00e4stid":"2 minuter"},"schema":{"@context":"https:\/\/schema.org","@graph":[{"@type":"WebPage","@id":"https:\/\/www.spottergps.com\/se\/sa-har-fungerar-spotter\/","url":"https:\/\/www.spottergps.com\/se\/sa-har-fungerar-spotter\/","name":"Hur fungerar Spotter GPS Tracker?","isPartOf":{"@id":"https:\/\/www.spottergps.com\/se\/#website"},"datePublished":"2021-10-18T08:00:22+00:00","dateModified":"2026-02-04T14:32:43+00:00","description":"Du har ett online-konto d\u00e4r du online kan se platsangivelser fr\u00e5n Spotter GPS-tracker och hantera data. Platser skickas automatiskt till.....","breadcrumb":{"@id":"https:\/\/www.spottergps.com\/se\/sa-har-fungerar-spotter\/#breadcrumb"},"inLanguage":"sv-SE","potentialAction":[{"@type":"ReadAction","target":["https:\/\/www.spottergps.com\/se\/sa-har-fungerar-spotter\/"]}]},{"@type":"BreadcrumbList","@id":"https:\/\/www.spottergps.com\/se\/sa-har-fungerar-spotter\/#breadcrumb","itemListElement":[{"@type":"ListItem","position":1,"name":"Home","item":"https:\/\/www.spottergps.com\/se\/"},{"@type":"ListItem","position":2,"name":"S\u00e5 h\u00e4r fungerar Spotter"}]},{"@type":"WebSite","@id":"https:\/\/www.spottergps.com\/se\/#website","url":"https:\/\/www.spottergps.com\/se\/","name":"Spotter Sweden","description":"Spotter GPS Sweden","potentialAction":[{"@type":"SearchAction","target":{"@type":"EntryPoint","urlTemplate":"https:\/\/www.spottergps.com\/se\/?s={search_term_string}"},"query-input":{"@type":"PropertyValueSpecification","valueRequired":true,"valueName":"search_term_string"}}],"inLanguage":"sv-SE"}]}},"_links":{"self":[{"href":"https:\/\/www.spottergps.com\/se\/wp-json\/wp\/v2\/pages\/14890","targetHints":{"allow":["GET"]}}],"collection":[{"href":"https:\/\/www.spottergps.com\/se\/wp-json\/wp\/v2\/pages"}],"about":[{"href":"https:\/\/www.spottergps.com\/se\/wp-json\/wp\/v2\/types\/page"}],"author":[{"embeddable":true,"href":"https:\/\/www.spottergps.com\/se\/wp-json\/wp\/v2\/users\/8"}],"replies":[{"embeddable":true,"href":"https:\/\/www.spottergps.com\/se\/wp-json\/wp\/v2\/comments?post=14890"}],"version-history":[{"count":10,"href":"https:\/\/www.spottergps.com\/se\/wp-json\/wp\/v2\/pages\/14890\/revisions"}],"predecessor-version":[{"id":15576,"href":"https:\/\/www.spottergps.com\/se\/wp-json\/wp\/v2\/pages\/14890\/revisions\/15576"}],"wp:attachment":[{"href":"https:\/\/www.spottergps.com\/se\/wp-json\/wp\/v2\/media?parent=14890"}],"wp:term":[{"taxonomy":"category","embeddable":true,"href":"https:\/\/www.spottergps.com\/se\/wp-json\/wp\/v2\/categories?post=14890"},{"taxonomy":"post_tag","embeddable":true,"href":"https:\/\/www.spottergps.com\/se\/wp-json\/wp\/v2\/tags?post=14890"}],"curies":[{"name":"wp","href":"https:\/\/api.w.org\/{rel}","templated":true}]}}