{"id":977,"date":"2025-04-07T08:02:12","date_gmt":"2025-04-07T08:02:12","guid":{"rendered":"https:\/\/www.spottergps.com\/pl\/?page_id=977"},"modified":"2025-04-23T07:10:23","modified_gmt":"2025-04-23T07:10:23","slug":"jak-zwrocic-spottera","status":"publish","type":"page","link":"https:\/\/www.spottergps.com\/pl\/faq-2\/sklep-internetowy\/jak-zwrocic-spottera\/","title":{"rendered":"Jak zwr\u00f3ci\u0107 Spottera?"},"content":{"rendered":"\n<p class=\"\" data-start=\"0\" data-end=\"248\">Przykro nam, \u017ce rozwa\u017casz zwrot swojego zakupu. Chcemy zrobi\u0107 wszystko, aby produkt spe\u0142nia\u0142 Twoje oczekiwania. Prosimy o wype\u0142nienie <a href=\"https:\/\/www.spottergps.com\/pl\/w-czym-mozemy-panstwu-pomoc\/\"><span style=\"text-decoration: underline\">formularza kontaktowego<\/span><\/a> na naszej stronie, a my niezw\u0142ocznie si\u0119 z Tob\u0105 skontaktujemy.<\/p>\n<h2 data-start=\"250\" data-end=\"509\"><strong data-start=\"250\" data-end=\"276\">Zwrot w przypadku wady<\/strong><\/h2>\n<p data-start=\"250\" data-end=\"509\">Je\u015bli Spotter nie dzia\u0142a zgodnie z Twoimi oczekiwaniami, nasza obs\u0142uga klienta z przyjemno\u015bci\u0105 to sprawdzi. Wype\u0142nij <a href=\"https:\/\/www.spottergps.com\/pl\/w-czym-mozemy-panstwu-pomoc\/\"><span style=\"text-decoration: underline\">formularz kontaktowy<\/span><\/a> na naszej stronie, a otrzymasz odpowied\u017a w ci\u0105gu 48 godzin, cz\u0119sto ju\u017c w ci\u0105gu kilku godzin.<\/p>\n<h2 data-start=\"511\" data-end=\"700\"><strong data-start=\"511\" data-end=\"535\">Zwrot w ci\u0105gu 14 dni<\/strong><\/h2>\n<p class=\"\" data-start=\"511\" data-end=\"700\">Je\u015bli jako konsument chcesz anulowa\u0107 sw\u00f3j zakup i zwr\u00f3ci\u0107 produkt, masz na to 14 dni od daty zakupu. Dla zakup\u00f3w biznesowych nie ma prawa do odst\u0105pienia od umowy.<\/p>\n<p class=\"\" data-start=\"780\" data-end=\"1077\">Uwaga: Zwrot mo\u017cliwy jest tylko wtedy, gdy produkt oraz opakowanie s\u0105 w oryginalnym, pe\u0142nym, nienaruszonym stanie. Wszelkie dokumenty, gwarancje i materia\u0142y opakowaniowe musz\u0105 zosta\u0107 do\u0142\u0105czone do zwrotu. Przed zg\u0142oszeniem roszczenia gwarancyjnego, dok\u0142adnie zapoznaj si\u0119 z <a href=\"https:\/\/www.spottergps.com\/pl\/faq\/ogolny\/polityka-gwarancyjna\/\">warunkami gwarancji<\/a>.<\/p>\n","protected":false},"excerpt":{"rendered":"<p>Przykro nam, \u017ce rozwa\u017casz zwrot swojego zakupu. Chcemy zrobi\u0107 wszystko, aby produkt spe\u0142nia\u0142 Twoje oczekiwania. Prosimy o wype\u0142nienie formularza kontaktowego na naszej stronie, a my niezw\u0142ocznie si\u0119 z Tob\u0105 skontaktujemy. Zwrot w przypadku wady Je\u015bli Spotter nie dzia\u0142a zgodnie z Twoimi oczekiwaniami, nasza obs\u0142uga klienta z przyjemno\u015bci\u0105 to sprawdzi. Wype\u0142nij formularz kontaktowy na naszej stronie, [&hellip;]<\/p>\n","protected":false},"author":14,"featured_media":0,"parent":662,"menu_order":0,"comment_status":"closed","ping_status":"closed","template":"faq-content.php","meta":{"_acf_changed":false,"footnotes":""},"categories":[5],"tags":[],"class_list":["post-977","page","type-page","status-publish","hentry","category-faq"],"acf":[],"yoast_head":"<!-- This site is optimized with the Yoast SEO plugin v25.9 - https:\/\/yoast.com\/wordpress\/plugins\/seo\/ -->\n<title>Jak zwr\u00f3ci\u0107 Spottera? - Spotter - Polen<\/title>\n<meta name=\"robots\" content=\"index, follow, max-snippet:-1, max-image-preview:large, max-video-preview:-1\" \/>\n<link rel=\"canonical\" href=\"https:\/\/www.spottergps.com\/pl\/faq-2\/sklep-internetowy\/jak-zwrocic-spottera\/\" \/>\n<meta property=\"og:locale\" content=\"pl_PL\" \/>\n<meta property=\"og:type\" content=\"article\" \/>\n<meta property=\"og:title\" content=\"Jak zwr\u00f3ci\u0107 Spottera? - Spotter - Polen\" \/>\n<meta property=\"og:description\" content=\"Przykro nam, \u017ce rozwa\u017casz zwrot swojego zakupu. Chcemy zrobi\u0107 wszystko, aby produkt spe\u0142nia\u0142 Twoje oczekiwania. Prosimy o wype\u0142nienie formularza kontaktowego na naszej stronie, a my niezw\u0142ocznie si\u0119 z Tob\u0105 skontaktujemy. Zwrot w przypadku wady Je\u015bli Spotter nie dzia\u0142a zgodnie z Twoimi oczekiwaniami, nasza obs\u0142uga klienta z przyjemno\u015bci\u0105 to sprawdzi. Wype\u0142nij formularz kontaktowy na naszej stronie, [&hellip;]\" \/>\n<meta property=\"og:url\" content=\"https:\/\/www.spottergps.com\/pl\/faq-2\/sklep-internetowy\/jak-zwrocic-spottera\/\" \/>\n<meta property=\"og:site_name\" content=\"Spotter - Polen\" \/>\n<meta property=\"article:modified_time\" content=\"2025-04-23T07:10:23+00:00\" \/>\n<meta name=\"twitter:card\" content=\"summary_large_image\" \/>\n<meta name=\"twitter:label1\" content=\"Szacowany czas czytania\" \/>\n\t<meta name=\"twitter:data1\" content=\"1 minuta\" \/>\n<script type=\"application\/ld+json\" class=\"yoast-schema-graph\">{\"@context\":\"https:\/\/schema.org\",\"@graph\":[{\"@type\":\"WebPage\",\"@id\":\"https:\/\/www.spottergps.com\/pl\/faq-2\/sklep-internetowy\/jak-zwrocic-spottera\/\",\"url\":\"https:\/\/www.spottergps.com\/pl\/faq-2\/sklep-internetowy\/jak-zwrocic-spottera\/\",\"name\":\"Jak zwr\u00f3ci\u0107 Spottera? - Spotter - Polen\",\"isPartOf\":{\"@id\":\"https:\/\/www.spottergps.com\/pl\/#website\"},\"datePublished\":\"2025-04-07T08:02:12+00:00\",\"dateModified\":\"2025-04-23T07:10:23+00:00\",\"breadcrumb\":{\"@id\":\"https:\/\/www.spottergps.com\/pl\/faq-2\/sklep-internetowy\/jak-zwrocic-spottera\/#breadcrumb\"},\"inLanguage\":\"pl-PL\",\"potentialAction\":[{\"@type\":\"ReadAction\",\"target\":[\"https:\/\/www.spottergps.com\/pl\/faq-2\/sklep-internetowy\/jak-zwrocic-spottera\/\"]}]},{\"@type\":\"BreadcrumbList\",\"@id\":\"https:\/\/www.spottergps.com\/pl\/faq-2\/sklep-internetowy\/jak-zwrocic-spottera\/#breadcrumb\",\"itemListElement\":[{\"@type\":\"ListItem\",\"position\":1,\"name\":\"Home\",\"item\":\"https:\/\/www.spottergps.com\/pl\/\"},{\"@type\":\"ListItem\",\"position\":2,\"name\":\"Jak mo\u017cemy ci pom\u00f3c?\",\"item\":\"https:\/\/www.spottergps.com\/pl\/faq-2\/\"},{\"@type\":\"ListItem\",\"position\":3,\"name\":\"Sklep internetowy\",\"item\":\"https:\/\/www.spottergps.com\/pl\/faq-2\/sklep-internetowy\/\"},{\"@type\":\"ListItem\",\"position\":4,\"name\":\"Jak zwr\u00f3ci\u0107 Spottera?\"}]},{\"@type\":\"WebSite\",\"@id\":\"https:\/\/www.spottergps.com\/pl\/#website\",\"url\":\"https:\/\/www.spottergps.com\/pl\/\",\"name\":\"Spotter - Polen\",\"description\":\"GPS tracker dla wszystkiego, co kochasz\",\"potentialAction\":[{\"@type\":\"SearchAction\",\"target\":{\"@type\":\"EntryPoint\",\"urlTemplate\":\"https:\/\/www.spottergps.com\/pl\/?s={search_term_string}\"},\"query-input\":{\"@type\":\"PropertyValueSpecification\",\"valueRequired\":true,\"valueName\":\"search_term_string\"}}],\"inLanguage\":\"pl-PL\"}]}<\/script>\n<!-- \/ Yoast SEO plugin. -->","yoast_head_json":{"title":"Jak zwr\u00f3ci\u0107 Spottera? - Spotter - Polen","robots":{"index":"index","follow":"follow","max-snippet":"max-snippet:-1","max-image-preview":"max-image-preview:large","max-video-preview":"max-video-preview:-1"},"canonical":"https:\/\/www.spottergps.com\/pl\/faq-2\/sklep-internetowy\/jak-zwrocic-spottera\/","og_locale":"pl_PL","og_type":"article","og_title":"Jak zwr\u00f3ci\u0107 Spottera? - Spotter - Polen","og_description":"Przykro nam, \u017ce rozwa\u017casz zwrot swojego zakupu. Chcemy zrobi\u0107 wszystko, aby produkt spe\u0142nia\u0142 Twoje oczekiwania. Prosimy o wype\u0142nienie formularza kontaktowego na naszej stronie, a my niezw\u0142ocznie si\u0119 z Tob\u0105 skontaktujemy. Zwrot w przypadku wady Je\u015bli Spotter nie dzia\u0142a zgodnie z Twoimi oczekiwaniami, nasza obs\u0142uga klienta z przyjemno\u015bci\u0105 to sprawdzi. Wype\u0142nij formularz kontaktowy na naszej stronie, [&hellip;]","og_url":"https:\/\/www.spottergps.com\/pl\/faq-2\/sklep-internetowy\/jak-zwrocic-spottera\/","og_site_name":"Spotter - Polen","article_modified_time":"2025-04-23T07:10:23+00:00","twitter_card":"summary_large_image","twitter_misc":{"Szacowany czas czytania":"1 minuta"},"schema":{"@context":"https:\/\/schema.org","@graph":[{"@type":"WebPage","@id":"https:\/\/www.spottergps.com\/pl\/faq-2\/sklep-internetowy\/jak-zwrocic-spottera\/","url":"https:\/\/www.spottergps.com\/pl\/faq-2\/sklep-internetowy\/jak-zwrocic-spottera\/","name":"Jak zwr\u00f3ci\u0107 Spottera? - Spotter - Polen","isPartOf":{"@id":"https:\/\/www.spottergps.com\/pl\/#website"},"datePublished":"2025-04-07T08:02:12+00:00","dateModified":"2025-04-23T07:10:23+00:00","breadcrumb":{"@id":"https:\/\/www.spottergps.com\/pl\/faq-2\/sklep-internetowy\/jak-zwrocic-spottera\/#breadcrumb"},"inLanguage":"pl-PL","potentialAction":[{"@type":"ReadAction","target":["https:\/\/www.spottergps.com\/pl\/faq-2\/sklep-internetowy\/jak-zwrocic-spottera\/"]}]},{"@type":"BreadcrumbList","@id":"https:\/\/www.spottergps.com\/pl\/faq-2\/sklep-internetowy\/jak-zwrocic-spottera\/#breadcrumb","itemListElement":[{"@type":"ListItem","position":1,"name":"Home","item":"https:\/\/www.spottergps.com\/pl\/"},{"@type":"ListItem","position":2,"name":"Jak mo\u017cemy ci pom\u00f3c?","item":"https:\/\/www.spottergps.com\/pl\/faq-2\/"},{"@type":"ListItem","position":3,"name":"Sklep internetowy","item":"https:\/\/www.spottergps.com\/pl\/faq-2\/sklep-internetowy\/"},{"@type":"ListItem","position":4,"name":"Jak zwr\u00f3ci\u0107 Spottera?"}]},{"@type":"WebSite","@id":"https:\/\/www.spottergps.com\/pl\/#website","url":"https:\/\/www.spottergps.com\/pl\/","name":"Spotter - Polen","description":"GPS tracker dla wszystkiego, co kochasz","potentialAction":[{"@type":"SearchAction","target":{"@type":"EntryPoint","urlTemplate":"https:\/\/www.spottergps.com\/pl\/?s={search_term_string}"},"query-input":{"@type":"PropertyValueSpecification","valueRequired":true,"valueName":"search_term_string"}}],"inLanguage":"pl-PL"}]}},"_links":{"self":[{"href":"https:\/\/www.spottergps.com\/pl\/wp-json\/wp\/v2\/pages\/977","targetHints":{"allow":["GET"]}}],"collection":[{"href":"https:\/\/www.spottergps.com\/pl\/wp-json\/wp\/v2\/pages"}],"about":[{"href":"https:\/\/www.spottergps.com\/pl\/wp-json\/wp\/v2\/types\/page"}],"author":[{"embeddable":true,"href":"https:\/\/www.spottergps.com\/pl\/wp-json\/wp\/v2\/users\/14"}],"replies":[{"embeddable":true,"href":"https:\/\/www.spottergps.com\/pl\/wp-json\/wp\/v2\/comments?post=977"}],"version-history":[{"count":2,"href":"https:\/\/www.spottergps.com\/pl\/wp-json\/wp\/v2\/pages\/977\/revisions"}],"predecessor-version":[{"id":20772,"href":"https:\/\/www.spottergps.com\/pl\/wp-json\/wp\/v2\/pages\/977\/revisions\/20772"}],"up":[{"embeddable":true,"href":"https:\/\/www.spottergps.com\/pl\/wp-json\/wp\/v2\/pages\/662"}],"wp:attachment":[{"href":"https:\/\/www.spottergps.com\/pl\/wp-json\/wp\/v2\/media?parent=977"}],"wp:term":[{"taxonomy":"category","embeddable":true,"href":"https:\/\/www.spottergps.com\/pl\/wp-json\/wp\/v2\/categories?post=977"},{"taxonomy":"post_tag","embeddable":true,"href":"https:\/\/www.spottergps.com\/pl\/wp-json\/wp\/v2\/tags?post=977"}],"curies":[{"name":"wp","href":"https:\/\/api.w.org\/{rel}","templated":true}]}}