{"id":974,"date":"2025-04-07T07:57:12","date_gmt":"2025-04-07T07:57:12","guid":{"rendered":"https:\/\/www.spottergps.com\/pl\/?page_id=974"},"modified":"2025-10-14T09:16:22","modified_gmt":"2025-10-14T09:16:22","slug":"jak-moge-zmienic-dane-w-moim-koncie-w-sklepie-internetowym","status":"publish","type":"page","link":"https:\/\/www.spottergps.com\/pl\/faq-2\/sklep-internetowy\/jak-moge-zmienic-dane-w-moim-koncie-w-sklepie-internetowym\/","title":{"rendered":"Jak mog\u0119 zmieni\u0107 dane w moim koncie w sklepie internetowym?"},"content":{"rendered":"\n<p class=\"\" data-start=\"0\" data-end=\"225\">Je\u015bli chcesz zmieni\u0107 dane w swoim koncie w sklepie internetowym, wykonaj nast\u0119puj\u0105ce kroki: Zaloguj si\u0119 do swojego <a href=\"https:\/\/shop.spottergps.com\/nl\/customer\/account\/login\/referer\/aHR0cHM6Ly9zaG9wLnNwb3R0ZXJncHMuY29tL25sLw%2C%2C\/\">konta<\/a> w sklepie i przejd\u017a do sekcji \u201ekonto\u201d.<\/p>\n<p class=\"\" data-start=\"227\" data-end=\"388\"><strong data-start=\"227\" data-end=\"255\">Zmiana danych adresowych<\/strong><br data-start=\"255\" data-end=\"258\" \/>Przejd\u017a do zak\u0142adki \u201eksi\u0105\u017cka adresowa\u201d w swoim koncie. Na tej stronie mo\u017cesz zmieni\u0107 adres dostawy oraz domy\u015blny adres do faktury.<\/p>\n<p class=\"\" data-start=\"390\" data-end=\"525\">Uwaga: Je\u015bli niedawno z\u0142o\u017cy\u0142e\u015b zam\u00f3wienie i chcesz zmieni\u0107 adres dostawy, skontaktuj si\u0119 z obs\u0142ug\u0105 klienta przez <a href=\"https:\/\/www.spottergps.com\/pl\/w-czym-mozemy-panstwu-pomoc\/\"><span style=\"text-decoration: underline\">stron\u0119 kontaktow\u0105<\/span><\/a>.<\/p>\n<p class=\"\" data-start=\"527\" data-end=\"878\"><strong data-start=\"527\" data-end=\"551\">Zmiana adresu e-mail<\/strong><br data-start=\"551\" data-end=\"554\" \/>Je\u015bli chcesz zmieni\u0107 sw\u00f3j adres e-mail w koncie sklepu, zaloguj si\u0119 i przejd\u017a do sekcji \u201e<a href=\"https:\/\/shop.spottergps.com\/nl\/customer\/account\/login\/referer\/aHR0cHM6Ly9zaG9wLnNwb3R0ZXJncHMuY29tL25sLw%2C%2C\/\">konto<\/a>\u201d. Nast\u0119pnie kliknij na \u201edane konta\u201d. Tutaj mo\u017cesz zmieni\u0107 adres e-mail swojego konta w sklepie internetowym. Kliknij \u201ezmie\u0144 adres e-mail\u201d i wpisz nowy adres e-mail oraz swoje obecne has\u0142o. Kliknij \u201ezapisz\u201d, aby wprowadzi\u0107 zmiany.<\/p>\n<p class=\"\" data-start=\"880\" data-end=\"1096\"><strong data-start=\"880\" data-end=\"906\">Zmiana numeru telefonu<\/strong><br data-start=\"906\" data-end=\"909\" \/>Je\u015bli chcesz zmieni\u0107 sw\u00f3j numer telefonu w koncie sklepu, zaloguj si\u0119 i przejd\u017a do sekcji \u201e<a href=\"https:\/\/shop.spottergps.com\/nl\/customer\/account\/login\/referer\/aHR0cHM6Ly9zaG9wLnNwb3R0ZXJncHMuY29tL25sLw%2C%2C\/\">konto<\/a>\u201d. Nast\u0119pnie przejd\u017a do \u201eksi\u0105\u017cki adresowej\u201d i edytuj dane, aby zmieni\u0107 sw\u00f3j numer telefonu.<\/p>\n","protected":false},"excerpt":{"rendered":"<p>Je\u015bli chcesz zmieni\u0107 dane w swoim koncie w sklepie internetowym, wykonaj nast\u0119puj\u0105ce kroki: Zaloguj si\u0119 do swojego konta w sklepie i przejd\u017a do sekcji \u201ekonto\u201d. Zmiana danych adresowychPrzejd\u017a do zak\u0142adki \u201eksi\u0105\u017cka adresowa\u201d w swoim koncie. Na tej stronie mo\u017cesz zmieni\u0107 adres dostawy oraz domy\u015blny adres do faktury. Uwaga: Je\u015bli niedawno z\u0142o\u017cy\u0142e\u015b zam\u00f3wienie i chcesz zmieni\u0107 [&hellip;]<\/p>\n","protected":false},"author":14,"featured_media":0,"parent":662,"menu_order":0,"comment_status":"closed","ping_status":"closed","template":"faq-content.php","meta":{"_acf_changed":false,"footnotes":""},"categories":[5],"tags":[],"class_list":["post-974","page","type-page","status-publish","hentry","category-faq"],"acf":[],"yoast_head":"<!-- This site is optimized with the Yoast SEO plugin v25.9 - https:\/\/yoast.com\/wordpress\/plugins\/seo\/ -->\n<title>Jak mog\u0119 zmieni\u0107 dane w moim koncie w sklepie internetowym? | Spotter<\/title>\n<meta name=\"robots\" content=\"index, follow, max-snippet:-1, max-image-preview:large, max-video-preview:-1\" \/>\n<link rel=\"canonical\" href=\"https:\/\/www.spottergps.com\/pl\/faq-2\/sklep-internetowy\/jak-moge-zmienic-dane-w-moim-koncie-w-sklepie-internetowym\/\" \/>\n<meta property=\"og:locale\" content=\"pl_PL\" \/>\n<meta property=\"og:type\" content=\"article\" \/>\n<meta property=\"og:title\" content=\"Jak mog\u0119 zmieni\u0107 dane w moim koncie w sklepie internetowym? | Spotter\" \/>\n<meta property=\"og:description\" content=\"Je\u015bli chcesz zmieni\u0107 dane w swoim koncie w sklepie internetowym, wykonaj nast\u0119puj\u0105ce kroki: Zaloguj si\u0119 do swojego konta w sklepie i przejd\u017a do sekcji \u201ekonto\u201d. Zmiana danych adresowychPrzejd\u017a do zak\u0142adki \u201eksi\u0105\u017cka adresowa\u201d w swoim koncie. Na tej stronie mo\u017cesz zmieni\u0107 adres dostawy oraz domy\u015blny adres do faktury. Uwaga: Je\u015bli niedawno z\u0142o\u017cy\u0142e\u015b zam\u00f3wienie i chcesz zmieni\u0107 [&hellip;]\" \/>\n<meta property=\"og:url\" content=\"https:\/\/www.spottergps.com\/pl\/faq-2\/sklep-internetowy\/jak-moge-zmienic-dane-w-moim-koncie-w-sklepie-internetowym\/\" \/>\n<meta property=\"og:site_name\" content=\"Spotter - Polen\" \/>\n<meta property=\"article:modified_time\" content=\"2025-10-14T09:16:22+00:00\" \/>\n<meta name=\"twitter:card\" content=\"summary_large_image\" \/>\n<meta name=\"twitter:label1\" content=\"Szacowany czas czytania\" \/>\n\t<meta name=\"twitter:data1\" content=\"1 minuta\" \/>\n<script type=\"application\/ld+json\" class=\"yoast-schema-graph\">{\"@context\":\"https:\/\/schema.org\",\"@graph\":[{\"@type\":\"WebPage\",\"@id\":\"https:\/\/www.spottergps.com\/pl\/faq-2\/sklep-internetowy\/jak-moge-zmienic-dane-w-moim-koncie-w-sklepie-internetowym\/\",\"url\":\"https:\/\/www.spottergps.com\/pl\/faq-2\/sklep-internetowy\/jak-moge-zmienic-dane-w-moim-koncie-w-sklepie-internetowym\/\",\"name\":\"Jak mog\u0119 zmieni\u0107 dane w moim koncie w sklepie internetowym? | Spotter\",\"isPartOf\":{\"@id\":\"https:\/\/www.spottergps.com\/pl\/#website\"},\"datePublished\":\"2025-04-07T07:57:12+00:00\",\"dateModified\":\"2025-10-14T09:16:22+00:00\",\"breadcrumb\":{\"@id\":\"https:\/\/www.spottergps.com\/pl\/faq-2\/sklep-internetowy\/jak-moge-zmienic-dane-w-moim-koncie-w-sklepie-internetowym\/#breadcrumb\"},\"inLanguage\":\"pl-PL\",\"potentialAction\":[{\"@type\":\"ReadAction\",\"target\":[\"https:\/\/www.spottergps.com\/pl\/faq-2\/sklep-internetowy\/jak-moge-zmienic-dane-w-moim-koncie-w-sklepie-internetowym\/\"]}]},{\"@type\":\"BreadcrumbList\",\"@id\":\"https:\/\/www.spottergps.com\/pl\/faq-2\/sklep-internetowy\/jak-moge-zmienic-dane-w-moim-koncie-w-sklepie-internetowym\/#breadcrumb\",\"itemListElement\":[{\"@type\":\"ListItem\",\"position\":1,\"name\":\"Home\",\"item\":\"https:\/\/www.spottergps.com\/pl\/\"},{\"@type\":\"ListItem\",\"position\":2,\"name\":\"Jak mo\u017cemy ci pom\u00f3c?\",\"item\":\"https:\/\/www.spottergps.com\/pl\/faq-2\/\"},{\"@type\":\"ListItem\",\"position\":3,\"name\":\"Sklep internetowy\",\"item\":\"https:\/\/www.spottergps.com\/pl\/faq-2\/sklep-internetowy\/\"},{\"@type\":\"ListItem\",\"position\":4,\"name\":\"Jak mog\u0119 zmieni\u0107 dane w moim koncie w sklepie internetowym?\"}]},{\"@type\":\"WebSite\",\"@id\":\"https:\/\/www.spottergps.com\/pl\/#website\",\"url\":\"https:\/\/www.spottergps.com\/pl\/\",\"name\":\"Spotter - Polen\",\"description\":\"GPS tracker dla wszystkiego, co kochasz\",\"potentialAction\":[{\"@type\":\"SearchAction\",\"target\":{\"@type\":\"EntryPoint\",\"urlTemplate\":\"https:\/\/www.spottergps.com\/pl\/?s={search_term_string}\"},\"query-input\":{\"@type\":\"PropertyValueSpecification\",\"valueRequired\":true,\"valueName\":\"search_term_string\"}}],\"inLanguage\":\"pl-PL\"}]}<\/script>\n<!-- \/ Yoast SEO plugin. -->","yoast_head_json":{"title":"Jak mog\u0119 zmieni\u0107 dane w moim koncie w sklepie internetowym? | Spotter","robots":{"index":"index","follow":"follow","max-snippet":"max-snippet:-1","max-image-preview":"max-image-preview:large","max-video-preview":"max-video-preview:-1"},"canonical":"https:\/\/www.spottergps.com\/pl\/faq-2\/sklep-internetowy\/jak-moge-zmienic-dane-w-moim-koncie-w-sklepie-internetowym\/","og_locale":"pl_PL","og_type":"article","og_title":"Jak mog\u0119 zmieni\u0107 dane w moim koncie w sklepie internetowym? | Spotter","og_description":"Je\u015bli chcesz zmieni\u0107 dane w swoim koncie w sklepie internetowym, wykonaj nast\u0119puj\u0105ce kroki: Zaloguj si\u0119 do swojego konta w sklepie i przejd\u017a do sekcji \u201ekonto\u201d. Zmiana danych adresowychPrzejd\u017a do zak\u0142adki \u201eksi\u0105\u017cka adresowa\u201d w swoim koncie. Na tej stronie mo\u017cesz zmieni\u0107 adres dostawy oraz domy\u015blny adres do faktury. Uwaga: Je\u015bli niedawno z\u0142o\u017cy\u0142e\u015b zam\u00f3wienie i chcesz zmieni\u0107 [&hellip;]","og_url":"https:\/\/www.spottergps.com\/pl\/faq-2\/sklep-internetowy\/jak-moge-zmienic-dane-w-moim-koncie-w-sklepie-internetowym\/","og_site_name":"Spotter - Polen","article_modified_time":"2025-10-14T09:16:22+00:00","twitter_card":"summary_large_image","twitter_misc":{"Szacowany czas czytania":"1 minuta"},"schema":{"@context":"https:\/\/schema.org","@graph":[{"@type":"WebPage","@id":"https:\/\/www.spottergps.com\/pl\/faq-2\/sklep-internetowy\/jak-moge-zmienic-dane-w-moim-koncie-w-sklepie-internetowym\/","url":"https:\/\/www.spottergps.com\/pl\/faq-2\/sklep-internetowy\/jak-moge-zmienic-dane-w-moim-koncie-w-sklepie-internetowym\/","name":"Jak mog\u0119 zmieni\u0107 dane w moim koncie w sklepie internetowym? | Spotter","isPartOf":{"@id":"https:\/\/www.spottergps.com\/pl\/#website"},"datePublished":"2025-04-07T07:57:12+00:00","dateModified":"2025-10-14T09:16:22+00:00","breadcrumb":{"@id":"https:\/\/www.spottergps.com\/pl\/faq-2\/sklep-internetowy\/jak-moge-zmienic-dane-w-moim-koncie-w-sklepie-internetowym\/#breadcrumb"},"inLanguage":"pl-PL","potentialAction":[{"@type":"ReadAction","target":["https:\/\/www.spottergps.com\/pl\/faq-2\/sklep-internetowy\/jak-moge-zmienic-dane-w-moim-koncie-w-sklepie-internetowym\/"]}]},{"@type":"BreadcrumbList","@id":"https:\/\/www.spottergps.com\/pl\/faq-2\/sklep-internetowy\/jak-moge-zmienic-dane-w-moim-koncie-w-sklepie-internetowym\/#breadcrumb","itemListElement":[{"@type":"ListItem","position":1,"name":"Home","item":"https:\/\/www.spottergps.com\/pl\/"},{"@type":"ListItem","position":2,"name":"Jak mo\u017cemy ci pom\u00f3c?","item":"https:\/\/www.spottergps.com\/pl\/faq-2\/"},{"@type":"ListItem","position":3,"name":"Sklep internetowy","item":"https:\/\/www.spottergps.com\/pl\/faq-2\/sklep-internetowy\/"},{"@type":"ListItem","position":4,"name":"Jak mog\u0119 zmieni\u0107 dane w moim koncie w sklepie internetowym?"}]},{"@type":"WebSite","@id":"https:\/\/www.spottergps.com\/pl\/#website","url":"https:\/\/www.spottergps.com\/pl\/","name":"Spotter - Polen","description":"GPS tracker dla wszystkiego, co kochasz","potentialAction":[{"@type":"SearchAction","target":{"@type":"EntryPoint","urlTemplate":"https:\/\/www.spottergps.com\/pl\/?s={search_term_string}"},"query-input":{"@type":"PropertyValueSpecification","valueRequired":true,"valueName":"search_term_string"}}],"inLanguage":"pl-PL"}]}},"_links":{"self":[{"href":"https:\/\/www.spottergps.com\/pl\/wp-json\/wp\/v2\/pages\/974","targetHints":{"allow":["GET"]}}],"collection":[{"href":"https:\/\/www.spottergps.com\/pl\/wp-json\/wp\/v2\/pages"}],"about":[{"href":"https:\/\/www.spottergps.com\/pl\/wp-json\/wp\/v2\/types\/page"}],"author":[{"embeddable":true,"href":"https:\/\/www.spottergps.com\/pl\/wp-json\/wp\/v2\/users\/14"}],"replies":[{"embeddable":true,"href":"https:\/\/www.spottergps.com\/pl\/wp-json\/wp\/v2\/comments?post=974"}],"version-history":[{"count":2,"href":"https:\/\/www.spottergps.com\/pl\/wp-json\/wp\/v2\/pages\/974\/revisions"}],"predecessor-version":[{"id":20771,"href":"https:\/\/www.spottergps.com\/pl\/wp-json\/wp\/v2\/pages\/974\/revisions\/20771"}],"up":[{"embeddable":true,"href":"https:\/\/www.spottergps.com\/pl\/wp-json\/wp\/v2\/pages\/662"}],"wp:attachment":[{"href":"https:\/\/www.spottergps.com\/pl\/wp-json\/wp\/v2\/media?parent=974"}],"wp:term":[{"taxonomy":"category","embeddable":true,"href":"https:\/\/www.spottergps.com\/pl\/wp-json\/wp\/v2\/categories?post=974"},{"taxonomy":"post_tag","embeddable":true,"href":"https:\/\/www.spottergps.com\/pl\/wp-json\/wp\/v2\/tags?post=974"}],"curies":[{"name":"wp","href":"https:\/\/api.w.org\/{rel}","templated":true}]}}