{"id":971,"date":"2025-04-07T07:53:26","date_gmt":"2025-04-07T07:53:26","guid":{"rendered":"https:\/\/www.spottergps.com\/pl\/?page_id=971"},"modified":"2025-10-14T07:41:17","modified_gmt":"2025-10-14T07:41:17","slug":"moja-przesylka-jest-opozniona-lub-jeszcze-nie-zostala-dostarczona-wyslana","status":"publish","type":"page","link":"https:\/\/www.spottergps.com\/pl\/faq-2\/sklep-internetowy\/moja-przesylka-jest-opozniona-lub-jeszcze-nie-zostala-dostarczona-wyslana\/","title":{"rendered":"Moja przesy\u0142ka jest op\u00f3\u017aniona lub jeszcze nie zosta\u0142a dostarczona\/wys\u0142ana?"},"content":{"rendered":"\n<p class=\"\" data-start=\"0\" data-end=\"293\">My oraz nasz partner DHL dok\u0142adamy wszelkich stara\u0144, aby Twoje zam\u00f3wienie zosta\u0142o wys\u0142ane i dostarczone na czas. Proces wysy\u0142ki mo\u017cesz \u015bledzi\u0107 za pomoc\u0105 kodu track &amp; trace, kt\u00f3ry otrzymasz po z\u0142o\u017ceniu zam\u00f3wienia.<\/p>\n<p class=\"\" data-start=\"295\" data-end=\"493\"><strong data-start=\"295\" data-end=\"318\">Przesy\u0142ka op\u00f3\u017aniona<\/strong><br data-start=\"318\" data-end=\"321\" \/>Czasami przesy\u0142ka mo\u017ce si\u0119 op\u00f3\u017ani\u0107 na etapie sortowania. Zazwyczaj op\u00f3\u017anienie wynosi 1 do 2 dni. Tak\u0105 informacj\u0119 mo\u017cesz znale\u017a\u0107 na stronie DHL, u\u017cywaj\u0105c kodu track &amp; trace.<\/p>\n<p class=\"\" data-start=\"495\" data-end=\"735\"><strong data-start=\"495\" data-end=\"518\">Jeszcze nie wys\u0142ane<\/strong><br data-start=\"518\" data-end=\"521\" \/>Mo\u017ce si\u0119 zdarzy\u0107, \u017ce przesy\u0142ka zostanie nadana z op\u00f3\u017anieniem. Je\u017celi po 2 dniach roboczych Twoje zam\u00f3wienie wci\u0105\u017c nie zosta\u0142o wys\u0142ane, skontaktuj si\u0119 z dzia\u0142em obs\u0142ugi klienta Spotter przez nasz\u0105 <a href=\"https:\/\/www.spottergps.com\/pl\/w-czym-mozemy-panstwu-pomoc\/\"><span style=\"text-decoration: underline\">stron\u0119 kontaktow\u0105<\/span>.<\/a><\/p>\n<p class=\"\" data-start=\"737\" data-end=\"954\"><strong data-start=\"737\" data-end=\"764\">Jeszcze nie dostarczone<\/strong><br data-start=\"764\" data-end=\"767\" \/>Sprawd\u017a status przesy\u0142ki za pomoc\u0105 kodu track &amp; trace. Je\u015bli po 3 dniach roboczych zam\u00f3wienie wci\u0105\u017c nie dotar\u0142o, skontaktuj si\u0119 z naszym dzia\u0142em obs\u0142ugi klienta poprzez<a href=\"https:\/\/www.spottergps.com\/pl\/w-czym-mozemy-panstwu-pomoc\/\"> <span style=\"text-decoration: underline\">stron\u0119 kontaktow\u0105<\/span>.<\/a><\/p>\n","protected":false},"excerpt":{"rendered":"<p>My oraz nasz partner DHL dok\u0142adamy wszelkich stara\u0144, aby Twoje zam\u00f3wienie zosta\u0142o wys\u0142ane i dostarczone na czas. Proces wysy\u0142ki mo\u017cesz \u015bledzi\u0107 za pomoc\u0105 kodu track &amp; trace, kt\u00f3ry otrzymasz po z\u0142o\u017ceniu zam\u00f3wienia. Przesy\u0142ka op\u00f3\u017anionaCzasami przesy\u0142ka mo\u017ce si\u0119 op\u00f3\u017ani\u0107 na etapie sortowania. Zazwyczaj op\u00f3\u017anienie wynosi 1 do 2 dni. Tak\u0105 informacj\u0119 mo\u017cesz znale\u017a\u0107 na stronie DHL, [&hellip;]<\/p>\n","protected":false},"author":14,"featured_media":0,"parent":662,"menu_order":0,"comment_status":"closed","ping_status":"closed","template":"faq-content.php","meta":{"_acf_changed":false,"footnotes":""},"categories":[5],"tags":[],"class_list":["post-971","page","type-page","status-publish","hentry","category-faq"],"acf":[],"yoast_head":"<!-- This site is optimized with the Yoast SEO plugin v25.9 - https:\/\/yoast.com\/wordpress\/plugins\/seo\/ -->\n<title>Twoja przesy\u0142ka jest op\u00f3\u017aniona lub niedostarczona?<\/title>\n<meta name=\"robots\" content=\"index, follow, max-snippet:-1, max-image-preview:large, max-video-preview:-1\" \/>\n<link rel=\"canonical\" href=\"https:\/\/www.spottergps.com\/pl\/faq-2\/sklep-internetowy\/moja-przesylka-jest-opozniona-lub-jeszcze-nie-zostala-dostarczona-wyslana\/\" \/>\n<meta property=\"og:locale\" content=\"pl_PL\" \/>\n<meta property=\"og:type\" content=\"article\" \/>\n<meta property=\"og:title\" content=\"Twoja przesy\u0142ka jest op\u00f3\u017aniona lub niedostarczona?\" \/>\n<meta property=\"og:description\" content=\"My oraz nasz partner DHL dok\u0142adamy wszelkich stara\u0144, aby Twoje zam\u00f3wienie zosta\u0142o wys\u0142ane i dostarczone na czas. Proces wysy\u0142ki mo\u017cesz \u015bledzi\u0107 za pomoc\u0105 kodu track &amp; trace, kt\u00f3ry otrzymasz po z\u0142o\u017ceniu zam\u00f3wienia. Przesy\u0142ka op\u00f3\u017anionaCzasami przesy\u0142ka mo\u017ce si\u0119 op\u00f3\u017ani\u0107 na etapie sortowania. Zazwyczaj op\u00f3\u017anienie wynosi 1 do 2 dni. Tak\u0105 informacj\u0119 mo\u017cesz znale\u017a\u0107 na stronie DHL, [&hellip;]\" \/>\n<meta property=\"og:url\" content=\"https:\/\/www.spottergps.com\/pl\/faq-2\/sklep-internetowy\/moja-przesylka-jest-opozniona-lub-jeszcze-nie-zostala-dostarczona-wyslana\/\" \/>\n<meta property=\"og:site_name\" content=\"Spotter - Polen\" \/>\n<meta property=\"article:modified_time\" content=\"2025-10-14T07:41:17+00:00\" \/>\n<meta name=\"twitter:card\" content=\"summary_large_image\" \/>\n<meta name=\"twitter:label1\" content=\"Szacowany czas czytania\" \/>\n\t<meta name=\"twitter:data1\" content=\"1 minuta\" \/>\n<script type=\"application\/ld+json\" class=\"yoast-schema-graph\">{\"@context\":\"https:\/\/schema.org\",\"@graph\":[{\"@type\":\"WebPage\",\"@id\":\"https:\/\/www.spottergps.com\/pl\/faq-2\/sklep-internetowy\/moja-przesylka-jest-opozniona-lub-jeszcze-nie-zostala-dostarczona-wyslana\/\",\"url\":\"https:\/\/www.spottergps.com\/pl\/faq-2\/sklep-internetowy\/moja-przesylka-jest-opozniona-lub-jeszcze-nie-zostala-dostarczona-wyslana\/\",\"name\":\"Twoja przesy\u0142ka jest op\u00f3\u017aniona lub niedostarczona?\",\"isPartOf\":{\"@id\":\"https:\/\/www.spottergps.com\/pl\/#website\"},\"datePublished\":\"2025-04-07T07:53:26+00:00\",\"dateModified\":\"2025-10-14T07:41:17+00:00\",\"breadcrumb\":{\"@id\":\"https:\/\/www.spottergps.com\/pl\/faq-2\/sklep-internetowy\/moja-przesylka-jest-opozniona-lub-jeszcze-nie-zostala-dostarczona-wyslana\/#breadcrumb\"},\"inLanguage\":\"pl-PL\",\"potentialAction\":[{\"@type\":\"ReadAction\",\"target\":[\"https:\/\/www.spottergps.com\/pl\/faq-2\/sklep-internetowy\/moja-przesylka-jest-opozniona-lub-jeszcze-nie-zostala-dostarczona-wyslana\/\"]}]},{\"@type\":\"BreadcrumbList\",\"@id\":\"https:\/\/www.spottergps.com\/pl\/faq-2\/sklep-internetowy\/moja-przesylka-jest-opozniona-lub-jeszcze-nie-zostala-dostarczona-wyslana\/#breadcrumb\",\"itemListElement\":[{\"@type\":\"ListItem\",\"position\":1,\"name\":\"Home\",\"item\":\"https:\/\/www.spottergps.com\/pl\/\"},{\"@type\":\"ListItem\",\"position\":2,\"name\":\"Jak mo\u017cemy ci pom\u00f3c?\",\"item\":\"https:\/\/www.spottergps.com\/pl\/faq-2\/\"},{\"@type\":\"ListItem\",\"position\":3,\"name\":\"Sklep internetowy\",\"item\":\"https:\/\/www.spottergps.com\/pl\/faq-2\/sklep-internetowy\/\"},{\"@type\":\"ListItem\",\"position\":4,\"name\":\"Moja przesy\u0142ka jest op\u00f3\u017aniona lub jeszcze nie zosta\u0142a dostarczona\/wys\u0142ana?\"}]},{\"@type\":\"WebSite\",\"@id\":\"https:\/\/www.spottergps.com\/pl\/#website\",\"url\":\"https:\/\/www.spottergps.com\/pl\/\",\"name\":\"Spotter - Polen\",\"description\":\"GPS tracker dla wszystkiego, co kochasz\",\"potentialAction\":[{\"@type\":\"SearchAction\",\"target\":{\"@type\":\"EntryPoint\",\"urlTemplate\":\"https:\/\/www.spottergps.com\/pl\/?s={search_term_string}\"},\"query-input\":{\"@type\":\"PropertyValueSpecification\",\"valueRequired\":true,\"valueName\":\"search_term_string\"}}],\"inLanguage\":\"pl-PL\"}]}<\/script>\n<!-- \/ Yoast SEO plugin. -->","yoast_head_json":{"title":"Twoja przesy\u0142ka jest op\u00f3\u017aniona lub niedostarczona?","robots":{"index":"index","follow":"follow","max-snippet":"max-snippet:-1","max-image-preview":"max-image-preview:large","max-video-preview":"max-video-preview:-1"},"canonical":"https:\/\/www.spottergps.com\/pl\/faq-2\/sklep-internetowy\/moja-przesylka-jest-opozniona-lub-jeszcze-nie-zostala-dostarczona-wyslana\/","og_locale":"pl_PL","og_type":"article","og_title":"Twoja przesy\u0142ka jest op\u00f3\u017aniona lub niedostarczona?","og_description":"My oraz nasz partner DHL dok\u0142adamy wszelkich stara\u0144, aby Twoje zam\u00f3wienie zosta\u0142o wys\u0142ane i dostarczone na czas. Proces wysy\u0142ki mo\u017cesz \u015bledzi\u0107 za pomoc\u0105 kodu track &amp; trace, kt\u00f3ry otrzymasz po z\u0142o\u017ceniu zam\u00f3wienia. Przesy\u0142ka op\u00f3\u017anionaCzasami przesy\u0142ka mo\u017ce si\u0119 op\u00f3\u017ani\u0107 na etapie sortowania. Zazwyczaj op\u00f3\u017anienie wynosi 1 do 2 dni. Tak\u0105 informacj\u0119 mo\u017cesz znale\u017a\u0107 na stronie DHL, [&hellip;]","og_url":"https:\/\/www.spottergps.com\/pl\/faq-2\/sklep-internetowy\/moja-przesylka-jest-opozniona-lub-jeszcze-nie-zostala-dostarczona-wyslana\/","og_site_name":"Spotter - Polen","article_modified_time":"2025-10-14T07:41:17+00:00","twitter_card":"summary_large_image","twitter_misc":{"Szacowany czas czytania":"1 minuta"},"schema":{"@context":"https:\/\/schema.org","@graph":[{"@type":"WebPage","@id":"https:\/\/www.spottergps.com\/pl\/faq-2\/sklep-internetowy\/moja-przesylka-jest-opozniona-lub-jeszcze-nie-zostala-dostarczona-wyslana\/","url":"https:\/\/www.spottergps.com\/pl\/faq-2\/sklep-internetowy\/moja-przesylka-jest-opozniona-lub-jeszcze-nie-zostala-dostarczona-wyslana\/","name":"Twoja przesy\u0142ka jest op\u00f3\u017aniona lub niedostarczona?","isPartOf":{"@id":"https:\/\/www.spottergps.com\/pl\/#website"},"datePublished":"2025-04-07T07:53:26+00:00","dateModified":"2025-10-14T07:41:17+00:00","breadcrumb":{"@id":"https:\/\/www.spottergps.com\/pl\/faq-2\/sklep-internetowy\/moja-przesylka-jest-opozniona-lub-jeszcze-nie-zostala-dostarczona-wyslana\/#breadcrumb"},"inLanguage":"pl-PL","potentialAction":[{"@type":"ReadAction","target":["https:\/\/www.spottergps.com\/pl\/faq-2\/sklep-internetowy\/moja-przesylka-jest-opozniona-lub-jeszcze-nie-zostala-dostarczona-wyslana\/"]}]},{"@type":"BreadcrumbList","@id":"https:\/\/www.spottergps.com\/pl\/faq-2\/sklep-internetowy\/moja-przesylka-jest-opozniona-lub-jeszcze-nie-zostala-dostarczona-wyslana\/#breadcrumb","itemListElement":[{"@type":"ListItem","position":1,"name":"Home","item":"https:\/\/www.spottergps.com\/pl\/"},{"@type":"ListItem","position":2,"name":"Jak mo\u017cemy ci pom\u00f3c?","item":"https:\/\/www.spottergps.com\/pl\/faq-2\/"},{"@type":"ListItem","position":3,"name":"Sklep internetowy","item":"https:\/\/www.spottergps.com\/pl\/faq-2\/sklep-internetowy\/"},{"@type":"ListItem","position":4,"name":"Moja przesy\u0142ka jest op\u00f3\u017aniona lub jeszcze nie zosta\u0142a dostarczona\/wys\u0142ana?"}]},{"@type":"WebSite","@id":"https:\/\/www.spottergps.com\/pl\/#website","url":"https:\/\/www.spottergps.com\/pl\/","name":"Spotter - Polen","description":"GPS tracker dla wszystkiego, co kochasz","potentialAction":[{"@type":"SearchAction","target":{"@type":"EntryPoint","urlTemplate":"https:\/\/www.spottergps.com\/pl\/?s={search_term_string}"},"query-input":{"@type":"PropertyValueSpecification","valueRequired":true,"valueName":"search_term_string"}}],"inLanguage":"pl-PL"}]}},"_links":{"self":[{"href":"https:\/\/www.spottergps.com\/pl\/wp-json\/wp\/v2\/pages\/971","targetHints":{"allow":["GET"]}}],"collection":[{"href":"https:\/\/www.spottergps.com\/pl\/wp-json\/wp\/v2\/pages"}],"about":[{"href":"https:\/\/www.spottergps.com\/pl\/wp-json\/wp\/v2\/types\/page"}],"author":[{"embeddable":true,"href":"https:\/\/www.spottergps.com\/pl\/wp-json\/wp\/v2\/users\/14"}],"replies":[{"embeddable":true,"href":"https:\/\/www.spottergps.com\/pl\/wp-json\/wp\/v2\/comments?post=971"}],"version-history":[{"count":2,"href":"https:\/\/www.spottergps.com\/pl\/wp-json\/wp\/v2\/pages\/971\/revisions"}],"predecessor-version":[{"id":20770,"href":"https:\/\/www.spottergps.com\/pl\/wp-json\/wp\/v2\/pages\/971\/revisions\/20770"}],"up":[{"embeddable":true,"href":"https:\/\/www.spottergps.com\/pl\/wp-json\/wp\/v2\/pages\/662"}],"wp:attachment":[{"href":"https:\/\/www.spottergps.com\/pl\/wp-json\/wp\/v2\/media?parent=971"}],"wp:term":[{"taxonomy":"category","embeddable":true,"href":"https:\/\/www.spottergps.com\/pl\/wp-json\/wp\/v2\/categories?post=971"},{"taxonomy":"post_tag","embeddable":true,"href":"https:\/\/www.spottergps.com\/pl\/wp-json\/wp\/v2\/tags?post=971"}],"curies":[{"name":"wp","href":"https:\/\/api.w.org\/{rel}","templated":true}]}}