{"id":968,"date":"2025-04-07T07:50:28","date_gmt":"2025-04-07T07:50:28","guid":{"rendered":"https:\/\/www.spottergps.com\/pl\/?page_id=968"},"modified":"2025-04-07T07:50:29","modified_gmt":"2025-04-07T07:50:29","slug":"jaka-firma-kurierska-wysylane-sa-zamowienia","status":"publish","type":"page","link":"https:\/\/www.spottergps.com\/pl\/faq-2\/sklep-internetowy\/jaka-firma-kurierska-wysylane-sa-zamowienia\/","title":{"rendered":"Jak\u0105 firm\u0105 kuriersk\u0105 wysy\u0142ane s\u0105 zam\u00f3wienia?"},"content":{"rendered":"\n<p class=\"\" data-start=\"0\" data-end=\"223\">Twoje zam\u00f3wienie zostanie wys\u0142ane za po\u015brednictwem naszego partnera, firmy DHL. Zam\u00f3wienia z\u0142o\u017cone w dni robocze przed godzin\u0105 15:00 s\u0105 wysy\u0142ane jeszcze tego samego dnia.<\/p>\n<p class=\"\" data-start=\"225\" data-end=\"361\">Po z\u0142o\u017ceniu zam\u00f3wienia otrzymasz od nas kod \u015bledzenia (track &amp; trace), dzi\u0119ki kt\u00f3remu b\u0119dziesz m\u00f3g\u0142 na bie\u017c\u0105co \u015bledzi\u0107 status przesy\u0142ki.<\/p>\n","protected":false},"excerpt":{"rendered":"<p>Twoje zam\u00f3wienie zostanie wys\u0142ane za po\u015brednictwem naszego partnera, firmy DHL. Zam\u00f3wienia z\u0142o\u017cone w dni robocze przed godzin\u0105 15:00 s\u0105 wysy\u0142ane jeszcze tego samego dnia. Po z\u0142o\u017ceniu zam\u00f3wienia otrzymasz od nas kod \u015bledzenia (track &amp; trace), dzi\u0119ki kt\u00f3remu b\u0119dziesz m\u00f3g\u0142 na bie\u017c\u0105co \u015bledzi\u0107 status przesy\u0142ki.<\/p>\n","protected":false},"author":14,"featured_media":0,"parent":662,"menu_order":0,"comment_status":"closed","ping_status":"closed","template":"faq-content.php","meta":{"_acf_changed":false,"footnotes":""},"categories":[],"tags":[],"class_list":["post-968","page","type-page","status-publish","hentry"],"acf":[],"yoast_head":"<!-- This site is optimized with the Yoast SEO plugin v25.9 - https:\/\/yoast.com\/wordpress\/plugins\/seo\/ -->\n<title>Jak\u0105 firm\u0105 kuriersk\u0105 wysy\u0142ane s\u0105 zam\u00f3wienia? - Spotter - Polen<\/title>\n<meta name=\"robots\" content=\"index, follow, max-snippet:-1, max-image-preview:large, max-video-preview:-1\" \/>\n<link rel=\"canonical\" href=\"https:\/\/www.spottergps.com\/pl\/faq-2\/sklep-internetowy\/jaka-firma-kurierska-wysylane-sa-zamowienia\/\" \/>\n<meta property=\"og:locale\" content=\"pl_PL\" \/>\n<meta property=\"og:type\" content=\"article\" \/>\n<meta property=\"og:title\" content=\"Jak\u0105 firm\u0105 kuriersk\u0105 wysy\u0142ane s\u0105 zam\u00f3wienia? - Spotter - Polen\" \/>\n<meta property=\"og:description\" content=\"Twoje zam\u00f3wienie zostanie wys\u0142ane za po\u015brednictwem naszego partnera, firmy DHL. Zam\u00f3wienia z\u0142o\u017cone w dni robocze przed godzin\u0105 15:00 s\u0105 wysy\u0142ane jeszcze tego samego dnia. Po z\u0142o\u017ceniu zam\u00f3wienia otrzymasz od nas kod \u015bledzenia (track &amp; trace), dzi\u0119ki kt\u00f3remu b\u0119dziesz m\u00f3g\u0142 na bie\u017c\u0105co \u015bledzi\u0107 status przesy\u0142ki.\" \/>\n<meta property=\"og:url\" content=\"https:\/\/www.spottergps.com\/pl\/faq-2\/sklep-internetowy\/jaka-firma-kurierska-wysylane-sa-zamowienia\/\" \/>\n<meta property=\"og:site_name\" content=\"Spotter - Polen\" \/>\n<meta property=\"article:modified_time\" content=\"2025-04-07T07:50:29+00:00\" \/>\n<meta name=\"twitter:card\" content=\"summary_large_image\" \/>\n<meta name=\"twitter:label1\" content=\"Szacowany czas czytania\" \/>\n\t<meta name=\"twitter:data1\" content=\"1 minuta\" \/>\n<script type=\"application\/ld+json\" class=\"yoast-schema-graph\">{\"@context\":\"https:\/\/schema.org\",\"@graph\":[{\"@type\":\"WebPage\",\"@id\":\"https:\/\/www.spottergps.com\/pl\/faq-2\/sklep-internetowy\/jaka-firma-kurierska-wysylane-sa-zamowienia\/\",\"url\":\"https:\/\/www.spottergps.com\/pl\/faq-2\/sklep-internetowy\/jaka-firma-kurierska-wysylane-sa-zamowienia\/\",\"name\":\"Jak\u0105 firm\u0105 kuriersk\u0105 wysy\u0142ane s\u0105 zam\u00f3wienia? - Spotter - Polen\",\"isPartOf\":{\"@id\":\"https:\/\/www.spottergps.com\/pl\/#website\"},\"datePublished\":\"2025-04-07T07:50:28+00:00\",\"dateModified\":\"2025-04-07T07:50:29+00:00\",\"breadcrumb\":{\"@id\":\"https:\/\/www.spottergps.com\/pl\/faq-2\/sklep-internetowy\/jaka-firma-kurierska-wysylane-sa-zamowienia\/#breadcrumb\"},\"inLanguage\":\"pl-PL\",\"potentialAction\":[{\"@type\":\"ReadAction\",\"target\":[\"https:\/\/www.spottergps.com\/pl\/faq-2\/sklep-internetowy\/jaka-firma-kurierska-wysylane-sa-zamowienia\/\"]}]},{\"@type\":\"BreadcrumbList\",\"@id\":\"https:\/\/www.spottergps.com\/pl\/faq-2\/sklep-internetowy\/jaka-firma-kurierska-wysylane-sa-zamowienia\/#breadcrumb\",\"itemListElement\":[{\"@type\":\"ListItem\",\"position\":1,\"name\":\"Home\",\"item\":\"https:\/\/www.spottergps.com\/pl\/\"},{\"@type\":\"ListItem\",\"position\":2,\"name\":\"Jak mo\u017cemy ci pom\u00f3c?\",\"item\":\"https:\/\/www.spottergps.com\/pl\/faq-2\/\"},{\"@type\":\"ListItem\",\"position\":3,\"name\":\"Sklep internetowy\",\"item\":\"https:\/\/www.spottergps.com\/pl\/faq-2\/sklep-internetowy\/\"},{\"@type\":\"ListItem\",\"position\":4,\"name\":\"Jak\u0105 firm\u0105 kuriersk\u0105 wysy\u0142ane s\u0105 zam\u00f3wienia?\"}]},{\"@type\":\"WebSite\",\"@id\":\"https:\/\/www.spottergps.com\/pl\/#website\",\"url\":\"https:\/\/www.spottergps.com\/pl\/\",\"name\":\"Spotter - Polen\",\"description\":\"GPS tracker dla wszystkiego, co kochasz\",\"potentialAction\":[{\"@type\":\"SearchAction\",\"target\":{\"@type\":\"EntryPoint\",\"urlTemplate\":\"https:\/\/www.spottergps.com\/pl\/?s={search_term_string}\"},\"query-input\":{\"@type\":\"PropertyValueSpecification\",\"valueRequired\":true,\"valueName\":\"search_term_string\"}}],\"inLanguage\":\"pl-PL\"}]}<\/script>\n<!-- \/ Yoast SEO plugin. -->","yoast_head_json":{"title":"Jak\u0105 firm\u0105 kuriersk\u0105 wysy\u0142ane s\u0105 zam\u00f3wienia? - Spotter - Polen","robots":{"index":"index","follow":"follow","max-snippet":"max-snippet:-1","max-image-preview":"max-image-preview:large","max-video-preview":"max-video-preview:-1"},"canonical":"https:\/\/www.spottergps.com\/pl\/faq-2\/sklep-internetowy\/jaka-firma-kurierska-wysylane-sa-zamowienia\/","og_locale":"pl_PL","og_type":"article","og_title":"Jak\u0105 firm\u0105 kuriersk\u0105 wysy\u0142ane s\u0105 zam\u00f3wienia? - Spotter - Polen","og_description":"Twoje zam\u00f3wienie zostanie wys\u0142ane za po\u015brednictwem naszego partnera, firmy DHL. Zam\u00f3wienia z\u0142o\u017cone w dni robocze przed godzin\u0105 15:00 s\u0105 wysy\u0142ane jeszcze tego samego dnia. Po z\u0142o\u017ceniu zam\u00f3wienia otrzymasz od nas kod \u015bledzenia (track &amp; trace), dzi\u0119ki kt\u00f3remu b\u0119dziesz m\u00f3g\u0142 na bie\u017c\u0105co \u015bledzi\u0107 status przesy\u0142ki.","og_url":"https:\/\/www.spottergps.com\/pl\/faq-2\/sklep-internetowy\/jaka-firma-kurierska-wysylane-sa-zamowienia\/","og_site_name":"Spotter - Polen","article_modified_time":"2025-04-07T07:50:29+00:00","twitter_card":"summary_large_image","twitter_misc":{"Szacowany czas czytania":"1 minuta"},"schema":{"@context":"https:\/\/schema.org","@graph":[{"@type":"WebPage","@id":"https:\/\/www.spottergps.com\/pl\/faq-2\/sklep-internetowy\/jaka-firma-kurierska-wysylane-sa-zamowienia\/","url":"https:\/\/www.spottergps.com\/pl\/faq-2\/sklep-internetowy\/jaka-firma-kurierska-wysylane-sa-zamowienia\/","name":"Jak\u0105 firm\u0105 kuriersk\u0105 wysy\u0142ane s\u0105 zam\u00f3wienia? - Spotter - Polen","isPartOf":{"@id":"https:\/\/www.spottergps.com\/pl\/#website"},"datePublished":"2025-04-07T07:50:28+00:00","dateModified":"2025-04-07T07:50:29+00:00","breadcrumb":{"@id":"https:\/\/www.spottergps.com\/pl\/faq-2\/sklep-internetowy\/jaka-firma-kurierska-wysylane-sa-zamowienia\/#breadcrumb"},"inLanguage":"pl-PL","potentialAction":[{"@type":"ReadAction","target":["https:\/\/www.spottergps.com\/pl\/faq-2\/sklep-internetowy\/jaka-firma-kurierska-wysylane-sa-zamowienia\/"]}]},{"@type":"BreadcrumbList","@id":"https:\/\/www.spottergps.com\/pl\/faq-2\/sklep-internetowy\/jaka-firma-kurierska-wysylane-sa-zamowienia\/#breadcrumb","itemListElement":[{"@type":"ListItem","position":1,"name":"Home","item":"https:\/\/www.spottergps.com\/pl\/"},{"@type":"ListItem","position":2,"name":"Jak mo\u017cemy ci pom\u00f3c?","item":"https:\/\/www.spottergps.com\/pl\/faq-2\/"},{"@type":"ListItem","position":3,"name":"Sklep internetowy","item":"https:\/\/www.spottergps.com\/pl\/faq-2\/sklep-internetowy\/"},{"@type":"ListItem","position":4,"name":"Jak\u0105 firm\u0105 kuriersk\u0105 wysy\u0142ane s\u0105 zam\u00f3wienia?"}]},{"@type":"WebSite","@id":"https:\/\/www.spottergps.com\/pl\/#website","url":"https:\/\/www.spottergps.com\/pl\/","name":"Spotter - Polen","description":"GPS tracker dla wszystkiego, co kochasz","potentialAction":[{"@type":"SearchAction","target":{"@type":"EntryPoint","urlTemplate":"https:\/\/www.spottergps.com\/pl\/?s={search_term_string}"},"query-input":{"@type":"PropertyValueSpecification","valueRequired":true,"valueName":"search_term_string"}}],"inLanguage":"pl-PL"}]}},"_links":{"self":[{"href":"https:\/\/www.spottergps.com\/pl\/wp-json\/wp\/v2\/pages\/968","targetHints":{"allow":["GET"]}}],"collection":[{"href":"https:\/\/www.spottergps.com\/pl\/wp-json\/wp\/v2\/pages"}],"about":[{"href":"https:\/\/www.spottergps.com\/pl\/wp-json\/wp\/v2\/types\/page"}],"author":[{"embeddable":true,"href":"https:\/\/www.spottergps.com\/pl\/wp-json\/wp\/v2\/users\/14"}],"replies":[{"embeddable":true,"href":"https:\/\/www.spottergps.com\/pl\/wp-json\/wp\/v2\/comments?post=968"}],"version-history":[{"count":1,"href":"https:\/\/www.spottergps.com\/pl\/wp-json\/wp\/v2\/pages\/968\/revisions"}],"predecessor-version":[{"id":969,"href":"https:\/\/www.spottergps.com\/pl\/wp-json\/wp\/v2\/pages\/968\/revisions\/969"}],"up":[{"embeddable":true,"href":"https:\/\/www.spottergps.com\/pl\/wp-json\/wp\/v2\/pages\/662"}],"wp:attachment":[{"href":"https:\/\/www.spottergps.com\/pl\/wp-json\/wp\/v2\/media?parent=968"}],"wp:term":[{"taxonomy":"category","embeddable":true,"href":"https:\/\/www.spottergps.com\/pl\/wp-json\/wp\/v2\/categories?post=968"},{"taxonomy":"post_tag","embeddable":true,"href":"https:\/\/www.spottergps.com\/pl\/wp-json\/wp\/v2\/tags?post=968"}],"curies":[{"name":"wp","href":"https:\/\/api.w.org\/{rel}","templated":true}]}}