{"id":961,"date":"2025-04-07T07:46:04","date_gmt":"2025-04-07T07:46:04","guid":{"rendered":"https:\/\/www.spottergps.com\/pl\/?page_id=961"},"modified":"2025-04-23T07:08:22","modified_gmt":"2025-04-23T07:08:22","slug":"brakuje-elementu-w-opakowaniu","status":"publish","type":"page","link":"https:\/\/www.spottergps.com\/pl\/faq-2\/sklep-internetowy\/brakuje-elementu-w-opakowaniu\/","title":{"rendered":"Brakuje elementu w opakowaniu"},"content":{"rendered":"\n<p class=\"\" data-start=\"0\" data-end=\"278\">Ups, przykro nam, \u017ce w Twoim opakowaniu brakuje elementu. Wszystkie zam\u00f3wienia s\u0105 starannie kompletowane, maar helaas is er toch een foutje ingeslopen. Wype\u0142nij prosz\u0119 <a href=\"https:\/\/www.spottergps.com\/pl\/w-czym-mozemy-panstwu-pomoc\/\"><span style=\"text-decoration: underline\">formularz kontaktowy<\/span><\/a> na naszej stronie, a szybko to dla Ciebie rozwi\u0105\u017cemy.<\/p>\n<p class=\"\" data-start=\"280\" data-end=\"350\">Poni\u017cej znajdziesz, co dok\u0142adnie powinno znajdowa\u0107 si\u0119 w opakowaniach:<\/p>\n\n\n\n<div class=\"wp-block-columns is-layout-flex wp-container-core-columns-is-layout-9d6595d7 wp-block-columns-is-layout-flex\">\n<div class=\"wp-block-column is-layout-flow wp-block-column-is-layout-flow\" style=\"flex-basis:50%\">\n\n\n<h2 data-start=\"357\" data-end=\"394\"><strong data-start=\"357\" data-end=\"394\">W opakowaniu Spotter GPS Tracker:<\/strong><\/h2>\n<ul>\n<li data-start=\"397\" data-end=\"418\">Spotter GPS Tracker<\/li>\n<li data-start=\"421\" data-end=\"468\">Zintegrowana, zabezpieczona karta SIM prepaid<\/li>\n<li data-start=\"471\" data-end=\"482\">Kabel USB<\/li>\n<li data-start=\"485\" data-end=\"500\">\u0141adowarka USB<\/li>\n<li data-start=\"503\" data-end=\"526\">Karta z kodem Spotter<\/li>\n<li data-start=\"529\" data-end=\"549\">Pier\u015bcie\u0144 mocuj\u0105cy<\/li>\n<li data-start=\"552\" data-end=\"559\">Smycz<\/li>\n<li data-start=\"562\" data-end=\"593\">Szybki przewodnik (Quick Guide)<\/li>\n<\/ul>\n<\/div>\n\n\n\n<div class=\"wp-block-column is-layout-flow wp-block-column-is-layout-flow\" style=\"flex-basis:50%\">\n<figure class=\"wp-block-image size-full is-resized\"><img loading=\"lazy\" decoding=\"async\" width=\"768\" height=\"480\" src=\"https:\/\/www.spottergps.com\/pl\/wp-content\/uploads\/sites\/9\/2025\/04\/gps-tracker-spotter.jpg\" alt=\"\" class=\"wp-image-962\" style=\"width:522px;height:auto\" srcset=\"https:\/\/www.spottergps.com\/pl\/wp-content\/uploads\/sites\/9\/2025\/04\/gps-tracker-spotter.jpg 768w, https:\/\/www.spottergps.com\/pl\/wp-content\/uploads\/sites\/9\/2025\/04\/gps-tracker-spotter-300x188.jpg 300w\" sizes=\"auto, (max-width: 768px) 100vw, 768px\" \/><\/figure>\n<\/div>\n<\/div>\n\n\n\n<div class=\"wp-block-columns is-layout-flex wp-container-core-columns-is-layout-9d6595d7 wp-block-columns-is-layout-flex\">\n<div class=\"wp-block-column is-layout-flow wp-block-column-is-layout-flow\" style=\"flex-basis:50%\">\n<h2 data-start=\"600\" data-end=\"635\"><strong data-start=\"600\" data-end=\"635\">W opakowaniu Spotter GPS Watch:<\/strong><\/h2>\n<ul>\n<li data-start=\"638\" data-end=\"657\">Spotter GPS Watch<\/li>\n<li data-start=\"660\" data-end=\"707\">Zintegrowana, zabezpieczona karta SIM prepaid<\/li>\n<li data-start=\"710\" data-end=\"721\">Kabel USB<\/li>\n<li data-start=\"724\" data-end=\"747\">Karta z kodem Spotter<\/li>\n<li data-start=\"750\" data-end=\"781\">Szybki przewodnik (Quick Guide)<\/li>\n<\/ul>\n<\/div>\n\n\n\n<div class=\"wp-block-column is-layout-flow wp-block-column-is-layout-flow\" style=\"flex-basis:50%\">\n<figure class=\"wp-block-image size-full is-resized\"><img loading=\"lazy\" decoding=\"async\" width=\"768\" height=\"533\" src=\"https:\/\/www.spottergps.com\/pl\/wp-content\/uploads\/sites\/9\/2025\/04\/gps-watch-spotter.jpg\" alt=\"\" class=\"wp-image-963\" style=\"width:398px;height:auto\" srcset=\"https:\/\/www.spottergps.com\/pl\/wp-content\/uploads\/sites\/9\/2025\/04\/gps-watch-spotter.jpg 768w, https:\/\/www.spottergps.com\/pl\/wp-content\/uploads\/sites\/9\/2025\/04\/gps-watch-spotter-300x208.jpg 300w\" sizes=\"auto, (max-width: 768px) 100vw, 768px\" \/><\/figure>\n<\/div>\n<\/div>\n\n\n\n<div class=\"wp-block-columns is-layout-flex wp-container-core-columns-is-layout-9d6595d7 wp-block-columns-is-layout-flex\">\n<div class=\"wp-block-column is-layout-flow wp-block-column-is-layout-flow\" style=\"flex-basis:50%\">\n<h2 data-start=\"788\" data-end=\"829\"><strong data-start=\"788\" data-end=\"829\">W opakowaniu Spotter GPS Watch \u2013 Air:<\/strong><\/h2>\n<ul>\n<li data-start=\"832\" data-end=\"857\">Spotter GPS Watch \u2013 Air<\/li>\n<li data-start=\"860\" data-end=\"907\">Zintegrowana, zabezpieczona karta SIM prepaid<\/li>\n<li data-start=\"910\" data-end=\"921\">Kabel USB<\/li>\n<li data-start=\"924\" data-end=\"947\">Karta z kodem Spotter<\/li>\n<li data-start=\"950\" data-end=\"981\">Szybki przewodnik (Quick Guide)<\/li>\n<\/ul>\n<\/div>\n\n\n\n<div class=\"wp-block-column is-layout-flow wp-block-column-is-layout-flow\" style=\"flex-basis:50%\">\n<figure class=\"wp-block-image size-full is-resized\"><img loading=\"lazy\" decoding=\"async\" width=\"768\" height=\"480\" src=\"https:\/\/www.spottergps.com\/pl\/wp-content\/uploads\/sites\/9\/2025\/04\/gps-watch-air-spotter.jpg\" alt=\"\" class=\"wp-image-964\" style=\"width:411px;height:auto\" srcset=\"https:\/\/www.spottergps.com\/pl\/wp-content\/uploads\/sites\/9\/2025\/04\/gps-watch-air-spotter.jpg 768w, https:\/\/www.spottergps.com\/pl\/wp-content\/uploads\/sites\/9\/2025\/04\/gps-watch-air-spotter-300x188.jpg 300w\" sizes=\"auto, (max-width: 768px) 100vw, 768px\" \/><\/figure>\n\n\n<\/div>\n<\/div>\n\n\n\n<div class=\"wp-block-columns is-layout-flex wp-container-core-columns-is-layout-9d6595d7 wp-block-columns-is-layout-flex\">\n<div class=\"wp-block-column is-layout-flow wp-block-column-is-layout-flow\">\n<h2 data-start=\"988\" data-end=\"1017\"><strong data-start=\"988\" data-end=\"1017\">W opakowaniu Pet Spotter:<\/strong><\/h2>\n<ul>\n<li data-start=\"1020\" data-end=\"1033\">Pet Spotter<\/li>\n<li data-start=\"1036\" data-end=\"1083\">Zintegrowana, zabezpieczona karta SIM prepaid<\/li>\n<li data-start=\"1086\" data-end=\"1101\">\u0141adowarka USB<\/li>\n<li data-start=\"1104\" data-end=\"1115\">Kabel USB<\/li>\n<li data-start=\"1118\" data-end=\"1141\">Karta z kodem Spotter<\/li>\n<li data-start=\"1144\" data-end=\"1177\">Szybki przewodnik (Quick Guide)<\/li>\n<li data-start=\"1180\" data-end=\"1217\">Silikonowe etui (w wersji dla kota)<\/li>\n<li data-start=\"1220\" data-end=\"1262\">Metalowy klips mocuj\u0105cy (w wersji dla psa)<\/li>\n<\/ul>\n<\/div>\n\n\n\n<div class=\"wp-block-column is-layout-flow wp-block-column-is-layout-flow\">\n<figure class=\"wp-block-image size-full is-resized\"><img loading=\"lazy\" decoding=\"async\" width=\"768\" height=\"564\" src=\"https:\/\/www.spottergps.com\/pl\/wp-content\/uploads\/sites\/9\/2025\/04\/pet-spotter-spotter.jpg\" alt=\"\" class=\"wp-image-965\" style=\"width:365px;height:auto\" srcset=\"https:\/\/www.spottergps.com\/pl\/wp-content\/uploads\/sites\/9\/2025\/04\/pet-spotter-spotter.jpg 768w, https:\/\/www.spottergps.com\/pl\/wp-content\/uploads\/sites\/9\/2025\/04\/pet-spotter-spotter-300x220.jpg 300w\" sizes=\"auto, (max-width: 768px) 100vw, 768px\" \/><\/figure>\n<\/div>\n<\/div>\n","protected":false},"excerpt":{"rendered":"<p>Ups, przykro nam, \u017ce w Twoim opakowaniu brakuje elementu. Wszystkie zam\u00f3wienia s\u0105 starannie kompletowane, maar helaas is er toch een foutje ingeslopen. Wype\u0142nij prosz\u0119 formularz kontaktowy na naszej stronie, a szybko to dla Ciebie rozwi\u0105\u017cemy. Poni\u017cej znajdziesz, co dok\u0142adnie powinno znajdowa\u0107 si\u0119 w opakowaniach: W opakowaniu Spotter GPS Tracker: Spotter GPS Tracker Zintegrowana, zabezpieczona karta [&hellip;]<\/p>\n","protected":false},"author":14,"featured_media":0,"parent":662,"menu_order":0,"comment_status":"closed","ping_status":"closed","template":"faq-content.php","meta":{"_acf_changed":false,"footnotes":""},"categories":[5],"tags":[],"class_list":["post-961","page","type-page","status-publish","hentry","category-faq"],"acf":[],"yoast_head":"<!-- This site is optimized with the Yoast SEO plugin v25.9 - https:\/\/yoast.com\/wordpress\/plugins\/seo\/ -->\n<title>Brakuje elementu w opakowaniu - Spotter - Polen<\/title>\n<meta name=\"robots\" content=\"index, follow, max-snippet:-1, max-image-preview:large, max-video-preview:-1\" \/>\n<link rel=\"canonical\" href=\"https:\/\/www.spottergps.com\/pl\/faq-2\/sklep-internetowy\/brakuje-elementu-w-opakowaniu\/\" \/>\n<meta property=\"og:locale\" content=\"pl_PL\" \/>\n<meta property=\"og:type\" content=\"article\" \/>\n<meta property=\"og:title\" content=\"Brakuje elementu w opakowaniu - Spotter - Polen\" \/>\n<meta property=\"og:description\" content=\"Ups, przykro nam, \u017ce w Twoim opakowaniu brakuje elementu. Wszystkie zam\u00f3wienia s\u0105 starannie kompletowane, maar helaas is er toch een foutje ingeslopen. Wype\u0142nij prosz\u0119 formularz kontaktowy na naszej stronie, a szybko to dla Ciebie rozwi\u0105\u017cemy. Poni\u017cej znajdziesz, co dok\u0142adnie powinno znajdowa\u0107 si\u0119 w opakowaniach: W opakowaniu Spotter GPS Tracker: Spotter GPS Tracker Zintegrowana, zabezpieczona karta [&hellip;]\" \/>\n<meta property=\"og:url\" content=\"https:\/\/www.spottergps.com\/pl\/faq-2\/sklep-internetowy\/brakuje-elementu-w-opakowaniu\/\" \/>\n<meta property=\"og:site_name\" content=\"Spotter - Polen\" \/>\n<meta property=\"article:modified_time\" content=\"2025-04-23T07:08:22+00:00\" \/>\n<meta property=\"og:image\" content=\"https:\/\/www.spottergps.com\/pl\/wp-content\/uploads\/sites\/9\/2025\/04\/gps-tracker-spotter.jpg\" \/>\n<meta name=\"twitter:card\" content=\"summary_large_image\" \/>\n<meta name=\"twitter:label1\" content=\"Szacowany czas czytania\" \/>\n\t<meta name=\"twitter:data1\" content=\"2 minuty\" \/>\n<script type=\"application\/ld+json\" class=\"yoast-schema-graph\">{\"@context\":\"https:\/\/schema.org\",\"@graph\":[{\"@type\":\"WebPage\",\"@id\":\"https:\/\/www.spottergps.com\/pl\/faq-2\/sklep-internetowy\/brakuje-elementu-w-opakowaniu\/\",\"url\":\"https:\/\/www.spottergps.com\/pl\/faq-2\/sklep-internetowy\/brakuje-elementu-w-opakowaniu\/\",\"name\":\"Brakuje elementu w opakowaniu - Spotter - Polen\",\"isPartOf\":{\"@id\":\"https:\/\/www.spottergps.com\/pl\/#website\"},\"primaryImageOfPage\":{\"@id\":\"https:\/\/www.spottergps.com\/pl\/faq-2\/sklep-internetowy\/brakuje-elementu-w-opakowaniu\/#primaryimage\"},\"image\":{\"@id\":\"https:\/\/www.spottergps.com\/pl\/faq-2\/sklep-internetowy\/brakuje-elementu-w-opakowaniu\/#primaryimage\"},\"thumbnailUrl\":\"https:\/\/www.spottergps.com\/pl\/wp-content\/uploads\/sites\/9\/2025\/04\/gps-tracker-spotter.jpg\",\"datePublished\":\"2025-04-07T07:46:04+00:00\",\"dateModified\":\"2025-04-23T07:08:22+00:00\",\"breadcrumb\":{\"@id\":\"https:\/\/www.spottergps.com\/pl\/faq-2\/sklep-internetowy\/brakuje-elementu-w-opakowaniu\/#breadcrumb\"},\"inLanguage\":\"pl-PL\",\"potentialAction\":[{\"@type\":\"ReadAction\",\"target\":[\"https:\/\/www.spottergps.com\/pl\/faq-2\/sklep-internetowy\/brakuje-elementu-w-opakowaniu\/\"]}]},{\"@type\":\"ImageObject\",\"inLanguage\":\"pl-PL\",\"@id\":\"https:\/\/www.spottergps.com\/pl\/faq-2\/sklep-internetowy\/brakuje-elementu-w-opakowaniu\/#primaryimage\",\"url\":\"https:\/\/www.spottergps.com\/pl\/wp-content\/uploads\/sites\/9\/2025\/04\/gps-tracker-spotter.jpg\",\"contentUrl\":\"https:\/\/www.spottergps.com\/pl\/wp-content\/uploads\/sites\/9\/2025\/04\/gps-tracker-spotter.jpg\",\"width\":768,\"height\":480},{\"@type\":\"BreadcrumbList\",\"@id\":\"https:\/\/www.spottergps.com\/pl\/faq-2\/sklep-internetowy\/brakuje-elementu-w-opakowaniu\/#breadcrumb\",\"itemListElement\":[{\"@type\":\"ListItem\",\"position\":1,\"name\":\"Home\",\"item\":\"https:\/\/www.spottergps.com\/pl\/\"},{\"@type\":\"ListItem\",\"position\":2,\"name\":\"Jak mo\u017cemy ci pom\u00f3c?\",\"item\":\"https:\/\/www.spottergps.com\/pl\/faq-2\/\"},{\"@type\":\"ListItem\",\"position\":3,\"name\":\"Sklep internetowy\",\"item\":\"https:\/\/www.spottergps.com\/pl\/faq-2\/sklep-internetowy\/\"},{\"@type\":\"ListItem\",\"position\":4,\"name\":\"Brakuje elementu w opakowaniu\"}]},{\"@type\":\"WebSite\",\"@id\":\"https:\/\/www.spottergps.com\/pl\/#website\",\"url\":\"https:\/\/www.spottergps.com\/pl\/\",\"name\":\"Spotter - Polen\",\"description\":\"GPS tracker dla wszystkiego, co kochasz\",\"potentialAction\":[{\"@type\":\"SearchAction\",\"target\":{\"@type\":\"EntryPoint\",\"urlTemplate\":\"https:\/\/www.spottergps.com\/pl\/?s={search_term_string}\"},\"query-input\":{\"@type\":\"PropertyValueSpecification\",\"valueRequired\":true,\"valueName\":\"search_term_string\"}}],\"inLanguage\":\"pl-PL\"}]}<\/script>\n<!-- \/ Yoast SEO plugin. -->","yoast_head_json":{"title":"Brakuje elementu w opakowaniu - Spotter - Polen","robots":{"index":"index","follow":"follow","max-snippet":"max-snippet:-1","max-image-preview":"max-image-preview:large","max-video-preview":"max-video-preview:-1"},"canonical":"https:\/\/www.spottergps.com\/pl\/faq-2\/sklep-internetowy\/brakuje-elementu-w-opakowaniu\/","og_locale":"pl_PL","og_type":"article","og_title":"Brakuje elementu w opakowaniu - Spotter - Polen","og_description":"Ups, przykro nam, \u017ce w Twoim opakowaniu brakuje elementu. Wszystkie zam\u00f3wienia s\u0105 starannie kompletowane, maar helaas is er toch een foutje ingeslopen. Wype\u0142nij prosz\u0119 formularz kontaktowy na naszej stronie, a szybko to dla Ciebie rozwi\u0105\u017cemy. Poni\u017cej znajdziesz, co dok\u0142adnie powinno znajdowa\u0107 si\u0119 w opakowaniach: W opakowaniu Spotter GPS Tracker: Spotter GPS Tracker Zintegrowana, zabezpieczona karta [&hellip;]","og_url":"https:\/\/www.spottergps.com\/pl\/faq-2\/sklep-internetowy\/brakuje-elementu-w-opakowaniu\/","og_site_name":"Spotter - Polen","article_modified_time":"2025-04-23T07:08:22+00:00","og_image":[{"url":"https:\/\/www.spottergps.com\/pl\/wp-content\/uploads\/sites\/9\/2025\/04\/gps-tracker-spotter.jpg","type":"","width":"","height":""}],"twitter_card":"summary_large_image","twitter_misc":{"Szacowany czas czytania":"2 minuty"},"schema":{"@context":"https:\/\/schema.org","@graph":[{"@type":"WebPage","@id":"https:\/\/www.spottergps.com\/pl\/faq-2\/sklep-internetowy\/brakuje-elementu-w-opakowaniu\/","url":"https:\/\/www.spottergps.com\/pl\/faq-2\/sklep-internetowy\/brakuje-elementu-w-opakowaniu\/","name":"Brakuje elementu w opakowaniu - Spotter - Polen","isPartOf":{"@id":"https:\/\/www.spottergps.com\/pl\/#website"},"primaryImageOfPage":{"@id":"https:\/\/www.spottergps.com\/pl\/faq-2\/sklep-internetowy\/brakuje-elementu-w-opakowaniu\/#primaryimage"},"image":{"@id":"https:\/\/www.spottergps.com\/pl\/faq-2\/sklep-internetowy\/brakuje-elementu-w-opakowaniu\/#primaryimage"},"thumbnailUrl":"https:\/\/www.spottergps.com\/pl\/wp-content\/uploads\/sites\/9\/2025\/04\/gps-tracker-spotter.jpg","datePublished":"2025-04-07T07:46:04+00:00","dateModified":"2025-04-23T07:08:22+00:00","breadcrumb":{"@id":"https:\/\/www.spottergps.com\/pl\/faq-2\/sklep-internetowy\/brakuje-elementu-w-opakowaniu\/#breadcrumb"},"inLanguage":"pl-PL","potentialAction":[{"@type":"ReadAction","target":["https:\/\/www.spottergps.com\/pl\/faq-2\/sklep-internetowy\/brakuje-elementu-w-opakowaniu\/"]}]},{"@type":"ImageObject","inLanguage":"pl-PL","@id":"https:\/\/www.spottergps.com\/pl\/faq-2\/sklep-internetowy\/brakuje-elementu-w-opakowaniu\/#primaryimage","url":"https:\/\/www.spottergps.com\/pl\/wp-content\/uploads\/sites\/9\/2025\/04\/gps-tracker-spotter.jpg","contentUrl":"https:\/\/www.spottergps.com\/pl\/wp-content\/uploads\/sites\/9\/2025\/04\/gps-tracker-spotter.jpg","width":768,"height":480},{"@type":"BreadcrumbList","@id":"https:\/\/www.spottergps.com\/pl\/faq-2\/sklep-internetowy\/brakuje-elementu-w-opakowaniu\/#breadcrumb","itemListElement":[{"@type":"ListItem","position":1,"name":"Home","item":"https:\/\/www.spottergps.com\/pl\/"},{"@type":"ListItem","position":2,"name":"Jak mo\u017cemy ci pom\u00f3c?","item":"https:\/\/www.spottergps.com\/pl\/faq-2\/"},{"@type":"ListItem","position":3,"name":"Sklep internetowy","item":"https:\/\/www.spottergps.com\/pl\/faq-2\/sklep-internetowy\/"},{"@type":"ListItem","position":4,"name":"Brakuje elementu w opakowaniu"}]},{"@type":"WebSite","@id":"https:\/\/www.spottergps.com\/pl\/#website","url":"https:\/\/www.spottergps.com\/pl\/","name":"Spotter - Polen","description":"GPS tracker dla wszystkiego, co kochasz","potentialAction":[{"@type":"SearchAction","target":{"@type":"EntryPoint","urlTemplate":"https:\/\/www.spottergps.com\/pl\/?s={search_term_string}"},"query-input":{"@type":"PropertyValueSpecification","valueRequired":true,"valueName":"search_term_string"}}],"inLanguage":"pl-PL"}]}},"_links":{"self":[{"href":"https:\/\/www.spottergps.com\/pl\/wp-json\/wp\/v2\/pages\/961","targetHints":{"allow":["GET"]}}],"collection":[{"href":"https:\/\/www.spottergps.com\/pl\/wp-json\/wp\/v2\/pages"}],"about":[{"href":"https:\/\/www.spottergps.com\/pl\/wp-json\/wp\/v2\/types\/page"}],"author":[{"embeddable":true,"href":"https:\/\/www.spottergps.com\/pl\/wp-json\/wp\/v2\/users\/14"}],"replies":[{"embeddable":true,"href":"https:\/\/www.spottergps.com\/pl\/wp-json\/wp\/v2\/comments?post=961"}],"version-history":[{"count":2,"href":"https:\/\/www.spottergps.com\/pl\/wp-json\/wp\/v2\/pages\/961\/revisions"}],"predecessor-version":[{"id":20769,"href":"https:\/\/www.spottergps.com\/pl\/wp-json\/wp\/v2\/pages\/961\/revisions\/20769"}],"up":[{"embeddable":true,"href":"https:\/\/www.spottergps.com\/pl\/wp-json\/wp\/v2\/pages\/662"}],"wp:attachment":[{"href":"https:\/\/www.spottergps.com\/pl\/wp-json\/wp\/v2\/media?parent=961"}],"wp:term":[{"taxonomy":"category","embeddable":true,"href":"https:\/\/www.spottergps.com\/pl\/wp-json\/wp\/v2\/categories?post=961"},{"taxonomy":"post_tag","embeddable":true,"href":"https:\/\/www.spottergps.com\/pl\/wp-json\/wp\/v2\/tags?post=961"}],"curies":[{"name":"wp","href":"https:\/\/api.w.org\/{rel}","templated":true}]}}