{"id":958,"date":"2025-04-07T07:24:37","date_gmt":"2025-04-07T07:24:37","guid":{"rendered":"https:\/\/www.spottergps.com\/pl\/?page_id=958"},"modified":"2025-04-23T07:07:46","modified_gmt":"2025-04-23T07:07:46","slug":"zamowilem-niewlasciwy-produkt","status":"publish","type":"page","link":"https:\/\/www.spottergps.com\/pl\/faq-2\/sklep-internetowy\/zamowilem-niewlasciwy-produkt\/","title":{"rendered":"Zam\u00f3wi\u0142em niew\u0142a\u015bciwy produkt"},"content":{"rendered":"\n<article class=\"text-token-text-primary w-full\" dir=\"auto\" data-testid=\"conversation-turn-172\" data-scroll-anchor=\"true\">\n<div class=\"text-base my-auto mx-auto py-5 px-6\">\n<div class=\"mx-auto flex flex-1 text-base gap-4 md:gap-5 lg:gap-6 md:max-w-3xl lg:max-w-[40rem] xl:max-w-[48rem] group\/turn-messages focus-visible:outline-hidden\">\n<div class=\"group\/conversation-turn relative flex w-full min-w-0 flex-col agent-turn @xs\/thread:px-0 @sm\/thread:px-1.5 @md\/thread:px-4\">\n<div class=\"relative flex-col gap-1 md:gap-3\">\n<div class=\"flex max-w-full flex-col grow\">\n<div class=\"min-h-8 text-message relative flex w-full flex-col items-end gap-2 text-start break-words whitespace-normal [.text-message+&amp;]:mt-5\" dir=\"auto\" data-message-author-role=\"assistant\" data-message-id=\"d4d49dda-e146-49a7-9565-f4d0c97bee0a\" data-message-model-slug=\"gpt-4o\">\n<div class=\"flex w-full flex-col gap-1 empty:hidden first:pt-[3px]\">\n<div class=\"markdown prose dark:prose-invert w-full break-words dark\">\n<p class=\"\" data-start=\"0\" data-end=\"240\">Ups, zam\u00f3wi\u0142e\u015b niew\u0142a\u015bciwy produkt? \u017baden problem! Mo\u017cesz anulowa\u0107 swoje zam\u00f3wienie, o ile nie zosta\u0142o jeszcze wys\u0142ane. Daj nam jak najszybciej zna\u0107 \u2014 najlepiej przez czat online lub <a href=\"https:\/\/www.spottergps.com\/pl\/w-czym-mozemy-panstwu-pomoc\/\"><span style=\"text-decoration: underline\">formularz kontaktowy<\/span>.<\/a><\/p>\n<p class=\"\" data-start=\"242\" data-end=\"536\">Czy zam\u00f3wienie zosta\u0142o ju\u017c wys\u0142ane? W takim przypadku mo\u017cesz zwr\u00f3ci\u0107 produkt po jego otrzymaniu. <a href=\"https:\/\/www.spottergps.com\/pl\/faq\/sklep-internetowy\/jak-zwrocic-spottera\/\"><span style=\"text-decoration: underline\">Tutaj przeczytasz, jak to zrobi\u0107.<\/span><\/a><br data-start=\"372\" data-end=\"375\" \/>Je\u015bli jeste\u015b konsumentem, masz prawo anulowa\u0107 i zwr\u00f3ci\u0107 zakup w ci\u0105gu 14 dni od daty zakupu. Dla zakup\u00f3w firmowych nie przys\u0142uguje prawo do odst\u0105pienia od umowy.<\/p>\n<p class=\"\" data-start=\"538\" data-end=\"628\">Nast\u0119pnie mo\u017cesz z\u0142o\u017cy\u0107 nowe zam\u00f3wienie w naszym <a href=\"https:\/\/shop.spottergps.com\/pl\">sklepie internetowym<\/a> na w\u0142a\u015bciwy produkt.<\/p>\n<\/div>\n<\/div>\n<\/div>\n<\/div>\n<div class=\"flex justify-start\">\n<div class=\"touch:-me-2 touch:-ms-3.5 -ms-2.5 -me-1 flex items-center p-1 select-none -mt-1 duration-[1.5s] focus-within:transition-none hover:transition-none pointer-events-none [mask-image:linear-gradient(to_right,black_33%,transparent_66%)] [mask-position:100%_0%] [mask-size:300%_100%] motion-safe:transition-[mask-position] group-hover\/turn-messages:pointer-events-auto group-hover\/turn-messages:[mask-position:0_0] group-focus-within\/turn-messages:pointer-events-auto group-focus-within\/turn-messages:[mask-position:0_0] has-data-[state=open]:pointer-events-auto has-data-[state=open]:[mask-position:0_0]\">\u00a0<\/div>\n<\/div>\n<div class=\"mt-3 w-full empty:hidden\">\n<div class=\"text-center\">\u00a0<\/div>\n<\/div>\n<\/div>\n<div class=\"absolute\">\n<div class=\"flex items-center justify-center\">\u00a0<\/div>\n<\/div>\n<\/div>\n<\/div>\n<\/div>\n<\/article>\n<div class=\"pointer-events-none h-px w-px\" aria-hidden=\"true\" data-edge=\"true\">\u00a0<\/div>\n","protected":false},"excerpt":{"rendered":"<p>Ups, zam\u00f3wi\u0142e\u015b niew\u0142a\u015bciwy produkt? \u017baden problem! Mo\u017cesz anulowa\u0107 swoje zam\u00f3wienie, o ile nie zosta\u0142o jeszcze wys\u0142ane. Daj nam jak najszybciej zna\u0107 \u2014 najlepiej przez czat online lub formularz kontaktowy. Czy zam\u00f3wienie zosta\u0142o ju\u017c wys\u0142ane? W takim przypadku mo\u017cesz zwr\u00f3ci\u0107 produkt po jego otrzymaniu. Tutaj przeczytasz, jak to zrobi\u0107.Je\u015bli jeste\u015b konsumentem, masz prawo anulowa\u0107 i zwr\u00f3ci\u0107 [&hellip;]<\/p>\n","protected":false},"author":14,"featured_media":0,"parent":662,"menu_order":0,"comment_status":"closed","ping_status":"closed","template":"faq-content.php","meta":{"_acf_changed":false,"footnotes":""},"categories":[5],"tags":[],"class_list":["post-958","page","type-page","status-publish","hentry","category-faq"],"acf":[],"yoast_head":"<!-- This site is optimized with the Yoast SEO plugin v25.9 - https:\/\/yoast.com\/wordpress\/plugins\/seo\/ -->\n<title>Zam\u00f3wi\u0142em niew\u0142a\u015bciwy produkt - Spotter - Polen<\/title>\n<meta name=\"robots\" content=\"index, follow, max-snippet:-1, max-image-preview:large, max-video-preview:-1\" \/>\n<link rel=\"canonical\" href=\"https:\/\/www.spottergps.com\/pl\/faq-2\/sklep-internetowy\/zamowilem-niewlasciwy-produkt\/\" \/>\n<meta property=\"og:locale\" content=\"pl_PL\" \/>\n<meta property=\"og:type\" content=\"article\" \/>\n<meta property=\"og:title\" content=\"Zam\u00f3wi\u0142em niew\u0142a\u015bciwy produkt - Spotter - Polen\" \/>\n<meta property=\"og:description\" content=\"Ups, zam\u00f3wi\u0142e\u015b niew\u0142a\u015bciwy produkt? \u017baden problem! Mo\u017cesz anulowa\u0107 swoje zam\u00f3wienie, o ile nie zosta\u0142o jeszcze wys\u0142ane. Daj nam jak najszybciej zna\u0107 \u2014 najlepiej przez czat online lub formularz kontaktowy. Czy zam\u00f3wienie zosta\u0142o ju\u017c wys\u0142ane? W takim przypadku mo\u017cesz zwr\u00f3ci\u0107 produkt po jego otrzymaniu. Tutaj przeczytasz, jak to zrobi\u0107.Je\u015bli jeste\u015b konsumentem, masz prawo anulowa\u0107 i zwr\u00f3ci\u0107 [&hellip;]\" \/>\n<meta property=\"og:url\" content=\"https:\/\/www.spottergps.com\/pl\/faq-2\/sklep-internetowy\/zamowilem-niewlasciwy-produkt\/\" \/>\n<meta property=\"og:site_name\" content=\"Spotter - Polen\" \/>\n<meta property=\"article:modified_time\" content=\"2025-04-23T07:07:46+00:00\" \/>\n<meta name=\"twitter:card\" content=\"summary_large_image\" \/>\n<meta name=\"twitter:label1\" content=\"Szacowany czas czytania\" \/>\n\t<meta name=\"twitter:data1\" content=\"1 minuta\" \/>\n<script type=\"application\/ld+json\" class=\"yoast-schema-graph\">{\"@context\":\"https:\/\/schema.org\",\"@graph\":[{\"@type\":\"WebPage\",\"@id\":\"https:\/\/www.spottergps.com\/pl\/faq-2\/sklep-internetowy\/zamowilem-niewlasciwy-produkt\/\",\"url\":\"https:\/\/www.spottergps.com\/pl\/faq-2\/sklep-internetowy\/zamowilem-niewlasciwy-produkt\/\",\"name\":\"Zam\u00f3wi\u0142em niew\u0142a\u015bciwy produkt - Spotter - Polen\",\"isPartOf\":{\"@id\":\"https:\/\/www.spottergps.com\/pl\/#website\"},\"datePublished\":\"2025-04-07T07:24:37+00:00\",\"dateModified\":\"2025-04-23T07:07:46+00:00\",\"breadcrumb\":{\"@id\":\"https:\/\/www.spottergps.com\/pl\/faq-2\/sklep-internetowy\/zamowilem-niewlasciwy-produkt\/#breadcrumb\"},\"inLanguage\":\"pl-PL\",\"potentialAction\":[{\"@type\":\"ReadAction\",\"target\":[\"https:\/\/www.spottergps.com\/pl\/faq-2\/sklep-internetowy\/zamowilem-niewlasciwy-produkt\/\"]}]},{\"@type\":\"BreadcrumbList\",\"@id\":\"https:\/\/www.spottergps.com\/pl\/faq-2\/sklep-internetowy\/zamowilem-niewlasciwy-produkt\/#breadcrumb\",\"itemListElement\":[{\"@type\":\"ListItem\",\"position\":1,\"name\":\"Home\",\"item\":\"https:\/\/www.spottergps.com\/pl\/\"},{\"@type\":\"ListItem\",\"position\":2,\"name\":\"Jak mo\u017cemy ci pom\u00f3c?\",\"item\":\"https:\/\/www.spottergps.com\/pl\/faq-2\/\"},{\"@type\":\"ListItem\",\"position\":3,\"name\":\"Sklep internetowy\",\"item\":\"https:\/\/www.spottergps.com\/pl\/faq-2\/sklep-internetowy\/\"},{\"@type\":\"ListItem\",\"position\":4,\"name\":\"Zam\u00f3wi\u0142em niew\u0142a\u015bciwy produkt\"}]},{\"@type\":\"WebSite\",\"@id\":\"https:\/\/www.spottergps.com\/pl\/#website\",\"url\":\"https:\/\/www.spottergps.com\/pl\/\",\"name\":\"Spotter - Polen\",\"description\":\"GPS tracker dla wszystkiego, co kochasz\",\"potentialAction\":[{\"@type\":\"SearchAction\",\"target\":{\"@type\":\"EntryPoint\",\"urlTemplate\":\"https:\/\/www.spottergps.com\/pl\/?s={search_term_string}\"},\"query-input\":{\"@type\":\"PropertyValueSpecification\",\"valueRequired\":true,\"valueName\":\"search_term_string\"}}],\"inLanguage\":\"pl-PL\"}]}<\/script>\n<!-- \/ Yoast SEO plugin. -->","yoast_head_json":{"title":"Zam\u00f3wi\u0142em niew\u0142a\u015bciwy produkt - Spotter - Polen","robots":{"index":"index","follow":"follow","max-snippet":"max-snippet:-1","max-image-preview":"max-image-preview:large","max-video-preview":"max-video-preview:-1"},"canonical":"https:\/\/www.spottergps.com\/pl\/faq-2\/sklep-internetowy\/zamowilem-niewlasciwy-produkt\/","og_locale":"pl_PL","og_type":"article","og_title":"Zam\u00f3wi\u0142em niew\u0142a\u015bciwy produkt - Spotter - Polen","og_description":"Ups, zam\u00f3wi\u0142e\u015b niew\u0142a\u015bciwy produkt? \u017baden problem! Mo\u017cesz anulowa\u0107 swoje zam\u00f3wienie, o ile nie zosta\u0142o jeszcze wys\u0142ane. Daj nam jak najszybciej zna\u0107 \u2014 najlepiej przez czat online lub formularz kontaktowy. Czy zam\u00f3wienie zosta\u0142o ju\u017c wys\u0142ane? W takim przypadku mo\u017cesz zwr\u00f3ci\u0107 produkt po jego otrzymaniu. Tutaj przeczytasz, jak to zrobi\u0107.Je\u015bli jeste\u015b konsumentem, masz prawo anulowa\u0107 i zwr\u00f3ci\u0107 [&hellip;]","og_url":"https:\/\/www.spottergps.com\/pl\/faq-2\/sklep-internetowy\/zamowilem-niewlasciwy-produkt\/","og_site_name":"Spotter - Polen","article_modified_time":"2025-04-23T07:07:46+00:00","twitter_card":"summary_large_image","twitter_misc":{"Szacowany czas czytania":"1 minuta"},"schema":{"@context":"https:\/\/schema.org","@graph":[{"@type":"WebPage","@id":"https:\/\/www.spottergps.com\/pl\/faq-2\/sklep-internetowy\/zamowilem-niewlasciwy-produkt\/","url":"https:\/\/www.spottergps.com\/pl\/faq-2\/sklep-internetowy\/zamowilem-niewlasciwy-produkt\/","name":"Zam\u00f3wi\u0142em niew\u0142a\u015bciwy produkt - Spotter - Polen","isPartOf":{"@id":"https:\/\/www.spottergps.com\/pl\/#website"},"datePublished":"2025-04-07T07:24:37+00:00","dateModified":"2025-04-23T07:07:46+00:00","breadcrumb":{"@id":"https:\/\/www.spottergps.com\/pl\/faq-2\/sklep-internetowy\/zamowilem-niewlasciwy-produkt\/#breadcrumb"},"inLanguage":"pl-PL","potentialAction":[{"@type":"ReadAction","target":["https:\/\/www.spottergps.com\/pl\/faq-2\/sklep-internetowy\/zamowilem-niewlasciwy-produkt\/"]}]},{"@type":"BreadcrumbList","@id":"https:\/\/www.spottergps.com\/pl\/faq-2\/sklep-internetowy\/zamowilem-niewlasciwy-produkt\/#breadcrumb","itemListElement":[{"@type":"ListItem","position":1,"name":"Home","item":"https:\/\/www.spottergps.com\/pl\/"},{"@type":"ListItem","position":2,"name":"Jak mo\u017cemy ci pom\u00f3c?","item":"https:\/\/www.spottergps.com\/pl\/faq-2\/"},{"@type":"ListItem","position":3,"name":"Sklep internetowy","item":"https:\/\/www.spottergps.com\/pl\/faq-2\/sklep-internetowy\/"},{"@type":"ListItem","position":4,"name":"Zam\u00f3wi\u0142em niew\u0142a\u015bciwy produkt"}]},{"@type":"WebSite","@id":"https:\/\/www.spottergps.com\/pl\/#website","url":"https:\/\/www.spottergps.com\/pl\/","name":"Spotter - Polen","description":"GPS tracker dla wszystkiego, co kochasz","potentialAction":[{"@type":"SearchAction","target":{"@type":"EntryPoint","urlTemplate":"https:\/\/www.spottergps.com\/pl\/?s={search_term_string}"},"query-input":{"@type":"PropertyValueSpecification","valueRequired":true,"valueName":"search_term_string"}}],"inLanguage":"pl-PL"}]}},"_links":{"self":[{"href":"https:\/\/www.spottergps.com\/pl\/wp-json\/wp\/v2\/pages\/958","targetHints":{"allow":["GET"]}}],"collection":[{"href":"https:\/\/www.spottergps.com\/pl\/wp-json\/wp\/v2\/pages"}],"about":[{"href":"https:\/\/www.spottergps.com\/pl\/wp-json\/wp\/v2\/types\/page"}],"author":[{"embeddable":true,"href":"https:\/\/www.spottergps.com\/pl\/wp-json\/wp\/v2\/users\/14"}],"replies":[{"embeddable":true,"href":"https:\/\/www.spottergps.com\/pl\/wp-json\/wp\/v2\/comments?post=958"}],"version-history":[{"count":3,"href":"https:\/\/www.spottergps.com\/pl\/wp-json\/wp\/v2\/pages\/958\/revisions"}],"predecessor-version":[{"id":20768,"href":"https:\/\/www.spottergps.com\/pl\/wp-json\/wp\/v2\/pages\/958\/revisions\/20768"}],"up":[{"embeddable":true,"href":"https:\/\/www.spottergps.com\/pl\/wp-json\/wp\/v2\/pages\/662"}],"wp:attachment":[{"href":"https:\/\/www.spottergps.com\/pl\/wp-json\/wp\/v2\/media?parent=958"}],"wp:term":[{"taxonomy":"category","embeddable":true,"href":"https:\/\/www.spottergps.com\/pl\/wp-json\/wp\/v2\/categories?post=958"},{"taxonomy":"post_tag","embeddable":true,"href":"https:\/\/www.spottergps.com\/pl\/wp-json\/wp\/v2\/tags?post=958"}],"curies":[{"name":"wp","href":"https:\/\/api.w.org\/{rel}","templated":true}]}}