{"id":955,"date":"2025-04-07T07:19:17","date_gmt":"2025-04-07T07:19:17","guid":{"rendered":"https:\/\/www.spottergps.com\/pl\/?page_id=955"},"modified":"2025-04-23T07:07:23","modified_gmt":"2025-04-23T07:07:23","slug":"nie-otrzymalem-potwierdzenia-mojego-zamowienia","status":"publish","type":"page","link":"https:\/\/www.spottergps.com\/pl\/faq-2\/sklep-internetowy\/nie-otrzymalem-potwierdzenia-mojego-zamowienia\/","title":{"rendered":"Nie otrzyma\u0142em potwierdzenia mojego zam\u00f3wienia"},"content":{"rendered":"\n<p class=\"\" data-start=\"0\" data-end=\"275\">Je\u015bli nie otrzyma\u0142e\u015b potwierdzenia po z\u0142o\u017ceniu zam\u00f3wienia, sprawd\u017a najpierw folder spamu lub niechcianej poczty \u2014 wiadomo\u015b\u0107 mog\u0142a tam przypadkowo trafi\u0107. Mo\u017ce si\u0119 te\u017c zdarzy\u0107, \u017ce w adresie e-mail zosta\u0142a wpisana liter\u00f3wka.<\/p>\n<p class=\"\" data-start=\"277\" data-end=\"434\">Nie jeste\u015b pewien, czy wszystko posz\u0142o dobrze? Skontaktuj si\u0119 z naszym dzia\u0142em obs\u0142ugi klienta poprzez <a href=\"https:\/\/www.spottergps.com\/pl\/w-czym-mozemy-panstwu-pomoc\/\"><span style=\"text-decoration: underline\">formularz kontaktowy<\/span> <\/a>\u2014 ch\u0119tnie to dla Ciebie nakijken!<\/p>\n","protected":false},"excerpt":{"rendered":"<p>Je\u015bli nie otrzyma\u0142e\u015b potwierdzenia po z\u0142o\u017ceniu zam\u00f3wienia, sprawd\u017a najpierw folder spamu lub niechcianej poczty \u2014 wiadomo\u015b\u0107 mog\u0142a tam przypadkowo trafi\u0107. Mo\u017ce si\u0119 te\u017c zdarzy\u0107, \u017ce w adresie e-mail zosta\u0142a wpisana liter\u00f3wka. Nie jeste\u015b pewien, czy wszystko posz\u0142o dobrze? Skontaktuj si\u0119 z naszym dzia\u0142em obs\u0142ugi klienta poprzez formularz kontaktowy \u2014 ch\u0119tnie to dla Ciebie nakijken!<\/p>\n","protected":false},"author":14,"featured_media":0,"parent":662,"menu_order":0,"comment_status":"closed","ping_status":"closed","template":"faq-content.php","meta":{"_acf_changed":false,"footnotes":""},"categories":[5],"tags":[],"class_list":["post-955","page","type-page","status-publish","hentry","category-faq"],"acf":[],"yoast_head":"<!-- This site is optimized with the Yoast SEO plugin v25.9 - https:\/\/yoast.com\/wordpress\/plugins\/seo\/ -->\n<title>Nie otrzyma\u0142em potwierdzenia mojego zam\u00f3wienia - Spotter - Polen<\/title>\n<meta name=\"robots\" content=\"index, follow, max-snippet:-1, max-image-preview:large, max-video-preview:-1\" \/>\n<link rel=\"canonical\" href=\"https:\/\/www.spottergps.com\/pl\/faq-2\/sklep-internetowy\/nie-otrzymalem-potwierdzenia-mojego-zamowienia\/\" \/>\n<meta property=\"og:locale\" content=\"pl_PL\" \/>\n<meta property=\"og:type\" content=\"article\" \/>\n<meta property=\"og:title\" content=\"Nie otrzyma\u0142em potwierdzenia mojego zam\u00f3wienia - Spotter - Polen\" \/>\n<meta property=\"og:description\" content=\"Je\u015bli nie otrzyma\u0142e\u015b potwierdzenia po z\u0142o\u017ceniu zam\u00f3wienia, sprawd\u017a najpierw folder spamu lub niechcianej poczty \u2014 wiadomo\u015b\u0107 mog\u0142a tam przypadkowo trafi\u0107. Mo\u017ce si\u0119 te\u017c zdarzy\u0107, \u017ce w adresie e-mail zosta\u0142a wpisana liter\u00f3wka. Nie jeste\u015b pewien, czy wszystko posz\u0142o dobrze? Skontaktuj si\u0119 z naszym dzia\u0142em obs\u0142ugi klienta poprzez formularz kontaktowy \u2014 ch\u0119tnie to dla Ciebie nakijken!\" \/>\n<meta property=\"og:url\" content=\"https:\/\/www.spottergps.com\/pl\/faq-2\/sklep-internetowy\/nie-otrzymalem-potwierdzenia-mojego-zamowienia\/\" \/>\n<meta property=\"og:site_name\" content=\"Spotter - Polen\" \/>\n<meta property=\"article:modified_time\" content=\"2025-04-23T07:07:23+00:00\" \/>\n<meta name=\"twitter:card\" content=\"summary_large_image\" \/>\n<meta name=\"twitter:label1\" content=\"Szacowany czas czytania\" \/>\n\t<meta name=\"twitter:data1\" content=\"1 minuta\" \/>\n<script type=\"application\/ld+json\" class=\"yoast-schema-graph\">{\"@context\":\"https:\/\/schema.org\",\"@graph\":[{\"@type\":\"WebPage\",\"@id\":\"https:\/\/www.spottergps.com\/pl\/faq-2\/sklep-internetowy\/nie-otrzymalem-potwierdzenia-mojego-zamowienia\/\",\"url\":\"https:\/\/www.spottergps.com\/pl\/faq-2\/sklep-internetowy\/nie-otrzymalem-potwierdzenia-mojego-zamowienia\/\",\"name\":\"Nie otrzyma\u0142em potwierdzenia mojego zam\u00f3wienia - Spotter - Polen\",\"isPartOf\":{\"@id\":\"https:\/\/www.spottergps.com\/pl\/#website\"},\"datePublished\":\"2025-04-07T07:19:17+00:00\",\"dateModified\":\"2025-04-23T07:07:23+00:00\",\"breadcrumb\":{\"@id\":\"https:\/\/www.spottergps.com\/pl\/faq-2\/sklep-internetowy\/nie-otrzymalem-potwierdzenia-mojego-zamowienia\/#breadcrumb\"},\"inLanguage\":\"pl-PL\",\"potentialAction\":[{\"@type\":\"ReadAction\",\"target\":[\"https:\/\/www.spottergps.com\/pl\/faq-2\/sklep-internetowy\/nie-otrzymalem-potwierdzenia-mojego-zamowienia\/\"]}]},{\"@type\":\"BreadcrumbList\",\"@id\":\"https:\/\/www.spottergps.com\/pl\/faq-2\/sklep-internetowy\/nie-otrzymalem-potwierdzenia-mojego-zamowienia\/#breadcrumb\",\"itemListElement\":[{\"@type\":\"ListItem\",\"position\":1,\"name\":\"Home\",\"item\":\"https:\/\/www.spottergps.com\/pl\/\"},{\"@type\":\"ListItem\",\"position\":2,\"name\":\"Jak mo\u017cemy ci pom\u00f3c?\",\"item\":\"https:\/\/www.spottergps.com\/pl\/faq-2\/\"},{\"@type\":\"ListItem\",\"position\":3,\"name\":\"Sklep internetowy\",\"item\":\"https:\/\/www.spottergps.com\/pl\/faq-2\/sklep-internetowy\/\"},{\"@type\":\"ListItem\",\"position\":4,\"name\":\"Nie otrzyma\u0142em potwierdzenia mojego zam\u00f3wienia\"}]},{\"@type\":\"WebSite\",\"@id\":\"https:\/\/www.spottergps.com\/pl\/#website\",\"url\":\"https:\/\/www.spottergps.com\/pl\/\",\"name\":\"Spotter - Polen\",\"description\":\"GPS tracker dla wszystkiego, co kochasz\",\"potentialAction\":[{\"@type\":\"SearchAction\",\"target\":{\"@type\":\"EntryPoint\",\"urlTemplate\":\"https:\/\/www.spottergps.com\/pl\/?s={search_term_string}\"},\"query-input\":{\"@type\":\"PropertyValueSpecification\",\"valueRequired\":true,\"valueName\":\"search_term_string\"}}],\"inLanguage\":\"pl-PL\"}]}<\/script>\n<!-- \/ Yoast SEO plugin. -->","yoast_head_json":{"title":"Nie otrzyma\u0142em potwierdzenia mojego zam\u00f3wienia - Spotter - Polen","robots":{"index":"index","follow":"follow","max-snippet":"max-snippet:-1","max-image-preview":"max-image-preview:large","max-video-preview":"max-video-preview:-1"},"canonical":"https:\/\/www.spottergps.com\/pl\/faq-2\/sklep-internetowy\/nie-otrzymalem-potwierdzenia-mojego-zamowienia\/","og_locale":"pl_PL","og_type":"article","og_title":"Nie otrzyma\u0142em potwierdzenia mojego zam\u00f3wienia - Spotter - Polen","og_description":"Je\u015bli nie otrzyma\u0142e\u015b potwierdzenia po z\u0142o\u017ceniu zam\u00f3wienia, sprawd\u017a najpierw folder spamu lub niechcianej poczty \u2014 wiadomo\u015b\u0107 mog\u0142a tam przypadkowo trafi\u0107. Mo\u017ce si\u0119 te\u017c zdarzy\u0107, \u017ce w adresie e-mail zosta\u0142a wpisana liter\u00f3wka. Nie jeste\u015b pewien, czy wszystko posz\u0142o dobrze? Skontaktuj si\u0119 z naszym dzia\u0142em obs\u0142ugi klienta poprzez formularz kontaktowy \u2014 ch\u0119tnie to dla Ciebie nakijken!","og_url":"https:\/\/www.spottergps.com\/pl\/faq-2\/sklep-internetowy\/nie-otrzymalem-potwierdzenia-mojego-zamowienia\/","og_site_name":"Spotter - Polen","article_modified_time":"2025-04-23T07:07:23+00:00","twitter_card":"summary_large_image","twitter_misc":{"Szacowany czas czytania":"1 minuta"},"schema":{"@context":"https:\/\/schema.org","@graph":[{"@type":"WebPage","@id":"https:\/\/www.spottergps.com\/pl\/faq-2\/sklep-internetowy\/nie-otrzymalem-potwierdzenia-mojego-zamowienia\/","url":"https:\/\/www.spottergps.com\/pl\/faq-2\/sklep-internetowy\/nie-otrzymalem-potwierdzenia-mojego-zamowienia\/","name":"Nie otrzyma\u0142em potwierdzenia mojego zam\u00f3wienia - Spotter - Polen","isPartOf":{"@id":"https:\/\/www.spottergps.com\/pl\/#website"},"datePublished":"2025-04-07T07:19:17+00:00","dateModified":"2025-04-23T07:07:23+00:00","breadcrumb":{"@id":"https:\/\/www.spottergps.com\/pl\/faq-2\/sklep-internetowy\/nie-otrzymalem-potwierdzenia-mojego-zamowienia\/#breadcrumb"},"inLanguage":"pl-PL","potentialAction":[{"@type":"ReadAction","target":["https:\/\/www.spottergps.com\/pl\/faq-2\/sklep-internetowy\/nie-otrzymalem-potwierdzenia-mojego-zamowienia\/"]}]},{"@type":"BreadcrumbList","@id":"https:\/\/www.spottergps.com\/pl\/faq-2\/sklep-internetowy\/nie-otrzymalem-potwierdzenia-mojego-zamowienia\/#breadcrumb","itemListElement":[{"@type":"ListItem","position":1,"name":"Home","item":"https:\/\/www.spottergps.com\/pl\/"},{"@type":"ListItem","position":2,"name":"Jak mo\u017cemy ci pom\u00f3c?","item":"https:\/\/www.spottergps.com\/pl\/faq-2\/"},{"@type":"ListItem","position":3,"name":"Sklep internetowy","item":"https:\/\/www.spottergps.com\/pl\/faq-2\/sklep-internetowy\/"},{"@type":"ListItem","position":4,"name":"Nie otrzyma\u0142em potwierdzenia mojego zam\u00f3wienia"}]},{"@type":"WebSite","@id":"https:\/\/www.spottergps.com\/pl\/#website","url":"https:\/\/www.spottergps.com\/pl\/","name":"Spotter - Polen","description":"GPS tracker dla wszystkiego, co kochasz","potentialAction":[{"@type":"SearchAction","target":{"@type":"EntryPoint","urlTemplate":"https:\/\/www.spottergps.com\/pl\/?s={search_term_string}"},"query-input":{"@type":"PropertyValueSpecification","valueRequired":true,"valueName":"search_term_string"}}],"inLanguage":"pl-PL"}]}},"_links":{"self":[{"href":"https:\/\/www.spottergps.com\/pl\/wp-json\/wp\/v2\/pages\/955","targetHints":{"allow":["GET"]}}],"collection":[{"href":"https:\/\/www.spottergps.com\/pl\/wp-json\/wp\/v2\/pages"}],"about":[{"href":"https:\/\/www.spottergps.com\/pl\/wp-json\/wp\/v2\/types\/page"}],"author":[{"embeddable":true,"href":"https:\/\/www.spottergps.com\/pl\/wp-json\/wp\/v2\/users\/14"}],"replies":[{"embeddable":true,"href":"https:\/\/www.spottergps.com\/pl\/wp-json\/wp\/v2\/comments?post=955"}],"version-history":[{"count":2,"href":"https:\/\/www.spottergps.com\/pl\/wp-json\/wp\/v2\/pages\/955\/revisions"}],"predecessor-version":[{"id":20767,"href":"https:\/\/www.spottergps.com\/pl\/wp-json\/wp\/v2\/pages\/955\/revisions\/20767"}],"up":[{"embeddable":true,"href":"https:\/\/www.spottergps.com\/pl\/wp-json\/wp\/v2\/pages\/662"}],"wp:attachment":[{"href":"https:\/\/www.spottergps.com\/pl\/wp-json\/wp\/v2\/media?parent=955"}],"wp:term":[{"taxonomy":"category","embeddable":true,"href":"https:\/\/www.spottergps.com\/pl\/wp-json\/wp\/v2\/categories?post=955"},{"taxonomy":"post_tag","embeddable":true,"href":"https:\/\/www.spottergps.com\/pl\/wp-json\/wp\/v2\/tags?post=955"}],"curies":[{"name":"wp","href":"https:\/\/api.w.org\/{rel}","templated":true}]}}