{"id":947,"date":"2025-04-07T07:12:55","date_gmt":"2025-04-07T07:12:55","guid":{"rendered":"https:\/\/www.spottergps.com\/pl\/?page_id=947"},"modified":"2025-04-23T07:06:55","modified_gmt":"2025-04-23T07:06:55","slug":"czy-moge-odebrac-zamowienie-osobiscie","status":"publish","type":"page","link":"https:\/\/www.spottergps.com\/pl\/faq-2\/sklep-internetowy\/czy-moge-odebrac-zamowienie-osobiscie\/","title":{"rendered":"Czy mog\u0119 odebra\u0107 zam\u00f3wienie osobi\u015bcie?"},"content":{"rendered":"\n<p class=\"\" data-start=\"0\" data-end=\"225\">Tak, istnieje mo\u017cliwo\u015b\u0107 osobistego odbioru zam\u00f3wienia w naszym biurze w Bergschenhoek.<br data-start=\"131\" data-end=\"134\" \/>W tym celu prosimy o kontakt z naszym dzia\u0142em obs\u0142ugi klienta poprzez <a href=\"https:\/\/www.spottergps.com\/pl\/w-czym-mozemy-panstwu-pomoc\/\"><span style=\"text-decoration: underline\">formularz kontaktowy<\/span><\/a>.<\/p>\n<p class=\"\" data-start=\"227\" data-end=\"358\">Jeste\u015bmy otwarci od poniedzia\u0142ku do pi\u0105tku w godzinach:<br data-start=\"282\" data-end=\"285\" \/><strong data-start=\"285\" data-end=\"302\">09:00 \u2013 12:30<\/strong> oraz <strong data-start=\"308\" data-end=\"325\">13:00 \u2013 17:00<\/strong>,<br data-start=\"326\" data-end=\"329\" \/>z wyj\u0105tkiem dni \u015bwi\u0105tecznych.<\/p>\n","protected":false},"excerpt":{"rendered":"<p>Tak, istnieje mo\u017cliwo\u015b\u0107 osobistego odbioru zam\u00f3wienia w naszym biurze w Bergschenhoek.W tym celu prosimy o kontakt z naszym dzia\u0142em obs\u0142ugi klienta poprzez formularz kontaktowy. Jeste\u015bmy otwarci od poniedzia\u0142ku do pi\u0105tku w godzinach:09:00 \u2013 12:30 oraz 13:00 \u2013 17:00,z wyj\u0105tkiem dni \u015bwi\u0105tecznych.<\/p>\n","protected":false},"author":14,"featured_media":0,"parent":662,"menu_order":0,"comment_status":"closed","ping_status":"closed","template":"faq-content.php","meta":{"_acf_changed":false,"footnotes":""},"categories":[5],"tags":[],"class_list":["post-947","page","type-page","status-publish","hentry","category-faq"],"acf":[],"yoast_head":"<!-- This site is optimized with the Yoast SEO plugin v25.9 - https:\/\/yoast.com\/wordpress\/plugins\/seo\/ -->\n<title>Czy mog\u0119 odebra\u0107 zam\u00f3wienie osobi\u015bcie? - Spotter - Polen<\/title>\n<meta name=\"robots\" content=\"index, follow, max-snippet:-1, max-image-preview:large, max-video-preview:-1\" \/>\n<link rel=\"canonical\" href=\"https:\/\/www.spottergps.com\/pl\/faq-2\/sklep-internetowy\/czy-moge-odebrac-zamowienie-osobiscie\/\" \/>\n<meta property=\"og:locale\" content=\"pl_PL\" \/>\n<meta property=\"og:type\" content=\"article\" \/>\n<meta property=\"og:title\" content=\"Czy mog\u0119 odebra\u0107 zam\u00f3wienie osobi\u015bcie? - Spotter - Polen\" \/>\n<meta property=\"og:description\" content=\"Tak, istnieje mo\u017cliwo\u015b\u0107 osobistego odbioru zam\u00f3wienia w naszym biurze w Bergschenhoek.W tym celu prosimy o kontakt z naszym dzia\u0142em obs\u0142ugi klienta poprzez formularz kontaktowy. Jeste\u015bmy otwarci od poniedzia\u0142ku do pi\u0105tku w godzinach:09:00 \u2013 12:30 oraz 13:00 \u2013 17:00,z wyj\u0105tkiem dni \u015bwi\u0105tecznych.\" \/>\n<meta property=\"og:url\" content=\"https:\/\/www.spottergps.com\/pl\/faq-2\/sklep-internetowy\/czy-moge-odebrac-zamowienie-osobiscie\/\" \/>\n<meta property=\"og:site_name\" content=\"Spotter - Polen\" \/>\n<meta property=\"article:modified_time\" content=\"2025-04-23T07:06:55+00:00\" \/>\n<meta name=\"twitter:card\" content=\"summary_large_image\" \/>\n<meta name=\"twitter:label1\" content=\"Szacowany czas czytania\" \/>\n\t<meta name=\"twitter:data1\" content=\"1 minuta\" \/>\n<script type=\"application\/ld+json\" class=\"yoast-schema-graph\">{\"@context\":\"https:\/\/schema.org\",\"@graph\":[{\"@type\":\"WebPage\",\"@id\":\"https:\/\/www.spottergps.com\/pl\/faq-2\/sklep-internetowy\/czy-moge-odebrac-zamowienie-osobiscie\/\",\"url\":\"https:\/\/www.spottergps.com\/pl\/faq-2\/sklep-internetowy\/czy-moge-odebrac-zamowienie-osobiscie\/\",\"name\":\"Czy mog\u0119 odebra\u0107 zam\u00f3wienie osobi\u015bcie? - Spotter - Polen\",\"isPartOf\":{\"@id\":\"https:\/\/www.spottergps.com\/pl\/#website\"},\"datePublished\":\"2025-04-07T07:12:55+00:00\",\"dateModified\":\"2025-04-23T07:06:55+00:00\",\"breadcrumb\":{\"@id\":\"https:\/\/www.spottergps.com\/pl\/faq-2\/sklep-internetowy\/czy-moge-odebrac-zamowienie-osobiscie\/#breadcrumb\"},\"inLanguage\":\"pl-PL\",\"potentialAction\":[{\"@type\":\"ReadAction\",\"target\":[\"https:\/\/www.spottergps.com\/pl\/faq-2\/sklep-internetowy\/czy-moge-odebrac-zamowienie-osobiscie\/\"]}]},{\"@type\":\"BreadcrumbList\",\"@id\":\"https:\/\/www.spottergps.com\/pl\/faq-2\/sklep-internetowy\/czy-moge-odebrac-zamowienie-osobiscie\/#breadcrumb\",\"itemListElement\":[{\"@type\":\"ListItem\",\"position\":1,\"name\":\"Home\",\"item\":\"https:\/\/www.spottergps.com\/pl\/\"},{\"@type\":\"ListItem\",\"position\":2,\"name\":\"Jak mo\u017cemy ci pom\u00f3c?\",\"item\":\"https:\/\/www.spottergps.com\/pl\/faq-2\/\"},{\"@type\":\"ListItem\",\"position\":3,\"name\":\"Sklep internetowy\",\"item\":\"https:\/\/www.spottergps.com\/pl\/faq-2\/sklep-internetowy\/\"},{\"@type\":\"ListItem\",\"position\":4,\"name\":\"Czy mog\u0119 odebra\u0107 zam\u00f3wienie osobi\u015bcie?\"}]},{\"@type\":\"WebSite\",\"@id\":\"https:\/\/www.spottergps.com\/pl\/#website\",\"url\":\"https:\/\/www.spottergps.com\/pl\/\",\"name\":\"Spotter - Polen\",\"description\":\"GPS tracker dla wszystkiego, co kochasz\",\"potentialAction\":[{\"@type\":\"SearchAction\",\"target\":{\"@type\":\"EntryPoint\",\"urlTemplate\":\"https:\/\/www.spottergps.com\/pl\/?s={search_term_string}\"},\"query-input\":{\"@type\":\"PropertyValueSpecification\",\"valueRequired\":true,\"valueName\":\"search_term_string\"}}],\"inLanguage\":\"pl-PL\"}]}<\/script>\n<!-- \/ Yoast SEO plugin. -->","yoast_head_json":{"title":"Czy mog\u0119 odebra\u0107 zam\u00f3wienie osobi\u015bcie? - Spotter - Polen","robots":{"index":"index","follow":"follow","max-snippet":"max-snippet:-1","max-image-preview":"max-image-preview:large","max-video-preview":"max-video-preview:-1"},"canonical":"https:\/\/www.spottergps.com\/pl\/faq-2\/sklep-internetowy\/czy-moge-odebrac-zamowienie-osobiscie\/","og_locale":"pl_PL","og_type":"article","og_title":"Czy mog\u0119 odebra\u0107 zam\u00f3wienie osobi\u015bcie? - Spotter - Polen","og_description":"Tak, istnieje mo\u017cliwo\u015b\u0107 osobistego odbioru zam\u00f3wienia w naszym biurze w Bergschenhoek.W tym celu prosimy o kontakt z naszym dzia\u0142em obs\u0142ugi klienta poprzez formularz kontaktowy. Jeste\u015bmy otwarci od poniedzia\u0142ku do pi\u0105tku w godzinach:09:00 \u2013 12:30 oraz 13:00 \u2013 17:00,z wyj\u0105tkiem dni \u015bwi\u0105tecznych.","og_url":"https:\/\/www.spottergps.com\/pl\/faq-2\/sklep-internetowy\/czy-moge-odebrac-zamowienie-osobiscie\/","og_site_name":"Spotter - Polen","article_modified_time":"2025-04-23T07:06:55+00:00","twitter_card":"summary_large_image","twitter_misc":{"Szacowany czas czytania":"1 minuta"},"schema":{"@context":"https:\/\/schema.org","@graph":[{"@type":"WebPage","@id":"https:\/\/www.spottergps.com\/pl\/faq-2\/sklep-internetowy\/czy-moge-odebrac-zamowienie-osobiscie\/","url":"https:\/\/www.spottergps.com\/pl\/faq-2\/sklep-internetowy\/czy-moge-odebrac-zamowienie-osobiscie\/","name":"Czy mog\u0119 odebra\u0107 zam\u00f3wienie osobi\u015bcie? - Spotter - Polen","isPartOf":{"@id":"https:\/\/www.spottergps.com\/pl\/#website"},"datePublished":"2025-04-07T07:12:55+00:00","dateModified":"2025-04-23T07:06:55+00:00","breadcrumb":{"@id":"https:\/\/www.spottergps.com\/pl\/faq-2\/sklep-internetowy\/czy-moge-odebrac-zamowienie-osobiscie\/#breadcrumb"},"inLanguage":"pl-PL","potentialAction":[{"@type":"ReadAction","target":["https:\/\/www.spottergps.com\/pl\/faq-2\/sklep-internetowy\/czy-moge-odebrac-zamowienie-osobiscie\/"]}]},{"@type":"BreadcrumbList","@id":"https:\/\/www.spottergps.com\/pl\/faq-2\/sklep-internetowy\/czy-moge-odebrac-zamowienie-osobiscie\/#breadcrumb","itemListElement":[{"@type":"ListItem","position":1,"name":"Home","item":"https:\/\/www.spottergps.com\/pl\/"},{"@type":"ListItem","position":2,"name":"Jak mo\u017cemy ci pom\u00f3c?","item":"https:\/\/www.spottergps.com\/pl\/faq-2\/"},{"@type":"ListItem","position":3,"name":"Sklep internetowy","item":"https:\/\/www.spottergps.com\/pl\/faq-2\/sklep-internetowy\/"},{"@type":"ListItem","position":4,"name":"Czy mog\u0119 odebra\u0107 zam\u00f3wienie osobi\u015bcie?"}]},{"@type":"WebSite","@id":"https:\/\/www.spottergps.com\/pl\/#website","url":"https:\/\/www.spottergps.com\/pl\/","name":"Spotter - Polen","description":"GPS tracker dla wszystkiego, co kochasz","potentialAction":[{"@type":"SearchAction","target":{"@type":"EntryPoint","urlTemplate":"https:\/\/www.spottergps.com\/pl\/?s={search_term_string}"},"query-input":{"@type":"PropertyValueSpecification","valueRequired":true,"valueName":"search_term_string"}}],"inLanguage":"pl-PL"}]}},"_links":{"self":[{"href":"https:\/\/www.spottergps.com\/pl\/wp-json\/wp\/v2\/pages\/947","targetHints":{"allow":["GET"]}}],"collection":[{"href":"https:\/\/www.spottergps.com\/pl\/wp-json\/wp\/v2\/pages"}],"about":[{"href":"https:\/\/www.spottergps.com\/pl\/wp-json\/wp\/v2\/types\/page"}],"author":[{"embeddable":true,"href":"https:\/\/www.spottergps.com\/pl\/wp-json\/wp\/v2\/users\/14"}],"replies":[{"embeddable":true,"href":"https:\/\/www.spottergps.com\/pl\/wp-json\/wp\/v2\/comments?post=947"}],"version-history":[{"count":3,"href":"https:\/\/www.spottergps.com\/pl\/wp-json\/wp\/v2\/pages\/947\/revisions"}],"predecessor-version":[{"id":20766,"href":"https:\/\/www.spottergps.com\/pl\/wp-json\/wp\/v2\/pages\/947\/revisions\/20766"}],"up":[{"embeddable":true,"href":"https:\/\/www.spottergps.com\/pl\/wp-json\/wp\/v2\/pages\/662"}],"wp:attachment":[{"href":"https:\/\/www.spottergps.com\/pl\/wp-json\/wp\/v2\/media?parent=947"}],"wp:term":[{"taxonomy":"category","embeddable":true,"href":"https:\/\/www.spottergps.com\/pl\/wp-json\/wp\/v2\/categories?post=947"},{"taxonomy":"post_tag","embeddable":true,"href":"https:\/\/www.spottergps.com\/pl\/wp-json\/wp\/v2\/tags?post=947"}],"curies":[{"name":"wp","href":"https:\/\/api.w.org\/{rel}","templated":true}]}}