{"id":943,"date":"2025-04-07T07:01:25","date_gmt":"2025-04-07T07:01:25","guid":{"rendered":"https:\/\/www.spottergps.com\/pl\/?page_id=943"},"modified":"2025-04-07T07:02:10","modified_gmt":"2025-04-07T07:02:10","slug":"w-jakich-krajach-moge-zamowic-dostawe","status":"publish","type":"page","link":"https:\/\/www.spottergps.com\/pl\/faq-2\/sklep-internetowy\/w-jakich-krajach-moge-zamowic-dostawe\/","title":{"rendered":"W jakich krajach mog\u0119 zam\u00f3wi\u0107 dostaw\u0119?"},"content":{"rendered":"\n<p class=\"\" data-start=\"0\" data-end=\"138\">Mo\u017cesz zam\u00f3wi\u0107 dostaw\u0119 niemal w ca\u0142ej Europie. Realizujemy przesy\u0142ki do nast\u0119puj\u0105cych kraj\u00f3w:<\/p>\n<ul>\n<li class=\"\" data-start=\"140\" data-end=\"150\">\n<p class=\"\" data-start=\"142\" data-end=\"150\">Belgia<\/p>\n<\/li>\n<li class=\"\" data-start=\"151\" data-end=\"161\">\n<p class=\"\" data-start=\"153\" data-end=\"161\">Niemcy<\/p>\n<\/li>\n<li class=\"\" data-start=\"162\" data-end=\"173\">\n<p class=\"\" data-start=\"164\" data-end=\"173\">Estonia<\/p>\n<\/li>\n<li class=\"\" data-start=\"174\" data-end=\"185\">\n<p class=\"\" data-start=\"176\" data-end=\"185\">Francja<\/p>\n<\/li>\n<li class=\"\" data-start=\"186\" data-end=\"198\">\n<p class=\"\" data-start=\"188\" data-end=\"198\">Irlandia<\/p>\n<\/li>\n<li class=\"\" data-start=\"199\" data-end=\"209\">\n<p class=\"\" data-start=\"201\" data-end=\"209\">W\u0142ochy<\/p>\n<\/li>\n<li class=\"\" data-start=\"210\" data-end=\"219\">\n<p class=\"\" data-start=\"212\" data-end=\"219\">\u0141otwa<\/p>\n<\/li>\n<li class=\"\" data-start=\"220\" data-end=\"229\">\n<p class=\"\" data-start=\"222\" data-end=\"229\">Litwa<\/p>\n<\/li>\n<li class=\"\" data-start=\"230\" data-end=\"244\">\n<p class=\"\" data-start=\"232\" data-end=\"244\">Luksemburg<\/p>\n<\/li>\n<li class=\"\" data-start=\"245\" data-end=\"256\">\n<p class=\"\" data-start=\"247\" data-end=\"256\">Austria<\/p>\n<\/li>\n<li class=\"\" data-start=\"257\" data-end=\"271\">\n<p class=\"\" data-start=\"259\" data-end=\"271\">Portugalia<\/p>\n<\/li>\n<li class=\"\" data-start=\"272\" data-end=\"284\">\n<p class=\"\" data-start=\"274\" data-end=\"284\">S\u0142owenia<\/p>\n<\/li>\n<li class=\"\" data-start=\"285\" data-end=\"297\">\n<p class=\"\" data-start=\"287\" data-end=\"297\">S\u0142owacja<\/p>\n<\/li>\n<li class=\"\" data-start=\"298\" data-end=\"311\">\n<p class=\"\" data-start=\"300\" data-end=\"311\">Hiszpania<\/p>\n<\/li>\n<li class=\"\" data-start=\"312\" data-end=\"324\">\n<p class=\"\" data-start=\"314\" data-end=\"324\">Bu\u0142garia<\/p>\n<\/li>\n<li class=\"\" data-start=\"325\" data-end=\"335\">\n<p class=\"\" data-start=\"327\" data-end=\"335\">Grecja<\/p>\n<\/li>\n<li class=\"\" data-start=\"336\" data-end=\"346\">\n<p class=\"\" data-start=\"338\" data-end=\"346\">Polska<\/p>\n<\/li>\n<li class=\"\" data-start=\"347\" data-end=\"358\">\n<p class=\"\" data-start=\"349\" data-end=\"358\">Rumunia<\/p>\n<\/li>\n<li class=\"\" data-start=\"359\" data-end=\"369\">\n<p class=\"\" data-start=\"361\" data-end=\"369\">Czechy<\/p>\n<\/li>\n<li class=\"\" data-start=\"370\" data-end=\"379\">\n<p class=\"\" data-start=\"372\" data-end=\"379\">Szwecja<\/p>\n<\/li>\n<\/ul>\n","protected":false},"excerpt":{"rendered":"<p>Mo\u017cesz zam\u00f3wi\u0107 dostaw\u0119 niemal w ca\u0142ej Europie. Realizujemy przesy\u0142ki do nast\u0119puj\u0105cych kraj\u00f3w: Belgia Niemcy Estonia Francja Irlandia W\u0142ochy \u0141otwa Litwa Luksemburg Austria Portugalia S\u0142owenia S\u0142owacja Hiszpania Bu\u0142garia Grecja Polska Rumunia Czechy Szwecja<\/p>\n","protected":false},"author":14,"featured_media":0,"parent":662,"menu_order":0,"comment_status":"closed","ping_status":"closed","template":"faq-content.php","meta":{"_acf_changed":false,"footnotes":""},"categories":[5],"tags":[],"class_list":["post-943","page","type-page","status-publish","hentry","category-faq"],"acf":[],"yoast_head":"<!-- This site is optimized with the Yoast SEO plugin v25.9 - https:\/\/yoast.com\/wordpress\/plugins\/seo\/ -->\n<title>W jakich krajach mog\u0119 zam\u00f3wi\u0107 dostaw\u0119? - Spotter - Polen<\/title>\n<meta name=\"robots\" content=\"index, follow, max-snippet:-1, max-image-preview:large, max-video-preview:-1\" \/>\n<link rel=\"canonical\" href=\"https:\/\/www.spottergps.com\/pl\/faq-2\/sklep-internetowy\/w-jakich-krajach-moge-zamowic-dostawe\/\" \/>\n<meta property=\"og:locale\" content=\"pl_PL\" \/>\n<meta property=\"og:type\" content=\"article\" \/>\n<meta property=\"og:title\" content=\"W jakich krajach mog\u0119 zam\u00f3wi\u0107 dostaw\u0119? - Spotter - Polen\" \/>\n<meta property=\"og:description\" content=\"Mo\u017cesz zam\u00f3wi\u0107 dostaw\u0119 niemal w ca\u0142ej Europie. Realizujemy przesy\u0142ki do nast\u0119puj\u0105cych kraj\u00f3w: Belgia Niemcy Estonia Francja Irlandia W\u0142ochy \u0141otwa Litwa Luksemburg Austria Portugalia S\u0142owenia S\u0142owacja Hiszpania Bu\u0142garia Grecja Polska Rumunia Czechy Szwecja\" \/>\n<meta property=\"og:url\" content=\"https:\/\/www.spottergps.com\/pl\/faq-2\/sklep-internetowy\/w-jakich-krajach-moge-zamowic-dostawe\/\" \/>\n<meta property=\"og:site_name\" content=\"Spotter - Polen\" \/>\n<meta property=\"article:modified_time\" content=\"2025-04-07T07:02:10+00:00\" \/>\n<meta name=\"twitter:card\" content=\"summary_large_image\" \/>\n<meta name=\"twitter:label1\" content=\"Szacowany czas czytania\" \/>\n\t<meta name=\"twitter:data1\" content=\"1 minuta\" \/>\n<script type=\"application\/ld+json\" class=\"yoast-schema-graph\">{\"@context\":\"https:\/\/schema.org\",\"@graph\":[{\"@type\":\"WebPage\",\"@id\":\"https:\/\/www.spottergps.com\/pl\/faq-2\/sklep-internetowy\/w-jakich-krajach-moge-zamowic-dostawe\/\",\"url\":\"https:\/\/www.spottergps.com\/pl\/faq-2\/sklep-internetowy\/w-jakich-krajach-moge-zamowic-dostawe\/\",\"name\":\"W jakich krajach mog\u0119 zam\u00f3wi\u0107 dostaw\u0119? - Spotter - Polen\",\"isPartOf\":{\"@id\":\"https:\/\/www.spottergps.com\/pl\/#website\"},\"datePublished\":\"2025-04-07T07:01:25+00:00\",\"dateModified\":\"2025-04-07T07:02:10+00:00\",\"breadcrumb\":{\"@id\":\"https:\/\/www.spottergps.com\/pl\/faq-2\/sklep-internetowy\/w-jakich-krajach-moge-zamowic-dostawe\/#breadcrumb\"},\"inLanguage\":\"pl-PL\",\"potentialAction\":[{\"@type\":\"ReadAction\",\"target\":[\"https:\/\/www.spottergps.com\/pl\/faq-2\/sklep-internetowy\/w-jakich-krajach-moge-zamowic-dostawe\/\"]}]},{\"@type\":\"BreadcrumbList\",\"@id\":\"https:\/\/www.spottergps.com\/pl\/faq-2\/sklep-internetowy\/w-jakich-krajach-moge-zamowic-dostawe\/#breadcrumb\",\"itemListElement\":[{\"@type\":\"ListItem\",\"position\":1,\"name\":\"Home\",\"item\":\"https:\/\/www.spottergps.com\/pl\/\"},{\"@type\":\"ListItem\",\"position\":2,\"name\":\"Jak mo\u017cemy ci pom\u00f3c?\",\"item\":\"https:\/\/www.spottergps.com\/pl\/faq-2\/\"},{\"@type\":\"ListItem\",\"position\":3,\"name\":\"Sklep internetowy\",\"item\":\"https:\/\/www.spottergps.com\/pl\/faq-2\/sklep-internetowy\/\"},{\"@type\":\"ListItem\",\"position\":4,\"name\":\"W jakich krajach mog\u0119 zam\u00f3wi\u0107 dostaw\u0119?\"}]},{\"@type\":\"WebSite\",\"@id\":\"https:\/\/www.spottergps.com\/pl\/#website\",\"url\":\"https:\/\/www.spottergps.com\/pl\/\",\"name\":\"Spotter - Polen\",\"description\":\"GPS tracker dla wszystkiego, co kochasz\",\"potentialAction\":[{\"@type\":\"SearchAction\",\"target\":{\"@type\":\"EntryPoint\",\"urlTemplate\":\"https:\/\/www.spottergps.com\/pl\/?s={search_term_string}\"},\"query-input\":{\"@type\":\"PropertyValueSpecification\",\"valueRequired\":true,\"valueName\":\"search_term_string\"}}],\"inLanguage\":\"pl-PL\"}]}<\/script>\n<!-- \/ Yoast SEO plugin. -->","yoast_head_json":{"title":"W jakich krajach mog\u0119 zam\u00f3wi\u0107 dostaw\u0119? - Spotter - Polen","robots":{"index":"index","follow":"follow","max-snippet":"max-snippet:-1","max-image-preview":"max-image-preview:large","max-video-preview":"max-video-preview:-1"},"canonical":"https:\/\/www.spottergps.com\/pl\/faq-2\/sklep-internetowy\/w-jakich-krajach-moge-zamowic-dostawe\/","og_locale":"pl_PL","og_type":"article","og_title":"W jakich krajach mog\u0119 zam\u00f3wi\u0107 dostaw\u0119? - Spotter - Polen","og_description":"Mo\u017cesz zam\u00f3wi\u0107 dostaw\u0119 niemal w ca\u0142ej Europie. Realizujemy przesy\u0142ki do nast\u0119puj\u0105cych kraj\u00f3w: Belgia Niemcy Estonia Francja Irlandia W\u0142ochy \u0141otwa Litwa Luksemburg Austria Portugalia S\u0142owenia S\u0142owacja Hiszpania Bu\u0142garia Grecja Polska Rumunia Czechy Szwecja","og_url":"https:\/\/www.spottergps.com\/pl\/faq-2\/sklep-internetowy\/w-jakich-krajach-moge-zamowic-dostawe\/","og_site_name":"Spotter - Polen","article_modified_time":"2025-04-07T07:02:10+00:00","twitter_card":"summary_large_image","twitter_misc":{"Szacowany czas czytania":"1 minuta"},"schema":{"@context":"https:\/\/schema.org","@graph":[{"@type":"WebPage","@id":"https:\/\/www.spottergps.com\/pl\/faq-2\/sklep-internetowy\/w-jakich-krajach-moge-zamowic-dostawe\/","url":"https:\/\/www.spottergps.com\/pl\/faq-2\/sklep-internetowy\/w-jakich-krajach-moge-zamowic-dostawe\/","name":"W jakich krajach mog\u0119 zam\u00f3wi\u0107 dostaw\u0119? - Spotter - Polen","isPartOf":{"@id":"https:\/\/www.spottergps.com\/pl\/#website"},"datePublished":"2025-04-07T07:01:25+00:00","dateModified":"2025-04-07T07:02:10+00:00","breadcrumb":{"@id":"https:\/\/www.spottergps.com\/pl\/faq-2\/sklep-internetowy\/w-jakich-krajach-moge-zamowic-dostawe\/#breadcrumb"},"inLanguage":"pl-PL","potentialAction":[{"@type":"ReadAction","target":["https:\/\/www.spottergps.com\/pl\/faq-2\/sklep-internetowy\/w-jakich-krajach-moge-zamowic-dostawe\/"]}]},{"@type":"BreadcrumbList","@id":"https:\/\/www.spottergps.com\/pl\/faq-2\/sklep-internetowy\/w-jakich-krajach-moge-zamowic-dostawe\/#breadcrumb","itemListElement":[{"@type":"ListItem","position":1,"name":"Home","item":"https:\/\/www.spottergps.com\/pl\/"},{"@type":"ListItem","position":2,"name":"Jak mo\u017cemy ci pom\u00f3c?","item":"https:\/\/www.spottergps.com\/pl\/faq-2\/"},{"@type":"ListItem","position":3,"name":"Sklep internetowy","item":"https:\/\/www.spottergps.com\/pl\/faq-2\/sklep-internetowy\/"},{"@type":"ListItem","position":4,"name":"W jakich krajach mog\u0119 zam\u00f3wi\u0107 dostaw\u0119?"}]},{"@type":"WebSite","@id":"https:\/\/www.spottergps.com\/pl\/#website","url":"https:\/\/www.spottergps.com\/pl\/","name":"Spotter - Polen","description":"GPS tracker dla wszystkiego, co kochasz","potentialAction":[{"@type":"SearchAction","target":{"@type":"EntryPoint","urlTemplate":"https:\/\/www.spottergps.com\/pl\/?s={search_term_string}"},"query-input":{"@type":"PropertyValueSpecification","valueRequired":true,"valueName":"search_term_string"}}],"inLanguage":"pl-PL"}]}},"_links":{"self":[{"href":"https:\/\/www.spottergps.com\/pl\/wp-json\/wp\/v2\/pages\/943","targetHints":{"allow":["GET"]}}],"collection":[{"href":"https:\/\/www.spottergps.com\/pl\/wp-json\/wp\/v2\/pages"}],"about":[{"href":"https:\/\/www.spottergps.com\/pl\/wp-json\/wp\/v2\/types\/page"}],"author":[{"embeddable":true,"href":"https:\/\/www.spottergps.com\/pl\/wp-json\/wp\/v2\/users\/14"}],"replies":[{"embeddable":true,"href":"https:\/\/www.spottergps.com\/pl\/wp-json\/wp\/v2\/comments?post=943"}],"version-history":[{"count":2,"href":"https:\/\/www.spottergps.com\/pl\/wp-json\/wp\/v2\/pages\/943\/revisions"}],"predecessor-version":[{"id":945,"href":"https:\/\/www.spottergps.com\/pl\/wp-json\/wp\/v2\/pages\/943\/revisions\/945"}],"up":[{"embeddable":true,"href":"https:\/\/www.spottergps.com\/pl\/wp-json\/wp\/v2\/pages\/662"}],"wp:attachment":[{"href":"https:\/\/www.spottergps.com\/pl\/wp-json\/wp\/v2\/media?parent=943"}],"wp:term":[{"taxonomy":"category","embeddable":true,"href":"https:\/\/www.spottergps.com\/pl\/wp-json\/wp\/v2\/categories?post=943"},{"taxonomy":"post_tag","embeddable":true,"href":"https:\/\/www.spottergps.com\/pl\/wp-json\/wp\/v2\/tags?post=943"}],"curies":[{"name":"wp","href":"https:\/\/api.w.org\/{rel}","templated":true}]}}