{"id":940,"date":"2025-04-07T06:56:11","date_gmt":"2025-04-07T06:56:11","guid":{"rendered":"https:\/\/www.spottergps.com\/pl\/?page_id=940"},"modified":"2025-04-23T07:06:20","modified_gmt":"2025-04-23T07:06:20","slug":"nie-moge-dokonac-platnosci","status":"publish","type":"page","link":"https:\/\/www.spottergps.com\/pl\/faq-2\/sklep-internetowy\/nie-moge-dokonac-platnosci\/","title":{"rendered":"Nie mog\u0119 dokona\u0107 p\u0142atno\u015bci"},"content":{"rendered":"\n<p class=\"\" data-start=\"32\" data-end=\"209\"><strong data-start=\"32\" data-end=\"67\">Chc\u0119 zam\u00f3wi\u0107 urz\u0105dzenie Spotter<\/strong><br data-start=\"67\" data-end=\"70\" \/>Nie mo\u017cesz zako\u0144czy\u0107 p\u0142atno\u015bci w naszym sklepie internetowym podczas sk\u0142adania zam\u00f3wienia na Spottera? Sprawd\u017a najpierw nast\u0119puj\u0105ce punkty:<\/p>\n<ul>\n<li data-start=\"213\" data-end=\"264\">Czy wszystkie dane zosta\u0142y poprawnie wprowadzone?<\/li>\n<li data-start=\"267\" data-end=\"347\">Czy Twoja bankowo\u015b\u0107 dzia\u0142a poprawnie, czy mo\u017ce wyst\u0119puje awaria w Twoim banku?<\/li>\n<li data-start=\"350\" data-end=\"409\">Czy masz mo\u017cliwo\u015b\u0107 skorzystania z innej metody p\u0142atno\u015bci?<br \/><br \/>Sprawdzi\u0142e\u015b wszystko, ale nadal nie mo\u017cesz zap\u0142aci\u0107? Skontaktuj si\u0119 z naszym dzia\u0142em wsparcia za po\u015brednictwem <a href=\"https:\/\/www.spottergps.com\/pl\/w-czym-mozemy-panstwu-pomoc\/\"><span style=\"text-decoration: underline\">formularza kontaktowego.<\/span><\/a><\/li>\n<\/ul>\n<p class=\"\" data-start=\"554\" data-end=\"704\"><strong data-start=\"554\" data-end=\"590\">Chc\u0119 zam\u00f3wi\u0107 do\u0142adowanie prepaid<\/strong><br data-start=\"590\" data-end=\"593\" \/>Nie mo\u017cesz zako\u0144czy\u0107 p\u0142atno\u015bci podczas zamawiania do\u0142adowania prepaid w swoim koncie? Sprawd\u017a poni\u017csze kwestie:<\/p>\n<ul>\n<li data-start=\"708\" data-end=\"759\">Czy jeste\u015b poprawnie zalogowany do swojego konta?<\/li>\n<li data-start=\"762\" data-end=\"855\">Czy ekran p\u0142atno\u015bci si\u0119 nie otwiera? Przejd\u017a jeszcze raz przez wszystkie kroki do\u0142adowania.<\/li>\n<li data-start=\"858\" data-end=\"908\">Czy wszystkie dane zosta\u0142y poprawnie wype\u0142nione?<\/li>\n<li data-start=\"911\" data-end=\"956\">Czy zaznaczy\u0142e\u015b pole akceptacji Regulaminu?<\/li>\n<li data-start=\"959\" data-end=\"996\">Czy wyst\u0119puje awaria w Twoim banku?<\/li>\n<li data-start=\"999\" data-end=\"1058\">Czy masz mo\u017cliwo\u015b\u0107 skorzystania z innej metody p\u0142atno\u015bci?<br \/><br \/>Sprawdzi\u0142e\u015b wszystko, ale nadal nie mo\u017cesz zap\u0142aci\u0107? Skontaktuj si\u0119 z naszym dzia\u0142em wsparcia za po\u015brednictwem <a href=\"https:\/\/www.spottergps.com\/pl\/w-czym-mozemy-panstwu-pomoc\/\"><span style=\"text-decoration: underline\">formularza kontaktowego.<\/span><\/a><\/li>\n<\/ul>\n","protected":false},"excerpt":{"rendered":"<p>Chc\u0119 zam\u00f3wi\u0107 urz\u0105dzenie SpotterNie mo\u017cesz zako\u0144czy\u0107 p\u0142atno\u015bci w naszym sklepie internetowym podczas sk\u0142adania zam\u00f3wienia na Spottera? Sprawd\u017a najpierw nast\u0119puj\u0105ce punkty: Czy wszystkie dane zosta\u0142y poprawnie wprowadzone? Czy Twoja bankowo\u015b\u0107 dzia\u0142a poprawnie, czy mo\u017ce wyst\u0119puje awaria w Twoim banku? Czy masz mo\u017cliwo\u015b\u0107 skorzystania z innej metody p\u0142atno\u015bci? Sprawdzi\u0142e\u015b wszystko, ale nadal nie mo\u017cesz zap\u0142aci\u0107? Skontaktuj si\u0119 [&hellip;]<\/p>\n","protected":false},"author":14,"featured_media":0,"parent":662,"menu_order":0,"comment_status":"closed","ping_status":"closed","template":"faq-content.php","meta":{"_acf_changed":false,"footnotes":""},"categories":[5],"tags":[],"class_list":["post-940","page","type-page","status-publish","hentry","category-faq"],"acf":[],"yoast_head":"<!-- This site is optimized with the Yoast SEO plugin v25.9 - https:\/\/yoast.com\/wordpress\/plugins\/seo\/ -->\n<title>Nie mog\u0119 dokona\u0107 p\u0142atno\u015bci - Spotter - Polen<\/title>\n<meta name=\"robots\" content=\"index, follow, max-snippet:-1, max-image-preview:large, max-video-preview:-1\" \/>\n<link rel=\"canonical\" href=\"https:\/\/www.spottergps.com\/pl\/faq-2\/sklep-internetowy\/nie-moge-dokonac-platnosci\/\" \/>\n<meta property=\"og:locale\" content=\"pl_PL\" \/>\n<meta property=\"og:type\" content=\"article\" \/>\n<meta property=\"og:title\" content=\"Nie mog\u0119 dokona\u0107 p\u0142atno\u015bci - Spotter - Polen\" \/>\n<meta property=\"og:description\" content=\"Chc\u0119 zam\u00f3wi\u0107 urz\u0105dzenie SpotterNie mo\u017cesz zako\u0144czy\u0107 p\u0142atno\u015bci w naszym sklepie internetowym podczas sk\u0142adania zam\u00f3wienia na Spottera? Sprawd\u017a najpierw nast\u0119puj\u0105ce punkty: Czy wszystkie dane zosta\u0142y poprawnie wprowadzone? Czy Twoja bankowo\u015b\u0107 dzia\u0142a poprawnie, czy mo\u017ce wyst\u0119puje awaria w Twoim banku? Czy masz mo\u017cliwo\u015b\u0107 skorzystania z innej metody p\u0142atno\u015bci? Sprawdzi\u0142e\u015b wszystko, ale nadal nie mo\u017cesz zap\u0142aci\u0107? Skontaktuj si\u0119 [&hellip;]\" \/>\n<meta property=\"og:url\" content=\"https:\/\/www.spottergps.com\/pl\/faq-2\/sklep-internetowy\/nie-moge-dokonac-platnosci\/\" \/>\n<meta property=\"og:site_name\" content=\"Spotter - Polen\" \/>\n<meta property=\"article:modified_time\" content=\"2025-04-23T07:06:20+00:00\" \/>\n<meta name=\"twitter:card\" content=\"summary_large_image\" \/>\n<meta name=\"twitter:label1\" content=\"Szacowany czas czytania\" \/>\n\t<meta name=\"twitter:data1\" content=\"1 minuta\" \/>\n<script type=\"application\/ld+json\" class=\"yoast-schema-graph\">{\"@context\":\"https:\/\/schema.org\",\"@graph\":[{\"@type\":\"WebPage\",\"@id\":\"https:\/\/www.spottergps.com\/pl\/faq-2\/sklep-internetowy\/nie-moge-dokonac-platnosci\/\",\"url\":\"https:\/\/www.spottergps.com\/pl\/faq-2\/sklep-internetowy\/nie-moge-dokonac-platnosci\/\",\"name\":\"Nie mog\u0119 dokona\u0107 p\u0142atno\u015bci - Spotter - Polen\",\"isPartOf\":{\"@id\":\"https:\/\/www.spottergps.com\/pl\/#website\"},\"datePublished\":\"2025-04-07T06:56:11+00:00\",\"dateModified\":\"2025-04-23T07:06:20+00:00\",\"breadcrumb\":{\"@id\":\"https:\/\/www.spottergps.com\/pl\/faq-2\/sklep-internetowy\/nie-moge-dokonac-platnosci\/#breadcrumb\"},\"inLanguage\":\"pl-PL\",\"potentialAction\":[{\"@type\":\"ReadAction\",\"target\":[\"https:\/\/www.spottergps.com\/pl\/faq-2\/sklep-internetowy\/nie-moge-dokonac-platnosci\/\"]}]},{\"@type\":\"BreadcrumbList\",\"@id\":\"https:\/\/www.spottergps.com\/pl\/faq-2\/sklep-internetowy\/nie-moge-dokonac-platnosci\/#breadcrumb\",\"itemListElement\":[{\"@type\":\"ListItem\",\"position\":1,\"name\":\"Home\",\"item\":\"https:\/\/www.spottergps.com\/pl\/\"},{\"@type\":\"ListItem\",\"position\":2,\"name\":\"Jak mo\u017cemy ci pom\u00f3c?\",\"item\":\"https:\/\/www.spottergps.com\/pl\/faq-2\/\"},{\"@type\":\"ListItem\",\"position\":3,\"name\":\"Sklep internetowy\",\"item\":\"https:\/\/www.spottergps.com\/pl\/faq-2\/sklep-internetowy\/\"},{\"@type\":\"ListItem\",\"position\":4,\"name\":\"Nie mog\u0119 dokona\u0107 p\u0142atno\u015bci\"}]},{\"@type\":\"WebSite\",\"@id\":\"https:\/\/www.spottergps.com\/pl\/#website\",\"url\":\"https:\/\/www.spottergps.com\/pl\/\",\"name\":\"Spotter - Polen\",\"description\":\"GPS tracker dla wszystkiego, co kochasz\",\"potentialAction\":[{\"@type\":\"SearchAction\",\"target\":{\"@type\":\"EntryPoint\",\"urlTemplate\":\"https:\/\/www.spottergps.com\/pl\/?s={search_term_string}\"},\"query-input\":{\"@type\":\"PropertyValueSpecification\",\"valueRequired\":true,\"valueName\":\"search_term_string\"}}],\"inLanguage\":\"pl-PL\"}]}<\/script>\n<!-- \/ Yoast SEO plugin. -->","yoast_head_json":{"title":"Nie mog\u0119 dokona\u0107 p\u0142atno\u015bci - Spotter - Polen","robots":{"index":"index","follow":"follow","max-snippet":"max-snippet:-1","max-image-preview":"max-image-preview:large","max-video-preview":"max-video-preview:-1"},"canonical":"https:\/\/www.spottergps.com\/pl\/faq-2\/sklep-internetowy\/nie-moge-dokonac-platnosci\/","og_locale":"pl_PL","og_type":"article","og_title":"Nie mog\u0119 dokona\u0107 p\u0142atno\u015bci - Spotter - Polen","og_description":"Chc\u0119 zam\u00f3wi\u0107 urz\u0105dzenie SpotterNie mo\u017cesz zako\u0144czy\u0107 p\u0142atno\u015bci w naszym sklepie internetowym podczas sk\u0142adania zam\u00f3wienia na Spottera? Sprawd\u017a najpierw nast\u0119puj\u0105ce punkty: Czy wszystkie dane zosta\u0142y poprawnie wprowadzone? Czy Twoja bankowo\u015b\u0107 dzia\u0142a poprawnie, czy mo\u017ce wyst\u0119puje awaria w Twoim banku? Czy masz mo\u017cliwo\u015b\u0107 skorzystania z innej metody p\u0142atno\u015bci? Sprawdzi\u0142e\u015b wszystko, ale nadal nie mo\u017cesz zap\u0142aci\u0107? Skontaktuj si\u0119 [&hellip;]","og_url":"https:\/\/www.spottergps.com\/pl\/faq-2\/sklep-internetowy\/nie-moge-dokonac-platnosci\/","og_site_name":"Spotter - Polen","article_modified_time":"2025-04-23T07:06:20+00:00","twitter_card":"summary_large_image","twitter_misc":{"Szacowany czas czytania":"1 minuta"},"schema":{"@context":"https:\/\/schema.org","@graph":[{"@type":"WebPage","@id":"https:\/\/www.spottergps.com\/pl\/faq-2\/sklep-internetowy\/nie-moge-dokonac-platnosci\/","url":"https:\/\/www.spottergps.com\/pl\/faq-2\/sklep-internetowy\/nie-moge-dokonac-platnosci\/","name":"Nie mog\u0119 dokona\u0107 p\u0142atno\u015bci - Spotter - Polen","isPartOf":{"@id":"https:\/\/www.spottergps.com\/pl\/#website"},"datePublished":"2025-04-07T06:56:11+00:00","dateModified":"2025-04-23T07:06:20+00:00","breadcrumb":{"@id":"https:\/\/www.spottergps.com\/pl\/faq-2\/sklep-internetowy\/nie-moge-dokonac-platnosci\/#breadcrumb"},"inLanguage":"pl-PL","potentialAction":[{"@type":"ReadAction","target":["https:\/\/www.spottergps.com\/pl\/faq-2\/sklep-internetowy\/nie-moge-dokonac-platnosci\/"]}]},{"@type":"BreadcrumbList","@id":"https:\/\/www.spottergps.com\/pl\/faq-2\/sklep-internetowy\/nie-moge-dokonac-platnosci\/#breadcrumb","itemListElement":[{"@type":"ListItem","position":1,"name":"Home","item":"https:\/\/www.spottergps.com\/pl\/"},{"@type":"ListItem","position":2,"name":"Jak mo\u017cemy ci pom\u00f3c?","item":"https:\/\/www.spottergps.com\/pl\/faq-2\/"},{"@type":"ListItem","position":3,"name":"Sklep internetowy","item":"https:\/\/www.spottergps.com\/pl\/faq-2\/sklep-internetowy\/"},{"@type":"ListItem","position":4,"name":"Nie mog\u0119 dokona\u0107 p\u0142atno\u015bci"}]},{"@type":"WebSite","@id":"https:\/\/www.spottergps.com\/pl\/#website","url":"https:\/\/www.spottergps.com\/pl\/","name":"Spotter - Polen","description":"GPS tracker dla wszystkiego, co kochasz","potentialAction":[{"@type":"SearchAction","target":{"@type":"EntryPoint","urlTemplate":"https:\/\/www.spottergps.com\/pl\/?s={search_term_string}"},"query-input":{"@type":"PropertyValueSpecification","valueRequired":true,"valueName":"search_term_string"}}],"inLanguage":"pl-PL"}]}},"_links":{"self":[{"href":"https:\/\/www.spottergps.com\/pl\/wp-json\/wp\/v2\/pages\/940","targetHints":{"allow":["GET"]}}],"collection":[{"href":"https:\/\/www.spottergps.com\/pl\/wp-json\/wp\/v2\/pages"}],"about":[{"href":"https:\/\/www.spottergps.com\/pl\/wp-json\/wp\/v2\/types\/page"}],"author":[{"embeddable":true,"href":"https:\/\/www.spottergps.com\/pl\/wp-json\/wp\/v2\/users\/14"}],"replies":[{"embeddable":true,"href":"https:\/\/www.spottergps.com\/pl\/wp-json\/wp\/v2\/comments?post=940"}],"version-history":[{"count":2,"href":"https:\/\/www.spottergps.com\/pl\/wp-json\/wp\/v2\/pages\/940\/revisions"}],"predecessor-version":[{"id":20765,"href":"https:\/\/www.spottergps.com\/pl\/wp-json\/wp\/v2\/pages\/940\/revisions\/20765"}],"up":[{"embeddable":true,"href":"https:\/\/www.spottergps.com\/pl\/wp-json\/wp\/v2\/pages\/662"}],"wp:attachment":[{"href":"https:\/\/www.spottergps.com\/pl\/wp-json\/wp\/v2\/media?parent=940"}],"wp:term":[{"taxonomy":"category","embeddable":true,"href":"https:\/\/www.spottergps.com\/pl\/wp-json\/wp\/v2\/categories?post=940"},{"taxonomy":"post_tag","embeddable":true,"href":"https:\/\/www.spottergps.com\/pl\/wp-json\/wp\/v2\/tags?post=940"}],"curies":[{"name":"wp","href":"https:\/\/api.w.org\/{rel}","templated":true}]}}