{"id":937,"date":"2025-04-07T06:49:58","date_gmt":"2025-04-07T06:49:58","guid":{"rendered":"https:\/\/www.spottergps.com\/pl\/?page_id=937"},"modified":"2025-04-23T07:03:20","modified_gmt":"2025-04-23T07:03:20","slug":"czy-moge-zamowic-z-platnoscia-na-fakture","status":"publish","type":"page","link":"https:\/\/www.spottergps.com\/pl\/faq-2\/sklep-internetowy\/czy-moge-zamowic-z-platnoscia-na-fakture\/","title":{"rendered":"Czy mog\u0119 zam\u00f3wi\u0107 z p\u0142atno\u015bci\u0105 na faktur\u0119?"},"content":{"rendered":"\n<article class=\"text-token-text-primary w-full\" dir=\"auto\" data-testid=\"conversation-turn-160\" data-scroll-anchor=\"true\">\n<div class=\"text-base my-auto mx-auto py-5 px-6\">\n<div class=\"mx-auto flex flex-1 text-base gap-4 md:gap-5 lg:gap-6 md:max-w-3xl lg:max-w-[40rem] xl:max-w-[48rem] group\/turn-messages focus-visible:outline-hidden\">\n<div class=\"group\/conversation-turn relative flex w-full min-w-0 flex-col agent-turn @xs\/thread:px-0 @sm\/thread:px-1.5 @md\/thread:px-4\">\n<div class=\"relative flex-col gap-1 md:gap-3\">\n<div class=\"flex max-w-full flex-col grow\">\n<div class=\"min-h-8 text-message relative flex w-full flex-col items-end gap-2 text-start break-words whitespace-normal [.text-message+&amp;]:mt-5\" dir=\"auto\" data-message-author-role=\"assistant\" data-message-id=\"7ac983af-d273-469d-ac23-0dd445b84072\" data-message-model-slug=\"gpt-4o\">\n<div class=\"flex w-full flex-col gap-1 empty:hidden first:pt-[3px]\">\n<div class=\"markdown prose dark:prose-invert w-full break-words dark\">\n<p class=\"\" data-start=\"49\" data-end=\"218\">Tak, przy zam\u00f3wieniu co najmniej 10 produkt\u00f3w istnieje mo\u017cliwo\u015b\u0107 zakupu z p\u0142atno\u015bci\u0105 na faktur\u0119. Wype\u0142nij nasz <a href=\"https:\/\/www.spottergps.com\/pl\/w-czym-mozemy-panstwu-pomoc\/\"><span style=\"text-decoration: underline\">formularz kontaktowy<\/span><\/a>, a przeka\u017cemy Ci dalsze informacje.<\/p>\n<p class=\"\" data-start=\"220\" data-end=\"399\">Przy mniejszych zam\u00f3wieniach mo\u017cesz \u0142atwo i szybko dokona\u0107 zakupu w naszym <a href=\"https:\/\/shop.spottergps.com\/pl\">sklepie internetowym<\/a>. Zam\u00f3wienia z\u0142o\u017cone w dni robocze przed godzin\u0105 15:00 s\u0105 wysy\u0142ane tego samego dnia.<\/p>\n<\/div>\n<\/div>\n<\/div>\n<\/div>\n<div class=\"flex justify-start\">\n<div class=\"touch:-me-2 touch:-ms-3.5 -ms-2.5 -me-1 flex items-center p-1 select-none -mt-1 duration-[1.5s] focus-within:transition-none hover:transition-none pointer-events-none [mask-image:linear-gradient(to_right,black_33%,transparent_66%)] [mask-position:100%_0%] [mask-size:300%_100%] motion-safe:transition-[mask-position] group-hover\/turn-messages:pointer-events-auto group-hover\/turn-messages:[mask-position:0_0] group-focus-within\/turn-messages:pointer-events-auto group-focus-within\/turn-messages:[mask-position:0_0] has-data-[state=open]:pointer-events-auto has-data-[state=open]:[mask-position:0_0]\">\u00a0<\/div>\n<\/div>\n<div class=\"mt-3 w-full empty:hidden\">\n<div class=\"text-center\">\u00a0<\/div>\n<\/div>\n<\/div>\n<div class=\"absolute\">\n<div class=\"flex items-center justify-center\">\u00a0<\/div>\n<\/div>\n<\/div>\n<\/div>\n<\/div>\n<\/article>\n<div class=\"pointer-events-none h-px w-px\" aria-hidden=\"true\" data-edge=\"true\">\u00a0<\/div>\n","protected":false},"excerpt":{"rendered":"<p>Tak, przy zam\u00f3wieniu co najmniej 10 produkt\u00f3w istnieje mo\u017cliwo\u015b\u0107 zakupu z p\u0142atno\u015bci\u0105 na faktur\u0119. Wype\u0142nij nasz formularz kontaktowy, a przeka\u017cemy Ci dalsze informacje. Przy mniejszych zam\u00f3wieniach mo\u017cesz \u0142atwo i szybko dokona\u0107 zakupu w naszym sklepie internetowym. Zam\u00f3wienia z\u0142o\u017cone w dni robocze przed godzin\u0105 15:00 s\u0105 wysy\u0142ane tego samego dnia. \u00a0 \u00a0 \u00a0 \u00a0<\/p>\n","protected":false},"author":14,"featured_media":0,"parent":662,"menu_order":0,"comment_status":"closed","ping_status":"closed","template":"faq-content.php","meta":{"_acf_changed":false,"footnotes":""},"categories":[5],"tags":[],"class_list":["post-937","page","type-page","status-publish","hentry","category-faq"],"acf":[],"yoast_head":"<!-- This site is optimized with the Yoast SEO plugin v25.9 - https:\/\/yoast.com\/wordpress\/plugins\/seo\/ -->\n<title>Czy mog\u0119 zam\u00f3wi\u0107 z p\u0142atno\u015bci\u0105 na faktur\u0119? - Spotter - Polen<\/title>\n<meta name=\"robots\" content=\"index, follow, max-snippet:-1, max-image-preview:large, max-video-preview:-1\" \/>\n<link rel=\"canonical\" href=\"https:\/\/www.spottergps.com\/pl\/faq-2\/sklep-internetowy\/czy-moge-zamowic-z-platnoscia-na-fakture\/\" \/>\n<meta property=\"og:locale\" content=\"pl_PL\" \/>\n<meta property=\"og:type\" content=\"article\" \/>\n<meta property=\"og:title\" content=\"Czy mog\u0119 zam\u00f3wi\u0107 z p\u0142atno\u015bci\u0105 na faktur\u0119? - Spotter - Polen\" \/>\n<meta property=\"og:description\" content=\"Tak, przy zam\u00f3wieniu co najmniej 10 produkt\u00f3w istnieje mo\u017cliwo\u015b\u0107 zakupu z p\u0142atno\u015bci\u0105 na faktur\u0119. Wype\u0142nij nasz formularz kontaktowy, a przeka\u017cemy Ci dalsze informacje. Przy mniejszych zam\u00f3wieniach mo\u017cesz \u0142atwo i szybko dokona\u0107 zakupu w naszym sklepie internetowym. Zam\u00f3wienia z\u0142o\u017cone w dni robocze przed godzin\u0105 15:00 s\u0105 wysy\u0142ane tego samego dnia. \u00a0 \u00a0 \u00a0 \u00a0\" \/>\n<meta property=\"og:url\" content=\"https:\/\/www.spottergps.com\/pl\/faq-2\/sklep-internetowy\/czy-moge-zamowic-z-platnoscia-na-fakture\/\" \/>\n<meta property=\"og:site_name\" content=\"Spotter - Polen\" \/>\n<meta property=\"article:modified_time\" content=\"2025-04-23T07:03:20+00:00\" \/>\n<meta name=\"twitter:card\" content=\"summary_large_image\" \/>\n<meta name=\"twitter:label1\" content=\"Szacowany czas czytania\" \/>\n\t<meta name=\"twitter:data1\" content=\"1 minuta\" \/>\n<script type=\"application\/ld+json\" class=\"yoast-schema-graph\">{\"@context\":\"https:\/\/schema.org\",\"@graph\":[{\"@type\":\"WebPage\",\"@id\":\"https:\/\/www.spottergps.com\/pl\/faq-2\/sklep-internetowy\/czy-moge-zamowic-z-platnoscia-na-fakture\/\",\"url\":\"https:\/\/www.spottergps.com\/pl\/faq-2\/sklep-internetowy\/czy-moge-zamowic-z-platnoscia-na-fakture\/\",\"name\":\"Czy mog\u0119 zam\u00f3wi\u0107 z p\u0142atno\u015bci\u0105 na faktur\u0119? - Spotter - Polen\",\"isPartOf\":{\"@id\":\"https:\/\/www.spottergps.com\/pl\/#website\"},\"datePublished\":\"2025-04-07T06:49:58+00:00\",\"dateModified\":\"2025-04-23T07:03:20+00:00\",\"breadcrumb\":{\"@id\":\"https:\/\/www.spottergps.com\/pl\/faq-2\/sklep-internetowy\/czy-moge-zamowic-z-platnoscia-na-fakture\/#breadcrumb\"},\"inLanguage\":\"pl-PL\",\"potentialAction\":[{\"@type\":\"ReadAction\",\"target\":[\"https:\/\/www.spottergps.com\/pl\/faq-2\/sklep-internetowy\/czy-moge-zamowic-z-platnoscia-na-fakture\/\"]}]},{\"@type\":\"BreadcrumbList\",\"@id\":\"https:\/\/www.spottergps.com\/pl\/faq-2\/sklep-internetowy\/czy-moge-zamowic-z-platnoscia-na-fakture\/#breadcrumb\",\"itemListElement\":[{\"@type\":\"ListItem\",\"position\":1,\"name\":\"Home\",\"item\":\"https:\/\/www.spottergps.com\/pl\/\"},{\"@type\":\"ListItem\",\"position\":2,\"name\":\"Jak mo\u017cemy ci pom\u00f3c?\",\"item\":\"https:\/\/www.spottergps.com\/pl\/faq-2\/\"},{\"@type\":\"ListItem\",\"position\":3,\"name\":\"Sklep internetowy\",\"item\":\"https:\/\/www.spottergps.com\/pl\/faq-2\/sklep-internetowy\/\"},{\"@type\":\"ListItem\",\"position\":4,\"name\":\"Czy mog\u0119 zam\u00f3wi\u0107 z p\u0142atno\u015bci\u0105 na faktur\u0119?\"}]},{\"@type\":\"WebSite\",\"@id\":\"https:\/\/www.spottergps.com\/pl\/#website\",\"url\":\"https:\/\/www.spottergps.com\/pl\/\",\"name\":\"Spotter - Polen\",\"description\":\"GPS tracker dla wszystkiego, co kochasz\",\"potentialAction\":[{\"@type\":\"SearchAction\",\"target\":{\"@type\":\"EntryPoint\",\"urlTemplate\":\"https:\/\/www.spottergps.com\/pl\/?s={search_term_string}\"},\"query-input\":{\"@type\":\"PropertyValueSpecification\",\"valueRequired\":true,\"valueName\":\"search_term_string\"}}],\"inLanguage\":\"pl-PL\"}]}<\/script>\n<!-- \/ Yoast SEO plugin. -->","yoast_head_json":{"title":"Czy mog\u0119 zam\u00f3wi\u0107 z p\u0142atno\u015bci\u0105 na faktur\u0119? - Spotter - Polen","robots":{"index":"index","follow":"follow","max-snippet":"max-snippet:-1","max-image-preview":"max-image-preview:large","max-video-preview":"max-video-preview:-1"},"canonical":"https:\/\/www.spottergps.com\/pl\/faq-2\/sklep-internetowy\/czy-moge-zamowic-z-platnoscia-na-fakture\/","og_locale":"pl_PL","og_type":"article","og_title":"Czy mog\u0119 zam\u00f3wi\u0107 z p\u0142atno\u015bci\u0105 na faktur\u0119? - Spotter - Polen","og_description":"Tak, przy zam\u00f3wieniu co najmniej 10 produkt\u00f3w istnieje mo\u017cliwo\u015b\u0107 zakupu z p\u0142atno\u015bci\u0105 na faktur\u0119. Wype\u0142nij nasz formularz kontaktowy, a przeka\u017cemy Ci dalsze informacje. Przy mniejszych zam\u00f3wieniach mo\u017cesz \u0142atwo i szybko dokona\u0107 zakupu w naszym sklepie internetowym. Zam\u00f3wienia z\u0142o\u017cone w dni robocze przed godzin\u0105 15:00 s\u0105 wysy\u0142ane tego samego dnia. \u00a0 \u00a0 \u00a0 \u00a0","og_url":"https:\/\/www.spottergps.com\/pl\/faq-2\/sklep-internetowy\/czy-moge-zamowic-z-platnoscia-na-fakture\/","og_site_name":"Spotter - Polen","article_modified_time":"2025-04-23T07:03:20+00:00","twitter_card":"summary_large_image","twitter_misc":{"Szacowany czas czytania":"1 minuta"},"schema":{"@context":"https:\/\/schema.org","@graph":[{"@type":"WebPage","@id":"https:\/\/www.spottergps.com\/pl\/faq-2\/sklep-internetowy\/czy-moge-zamowic-z-platnoscia-na-fakture\/","url":"https:\/\/www.spottergps.com\/pl\/faq-2\/sklep-internetowy\/czy-moge-zamowic-z-platnoscia-na-fakture\/","name":"Czy mog\u0119 zam\u00f3wi\u0107 z p\u0142atno\u015bci\u0105 na faktur\u0119? - Spotter - Polen","isPartOf":{"@id":"https:\/\/www.spottergps.com\/pl\/#website"},"datePublished":"2025-04-07T06:49:58+00:00","dateModified":"2025-04-23T07:03:20+00:00","breadcrumb":{"@id":"https:\/\/www.spottergps.com\/pl\/faq-2\/sklep-internetowy\/czy-moge-zamowic-z-platnoscia-na-fakture\/#breadcrumb"},"inLanguage":"pl-PL","potentialAction":[{"@type":"ReadAction","target":["https:\/\/www.spottergps.com\/pl\/faq-2\/sklep-internetowy\/czy-moge-zamowic-z-platnoscia-na-fakture\/"]}]},{"@type":"BreadcrumbList","@id":"https:\/\/www.spottergps.com\/pl\/faq-2\/sklep-internetowy\/czy-moge-zamowic-z-platnoscia-na-fakture\/#breadcrumb","itemListElement":[{"@type":"ListItem","position":1,"name":"Home","item":"https:\/\/www.spottergps.com\/pl\/"},{"@type":"ListItem","position":2,"name":"Jak mo\u017cemy ci pom\u00f3c?","item":"https:\/\/www.spottergps.com\/pl\/faq-2\/"},{"@type":"ListItem","position":3,"name":"Sklep internetowy","item":"https:\/\/www.spottergps.com\/pl\/faq-2\/sklep-internetowy\/"},{"@type":"ListItem","position":4,"name":"Czy mog\u0119 zam\u00f3wi\u0107 z p\u0142atno\u015bci\u0105 na faktur\u0119?"}]},{"@type":"WebSite","@id":"https:\/\/www.spottergps.com\/pl\/#website","url":"https:\/\/www.spottergps.com\/pl\/","name":"Spotter - Polen","description":"GPS tracker dla wszystkiego, co kochasz","potentialAction":[{"@type":"SearchAction","target":{"@type":"EntryPoint","urlTemplate":"https:\/\/www.spottergps.com\/pl\/?s={search_term_string}"},"query-input":{"@type":"PropertyValueSpecification","valueRequired":true,"valueName":"search_term_string"}}],"inLanguage":"pl-PL"}]}},"_links":{"self":[{"href":"https:\/\/www.spottergps.com\/pl\/wp-json\/wp\/v2\/pages\/937","targetHints":{"allow":["GET"]}}],"collection":[{"href":"https:\/\/www.spottergps.com\/pl\/wp-json\/wp\/v2\/pages"}],"about":[{"href":"https:\/\/www.spottergps.com\/pl\/wp-json\/wp\/v2\/types\/page"}],"author":[{"embeddable":true,"href":"https:\/\/www.spottergps.com\/pl\/wp-json\/wp\/v2\/users\/14"}],"replies":[{"embeddable":true,"href":"https:\/\/www.spottergps.com\/pl\/wp-json\/wp\/v2\/comments?post=937"}],"version-history":[{"count":2,"href":"https:\/\/www.spottergps.com\/pl\/wp-json\/wp\/v2\/pages\/937\/revisions"}],"predecessor-version":[{"id":20764,"href":"https:\/\/www.spottergps.com\/pl\/wp-json\/wp\/v2\/pages\/937\/revisions\/20764"}],"up":[{"embeddable":true,"href":"https:\/\/www.spottergps.com\/pl\/wp-json\/wp\/v2\/pages\/662"}],"wp:attachment":[{"href":"https:\/\/www.spottergps.com\/pl\/wp-json\/wp\/v2\/media?parent=937"}],"wp:term":[{"taxonomy":"category","embeddable":true,"href":"https:\/\/www.spottergps.com\/pl\/wp-json\/wp\/v2\/categories?post=937"},{"taxonomy":"post_tag","embeddable":true,"href":"https:\/\/www.spottergps.com\/pl\/wp-json\/wp\/v2\/tags?post=937"}],"curies":[{"name":"wp","href":"https:\/\/api.w.org\/{rel}","templated":true}]}}