{"id":921,"date":"2025-04-02T14:03:22","date_gmt":"2025-04-02T14:03:22","guid":{"rendered":"https:\/\/www.spottergps.com\/pl\/?page_id=921"},"modified":"2025-04-02T14:03:23","modified_gmt":"2025-04-02T14:03:23","slug":"spotter-a-przepisy-rodo","status":"publish","type":"page","link":"https:\/\/www.spottergps.com\/pl\/faq-2\/bezpieczenstwo-i-prywatnosc\/spotter-a-przepisy-rodo\/","title":{"rendered":"Spotter a przepisy RODO"},"content":{"rendered":"\n<p class=\"\" data-start=\"31\" data-end=\"522\">Prywatno\u015b\u0107 u\u017cytkownika jest w pe\u0142ni zabezpieczona. Wszystkie dane s\u0105 przesy\u0142ane za pomoc\u0105 szyfrowanego po\u0142\u0105czenia VPN (Virtual Private Network) na serwery Spotter B.V. Serwery te s\u0105 hostowane w zaawansowanym centrum danych, kt\u00f3re dzia\u0142a zgodnie z normami ISO 9001, ISO 14001, ISO 27001 oraz NEN 7510. Oznacza to, \u017ce wszystkie dane s\u0105 \u015bci\u015ble chronione i nie s\u0105 dost\u0119pne dla os\u00f3b trzecich. Wszystkie informacje pozostaj\u0105 pod kontrol\u0105 Spotter B.V. i nie s\u0105 udost\u0119pniane w celach komercyjnych.<\/p>\n<p class=\"\" data-start=\"524\" data-end=\"635\">Dodatkowo dane lokalizacyjne nie s\u0105 powi\u0105zane z danymi osobowymi u\u017cytkownika ani danymi administratora konta.<\/p>\n<p class=\"\" data-start=\"637\" data-end=\"721\">Dowiedz si\u0119 wi\u0119cej o tym, jak dbamy o <a href=\"https:\/\/www.spottergps.com\/pl\/bezpieczenstwo-i-prywatnosc\/\">bezpiecze\u0144stwo i prywatno\u015b\u0107<\/a> naszych produkt\u00f3w.<\/p>\n","protected":false},"excerpt":{"rendered":"<p>Prywatno\u015b\u0107 u\u017cytkownika jest w pe\u0142ni zabezpieczona. Wszystkie dane s\u0105 przesy\u0142ane za pomoc\u0105 szyfrowanego po\u0142\u0105czenia VPN (Virtual Private Network) na serwery Spotter B.V. Serwery te s\u0105 hostowane w zaawansowanym centrum danych, kt\u00f3re dzia\u0142a zgodnie z normami ISO 9001, ISO 14001, ISO 27001 oraz NEN 7510. Oznacza to, \u017ce wszystkie dane s\u0105 \u015bci\u015ble chronione i nie s\u0105 [&hellip;]<\/p>\n","protected":false},"author":14,"featured_media":0,"parent":659,"menu_order":0,"comment_status":"closed","ping_status":"closed","template":"faq-content.php","meta":{"_acf_changed":false,"footnotes":""},"categories":[5],"tags":[],"class_list":["post-921","page","type-page","status-publish","hentry","category-faq"],"acf":[],"yoast_head":"<!-- This site is optimized with the Yoast SEO plugin v25.9 - https:\/\/yoast.com\/wordpress\/plugins\/seo\/ -->\n<title>Spotter a przepisy RODO - Spotter - Polen<\/title>\n<meta name=\"robots\" content=\"index, follow, max-snippet:-1, max-image-preview:large, max-video-preview:-1\" \/>\n<link rel=\"canonical\" href=\"https:\/\/www.spottergps.com\/pl\/faq-2\/bezpieczenstwo-i-prywatnosc\/spotter-a-przepisy-rodo\/\" \/>\n<meta property=\"og:locale\" content=\"pl_PL\" \/>\n<meta property=\"og:type\" content=\"article\" \/>\n<meta property=\"og:title\" content=\"Spotter a przepisy RODO - Spotter - Polen\" \/>\n<meta property=\"og:description\" content=\"Prywatno\u015b\u0107 u\u017cytkownika jest w pe\u0142ni zabezpieczona. Wszystkie dane s\u0105 przesy\u0142ane za pomoc\u0105 szyfrowanego po\u0142\u0105czenia VPN (Virtual Private Network) na serwery Spotter B.V. Serwery te s\u0105 hostowane w zaawansowanym centrum danych, kt\u00f3re dzia\u0142a zgodnie z normami ISO 9001, ISO 14001, ISO 27001 oraz NEN 7510. Oznacza to, \u017ce wszystkie dane s\u0105 \u015bci\u015ble chronione i nie s\u0105 [&hellip;]\" \/>\n<meta property=\"og:url\" content=\"https:\/\/www.spottergps.com\/pl\/faq-2\/bezpieczenstwo-i-prywatnosc\/spotter-a-przepisy-rodo\/\" \/>\n<meta property=\"og:site_name\" content=\"Spotter - Polen\" \/>\n<meta property=\"article:modified_time\" content=\"2025-04-02T14:03:23+00:00\" \/>\n<meta name=\"twitter:card\" content=\"summary_large_image\" \/>\n<meta name=\"twitter:label1\" content=\"Szacowany czas czytania\" \/>\n\t<meta name=\"twitter:data1\" content=\"1 minuta\" \/>\n<script type=\"application\/ld+json\" class=\"yoast-schema-graph\">{\"@context\":\"https:\/\/schema.org\",\"@graph\":[{\"@type\":\"WebPage\",\"@id\":\"https:\/\/www.spottergps.com\/pl\/faq-2\/bezpieczenstwo-i-prywatnosc\/spotter-a-przepisy-rodo\/\",\"url\":\"https:\/\/www.spottergps.com\/pl\/faq-2\/bezpieczenstwo-i-prywatnosc\/spotter-a-przepisy-rodo\/\",\"name\":\"Spotter a przepisy RODO - Spotter - Polen\",\"isPartOf\":{\"@id\":\"https:\/\/www.spottergps.com\/pl\/#website\"},\"datePublished\":\"2025-04-02T14:03:22+00:00\",\"dateModified\":\"2025-04-02T14:03:23+00:00\",\"breadcrumb\":{\"@id\":\"https:\/\/www.spottergps.com\/pl\/faq-2\/bezpieczenstwo-i-prywatnosc\/spotter-a-przepisy-rodo\/#breadcrumb\"},\"inLanguage\":\"pl-PL\",\"potentialAction\":[{\"@type\":\"ReadAction\",\"target\":[\"https:\/\/www.spottergps.com\/pl\/faq-2\/bezpieczenstwo-i-prywatnosc\/spotter-a-przepisy-rodo\/\"]}]},{\"@type\":\"BreadcrumbList\",\"@id\":\"https:\/\/www.spottergps.com\/pl\/faq-2\/bezpieczenstwo-i-prywatnosc\/spotter-a-przepisy-rodo\/#breadcrumb\",\"itemListElement\":[{\"@type\":\"ListItem\",\"position\":1,\"name\":\"Home\",\"item\":\"https:\/\/www.spottergps.com\/pl\/\"},{\"@type\":\"ListItem\",\"position\":2,\"name\":\"Jak mo\u017cemy ci pom\u00f3c?\",\"item\":\"https:\/\/www.spottergps.com\/pl\/faq-2\/\"},{\"@type\":\"ListItem\",\"position\":3,\"name\":\"Bezpiecze\u0144stwo i prywatno\u015b\u0107\",\"item\":\"https:\/\/www.spottergps.com\/pl\/faq-2\/bezpieczenstwo-i-prywatnosc\/\"},{\"@type\":\"ListItem\",\"position\":4,\"name\":\"Spotter a przepisy RODO\"}]},{\"@type\":\"WebSite\",\"@id\":\"https:\/\/www.spottergps.com\/pl\/#website\",\"url\":\"https:\/\/www.spottergps.com\/pl\/\",\"name\":\"Spotter - Polen\",\"description\":\"GPS tracker dla wszystkiego, co kochasz\",\"potentialAction\":[{\"@type\":\"SearchAction\",\"target\":{\"@type\":\"EntryPoint\",\"urlTemplate\":\"https:\/\/www.spottergps.com\/pl\/?s={search_term_string}\"},\"query-input\":{\"@type\":\"PropertyValueSpecification\",\"valueRequired\":true,\"valueName\":\"search_term_string\"}}],\"inLanguage\":\"pl-PL\"}]}<\/script>\n<!-- \/ Yoast SEO plugin. -->","yoast_head_json":{"title":"Spotter a przepisy RODO - Spotter - Polen","robots":{"index":"index","follow":"follow","max-snippet":"max-snippet:-1","max-image-preview":"max-image-preview:large","max-video-preview":"max-video-preview:-1"},"canonical":"https:\/\/www.spottergps.com\/pl\/faq-2\/bezpieczenstwo-i-prywatnosc\/spotter-a-przepisy-rodo\/","og_locale":"pl_PL","og_type":"article","og_title":"Spotter a przepisy RODO - Spotter - Polen","og_description":"Prywatno\u015b\u0107 u\u017cytkownika jest w pe\u0142ni zabezpieczona. Wszystkie dane s\u0105 przesy\u0142ane za pomoc\u0105 szyfrowanego po\u0142\u0105czenia VPN (Virtual Private Network) na serwery Spotter B.V. Serwery te s\u0105 hostowane w zaawansowanym centrum danych, kt\u00f3re dzia\u0142a zgodnie z normami ISO 9001, ISO 14001, ISO 27001 oraz NEN 7510. Oznacza to, \u017ce wszystkie dane s\u0105 \u015bci\u015ble chronione i nie s\u0105 [&hellip;]","og_url":"https:\/\/www.spottergps.com\/pl\/faq-2\/bezpieczenstwo-i-prywatnosc\/spotter-a-przepisy-rodo\/","og_site_name":"Spotter - Polen","article_modified_time":"2025-04-02T14:03:23+00:00","twitter_card":"summary_large_image","twitter_misc":{"Szacowany czas czytania":"1 minuta"},"schema":{"@context":"https:\/\/schema.org","@graph":[{"@type":"WebPage","@id":"https:\/\/www.spottergps.com\/pl\/faq-2\/bezpieczenstwo-i-prywatnosc\/spotter-a-przepisy-rodo\/","url":"https:\/\/www.spottergps.com\/pl\/faq-2\/bezpieczenstwo-i-prywatnosc\/spotter-a-przepisy-rodo\/","name":"Spotter a przepisy RODO - Spotter - Polen","isPartOf":{"@id":"https:\/\/www.spottergps.com\/pl\/#website"},"datePublished":"2025-04-02T14:03:22+00:00","dateModified":"2025-04-02T14:03:23+00:00","breadcrumb":{"@id":"https:\/\/www.spottergps.com\/pl\/faq-2\/bezpieczenstwo-i-prywatnosc\/spotter-a-przepisy-rodo\/#breadcrumb"},"inLanguage":"pl-PL","potentialAction":[{"@type":"ReadAction","target":["https:\/\/www.spottergps.com\/pl\/faq-2\/bezpieczenstwo-i-prywatnosc\/spotter-a-przepisy-rodo\/"]}]},{"@type":"BreadcrumbList","@id":"https:\/\/www.spottergps.com\/pl\/faq-2\/bezpieczenstwo-i-prywatnosc\/spotter-a-przepisy-rodo\/#breadcrumb","itemListElement":[{"@type":"ListItem","position":1,"name":"Home","item":"https:\/\/www.spottergps.com\/pl\/"},{"@type":"ListItem","position":2,"name":"Jak mo\u017cemy ci pom\u00f3c?","item":"https:\/\/www.spottergps.com\/pl\/faq-2\/"},{"@type":"ListItem","position":3,"name":"Bezpiecze\u0144stwo i prywatno\u015b\u0107","item":"https:\/\/www.spottergps.com\/pl\/faq-2\/bezpieczenstwo-i-prywatnosc\/"},{"@type":"ListItem","position":4,"name":"Spotter a przepisy RODO"}]},{"@type":"WebSite","@id":"https:\/\/www.spottergps.com\/pl\/#website","url":"https:\/\/www.spottergps.com\/pl\/","name":"Spotter - Polen","description":"GPS tracker dla wszystkiego, co kochasz","potentialAction":[{"@type":"SearchAction","target":{"@type":"EntryPoint","urlTemplate":"https:\/\/www.spottergps.com\/pl\/?s={search_term_string}"},"query-input":{"@type":"PropertyValueSpecification","valueRequired":true,"valueName":"search_term_string"}}],"inLanguage":"pl-PL"}]}},"_links":{"self":[{"href":"https:\/\/www.spottergps.com\/pl\/wp-json\/wp\/v2\/pages\/921","targetHints":{"allow":["GET"]}}],"collection":[{"href":"https:\/\/www.spottergps.com\/pl\/wp-json\/wp\/v2\/pages"}],"about":[{"href":"https:\/\/www.spottergps.com\/pl\/wp-json\/wp\/v2\/types\/page"}],"author":[{"embeddable":true,"href":"https:\/\/www.spottergps.com\/pl\/wp-json\/wp\/v2\/users\/14"}],"replies":[{"embeddable":true,"href":"https:\/\/www.spottergps.com\/pl\/wp-json\/wp\/v2\/comments?post=921"}],"version-history":[{"count":1,"href":"https:\/\/www.spottergps.com\/pl\/wp-json\/wp\/v2\/pages\/921\/revisions"}],"predecessor-version":[{"id":922,"href":"https:\/\/www.spottergps.com\/pl\/wp-json\/wp\/v2\/pages\/921\/revisions\/922"}],"up":[{"embeddable":true,"href":"https:\/\/www.spottergps.com\/pl\/wp-json\/wp\/v2\/pages\/659"}],"wp:attachment":[{"href":"https:\/\/www.spottergps.com\/pl\/wp-json\/wp\/v2\/media?parent=921"}],"wp:term":[{"taxonomy":"category","embeddable":true,"href":"https:\/\/www.spottergps.com\/pl\/wp-json\/wp\/v2\/categories?post=921"},{"taxonomy":"post_tag","embeddable":true,"href":"https:\/\/www.spottergps.com\/pl\/wp-json\/wp\/v2\/tags?post=921"}],"curies":[{"name":"wp","href":"https:\/\/api.w.org\/{rel}","templated":true}]}}