{"id":918,"date":"2025-04-02T14:01:17","date_gmt":"2025-04-02T14:01:17","guid":{"rendered":"https:\/\/www.spottergps.com\/pl\/?page_id=918"},"modified":"2025-10-17T08:27:00","modified_gmt":"2025-10-17T08:27:00","slug":"jak-bezpieczne-sa-produkty-spotter","status":"publish","type":"page","link":"https:\/\/www.spottergps.com\/pl\/bezpieczenstwo-i-prywatnosc\/jak-bezpieczne-sa-produkty-spotter\/","title":{"rendered":"Jak bezpieczne s\u0105 produkty Spotter?"},"content":{"rendered":"\n<p data-start=\"0\" data-end=\"229\">Produkty Spotter s\u0105 projektowane z my\u015bl\u0105 o najwy\u017cszym poziomie jako\u015bci i trwa\u0142o\u015bci. Ka\u017cdy element urz\u0105dzenia jest dok\u0142adnie testowany, aby zagwarantowa\u0107 u\u017cytkownikom pe\u0142ne bezpiecze\u0144stwo i niezawodno\u015b\u0107 w codziennym u\u017cytkowaniu.<\/p>\n<p data-start=\"0\" data-end=\"229\">Na tej stronie<a href=\"https:\/\/www.spottergps.com\/pl\/bezpieczenstwo-i-prywatnosc\/\"> szczeg\u00f3\u0142owo wyja\u015bniamy<\/a>, jak dbamy o bezpiecze\u0144stwo i prywatno\u015b\u0107 naszych produkt\u00f3w.<\/p>\n<p data-start=\"231\" data-end=\"435\">Produkty Spotter s\u0105 bezpieczne, niezawodne i spe\u0142niaj\u0105 wszystkie europejskie normy bezpiecze\u0144stwa. Ponadto stosujemy najwy\u017csze standardy ochrony danych, aby zapewni\u0107 bezpieczne przetwarzanie informacji.<\/p>\n<p data-start=\"437\" data-end=\"676\" data-is-last-node=\"\" data-is-only-node=\"\">Dzi\u0119ki temu u\u017cytkownicy mog\u0105 mie\u0107 pewno\u015b\u0107, \u017ce ich dane s\u0105 zawsze chronione, a urz\u0105dzenia dzia\u0142aj\u0105 zgodnie z obowi\u0105zuj\u0105cymi przepisami i normami technicznymi. Spotter dba o prywatno\u015b\u0107, bezpiecze\u0144stwo i zaufanie swoich klient\u00f3w ka\u017cdego dnia.<\/p>\n<p class=\"\" data-start=\"249\" data-end=\"346\">\u00a0<\/p>\n","protected":false},"excerpt":{"rendered":"<p>Produkty Spotter s\u0105 projektowane z my\u015bl\u0105 o najwy\u017cszym poziomie jako\u015bci i trwa\u0142o\u015bci. Ka\u017cdy element urz\u0105dzenia jest dok\u0142adnie testowany, aby zagwarantowa\u0107 u\u017cytkownikom pe\u0142ne bezpiecze\u0144stwo i niezawodno\u015b\u0107 w codziennym u\u017cytkowaniu. Na tej stronie szczeg\u00f3\u0142owo wyja\u015bniamy, jak dbamy o bezpiecze\u0144stwo i prywatno\u015b\u0107 naszych produkt\u00f3w. Produkty Spotter s\u0105 bezpieczne, niezawodne i spe\u0142niaj\u0105 wszystkie europejskie normy bezpiecze\u0144stwa. Ponadto stosujemy najwy\u017csze [&hellip;]<\/p>\n","protected":false},"author":14,"featured_media":0,"parent":448,"menu_order":0,"comment_status":"closed","ping_status":"closed","template":"faq-content.php","meta":{"_acf_changed":false,"footnotes":""},"categories":[5],"tags":[],"class_list":["post-918","page","type-page","status-publish","hentry","category-faq"],"acf":[],"yoast_head":"<!-- This site is optimized with the Yoast SEO plugin v25.9 - https:\/\/yoast.com\/wordpress\/plugins\/seo\/ -->\n<title>Jak bezpieczne s\u0105 produkty Spotter? - Spotter - Polen<\/title>\n<meta name=\"robots\" content=\"index, follow, max-snippet:-1, max-image-preview:large, max-video-preview:-1\" \/>\n<link rel=\"canonical\" href=\"https:\/\/www.spottergps.com\/pl\/bezpieczenstwo-i-prywatnosc\/jak-bezpieczne-sa-produkty-spotter\/\" \/>\n<meta property=\"og:locale\" content=\"pl_PL\" \/>\n<meta property=\"og:type\" content=\"article\" \/>\n<meta property=\"og:title\" content=\"Jak bezpieczne s\u0105 produkty Spotter? - Spotter - Polen\" \/>\n<meta property=\"og:description\" content=\"Produkty Spotter s\u0105 projektowane z my\u015bl\u0105 o najwy\u017cszym poziomie jako\u015bci i trwa\u0142o\u015bci. Ka\u017cdy element urz\u0105dzenia jest dok\u0142adnie testowany, aby zagwarantowa\u0107 u\u017cytkownikom pe\u0142ne bezpiecze\u0144stwo i niezawodno\u015b\u0107 w codziennym u\u017cytkowaniu. Na tej stronie szczeg\u00f3\u0142owo wyja\u015bniamy, jak dbamy o bezpiecze\u0144stwo i prywatno\u015b\u0107 naszych produkt\u00f3w. Produkty Spotter s\u0105 bezpieczne, niezawodne i spe\u0142niaj\u0105 wszystkie europejskie normy bezpiecze\u0144stwa. Ponadto stosujemy najwy\u017csze [&hellip;]\" \/>\n<meta property=\"og:url\" content=\"https:\/\/www.spottergps.com\/pl\/bezpieczenstwo-i-prywatnosc\/jak-bezpieczne-sa-produkty-spotter\/\" \/>\n<meta property=\"og:site_name\" content=\"Spotter - Polen\" \/>\n<meta property=\"article:modified_time\" content=\"2025-10-17T08:27:00+00:00\" \/>\n<meta name=\"twitter:card\" content=\"summary_large_image\" \/>\n<meta name=\"twitter:label1\" content=\"Szacowany czas czytania\" \/>\n\t<meta name=\"twitter:data1\" content=\"1 minuta\" \/>\n<script type=\"application\/ld+json\" class=\"yoast-schema-graph\">{\"@context\":\"https:\/\/schema.org\",\"@graph\":[{\"@type\":\"WebPage\",\"@id\":\"https:\/\/www.spottergps.com\/pl\/bezpieczenstwo-i-prywatnosc\/jak-bezpieczne-sa-produkty-spotter\/\",\"url\":\"https:\/\/www.spottergps.com\/pl\/bezpieczenstwo-i-prywatnosc\/jak-bezpieczne-sa-produkty-spotter\/\",\"name\":\"Jak bezpieczne s\u0105 produkty Spotter? - Spotter - Polen\",\"isPartOf\":{\"@id\":\"https:\/\/www.spottergps.com\/pl\/#website\"},\"datePublished\":\"2025-04-02T14:01:17+00:00\",\"dateModified\":\"2025-10-17T08:27:00+00:00\",\"breadcrumb\":{\"@id\":\"https:\/\/www.spottergps.com\/pl\/bezpieczenstwo-i-prywatnosc\/jak-bezpieczne-sa-produkty-spotter\/#breadcrumb\"},\"inLanguage\":\"pl-PL\",\"potentialAction\":[{\"@type\":\"ReadAction\",\"target\":[\"https:\/\/www.spottergps.com\/pl\/bezpieczenstwo-i-prywatnosc\/jak-bezpieczne-sa-produkty-spotter\/\"]}]},{\"@type\":\"BreadcrumbList\",\"@id\":\"https:\/\/www.spottergps.com\/pl\/bezpieczenstwo-i-prywatnosc\/jak-bezpieczne-sa-produkty-spotter\/#breadcrumb\",\"itemListElement\":[{\"@type\":\"ListItem\",\"position\":1,\"name\":\"Home\",\"item\":\"https:\/\/www.spottergps.com\/pl\/\"},{\"@type\":\"ListItem\",\"position\":2,\"name\":\"Bezpiecze\u0144stwo i prywatno\u015b\u0107\",\"item\":\"https:\/\/www.spottergps.com\/pl\/bezpieczenstwo-i-prywatnosc\/\"},{\"@type\":\"ListItem\",\"position\":3,\"name\":\"Jak bezpieczne s\u0105 produkty Spotter?\"}]},{\"@type\":\"WebSite\",\"@id\":\"https:\/\/www.spottergps.com\/pl\/#website\",\"url\":\"https:\/\/www.spottergps.com\/pl\/\",\"name\":\"Spotter - Polen\",\"description\":\"GPS tracker dla wszystkiego, co kochasz\",\"potentialAction\":[{\"@type\":\"SearchAction\",\"target\":{\"@type\":\"EntryPoint\",\"urlTemplate\":\"https:\/\/www.spottergps.com\/pl\/?s={search_term_string}\"},\"query-input\":{\"@type\":\"PropertyValueSpecification\",\"valueRequired\":true,\"valueName\":\"search_term_string\"}}],\"inLanguage\":\"pl-PL\"}]}<\/script>\n<!-- \/ Yoast SEO plugin. -->","yoast_head_json":{"title":"Jak bezpieczne s\u0105 produkty Spotter? - Spotter - Polen","robots":{"index":"index","follow":"follow","max-snippet":"max-snippet:-1","max-image-preview":"max-image-preview:large","max-video-preview":"max-video-preview:-1"},"canonical":"https:\/\/www.spottergps.com\/pl\/bezpieczenstwo-i-prywatnosc\/jak-bezpieczne-sa-produkty-spotter\/","og_locale":"pl_PL","og_type":"article","og_title":"Jak bezpieczne s\u0105 produkty Spotter? - Spotter - Polen","og_description":"Produkty Spotter s\u0105 projektowane z my\u015bl\u0105 o najwy\u017cszym poziomie jako\u015bci i trwa\u0142o\u015bci. Ka\u017cdy element urz\u0105dzenia jest dok\u0142adnie testowany, aby zagwarantowa\u0107 u\u017cytkownikom pe\u0142ne bezpiecze\u0144stwo i niezawodno\u015b\u0107 w codziennym u\u017cytkowaniu. Na tej stronie szczeg\u00f3\u0142owo wyja\u015bniamy, jak dbamy o bezpiecze\u0144stwo i prywatno\u015b\u0107 naszych produkt\u00f3w. Produkty Spotter s\u0105 bezpieczne, niezawodne i spe\u0142niaj\u0105 wszystkie europejskie normy bezpiecze\u0144stwa. Ponadto stosujemy najwy\u017csze [&hellip;]","og_url":"https:\/\/www.spottergps.com\/pl\/bezpieczenstwo-i-prywatnosc\/jak-bezpieczne-sa-produkty-spotter\/","og_site_name":"Spotter - Polen","article_modified_time":"2025-10-17T08:27:00+00:00","twitter_card":"summary_large_image","twitter_misc":{"Szacowany czas czytania":"1 minuta"},"schema":{"@context":"https:\/\/schema.org","@graph":[{"@type":"WebPage","@id":"https:\/\/www.spottergps.com\/pl\/bezpieczenstwo-i-prywatnosc\/jak-bezpieczne-sa-produkty-spotter\/","url":"https:\/\/www.spottergps.com\/pl\/bezpieczenstwo-i-prywatnosc\/jak-bezpieczne-sa-produkty-spotter\/","name":"Jak bezpieczne s\u0105 produkty Spotter? - Spotter - Polen","isPartOf":{"@id":"https:\/\/www.spottergps.com\/pl\/#website"},"datePublished":"2025-04-02T14:01:17+00:00","dateModified":"2025-10-17T08:27:00+00:00","breadcrumb":{"@id":"https:\/\/www.spottergps.com\/pl\/bezpieczenstwo-i-prywatnosc\/jak-bezpieczne-sa-produkty-spotter\/#breadcrumb"},"inLanguage":"pl-PL","potentialAction":[{"@type":"ReadAction","target":["https:\/\/www.spottergps.com\/pl\/bezpieczenstwo-i-prywatnosc\/jak-bezpieczne-sa-produkty-spotter\/"]}]},{"@type":"BreadcrumbList","@id":"https:\/\/www.spottergps.com\/pl\/bezpieczenstwo-i-prywatnosc\/jak-bezpieczne-sa-produkty-spotter\/#breadcrumb","itemListElement":[{"@type":"ListItem","position":1,"name":"Home","item":"https:\/\/www.spottergps.com\/pl\/"},{"@type":"ListItem","position":2,"name":"Bezpiecze\u0144stwo i prywatno\u015b\u0107","item":"https:\/\/www.spottergps.com\/pl\/bezpieczenstwo-i-prywatnosc\/"},{"@type":"ListItem","position":3,"name":"Jak bezpieczne s\u0105 produkty Spotter?"}]},{"@type":"WebSite","@id":"https:\/\/www.spottergps.com\/pl\/#website","url":"https:\/\/www.spottergps.com\/pl\/","name":"Spotter - Polen","description":"GPS tracker dla wszystkiego, co kochasz","potentialAction":[{"@type":"SearchAction","target":{"@type":"EntryPoint","urlTemplate":"https:\/\/www.spottergps.com\/pl\/?s={search_term_string}"},"query-input":{"@type":"PropertyValueSpecification","valueRequired":true,"valueName":"search_term_string"}}],"inLanguage":"pl-PL"}]}},"_links":{"self":[{"href":"https:\/\/www.spottergps.com\/pl\/wp-json\/wp\/v2\/pages\/918","targetHints":{"allow":["GET"]}}],"collection":[{"href":"https:\/\/www.spottergps.com\/pl\/wp-json\/wp\/v2\/pages"}],"about":[{"href":"https:\/\/www.spottergps.com\/pl\/wp-json\/wp\/v2\/types\/page"}],"author":[{"embeddable":true,"href":"https:\/\/www.spottergps.com\/pl\/wp-json\/wp\/v2\/users\/14"}],"replies":[{"embeddable":true,"href":"https:\/\/www.spottergps.com\/pl\/wp-json\/wp\/v2\/comments?post=918"}],"version-history":[{"count":2,"href":"https:\/\/www.spottergps.com\/pl\/wp-json\/wp\/v2\/pages\/918\/revisions"}],"predecessor-version":[{"id":20933,"href":"https:\/\/www.spottergps.com\/pl\/wp-json\/wp\/v2\/pages\/918\/revisions\/20933"}],"up":[{"embeddable":true,"href":"https:\/\/www.spottergps.com\/pl\/wp-json\/wp\/v2\/pages\/448"}],"wp:attachment":[{"href":"https:\/\/www.spottergps.com\/pl\/wp-json\/wp\/v2\/media?parent=918"}],"wp:term":[{"taxonomy":"category","embeddable":true,"href":"https:\/\/www.spottergps.com\/pl\/wp-json\/wp\/v2\/categories?post=918"},{"taxonomy":"post_tag","embeddable":true,"href":"https:\/\/www.spottergps.com\/pl\/wp-json\/wp\/v2\/tags?post=918"}],"curies":[{"name":"wp","href":"https:\/\/api.w.org\/{rel}","templated":true}]}}