{"id":911,"date":"2025-04-02T11:45:17","date_gmt":"2025-04-02T11:45:17","guid":{"rendered":"https:\/\/www.spottergps.com\/pl\/?page_id=911"},"modified":"2025-04-02T11:45:18","modified_gmt":"2025-04-02T11:45:18","slug":"tymczasowe-niekorzystanie-ze-spottera","status":"publish","type":"page","link":"https:\/\/www.spottergps.com\/pl\/faq-2\/koszty-i-modernizacja\/tymczasowe-niekorzystanie-ze-spottera\/","title":{"rendered":"Tymczasowe niekorzystanie ze Spottera"},"content":{"rendered":"\n<p class=\"\" data-start=\"45\" data-end=\"270\">Nasze produkty dzia\u0142aj\u0105 na zasadzie przedp\u0142aty, co daje Ci pe\u0142n\u0105 elastyczno\u015b\u0107. Je\u015bli wykorzystasz 3-miesi\u0119czny kredyt przedp\u0142acony i nie chcesz przez pewien czas korzysta\u0107 ze Spottera, nie musisz podejmowa\u0107 \u017cadnych dzia\u0142a\u0144.<\/p>\n<p class=\"\" data-start=\"272\" data-end=\"595\">Gdy ponownie zechcesz u\u017cywa\u0107 Spottera, wystarczy, \u017ce do\u0142adujesz urz\u0105dzenie nowym kredytem <a href=\"https:\/\/www.spottergps.com\/pl\/stawki-za-uzytkowanie\/\">przedp\u0142aconym<\/a> na 3, 6, 12 lub 24 miesi\u0105ce. W tym okresie mo\u017cesz nieograniczenie korzysta\u0107 ze wszystkich funkcji, z wyj\u0105tkiem po\u0142\u0105cze\u0144 telefonicznych. Te wykonujesz bezpo\u015brednio z w\u0142asnego telefonu, zgodnie z taryf\u0105 Twojego operatora.<\/p>\n","protected":false},"excerpt":{"rendered":"<p>Nasze produkty dzia\u0142aj\u0105 na zasadzie przedp\u0142aty, co daje Ci pe\u0142n\u0105 elastyczno\u015b\u0107. Je\u015bli wykorzystasz 3-miesi\u0119czny kredyt przedp\u0142acony i nie chcesz przez pewien czas korzysta\u0107 ze Spottera, nie musisz podejmowa\u0107 \u017cadnych dzia\u0142a\u0144. Gdy ponownie zechcesz u\u017cywa\u0107 Spottera, wystarczy, \u017ce do\u0142adujesz urz\u0105dzenie nowym kredytem przedp\u0142aconym na 3, 6, 12 lub 24 miesi\u0105ce. W tym okresie mo\u017cesz nieograniczenie korzysta\u0107 [&hellip;]<\/p>\n","protected":false},"author":14,"featured_media":0,"parent":656,"menu_order":0,"comment_status":"closed","ping_status":"closed","template":"faq-content.php","meta":{"_acf_changed":false,"footnotes":""},"categories":[5],"tags":[],"class_list":["post-911","page","type-page","status-publish","hentry","category-faq"],"acf":[],"yoast_head":"<!-- This site is optimized with the Yoast SEO plugin v25.9 - https:\/\/yoast.com\/wordpress\/plugins\/seo\/ -->\n<title>Tymczasowe niekorzystanie ze Spottera - Spotter - Polen<\/title>\n<meta name=\"robots\" content=\"index, follow, max-snippet:-1, max-image-preview:large, max-video-preview:-1\" \/>\n<link rel=\"canonical\" href=\"https:\/\/www.spottergps.com\/pl\/faq-2\/koszty-i-modernizacja\/tymczasowe-niekorzystanie-ze-spottera\/\" \/>\n<meta property=\"og:locale\" content=\"pl_PL\" \/>\n<meta property=\"og:type\" content=\"article\" \/>\n<meta property=\"og:title\" content=\"Tymczasowe niekorzystanie ze Spottera - Spotter - Polen\" \/>\n<meta property=\"og:description\" content=\"Nasze produkty dzia\u0142aj\u0105 na zasadzie przedp\u0142aty, co daje Ci pe\u0142n\u0105 elastyczno\u015b\u0107. Je\u015bli wykorzystasz 3-miesi\u0119czny kredyt przedp\u0142acony i nie chcesz przez pewien czas korzysta\u0107 ze Spottera, nie musisz podejmowa\u0107 \u017cadnych dzia\u0142a\u0144. Gdy ponownie zechcesz u\u017cywa\u0107 Spottera, wystarczy, \u017ce do\u0142adujesz urz\u0105dzenie nowym kredytem przedp\u0142aconym na 3, 6, 12 lub 24 miesi\u0105ce. W tym okresie mo\u017cesz nieograniczenie korzysta\u0107 [&hellip;]\" \/>\n<meta property=\"og:url\" content=\"https:\/\/www.spottergps.com\/pl\/faq-2\/koszty-i-modernizacja\/tymczasowe-niekorzystanie-ze-spottera\/\" \/>\n<meta property=\"og:site_name\" content=\"Spotter - Polen\" \/>\n<meta property=\"article:modified_time\" content=\"2025-04-02T11:45:18+00:00\" \/>\n<meta name=\"twitter:card\" content=\"summary_large_image\" \/>\n<meta name=\"twitter:label1\" content=\"Szacowany czas czytania\" \/>\n\t<meta name=\"twitter:data1\" content=\"1 minuta\" \/>\n<script type=\"application\/ld+json\" class=\"yoast-schema-graph\">{\"@context\":\"https:\/\/schema.org\",\"@graph\":[{\"@type\":\"WebPage\",\"@id\":\"https:\/\/www.spottergps.com\/pl\/faq-2\/koszty-i-modernizacja\/tymczasowe-niekorzystanie-ze-spottera\/\",\"url\":\"https:\/\/www.spottergps.com\/pl\/faq-2\/koszty-i-modernizacja\/tymczasowe-niekorzystanie-ze-spottera\/\",\"name\":\"Tymczasowe niekorzystanie ze Spottera - Spotter - Polen\",\"isPartOf\":{\"@id\":\"https:\/\/www.spottergps.com\/pl\/#website\"},\"datePublished\":\"2025-04-02T11:45:17+00:00\",\"dateModified\":\"2025-04-02T11:45:18+00:00\",\"breadcrumb\":{\"@id\":\"https:\/\/www.spottergps.com\/pl\/faq-2\/koszty-i-modernizacja\/tymczasowe-niekorzystanie-ze-spottera\/#breadcrumb\"},\"inLanguage\":\"pl-PL\",\"potentialAction\":[{\"@type\":\"ReadAction\",\"target\":[\"https:\/\/www.spottergps.com\/pl\/faq-2\/koszty-i-modernizacja\/tymczasowe-niekorzystanie-ze-spottera\/\"]}]},{\"@type\":\"BreadcrumbList\",\"@id\":\"https:\/\/www.spottergps.com\/pl\/faq-2\/koszty-i-modernizacja\/tymczasowe-niekorzystanie-ze-spottera\/#breadcrumb\",\"itemListElement\":[{\"@type\":\"ListItem\",\"position\":1,\"name\":\"Home\",\"item\":\"https:\/\/www.spottergps.com\/pl\/\"},{\"@type\":\"ListItem\",\"position\":2,\"name\":\"Jak mo\u017cemy ci pom\u00f3c?\",\"item\":\"https:\/\/www.spottergps.com\/pl\/faq-2\/\"},{\"@type\":\"ListItem\",\"position\":3,\"name\":\"Koszty i modernizacja\",\"item\":\"https:\/\/www.spottergps.com\/pl\/faq-2\/koszty-i-modernizacja\/\"},{\"@type\":\"ListItem\",\"position\":4,\"name\":\"Tymczasowe niekorzystanie ze Spottera\"}]},{\"@type\":\"WebSite\",\"@id\":\"https:\/\/www.spottergps.com\/pl\/#website\",\"url\":\"https:\/\/www.spottergps.com\/pl\/\",\"name\":\"Spotter - Polen\",\"description\":\"GPS tracker dla wszystkiego, co kochasz\",\"potentialAction\":[{\"@type\":\"SearchAction\",\"target\":{\"@type\":\"EntryPoint\",\"urlTemplate\":\"https:\/\/www.spottergps.com\/pl\/?s={search_term_string}\"},\"query-input\":{\"@type\":\"PropertyValueSpecification\",\"valueRequired\":true,\"valueName\":\"search_term_string\"}}],\"inLanguage\":\"pl-PL\"}]}<\/script>\n<!-- \/ Yoast SEO plugin. -->","yoast_head_json":{"title":"Tymczasowe niekorzystanie ze Spottera - Spotter - Polen","robots":{"index":"index","follow":"follow","max-snippet":"max-snippet:-1","max-image-preview":"max-image-preview:large","max-video-preview":"max-video-preview:-1"},"canonical":"https:\/\/www.spottergps.com\/pl\/faq-2\/koszty-i-modernizacja\/tymczasowe-niekorzystanie-ze-spottera\/","og_locale":"pl_PL","og_type":"article","og_title":"Tymczasowe niekorzystanie ze Spottera - Spotter - Polen","og_description":"Nasze produkty dzia\u0142aj\u0105 na zasadzie przedp\u0142aty, co daje Ci pe\u0142n\u0105 elastyczno\u015b\u0107. Je\u015bli wykorzystasz 3-miesi\u0119czny kredyt przedp\u0142acony i nie chcesz przez pewien czas korzysta\u0107 ze Spottera, nie musisz podejmowa\u0107 \u017cadnych dzia\u0142a\u0144. Gdy ponownie zechcesz u\u017cywa\u0107 Spottera, wystarczy, \u017ce do\u0142adujesz urz\u0105dzenie nowym kredytem przedp\u0142aconym na 3, 6, 12 lub 24 miesi\u0105ce. W tym okresie mo\u017cesz nieograniczenie korzysta\u0107 [&hellip;]","og_url":"https:\/\/www.spottergps.com\/pl\/faq-2\/koszty-i-modernizacja\/tymczasowe-niekorzystanie-ze-spottera\/","og_site_name":"Spotter - Polen","article_modified_time":"2025-04-02T11:45:18+00:00","twitter_card":"summary_large_image","twitter_misc":{"Szacowany czas czytania":"1 minuta"},"schema":{"@context":"https:\/\/schema.org","@graph":[{"@type":"WebPage","@id":"https:\/\/www.spottergps.com\/pl\/faq-2\/koszty-i-modernizacja\/tymczasowe-niekorzystanie-ze-spottera\/","url":"https:\/\/www.spottergps.com\/pl\/faq-2\/koszty-i-modernizacja\/tymczasowe-niekorzystanie-ze-spottera\/","name":"Tymczasowe niekorzystanie ze Spottera - Spotter - Polen","isPartOf":{"@id":"https:\/\/www.spottergps.com\/pl\/#website"},"datePublished":"2025-04-02T11:45:17+00:00","dateModified":"2025-04-02T11:45:18+00:00","breadcrumb":{"@id":"https:\/\/www.spottergps.com\/pl\/faq-2\/koszty-i-modernizacja\/tymczasowe-niekorzystanie-ze-spottera\/#breadcrumb"},"inLanguage":"pl-PL","potentialAction":[{"@type":"ReadAction","target":["https:\/\/www.spottergps.com\/pl\/faq-2\/koszty-i-modernizacja\/tymczasowe-niekorzystanie-ze-spottera\/"]}]},{"@type":"BreadcrumbList","@id":"https:\/\/www.spottergps.com\/pl\/faq-2\/koszty-i-modernizacja\/tymczasowe-niekorzystanie-ze-spottera\/#breadcrumb","itemListElement":[{"@type":"ListItem","position":1,"name":"Home","item":"https:\/\/www.spottergps.com\/pl\/"},{"@type":"ListItem","position":2,"name":"Jak mo\u017cemy ci pom\u00f3c?","item":"https:\/\/www.spottergps.com\/pl\/faq-2\/"},{"@type":"ListItem","position":3,"name":"Koszty i modernizacja","item":"https:\/\/www.spottergps.com\/pl\/faq-2\/koszty-i-modernizacja\/"},{"@type":"ListItem","position":4,"name":"Tymczasowe niekorzystanie ze Spottera"}]},{"@type":"WebSite","@id":"https:\/\/www.spottergps.com\/pl\/#website","url":"https:\/\/www.spottergps.com\/pl\/","name":"Spotter - Polen","description":"GPS tracker dla wszystkiego, co kochasz","potentialAction":[{"@type":"SearchAction","target":{"@type":"EntryPoint","urlTemplate":"https:\/\/www.spottergps.com\/pl\/?s={search_term_string}"},"query-input":{"@type":"PropertyValueSpecification","valueRequired":true,"valueName":"search_term_string"}}],"inLanguage":"pl-PL"}]}},"_links":{"self":[{"href":"https:\/\/www.spottergps.com\/pl\/wp-json\/wp\/v2\/pages\/911","targetHints":{"allow":["GET"]}}],"collection":[{"href":"https:\/\/www.spottergps.com\/pl\/wp-json\/wp\/v2\/pages"}],"about":[{"href":"https:\/\/www.spottergps.com\/pl\/wp-json\/wp\/v2\/types\/page"}],"author":[{"embeddable":true,"href":"https:\/\/www.spottergps.com\/pl\/wp-json\/wp\/v2\/users\/14"}],"replies":[{"embeddable":true,"href":"https:\/\/www.spottergps.com\/pl\/wp-json\/wp\/v2\/comments?post=911"}],"version-history":[{"count":1,"href":"https:\/\/www.spottergps.com\/pl\/wp-json\/wp\/v2\/pages\/911\/revisions"}],"predecessor-version":[{"id":912,"href":"https:\/\/www.spottergps.com\/pl\/wp-json\/wp\/v2\/pages\/911\/revisions\/912"}],"up":[{"embeddable":true,"href":"https:\/\/www.spottergps.com\/pl\/wp-json\/wp\/v2\/pages\/656"}],"wp:attachment":[{"href":"https:\/\/www.spottergps.com\/pl\/wp-json\/wp\/v2\/media?parent=911"}],"wp:term":[{"taxonomy":"category","embeddable":true,"href":"https:\/\/www.spottergps.com\/pl\/wp-json\/wp\/v2\/categories?post=911"},{"taxonomy":"post_tag","embeddable":true,"href":"https:\/\/www.spottergps.com\/pl\/wp-json\/wp\/v2\/tags?post=911"}],"curies":[{"name":"wp","href":"https:\/\/api.w.org\/{rel}","templated":true}]}}