{"id":908,"date":"2025-04-02T11:43:27","date_gmt":"2025-04-02T11:43:27","guid":{"rendered":"https:\/\/www.spottergps.com\/pl\/?page_id=908"},"modified":"2025-04-02T11:43:28","modified_gmt":"2025-04-02T11:43:28","slug":"jakie-sa-koszty-polaczenia-ze-spotterem","status":"publish","type":"page","link":"https:\/\/www.spottergps.com\/pl\/faq-2\/koszty-i-modernizacja\/jakie-sa-koszty-polaczenia-ze-spotterem\/","title":{"rendered":"Jakie s\u0105 koszty po\u0142\u0105czenia ze Spotterem?"},"content":{"rendered":"\n<p class=\"\" data-start=\"48\" data-end=\"212\">Po\u0142\u0105czenie ze Spotterem nie jest obj\u0119te kredytem przedp\u0142aconym. Dzwonisz na europejski numer kom\u00f3rkowy, a op\u0142aty za po\u0142\u0105czenie zale\u017c\u0105 od taryfy Twojego operatora.<\/p>\n<p class=\"\" data-start=\"214\" data-end=\"637\">Wszystkie nasze urz\u0105dzenia s\u0105 wyposa\u017cone w zintegrowan\u0105 kart\u0119 SIM z roamingiem, co oznacza, \u017ce dzia\u0142aj\u0105 na wszystkich dost\u0119pnych sieciach kom\u00f3rkowych w ca\u0142ej Europie bez dodatkowych koszt\u00f3w. R\u00f3wnie\u017c w Polsce urz\u0105dzenia Spotter korzystaj\u0105 z wszystkich dost\u0119pnych sieci, poniewa\u017c nie chcemy by\u0107 zale\u017cni od zasi\u0119gu jednego operatora. Dzi\u0119ki temu Spotter zawsze \u0142\u0105czy si\u0119 z najlepsz\u0105 dost\u0119pn\u0105 sieci\u0105, niezale\u017cnie od dostawcy.<\/p>\n<p class=\"\" data-start=\"639\" data-end=\"748\">Istnieje r\u00f3wnie\u017c mo\u017cliwo\u015b\u0107 wykonania po\u0142\u0105czenia do Spottera za po\u015brednictwem Skype, co mo\u017ce by\u0107 ta\u0144sz\u0105 opcj\u0105.<\/p>\n","protected":false},"excerpt":{"rendered":"<p>Po\u0142\u0105czenie ze Spotterem nie jest obj\u0119te kredytem przedp\u0142aconym. Dzwonisz na europejski numer kom\u00f3rkowy, a op\u0142aty za po\u0142\u0105czenie zale\u017c\u0105 od taryfy Twojego operatora. Wszystkie nasze urz\u0105dzenia s\u0105 wyposa\u017cone w zintegrowan\u0105 kart\u0119 SIM z roamingiem, co oznacza, \u017ce dzia\u0142aj\u0105 na wszystkich dost\u0119pnych sieciach kom\u00f3rkowych w ca\u0142ej Europie bez dodatkowych koszt\u00f3w. R\u00f3wnie\u017c w Polsce urz\u0105dzenia Spotter korzystaj\u0105 z [&hellip;]<\/p>\n","protected":false},"author":14,"featured_media":0,"parent":656,"menu_order":0,"comment_status":"closed","ping_status":"closed","template":"faq-content.php","meta":{"_acf_changed":false,"footnotes":""},"categories":[5],"tags":[],"class_list":["post-908","page","type-page","status-publish","hentry","category-faq"],"acf":[],"yoast_head":"<!-- This site is optimized with the Yoast SEO plugin v25.9 - https:\/\/yoast.com\/wordpress\/plugins\/seo\/ -->\n<title>Jakie s\u0105 koszty po\u0142\u0105czenia ze Spotterem? - Spotter - Polen<\/title>\n<meta name=\"robots\" content=\"index, follow, max-snippet:-1, max-image-preview:large, max-video-preview:-1\" \/>\n<link rel=\"canonical\" href=\"https:\/\/www.spottergps.com\/pl\/faq-2\/koszty-i-modernizacja\/jakie-sa-koszty-polaczenia-ze-spotterem\/\" \/>\n<meta property=\"og:locale\" content=\"pl_PL\" \/>\n<meta property=\"og:type\" content=\"article\" \/>\n<meta property=\"og:title\" content=\"Jakie s\u0105 koszty po\u0142\u0105czenia ze Spotterem? - Spotter - Polen\" \/>\n<meta property=\"og:description\" content=\"Po\u0142\u0105czenie ze Spotterem nie jest obj\u0119te kredytem przedp\u0142aconym. Dzwonisz na europejski numer kom\u00f3rkowy, a op\u0142aty za po\u0142\u0105czenie zale\u017c\u0105 od taryfy Twojego operatora. Wszystkie nasze urz\u0105dzenia s\u0105 wyposa\u017cone w zintegrowan\u0105 kart\u0119 SIM z roamingiem, co oznacza, \u017ce dzia\u0142aj\u0105 na wszystkich dost\u0119pnych sieciach kom\u00f3rkowych w ca\u0142ej Europie bez dodatkowych koszt\u00f3w. R\u00f3wnie\u017c w Polsce urz\u0105dzenia Spotter korzystaj\u0105 z [&hellip;]\" \/>\n<meta property=\"og:url\" content=\"https:\/\/www.spottergps.com\/pl\/faq-2\/koszty-i-modernizacja\/jakie-sa-koszty-polaczenia-ze-spotterem\/\" \/>\n<meta property=\"og:site_name\" content=\"Spotter - Polen\" \/>\n<meta property=\"article:modified_time\" content=\"2025-04-02T11:43:28+00:00\" \/>\n<meta name=\"twitter:card\" content=\"summary_large_image\" \/>\n<meta name=\"twitter:label1\" content=\"Szacowany czas czytania\" \/>\n\t<meta name=\"twitter:data1\" content=\"1 minuta\" \/>\n<script type=\"application\/ld+json\" class=\"yoast-schema-graph\">{\"@context\":\"https:\/\/schema.org\",\"@graph\":[{\"@type\":\"WebPage\",\"@id\":\"https:\/\/www.spottergps.com\/pl\/faq-2\/koszty-i-modernizacja\/jakie-sa-koszty-polaczenia-ze-spotterem\/\",\"url\":\"https:\/\/www.spottergps.com\/pl\/faq-2\/koszty-i-modernizacja\/jakie-sa-koszty-polaczenia-ze-spotterem\/\",\"name\":\"Jakie s\u0105 koszty po\u0142\u0105czenia ze Spotterem? - Spotter - Polen\",\"isPartOf\":{\"@id\":\"https:\/\/www.spottergps.com\/pl\/#website\"},\"datePublished\":\"2025-04-02T11:43:27+00:00\",\"dateModified\":\"2025-04-02T11:43:28+00:00\",\"breadcrumb\":{\"@id\":\"https:\/\/www.spottergps.com\/pl\/faq-2\/koszty-i-modernizacja\/jakie-sa-koszty-polaczenia-ze-spotterem\/#breadcrumb\"},\"inLanguage\":\"pl-PL\",\"potentialAction\":[{\"@type\":\"ReadAction\",\"target\":[\"https:\/\/www.spottergps.com\/pl\/faq-2\/koszty-i-modernizacja\/jakie-sa-koszty-polaczenia-ze-spotterem\/\"]}]},{\"@type\":\"BreadcrumbList\",\"@id\":\"https:\/\/www.spottergps.com\/pl\/faq-2\/koszty-i-modernizacja\/jakie-sa-koszty-polaczenia-ze-spotterem\/#breadcrumb\",\"itemListElement\":[{\"@type\":\"ListItem\",\"position\":1,\"name\":\"Home\",\"item\":\"https:\/\/www.spottergps.com\/pl\/\"},{\"@type\":\"ListItem\",\"position\":2,\"name\":\"Jak mo\u017cemy ci pom\u00f3c?\",\"item\":\"https:\/\/www.spottergps.com\/pl\/faq-2\/\"},{\"@type\":\"ListItem\",\"position\":3,\"name\":\"Koszty i modernizacja\",\"item\":\"https:\/\/www.spottergps.com\/pl\/faq-2\/koszty-i-modernizacja\/\"},{\"@type\":\"ListItem\",\"position\":4,\"name\":\"Jakie s\u0105 koszty po\u0142\u0105czenia ze Spotterem?\"}]},{\"@type\":\"WebSite\",\"@id\":\"https:\/\/www.spottergps.com\/pl\/#website\",\"url\":\"https:\/\/www.spottergps.com\/pl\/\",\"name\":\"Spotter - Polen\",\"description\":\"GPS tracker dla wszystkiego, co kochasz\",\"potentialAction\":[{\"@type\":\"SearchAction\",\"target\":{\"@type\":\"EntryPoint\",\"urlTemplate\":\"https:\/\/www.spottergps.com\/pl\/?s={search_term_string}\"},\"query-input\":{\"@type\":\"PropertyValueSpecification\",\"valueRequired\":true,\"valueName\":\"search_term_string\"}}],\"inLanguage\":\"pl-PL\"}]}<\/script>\n<!-- \/ Yoast SEO plugin. -->","yoast_head_json":{"title":"Jakie s\u0105 koszty po\u0142\u0105czenia ze Spotterem? - Spotter - Polen","robots":{"index":"index","follow":"follow","max-snippet":"max-snippet:-1","max-image-preview":"max-image-preview:large","max-video-preview":"max-video-preview:-1"},"canonical":"https:\/\/www.spottergps.com\/pl\/faq-2\/koszty-i-modernizacja\/jakie-sa-koszty-polaczenia-ze-spotterem\/","og_locale":"pl_PL","og_type":"article","og_title":"Jakie s\u0105 koszty po\u0142\u0105czenia ze Spotterem? - Spotter - Polen","og_description":"Po\u0142\u0105czenie ze Spotterem nie jest obj\u0119te kredytem przedp\u0142aconym. Dzwonisz na europejski numer kom\u00f3rkowy, a op\u0142aty za po\u0142\u0105czenie zale\u017c\u0105 od taryfy Twojego operatora. Wszystkie nasze urz\u0105dzenia s\u0105 wyposa\u017cone w zintegrowan\u0105 kart\u0119 SIM z roamingiem, co oznacza, \u017ce dzia\u0142aj\u0105 na wszystkich dost\u0119pnych sieciach kom\u00f3rkowych w ca\u0142ej Europie bez dodatkowych koszt\u00f3w. R\u00f3wnie\u017c w Polsce urz\u0105dzenia Spotter korzystaj\u0105 z [&hellip;]","og_url":"https:\/\/www.spottergps.com\/pl\/faq-2\/koszty-i-modernizacja\/jakie-sa-koszty-polaczenia-ze-spotterem\/","og_site_name":"Spotter - Polen","article_modified_time":"2025-04-02T11:43:28+00:00","twitter_card":"summary_large_image","twitter_misc":{"Szacowany czas czytania":"1 minuta"},"schema":{"@context":"https:\/\/schema.org","@graph":[{"@type":"WebPage","@id":"https:\/\/www.spottergps.com\/pl\/faq-2\/koszty-i-modernizacja\/jakie-sa-koszty-polaczenia-ze-spotterem\/","url":"https:\/\/www.spottergps.com\/pl\/faq-2\/koszty-i-modernizacja\/jakie-sa-koszty-polaczenia-ze-spotterem\/","name":"Jakie s\u0105 koszty po\u0142\u0105czenia ze Spotterem? - Spotter - Polen","isPartOf":{"@id":"https:\/\/www.spottergps.com\/pl\/#website"},"datePublished":"2025-04-02T11:43:27+00:00","dateModified":"2025-04-02T11:43:28+00:00","breadcrumb":{"@id":"https:\/\/www.spottergps.com\/pl\/faq-2\/koszty-i-modernizacja\/jakie-sa-koszty-polaczenia-ze-spotterem\/#breadcrumb"},"inLanguage":"pl-PL","potentialAction":[{"@type":"ReadAction","target":["https:\/\/www.spottergps.com\/pl\/faq-2\/koszty-i-modernizacja\/jakie-sa-koszty-polaczenia-ze-spotterem\/"]}]},{"@type":"BreadcrumbList","@id":"https:\/\/www.spottergps.com\/pl\/faq-2\/koszty-i-modernizacja\/jakie-sa-koszty-polaczenia-ze-spotterem\/#breadcrumb","itemListElement":[{"@type":"ListItem","position":1,"name":"Home","item":"https:\/\/www.spottergps.com\/pl\/"},{"@type":"ListItem","position":2,"name":"Jak mo\u017cemy ci pom\u00f3c?","item":"https:\/\/www.spottergps.com\/pl\/faq-2\/"},{"@type":"ListItem","position":3,"name":"Koszty i modernizacja","item":"https:\/\/www.spottergps.com\/pl\/faq-2\/koszty-i-modernizacja\/"},{"@type":"ListItem","position":4,"name":"Jakie s\u0105 koszty po\u0142\u0105czenia ze Spotterem?"}]},{"@type":"WebSite","@id":"https:\/\/www.spottergps.com\/pl\/#website","url":"https:\/\/www.spottergps.com\/pl\/","name":"Spotter - Polen","description":"GPS tracker dla wszystkiego, co kochasz","potentialAction":[{"@type":"SearchAction","target":{"@type":"EntryPoint","urlTemplate":"https:\/\/www.spottergps.com\/pl\/?s={search_term_string}"},"query-input":{"@type":"PropertyValueSpecification","valueRequired":true,"valueName":"search_term_string"}}],"inLanguage":"pl-PL"}]}},"_links":{"self":[{"href":"https:\/\/www.spottergps.com\/pl\/wp-json\/wp\/v2\/pages\/908","targetHints":{"allow":["GET"]}}],"collection":[{"href":"https:\/\/www.spottergps.com\/pl\/wp-json\/wp\/v2\/pages"}],"about":[{"href":"https:\/\/www.spottergps.com\/pl\/wp-json\/wp\/v2\/types\/page"}],"author":[{"embeddable":true,"href":"https:\/\/www.spottergps.com\/pl\/wp-json\/wp\/v2\/users\/14"}],"replies":[{"embeddable":true,"href":"https:\/\/www.spottergps.com\/pl\/wp-json\/wp\/v2\/comments?post=908"}],"version-history":[{"count":1,"href":"https:\/\/www.spottergps.com\/pl\/wp-json\/wp\/v2\/pages\/908\/revisions"}],"predecessor-version":[{"id":909,"href":"https:\/\/www.spottergps.com\/pl\/wp-json\/wp\/v2\/pages\/908\/revisions\/909"}],"up":[{"embeddable":true,"href":"https:\/\/www.spottergps.com\/pl\/wp-json\/wp\/v2\/pages\/656"}],"wp:attachment":[{"href":"https:\/\/www.spottergps.com\/pl\/wp-json\/wp\/v2\/media?parent=908"}],"wp:term":[{"taxonomy":"category","embeddable":true,"href":"https:\/\/www.spottergps.com\/pl\/wp-json\/wp\/v2\/categories?post=908"},{"taxonomy":"post_tag","embeddable":true,"href":"https:\/\/www.spottergps.com\/pl\/wp-json\/wp\/v2\/tags?post=908"}],"curies":[{"name":"wp","href":"https:\/\/api.w.org\/{rel}","templated":true}]}}