{"id":903,"date":"2025-04-02T11:36:52","date_gmt":"2025-04-02T11:36:52","guid":{"rendered":"https:\/\/www.spottergps.com\/pl\/?page_id=903"},"modified":"2025-04-02T11:38:56","modified_gmt":"2025-04-02T11:38:56","slug":"doladowanie-kredytu-przedplaconego","status":"publish","type":"page","link":"https:\/\/www.spottergps.com\/pl\/faq-2\/koszty-i-modernizacja\/doladowanie-kredytu-przedplaconego\/","title":{"rendered":"Do\u0142adowanie kredytu przedp\u0142aconego"},"content":{"rendered":"\n<table style=\"width: 37.4583%\">\n<tbody>\n<tr>\n<th style=\"width: 58.9354%;text-align: left\">Liczba miesi\u0119cy u\u017cytkowania<\/th>\n<th style=\"width: 75.4458%;text-align: left\">Cena<\/th>\n<\/tr>\n<tr>\n<td style=\"width: 58.9354%\">3 miesi\u0105ce<\/td>\n<td style=\"width: 75.4458%\">30 z\u0142 miesi\u0119cznie<\/td>\n<\/tr>\n<tr>\n<td style=\"width: 58.9354%\">6 miesi\u0119cy<\/td>\n<td style=\"width: 75.4458%\">26 z\u0142 miesi\u0119cznie<\/td>\n<\/tr>\n<tr>\n<td style=\"width: 58.9354%\">12 miesi\u0119cy<\/td>\n<td style=\"width: 75.4458%\">22 z\u0142 miesi\u0119cznie<\/td>\n<\/tr>\n<\/tbody>\n<\/table>\n<table style=\"width: 37.4491%\">\n<tbody>\n<tr>\n<td style=\"width: 59.1767%\">24 miesi\u0119cy<\/td>\n<td style=\"width: 78.2053%\">19 z\u0142 miesi\u0119cznie<\/td>\n<\/tr>\n<\/tbody>\n<\/table>\n<p><span style=\"font-size: 8pt\"><em>Ceny zawieraj\u0105 podatek VAT.<\/em><\/span><\/p>\n<p class=\"\" data-start=\"42\" data-end=\"319\">Wybierz preferowany okres kredytu przedp\u0142aconego i wpisz sw\u00f3j adres, klikaj\u0105c \u201eedytuj\u201d. Zapisz zmiany, wybierz Spotter, kt\u00f3ry chcesz do\u0142adowa\u0107, i kliknij zielony przycisk \u201ePrzejd\u017a do zam\u00f3wienia\u201d. Zostaniesz przekierowany do sklepu Spotter, gdzie mo\u017cesz sfinalizowa\u0107 p\u0142atno\u015b\u0107.<\/p>\n<p class=\"\" data-start=\"321\" data-end=\"503\">Nie musisz do\u0142adowywa\u0107 Spottera od razu po wyczerpaniu kredytu. Mo\u017cesz na przyk\u0142ad przez 3 miesi\u0105ce nie korzysta\u0107 z urz\u0105dzenia, a nast\u0119pnie aktywowa\u0107 nowy kredyt w dowolnym momencie.<\/p>\n","protected":false},"excerpt":{"rendered":"<p>Liczba miesi\u0119cy u\u017cytkowania Cena 3 miesi\u0105ce 30 z\u0142 miesi\u0119cznie 6 miesi\u0119cy 26 z\u0142 miesi\u0119cznie 12 miesi\u0119cy 22 z\u0142 miesi\u0119cznie 24 miesi\u0119cy 19 z\u0142 miesi\u0119cznie Ceny zawieraj\u0105 podatek VAT. Wybierz preferowany okres kredytu przedp\u0142aconego i wpisz sw\u00f3j adres, klikaj\u0105c \u201eedytuj\u201d. Zapisz zmiany, wybierz Spotter, kt\u00f3ry chcesz do\u0142adowa\u0107, i kliknij zielony przycisk \u201ePrzejd\u017a do zam\u00f3wienia\u201d. Zostaniesz przekierowany [&hellip;]<\/p>\n","protected":false},"author":14,"featured_media":0,"parent":656,"menu_order":0,"comment_status":"closed","ping_status":"closed","template":"faq-content.php","meta":{"_acf_changed":false,"footnotes":""},"categories":[5],"tags":[],"class_list":["post-903","page","type-page","status-publish","hentry","category-faq"],"acf":[],"yoast_head":"<!-- This site is optimized with the Yoast SEO plugin v25.9 - https:\/\/yoast.com\/wordpress\/plugins\/seo\/ -->\n<title>Do\u0142adowanie kredytu przedp\u0142aconego - Spotter - Polen<\/title>\n<meta name=\"robots\" content=\"index, follow, max-snippet:-1, max-image-preview:large, max-video-preview:-1\" \/>\n<link rel=\"canonical\" href=\"https:\/\/www.spottergps.com\/pl\/faq-2\/koszty-i-modernizacja\/doladowanie-kredytu-przedplaconego\/\" \/>\n<meta property=\"og:locale\" content=\"pl_PL\" \/>\n<meta property=\"og:type\" content=\"article\" \/>\n<meta property=\"og:title\" content=\"Do\u0142adowanie kredytu przedp\u0142aconego - Spotter - Polen\" \/>\n<meta property=\"og:description\" content=\"Liczba miesi\u0119cy u\u017cytkowania Cena 3 miesi\u0105ce 30 z\u0142 miesi\u0119cznie 6 miesi\u0119cy 26 z\u0142 miesi\u0119cznie 12 miesi\u0119cy 22 z\u0142 miesi\u0119cznie 24 miesi\u0119cy 19 z\u0142 miesi\u0119cznie Ceny zawieraj\u0105 podatek VAT. Wybierz preferowany okres kredytu przedp\u0142aconego i wpisz sw\u00f3j adres, klikaj\u0105c \u201eedytuj\u201d. Zapisz zmiany, wybierz Spotter, kt\u00f3ry chcesz do\u0142adowa\u0107, i kliknij zielony przycisk \u201ePrzejd\u017a do zam\u00f3wienia\u201d. Zostaniesz przekierowany [&hellip;]\" \/>\n<meta property=\"og:url\" content=\"https:\/\/www.spottergps.com\/pl\/faq-2\/koszty-i-modernizacja\/doladowanie-kredytu-przedplaconego\/\" \/>\n<meta property=\"og:site_name\" content=\"Spotter - Polen\" \/>\n<meta property=\"article:modified_time\" content=\"2025-04-02T11:38:56+00:00\" \/>\n<meta name=\"twitter:card\" content=\"summary_large_image\" \/>\n<meta name=\"twitter:label1\" content=\"Szacowany czas czytania\" \/>\n\t<meta name=\"twitter:data1\" content=\"1 minuta\" \/>\n<script type=\"application\/ld+json\" class=\"yoast-schema-graph\">{\"@context\":\"https:\/\/schema.org\",\"@graph\":[{\"@type\":\"WebPage\",\"@id\":\"https:\/\/www.spottergps.com\/pl\/faq-2\/koszty-i-modernizacja\/doladowanie-kredytu-przedplaconego\/\",\"url\":\"https:\/\/www.spottergps.com\/pl\/faq-2\/koszty-i-modernizacja\/doladowanie-kredytu-przedplaconego\/\",\"name\":\"Do\u0142adowanie kredytu przedp\u0142aconego - Spotter - Polen\",\"isPartOf\":{\"@id\":\"https:\/\/www.spottergps.com\/pl\/#website\"},\"datePublished\":\"2025-04-02T11:36:52+00:00\",\"dateModified\":\"2025-04-02T11:38:56+00:00\",\"breadcrumb\":{\"@id\":\"https:\/\/www.spottergps.com\/pl\/faq-2\/koszty-i-modernizacja\/doladowanie-kredytu-przedplaconego\/#breadcrumb\"},\"inLanguage\":\"pl-PL\",\"potentialAction\":[{\"@type\":\"ReadAction\",\"target\":[\"https:\/\/www.spottergps.com\/pl\/faq-2\/koszty-i-modernizacja\/doladowanie-kredytu-przedplaconego\/\"]}]},{\"@type\":\"BreadcrumbList\",\"@id\":\"https:\/\/www.spottergps.com\/pl\/faq-2\/koszty-i-modernizacja\/doladowanie-kredytu-przedplaconego\/#breadcrumb\",\"itemListElement\":[{\"@type\":\"ListItem\",\"position\":1,\"name\":\"Home\",\"item\":\"https:\/\/www.spottergps.com\/pl\/\"},{\"@type\":\"ListItem\",\"position\":2,\"name\":\"Jak mo\u017cemy ci pom\u00f3c?\",\"item\":\"https:\/\/www.spottergps.com\/pl\/faq-2\/\"},{\"@type\":\"ListItem\",\"position\":3,\"name\":\"Koszty i modernizacja\",\"item\":\"https:\/\/www.spottergps.com\/pl\/faq-2\/koszty-i-modernizacja\/\"},{\"@type\":\"ListItem\",\"position\":4,\"name\":\"Do\u0142adowanie kredytu przedp\u0142aconego\"}]},{\"@type\":\"WebSite\",\"@id\":\"https:\/\/www.spottergps.com\/pl\/#website\",\"url\":\"https:\/\/www.spottergps.com\/pl\/\",\"name\":\"Spotter - Polen\",\"description\":\"GPS tracker dla wszystkiego, co kochasz\",\"potentialAction\":[{\"@type\":\"SearchAction\",\"target\":{\"@type\":\"EntryPoint\",\"urlTemplate\":\"https:\/\/www.spottergps.com\/pl\/?s={search_term_string}\"},\"query-input\":{\"@type\":\"PropertyValueSpecification\",\"valueRequired\":true,\"valueName\":\"search_term_string\"}}],\"inLanguage\":\"pl-PL\"}]}<\/script>\n<!-- \/ Yoast SEO plugin. -->","yoast_head_json":{"title":"Do\u0142adowanie kredytu przedp\u0142aconego - Spotter - Polen","robots":{"index":"index","follow":"follow","max-snippet":"max-snippet:-1","max-image-preview":"max-image-preview:large","max-video-preview":"max-video-preview:-1"},"canonical":"https:\/\/www.spottergps.com\/pl\/faq-2\/koszty-i-modernizacja\/doladowanie-kredytu-przedplaconego\/","og_locale":"pl_PL","og_type":"article","og_title":"Do\u0142adowanie kredytu przedp\u0142aconego - Spotter - Polen","og_description":"Liczba miesi\u0119cy u\u017cytkowania Cena 3 miesi\u0105ce 30 z\u0142 miesi\u0119cznie 6 miesi\u0119cy 26 z\u0142 miesi\u0119cznie 12 miesi\u0119cy 22 z\u0142 miesi\u0119cznie 24 miesi\u0119cy 19 z\u0142 miesi\u0119cznie Ceny zawieraj\u0105 podatek VAT. Wybierz preferowany okres kredytu przedp\u0142aconego i wpisz sw\u00f3j adres, klikaj\u0105c \u201eedytuj\u201d. Zapisz zmiany, wybierz Spotter, kt\u00f3ry chcesz do\u0142adowa\u0107, i kliknij zielony przycisk \u201ePrzejd\u017a do zam\u00f3wienia\u201d. Zostaniesz przekierowany [&hellip;]","og_url":"https:\/\/www.spottergps.com\/pl\/faq-2\/koszty-i-modernizacja\/doladowanie-kredytu-przedplaconego\/","og_site_name":"Spotter - Polen","article_modified_time":"2025-04-02T11:38:56+00:00","twitter_card":"summary_large_image","twitter_misc":{"Szacowany czas czytania":"1 minuta"},"schema":{"@context":"https:\/\/schema.org","@graph":[{"@type":"WebPage","@id":"https:\/\/www.spottergps.com\/pl\/faq-2\/koszty-i-modernizacja\/doladowanie-kredytu-przedplaconego\/","url":"https:\/\/www.spottergps.com\/pl\/faq-2\/koszty-i-modernizacja\/doladowanie-kredytu-przedplaconego\/","name":"Do\u0142adowanie kredytu przedp\u0142aconego - Spotter - Polen","isPartOf":{"@id":"https:\/\/www.spottergps.com\/pl\/#website"},"datePublished":"2025-04-02T11:36:52+00:00","dateModified":"2025-04-02T11:38:56+00:00","breadcrumb":{"@id":"https:\/\/www.spottergps.com\/pl\/faq-2\/koszty-i-modernizacja\/doladowanie-kredytu-przedplaconego\/#breadcrumb"},"inLanguage":"pl-PL","potentialAction":[{"@type":"ReadAction","target":["https:\/\/www.spottergps.com\/pl\/faq-2\/koszty-i-modernizacja\/doladowanie-kredytu-przedplaconego\/"]}]},{"@type":"BreadcrumbList","@id":"https:\/\/www.spottergps.com\/pl\/faq-2\/koszty-i-modernizacja\/doladowanie-kredytu-przedplaconego\/#breadcrumb","itemListElement":[{"@type":"ListItem","position":1,"name":"Home","item":"https:\/\/www.spottergps.com\/pl\/"},{"@type":"ListItem","position":2,"name":"Jak mo\u017cemy ci pom\u00f3c?","item":"https:\/\/www.spottergps.com\/pl\/faq-2\/"},{"@type":"ListItem","position":3,"name":"Koszty i modernizacja","item":"https:\/\/www.spottergps.com\/pl\/faq-2\/koszty-i-modernizacja\/"},{"@type":"ListItem","position":4,"name":"Do\u0142adowanie kredytu przedp\u0142aconego"}]},{"@type":"WebSite","@id":"https:\/\/www.spottergps.com\/pl\/#website","url":"https:\/\/www.spottergps.com\/pl\/","name":"Spotter - Polen","description":"GPS tracker dla wszystkiego, co kochasz","potentialAction":[{"@type":"SearchAction","target":{"@type":"EntryPoint","urlTemplate":"https:\/\/www.spottergps.com\/pl\/?s={search_term_string}"},"query-input":{"@type":"PropertyValueSpecification","valueRequired":true,"valueName":"search_term_string"}}],"inLanguage":"pl-PL"}]}},"_links":{"self":[{"href":"https:\/\/www.spottergps.com\/pl\/wp-json\/wp\/v2\/pages\/903","targetHints":{"allow":["GET"]}}],"collection":[{"href":"https:\/\/www.spottergps.com\/pl\/wp-json\/wp\/v2\/pages"}],"about":[{"href":"https:\/\/www.spottergps.com\/pl\/wp-json\/wp\/v2\/types\/page"}],"author":[{"embeddable":true,"href":"https:\/\/www.spottergps.com\/pl\/wp-json\/wp\/v2\/users\/14"}],"replies":[{"embeddable":true,"href":"https:\/\/www.spottergps.com\/pl\/wp-json\/wp\/v2\/comments?post=903"}],"version-history":[{"count":2,"href":"https:\/\/www.spottergps.com\/pl\/wp-json\/wp\/v2\/pages\/903\/revisions"}],"predecessor-version":[{"id":906,"href":"https:\/\/www.spottergps.com\/pl\/wp-json\/wp\/v2\/pages\/903\/revisions\/906"}],"up":[{"embeddable":true,"href":"https:\/\/www.spottergps.com\/pl\/wp-json\/wp\/v2\/pages\/656"}],"wp:attachment":[{"href":"https:\/\/www.spottergps.com\/pl\/wp-json\/wp\/v2\/media?parent=903"}],"wp:term":[{"taxonomy":"category","embeddable":true,"href":"https:\/\/www.spottergps.com\/pl\/wp-json\/wp\/v2\/categories?post=903"},{"taxonomy":"post_tag","embeddable":true,"href":"https:\/\/www.spottergps.com\/pl\/wp-json\/wp\/v2\/tags?post=903"}],"curies":[{"name":"wp","href":"https:\/\/api.w.org\/{rel}","templated":true}]}}