{"id":900,"date":"2025-04-02T11:33:53","date_gmt":"2025-04-02T11:33:53","guid":{"rendered":"https:\/\/www.spottergps.com\/pl\/?page_id=900"},"modified":"2025-04-02T11:33:54","modified_gmt":"2025-04-02T11:33:54","slug":"jak-dziala-kredyt-przedplacony","status":"publish","type":"page","link":"https:\/\/www.spottergps.com\/pl\/faq-2\/koszty-i-modernizacja\/jak-dziala-kredyt-przedplacony\/","title":{"rendered":"Jak dzia\u0142a kredyt przedp\u0142acony?"},"content":{"rendered":"\n<p class=\"\" data-start=\"35\" data-end=\"284\">Nie jeste\u015b zwi\u0105zany \u017cadnymi umowami ani kosztami abonamentowymi. Ka\u017cde urz\u0105dzenie jest standardowo wyposa\u017cone w zintegrowan\u0105, zabezpieczon\u0105 kart\u0119 SIM, kt\u00f3ra dzia\u0142a na zasadzie <a href=\"https:\/\/www.spottergps.com\/pl\/stawki-za-uzytkowanie\/\">kredytu przedp\u0142aconego<\/a>. Nie musisz wi\u0119c samodzielnie kupowa\u0107 karty SIM.<\/p>\n<p class=\"\" data-start=\"286\" data-end=\"510\">Nasze produkty dzia\u0142aj\u0105 na zasadzie przedp\u0142aconego kredytu. Do\u0142adowujesz Spotter, gdy chcesz go u\u017cywa\u0107. Mo\u017cesz wybra\u0107 kredyt na 3, 6, 12 lub 24 miesi\u0105ce. W tym okresie mo\u017cesz korzysta\u0107 ze wszystkich funkcji bez ogranicze\u0144.<\/p>\n<p class=\"\" data-start=\"512\" data-end=\"555\">Wyja\u015bniamy, jak dzia\u0142a kredyt przedp\u0142acony:<\/p>\n<p data-start=\"512\" data-end=\"555\">\u00a0<\/p>\n\n\n\n<figure class=\"wp-block-embed is-type-video is-provider-youtube wp-block-embed-youtube wp-embed-aspect-16-9 wp-has-aspect-ratio\"><div class=\"wp-block-embed__wrapper\">\n<iframe loading=\"lazy\" title=\"Odkryj, jak dzia\u0142aj\u0105 koszty u\u017cytkowania Spotter\u00ae\" width=\"500\" height=\"281\" src=\"https:\/\/www.youtube.com\/embed\/_qZsiQpYYuQ?feature=oembed\" frameborder=\"0\" allow=\"accelerometer; autoplay; clipboard-write; encrypted-media; gyroscope; picture-in-picture; web-share\" referrerpolicy=\"strict-origin-when-cross-origin\" allowfullscreen><\/iframe>\n<\/div><\/figure>\n","protected":false},"excerpt":{"rendered":"<p>Nie jeste\u015b zwi\u0105zany \u017cadnymi umowami ani kosztami abonamentowymi. Ka\u017cde urz\u0105dzenie jest standardowo wyposa\u017cone w zintegrowan\u0105, zabezpieczon\u0105 kart\u0119 SIM, kt\u00f3ra dzia\u0142a na zasadzie kredytu przedp\u0142aconego. Nie musisz wi\u0119c samodzielnie kupowa\u0107 karty SIM. Nasze produkty dzia\u0142aj\u0105 na zasadzie przedp\u0142aconego kredytu. Do\u0142adowujesz Spotter, gdy chcesz go u\u017cywa\u0107. Mo\u017cesz wybra\u0107 kredyt na 3, 6, 12 lub 24 miesi\u0105ce. W [&hellip;]<\/p>\n","protected":false},"author":14,"featured_media":0,"parent":656,"menu_order":0,"comment_status":"closed","ping_status":"closed","template":"faq-content.php","meta":{"_acf_changed":false,"footnotes":""},"categories":[5],"tags":[],"class_list":["post-900","page","type-page","status-publish","hentry","category-faq"],"acf":[],"yoast_head":"<!-- This site is optimized with the Yoast SEO plugin v25.9 - https:\/\/yoast.com\/wordpress\/plugins\/seo\/ -->\n<title>Jak dzia\u0142a kredyt przedp\u0142acony? - Spotter - Polen<\/title>\n<meta name=\"robots\" content=\"index, follow, max-snippet:-1, max-image-preview:large, max-video-preview:-1\" \/>\n<link rel=\"canonical\" href=\"https:\/\/www.spottergps.com\/pl\/faq-2\/koszty-i-modernizacja\/jak-dziala-kredyt-przedplacony\/\" \/>\n<meta property=\"og:locale\" content=\"pl_PL\" \/>\n<meta property=\"og:type\" content=\"article\" \/>\n<meta property=\"og:title\" content=\"Jak dzia\u0142a kredyt przedp\u0142acony? - Spotter - Polen\" \/>\n<meta property=\"og:description\" content=\"Nie jeste\u015b zwi\u0105zany \u017cadnymi umowami ani kosztami abonamentowymi. Ka\u017cde urz\u0105dzenie jest standardowo wyposa\u017cone w zintegrowan\u0105, zabezpieczon\u0105 kart\u0119 SIM, kt\u00f3ra dzia\u0142a na zasadzie kredytu przedp\u0142aconego. Nie musisz wi\u0119c samodzielnie kupowa\u0107 karty SIM. Nasze produkty dzia\u0142aj\u0105 na zasadzie przedp\u0142aconego kredytu. Do\u0142adowujesz Spotter, gdy chcesz go u\u017cywa\u0107. Mo\u017cesz wybra\u0107 kredyt na 3, 6, 12 lub 24 miesi\u0105ce. W [&hellip;]\" \/>\n<meta property=\"og:url\" content=\"https:\/\/www.spottergps.com\/pl\/faq-2\/koszty-i-modernizacja\/jak-dziala-kredyt-przedplacony\/\" \/>\n<meta property=\"og:site_name\" content=\"Spotter - Polen\" \/>\n<meta property=\"article:modified_time\" content=\"2025-04-02T11:33:54+00:00\" \/>\n<meta name=\"twitter:card\" content=\"summary_large_image\" \/>\n<meta name=\"twitter:label1\" content=\"Szacowany czas czytania\" \/>\n\t<meta name=\"twitter:data1\" content=\"1 minuta\" \/>\n<script type=\"application\/ld+json\" class=\"yoast-schema-graph\">{\"@context\":\"https:\/\/schema.org\",\"@graph\":[{\"@type\":\"WebPage\",\"@id\":\"https:\/\/www.spottergps.com\/pl\/faq-2\/koszty-i-modernizacja\/jak-dziala-kredyt-przedplacony\/\",\"url\":\"https:\/\/www.spottergps.com\/pl\/faq-2\/koszty-i-modernizacja\/jak-dziala-kredyt-przedplacony\/\",\"name\":\"Jak dzia\u0142a kredyt przedp\u0142acony? - Spotter - Polen\",\"isPartOf\":{\"@id\":\"https:\/\/www.spottergps.com\/pl\/#website\"},\"datePublished\":\"2025-04-02T11:33:53+00:00\",\"dateModified\":\"2025-04-02T11:33:54+00:00\",\"breadcrumb\":{\"@id\":\"https:\/\/www.spottergps.com\/pl\/faq-2\/koszty-i-modernizacja\/jak-dziala-kredyt-przedplacony\/#breadcrumb\"},\"inLanguage\":\"pl-PL\",\"potentialAction\":[{\"@type\":\"ReadAction\",\"target\":[\"https:\/\/www.spottergps.com\/pl\/faq-2\/koszty-i-modernizacja\/jak-dziala-kredyt-przedplacony\/\"]}]},{\"@type\":\"BreadcrumbList\",\"@id\":\"https:\/\/www.spottergps.com\/pl\/faq-2\/koszty-i-modernizacja\/jak-dziala-kredyt-przedplacony\/#breadcrumb\",\"itemListElement\":[{\"@type\":\"ListItem\",\"position\":1,\"name\":\"Home\",\"item\":\"https:\/\/www.spottergps.com\/pl\/\"},{\"@type\":\"ListItem\",\"position\":2,\"name\":\"Jak mo\u017cemy ci pom\u00f3c?\",\"item\":\"https:\/\/www.spottergps.com\/pl\/faq-2\/\"},{\"@type\":\"ListItem\",\"position\":3,\"name\":\"Koszty i modernizacja\",\"item\":\"https:\/\/www.spottergps.com\/pl\/faq-2\/koszty-i-modernizacja\/\"},{\"@type\":\"ListItem\",\"position\":4,\"name\":\"Jak dzia\u0142a kredyt przedp\u0142acony?\"}]},{\"@type\":\"WebSite\",\"@id\":\"https:\/\/www.spottergps.com\/pl\/#website\",\"url\":\"https:\/\/www.spottergps.com\/pl\/\",\"name\":\"Spotter - Polen\",\"description\":\"GPS tracker dla wszystkiego, co kochasz\",\"potentialAction\":[{\"@type\":\"SearchAction\",\"target\":{\"@type\":\"EntryPoint\",\"urlTemplate\":\"https:\/\/www.spottergps.com\/pl\/?s={search_term_string}\"},\"query-input\":{\"@type\":\"PropertyValueSpecification\",\"valueRequired\":true,\"valueName\":\"search_term_string\"}}],\"inLanguage\":\"pl-PL\"}]}<\/script>\n<!-- \/ Yoast SEO plugin. -->","yoast_head_json":{"title":"Jak dzia\u0142a kredyt przedp\u0142acony? - Spotter - Polen","robots":{"index":"index","follow":"follow","max-snippet":"max-snippet:-1","max-image-preview":"max-image-preview:large","max-video-preview":"max-video-preview:-1"},"canonical":"https:\/\/www.spottergps.com\/pl\/faq-2\/koszty-i-modernizacja\/jak-dziala-kredyt-przedplacony\/","og_locale":"pl_PL","og_type":"article","og_title":"Jak dzia\u0142a kredyt przedp\u0142acony? - Spotter - Polen","og_description":"Nie jeste\u015b zwi\u0105zany \u017cadnymi umowami ani kosztami abonamentowymi. Ka\u017cde urz\u0105dzenie jest standardowo wyposa\u017cone w zintegrowan\u0105, zabezpieczon\u0105 kart\u0119 SIM, kt\u00f3ra dzia\u0142a na zasadzie kredytu przedp\u0142aconego. Nie musisz wi\u0119c samodzielnie kupowa\u0107 karty SIM. Nasze produkty dzia\u0142aj\u0105 na zasadzie przedp\u0142aconego kredytu. Do\u0142adowujesz Spotter, gdy chcesz go u\u017cywa\u0107. Mo\u017cesz wybra\u0107 kredyt na 3, 6, 12 lub 24 miesi\u0105ce. W [&hellip;]","og_url":"https:\/\/www.spottergps.com\/pl\/faq-2\/koszty-i-modernizacja\/jak-dziala-kredyt-przedplacony\/","og_site_name":"Spotter - Polen","article_modified_time":"2025-04-02T11:33:54+00:00","twitter_card":"summary_large_image","twitter_misc":{"Szacowany czas czytania":"1 minuta"},"schema":{"@context":"https:\/\/schema.org","@graph":[{"@type":"WebPage","@id":"https:\/\/www.spottergps.com\/pl\/faq-2\/koszty-i-modernizacja\/jak-dziala-kredyt-przedplacony\/","url":"https:\/\/www.spottergps.com\/pl\/faq-2\/koszty-i-modernizacja\/jak-dziala-kredyt-przedplacony\/","name":"Jak dzia\u0142a kredyt przedp\u0142acony? - Spotter - Polen","isPartOf":{"@id":"https:\/\/www.spottergps.com\/pl\/#website"},"datePublished":"2025-04-02T11:33:53+00:00","dateModified":"2025-04-02T11:33:54+00:00","breadcrumb":{"@id":"https:\/\/www.spottergps.com\/pl\/faq-2\/koszty-i-modernizacja\/jak-dziala-kredyt-przedplacony\/#breadcrumb"},"inLanguage":"pl-PL","potentialAction":[{"@type":"ReadAction","target":["https:\/\/www.spottergps.com\/pl\/faq-2\/koszty-i-modernizacja\/jak-dziala-kredyt-przedplacony\/"]}]},{"@type":"BreadcrumbList","@id":"https:\/\/www.spottergps.com\/pl\/faq-2\/koszty-i-modernizacja\/jak-dziala-kredyt-przedplacony\/#breadcrumb","itemListElement":[{"@type":"ListItem","position":1,"name":"Home","item":"https:\/\/www.spottergps.com\/pl\/"},{"@type":"ListItem","position":2,"name":"Jak mo\u017cemy ci pom\u00f3c?","item":"https:\/\/www.spottergps.com\/pl\/faq-2\/"},{"@type":"ListItem","position":3,"name":"Koszty i modernizacja","item":"https:\/\/www.spottergps.com\/pl\/faq-2\/koszty-i-modernizacja\/"},{"@type":"ListItem","position":4,"name":"Jak dzia\u0142a kredyt przedp\u0142acony?"}]},{"@type":"WebSite","@id":"https:\/\/www.spottergps.com\/pl\/#website","url":"https:\/\/www.spottergps.com\/pl\/","name":"Spotter - Polen","description":"GPS tracker dla wszystkiego, co kochasz","potentialAction":[{"@type":"SearchAction","target":{"@type":"EntryPoint","urlTemplate":"https:\/\/www.spottergps.com\/pl\/?s={search_term_string}"},"query-input":{"@type":"PropertyValueSpecification","valueRequired":true,"valueName":"search_term_string"}}],"inLanguage":"pl-PL"}]}},"_links":{"self":[{"href":"https:\/\/www.spottergps.com\/pl\/wp-json\/wp\/v2\/pages\/900","targetHints":{"allow":["GET"]}}],"collection":[{"href":"https:\/\/www.spottergps.com\/pl\/wp-json\/wp\/v2\/pages"}],"about":[{"href":"https:\/\/www.spottergps.com\/pl\/wp-json\/wp\/v2\/types\/page"}],"author":[{"embeddable":true,"href":"https:\/\/www.spottergps.com\/pl\/wp-json\/wp\/v2\/users\/14"}],"replies":[{"embeddable":true,"href":"https:\/\/www.spottergps.com\/pl\/wp-json\/wp\/v2\/comments?post=900"}],"version-history":[{"count":1,"href":"https:\/\/www.spottergps.com\/pl\/wp-json\/wp\/v2\/pages\/900\/revisions"}],"predecessor-version":[{"id":901,"href":"https:\/\/www.spottergps.com\/pl\/wp-json\/wp\/v2\/pages\/900\/revisions\/901"}],"up":[{"embeddable":true,"href":"https:\/\/www.spottergps.com\/pl\/wp-json\/wp\/v2\/pages\/656"}],"wp:attachment":[{"href":"https:\/\/www.spottergps.com\/pl\/wp-json\/wp\/v2\/media?parent=900"}],"wp:term":[{"taxonomy":"category","embeddable":true,"href":"https:\/\/www.spottergps.com\/pl\/wp-json\/wp\/v2\/categories?post=900"},{"taxonomy":"post_tag","embeddable":true,"href":"https:\/\/www.spottergps.com\/pl\/wp-json\/wp\/v2\/tags?post=900"}],"curies":[{"name":"wp","href":"https:\/\/api.w.org\/{rel}","templated":true}]}}