{"id":897,"date":"2025-04-02T11:27:38","date_gmt":"2025-04-02T11:27:38","guid":{"rendered":"https:\/\/www.spottergps.com\/pl\/?page_id=897"},"modified":"2025-04-02T11:27:39","modified_gmt":"2025-04-02T11:27:39","slug":"ile-kosztuje-spotter","status":"publish","type":"page","link":"https:\/\/www.spottergps.com\/pl\/faq-2\/koszty-i-modernizacja\/ile-kosztuje-spotter\/","title":{"rendered":"Ile kosztuje Spotter?"},"content":{"rendered":"\n<p>Wszystkie nasze produkty s\u0105 bardzo przyst\u0119pne cenowo, zar\u00f3wno przy zakupie, jak i podczas u\u017cytkowania. Dodatkowo nie jeste\u015b zwi\u0105zany \u017cadn\u0105 subskrypcj\u0105 ani umow\u0105, poniewa\u017c produkty dzia\u0142aj\u0105 na zasadzie przedp\u0142aconego kredytu. Uzupe\u0142niasz kredyt, gdy chcesz go u\u017cywa\u0107. Mo\u017cesz wybra\u0107 kredyt przedp\u0142acony na 3, 6, 12 lub 24 miesi\u0105ce. W tym okresie mo\u017cesz korzysta\u0107 ze wszystkich funkcji bez ogranicze\u0144, z wyj\u0105tkiem dzwonienia. Dzwonienie odbywa si\u0119 teraz z Twojego telefonu, a koszty po\u0142\u0105cze\u0144 pokrywa Tw\u00f3j operator.<\/p>\n<p><\/p>\n<h2 class=\"wp-block-heading\">Producty<\/h2>\n<p> <\/p>\n<figure class=\"wp-block-table\">\n<table style=\"width: 100%;height: 206px\">\n<tbody>\n<tr style=\"height: 26px\">\n<td style=\"height: 26px;width: 43.1667%\"><strong>Producty<\/strong><\/td>\n<td style=\"height: 26px;width: 56.75%\"><strong>Cena<\/strong><\/td>\n<\/tr>\n<tr style=\"height: 62px\">\n<td style=\"height: 62px;width: 43.1667%\"><a href=\"https:\/\/shop.spottergps.com\/pl\/spotter%20gps%20tracker.html\">Spotter GPS Tracker\u00a0<\/a><\/td>\n<td style=\"height: 62px;width: 56.75%\">417,70 z\u0142 w tym VAT<\/td>\n<\/tr>\n<tr style=\"height: 26px\">\n<td style=\"height: 26px;width: 43.1667%\"><a href=\"https:\/\/shop.spottergps.com\/pl\/spotter-gps-watch-blue2.html\">Spotter GPS Watch<\/a><\/td>\n<td style=\"height: 26px;width: 56.75%\">417,70 z\u0142 w tym VAT<\/td>\n<\/tr>\n<tr style=\"height: 51px\">\n<td style=\"height: 51px;width: 43.1667%\"><a href=\"https:\/\/shop.spottergps.com\/pl\/spotter-gps-watch-air-black.html\">Spotter GPS Watch &#8211; Air<\/a><\/td>\n<td style=\"height: 51px;width: 56.75%\">417,70 z\u0142 w tym VAT<\/td>\n<\/tr>\n<tr style=\"height: 41px\">\n<td style=\"height: 41px;width: 43.1667%\"><a href=\"https:\/\/shop.spottergps.com\/pl\/pet-spotter-dog-tracker.html\">Pet Spotter<\/a><\/td>\n<td style=\"height: 41px;width: 56.75%\">\n<p>417,70 z\u0142 w tym VAT<\/p>\n<\/td>\n<\/tr>\n<\/tbody>\n<\/table>\n<\/figure>\n<p> <\/p>\n<h2 class=\"wp-block-heading\">Prepaid tegoed<\/h2>\n<p> <\/p>\n<figure class=\"wp-block-table\">\n<table style=\"width: 100%\">\n<tbody>\n<tr>\n<td style=\"width: 45.8333%\"><strong>Liczba miesi\u0119cy u\u017cytkowania<\/strong><\/td>\n<td style=\"width: 54.0833%\"><strong>Cena<\/strong><\/td>\n<\/tr>\n<tr>\n<td style=\"width: 45.8333%\">3 miesi\u0105ce<\/td>\n<td style=\"width: 54.0833%\">30 z\u0142 miesi\u0119cznie<\/td>\n<\/tr>\n<tr>\n<td style=\"width: 45.8333%\">6 miesi\u0105ce<\/td>\n<td style=\"width: 54.0833%\">26 z\u0142 miesi\u0119cznie<\/td>\n<\/tr>\n<tr>\n<td style=\"width: 45.8333%\">12 miesi\u0105ce<\/td>\n<td style=\"width: 54.0833%\">22 z\u0142 miesi\u0119cznie<\/td>\n<\/tr>\n<tr>\n<td style=\"width: 45.8333%\">24 miesi\u0105ce<\/td>\n<td style=\"width: 54.0833%\">19 z\u0142 miesi\u0119cznie<\/td>\n<\/tr>\n<\/tbody>\n<\/table>\n<\/figure>\n<p><\/p>\n","protected":false},"excerpt":{"rendered":"<p>Wszystkie nasze produkty s\u0105 bardzo przyst\u0119pne cenowo, zar\u00f3wno przy zakupie, jak i podczas u\u017cytkowania. Dodatkowo nie jeste\u015b zwi\u0105zany \u017cadn\u0105 subskrypcj\u0105 ani umow\u0105, poniewa\u017c produkty dzia\u0142aj\u0105 na zasadzie przedp\u0142aconego kredytu. Uzupe\u0142niasz kredyt, gdy chcesz go u\u017cywa\u0107. Mo\u017cesz wybra\u0107 kredyt przedp\u0142acony na 3, 6, 12 lub 24 miesi\u0105ce. W tym okresie mo\u017cesz korzysta\u0107 ze wszystkich funkcji bez [&hellip;]<\/p>\n","protected":false},"author":14,"featured_media":0,"parent":656,"menu_order":0,"comment_status":"closed","ping_status":"closed","template":"faq-content.php","meta":{"_acf_changed":false,"footnotes":""},"categories":[5],"tags":[],"class_list":["post-897","page","type-page","status-publish","hentry","category-faq"],"acf":[],"yoast_head":"<!-- This site is optimized with the Yoast SEO plugin v25.9 - https:\/\/yoast.com\/wordpress\/plugins\/seo\/ -->\n<title>Ile kosztuje Spotter? - Spotter - Polen<\/title>\n<meta name=\"robots\" content=\"index, follow, max-snippet:-1, max-image-preview:large, max-video-preview:-1\" \/>\n<link rel=\"canonical\" href=\"https:\/\/www.spottergps.com\/pl\/faq-2\/koszty-i-modernizacja\/ile-kosztuje-spotter\/\" \/>\n<meta property=\"og:locale\" content=\"pl_PL\" \/>\n<meta property=\"og:type\" content=\"article\" \/>\n<meta property=\"og:title\" content=\"Ile kosztuje Spotter? - Spotter - Polen\" \/>\n<meta property=\"og:description\" content=\"Wszystkie nasze produkty s\u0105 bardzo przyst\u0119pne cenowo, zar\u00f3wno przy zakupie, jak i podczas u\u017cytkowania. Dodatkowo nie jeste\u015b zwi\u0105zany \u017cadn\u0105 subskrypcj\u0105 ani umow\u0105, poniewa\u017c produkty dzia\u0142aj\u0105 na zasadzie przedp\u0142aconego kredytu. Uzupe\u0142niasz kredyt, gdy chcesz go u\u017cywa\u0107. Mo\u017cesz wybra\u0107 kredyt przedp\u0142acony na 3, 6, 12 lub 24 miesi\u0105ce. W tym okresie mo\u017cesz korzysta\u0107 ze wszystkich funkcji bez [&hellip;]\" \/>\n<meta property=\"og:url\" content=\"https:\/\/www.spottergps.com\/pl\/faq-2\/koszty-i-modernizacja\/ile-kosztuje-spotter\/\" \/>\n<meta property=\"og:site_name\" content=\"Spotter - Polen\" \/>\n<meta property=\"article:modified_time\" content=\"2025-04-02T11:27:39+00:00\" \/>\n<meta name=\"twitter:card\" content=\"summary_large_image\" \/>\n<meta name=\"twitter:label1\" content=\"Szacowany czas czytania\" \/>\n\t<meta name=\"twitter:data1\" content=\"1 minuta\" \/>\n<script type=\"application\/ld+json\" class=\"yoast-schema-graph\">{\"@context\":\"https:\/\/schema.org\",\"@graph\":[{\"@type\":\"WebPage\",\"@id\":\"https:\/\/www.spottergps.com\/pl\/faq-2\/koszty-i-modernizacja\/ile-kosztuje-spotter\/\",\"url\":\"https:\/\/www.spottergps.com\/pl\/faq-2\/koszty-i-modernizacja\/ile-kosztuje-spotter\/\",\"name\":\"Ile kosztuje Spotter? - Spotter - Polen\",\"isPartOf\":{\"@id\":\"https:\/\/www.spottergps.com\/pl\/#website\"},\"datePublished\":\"2025-04-02T11:27:38+00:00\",\"dateModified\":\"2025-04-02T11:27:39+00:00\",\"breadcrumb\":{\"@id\":\"https:\/\/www.spottergps.com\/pl\/faq-2\/koszty-i-modernizacja\/ile-kosztuje-spotter\/#breadcrumb\"},\"inLanguage\":\"pl-PL\",\"potentialAction\":[{\"@type\":\"ReadAction\",\"target\":[\"https:\/\/www.spottergps.com\/pl\/faq-2\/koszty-i-modernizacja\/ile-kosztuje-spotter\/\"]}]},{\"@type\":\"BreadcrumbList\",\"@id\":\"https:\/\/www.spottergps.com\/pl\/faq-2\/koszty-i-modernizacja\/ile-kosztuje-spotter\/#breadcrumb\",\"itemListElement\":[{\"@type\":\"ListItem\",\"position\":1,\"name\":\"Home\",\"item\":\"https:\/\/www.spottergps.com\/pl\/\"},{\"@type\":\"ListItem\",\"position\":2,\"name\":\"Jak mo\u017cemy ci pom\u00f3c?\",\"item\":\"https:\/\/www.spottergps.com\/pl\/faq-2\/\"},{\"@type\":\"ListItem\",\"position\":3,\"name\":\"Koszty i modernizacja\",\"item\":\"https:\/\/www.spottergps.com\/pl\/faq-2\/koszty-i-modernizacja\/\"},{\"@type\":\"ListItem\",\"position\":4,\"name\":\"Ile kosztuje Spotter?\"}]},{\"@type\":\"WebSite\",\"@id\":\"https:\/\/www.spottergps.com\/pl\/#website\",\"url\":\"https:\/\/www.spottergps.com\/pl\/\",\"name\":\"Spotter - Polen\",\"description\":\"GPS tracker dla wszystkiego, co kochasz\",\"potentialAction\":[{\"@type\":\"SearchAction\",\"target\":{\"@type\":\"EntryPoint\",\"urlTemplate\":\"https:\/\/www.spottergps.com\/pl\/?s={search_term_string}\"},\"query-input\":{\"@type\":\"PropertyValueSpecification\",\"valueRequired\":true,\"valueName\":\"search_term_string\"}}],\"inLanguage\":\"pl-PL\"}]}<\/script>\n<!-- \/ Yoast SEO plugin. -->","yoast_head_json":{"title":"Ile kosztuje Spotter? - Spotter - Polen","robots":{"index":"index","follow":"follow","max-snippet":"max-snippet:-1","max-image-preview":"max-image-preview:large","max-video-preview":"max-video-preview:-1"},"canonical":"https:\/\/www.spottergps.com\/pl\/faq-2\/koszty-i-modernizacja\/ile-kosztuje-spotter\/","og_locale":"pl_PL","og_type":"article","og_title":"Ile kosztuje Spotter? - Spotter - Polen","og_description":"Wszystkie nasze produkty s\u0105 bardzo przyst\u0119pne cenowo, zar\u00f3wno przy zakupie, jak i podczas u\u017cytkowania. Dodatkowo nie jeste\u015b zwi\u0105zany \u017cadn\u0105 subskrypcj\u0105 ani umow\u0105, poniewa\u017c produkty dzia\u0142aj\u0105 na zasadzie przedp\u0142aconego kredytu. Uzupe\u0142niasz kredyt, gdy chcesz go u\u017cywa\u0107. Mo\u017cesz wybra\u0107 kredyt przedp\u0142acony na 3, 6, 12 lub 24 miesi\u0105ce. W tym okresie mo\u017cesz korzysta\u0107 ze wszystkich funkcji bez [&hellip;]","og_url":"https:\/\/www.spottergps.com\/pl\/faq-2\/koszty-i-modernizacja\/ile-kosztuje-spotter\/","og_site_name":"Spotter - Polen","article_modified_time":"2025-04-02T11:27:39+00:00","twitter_card":"summary_large_image","twitter_misc":{"Szacowany czas czytania":"1 minuta"},"schema":{"@context":"https:\/\/schema.org","@graph":[{"@type":"WebPage","@id":"https:\/\/www.spottergps.com\/pl\/faq-2\/koszty-i-modernizacja\/ile-kosztuje-spotter\/","url":"https:\/\/www.spottergps.com\/pl\/faq-2\/koszty-i-modernizacja\/ile-kosztuje-spotter\/","name":"Ile kosztuje Spotter? - Spotter - Polen","isPartOf":{"@id":"https:\/\/www.spottergps.com\/pl\/#website"},"datePublished":"2025-04-02T11:27:38+00:00","dateModified":"2025-04-02T11:27:39+00:00","breadcrumb":{"@id":"https:\/\/www.spottergps.com\/pl\/faq-2\/koszty-i-modernizacja\/ile-kosztuje-spotter\/#breadcrumb"},"inLanguage":"pl-PL","potentialAction":[{"@type":"ReadAction","target":["https:\/\/www.spottergps.com\/pl\/faq-2\/koszty-i-modernizacja\/ile-kosztuje-spotter\/"]}]},{"@type":"BreadcrumbList","@id":"https:\/\/www.spottergps.com\/pl\/faq-2\/koszty-i-modernizacja\/ile-kosztuje-spotter\/#breadcrumb","itemListElement":[{"@type":"ListItem","position":1,"name":"Home","item":"https:\/\/www.spottergps.com\/pl\/"},{"@type":"ListItem","position":2,"name":"Jak mo\u017cemy ci pom\u00f3c?","item":"https:\/\/www.spottergps.com\/pl\/faq-2\/"},{"@type":"ListItem","position":3,"name":"Koszty i modernizacja","item":"https:\/\/www.spottergps.com\/pl\/faq-2\/koszty-i-modernizacja\/"},{"@type":"ListItem","position":4,"name":"Ile kosztuje Spotter?"}]},{"@type":"WebSite","@id":"https:\/\/www.spottergps.com\/pl\/#website","url":"https:\/\/www.spottergps.com\/pl\/","name":"Spotter - Polen","description":"GPS tracker dla wszystkiego, co kochasz","potentialAction":[{"@type":"SearchAction","target":{"@type":"EntryPoint","urlTemplate":"https:\/\/www.spottergps.com\/pl\/?s={search_term_string}"},"query-input":{"@type":"PropertyValueSpecification","valueRequired":true,"valueName":"search_term_string"}}],"inLanguage":"pl-PL"}]}},"_links":{"self":[{"href":"https:\/\/www.spottergps.com\/pl\/wp-json\/wp\/v2\/pages\/897","targetHints":{"allow":["GET"]}}],"collection":[{"href":"https:\/\/www.spottergps.com\/pl\/wp-json\/wp\/v2\/pages"}],"about":[{"href":"https:\/\/www.spottergps.com\/pl\/wp-json\/wp\/v2\/types\/page"}],"author":[{"embeddable":true,"href":"https:\/\/www.spottergps.com\/pl\/wp-json\/wp\/v2\/users\/14"}],"replies":[{"embeddable":true,"href":"https:\/\/www.spottergps.com\/pl\/wp-json\/wp\/v2\/comments?post=897"}],"version-history":[{"count":1,"href":"https:\/\/www.spottergps.com\/pl\/wp-json\/wp\/v2\/pages\/897\/revisions"}],"predecessor-version":[{"id":898,"href":"https:\/\/www.spottergps.com\/pl\/wp-json\/wp\/v2\/pages\/897\/revisions\/898"}],"up":[{"embeddable":true,"href":"https:\/\/www.spottergps.com\/pl\/wp-json\/wp\/v2\/pages\/656"}],"wp:attachment":[{"href":"https:\/\/www.spottergps.com\/pl\/wp-json\/wp\/v2\/media?parent=897"}],"wp:term":[{"taxonomy":"category","embeddable":true,"href":"https:\/\/www.spottergps.com\/pl\/wp-json\/wp\/v2\/categories?post=897"},{"taxonomy":"post_tag","embeddable":true,"href":"https:\/\/www.spottergps.com\/pl\/wp-json\/wp\/v2\/tags?post=897"}],"curies":[{"name":"wp","href":"https:\/\/api.w.org\/{rel}","templated":true}]}}