{"id":894,"date":"2025-04-02T10:24:31","date_gmt":"2025-04-02T10:24:31","guid":{"rendered":"https:\/\/www.spottergps.com\/pl\/?page_id=894"},"modified":"2025-04-23T07:00:14","modified_gmt":"2025-04-23T07:00:14","slug":"nie-moge-dodac-dodatkowego-spottera-do-mojego-konta","status":"publish","type":"page","link":"https:\/\/www.spottergps.com\/pl\/faq-2\/aplikacja\/nie-moge-dodac-dodatkowego-spottera-do-mojego-konta\/","title":{"rendered":"Nie mog\u0119 doda\u0107 dodatkowego Spottera do mojego konta"},"content":{"rendered":"\n<p class=\"\" data-start=\"0\" data-end=\"225\">Najpierw upewnij si\u0119, \u017ce poprawnie wpisa\u0142e\u015b kod Spottera (na niebieskiej karcie). Mo\u017ce to wydawa\u0107 si\u0119 oczywiste, ale cz\u0119sto zdarza si\u0119, \u017ce kod jest b\u0142\u0119dnie przepisany.<\/p>\n<p class=\"\" data-start=\"227\" data-end=\"523\"><strong data-start=\"227\" data-end=\"281\">Czy Spotter zosta\u0142 ju\u017c przypisany do innego konta?<\/strong><br data-start=\"281\" data-end=\"284\" \/>Je\u015bli tak, musisz najpierw usun\u0105\u0107 go z tego konta. Mo\u017cna to zrobi\u0107, loguj\u0105c si\u0119 do konta, na kt\u00f3rym Spotter jest przypisany. Zgodnie z przepisami RODO, nie mo\u017cemy wprowadza\u0107 zmian ani usuwa\u0107 danych za Ciebie, musisz to zrobi\u0107 samodzielnie.<\/p>\n<p class=\"\" data-start=\"525\" data-end=\"580\">Aby usun\u0105\u0107 Spottera z konta, wykonaj nast\u0119puj\u0105ce kroki:<\/p>\n<ol>\n<li data-start=\"585\" data-end=\"619\">Zaloguj si\u0119 na swoje konto online.<\/li>\n<li data-start=\"623\" data-end=\"680\">Kliknij na ikon\u0119 lupy w dolnej cz\u0119\u015bci niebieskiego paska.<\/li>\n<li data-start=\"684\" data-end=\"759\">Wybierz Spottera, kt\u00f3rego chcesz usun\u0105\u0107, a nast\u0119pnie przejd\u017a do \u201eustawie\u0144\u201d.<\/li>\n<li data-start=\"763\" data-end=\"896\">Kliknij \u201eusu\u0144 system\u201d i kliknij \u201ezg\u00f3d\u017a si\u0119\u201d na usuni\u0119cie Spottera (w razie potrzeby przewi\u0144 stron\u0119 w d\u00f3\u0142, aby zobaczy\u0107 ten przycisk).<\/li>\n<li data-start=\"900\" data-end=\"934\">Spotter zostanie usuni\u0119ty z konta.<\/li>\n<\/ol>\n<p class=\"\" data-start=\"936\" data-end=\"1007\">Po tym, jak Spotter zostanie usuni\u0119ty, mo\u017cesz doda\u0107 go do nowego konta:<\/p>\n<ul>\n<li data-start=\"1012\" data-end=\"1039\"><a href=\"https:\/\/my.spottergps.com\/SpotterApp\/index.html#login\">Zaloguj si\u0119 na swoje konto<\/a>.<\/li>\n<li data-start=\"1043\" data-end=\"1076\">Przejd\u017a do menu \u201eDodaj Spottera\u201d.<\/li>\n<li data-start=\"1080\" data-end=\"1150\">Wprowad\u017a 12-znakowy kod Spottera znajduj\u0105cy si\u0119 na niebieskiej karcie.<\/li>\n<li data-start=\"1154\" data-end=\"1220\">Spotter jest teraz przypisany do Twojego konta i mo\u017cesz go u\u017cywa\u0107.<\/li>\n<\/ul>\n<p class=\"\" data-start=\"1222\" data-end=\"1290\">Je\u015bli te kroki nie dzia\u0142aj\u0105, skontaktuj si\u0119 z nasz\u0105 <a href=\"https:\/\/www.spottergps.com\/pl\/w-czym-mozemy-panstwu-pomoc\/\"><span style=\"text-decoration: underline\">obs\u0142ug\u0105 klienta.<\/span><\/a><\/p>\n","protected":false},"excerpt":{"rendered":"<p>Najpierw upewnij si\u0119, \u017ce poprawnie wpisa\u0142e\u015b kod Spottera (na niebieskiej karcie). Mo\u017ce to wydawa\u0107 si\u0119 oczywiste, ale cz\u0119sto zdarza si\u0119, \u017ce kod jest b\u0142\u0119dnie przepisany. Czy Spotter zosta\u0142 ju\u017c przypisany do innego konta?Je\u015bli tak, musisz najpierw usun\u0105\u0107 go z tego konta. Mo\u017cna to zrobi\u0107, loguj\u0105c si\u0119 do konta, na kt\u00f3rym Spotter jest przypisany. Zgodnie z [&hellip;]<\/p>\n","protected":false},"author":14,"featured_media":0,"parent":653,"menu_order":0,"comment_status":"closed","ping_status":"closed","template":"faq-content.php","meta":{"_acf_changed":false,"footnotes":""},"categories":[5],"tags":[],"class_list":["post-894","page","type-page","status-publish","hentry","category-faq"],"acf":[],"yoast_head":"<!-- This site is optimized with the Yoast SEO plugin v25.9 - https:\/\/yoast.com\/wordpress\/plugins\/seo\/ -->\n<title>Nie mog\u0119 doda\u0107 dodatkowego Spottera do mojego konta - Spotter - Polen<\/title>\n<meta name=\"robots\" content=\"index, follow, max-snippet:-1, max-image-preview:large, max-video-preview:-1\" \/>\n<link rel=\"canonical\" href=\"https:\/\/www.spottergps.com\/pl\/faq-2\/aplikacja\/nie-moge-dodac-dodatkowego-spottera-do-mojego-konta\/\" \/>\n<meta property=\"og:locale\" content=\"pl_PL\" \/>\n<meta property=\"og:type\" content=\"article\" \/>\n<meta property=\"og:title\" content=\"Nie mog\u0119 doda\u0107 dodatkowego Spottera do mojego konta - Spotter - Polen\" \/>\n<meta property=\"og:description\" content=\"Najpierw upewnij si\u0119, \u017ce poprawnie wpisa\u0142e\u015b kod Spottera (na niebieskiej karcie). Mo\u017ce to wydawa\u0107 si\u0119 oczywiste, ale cz\u0119sto zdarza si\u0119, \u017ce kod jest b\u0142\u0119dnie przepisany. Czy Spotter zosta\u0142 ju\u017c przypisany do innego konta?Je\u015bli tak, musisz najpierw usun\u0105\u0107 go z tego konta. Mo\u017cna to zrobi\u0107, loguj\u0105c si\u0119 do konta, na kt\u00f3rym Spotter jest przypisany. Zgodnie z [&hellip;]\" \/>\n<meta property=\"og:url\" content=\"https:\/\/www.spottergps.com\/pl\/faq-2\/aplikacja\/nie-moge-dodac-dodatkowego-spottera-do-mojego-konta\/\" \/>\n<meta property=\"og:site_name\" content=\"Spotter - Polen\" \/>\n<meta property=\"article:modified_time\" content=\"2025-04-23T07:00:14+00:00\" \/>\n<meta name=\"twitter:card\" content=\"summary_large_image\" \/>\n<meta name=\"twitter:label1\" content=\"Szacowany czas czytania\" \/>\n\t<meta name=\"twitter:data1\" content=\"2 minuty\" \/>\n<script type=\"application\/ld+json\" class=\"yoast-schema-graph\">{\"@context\":\"https:\/\/schema.org\",\"@graph\":[{\"@type\":\"WebPage\",\"@id\":\"https:\/\/www.spottergps.com\/pl\/faq-2\/aplikacja\/nie-moge-dodac-dodatkowego-spottera-do-mojego-konta\/\",\"url\":\"https:\/\/www.spottergps.com\/pl\/faq-2\/aplikacja\/nie-moge-dodac-dodatkowego-spottera-do-mojego-konta\/\",\"name\":\"Nie mog\u0119 doda\u0107 dodatkowego Spottera do mojego konta - Spotter - Polen\",\"isPartOf\":{\"@id\":\"https:\/\/www.spottergps.com\/pl\/#website\"},\"datePublished\":\"2025-04-02T10:24:31+00:00\",\"dateModified\":\"2025-04-23T07:00:14+00:00\",\"breadcrumb\":{\"@id\":\"https:\/\/www.spottergps.com\/pl\/faq-2\/aplikacja\/nie-moge-dodac-dodatkowego-spottera-do-mojego-konta\/#breadcrumb\"},\"inLanguage\":\"pl-PL\",\"potentialAction\":[{\"@type\":\"ReadAction\",\"target\":[\"https:\/\/www.spottergps.com\/pl\/faq-2\/aplikacja\/nie-moge-dodac-dodatkowego-spottera-do-mojego-konta\/\"]}]},{\"@type\":\"BreadcrumbList\",\"@id\":\"https:\/\/www.spottergps.com\/pl\/faq-2\/aplikacja\/nie-moge-dodac-dodatkowego-spottera-do-mojego-konta\/#breadcrumb\",\"itemListElement\":[{\"@type\":\"ListItem\",\"position\":1,\"name\":\"Home\",\"item\":\"https:\/\/www.spottergps.com\/pl\/\"},{\"@type\":\"ListItem\",\"position\":2,\"name\":\"Jak mo\u017cemy ci pom\u00f3c?\",\"item\":\"https:\/\/www.spottergps.com\/pl\/faq-2\/\"},{\"@type\":\"ListItem\",\"position\":3,\"name\":\"Aplikacja\",\"item\":\"https:\/\/www.spottergps.com\/pl\/faq-2\/aplikacja\/\"},{\"@type\":\"ListItem\",\"position\":4,\"name\":\"Nie mog\u0119 doda\u0107 dodatkowego Spottera do mojego konta\"}]},{\"@type\":\"WebSite\",\"@id\":\"https:\/\/www.spottergps.com\/pl\/#website\",\"url\":\"https:\/\/www.spottergps.com\/pl\/\",\"name\":\"Spotter - Polen\",\"description\":\"GPS tracker dla wszystkiego, co kochasz\",\"potentialAction\":[{\"@type\":\"SearchAction\",\"target\":{\"@type\":\"EntryPoint\",\"urlTemplate\":\"https:\/\/www.spottergps.com\/pl\/?s={search_term_string}\"},\"query-input\":{\"@type\":\"PropertyValueSpecification\",\"valueRequired\":true,\"valueName\":\"search_term_string\"}}],\"inLanguage\":\"pl-PL\"}]}<\/script>\n<!-- \/ Yoast SEO plugin. -->","yoast_head_json":{"title":"Nie mog\u0119 doda\u0107 dodatkowego Spottera do mojego konta - Spotter - Polen","robots":{"index":"index","follow":"follow","max-snippet":"max-snippet:-1","max-image-preview":"max-image-preview:large","max-video-preview":"max-video-preview:-1"},"canonical":"https:\/\/www.spottergps.com\/pl\/faq-2\/aplikacja\/nie-moge-dodac-dodatkowego-spottera-do-mojego-konta\/","og_locale":"pl_PL","og_type":"article","og_title":"Nie mog\u0119 doda\u0107 dodatkowego Spottera do mojego konta - Spotter - Polen","og_description":"Najpierw upewnij si\u0119, \u017ce poprawnie wpisa\u0142e\u015b kod Spottera (na niebieskiej karcie). Mo\u017ce to wydawa\u0107 si\u0119 oczywiste, ale cz\u0119sto zdarza si\u0119, \u017ce kod jest b\u0142\u0119dnie przepisany. Czy Spotter zosta\u0142 ju\u017c przypisany do innego konta?Je\u015bli tak, musisz najpierw usun\u0105\u0107 go z tego konta. Mo\u017cna to zrobi\u0107, loguj\u0105c si\u0119 do konta, na kt\u00f3rym Spotter jest przypisany. Zgodnie z [&hellip;]","og_url":"https:\/\/www.spottergps.com\/pl\/faq-2\/aplikacja\/nie-moge-dodac-dodatkowego-spottera-do-mojego-konta\/","og_site_name":"Spotter - Polen","article_modified_time":"2025-04-23T07:00:14+00:00","twitter_card":"summary_large_image","twitter_misc":{"Szacowany czas czytania":"2 minuty"},"schema":{"@context":"https:\/\/schema.org","@graph":[{"@type":"WebPage","@id":"https:\/\/www.spottergps.com\/pl\/faq-2\/aplikacja\/nie-moge-dodac-dodatkowego-spottera-do-mojego-konta\/","url":"https:\/\/www.spottergps.com\/pl\/faq-2\/aplikacja\/nie-moge-dodac-dodatkowego-spottera-do-mojego-konta\/","name":"Nie mog\u0119 doda\u0107 dodatkowego Spottera do mojego konta - Spotter - Polen","isPartOf":{"@id":"https:\/\/www.spottergps.com\/pl\/#website"},"datePublished":"2025-04-02T10:24:31+00:00","dateModified":"2025-04-23T07:00:14+00:00","breadcrumb":{"@id":"https:\/\/www.spottergps.com\/pl\/faq-2\/aplikacja\/nie-moge-dodac-dodatkowego-spottera-do-mojego-konta\/#breadcrumb"},"inLanguage":"pl-PL","potentialAction":[{"@type":"ReadAction","target":["https:\/\/www.spottergps.com\/pl\/faq-2\/aplikacja\/nie-moge-dodac-dodatkowego-spottera-do-mojego-konta\/"]}]},{"@type":"BreadcrumbList","@id":"https:\/\/www.spottergps.com\/pl\/faq-2\/aplikacja\/nie-moge-dodac-dodatkowego-spottera-do-mojego-konta\/#breadcrumb","itemListElement":[{"@type":"ListItem","position":1,"name":"Home","item":"https:\/\/www.spottergps.com\/pl\/"},{"@type":"ListItem","position":2,"name":"Jak mo\u017cemy ci pom\u00f3c?","item":"https:\/\/www.spottergps.com\/pl\/faq-2\/"},{"@type":"ListItem","position":3,"name":"Aplikacja","item":"https:\/\/www.spottergps.com\/pl\/faq-2\/aplikacja\/"},{"@type":"ListItem","position":4,"name":"Nie mog\u0119 doda\u0107 dodatkowego Spottera do mojego konta"}]},{"@type":"WebSite","@id":"https:\/\/www.spottergps.com\/pl\/#website","url":"https:\/\/www.spottergps.com\/pl\/","name":"Spotter - Polen","description":"GPS tracker dla wszystkiego, co kochasz","potentialAction":[{"@type":"SearchAction","target":{"@type":"EntryPoint","urlTemplate":"https:\/\/www.spottergps.com\/pl\/?s={search_term_string}"},"query-input":{"@type":"PropertyValueSpecification","valueRequired":true,"valueName":"search_term_string"}}],"inLanguage":"pl-PL"}]}},"_links":{"self":[{"href":"https:\/\/www.spottergps.com\/pl\/wp-json\/wp\/v2\/pages\/894","targetHints":{"allow":["GET"]}}],"collection":[{"href":"https:\/\/www.spottergps.com\/pl\/wp-json\/wp\/v2\/pages"}],"about":[{"href":"https:\/\/www.spottergps.com\/pl\/wp-json\/wp\/v2\/types\/page"}],"author":[{"embeddable":true,"href":"https:\/\/www.spottergps.com\/pl\/wp-json\/wp\/v2\/users\/14"}],"replies":[{"embeddable":true,"href":"https:\/\/www.spottergps.com\/pl\/wp-json\/wp\/v2\/comments?post=894"}],"version-history":[{"count":2,"href":"https:\/\/www.spottergps.com\/pl\/wp-json\/wp\/v2\/pages\/894\/revisions"}],"predecessor-version":[{"id":20761,"href":"https:\/\/www.spottergps.com\/pl\/wp-json\/wp\/v2\/pages\/894\/revisions\/20761"}],"up":[{"embeddable":true,"href":"https:\/\/www.spottergps.com\/pl\/wp-json\/wp\/v2\/pages\/653"}],"wp:attachment":[{"href":"https:\/\/www.spottergps.com\/pl\/wp-json\/wp\/v2\/media?parent=894"}],"wp:term":[{"taxonomy":"category","embeddable":true,"href":"https:\/\/www.spottergps.com\/pl\/wp-json\/wp\/v2\/categories?post=894"},{"taxonomy":"post_tag","embeddable":true,"href":"https:\/\/www.spottergps.com\/pl\/wp-json\/wp\/v2\/tags?post=894"}],"curies":[{"name":"wp","href":"https:\/\/api.w.org\/{rel}","templated":true}]}}