{"id":891,"date":"2025-04-02T10:21:40","date_gmt":"2025-04-02T10:21:40","guid":{"rendered":"https:\/\/www.spottergps.com\/pl\/?page_id=891"},"modified":"2025-04-23T06:59:44","modified_gmt":"2025-04-23T06:59:44","slug":"nie-moge-dodac-mojej-spotter","status":"publish","type":"page","link":"https:\/\/www.spottergps.com\/pl\/faq-2\/aplikacja\/nie-moge-dodac-mojej-spotter\/","title":{"rendered":"Nie mog\u0119 doda\u0107 mojej Spotter"},"content":{"rendered":"\n<p class=\"\" data-start=\"0\" data-end=\"253\">Czasami mo\u017ce to wynika\u0107 z liter\u00f3wki. Kod Spottera sk\u0142ada si\u0119 z 12 znak\u00f3w, co sprawia, \u017ce \u0142atwo o pomy\u0142k\u0119 przy jego przepisaniu. Spr\u00f3buj ponownie, a je\u015bli nadal napotykasz problem, sprawd\u017a nast\u0119puj\u0105ce mo\u017cliwe przyczyny:<\/p>\n<p class=\"\" data-start=\"255\" data-end=\"545\"><strong data-start=\"255\" data-end=\"298\">Spotter jest ju\u017c dodany do innego konta<\/strong><br data-start=\"298\" data-end=\"301\" \/>Je\u015bli nie mo\u017cesz doda\u0107 Spottera do swojego konta, mo\u017ce si\u0119 zdarzy\u0107, \u017ce jest on nadal powi\u0105zany z innym kontem, na przyk\u0142ad z Twoim starym adresem e-mail. Spotter mo\u017ce by\u0107 przypisany tylko do jednego adresu e-mail. Oto jak rozwi\u0105za\u0107 ten problem:<\/p>\n<ol>\n<li data-start=\"550\" data-end=\"584\"><a href=\"https:\/\/my.spottergps.com\/SpotterApp\/index.html#login\">Zaloguj si\u0119 na swoje konto online.<\/a><\/li>\n<li data-start=\"588\" data-end=\"613\">Przejd\u017a do \u201ehome\u201d w menu.<\/li>\n<li data-start=\"617\" data-end=\"643\">Wybierz Spottera na mapie.<\/li>\n<li data-start=\"647\" data-end=\"691\">Kliknij na Spottera i przejd\u017a do \u201eustawie\u0144\u201d.<\/li>\n<li data-start=\"695\" data-end=\"718\">Kliknij \u201eusu\u0144 z konta\u201d.<\/li>\n<li data-start=\"722\" data-end=\"769\">Je\u015bli jeste\u015b pewny, kliknij jeszcze raz \u201eusu\u0144\u201d.<\/li>\n<\/ol>\n<p class=\"\" data-start=\"771\" data-end=\"885\">Spotter zosta\u0142 teraz usuni\u0119ty z konta.<br data-start=\"809\" data-end=\"812\" \/>Teraz mo\u017cesz doda\u0107 Spottera do nowego konta, korzystaj\u0105c z kodu Spottera.<\/p>\n<p class=\"\" data-start=\"887\" data-end=\"983\">Z powod\u00f3w zwi\u0105zanych z prywatno\u015bci\u0105 (RODO) nie mo\u017cemy usun\u0105\u0107 Spottera z Twojego konta za Ciebie.<\/p>\n<p class=\"\" data-start=\"985\" data-end=\"1066\">Je\u015bli nadal nie uda\u0142o si\u0119 doda\u0107 Spottera, skontaktuj si\u0119 z nasz\u0105 <a href=\"https:\/\/www.spottergps.com\/pl\/w-czym-mozemy-panstwu-pomoc\/\"><span style=\"text-decoration: underline\">obs\u0142ug\u0105 klienta<\/span>.<\/a><\/p>\n","protected":false},"excerpt":{"rendered":"<p>Czasami mo\u017ce to wynika\u0107 z liter\u00f3wki. Kod Spottera sk\u0142ada si\u0119 z 12 znak\u00f3w, co sprawia, \u017ce \u0142atwo o pomy\u0142k\u0119 przy jego przepisaniu. Spr\u00f3buj ponownie, a je\u015bli nadal napotykasz problem, sprawd\u017a nast\u0119puj\u0105ce mo\u017cliwe przyczyny: Spotter jest ju\u017c dodany do innego kontaJe\u015bli nie mo\u017cesz doda\u0107 Spottera do swojego konta, mo\u017ce si\u0119 zdarzy\u0107, \u017ce jest on nadal powi\u0105zany [&hellip;]<\/p>\n","protected":false},"author":14,"featured_media":0,"parent":653,"menu_order":0,"comment_status":"closed","ping_status":"closed","template":"faq-content.php","meta":{"_acf_changed":false,"footnotes":""},"categories":[5],"tags":[],"class_list":["post-891","page","type-page","status-publish","hentry","category-faq"],"acf":[],"yoast_head":"<!-- This site is optimized with the Yoast SEO plugin v25.9 - https:\/\/yoast.com\/wordpress\/plugins\/seo\/ -->\n<title>Nie mog\u0119 doda\u0107 mojej Spotter - Spotter - Polen<\/title>\n<meta name=\"robots\" content=\"index, follow, max-snippet:-1, max-image-preview:large, max-video-preview:-1\" \/>\n<link rel=\"canonical\" href=\"https:\/\/www.spottergps.com\/pl\/faq-2\/aplikacja\/nie-moge-dodac-mojej-spotter\/\" \/>\n<meta property=\"og:locale\" content=\"pl_PL\" \/>\n<meta property=\"og:type\" content=\"article\" \/>\n<meta property=\"og:title\" content=\"Nie mog\u0119 doda\u0107 mojej Spotter - Spotter - Polen\" \/>\n<meta property=\"og:description\" content=\"Czasami mo\u017ce to wynika\u0107 z liter\u00f3wki. Kod Spottera sk\u0142ada si\u0119 z 12 znak\u00f3w, co sprawia, \u017ce \u0142atwo o pomy\u0142k\u0119 przy jego przepisaniu. Spr\u00f3buj ponownie, a je\u015bli nadal napotykasz problem, sprawd\u017a nast\u0119puj\u0105ce mo\u017cliwe przyczyny: Spotter jest ju\u017c dodany do innego kontaJe\u015bli nie mo\u017cesz doda\u0107 Spottera do swojego konta, mo\u017ce si\u0119 zdarzy\u0107, \u017ce jest on nadal powi\u0105zany [&hellip;]\" \/>\n<meta property=\"og:url\" content=\"https:\/\/www.spottergps.com\/pl\/faq-2\/aplikacja\/nie-moge-dodac-mojej-spotter\/\" \/>\n<meta property=\"og:site_name\" content=\"Spotter - Polen\" \/>\n<meta property=\"article:modified_time\" content=\"2025-04-23T06:59:44+00:00\" \/>\n<meta name=\"twitter:card\" content=\"summary_large_image\" \/>\n<meta name=\"twitter:label1\" content=\"Szacowany czas czytania\" \/>\n\t<meta name=\"twitter:data1\" content=\"1 minuta\" \/>\n<script type=\"application\/ld+json\" class=\"yoast-schema-graph\">{\"@context\":\"https:\/\/schema.org\",\"@graph\":[{\"@type\":\"WebPage\",\"@id\":\"https:\/\/www.spottergps.com\/pl\/faq-2\/aplikacja\/nie-moge-dodac-mojej-spotter\/\",\"url\":\"https:\/\/www.spottergps.com\/pl\/faq-2\/aplikacja\/nie-moge-dodac-mojej-spotter\/\",\"name\":\"Nie mog\u0119 doda\u0107 mojej Spotter - Spotter - Polen\",\"isPartOf\":{\"@id\":\"https:\/\/www.spottergps.com\/pl\/#website\"},\"datePublished\":\"2025-04-02T10:21:40+00:00\",\"dateModified\":\"2025-04-23T06:59:44+00:00\",\"breadcrumb\":{\"@id\":\"https:\/\/www.spottergps.com\/pl\/faq-2\/aplikacja\/nie-moge-dodac-mojej-spotter\/#breadcrumb\"},\"inLanguage\":\"pl-PL\",\"potentialAction\":[{\"@type\":\"ReadAction\",\"target\":[\"https:\/\/www.spottergps.com\/pl\/faq-2\/aplikacja\/nie-moge-dodac-mojej-spotter\/\"]}]},{\"@type\":\"BreadcrumbList\",\"@id\":\"https:\/\/www.spottergps.com\/pl\/faq-2\/aplikacja\/nie-moge-dodac-mojej-spotter\/#breadcrumb\",\"itemListElement\":[{\"@type\":\"ListItem\",\"position\":1,\"name\":\"Home\",\"item\":\"https:\/\/www.spottergps.com\/pl\/\"},{\"@type\":\"ListItem\",\"position\":2,\"name\":\"Jak mo\u017cemy ci pom\u00f3c?\",\"item\":\"https:\/\/www.spottergps.com\/pl\/faq-2\/\"},{\"@type\":\"ListItem\",\"position\":3,\"name\":\"Aplikacja\",\"item\":\"https:\/\/www.spottergps.com\/pl\/faq-2\/aplikacja\/\"},{\"@type\":\"ListItem\",\"position\":4,\"name\":\"Nie mog\u0119 doda\u0107 mojej Spotter\"}]},{\"@type\":\"WebSite\",\"@id\":\"https:\/\/www.spottergps.com\/pl\/#website\",\"url\":\"https:\/\/www.spottergps.com\/pl\/\",\"name\":\"Spotter - Polen\",\"description\":\"GPS tracker dla wszystkiego, co kochasz\",\"potentialAction\":[{\"@type\":\"SearchAction\",\"target\":{\"@type\":\"EntryPoint\",\"urlTemplate\":\"https:\/\/www.spottergps.com\/pl\/?s={search_term_string}\"},\"query-input\":{\"@type\":\"PropertyValueSpecification\",\"valueRequired\":true,\"valueName\":\"search_term_string\"}}],\"inLanguage\":\"pl-PL\"}]}<\/script>\n<!-- \/ Yoast SEO plugin. -->","yoast_head_json":{"title":"Nie mog\u0119 doda\u0107 mojej Spotter - Spotter - Polen","robots":{"index":"index","follow":"follow","max-snippet":"max-snippet:-1","max-image-preview":"max-image-preview:large","max-video-preview":"max-video-preview:-1"},"canonical":"https:\/\/www.spottergps.com\/pl\/faq-2\/aplikacja\/nie-moge-dodac-mojej-spotter\/","og_locale":"pl_PL","og_type":"article","og_title":"Nie mog\u0119 doda\u0107 mojej Spotter - Spotter - Polen","og_description":"Czasami mo\u017ce to wynika\u0107 z liter\u00f3wki. Kod Spottera sk\u0142ada si\u0119 z 12 znak\u00f3w, co sprawia, \u017ce \u0142atwo o pomy\u0142k\u0119 przy jego przepisaniu. Spr\u00f3buj ponownie, a je\u015bli nadal napotykasz problem, sprawd\u017a nast\u0119puj\u0105ce mo\u017cliwe przyczyny: Spotter jest ju\u017c dodany do innego kontaJe\u015bli nie mo\u017cesz doda\u0107 Spottera do swojego konta, mo\u017ce si\u0119 zdarzy\u0107, \u017ce jest on nadal powi\u0105zany [&hellip;]","og_url":"https:\/\/www.spottergps.com\/pl\/faq-2\/aplikacja\/nie-moge-dodac-mojej-spotter\/","og_site_name":"Spotter - Polen","article_modified_time":"2025-04-23T06:59:44+00:00","twitter_card":"summary_large_image","twitter_misc":{"Szacowany czas czytania":"1 minuta"},"schema":{"@context":"https:\/\/schema.org","@graph":[{"@type":"WebPage","@id":"https:\/\/www.spottergps.com\/pl\/faq-2\/aplikacja\/nie-moge-dodac-mojej-spotter\/","url":"https:\/\/www.spottergps.com\/pl\/faq-2\/aplikacja\/nie-moge-dodac-mojej-spotter\/","name":"Nie mog\u0119 doda\u0107 mojej Spotter - Spotter - Polen","isPartOf":{"@id":"https:\/\/www.spottergps.com\/pl\/#website"},"datePublished":"2025-04-02T10:21:40+00:00","dateModified":"2025-04-23T06:59:44+00:00","breadcrumb":{"@id":"https:\/\/www.spottergps.com\/pl\/faq-2\/aplikacja\/nie-moge-dodac-mojej-spotter\/#breadcrumb"},"inLanguage":"pl-PL","potentialAction":[{"@type":"ReadAction","target":["https:\/\/www.spottergps.com\/pl\/faq-2\/aplikacja\/nie-moge-dodac-mojej-spotter\/"]}]},{"@type":"BreadcrumbList","@id":"https:\/\/www.spottergps.com\/pl\/faq-2\/aplikacja\/nie-moge-dodac-mojej-spotter\/#breadcrumb","itemListElement":[{"@type":"ListItem","position":1,"name":"Home","item":"https:\/\/www.spottergps.com\/pl\/"},{"@type":"ListItem","position":2,"name":"Jak mo\u017cemy ci pom\u00f3c?","item":"https:\/\/www.spottergps.com\/pl\/faq-2\/"},{"@type":"ListItem","position":3,"name":"Aplikacja","item":"https:\/\/www.spottergps.com\/pl\/faq-2\/aplikacja\/"},{"@type":"ListItem","position":4,"name":"Nie mog\u0119 doda\u0107 mojej Spotter"}]},{"@type":"WebSite","@id":"https:\/\/www.spottergps.com\/pl\/#website","url":"https:\/\/www.spottergps.com\/pl\/","name":"Spotter - Polen","description":"GPS tracker dla wszystkiego, co kochasz","potentialAction":[{"@type":"SearchAction","target":{"@type":"EntryPoint","urlTemplate":"https:\/\/www.spottergps.com\/pl\/?s={search_term_string}"},"query-input":{"@type":"PropertyValueSpecification","valueRequired":true,"valueName":"search_term_string"}}],"inLanguage":"pl-PL"}]}},"_links":{"self":[{"href":"https:\/\/www.spottergps.com\/pl\/wp-json\/wp\/v2\/pages\/891","targetHints":{"allow":["GET"]}}],"collection":[{"href":"https:\/\/www.spottergps.com\/pl\/wp-json\/wp\/v2\/pages"}],"about":[{"href":"https:\/\/www.spottergps.com\/pl\/wp-json\/wp\/v2\/types\/page"}],"author":[{"embeddable":true,"href":"https:\/\/www.spottergps.com\/pl\/wp-json\/wp\/v2\/users\/14"}],"replies":[{"embeddable":true,"href":"https:\/\/www.spottergps.com\/pl\/wp-json\/wp\/v2\/comments?post=891"}],"version-history":[{"count":2,"href":"https:\/\/www.spottergps.com\/pl\/wp-json\/wp\/v2\/pages\/891\/revisions"}],"predecessor-version":[{"id":20760,"href":"https:\/\/www.spottergps.com\/pl\/wp-json\/wp\/v2\/pages\/891\/revisions\/20760"}],"up":[{"embeddable":true,"href":"https:\/\/www.spottergps.com\/pl\/wp-json\/wp\/v2\/pages\/653"}],"wp:attachment":[{"href":"https:\/\/www.spottergps.com\/pl\/wp-json\/wp\/v2\/media?parent=891"}],"wp:term":[{"taxonomy":"category","embeddable":true,"href":"https:\/\/www.spottergps.com\/pl\/wp-json\/wp\/v2\/categories?post=891"},{"taxonomy":"post_tag","embeddable":true,"href":"https:\/\/www.spottergps.com\/pl\/wp-json\/wp\/v2\/tags?post=891"}],"curies":[{"name":"wp","href":"https:\/\/api.w.org\/{rel}","templated":true}]}}