{"id":888,"date":"2025-04-02T10:19:31","date_gmt":"2025-04-02T10:19:31","guid":{"rendered":"https:\/\/www.spottergps.com\/pl\/?page_id=888"},"modified":"2025-04-02T10:19:33","modified_gmt":"2025-04-02T10:19:33","slug":"nie-otrzymuje-powiadomien-w-aplikacji-spotter","status":"publish","type":"page","link":"https:\/\/www.spottergps.com\/pl\/faq-2\/aplikacja\/nie-otrzymuje-powiadomien-w-aplikacji-spotter\/","title":{"rendered":"Nie otrzymuj\u0119 powiadomie\u0144 w aplikacji Spotter"},"content":{"rendered":"\n<p class=\"\" data-start=\"0\" data-end=\"373\">Je\u015bli jeste\u015b zalogowany w aplikacji Spotter, powiadomienia powinny pojawia\u0107 si\u0119 bezpo\u015brednio na ekranie, gdy tylko zostan\u0105 wydane. Je\u015bli nie otrzymujesz powiadomie\u0144, prawdopodobnie nie udzieli\u0142e\u015b jeszcze zgody na ich otrzymywanie. Mo\u017cesz to \u0142atwo zmieni\u0107 w ustawieniach swojego smartfona, a nie w samej aplikacji Spotter.<\/p>\n<h2 data-start=\"375\" data-end=\"401\"><strong data-start=\"375\" data-end=\"399\">Dla urz\u0105dze\u0144 Android<\/strong><\/h2>\n<ol>\n<li data-start=\"405\" data-end=\"427\">Wejd\u017a w \u201eUstawienia\u201d<\/li>\n<li data-start=\"431\" data-end=\"466\">Nast\u0119pnie wybierz \u201ePowiadomienia\u201d<\/li>\n<li data-start=\"470\" data-end=\"500\">Przejd\u017a do aplikacji Spotter<\/li>\n<li data-start=\"504\" data-end=\"525\">W\u0142\u0105cz powiadomienia<\/li>\n<\/ol>\n<h2 data-start=\"527\" data-end=\"551\"><strong data-start=\"527\" data-end=\"549\">Dla urz\u0105dze\u0144 Apple<\/strong><\/h2>\n<ol>\n<li data-start=\"555\" data-end=\"577\">Wejd\u017a w \u201eUstawienia\u201d<\/li>\n<li data-start=\"581\" data-end=\"618\">Nast\u0119pnie wybierz aplikacj\u0119 Spotter<\/li>\n<li data-start=\"622\" data-end=\"647\">Kliknij \u201ePowiadomienia\u201d<\/li>\n<li data-start=\"651\" data-end=\"672\">W\u0142\u0105cz \u201ePowiadomienia\u201d<\/li>\n<\/ol>\n","protected":false},"excerpt":{"rendered":"<p>Je\u015bli jeste\u015b zalogowany w aplikacji Spotter, powiadomienia powinny pojawia\u0107 si\u0119 bezpo\u015brednio na ekranie, gdy tylko zostan\u0105 wydane. Je\u015bli nie otrzymujesz powiadomie\u0144, prawdopodobnie nie udzieli\u0142e\u015b jeszcze zgody na ich otrzymywanie. Mo\u017cesz to \u0142atwo zmieni\u0107 w ustawieniach swojego smartfona, a nie w samej aplikacji Spotter. Dla urz\u0105dze\u0144 Android Wejd\u017a w \u201eUstawienia\u201d Nast\u0119pnie wybierz \u201ePowiadomienia\u201d Przejd\u017a do aplikacji [&hellip;]<\/p>\n","protected":false},"author":14,"featured_media":0,"parent":653,"menu_order":0,"comment_status":"closed","ping_status":"closed","template":"faq-content.php","meta":{"_acf_changed":false,"footnotes":""},"categories":[5],"tags":[],"class_list":["post-888","page","type-page","status-publish","hentry","category-faq"],"acf":[],"yoast_head":"<!-- This site is optimized with the Yoast SEO plugin v25.9 - https:\/\/yoast.com\/wordpress\/plugins\/seo\/ -->\n<title>Nie otrzymuj\u0119 powiadomie\u0144 w aplikacji Spotter - Spotter - Polen<\/title>\n<meta name=\"robots\" content=\"index, follow, max-snippet:-1, max-image-preview:large, max-video-preview:-1\" \/>\n<link rel=\"canonical\" href=\"https:\/\/www.spottergps.com\/pl\/faq-2\/aplikacja\/nie-otrzymuje-powiadomien-w-aplikacji-spotter\/\" \/>\n<meta property=\"og:locale\" content=\"pl_PL\" \/>\n<meta property=\"og:type\" content=\"article\" \/>\n<meta property=\"og:title\" content=\"Nie otrzymuj\u0119 powiadomie\u0144 w aplikacji Spotter - Spotter - Polen\" \/>\n<meta property=\"og:description\" content=\"Je\u015bli jeste\u015b zalogowany w aplikacji Spotter, powiadomienia powinny pojawia\u0107 si\u0119 bezpo\u015brednio na ekranie, gdy tylko zostan\u0105 wydane. Je\u015bli nie otrzymujesz powiadomie\u0144, prawdopodobnie nie udzieli\u0142e\u015b jeszcze zgody na ich otrzymywanie. Mo\u017cesz to \u0142atwo zmieni\u0107 w ustawieniach swojego smartfona, a nie w samej aplikacji Spotter. Dla urz\u0105dze\u0144 Android Wejd\u017a w \u201eUstawienia\u201d Nast\u0119pnie wybierz \u201ePowiadomienia\u201d Przejd\u017a do aplikacji [&hellip;]\" \/>\n<meta property=\"og:url\" content=\"https:\/\/www.spottergps.com\/pl\/faq-2\/aplikacja\/nie-otrzymuje-powiadomien-w-aplikacji-spotter\/\" \/>\n<meta property=\"og:site_name\" content=\"Spotter - Polen\" \/>\n<meta property=\"article:modified_time\" content=\"2025-04-02T10:19:33+00:00\" \/>\n<meta name=\"twitter:card\" content=\"summary_large_image\" \/>\n<meta name=\"twitter:label1\" content=\"Szacowany czas czytania\" \/>\n\t<meta name=\"twitter:data1\" content=\"1 minuta\" \/>\n<script type=\"application\/ld+json\" class=\"yoast-schema-graph\">{\"@context\":\"https:\/\/schema.org\",\"@graph\":[{\"@type\":\"WebPage\",\"@id\":\"https:\/\/www.spottergps.com\/pl\/faq-2\/aplikacja\/nie-otrzymuje-powiadomien-w-aplikacji-spotter\/\",\"url\":\"https:\/\/www.spottergps.com\/pl\/faq-2\/aplikacja\/nie-otrzymuje-powiadomien-w-aplikacji-spotter\/\",\"name\":\"Nie otrzymuj\u0119 powiadomie\u0144 w aplikacji Spotter - Spotter - Polen\",\"isPartOf\":{\"@id\":\"https:\/\/www.spottergps.com\/pl\/#website\"},\"datePublished\":\"2025-04-02T10:19:31+00:00\",\"dateModified\":\"2025-04-02T10:19:33+00:00\",\"breadcrumb\":{\"@id\":\"https:\/\/www.spottergps.com\/pl\/faq-2\/aplikacja\/nie-otrzymuje-powiadomien-w-aplikacji-spotter\/#breadcrumb\"},\"inLanguage\":\"pl-PL\",\"potentialAction\":[{\"@type\":\"ReadAction\",\"target\":[\"https:\/\/www.spottergps.com\/pl\/faq-2\/aplikacja\/nie-otrzymuje-powiadomien-w-aplikacji-spotter\/\"]}]},{\"@type\":\"BreadcrumbList\",\"@id\":\"https:\/\/www.spottergps.com\/pl\/faq-2\/aplikacja\/nie-otrzymuje-powiadomien-w-aplikacji-spotter\/#breadcrumb\",\"itemListElement\":[{\"@type\":\"ListItem\",\"position\":1,\"name\":\"Home\",\"item\":\"https:\/\/www.spottergps.com\/pl\/\"},{\"@type\":\"ListItem\",\"position\":2,\"name\":\"Jak mo\u017cemy ci pom\u00f3c?\",\"item\":\"https:\/\/www.spottergps.com\/pl\/faq-2\/\"},{\"@type\":\"ListItem\",\"position\":3,\"name\":\"Aplikacja\",\"item\":\"https:\/\/www.spottergps.com\/pl\/faq-2\/aplikacja\/\"},{\"@type\":\"ListItem\",\"position\":4,\"name\":\"Nie otrzymuj\u0119 powiadomie\u0144 w aplikacji Spotter\"}]},{\"@type\":\"WebSite\",\"@id\":\"https:\/\/www.spottergps.com\/pl\/#website\",\"url\":\"https:\/\/www.spottergps.com\/pl\/\",\"name\":\"Spotter - Polen\",\"description\":\"GPS tracker dla wszystkiego, co kochasz\",\"potentialAction\":[{\"@type\":\"SearchAction\",\"target\":{\"@type\":\"EntryPoint\",\"urlTemplate\":\"https:\/\/www.spottergps.com\/pl\/?s={search_term_string}\"},\"query-input\":{\"@type\":\"PropertyValueSpecification\",\"valueRequired\":true,\"valueName\":\"search_term_string\"}}],\"inLanguage\":\"pl-PL\"}]}<\/script>\n<!-- \/ Yoast SEO plugin. -->","yoast_head_json":{"title":"Nie otrzymuj\u0119 powiadomie\u0144 w aplikacji Spotter - Spotter - Polen","robots":{"index":"index","follow":"follow","max-snippet":"max-snippet:-1","max-image-preview":"max-image-preview:large","max-video-preview":"max-video-preview:-1"},"canonical":"https:\/\/www.spottergps.com\/pl\/faq-2\/aplikacja\/nie-otrzymuje-powiadomien-w-aplikacji-spotter\/","og_locale":"pl_PL","og_type":"article","og_title":"Nie otrzymuj\u0119 powiadomie\u0144 w aplikacji Spotter - Spotter - Polen","og_description":"Je\u015bli jeste\u015b zalogowany w aplikacji Spotter, powiadomienia powinny pojawia\u0107 si\u0119 bezpo\u015brednio na ekranie, gdy tylko zostan\u0105 wydane. Je\u015bli nie otrzymujesz powiadomie\u0144, prawdopodobnie nie udzieli\u0142e\u015b jeszcze zgody na ich otrzymywanie. Mo\u017cesz to \u0142atwo zmieni\u0107 w ustawieniach swojego smartfona, a nie w samej aplikacji Spotter. Dla urz\u0105dze\u0144 Android Wejd\u017a w \u201eUstawienia\u201d Nast\u0119pnie wybierz \u201ePowiadomienia\u201d Przejd\u017a do aplikacji [&hellip;]","og_url":"https:\/\/www.spottergps.com\/pl\/faq-2\/aplikacja\/nie-otrzymuje-powiadomien-w-aplikacji-spotter\/","og_site_name":"Spotter - Polen","article_modified_time":"2025-04-02T10:19:33+00:00","twitter_card":"summary_large_image","twitter_misc":{"Szacowany czas czytania":"1 minuta"},"schema":{"@context":"https:\/\/schema.org","@graph":[{"@type":"WebPage","@id":"https:\/\/www.spottergps.com\/pl\/faq-2\/aplikacja\/nie-otrzymuje-powiadomien-w-aplikacji-spotter\/","url":"https:\/\/www.spottergps.com\/pl\/faq-2\/aplikacja\/nie-otrzymuje-powiadomien-w-aplikacji-spotter\/","name":"Nie otrzymuj\u0119 powiadomie\u0144 w aplikacji Spotter - Spotter - Polen","isPartOf":{"@id":"https:\/\/www.spottergps.com\/pl\/#website"},"datePublished":"2025-04-02T10:19:31+00:00","dateModified":"2025-04-02T10:19:33+00:00","breadcrumb":{"@id":"https:\/\/www.spottergps.com\/pl\/faq-2\/aplikacja\/nie-otrzymuje-powiadomien-w-aplikacji-spotter\/#breadcrumb"},"inLanguage":"pl-PL","potentialAction":[{"@type":"ReadAction","target":["https:\/\/www.spottergps.com\/pl\/faq-2\/aplikacja\/nie-otrzymuje-powiadomien-w-aplikacji-spotter\/"]}]},{"@type":"BreadcrumbList","@id":"https:\/\/www.spottergps.com\/pl\/faq-2\/aplikacja\/nie-otrzymuje-powiadomien-w-aplikacji-spotter\/#breadcrumb","itemListElement":[{"@type":"ListItem","position":1,"name":"Home","item":"https:\/\/www.spottergps.com\/pl\/"},{"@type":"ListItem","position":2,"name":"Jak mo\u017cemy ci pom\u00f3c?","item":"https:\/\/www.spottergps.com\/pl\/faq-2\/"},{"@type":"ListItem","position":3,"name":"Aplikacja","item":"https:\/\/www.spottergps.com\/pl\/faq-2\/aplikacja\/"},{"@type":"ListItem","position":4,"name":"Nie otrzymuj\u0119 powiadomie\u0144 w aplikacji Spotter"}]},{"@type":"WebSite","@id":"https:\/\/www.spottergps.com\/pl\/#website","url":"https:\/\/www.spottergps.com\/pl\/","name":"Spotter - Polen","description":"GPS tracker dla wszystkiego, co kochasz","potentialAction":[{"@type":"SearchAction","target":{"@type":"EntryPoint","urlTemplate":"https:\/\/www.spottergps.com\/pl\/?s={search_term_string}"},"query-input":{"@type":"PropertyValueSpecification","valueRequired":true,"valueName":"search_term_string"}}],"inLanguage":"pl-PL"}]}},"_links":{"self":[{"href":"https:\/\/www.spottergps.com\/pl\/wp-json\/wp\/v2\/pages\/888","targetHints":{"allow":["GET"]}}],"collection":[{"href":"https:\/\/www.spottergps.com\/pl\/wp-json\/wp\/v2\/pages"}],"about":[{"href":"https:\/\/www.spottergps.com\/pl\/wp-json\/wp\/v2\/types\/page"}],"author":[{"embeddable":true,"href":"https:\/\/www.spottergps.com\/pl\/wp-json\/wp\/v2\/users\/14"}],"replies":[{"embeddable":true,"href":"https:\/\/www.spottergps.com\/pl\/wp-json\/wp\/v2\/comments?post=888"}],"version-history":[{"count":1,"href":"https:\/\/www.spottergps.com\/pl\/wp-json\/wp\/v2\/pages\/888\/revisions"}],"predecessor-version":[{"id":889,"href":"https:\/\/www.spottergps.com\/pl\/wp-json\/wp\/v2\/pages\/888\/revisions\/889"}],"up":[{"embeddable":true,"href":"https:\/\/www.spottergps.com\/pl\/wp-json\/wp\/v2\/pages\/653"}],"wp:attachment":[{"href":"https:\/\/www.spottergps.com\/pl\/wp-json\/wp\/v2\/media?parent=888"}],"wp:term":[{"taxonomy":"category","embeddable":true,"href":"https:\/\/www.spottergps.com\/pl\/wp-json\/wp\/v2\/categories?post=888"},{"taxonomy":"post_tag","embeddable":true,"href":"https:\/\/www.spottergps.com\/pl\/wp-json\/wp\/v2\/tags?post=888"}],"curies":[{"name":"wp","href":"https:\/\/api.w.org\/{rel}","templated":true}]}}