{"id":879,"date":"2025-04-02T10:04:27","date_gmt":"2025-04-02T10:04:27","guid":{"rendered":"https:\/\/www.spottergps.com\/pl\/?page_id=879"},"modified":"2025-04-23T06:58:42","modified_gmt":"2025-04-23T06:58:42","slug":"nie-moge-pobrac-aplikacji-spotter","status":"publish","type":"page","link":"https:\/\/www.spottergps.com\/pl\/faq-2\/aplikacja\/nie-moge-pobrac-aplikacji-spotter\/","title":{"rendered":"Nie mog\u0119 pobra\u0107 aplikacji Spotter"},"content":{"rendered":"\n<article class=\"w-full text-token-text-primary\" dir=\"auto\" data-testid=\"conversation-turn-121\" data-scroll-anchor=\"true\">\n<div class=\"text-base my-auto mx-auto py-5 px-6\">\n<div class=\"mx-auto flex flex-1 text-base gap-4 md:gap-5 lg:gap-6 md:max-w-3xl lg:max-w-[40rem] xl:max-w-[48rem] group\/turn-messages focus-visible:outline-none\">\n<div class=\"group\/conversation-turn relative flex w-full min-w-0 flex-col agent-turn @xs\/thread:px-0 @sm\/thread:px-1.5 @md\/thread:px-4\">\n<div class=\"relative flex-col gap-1 md:gap-3\">\n<div class=\"flex max-w-full flex-col flex-grow\">\n<div class=\"min-h-8 text-message relative flex w-full flex-col items-end gap-2 whitespace-normal break-words text-start [.text-message+&amp;]:mt-5\" dir=\"auto\" data-message-author-role=\"assistant\" data-message-id=\"0c146dd0-884e-4c2f-8e8b-d8c6e2b65ab4\" data-message-model-slug=\"gpt-4o-mini\">\n<div class=\"flex w-full flex-col gap-1 empty:hidden first:pt-[3px]\">\n<div class=\"markdown prose w-full break-words dark:prose-invert dark\">\n<p class=\"\" data-start=\"0\" data-end=\"169\">Przykro nam, \u017ce nie uda\u0142o si\u0119 jeszcze pobra\u0107 aplikacji Spotter. Poni\u017cej przedstawiamy kroki, kt\u00f3re pomog\u0105 rozwi\u0105za\u0107 ten problem.<\/p>\n<h3 data-start=\"171\" data-end=\"442\"><strong data-start=\"171\" data-end=\"206\">Krok 1: Po\u0142\u0105czenie z internetem<\/strong><\/h3>\n<p class=\"\" data-start=\"171\" data-end=\"442\">Zanim przejdziesz dalej, sprawd\u017a, czy urz\u0105dzenie jest po\u0142\u0105czone z internetem. Zalecamy po\u0142\u0105czenie z sieci\u0105 Wi-Fi do pobierania aplikacji, ale mo\u017cesz r\u00f3wnie\u017c u\u017cywa\u0107 danych mobilnych. Upewnij si\u0119, \u017ce urz\u0105dzenie jest po\u0142\u0105czone z sieci\u0105.<\/p>\n<h3 data-start=\"444\" data-end=\"652\"><strong data-start=\"444\" data-end=\"472\">Krok 2: Odpowiedni sklep<\/strong><\/h3>\n<p class=\"\" data-start=\"444\" data-end=\"652\">Jeste\u015b po\u0142\u0105czony z sieci\u0105? Teraz sprawd\u017a, czy w App Store lub Google Play Store ustawiony jest w\u0142a\u015bciwy kraj. Aplikacja Spotter jest dost\u0119pna tylko do pobrania w krajach Europy.<\/p>\n<h3 data-start=\"654\" data-end=\"820\"><strong data-start=\"654\" data-end=\"687\">Krok 3: Wersja oprogramowania<\/strong><\/h3>\n<p class=\"\" data-start=\"654\" data-end=\"820\">Upewnij si\u0119, \u017ce urz\u0105dzenie ma odpowiedni\u0105 wersj\u0119 oprogramowania.<br data-start=\"754\" data-end=\"757\" \/>Aplikacja Spotter wymaga nast\u0119puj\u0105cych wersji oprogramowania:<\/p>\n<ul data-start=\"821\" data-end=\"879\">\n<li class=\"\" data-start=\"821\" data-end=\"852\">\n<p class=\"\" data-start=\"823\" data-end=\"852\"><strong data-start=\"823\" data-end=\"834\">Android<\/strong>: 9.0 lub nowszy<\/p>\n<\/li>\n<li class=\"\" data-start=\"853\" data-end=\"879\">\n<p class=\"\" data-start=\"855\" data-end=\"879\"><strong data-start=\"855\" data-end=\"862\">iOS<\/strong>: 13.0 lub nowszy<\/p>\n<\/li>\n<\/ul>\n<h3 data-start=\"881\" data-end=\"993\"><strong data-start=\"881\" data-end=\"891\">Krok 4<\/strong><\/h3>\n<p class=\"\" data-start=\"881\" data-end=\"993\">Je\u015bli wszystko jest w porz\u0105dku, mo\u017cesz pobra\u0107 aplikacj\u0119 Spotter z Google Play Store lub App Store.<\/p>\n<p class=\"\" data-start=\"995\" data-end=\"1018\"><strong data-start=\"995\" data-end=\"1016\">Google Play Store<\/strong><\/p>\n<ol>\n<li data-start=\"1022\" data-end=\"1059\">Otw\u00f3rz aplikacj\u0119 Google Play Store.<\/li>\n<li data-start=\"1063\" data-end=\"1084\">Wyszukaj \u201eSpotter\u201d.<\/li>\n<li data-start=\"1088\" data-end=\"1116\">Wybierz aplikacj\u0119 Spotter.<\/li>\n<li data-start=\"1120\" data-end=\"1143\">Kliknij \u201eZainstaluj\u201d.<\/li>\n<li data-start=\"1147\" data-end=\"1388\">Post\u0119puj zgodnie z instrukcjami na ekranie.<br data-start=\"1190\" data-end=\"1193\" \/>Po pobraniu aplikacji kliknij \u201eOtw\u00f3rz\u201d i zaloguj si\u0119 swoimi danymi.<br data-start=\"1260\" data-end=\"1263\" \/>Aplikacja b\u0119dzie zawsze dost\u0119pna na ekranie g\u0142\u00f3wnym. Je\u015bli jej nie widzisz, by\u0107 mo\u017ce musisz przewin\u0105\u0107 stron\u0119, aby j\u0105 znale\u017a\u0107.<\/li>\n<\/ol>\n<p class=\"\" data-start=\"1390\" data-end=\"1405\"><strong data-start=\"1390\" data-end=\"1403\">App Store<\/strong><\/p>\n<ol>\n<li data-start=\"1409\" data-end=\"1428\">Otw\u00f3rz App Store.<\/li>\n<li data-start=\"1432\" data-end=\"1506\">Przejd\u017a do sekcji wyszukiwania (w prawym dolnym rogu) i wpisz \u201eSpotter\u201d.<\/li>\n<li data-start=\"1510\" data-end=\"1538\">Wybierz aplikacj\u0119 Spotter.<\/li>\n<li data-start=\"1542\" data-end=\"1565\">Kliknij \u201eZainstaluj\u201d.<\/li>\n<li data-start=\"1569\" data-end=\"1799\">Aplikacja zostanie pobrana i zainstalowana.<br data-start=\"1612\" data-end=\"1615\" \/>Po zainstalowaniu otw\u00f3rz aplikacj\u0119 i zaloguj si\u0119 swoimi danymi.<br data-start=\"1678\" data-end=\"1681\" \/>Aplikacja b\u0119dzie dost\u0119pna na ekranie g\u0142\u00f3wnym. Je\u015bli jej nie widzisz, by\u0107 mo\u017ce musisz przewin\u0105\u0107 stron\u0119, aby j\u0105 znale\u017a\u0107.<\/li>\n<\/ol>\n<p class=\"\" data-start=\"1801\" data-end=\"1861\">Je\u015bli te kroki nie pomog\u0105, <a href=\"https:\/\/www.spottergps.com\/pl\/w-czym-mozemy-panstwu-pomoc\/\"><span style=\"text-decoration: underline\">skontaktuj si\u0119 z obs\u0142ug\u0105 klienta.<\/span><\/a><\/p>\n<\/div>\n<\/div>\n<\/div>\n<\/div>\n<div class=\"flex justify-start\">\n<div class=\"-me-1 -ms-2.5 flex select-none items-center p-1 touch:-me-2 touch:-ms-3.5 -mt-1 duration-[1.5s] focus-within:transition-none hover:transition-none pointer-events-none [mask-image:linear-gradient(to_right,black_33%,transparent_66%)] [mask-position:100%_0%] [mask-size:300%_100%] motion-safe:transition-[mask-position] group-hover\/turn-messages:pointer-events-auto group-hover\/turn-messages:[mask-position:0_0] group-focus-within\/turn-messages:pointer-events-auto group-focus-within\/turn-messages:[mask-position:0_0] has-[[data-state=open]]:pointer-events-auto has-[[data-state=open]]:[mask-position:0_0]\">\u00a0<\/div>\n<\/div>\n<div class=\"mt-3 w-full empty:hidden\">\n<div class=\"text-center\">\u00a0<\/div>\n<\/div>\n<\/div>\n<div class=\"absolute\">\n<div class=\"flex items-center justify-center\">\u00a0<\/div>\n<\/div>\n<\/div>\n<\/div>\n<\/div>\n<\/article>\n<div class=\"pointer-events-none h-px w-px\" aria-hidden=\"true\" data-edge=\"true\">\u00a0<\/div>\n","protected":false},"excerpt":{"rendered":"<p>Przykro nam, \u017ce nie uda\u0142o si\u0119 jeszcze pobra\u0107 aplikacji Spotter. Poni\u017cej przedstawiamy kroki, kt\u00f3re pomog\u0105 rozwi\u0105za\u0107 ten problem. Krok 1: Po\u0142\u0105czenie z internetem Zanim przejdziesz dalej, sprawd\u017a, czy urz\u0105dzenie jest po\u0142\u0105czone z internetem. Zalecamy po\u0142\u0105czenie z sieci\u0105 Wi-Fi do pobierania aplikacji, ale mo\u017cesz r\u00f3wnie\u017c u\u017cywa\u0107 danych mobilnych. Upewnij si\u0119, \u017ce urz\u0105dzenie jest po\u0142\u0105czone z sieci\u0105. [&hellip;]<\/p>\n","protected":false},"author":14,"featured_media":0,"parent":653,"menu_order":0,"comment_status":"closed","ping_status":"closed","template":"faq-content.php","meta":{"_acf_changed":false,"footnotes":""},"categories":[5],"tags":[],"class_list":["post-879","page","type-page","status-publish","hentry","category-faq"],"acf":[],"yoast_head":"<!-- This site is optimized with the Yoast SEO plugin v25.9 - https:\/\/yoast.com\/wordpress\/plugins\/seo\/ -->\n<title>Nie mog\u0119 pobra\u0107 aplikacji Spotter - Spotter - Polen<\/title>\n<meta name=\"robots\" content=\"index, follow, max-snippet:-1, max-image-preview:large, max-video-preview:-1\" \/>\n<link rel=\"canonical\" href=\"https:\/\/www.spottergps.com\/pl\/faq-2\/aplikacja\/nie-moge-pobrac-aplikacji-spotter\/\" \/>\n<meta property=\"og:locale\" content=\"pl_PL\" \/>\n<meta property=\"og:type\" content=\"article\" \/>\n<meta property=\"og:title\" content=\"Nie mog\u0119 pobra\u0107 aplikacji Spotter - Spotter - Polen\" \/>\n<meta property=\"og:description\" content=\"Przykro nam, \u017ce nie uda\u0142o si\u0119 jeszcze pobra\u0107 aplikacji Spotter. Poni\u017cej przedstawiamy kroki, kt\u00f3re pomog\u0105 rozwi\u0105za\u0107 ten problem. Krok 1: Po\u0142\u0105czenie z internetem Zanim przejdziesz dalej, sprawd\u017a, czy urz\u0105dzenie jest po\u0142\u0105czone z internetem. Zalecamy po\u0142\u0105czenie z sieci\u0105 Wi-Fi do pobierania aplikacji, ale mo\u017cesz r\u00f3wnie\u017c u\u017cywa\u0107 danych mobilnych. Upewnij si\u0119, \u017ce urz\u0105dzenie jest po\u0142\u0105czone z sieci\u0105. [&hellip;]\" \/>\n<meta property=\"og:url\" content=\"https:\/\/www.spottergps.com\/pl\/faq-2\/aplikacja\/nie-moge-pobrac-aplikacji-spotter\/\" \/>\n<meta property=\"og:site_name\" content=\"Spotter - Polen\" \/>\n<meta property=\"article:modified_time\" content=\"2025-04-23T06:58:42+00:00\" \/>\n<meta name=\"twitter:card\" content=\"summary_large_image\" \/>\n<meta name=\"twitter:label1\" content=\"Szacowany czas czytania\" \/>\n\t<meta name=\"twitter:data1\" content=\"2 minuty\" \/>\n<script type=\"application\/ld+json\" class=\"yoast-schema-graph\">{\"@context\":\"https:\/\/schema.org\",\"@graph\":[{\"@type\":\"WebPage\",\"@id\":\"https:\/\/www.spottergps.com\/pl\/faq-2\/aplikacja\/nie-moge-pobrac-aplikacji-spotter\/\",\"url\":\"https:\/\/www.spottergps.com\/pl\/faq-2\/aplikacja\/nie-moge-pobrac-aplikacji-spotter\/\",\"name\":\"Nie mog\u0119 pobra\u0107 aplikacji Spotter - Spotter - Polen\",\"isPartOf\":{\"@id\":\"https:\/\/www.spottergps.com\/pl\/#website\"},\"datePublished\":\"2025-04-02T10:04:27+00:00\",\"dateModified\":\"2025-04-23T06:58:42+00:00\",\"breadcrumb\":{\"@id\":\"https:\/\/www.spottergps.com\/pl\/faq-2\/aplikacja\/nie-moge-pobrac-aplikacji-spotter\/#breadcrumb\"},\"inLanguage\":\"pl-PL\",\"potentialAction\":[{\"@type\":\"ReadAction\",\"target\":[\"https:\/\/www.spottergps.com\/pl\/faq-2\/aplikacja\/nie-moge-pobrac-aplikacji-spotter\/\"]}]},{\"@type\":\"BreadcrumbList\",\"@id\":\"https:\/\/www.spottergps.com\/pl\/faq-2\/aplikacja\/nie-moge-pobrac-aplikacji-spotter\/#breadcrumb\",\"itemListElement\":[{\"@type\":\"ListItem\",\"position\":1,\"name\":\"Home\",\"item\":\"https:\/\/www.spottergps.com\/pl\/\"},{\"@type\":\"ListItem\",\"position\":2,\"name\":\"Jak mo\u017cemy ci pom\u00f3c?\",\"item\":\"https:\/\/www.spottergps.com\/pl\/faq-2\/\"},{\"@type\":\"ListItem\",\"position\":3,\"name\":\"Aplikacja\",\"item\":\"https:\/\/www.spottergps.com\/pl\/faq-2\/aplikacja\/\"},{\"@type\":\"ListItem\",\"position\":4,\"name\":\"Nie mog\u0119 pobra\u0107 aplikacji Spotter\"}]},{\"@type\":\"WebSite\",\"@id\":\"https:\/\/www.spottergps.com\/pl\/#website\",\"url\":\"https:\/\/www.spottergps.com\/pl\/\",\"name\":\"Spotter - Polen\",\"description\":\"GPS tracker dla wszystkiego, co kochasz\",\"potentialAction\":[{\"@type\":\"SearchAction\",\"target\":{\"@type\":\"EntryPoint\",\"urlTemplate\":\"https:\/\/www.spottergps.com\/pl\/?s={search_term_string}\"},\"query-input\":{\"@type\":\"PropertyValueSpecification\",\"valueRequired\":true,\"valueName\":\"search_term_string\"}}],\"inLanguage\":\"pl-PL\"}]}<\/script>\n<!-- \/ Yoast SEO plugin. -->","yoast_head_json":{"title":"Nie mog\u0119 pobra\u0107 aplikacji Spotter - Spotter - Polen","robots":{"index":"index","follow":"follow","max-snippet":"max-snippet:-1","max-image-preview":"max-image-preview:large","max-video-preview":"max-video-preview:-1"},"canonical":"https:\/\/www.spottergps.com\/pl\/faq-2\/aplikacja\/nie-moge-pobrac-aplikacji-spotter\/","og_locale":"pl_PL","og_type":"article","og_title":"Nie mog\u0119 pobra\u0107 aplikacji Spotter - Spotter - Polen","og_description":"Przykro nam, \u017ce nie uda\u0142o si\u0119 jeszcze pobra\u0107 aplikacji Spotter. Poni\u017cej przedstawiamy kroki, kt\u00f3re pomog\u0105 rozwi\u0105za\u0107 ten problem. Krok 1: Po\u0142\u0105czenie z internetem Zanim przejdziesz dalej, sprawd\u017a, czy urz\u0105dzenie jest po\u0142\u0105czone z internetem. Zalecamy po\u0142\u0105czenie z sieci\u0105 Wi-Fi do pobierania aplikacji, ale mo\u017cesz r\u00f3wnie\u017c u\u017cywa\u0107 danych mobilnych. Upewnij si\u0119, \u017ce urz\u0105dzenie jest po\u0142\u0105czone z sieci\u0105. [&hellip;]","og_url":"https:\/\/www.spottergps.com\/pl\/faq-2\/aplikacja\/nie-moge-pobrac-aplikacji-spotter\/","og_site_name":"Spotter - Polen","article_modified_time":"2025-04-23T06:58:42+00:00","twitter_card":"summary_large_image","twitter_misc":{"Szacowany czas czytania":"2 minuty"},"schema":{"@context":"https:\/\/schema.org","@graph":[{"@type":"WebPage","@id":"https:\/\/www.spottergps.com\/pl\/faq-2\/aplikacja\/nie-moge-pobrac-aplikacji-spotter\/","url":"https:\/\/www.spottergps.com\/pl\/faq-2\/aplikacja\/nie-moge-pobrac-aplikacji-spotter\/","name":"Nie mog\u0119 pobra\u0107 aplikacji Spotter - Spotter - Polen","isPartOf":{"@id":"https:\/\/www.spottergps.com\/pl\/#website"},"datePublished":"2025-04-02T10:04:27+00:00","dateModified":"2025-04-23T06:58:42+00:00","breadcrumb":{"@id":"https:\/\/www.spottergps.com\/pl\/faq-2\/aplikacja\/nie-moge-pobrac-aplikacji-spotter\/#breadcrumb"},"inLanguage":"pl-PL","potentialAction":[{"@type":"ReadAction","target":["https:\/\/www.spottergps.com\/pl\/faq-2\/aplikacja\/nie-moge-pobrac-aplikacji-spotter\/"]}]},{"@type":"BreadcrumbList","@id":"https:\/\/www.spottergps.com\/pl\/faq-2\/aplikacja\/nie-moge-pobrac-aplikacji-spotter\/#breadcrumb","itemListElement":[{"@type":"ListItem","position":1,"name":"Home","item":"https:\/\/www.spottergps.com\/pl\/"},{"@type":"ListItem","position":2,"name":"Jak mo\u017cemy ci pom\u00f3c?","item":"https:\/\/www.spottergps.com\/pl\/faq-2\/"},{"@type":"ListItem","position":3,"name":"Aplikacja","item":"https:\/\/www.spottergps.com\/pl\/faq-2\/aplikacja\/"},{"@type":"ListItem","position":4,"name":"Nie mog\u0119 pobra\u0107 aplikacji Spotter"}]},{"@type":"WebSite","@id":"https:\/\/www.spottergps.com\/pl\/#website","url":"https:\/\/www.spottergps.com\/pl\/","name":"Spotter - Polen","description":"GPS tracker dla wszystkiego, co kochasz","potentialAction":[{"@type":"SearchAction","target":{"@type":"EntryPoint","urlTemplate":"https:\/\/www.spottergps.com\/pl\/?s={search_term_string}"},"query-input":{"@type":"PropertyValueSpecification","valueRequired":true,"valueName":"search_term_string"}}],"inLanguage":"pl-PL"}]}},"_links":{"self":[{"href":"https:\/\/www.spottergps.com\/pl\/wp-json\/wp\/v2\/pages\/879","targetHints":{"allow":["GET"]}}],"collection":[{"href":"https:\/\/www.spottergps.com\/pl\/wp-json\/wp\/v2\/pages"}],"about":[{"href":"https:\/\/www.spottergps.com\/pl\/wp-json\/wp\/v2\/types\/page"}],"author":[{"embeddable":true,"href":"https:\/\/www.spottergps.com\/pl\/wp-json\/wp\/v2\/users\/14"}],"replies":[{"embeddable":true,"href":"https:\/\/www.spottergps.com\/pl\/wp-json\/wp\/v2\/comments?post=879"}],"version-history":[{"count":2,"href":"https:\/\/www.spottergps.com\/pl\/wp-json\/wp\/v2\/pages\/879\/revisions"}],"predecessor-version":[{"id":20758,"href":"https:\/\/www.spottergps.com\/pl\/wp-json\/wp\/v2\/pages\/879\/revisions\/20758"}],"up":[{"embeddable":true,"href":"https:\/\/www.spottergps.com\/pl\/wp-json\/wp\/v2\/pages\/653"}],"wp:attachment":[{"href":"https:\/\/www.spottergps.com\/pl\/wp-json\/wp\/v2\/media?parent=879"}],"wp:term":[{"taxonomy":"category","embeddable":true,"href":"https:\/\/www.spottergps.com\/pl\/wp-json\/wp\/v2\/categories?post=879"},{"taxonomy":"post_tag","embeddable":true,"href":"https:\/\/www.spottergps.com\/pl\/wp-json\/wp\/v2\/tags?post=879"}],"curies":[{"name":"wp","href":"https:\/\/api.w.org\/{rel}","templated":true}]}}