{"id":876,"date":"2025-04-02T09:59:55","date_gmt":"2025-04-02T09:59:55","guid":{"rendered":"https:\/\/www.spottergps.com\/pl\/?page_id=876"},"modified":"2025-04-02T09:59:56","modified_gmt":"2025-04-02T09:59:56","slug":"jak-zaktualizowac-aplikacje-spotter","status":"publish","type":"page","link":"https:\/\/www.spottergps.com\/pl\/faq-2\/akumulator-i-ladowanie\/jak-zaktualizowac-aplikacje-spotter\/","title":{"rendered":"Jak zaktualizowa\u0107 aplikacj\u0119 Spotter?"},"content":{"rendered":"\n<p class=\"\" data-start=\"0\" data-end=\"486\">Aplikacja Spotter jest regularnie aktualizowana, aby doda\u0107 nowe funkcje lub naprawi\u0107 b\u0142\u0119dy. Dlatego wa\u017cne jest, aby na bie\u017c\u0105co \u015bledzi\u0107 te aktualizacje. Cz\u0119sto s\u0105 one automatycznie aktualizowane na urz\u0105dzeniach, wi\u0119c nie musisz podejmowa\u0107 \u017cadnych dzia\u0142a\u0144. Je\u015bli nie masz ustawionej tej opcji, zalecamy regularne sprawdzanie i aktualizowanie aplikacji, aby zapewni\u0107 sobie optymalne do\u015bwiadczenie u\u017cytkownika i mie\u0107 dost\u0119p do najnowszych funkcji.<\/p>\n<h2 data-start=\"488\" data-end=\"762\"><strong data-start=\"488\" data-end=\"497\">Apple<\/strong><\/h2>\n<p class=\"\" data-start=\"488\" data-end=\"762\">Po otwarciu Apple Store zobaczysz funkcj\u0119 wyszukiwania w prawym dolnym rogu. Wpisz \u201espotter gps\u201d. Aplikacja Spotter pojawi si\u0119 teraz. Kliknij ikon\u0119 aplikacji, a znajdziesz informacje o tym, jak aktualna jest aplikacja i czy wymaga aktualizacji do nowszej wersji.<\/p>\n<p class=\"\" data-start=\"764\" data-end=\"786\"><img loading=\"lazy\" decoding=\"async\" class=\"\" src=\"https:\/\/www.spottergps.com\/wp-content\/uploads\/2015\/05\/AppStore-e1589534547197.png\" alt=\"Spotter - AppStore\" width=\"186\" height=\"61\" \/><\/p>\n<h2 data-start=\"788\" data-end=\"1173\"><strong data-start=\"788\" data-end=\"799\">Android<\/strong><\/h2>\n<p class=\"\" data-start=\"788\" data-end=\"1173\">Po otwarciu Play Store kliknij w prawym g\u00f3rnym rogu przycisk menu (okr\u0105g) lub skorzystaj z opcji wyszukiwania i wpisz \u201espotter gps\u201d. Nast\u0119pnie kliknij \u201eZarz\u0105dzaj aplikacjami i urz\u0105dzeniami\u201d. Zostaniesz przeniesiony do strony aktualizacji. Wyszukaj na tej stronie \u201eSpotter GPS\u201d. Je\u015bli aplikacja jest dost\u0119pna, kliknij \u201eaktualizuj\u201d. Aplikacja zostanie teraz zaktualizowana.<\/p>\n<p class=\"\" data-start=\"1175\" data-end=\"1198\"><img loading=\"lazy\" decoding=\"async\" class=\"\" src=\"https:\/\/www.spottergps.com\/wp-content\/uploads\/2015\/05\/PlayStore-e1589534566122.png\" alt=\"Spotter - PlayStore\" width=\"189\" height=\"62\" \/><\/p>\n<p data-start=\"1200\" data-end=\"1328\">\u00a0<\/p>\n<h2 data-start=\"1200\" data-end=\"1328\"><strong data-start=\"1200\" data-end=\"1220\">Aplikacja webowa<\/strong><\/h2>\n<p class=\"\" data-start=\"1200\" data-end=\"1328\">Je\u015bli korzystasz z aplikacji webowej, b\u0119dzie ona automatycznie aktualizowana, wi\u0119c nie musisz nic robi\u0107.<\/p>\n","protected":false},"excerpt":{"rendered":"<p>Aplikacja Spotter jest regularnie aktualizowana, aby doda\u0107 nowe funkcje lub naprawi\u0107 b\u0142\u0119dy. Dlatego wa\u017cne jest, aby na bie\u017c\u0105co \u015bledzi\u0107 te aktualizacje. Cz\u0119sto s\u0105 one automatycznie aktualizowane na urz\u0105dzeniach, wi\u0119c nie musisz podejmowa\u0107 \u017cadnych dzia\u0142a\u0144. Je\u015bli nie masz ustawionej tej opcji, zalecamy regularne sprawdzanie i aktualizowanie aplikacji, aby zapewni\u0107 sobie optymalne do\u015bwiadczenie u\u017cytkownika i mie\u0107 dost\u0119p [&hellip;]<\/p>\n","protected":false},"author":14,"featured_media":0,"parent":650,"menu_order":0,"comment_status":"closed","ping_status":"closed","template":"faq-content.php","meta":{"_acf_changed":false,"footnotes":""},"categories":[5],"tags":[],"class_list":["post-876","page","type-page","status-publish","hentry","category-faq"],"acf":[],"yoast_head":"<!-- This site is optimized with the Yoast SEO plugin v25.9 - https:\/\/yoast.com\/wordpress\/plugins\/seo\/ -->\n<title>Jak zaktualizowa\u0107 aplikacj\u0119 Spotter? - Spotter - Polen<\/title>\n<meta name=\"robots\" content=\"index, follow, max-snippet:-1, max-image-preview:large, max-video-preview:-1\" \/>\n<link rel=\"canonical\" href=\"https:\/\/www.spottergps.com\/pl\/faq-2\/akumulator-i-ladowanie\/jak-zaktualizowac-aplikacje-spotter\/\" \/>\n<meta property=\"og:locale\" content=\"pl_PL\" \/>\n<meta property=\"og:type\" content=\"article\" \/>\n<meta property=\"og:title\" content=\"Jak zaktualizowa\u0107 aplikacj\u0119 Spotter? - Spotter - Polen\" \/>\n<meta property=\"og:description\" content=\"Aplikacja Spotter jest regularnie aktualizowana, aby doda\u0107 nowe funkcje lub naprawi\u0107 b\u0142\u0119dy. Dlatego wa\u017cne jest, aby na bie\u017c\u0105co \u015bledzi\u0107 te aktualizacje. Cz\u0119sto s\u0105 one automatycznie aktualizowane na urz\u0105dzeniach, wi\u0119c nie musisz podejmowa\u0107 \u017cadnych dzia\u0142a\u0144. Je\u015bli nie masz ustawionej tej opcji, zalecamy regularne sprawdzanie i aktualizowanie aplikacji, aby zapewni\u0107 sobie optymalne do\u015bwiadczenie u\u017cytkownika i mie\u0107 dost\u0119p [&hellip;]\" \/>\n<meta property=\"og:url\" content=\"https:\/\/www.spottergps.com\/pl\/faq-2\/akumulator-i-ladowanie\/jak-zaktualizowac-aplikacje-spotter\/\" \/>\n<meta property=\"og:site_name\" content=\"Spotter - Polen\" \/>\n<meta property=\"article:modified_time\" content=\"2025-04-02T09:59:56+00:00\" \/>\n<meta property=\"og:image\" content=\"https:\/\/www.spottergps.com\/wp-content\/uploads\/2015\/05\/AppStore-e1589534547197.png\" \/>\n<meta name=\"twitter:card\" content=\"summary_large_image\" \/>\n<meta name=\"twitter:label1\" content=\"Szacowany czas czytania\" \/>\n\t<meta name=\"twitter:data1\" content=\"2 minuty\" \/>\n<script type=\"application\/ld+json\" class=\"yoast-schema-graph\">{\"@context\":\"https:\/\/schema.org\",\"@graph\":[{\"@type\":\"WebPage\",\"@id\":\"https:\/\/www.spottergps.com\/pl\/faq-2\/akumulator-i-ladowanie\/jak-zaktualizowac-aplikacje-spotter\/\",\"url\":\"https:\/\/www.spottergps.com\/pl\/faq-2\/akumulator-i-ladowanie\/jak-zaktualizowac-aplikacje-spotter\/\",\"name\":\"Jak zaktualizowa\u0107 aplikacj\u0119 Spotter? - Spotter - Polen\",\"isPartOf\":{\"@id\":\"https:\/\/www.spottergps.com\/pl\/#website\"},\"primaryImageOfPage\":{\"@id\":\"https:\/\/www.spottergps.com\/pl\/faq-2\/akumulator-i-ladowanie\/jak-zaktualizowac-aplikacje-spotter\/#primaryimage\"},\"image\":{\"@id\":\"https:\/\/www.spottergps.com\/pl\/faq-2\/akumulator-i-ladowanie\/jak-zaktualizowac-aplikacje-spotter\/#primaryimage\"},\"thumbnailUrl\":\"https:\/\/www.spottergps.com\/wp-content\/uploads\/2015\/05\/AppStore-e1589534547197.png\",\"datePublished\":\"2025-04-02T09:59:55+00:00\",\"dateModified\":\"2025-04-02T09:59:56+00:00\",\"breadcrumb\":{\"@id\":\"https:\/\/www.spottergps.com\/pl\/faq-2\/akumulator-i-ladowanie\/jak-zaktualizowac-aplikacje-spotter\/#breadcrumb\"},\"inLanguage\":\"pl-PL\",\"potentialAction\":[{\"@type\":\"ReadAction\",\"target\":[\"https:\/\/www.spottergps.com\/pl\/faq-2\/akumulator-i-ladowanie\/jak-zaktualizowac-aplikacje-spotter\/\"]}]},{\"@type\":\"ImageObject\",\"inLanguage\":\"pl-PL\",\"@id\":\"https:\/\/www.spottergps.com\/pl\/faq-2\/akumulator-i-ladowanie\/jak-zaktualizowac-aplikacje-spotter\/#primaryimage\",\"url\":\"https:\/\/www.spottergps.com\/wp-content\/uploads\/2015\/05\/AppStore-e1589534547197.png\",\"contentUrl\":\"https:\/\/www.spottergps.com\/wp-content\/uploads\/2015\/05\/AppStore-e1589534547197.png\"},{\"@type\":\"BreadcrumbList\",\"@id\":\"https:\/\/www.spottergps.com\/pl\/faq-2\/akumulator-i-ladowanie\/jak-zaktualizowac-aplikacje-spotter\/#breadcrumb\",\"itemListElement\":[{\"@type\":\"ListItem\",\"position\":1,\"name\":\"Home\",\"item\":\"https:\/\/www.spottergps.com\/pl\/\"},{\"@type\":\"ListItem\",\"position\":2,\"name\":\"Jak mo\u017cemy ci pom\u00f3c?\",\"item\":\"https:\/\/www.spottergps.com\/pl\/faq-2\/\"},{\"@type\":\"ListItem\",\"position\":3,\"name\":\"Akumulator i \u0142adowanie\",\"item\":\"https:\/\/www.spottergps.com\/pl\/faq-2\/akumulator-i-ladowanie\/\"},{\"@type\":\"ListItem\",\"position\":4,\"name\":\"Jak zaktualizowa\u0107 aplikacj\u0119 Spotter?\"}]},{\"@type\":\"WebSite\",\"@id\":\"https:\/\/www.spottergps.com\/pl\/#website\",\"url\":\"https:\/\/www.spottergps.com\/pl\/\",\"name\":\"Spotter - Polen\",\"description\":\"GPS tracker dla wszystkiego, co kochasz\",\"potentialAction\":[{\"@type\":\"SearchAction\",\"target\":{\"@type\":\"EntryPoint\",\"urlTemplate\":\"https:\/\/www.spottergps.com\/pl\/?s={search_term_string}\"},\"query-input\":{\"@type\":\"PropertyValueSpecification\",\"valueRequired\":true,\"valueName\":\"search_term_string\"}}],\"inLanguage\":\"pl-PL\"}]}<\/script>\n<!-- \/ Yoast SEO plugin. -->","yoast_head_json":{"title":"Jak zaktualizowa\u0107 aplikacj\u0119 Spotter? - Spotter - Polen","robots":{"index":"index","follow":"follow","max-snippet":"max-snippet:-1","max-image-preview":"max-image-preview:large","max-video-preview":"max-video-preview:-1"},"canonical":"https:\/\/www.spottergps.com\/pl\/faq-2\/akumulator-i-ladowanie\/jak-zaktualizowac-aplikacje-spotter\/","og_locale":"pl_PL","og_type":"article","og_title":"Jak zaktualizowa\u0107 aplikacj\u0119 Spotter? - Spotter - Polen","og_description":"Aplikacja Spotter jest regularnie aktualizowana, aby doda\u0107 nowe funkcje lub naprawi\u0107 b\u0142\u0119dy. Dlatego wa\u017cne jest, aby na bie\u017c\u0105co \u015bledzi\u0107 te aktualizacje. Cz\u0119sto s\u0105 one automatycznie aktualizowane na urz\u0105dzeniach, wi\u0119c nie musisz podejmowa\u0107 \u017cadnych dzia\u0142a\u0144. Je\u015bli nie masz ustawionej tej opcji, zalecamy regularne sprawdzanie i aktualizowanie aplikacji, aby zapewni\u0107 sobie optymalne do\u015bwiadczenie u\u017cytkownika i mie\u0107 dost\u0119p [&hellip;]","og_url":"https:\/\/www.spottergps.com\/pl\/faq-2\/akumulator-i-ladowanie\/jak-zaktualizowac-aplikacje-spotter\/","og_site_name":"Spotter - Polen","article_modified_time":"2025-04-02T09:59:56+00:00","og_image":[{"url":"https:\/\/www.spottergps.com\/wp-content\/uploads\/2015\/05\/AppStore-e1589534547197.png","type":"","width":"","height":""}],"twitter_card":"summary_large_image","twitter_misc":{"Szacowany czas czytania":"2 minuty"},"schema":{"@context":"https:\/\/schema.org","@graph":[{"@type":"WebPage","@id":"https:\/\/www.spottergps.com\/pl\/faq-2\/akumulator-i-ladowanie\/jak-zaktualizowac-aplikacje-spotter\/","url":"https:\/\/www.spottergps.com\/pl\/faq-2\/akumulator-i-ladowanie\/jak-zaktualizowac-aplikacje-spotter\/","name":"Jak zaktualizowa\u0107 aplikacj\u0119 Spotter? - Spotter - Polen","isPartOf":{"@id":"https:\/\/www.spottergps.com\/pl\/#website"},"primaryImageOfPage":{"@id":"https:\/\/www.spottergps.com\/pl\/faq-2\/akumulator-i-ladowanie\/jak-zaktualizowac-aplikacje-spotter\/#primaryimage"},"image":{"@id":"https:\/\/www.spottergps.com\/pl\/faq-2\/akumulator-i-ladowanie\/jak-zaktualizowac-aplikacje-spotter\/#primaryimage"},"thumbnailUrl":"https:\/\/www.spottergps.com\/wp-content\/uploads\/2015\/05\/AppStore-e1589534547197.png","datePublished":"2025-04-02T09:59:55+00:00","dateModified":"2025-04-02T09:59:56+00:00","breadcrumb":{"@id":"https:\/\/www.spottergps.com\/pl\/faq-2\/akumulator-i-ladowanie\/jak-zaktualizowac-aplikacje-spotter\/#breadcrumb"},"inLanguage":"pl-PL","potentialAction":[{"@type":"ReadAction","target":["https:\/\/www.spottergps.com\/pl\/faq-2\/akumulator-i-ladowanie\/jak-zaktualizowac-aplikacje-spotter\/"]}]},{"@type":"ImageObject","inLanguage":"pl-PL","@id":"https:\/\/www.spottergps.com\/pl\/faq-2\/akumulator-i-ladowanie\/jak-zaktualizowac-aplikacje-spotter\/#primaryimage","url":"https:\/\/www.spottergps.com\/wp-content\/uploads\/2015\/05\/AppStore-e1589534547197.png","contentUrl":"https:\/\/www.spottergps.com\/wp-content\/uploads\/2015\/05\/AppStore-e1589534547197.png"},{"@type":"BreadcrumbList","@id":"https:\/\/www.spottergps.com\/pl\/faq-2\/akumulator-i-ladowanie\/jak-zaktualizowac-aplikacje-spotter\/#breadcrumb","itemListElement":[{"@type":"ListItem","position":1,"name":"Home","item":"https:\/\/www.spottergps.com\/pl\/"},{"@type":"ListItem","position":2,"name":"Jak mo\u017cemy ci pom\u00f3c?","item":"https:\/\/www.spottergps.com\/pl\/faq-2\/"},{"@type":"ListItem","position":3,"name":"Akumulator i \u0142adowanie","item":"https:\/\/www.spottergps.com\/pl\/faq-2\/akumulator-i-ladowanie\/"},{"@type":"ListItem","position":4,"name":"Jak zaktualizowa\u0107 aplikacj\u0119 Spotter?"}]},{"@type":"WebSite","@id":"https:\/\/www.spottergps.com\/pl\/#website","url":"https:\/\/www.spottergps.com\/pl\/","name":"Spotter - Polen","description":"GPS tracker dla wszystkiego, co kochasz","potentialAction":[{"@type":"SearchAction","target":{"@type":"EntryPoint","urlTemplate":"https:\/\/www.spottergps.com\/pl\/?s={search_term_string}"},"query-input":{"@type":"PropertyValueSpecification","valueRequired":true,"valueName":"search_term_string"}}],"inLanguage":"pl-PL"}]}},"_links":{"self":[{"href":"https:\/\/www.spottergps.com\/pl\/wp-json\/wp\/v2\/pages\/876","targetHints":{"allow":["GET"]}}],"collection":[{"href":"https:\/\/www.spottergps.com\/pl\/wp-json\/wp\/v2\/pages"}],"about":[{"href":"https:\/\/www.spottergps.com\/pl\/wp-json\/wp\/v2\/types\/page"}],"author":[{"embeddable":true,"href":"https:\/\/www.spottergps.com\/pl\/wp-json\/wp\/v2\/users\/14"}],"replies":[{"embeddable":true,"href":"https:\/\/www.spottergps.com\/pl\/wp-json\/wp\/v2\/comments?post=876"}],"version-history":[{"count":1,"href":"https:\/\/www.spottergps.com\/pl\/wp-json\/wp\/v2\/pages\/876\/revisions"}],"predecessor-version":[{"id":877,"href":"https:\/\/www.spottergps.com\/pl\/wp-json\/wp\/v2\/pages\/876\/revisions\/877"}],"up":[{"embeddable":true,"href":"https:\/\/www.spottergps.com\/pl\/wp-json\/wp\/v2\/pages\/650"}],"wp:attachment":[{"href":"https:\/\/www.spottergps.com\/pl\/wp-json\/wp\/v2\/media?parent=876"}],"wp:term":[{"taxonomy":"category","embeddable":true,"href":"https:\/\/www.spottergps.com\/pl\/wp-json\/wp\/v2\/categories?post=876"},{"taxonomy":"post_tag","embeddable":true,"href":"https:\/\/www.spottergps.com\/pl\/wp-json\/wp\/v2\/tags?post=876"}],"curies":[{"name":"wp","href":"https:\/\/api.w.org\/{rel}","templated":true}]}}