{"id":872,"date":"2025-04-02T09:54:38","date_gmt":"2025-04-02T09:54:38","guid":{"rendered":"https:\/\/www.spottergps.com\/pl\/?page_id=872"},"modified":"2025-04-02T09:54:39","modified_gmt":"2025-04-02T09:54:39","slug":"pobierz-aplikacje-spotter","status":"publish","type":"page","link":"https:\/\/www.spottergps.com\/pl\/faq-2\/aplikacja\/pobierz-aplikacje-spotter\/","title":{"rendered":"Pobierz aplikacj\u0119 Spotter"},"content":{"rendered":"\n<p class=\"\" data-start=\"0\" data-end=\"307\">Pobierz aplikacj\u0119 Spotter, aby \u0142atwo logowa\u0107 si\u0119 i otrzymywa\u0107 powiadomienia push na swoim smartfonie, nawet gdy aplikacja nie jest otwarta. Powiadomienie push to kr\u00f3tka wiadomo\u015b\u0107, kt\u00f3r\u0105 zobaczysz bezpo\u015brednio na ekranie telefonu. Aplikacja Spotter jest BEZP\u0141ATNA do pobrania.<\/p>\n<h2 data-start=\"309\" data-end=\"568\"><strong data-start=\"309\" data-end=\"316\">iOS<\/strong><\/h2>\n<p class=\"\" data-start=\"309\" data-end=\"568\">Przejd\u017a na swoje urz\u0105dzenie Apple do App Store i wyszukaj \u201eSpotter GPS\u201d za pomoc\u0105 funkcji wyszukiwania. Aplikacja Spotter pojawi si\u0119, teraz kliknij \u201epobierz\u201d. Lub kliknij poni\u017cszy obrazek, aby pobra\u0107 aplikacj\u0119 bezpo\u015brednio na swoje urz\u0105dzenie Apple.<\/p>\n<p class=\"\" data-start=\"570\" data-end=\"592\"><img loading=\"lazy\" decoding=\"async\" class=\"alignnone\" src=\"https:\/\/www.spottergps.com\/wp-content\/uploads\/2015\/05\/AppStore.png\" alt=\"Spotter - AppStore\" width=\"192\" height=\"63\" \/><\/p>\n<h2 data-start=\"594\" data-end=\"862\"><strong data-start=\"594\" data-end=\"605\">Android<\/strong><\/h2>\n<p class=\"\" data-start=\"594\" data-end=\"862\">Przejd\u017a na swoje urz\u0105dzenie Android do Play Store i wyszukaj \u201eSpotter GPS\u201d za pomoc\u0105 funkcji wyszukiwania. Aplikacja Spotter pojawi si\u0119, teraz kliknij \u201epobierz\u201d. Lub kliknij poni\u017cszy obrazek, aby pobra\u0107 aplikacj\u0119 bezpo\u015brednio na swoje urz\u0105dzenie Android.<\/p>\n<p class=\"\" data-start=\"864\" data-end=\"887\"><img loading=\"lazy\" decoding=\"async\" class=\"\" src=\"https:\/\/www.spottergps.com\/wp-content\/uploads\/2015\/05\/PlayStore.png\" alt=\"Spotter - PlayStore\" width=\"195\" height=\"64\" \/><\/p>\n<h2 data-start=\"889\" data-end=\"1158\"><strong data-start=\"889\" data-end=\"933\">Aplikacja webowa dla wszystkich urz\u0105dze\u0144<\/strong><\/h2>\n<p data-start=\"889\" data-end=\"1158\">Aplikacj\u0119 Spotter Web mo\u017cesz u\u017cywa\u0107 na dowolnym urz\u0105dzeniu. Wejd\u017a na stron\u0119 <a class=\"\" href=\"https:\/\/my.spottergps.com\" target=\"_new\" rel=\"noopener\" data-start=\"1012\" data-end=\"1037\">https:\/\/my.spottergps.com<\/a> i zaloguj si\u0119 swoimi danymi. Wskaz\u00f3wka: dodaj skr\u00f3t do tej strony na ekranie g\u0142\u00f3wnym, aby \u0142atwiej korzysta\u0107 z aplikacji.<\/p>\n","protected":false},"excerpt":{"rendered":"<p>Pobierz aplikacj\u0119 Spotter, aby \u0142atwo logowa\u0107 si\u0119 i otrzymywa\u0107 powiadomienia push na swoim smartfonie, nawet gdy aplikacja nie jest otwarta. Powiadomienie push to kr\u00f3tka wiadomo\u015b\u0107, kt\u00f3r\u0105 zobaczysz bezpo\u015brednio na ekranie telefonu. Aplikacja Spotter jest BEZP\u0141ATNA do pobrania. iOS Przejd\u017a na swoje urz\u0105dzenie Apple do App Store i wyszukaj \u201eSpotter GPS\u201d za pomoc\u0105 funkcji wyszukiwania. Aplikacja [&hellip;]<\/p>\n","protected":false},"author":14,"featured_media":0,"parent":653,"menu_order":0,"comment_status":"closed","ping_status":"closed","template":"faq-content.php","meta":{"_acf_changed":false,"footnotes":""},"categories":[5],"tags":[],"class_list":["post-872","page","type-page","status-publish","hentry","category-faq"],"acf":[],"yoast_head":"<!-- This site is optimized with the Yoast SEO plugin v25.9 - https:\/\/yoast.com\/wordpress\/plugins\/seo\/ -->\n<title>Pobierz aplikacj\u0119 Spotter - Spotter - Polen<\/title>\n<meta name=\"robots\" content=\"index, follow, max-snippet:-1, max-image-preview:large, max-video-preview:-1\" \/>\n<link rel=\"canonical\" href=\"https:\/\/www.spottergps.com\/pl\/faq-2\/aplikacja\/pobierz-aplikacje-spotter\/\" \/>\n<meta property=\"og:locale\" content=\"pl_PL\" \/>\n<meta property=\"og:type\" content=\"article\" \/>\n<meta property=\"og:title\" content=\"Pobierz aplikacj\u0119 Spotter - Spotter - Polen\" \/>\n<meta property=\"og:description\" content=\"Pobierz aplikacj\u0119 Spotter, aby \u0142atwo logowa\u0107 si\u0119 i otrzymywa\u0107 powiadomienia push na swoim smartfonie, nawet gdy aplikacja nie jest otwarta. Powiadomienie push to kr\u00f3tka wiadomo\u015b\u0107, kt\u00f3r\u0105 zobaczysz bezpo\u015brednio na ekranie telefonu. Aplikacja Spotter jest BEZP\u0141ATNA do pobrania. iOS Przejd\u017a na swoje urz\u0105dzenie Apple do App Store i wyszukaj \u201eSpotter GPS\u201d za pomoc\u0105 funkcji wyszukiwania. Aplikacja [&hellip;]\" \/>\n<meta property=\"og:url\" content=\"https:\/\/www.spottergps.com\/pl\/faq-2\/aplikacja\/pobierz-aplikacje-spotter\/\" \/>\n<meta property=\"og:site_name\" content=\"Spotter - Polen\" \/>\n<meta property=\"article:modified_time\" content=\"2025-04-02T09:54:39+00:00\" \/>\n<meta property=\"og:image\" content=\"https:\/\/www.spottergps.com\/wp-content\/uploads\/2015\/05\/AppStore.png\" \/>\n<meta name=\"twitter:card\" content=\"summary_large_image\" \/>\n<meta name=\"twitter:label1\" content=\"Szacowany czas czytania\" \/>\n\t<meta name=\"twitter:data1\" content=\"2 minuty\" \/>\n<script type=\"application\/ld+json\" class=\"yoast-schema-graph\">{\"@context\":\"https:\/\/schema.org\",\"@graph\":[{\"@type\":\"WebPage\",\"@id\":\"https:\/\/www.spottergps.com\/pl\/faq-2\/aplikacja\/pobierz-aplikacje-spotter\/\",\"url\":\"https:\/\/www.spottergps.com\/pl\/faq-2\/aplikacja\/pobierz-aplikacje-spotter\/\",\"name\":\"Pobierz aplikacj\u0119 Spotter - Spotter - Polen\",\"isPartOf\":{\"@id\":\"https:\/\/www.spottergps.com\/pl\/#website\"},\"primaryImageOfPage\":{\"@id\":\"https:\/\/www.spottergps.com\/pl\/faq-2\/aplikacja\/pobierz-aplikacje-spotter\/#primaryimage\"},\"image\":{\"@id\":\"https:\/\/www.spottergps.com\/pl\/faq-2\/aplikacja\/pobierz-aplikacje-spotter\/#primaryimage\"},\"thumbnailUrl\":\"https:\/\/www.spottergps.com\/wp-content\/uploads\/2015\/05\/AppStore.png\",\"datePublished\":\"2025-04-02T09:54:38+00:00\",\"dateModified\":\"2025-04-02T09:54:39+00:00\",\"breadcrumb\":{\"@id\":\"https:\/\/www.spottergps.com\/pl\/faq-2\/aplikacja\/pobierz-aplikacje-spotter\/#breadcrumb\"},\"inLanguage\":\"pl-PL\",\"potentialAction\":[{\"@type\":\"ReadAction\",\"target\":[\"https:\/\/www.spottergps.com\/pl\/faq-2\/aplikacja\/pobierz-aplikacje-spotter\/\"]}]},{\"@type\":\"ImageObject\",\"inLanguage\":\"pl-PL\",\"@id\":\"https:\/\/www.spottergps.com\/pl\/faq-2\/aplikacja\/pobierz-aplikacje-spotter\/#primaryimage\",\"url\":\"https:\/\/www.spottergps.com\/wp-content\/uploads\/2015\/05\/AppStore.png\",\"contentUrl\":\"https:\/\/www.spottergps.com\/wp-content\/uploads\/2015\/05\/AppStore.png\"},{\"@type\":\"BreadcrumbList\",\"@id\":\"https:\/\/www.spottergps.com\/pl\/faq-2\/aplikacja\/pobierz-aplikacje-spotter\/#breadcrumb\",\"itemListElement\":[{\"@type\":\"ListItem\",\"position\":1,\"name\":\"Home\",\"item\":\"https:\/\/www.spottergps.com\/pl\/\"},{\"@type\":\"ListItem\",\"position\":2,\"name\":\"Jak mo\u017cemy ci pom\u00f3c?\",\"item\":\"https:\/\/www.spottergps.com\/pl\/faq-2\/\"},{\"@type\":\"ListItem\",\"position\":3,\"name\":\"Aplikacja\",\"item\":\"https:\/\/www.spottergps.com\/pl\/faq-2\/aplikacja\/\"},{\"@type\":\"ListItem\",\"position\":4,\"name\":\"Pobierz aplikacj\u0119 Spotter\"}]},{\"@type\":\"WebSite\",\"@id\":\"https:\/\/www.spottergps.com\/pl\/#website\",\"url\":\"https:\/\/www.spottergps.com\/pl\/\",\"name\":\"Spotter - Polen\",\"description\":\"GPS tracker dla wszystkiego, co kochasz\",\"potentialAction\":[{\"@type\":\"SearchAction\",\"target\":{\"@type\":\"EntryPoint\",\"urlTemplate\":\"https:\/\/www.spottergps.com\/pl\/?s={search_term_string}\"},\"query-input\":{\"@type\":\"PropertyValueSpecification\",\"valueRequired\":true,\"valueName\":\"search_term_string\"}}],\"inLanguage\":\"pl-PL\"}]}<\/script>\n<!-- \/ Yoast SEO plugin. -->","yoast_head_json":{"title":"Pobierz aplikacj\u0119 Spotter - Spotter - Polen","robots":{"index":"index","follow":"follow","max-snippet":"max-snippet:-1","max-image-preview":"max-image-preview:large","max-video-preview":"max-video-preview:-1"},"canonical":"https:\/\/www.spottergps.com\/pl\/faq-2\/aplikacja\/pobierz-aplikacje-spotter\/","og_locale":"pl_PL","og_type":"article","og_title":"Pobierz aplikacj\u0119 Spotter - Spotter - Polen","og_description":"Pobierz aplikacj\u0119 Spotter, aby \u0142atwo logowa\u0107 si\u0119 i otrzymywa\u0107 powiadomienia push na swoim smartfonie, nawet gdy aplikacja nie jest otwarta. Powiadomienie push to kr\u00f3tka wiadomo\u015b\u0107, kt\u00f3r\u0105 zobaczysz bezpo\u015brednio na ekranie telefonu. Aplikacja Spotter jest BEZP\u0141ATNA do pobrania. iOS Przejd\u017a na swoje urz\u0105dzenie Apple do App Store i wyszukaj \u201eSpotter GPS\u201d za pomoc\u0105 funkcji wyszukiwania. Aplikacja [&hellip;]","og_url":"https:\/\/www.spottergps.com\/pl\/faq-2\/aplikacja\/pobierz-aplikacje-spotter\/","og_site_name":"Spotter - Polen","article_modified_time":"2025-04-02T09:54:39+00:00","og_image":[{"url":"https:\/\/www.spottergps.com\/wp-content\/uploads\/2015\/05\/AppStore.png","type":"","width":"","height":""}],"twitter_card":"summary_large_image","twitter_misc":{"Szacowany czas czytania":"2 minuty"},"schema":{"@context":"https:\/\/schema.org","@graph":[{"@type":"WebPage","@id":"https:\/\/www.spottergps.com\/pl\/faq-2\/aplikacja\/pobierz-aplikacje-spotter\/","url":"https:\/\/www.spottergps.com\/pl\/faq-2\/aplikacja\/pobierz-aplikacje-spotter\/","name":"Pobierz aplikacj\u0119 Spotter - Spotter - Polen","isPartOf":{"@id":"https:\/\/www.spottergps.com\/pl\/#website"},"primaryImageOfPage":{"@id":"https:\/\/www.spottergps.com\/pl\/faq-2\/aplikacja\/pobierz-aplikacje-spotter\/#primaryimage"},"image":{"@id":"https:\/\/www.spottergps.com\/pl\/faq-2\/aplikacja\/pobierz-aplikacje-spotter\/#primaryimage"},"thumbnailUrl":"https:\/\/www.spottergps.com\/wp-content\/uploads\/2015\/05\/AppStore.png","datePublished":"2025-04-02T09:54:38+00:00","dateModified":"2025-04-02T09:54:39+00:00","breadcrumb":{"@id":"https:\/\/www.spottergps.com\/pl\/faq-2\/aplikacja\/pobierz-aplikacje-spotter\/#breadcrumb"},"inLanguage":"pl-PL","potentialAction":[{"@type":"ReadAction","target":["https:\/\/www.spottergps.com\/pl\/faq-2\/aplikacja\/pobierz-aplikacje-spotter\/"]}]},{"@type":"ImageObject","inLanguage":"pl-PL","@id":"https:\/\/www.spottergps.com\/pl\/faq-2\/aplikacja\/pobierz-aplikacje-spotter\/#primaryimage","url":"https:\/\/www.spottergps.com\/wp-content\/uploads\/2015\/05\/AppStore.png","contentUrl":"https:\/\/www.spottergps.com\/wp-content\/uploads\/2015\/05\/AppStore.png"},{"@type":"BreadcrumbList","@id":"https:\/\/www.spottergps.com\/pl\/faq-2\/aplikacja\/pobierz-aplikacje-spotter\/#breadcrumb","itemListElement":[{"@type":"ListItem","position":1,"name":"Home","item":"https:\/\/www.spottergps.com\/pl\/"},{"@type":"ListItem","position":2,"name":"Jak mo\u017cemy ci pom\u00f3c?","item":"https:\/\/www.spottergps.com\/pl\/faq-2\/"},{"@type":"ListItem","position":3,"name":"Aplikacja","item":"https:\/\/www.spottergps.com\/pl\/faq-2\/aplikacja\/"},{"@type":"ListItem","position":4,"name":"Pobierz aplikacj\u0119 Spotter"}]},{"@type":"WebSite","@id":"https:\/\/www.spottergps.com\/pl\/#website","url":"https:\/\/www.spottergps.com\/pl\/","name":"Spotter - Polen","description":"GPS tracker dla wszystkiego, co kochasz","potentialAction":[{"@type":"SearchAction","target":{"@type":"EntryPoint","urlTemplate":"https:\/\/www.spottergps.com\/pl\/?s={search_term_string}"},"query-input":{"@type":"PropertyValueSpecification","valueRequired":true,"valueName":"search_term_string"}}],"inLanguage":"pl-PL"}]}},"_links":{"self":[{"href":"https:\/\/www.spottergps.com\/pl\/wp-json\/wp\/v2\/pages\/872","targetHints":{"allow":["GET"]}}],"collection":[{"href":"https:\/\/www.spottergps.com\/pl\/wp-json\/wp\/v2\/pages"}],"about":[{"href":"https:\/\/www.spottergps.com\/pl\/wp-json\/wp\/v2\/types\/page"}],"author":[{"embeddable":true,"href":"https:\/\/www.spottergps.com\/pl\/wp-json\/wp\/v2\/users\/14"}],"replies":[{"embeddable":true,"href":"https:\/\/www.spottergps.com\/pl\/wp-json\/wp\/v2\/comments?post=872"}],"version-history":[{"count":1,"href":"https:\/\/www.spottergps.com\/pl\/wp-json\/wp\/v2\/pages\/872\/revisions"}],"predecessor-version":[{"id":873,"href":"https:\/\/www.spottergps.com\/pl\/wp-json\/wp\/v2\/pages\/872\/revisions\/873"}],"up":[{"embeddable":true,"href":"https:\/\/www.spottergps.com\/pl\/wp-json\/wp\/v2\/pages\/653"}],"wp:attachment":[{"href":"https:\/\/www.spottergps.com\/pl\/wp-json\/wp\/v2\/media?parent=872"}],"wp:term":[{"taxonomy":"category","embeddable":true,"href":"https:\/\/www.spottergps.com\/pl\/wp-json\/wp\/v2\/categories?post=872"},{"taxonomy":"post_tag","embeddable":true,"href":"https:\/\/www.spottergps.com\/pl\/wp-json\/wp\/v2\/tags?post=872"}],"curies":[{"name":"wp","href":"https:\/\/api.w.org\/{rel}","templated":true}]}}