{"id":868,"date":"2025-04-02T09:46:31","date_gmt":"2025-04-02T09:46:31","guid":{"rendered":"https:\/\/www.spottergps.com\/pl\/?page_id=868"},"modified":"2025-04-02T09:46:32","modified_gmt":"2025-04-02T09:46:32","slug":"moj-spotter-laduje-sie-nieprawidlowo","status":"publish","type":"page","link":"https:\/\/www.spottergps.com\/pl\/faq-2\/akumulator-i-ladowanie\/moj-spotter-laduje-sie-nieprawidlowo\/","title":{"rendered":"M\u00f3j Spotter \u0142aduje si\u0119 nieprawid\u0142owo"},"content":{"rendered":"\n<p class=\"\" data-start=\"0\" data-end=\"111\">Sprawd\u017a, kt\u00f3ry produkt posiadasz i jak najlepiej na\u0142adowa\u0107 Spottera.<\/p>\n<h3 data-start=\"113\" data-end=\"562\"><strong data-start=\"113\" data-end=\"134\">Spotter GPS Watch<\/strong><\/h3>\n<p class=\"\" data-start=\"113\" data-end=\"562\">Do \u0142adowania u\u017cyj do\u0142\u0105czonego kabla USB. Umie\u015b\u0107 dwie ko\u0144c\u00f3wki \u0142adowarki na z\u0142\u0105czach na tylnej stronie Spotter GPS Watch. Nast\u0119pnie pod\u0142\u0105cz drugi koniec kabla do portu USB lub \u0142adowarki USB, aby rozpocz\u0105\u0107 \u0142adowanie. Na ekranie Spotter GPS Watch pojawi si\u0119 ikona baterii, kt\u00f3ra wskazuje, \u017ce urz\u0105dzenie si\u0119 \u0142aduje. Gdy bateria b\u0119dzie pe\u0142na (po 4 godzinach \u0142adowania), mo\u017cesz od\u0142\u0105czy\u0107 Spotter GPS Watch od zasilania i w\u0142\u0105czy\u0107 go.<\/p>\n<p class=\"\" data-start=\"564\" data-end=\"838\">Upewnij si\u0119, \u017ce piny \u0142adowarki s\u0105 prawid\u0142owo pod\u0142\u0105czone do Spotter GPS Watch. Je\u015bli piny nie s\u0105 dobrze po\u0142\u0105czone, Spotter nie b\u0119dzie si\u0119 \u0142adowa\u0107. Je\u015bli pod\u0142\u0105czysz Spottera do \u0142adowarki, gdy jest ca\u0142kowicie roz\u0142adowany, mo\u017ce potrwa\u0107 5\u201310 minut, zanim b\u0119dzie mo\u017cna go w\u0142\u0105czy\u0107.<\/p>\n<h3 data-start=\"840\" data-end=\"1239\"><strong data-start=\"840\" data-end=\"863\">Spotter GPS Tracker<\/strong><\/h3>\n<p class=\"\" data-start=\"840\" data-end=\"1239\">Pod\u0142\u0105cz kabel USB do \u0142adowarki USB i w\u0142\u00f3\u017c j\u0105 do gniazdka. Drugi koniec kabla USB w\u0142\u00f3\u017c do portu po bokach Spotter GPS Tracker lub umie\u015b\u0107 Spottera w stacji dokuj\u0105cej do \u0142adowania. Po 2-3 godzinach Spotter GPS Tracker b\u0119dzie w pe\u0142ni na\u0142adowany. Upewnij si\u0119, \u017ce koniec kabla USB jest prawid\u0142owo pod\u0142\u0105czony do Spotter GPS Tracker, w przeciwnym razie urz\u0105dzenie si\u0119 nie na\u0142aduje.<\/p>\n<h3 data-start=\"1241\" data-end=\"1572\"><strong data-start=\"1241\" data-end=\"1256\">Pet Spotter<\/strong><\/h3>\n<p class=\"\" data-start=\"1241\" data-end=\"1572\">Do \u0142adowania u\u017cyj do\u0142\u0105czonego kabla USB. Pet Spotter posiada magnetyczn\u0105 \u0142adowark\u0119, kt\u00f3ra automatycznie przymocuje si\u0119 do urz\u0105dzenia. Gdy \u0142adowarka jest <a href=\"https:\/\/shop.spottergps.com\/pl\/spotter-dock.html\">prawid\u0142owo pod\u0142\u0105czona<\/a>, za\u015bwieci si\u0119 i zacznie miga\u0107 pier\u015bcie\u0144 LED. Gdy Pet Spotter b\u0119dzie na\u0142adowany w 5%, urz\u0105dzenie w\u0142\u0105czy si\u0119 samo, a tak\u017ce us\u0142yszysz d\u017awi\u0119k.<\/p>\n<h3 data-start=\"1574\" data-end=\"2045\"><strong data-start=\"1574\" data-end=\"1601\">Spotter GPS Watch \u2013 Air<\/strong><\/h3>\n<p class=\"\" data-start=\"1574\" data-end=\"2045\">Do \u0142adowania u\u017cyj do\u0142\u0105czonego kabla USB. Spotter GPS Watch \u2013 Air ma magnetyczn\u0105 \u0142adowark\u0119, kt\u00f3ra automatycznie przymocuje si\u0119 do urz\u0105dzenia. Nast\u0119pnie pod\u0142\u0105cz drugi koniec kabla do portu USB, aby rozpocz\u0105\u0107 \u0142adowanie. Na ekranie Spotter GPS Watch \u2013 Air pojawi si\u0119 ikona baterii, kt\u00f3ra wskazuje, \u017ce urz\u0105dzenie si\u0119 \u0142aduje. Gdy bateria b\u0119dzie pe\u0142na (po 2-3 godzinach \u0142adowania), mo\u017cesz od\u0142\u0105czy\u0107 Spotter GPS Watch \u2013 Air od zasilania i w\u0142\u0105czy\u0107 go.<\/p>\n<p class=\"\" data-start=\"2047\" data-end=\"2109\">\u00a0<\/p>\n","protected":false},"excerpt":{"rendered":"<p>Sprawd\u017a, kt\u00f3ry produkt posiadasz i jak najlepiej na\u0142adowa\u0107 Spottera. Spotter GPS Watch Do \u0142adowania u\u017cyj do\u0142\u0105czonego kabla USB. Umie\u015b\u0107 dwie ko\u0144c\u00f3wki \u0142adowarki na z\u0142\u0105czach na tylnej stronie Spotter GPS Watch. Nast\u0119pnie pod\u0142\u0105cz drugi koniec kabla do portu USB lub \u0142adowarki USB, aby rozpocz\u0105\u0107 \u0142adowanie. Na ekranie Spotter GPS Watch pojawi si\u0119 ikona baterii, kt\u00f3ra wskazuje, [&hellip;]<\/p>\n","protected":false},"author":14,"featured_media":0,"parent":650,"menu_order":0,"comment_status":"closed","ping_status":"closed","template":"faq-content.php","meta":{"_acf_changed":false,"footnotes":""},"categories":[5],"tags":[],"class_list":["post-868","page","type-page","status-publish","hentry","category-faq"],"acf":[],"yoast_head":"<!-- This site is optimized with the Yoast SEO plugin v25.9 - https:\/\/yoast.com\/wordpress\/plugins\/seo\/ -->\n<title>M\u00f3j Spotter \u0142aduje si\u0119 nieprawid\u0142owo - Spotter - Polen<\/title>\n<meta name=\"robots\" content=\"index, follow, max-snippet:-1, max-image-preview:large, max-video-preview:-1\" \/>\n<link rel=\"canonical\" href=\"https:\/\/www.spottergps.com\/pl\/faq-2\/akumulator-i-ladowanie\/moj-spotter-laduje-sie-nieprawidlowo\/\" \/>\n<meta property=\"og:locale\" content=\"pl_PL\" \/>\n<meta property=\"og:type\" content=\"article\" \/>\n<meta property=\"og:title\" content=\"M\u00f3j Spotter \u0142aduje si\u0119 nieprawid\u0142owo - Spotter - Polen\" \/>\n<meta property=\"og:description\" content=\"Sprawd\u017a, kt\u00f3ry produkt posiadasz i jak najlepiej na\u0142adowa\u0107 Spottera. Spotter GPS Watch Do \u0142adowania u\u017cyj do\u0142\u0105czonego kabla USB. Umie\u015b\u0107 dwie ko\u0144c\u00f3wki \u0142adowarki na z\u0142\u0105czach na tylnej stronie Spotter GPS Watch. Nast\u0119pnie pod\u0142\u0105cz drugi koniec kabla do portu USB lub \u0142adowarki USB, aby rozpocz\u0105\u0107 \u0142adowanie. Na ekranie Spotter GPS Watch pojawi si\u0119 ikona baterii, kt\u00f3ra wskazuje, [&hellip;]\" \/>\n<meta property=\"og:url\" content=\"https:\/\/www.spottergps.com\/pl\/faq-2\/akumulator-i-ladowanie\/moj-spotter-laduje-sie-nieprawidlowo\/\" \/>\n<meta property=\"og:site_name\" content=\"Spotter - Polen\" \/>\n<meta property=\"article:modified_time\" content=\"2025-04-02T09:46:32+00:00\" \/>\n<meta name=\"twitter:card\" content=\"summary_large_image\" \/>\n<meta name=\"twitter:label1\" content=\"Szacowany czas czytania\" \/>\n\t<meta name=\"twitter:data1\" content=\"2 minuty\" \/>\n<script type=\"application\/ld+json\" class=\"yoast-schema-graph\">{\"@context\":\"https:\/\/schema.org\",\"@graph\":[{\"@type\":\"WebPage\",\"@id\":\"https:\/\/www.spottergps.com\/pl\/faq-2\/akumulator-i-ladowanie\/moj-spotter-laduje-sie-nieprawidlowo\/\",\"url\":\"https:\/\/www.spottergps.com\/pl\/faq-2\/akumulator-i-ladowanie\/moj-spotter-laduje-sie-nieprawidlowo\/\",\"name\":\"M\u00f3j Spotter \u0142aduje si\u0119 nieprawid\u0142owo - Spotter - Polen\",\"isPartOf\":{\"@id\":\"https:\/\/www.spottergps.com\/pl\/#website\"},\"datePublished\":\"2025-04-02T09:46:31+00:00\",\"dateModified\":\"2025-04-02T09:46:32+00:00\",\"breadcrumb\":{\"@id\":\"https:\/\/www.spottergps.com\/pl\/faq-2\/akumulator-i-ladowanie\/moj-spotter-laduje-sie-nieprawidlowo\/#breadcrumb\"},\"inLanguage\":\"pl-PL\",\"potentialAction\":[{\"@type\":\"ReadAction\",\"target\":[\"https:\/\/www.spottergps.com\/pl\/faq-2\/akumulator-i-ladowanie\/moj-spotter-laduje-sie-nieprawidlowo\/\"]}]},{\"@type\":\"BreadcrumbList\",\"@id\":\"https:\/\/www.spottergps.com\/pl\/faq-2\/akumulator-i-ladowanie\/moj-spotter-laduje-sie-nieprawidlowo\/#breadcrumb\",\"itemListElement\":[{\"@type\":\"ListItem\",\"position\":1,\"name\":\"Home\",\"item\":\"https:\/\/www.spottergps.com\/pl\/\"},{\"@type\":\"ListItem\",\"position\":2,\"name\":\"Jak mo\u017cemy ci pom\u00f3c?\",\"item\":\"https:\/\/www.spottergps.com\/pl\/faq-2\/\"},{\"@type\":\"ListItem\",\"position\":3,\"name\":\"Akumulator i \u0142adowanie\",\"item\":\"https:\/\/www.spottergps.com\/pl\/faq-2\/akumulator-i-ladowanie\/\"},{\"@type\":\"ListItem\",\"position\":4,\"name\":\"M\u00f3j Spotter \u0142aduje si\u0119 nieprawid\u0142owo\"}]},{\"@type\":\"WebSite\",\"@id\":\"https:\/\/www.spottergps.com\/pl\/#website\",\"url\":\"https:\/\/www.spottergps.com\/pl\/\",\"name\":\"Spotter - Polen\",\"description\":\"GPS tracker dla wszystkiego, co kochasz\",\"potentialAction\":[{\"@type\":\"SearchAction\",\"target\":{\"@type\":\"EntryPoint\",\"urlTemplate\":\"https:\/\/www.spottergps.com\/pl\/?s={search_term_string}\"},\"query-input\":{\"@type\":\"PropertyValueSpecification\",\"valueRequired\":true,\"valueName\":\"search_term_string\"}}],\"inLanguage\":\"pl-PL\"}]}<\/script>\n<!-- \/ Yoast SEO plugin. -->","yoast_head_json":{"title":"M\u00f3j Spotter \u0142aduje si\u0119 nieprawid\u0142owo - Spotter - Polen","robots":{"index":"index","follow":"follow","max-snippet":"max-snippet:-1","max-image-preview":"max-image-preview:large","max-video-preview":"max-video-preview:-1"},"canonical":"https:\/\/www.spottergps.com\/pl\/faq-2\/akumulator-i-ladowanie\/moj-spotter-laduje-sie-nieprawidlowo\/","og_locale":"pl_PL","og_type":"article","og_title":"M\u00f3j Spotter \u0142aduje si\u0119 nieprawid\u0142owo - Spotter - Polen","og_description":"Sprawd\u017a, kt\u00f3ry produkt posiadasz i jak najlepiej na\u0142adowa\u0107 Spottera. Spotter GPS Watch Do \u0142adowania u\u017cyj do\u0142\u0105czonego kabla USB. Umie\u015b\u0107 dwie ko\u0144c\u00f3wki \u0142adowarki na z\u0142\u0105czach na tylnej stronie Spotter GPS Watch. Nast\u0119pnie pod\u0142\u0105cz drugi koniec kabla do portu USB lub \u0142adowarki USB, aby rozpocz\u0105\u0107 \u0142adowanie. Na ekranie Spotter GPS Watch pojawi si\u0119 ikona baterii, kt\u00f3ra wskazuje, [&hellip;]","og_url":"https:\/\/www.spottergps.com\/pl\/faq-2\/akumulator-i-ladowanie\/moj-spotter-laduje-sie-nieprawidlowo\/","og_site_name":"Spotter - Polen","article_modified_time":"2025-04-02T09:46:32+00:00","twitter_card":"summary_large_image","twitter_misc":{"Szacowany czas czytania":"2 minuty"},"schema":{"@context":"https:\/\/schema.org","@graph":[{"@type":"WebPage","@id":"https:\/\/www.spottergps.com\/pl\/faq-2\/akumulator-i-ladowanie\/moj-spotter-laduje-sie-nieprawidlowo\/","url":"https:\/\/www.spottergps.com\/pl\/faq-2\/akumulator-i-ladowanie\/moj-spotter-laduje-sie-nieprawidlowo\/","name":"M\u00f3j Spotter \u0142aduje si\u0119 nieprawid\u0142owo - Spotter - Polen","isPartOf":{"@id":"https:\/\/www.spottergps.com\/pl\/#website"},"datePublished":"2025-04-02T09:46:31+00:00","dateModified":"2025-04-02T09:46:32+00:00","breadcrumb":{"@id":"https:\/\/www.spottergps.com\/pl\/faq-2\/akumulator-i-ladowanie\/moj-spotter-laduje-sie-nieprawidlowo\/#breadcrumb"},"inLanguage":"pl-PL","potentialAction":[{"@type":"ReadAction","target":["https:\/\/www.spottergps.com\/pl\/faq-2\/akumulator-i-ladowanie\/moj-spotter-laduje-sie-nieprawidlowo\/"]}]},{"@type":"BreadcrumbList","@id":"https:\/\/www.spottergps.com\/pl\/faq-2\/akumulator-i-ladowanie\/moj-spotter-laduje-sie-nieprawidlowo\/#breadcrumb","itemListElement":[{"@type":"ListItem","position":1,"name":"Home","item":"https:\/\/www.spottergps.com\/pl\/"},{"@type":"ListItem","position":2,"name":"Jak mo\u017cemy ci pom\u00f3c?","item":"https:\/\/www.spottergps.com\/pl\/faq-2\/"},{"@type":"ListItem","position":3,"name":"Akumulator i \u0142adowanie","item":"https:\/\/www.spottergps.com\/pl\/faq-2\/akumulator-i-ladowanie\/"},{"@type":"ListItem","position":4,"name":"M\u00f3j Spotter \u0142aduje si\u0119 nieprawid\u0142owo"}]},{"@type":"WebSite","@id":"https:\/\/www.spottergps.com\/pl\/#website","url":"https:\/\/www.spottergps.com\/pl\/","name":"Spotter - Polen","description":"GPS tracker dla wszystkiego, co kochasz","potentialAction":[{"@type":"SearchAction","target":{"@type":"EntryPoint","urlTemplate":"https:\/\/www.spottergps.com\/pl\/?s={search_term_string}"},"query-input":{"@type":"PropertyValueSpecification","valueRequired":true,"valueName":"search_term_string"}}],"inLanguage":"pl-PL"}]}},"_links":{"self":[{"href":"https:\/\/www.spottergps.com\/pl\/wp-json\/wp\/v2\/pages\/868","targetHints":{"allow":["GET"]}}],"collection":[{"href":"https:\/\/www.spottergps.com\/pl\/wp-json\/wp\/v2\/pages"}],"about":[{"href":"https:\/\/www.spottergps.com\/pl\/wp-json\/wp\/v2\/types\/page"}],"author":[{"embeddable":true,"href":"https:\/\/www.spottergps.com\/pl\/wp-json\/wp\/v2\/users\/14"}],"replies":[{"embeddable":true,"href":"https:\/\/www.spottergps.com\/pl\/wp-json\/wp\/v2\/comments?post=868"}],"version-history":[{"count":1,"href":"https:\/\/www.spottergps.com\/pl\/wp-json\/wp\/v2\/pages\/868\/revisions"}],"predecessor-version":[{"id":869,"href":"https:\/\/www.spottergps.com\/pl\/wp-json\/wp\/v2\/pages\/868\/revisions\/869"}],"up":[{"embeddable":true,"href":"https:\/\/www.spottergps.com\/pl\/wp-json\/wp\/v2\/pages\/650"}],"wp:attachment":[{"href":"https:\/\/www.spottergps.com\/pl\/wp-json\/wp\/v2\/media?parent=868"}],"wp:term":[{"taxonomy":"category","embeddable":true,"href":"https:\/\/www.spottergps.com\/pl\/wp-json\/wp\/v2\/categories?post=868"},{"taxonomy":"post_tag","embeddable":true,"href":"https:\/\/www.spottergps.com\/pl\/wp-json\/wp\/v2\/tags?post=868"}],"curies":[{"name":"wp","href":"https:\/\/api.w.org\/{rel}","templated":true}]}}