{"id":865,"date":"2025-04-02T09:43:32","date_gmt":"2025-04-02T09:43:32","guid":{"rendered":"https:\/\/www.spottergps.com\/pl\/?page_id=865"},"modified":"2025-04-02T09:43:33","modified_gmt":"2025-04-02T09:43:33","slug":"jak-dowiedziec-sie-ze-bateria-jest-prawie-rozladowana","status":"publish","type":"page","link":"https:\/\/www.spottergps.com\/pl\/faq-2\/akumulator-i-ladowanie\/jak-dowiedziec-sie-ze-bateria-jest-prawie-rozladowana\/","title":{"rendered":"Jak dowiedzie\u0107 si\u0119, \u017ce bateria jest prawie roz\u0142adowana?"},"content":{"rendered":"\n<p class=\"\" data-start=\"0\" data-end=\"173\">Ka\u017cdy produkt informuje o niskim poziomie baterii w inny spos\u00f3b, co wyja\u015bniamy poni\u017cej dla ka\u017cdego z produkt\u00f3w.<\/p>\n<p data-start=\"0\" data-end=\"173\">\u00a0<\/p>\n<h3 data-start=\"175\" data-end=\"499\"><strong data-start=\"175\" data-end=\"198\">Spotter GPS Tracker<\/strong><\/h3>\n<p data-start=\"175\" data-end=\"499\">Je\u015bli niebieskie \u015bwiat\u0142o LED na Spotter GPS Tracker \u015bwieci si\u0119 szybko, oznacza to, \u017ce bateria ma mniej ni\u017c 15%. Stan baterii jest tak\u017ce widoczny w koncie Spotter. Po zalogowaniu si\u0119 na konto, przej\u015bciu do mapy i klikni\u0119ciu na Spottera, pojawi si\u0119 ekran, na kt\u00f3rym b\u0119dzie wy\u015bwietlony stan baterii.<\/p>\n<p class=\"\" data-start=\"501\" data-end=\"632\">Dodatkowo, gdy bateria b\u0119dzie prawie pusta, otrzymasz powiadomienie push w aplikacji Spotter oraz e-mail na powi\u0105zany adres e-mail.<\/p>\n<p data-start=\"501\" data-end=\"632\">\u00a0<\/p>\n<h3 data-start=\"634\" data-end=\"978\"><strong data-start=\"634\" data-end=\"655\">Spotter GPS Watch<\/strong><\/h3>\n<p class=\"\" data-start=\"634\" data-end=\"978\">W przypadku Spotter GPS Watch na wy\u015bwietlaczu zegarka, w prawym g\u00f3rnym rogu, znajduje si\u0119 ikona baterii, kt\u00f3ra pokazuje jej poziom. Stan baterii jest r\u00f3wnie\u017c widoczny w koncie Spotter. Po zalogowaniu si\u0119 na konto, przej\u015bciu do mapy i klikni\u0119ciu na Spottera, pojawi si\u0119 ekran, na kt\u00f3rym b\u0119dzie wy\u015bwietlony stan baterii.<\/p>\n<p class=\"\" data-start=\"980\" data-end=\"1118\">Dodatkowo, gdy poziom baterii spadnie poni\u017cej 15%, otrzymasz powiadomienie push w aplikacji Spotter oraz e-mail na powi\u0105zany adres e-mail.<\/p>\n<p data-start=\"980\" data-end=\"1118\">\u00a0<\/p>\n<h3 data-start=\"1120\" data-end=\"1415\"><strong data-start=\"1120\" data-end=\"1135\">Pet Spotter<\/strong><\/h3>\n<p class=\"\" data-start=\"1120\" data-end=\"1415\">Stan baterii mo\u017cna zobaczy\u0107 w koncie Spotter. Po zalogowaniu si\u0119 na konto, przej\u015bciu do mapy i klikni\u0119ciu na Spottera, pojawi si\u0119 ekran, na kt\u00f3rym b\u0119dzie wy\u015bwietlony stan baterii. Gdy bateria Pet Spottera b\u0119dzie roz\u0142adowana, us\u0142yszysz d\u017awi\u0119k, a urz\u0105dzenie zostanie wy\u0142\u0105czone.<\/p>\n<p class=\"\" data-start=\"1417\" data-end=\"1559\">Dodatkowo, gdy poziom baterii b\u0119dzie mniejszy ni\u017c 15%, otrzymasz powiadomienie push w aplikacji Spotter oraz e-mail na powi\u0105zany adres e-mail.<\/p>\n<p data-start=\"1417\" data-end=\"1559\">\u00a0<\/p>\n<h3 data-start=\"1561\" data-end=\"1915\"><strong data-start=\"1561\" data-end=\"1588\">Spotter GPS Watch \u2013 Air<\/strong><\/h3>\n<p class=\"\" data-start=\"1561\" data-end=\"1915\">W przypadku Spotter GPS Watch \u2013 Air, w prawym g\u00f3rnym rogu ekranu zegarka znajduje si\u0119 ikona baterii, kt\u00f3ra pokazuje poziom na\u0142adowania. Stan baterii jest r\u00f3wnie\u017c widoczny w koncie Spotter. Po zalogowaniu si\u0119 na konto, przej\u015bciu do mapy i klikni\u0119ciu na Spottera, pojawi si\u0119 ekran, na kt\u00f3rym b\u0119dzie wy\u015bwietlony stan baterii.<\/p>\n<p class=\"\" data-start=\"1917\" data-end=\"2055\">Dodatkowo, gdy poziom baterii spadnie poni\u017cej 15%, otrzymasz powiadomienie push w aplikacji Spotter oraz e-mail na powi\u0105zany adres e-mail.<\/p>\n","protected":false},"excerpt":{"rendered":"<p>Ka\u017cdy produkt informuje o niskim poziomie baterii w inny spos\u00f3b, co wyja\u015bniamy poni\u017cej dla ka\u017cdego z produkt\u00f3w. \u00a0 Spotter GPS Tracker Je\u015bli niebieskie \u015bwiat\u0142o LED na Spotter GPS Tracker \u015bwieci si\u0119 szybko, oznacza to, \u017ce bateria ma mniej ni\u017c 15%. Stan baterii jest tak\u017ce widoczny w koncie Spotter. Po zalogowaniu si\u0119 na konto, przej\u015bciu do [&hellip;]<\/p>\n","protected":false},"author":14,"featured_media":0,"parent":650,"menu_order":0,"comment_status":"closed","ping_status":"closed","template":"faq-content.php","meta":{"_acf_changed":false,"footnotes":""},"categories":[5],"tags":[],"class_list":["post-865","page","type-page","status-publish","hentry","category-faq"],"acf":[],"yoast_head":"<!-- This site is optimized with the Yoast SEO plugin v25.9 - https:\/\/yoast.com\/wordpress\/plugins\/seo\/ -->\n<title>Jak dowiedzie\u0107 si\u0119, \u017ce bateria jest prawie roz\u0142adowana? - Spotter - Polen<\/title>\n<meta name=\"robots\" content=\"index, follow, max-snippet:-1, max-image-preview:large, max-video-preview:-1\" \/>\n<link rel=\"canonical\" href=\"https:\/\/www.spottergps.com\/pl\/faq-2\/akumulator-i-ladowanie\/jak-dowiedziec-sie-ze-bateria-jest-prawie-rozladowana\/\" \/>\n<meta property=\"og:locale\" content=\"pl_PL\" \/>\n<meta property=\"og:type\" content=\"article\" \/>\n<meta property=\"og:title\" content=\"Jak dowiedzie\u0107 si\u0119, \u017ce bateria jest prawie roz\u0142adowana? - Spotter - Polen\" \/>\n<meta property=\"og:description\" content=\"Ka\u017cdy produkt informuje o niskim poziomie baterii w inny spos\u00f3b, co wyja\u015bniamy poni\u017cej dla ka\u017cdego z produkt\u00f3w. \u00a0 Spotter GPS Tracker Je\u015bli niebieskie \u015bwiat\u0142o LED na Spotter GPS Tracker \u015bwieci si\u0119 szybko, oznacza to, \u017ce bateria ma mniej ni\u017c 15%. Stan baterii jest tak\u017ce widoczny w koncie Spotter. Po zalogowaniu si\u0119 na konto, przej\u015bciu do [&hellip;]\" \/>\n<meta property=\"og:url\" content=\"https:\/\/www.spottergps.com\/pl\/faq-2\/akumulator-i-ladowanie\/jak-dowiedziec-sie-ze-bateria-jest-prawie-rozladowana\/\" \/>\n<meta property=\"og:site_name\" content=\"Spotter - Polen\" \/>\n<meta property=\"article:modified_time\" content=\"2025-04-02T09:43:33+00:00\" \/>\n<meta name=\"twitter:card\" content=\"summary_large_image\" \/>\n<meta name=\"twitter:label1\" content=\"Szacowany czas czytania\" \/>\n\t<meta name=\"twitter:data1\" content=\"2 minuty\" \/>\n<script type=\"application\/ld+json\" class=\"yoast-schema-graph\">{\"@context\":\"https:\/\/schema.org\",\"@graph\":[{\"@type\":\"WebPage\",\"@id\":\"https:\/\/www.spottergps.com\/pl\/faq-2\/akumulator-i-ladowanie\/jak-dowiedziec-sie-ze-bateria-jest-prawie-rozladowana\/\",\"url\":\"https:\/\/www.spottergps.com\/pl\/faq-2\/akumulator-i-ladowanie\/jak-dowiedziec-sie-ze-bateria-jest-prawie-rozladowana\/\",\"name\":\"Jak dowiedzie\u0107 si\u0119, \u017ce bateria jest prawie roz\u0142adowana? - Spotter - Polen\",\"isPartOf\":{\"@id\":\"https:\/\/www.spottergps.com\/pl\/#website\"},\"datePublished\":\"2025-04-02T09:43:32+00:00\",\"dateModified\":\"2025-04-02T09:43:33+00:00\",\"breadcrumb\":{\"@id\":\"https:\/\/www.spottergps.com\/pl\/faq-2\/akumulator-i-ladowanie\/jak-dowiedziec-sie-ze-bateria-jest-prawie-rozladowana\/#breadcrumb\"},\"inLanguage\":\"pl-PL\",\"potentialAction\":[{\"@type\":\"ReadAction\",\"target\":[\"https:\/\/www.spottergps.com\/pl\/faq-2\/akumulator-i-ladowanie\/jak-dowiedziec-sie-ze-bateria-jest-prawie-rozladowana\/\"]}]},{\"@type\":\"BreadcrumbList\",\"@id\":\"https:\/\/www.spottergps.com\/pl\/faq-2\/akumulator-i-ladowanie\/jak-dowiedziec-sie-ze-bateria-jest-prawie-rozladowana\/#breadcrumb\",\"itemListElement\":[{\"@type\":\"ListItem\",\"position\":1,\"name\":\"Home\",\"item\":\"https:\/\/www.spottergps.com\/pl\/\"},{\"@type\":\"ListItem\",\"position\":2,\"name\":\"Jak mo\u017cemy ci pom\u00f3c?\",\"item\":\"https:\/\/www.spottergps.com\/pl\/faq-2\/\"},{\"@type\":\"ListItem\",\"position\":3,\"name\":\"Akumulator i \u0142adowanie\",\"item\":\"https:\/\/www.spottergps.com\/pl\/faq-2\/akumulator-i-ladowanie\/\"},{\"@type\":\"ListItem\",\"position\":4,\"name\":\"Jak dowiedzie\u0107 si\u0119, \u017ce bateria jest prawie roz\u0142adowana?\"}]},{\"@type\":\"WebSite\",\"@id\":\"https:\/\/www.spottergps.com\/pl\/#website\",\"url\":\"https:\/\/www.spottergps.com\/pl\/\",\"name\":\"Spotter - Polen\",\"description\":\"GPS tracker dla wszystkiego, co kochasz\",\"potentialAction\":[{\"@type\":\"SearchAction\",\"target\":{\"@type\":\"EntryPoint\",\"urlTemplate\":\"https:\/\/www.spottergps.com\/pl\/?s={search_term_string}\"},\"query-input\":{\"@type\":\"PropertyValueSpecification\",\"valueRequired\":true,\"valueName\":\"search_term_string\"}}],\"inLanguage\":\"pl-PL\"}]}<\/script>\n<!-- \/ Yoast SEO plugin. -->","yoast_head_json":{"title":"Jak dowiedzie\u0107 si\u0119, \u017ce bateria jest prawie roz\u0142adowana? - Spotter - Polen","robots":{"index":"index","follow":"follow","max-snippet":"max-snippet:-1","max-image-preview":"max-image-preview:large","max-video-preview":"max-video-preview:-1"},"canonical":"https:\/\/www.spottergps.com\/pl\/faq-2\/akumulator-i-ladowanie\/jak-dowiedziec-sie-ze-bateria-jest-prawie-rozladowana\/","og_locale":"pl_PL","og_type":"article","og_title":"Jak dowiedzie\u0107 si\u0119, \u017ce bateria jest prawie roz\u0142adowana? - Spotter - Polen","og_description":"Ka\u017cdy produkt informuje o niskim poziomie baterii w inny spos\u00f3b, co wyja\u015bniamy poni\u017cej dla ka\u017cdego z produkt\u00f3w. \u00a0 Spotter GPS Tracker Je\u015bli niebieskie \u015bwiat\u0142o LED na Spotter GPS Tracker \u015bwieci si\u0119 szybko, oznacza to, \u017ce bateria ma mniej ni\u017c 15%. Stan baterii jest tak\u017ce widoczny w koncie Spotter. Po zalogowaniu si\u0119 na konto, przej\u015bciu do [&hellip;]","og_url":"https:\/\/www.spottergps.com\/pl\/faq-2\/akumulator-i-ladowanie\/jak-dowiedziec-sie-ze-bateria-jest-prawie-rozladowana\/","og_site_name":"Spotter - Polen","article_modified_time":"2025-04-02T09:43:33+00:00","twitter_card":"summary_large_image","twitter_misc":{"Szacowany czas czytania":"2 minuty"},"schema":{"@context":"https:\/\/schema.org","@graph":[{"@type":"WebPage","@id":"https:\/\/www.spottergps.com\/pl\/faq-2\/akumulator-i-ladowanie\/jak-dowiedziec-sie-ze-bateria-jest-prawie-rozladowana\/","url":"https:\/\/www.spottergps.com\/pl\/faq-2\/akumulator-i-ladowanie\/jak-dowiedziec-sie-ze-bateria-jest-prawie-rozladowana\/","name":"Jak dowiedzie\u0107 si\u0119, \u017ce bateria jest prawie roz\u0142adowana? - Spotter - Polen","isPartOf":{"@id":"https:\/\/www.spottergps.com\/pl\/#website"},"datePublished":"2025-04-02T09:43:32+00:00","dateModified":"2025-04-02T09:43:33+00:00","breadcrumb":{"@id":"https:\/\/www.spottergps.com\/pl\/faq-2\/akumulator-i-ladowanie\/jak-dowiedziec-sie-ze-bateria-jest-prawie-rozladowana\/#breadcrumb"},"inLanguage":"pl-PL","potentialAction":[{"@type":"ReadAction","target":["https:\/\/www.spottergps.com\/pl\/faq-2\/akumulator-i-ladowanie\/jak-dowiedziec-sie-ze-bateria-jest-prawie-rozladowana\/"]}]},{"@type":"BreadcrumbList","@id":"https:\/\/www.spottergps.com\/pl\/faq-2\/akumulator-i-ladowanie\/jak-dowiedziec-sie-ze-bateria-jest-prawie-rozladowana\/#breadcrumb","itemListElement":[{"@type":"ListItem","position":1,"name":"Home","item":"https:\/\/www.spottergps.com\/pl\/"},{"@type":"ListItem","position":2,"name":"Jak mo\u017cemy ci pom\u00f3c?","item":"https:\/\/www.spottergps.com\/pl\/faq-2\/"},{"@type":"ListItem","position":3,"name":"Akumulator i \u0142adowanie","item":"https:\/\/www.spottergps.com\/pl\/faq-2\/akumulator-i-ladowanie\/"},{"@type":"ListItem","position":4,"name":"Jak dowiedzie\u0107 si\u0119, \u017ce bateria jest prawie roz\u0142adowana?"}]},{"@type":"WebSite","@id":"https:\/\/www.spottergps.com\/pl\/#website","url":"https:\/\/www.spottergps.com\/pl\/","name":"Spotter - Polen","description":"GPS tracker dla wszystkiego, co kochasz","potentialAction":[{"@type":"SearchAction","target":{"@type":"EntryPoint","urlTemplate":"https:\/\/www.spottergps.com\/pl\/?s={search_term_string}"},"query-input":{"@type":"PropertyValueSpecification","valueRequired":true,"valueName":"search_term_string"}}],"inLanguage":"pl-PL"}]}},"_links":{"self":[{"href":"https:\/\/www.spottergps.com\/pl\/wp-json\/wp\/v2\/pages\/865","targetHints":{"allow":["GET"]}}],"collection":[{"href":"https:\/\/www.spottergps.com\/pl\/wp-json\/wp\/v2\/pages"}],"about":[{"href":"https:\/\/www.spottergps.com\/pl\/wp-json\/wp\/v2\/types\/page"}],"author":[{"embeddable":true,"href":"https:\/\/www.spottergps.com\/pl\/wp-json\/wp\/v2\/users\/14"}],"replies":[{"embeddable":true,"href":"https:\/\/www.spottergps.com\/pl\/wp-json\/wp\/v2\/comments?post=865"}],"version-history":[{"count":1,"href":"https:\/\/www.spottergps.com\/pl\/wp-json\/wp\/v2\/pages\/865\/revisions"}],"predecessor-version":[{"id":866,"href":"https:\/\/www.spottergps.com\/pl\/wp-json\/wp\/v2\/pages\/865\/revisions\/866"}],"up":[{"embeddable":true,"href":"https:\/\/www.spottergps.com\/pl\/wp-json\/wp\/v2\/pages\/650"}],"wp:attachment":[{"href":"https:\/\/www.spottergps.com\/pl\/wp-json\/wp\/v2\/media?parent=865"}],"wp:term":[{"taxonomy":"category","embeddable":true,"href":"https:\/\/www.spottergps.com\/pl\/wp-json\/wp\/v2\/categories?post=865"},{"taxonomy":"post_tag","embeddable":true,"href":"https:\/\/www.spottergps.com\/pl\/wp-json\/wp\/v2\/tags?post=865"}],"curies":[{"name":"wp","href":"https:\/\/api.w.org\/{rel}","templated":true}]}}