{"id":862,"date":"2025-04-02T09:40:33","date_gmt":"2025-04-02T09:40:33","guid":{"rendered":"https:\/\/www.spottergps.com\/pl\/?page_id=862"},"modified":"2025-04-02T09:40:34","modified_gmt":"2025-04-02T09:40:34","slug":"czas-pracy-na-baterii","status":"publish","type":"page","link":"https:\/\/www.spottergps.com\/pl\/faq-2\/akumulator-i-ladowanie\/czas-pracy-na-baterii\/","title":{"rendered":"Czas pracy na baterii"},"content":{"rendered":"\n<h2 data-start=\"0\" data-end=\"326\"><strong data-start=\"28\" data-end=\"77\">Spotter GPS Tracker &amp; Spotter GPS tracker X10<\/strong><\/h2>\n<p data-start=\"0\" data-end=\"326\">Bateria <a href=\"https:\/\/shop.spottergps.com\/pl\/spotter%20gps%20tracker.html\">Spotter GPS Tracker<\/a> mo\u017ce dzia\u0142a\u0107 do <strong>5 dni<\/strong>, w zale\u017cno\u015bci od u\u017cytkowania. Przy intensywnym u\u017cytkowaniu \u015bredni czas pracy to od 2 do 3 dni. Podczas ruchu Spotter GPS Tracker wysy\u0142a lokalizacj\u0119 co 60 sekund, a podczas braku ruchu co 30 minut.<\/p>\n<h2 data-start=\"328\" data-end=\"667\"><strong data-start=\"328\" data-end=\"349\">Spotter GPS Watch<\/strong><\/h2>\n<p class=\"\" data-start=\"328\" data-end=\"667\">Bateria <a href=\"https:\/\/shop.spottergps.com\/pl\/spotter-gps-watch-blue2.html\">Spotter GPS Watch<\/a> ma maksymalny czas czuwania do <strong>7 dni<\/strong>. W zale\u017cno\u015bci od u\u017cytkowania \u015bredni czas pracy wynosi od 2 do 4 dni. Podczas ruchu Spotter GPS Watch wysy\u0142a lokalizacj\u0119 co 2 minuty, a przy braku ruchu co 5 godzin. Lokalizacj\u0119 mo\u017cna r\u00f3wnie\u017c r\u0119cznie zapyta\u0107, otrzymuj\u0105c dane co 20 sekund przez 3 minuty.<\/p>\n<h2 data-start=\"669\" data-end=\"1021\"><strong data-start=\"669\" data-end=\"696\">Spotter GPS Watch \u2013 Air<\/strong><\/h2>\n<p class=\"\" data-start=\"669\" data-end=\"1021\">Bateria <a href=\"https:\/\/shop.spottergps.com\/pl\/spotter-gps-watch-air-black.html\">Spotter GPS Watch \u2013 Air<\/a> ma maksymalny czas czuwania do <strong>5 dni<\/strong>. W zale\u017cno\u015bci od u\u017cytkowania \u015bredni czas pracy wynosi oko\u0142o 3 dni. Podczas ruchu Spotter GPS Watch \u2013 Air wysy\u0142a lokalizacj\u0119 co 2 minuty, a przy braku ruchu co godzin\u0119. Lokalizacj\u0119 mo\u017cna tak\u017ce r\u0119cznie zapyta\u0107, otrzymuj\u0105c dane co 20 sekund przez 3 minuty.<\/p>\n<h2 data-start=\"1023\" data-end=\"1356\"><strong data-start=\"1023\" data-end=\"1038\">Pet Spotter<\/strong><\/h2>\n<p class=\"\" data-start=\"1023\" data-end=\"1356\">Bateria<a href=\"https:\/\/shop.spottergps.com\/pl\/pet-spotter-dog-tracker.html\"> Pet Spotter<\/a> mo\u017ce dzia\u0142a\u0107 do <strong>3 dni<\/strong>, w zale\u017cno\u015bci od u\u017cytkowania. Przy intensywnym u\u017cytkowaniu \u015bredni czas pracy wynosi od 1 do 2 dni. Podczas ruchu Pet Spotter wysy\u0142a lokalizacj\u0119 co 5 minut, a przy braku ruchu co 30 minut. Lokalizacj\u0119 mo\u017cna tak\u017ce r\u0119cznie zapyta\u0107, otrzymuj\u0105c dane co 60 sekund przez 3 minuty.<\/p>\n","protected":false},"excerpt":{"rendered":"<p>Spotter GPS Tracker &amp; Spotter GPS tracker X10 Bateria Spotter GPS Tracker mo\u017ce dzia\u0142a\u0107 do 5 dni, w zale\u017cno\u015bci od u\u017cytkowania. Przy intensywnym u\u017cytkowaniu \u015bredni czas pracy to od 2 do 3 dni. Podczas ruchu Spotter GPS Tracker wysy\u0142a lokalizacj\u0119 co 60 sekund, a podczas braku ruchu co 30 minut. Spotter GPS Watch Bateria Spotter [&hellip;]<\/p>\n","protected":false},"author":14,"featured_media":0,"parent":650,"menu_order":0,"comment_status":"closed","ping_status":"closed","template":"faq-content.php","meta":{"_acf_changed":false,"footnotes":""},"categories":[5],"tags":[],"class_list":["post-862","page","type-page","status-publish","hentry","category-faq"],"acf":[],"yoast_head":"<!-- This site is optimized with the Yoast SEO plugin v25.9 - https:\/\/yoast.com\/wordpress\/plugins\/seo\/ -->\n<title>Czas pracy na baterii - Spotter - Polen<\/title>\n<meta name=\"robots\" content=\"index, follow, max-snippet:-1, max-image-preview:large, max-video-preview:-1\" \/>\n<link rel=\"canonical\" href=\"https:\/\/www.spottergps.com\/pl\/faq-2\/akumulator-i-ladowanie\/czas-pracy-na-baterii\/\" \/>\n<meta property=\"og:locale\" content=\"pl_PL\" \/>\n<meta property=\"og:type\" content=\"article\" \/>\n<meta property=\"og:title\" content=\"Czas pracy na baterii - Spotter - Polen\" \/>\n<meta property=\"og:description\" content=\"Spotter GPS Tracker &amp; Spotter GPS tracker X10 Bateria Spotter GPS Tracker mo\u017ce dzia\u0142a\u0107 do 5 dni, w zale\u017cno\u015bci od u\u017cytkowania. Przy intensywnym u\u017cytkowaniu \u015bredni czas pracy to od 2 do 3 dni. Podczas ruchu Spotter GPS Tracker wysy\u0142a lokalizacj\u0119 co 60 sekund, a podczas braku ruchu co 30 minut. Spotter GPS Watch Bateria Spotter [&hellip;]\" \/>\n<meta property=\"og:url\" content=\"https:\/\/www.spottergps.com\/pl\/faq-2\/akumulator-i-ladowanie\/czas-pracy-na-baterii\/\" \/>\n<meta property=\"og:site_name\" content=\"Spotter - Polen\" \/>\n<meta property=\"article:modified_time\" content=\"2025-04-02T09:40:34+00:00\" \/>\n<meta name=\"twitter:card\" content=\"summary_large_image\" \/>\n<meta name=\"twitter:label1\" content=\"Szacowany czas czytania\" \/>\n\t<meta name=\"twitter:data1\" content=\"2 minuty\" \/>\n<script type=\"application\/ld+json\" class=\"yoast-schema-graph\">{\"@context\":\"https:\/\/schema.org\",\"@graph\":[{\"@type\":\"WebPage\",\"@id\":\"https:\/\/www.spottergps.com\/pl\/faq-2\/akumulator-i-ladowanie\/czas-pracy-na-baterii\/\",\"url\":\"https:\/\/www.spottergps.com\/pl\/faq-2\/akumulator-i-ladowanie\/czas-pracy-na-baterii\/\",\"name\":\"Czas pracy na baterii - Spotter - Polen\",\"isPartOf\":{\"@id\":\"https:\/\/www.spottergps.com\/pl\/#website\"},\"datePublished\":\"2025-04-02T09:40:33+00:00\",\"dateModified\":\"2025-04-02T09:40:34+00:00\",\"breadcrumb\":{\"@id\":\"https:\/\/www.spottergps.com\/pl\/faq-2\/akumulator-i-ladowanie\/czas-pracy-na-baterii\/#breadcrumb\"},\"inLanguage\":\"pl-PL\",\"potentialAction\":[{\"@type\":\"ReadAction\",\"target\":[\"https:\/\/www.spottergps.com\/pl\/faq-2\/akumulator-i-ladowanie\/czas-pracy-na-baterii\/\"]}]},{\"@type\":\"BreadcrumbList\",\"@id\":\"https:\/\/www.spottergps.com\/pl\/faq-2\/akumulator-i-ladowanie\/czas-pracy-na-baterii\/#breadcrumb\",\"itemListElement\":[{\"@type\":\"ListItem\",\"position\":1,\"name\":\"Home\",\"item\":\"https:\/\/www.spottergps.com\/pl\/\"},{\"@type\":\"ListItem\",\"position\":2,\"name\":\"Jak mo\u017cemy ci pom\u00f3c?\",\"item\":\"https:\/\/www.spottergps.com\/pl\/faq-2\/\"},{\"@type\":\"ListItem\",\"position\":3,\"name\":\"Akumulator i \u0142adowanie\",\"item\":\"https:\/\/www.spottergps.com\/pl\/faq-2\/akumulator-i-ladowanie\/\"},{\"@type\":\"ListItem\",\"position\":4,\"name\":\"Czas pracy na baterii\"}]},{\"@type\":\"WebSite\",\"@id\":\"https:\/\/www.spottergps.com\/pl\/#website\",\"url\":\"https:\/\/www.spottergps.com\/pl\/\",\"name\":\"Spotter - Polen\",\"description\":\"GPS tracker dla wszystkiego, co kochasz\",\"potentialAction\":[{\"@type\":\"SearchAction\",\"target\":{\"@type\":\"EntryPoint\",\"urlTemplate\":\"https:\/\/www.spottergps.com\/pl\/?s={search_term_string}\"},\"query-input\":{\"@type\":\"PropertyValueSpecification\",\"valueRequired\":true,\"valueName\":\"search_term_string\"}}],\"inLanguage\":\"pl-PL\"}]}<\/script>\n<!-- \/ Yoast SEO plugin. -->","yoast_head_json":{"title":"Czas pracy na baterii - Spotter - Polen","robots":{"index":"index","follow":"follow","max-snippet":"max-snippet:-1","max-image-preview":"max-image-preview:large","max-video-preview":"max-video-preview:-1"},"canonical":"https:\/\/www.spottergps.com\/pl\/faq-2\/akumulator-i-ladowanie\/czas-pracy-na-baterii\/","og_locale":"pl_PL","og_type":"article","og_title":"Czas pracy na baterii - Spotter - Polen","og_description":"Spotter GPS Tracker &amp; Spotter GPS tracker X10 Bateria Spotter GPS Tracker mo\u017ce dzia\u0142a\u0107 do 5 dni, w zale\u017cno\u015bci od u\u017cytkowania. Przy intensywnym u\u017cytkowaniu \u015bredni czas pracy to od 2 do 3 dni. Podczas ruchu Spotter GPS Tracker wysy\u0142a lokalizacj\u0119 co 60 sekund, a podczas braku ruchu co 30 minut. Spotter GPS Watch Bateria Spotter [&hellip;]","og_url":"https:\/\/www.spottergps.com\/pl\/faq-2\/akumulator-i-ladowanie\/czas-pracy-na-baterii\/","og_site_name":"Spotter - Polen","article_modified_time":"2025-04-02T09:40:34+00:00","twitter_card":"summary_large_image","twitter_misc":{"Szacowany czas czytania":"2 minuty"},"schema":{"@context":"https:\/\/schema.org","@graph":[{"@type":"WebPage","@id":"https:\/\/www.spottergps.com\/pl\/faq-2\/akumulator-i-ladowanie\/czas-pracy-na-baterii\/","url":"https:\/\/www.spottergps.com\/pl\/faq-2\/akumulator-i-ladowanie\/czas-pracy-na-baterii\/","name":"Czas pracy na baterii - Spotter - Polen","isPartOf":{"@id":"https:\/\/www.spottergps.com\/pl\/#website"},"datePublished":"2025-04-02T09:40:33+00:00","dateModified":"2025-04-02T09:40:34+00:00","breadcrumb":{"@id":"https:\/\/www.spottergps.com\/pl\/faq-2\/akumulator-i-ladowanie\/czas-pracy-na-baterii\/#breadcrumb"},"inLanguage":"pl-PL","potentialAction":[{"@type":"ReadAction","target":["https:\/\/www.spottergps.com\/pl\/faq-2\/akumulator-i-ladowanie\/czas-pracy-na-baterii\/"]}]},{"@type":"BreadcrumbList","@id":"https:\/\/www.spottergps.com\/pl\/faq-2\/akumulator-i-ladowanie\/czas-pracy-na-baterii\/#breadcrumb","itemListElement":[{"@type":"ListItem","position":1,"name":"Home","item":"https:\/\/www.spottergps.com\/pl\/"},{"@type":"ListItem","position":2,"name":"Jak mo\u017cemy ci pom\u00f3c?","item":"https:\/\/www.spottergps.com\/pl\/faq-2\/"},{"@type":"ListItem","position":3,"name":"Akumulator i \u0142adowanie","item":"https:\/\/www.spottergps.com\/pl\/faq-2\/akumulator-i-ladowanie\/"},{"@type":"ListItem","position":4,"name":"Czas pracy na baterii"}]},{"@type":"WebSite","@id":"https:\/\/www.spottergps.com\/pl\/#website","url":"https:\/\/www.spottergps.com\/pl\/","name":"Spotter - Polen","description":"GPS tracker dla wszystkiego, co kochasz","potentialAction":[{"@type":"SearchAction","target":{"@type":"EntryPoint","urlTemplate":"https:\/\/www.spottergps.com\/pl\/?s={search_term_string}"},"query-input":{"@type":"PropertyValueSpecification","valueRequired":true,"valueName":"search_term_string"}}],"inLanguage":"pl-PL"}]}},"_links":{"self":[{"href":"https:\/\/www.spottergps.com\/pl\/wp-json\/wp\/v2\/pages\/862","targetHints":{"allow":["GET"]}}],"collection":[{"href":"https:\/\/www.spottergps.com\/pl\/wp-json\/wp\/v2\/pages"}],"about":[{"href":"https:\/\/www.spottergps.com\/pl\/wp-json\/wp\/v2\/types\/page"}],"author":[{"embeddable":true,"href":"https:\/\/www.spottergps.com\/pl\/wp-json\/wp\/v2\/users\/14"}],"replies":[{"embeddable":true,"href":"https:\/\/www.spottergps.com\/pl\/wp-json\/wp\/v2\/comments?post=862"}],"version-history":[{"count":1,"href":"https:\/\/www.spottergps.com\/pl\/wp-json\/wp\/v2\/pages\/862\/revisions"}],"predecessor-version":[{"id":863,"href":"https:\/\/www.spottergps.com\/pl\/wp-json\/wp\/v2\/pages\/862\/revisions\/863"}],"up":[{"embeddable":true,"href":"https:\/\/www.spottergps.com\/pl\/wp-json\/wp\/v2\/pages\/650"}],"wp:attachment":[{"href":"https:\/\/www.spottergps.com\/pl\/wp-json\/wp\/v2\/media?parent=862"}],"wp:term":[{"taxonomy":"category","embeddable":true,"href":"https:\/\/www.spottergps.com\/pl\/wp-json\/wp\/v2\/categories?post=862"},{"taxonomy":"post_tag","embeddable":true,"href":"https:\/\/www.spottergps.com\/pl\/wp-json\/wp\/v2\/tags?post=862"}],"curies":[{"name":"wp","href":"https:\/\/api.w.org\/{rel}","templated":true}]}}