{"id":859,"date":"2025-04-02T08:12:21","date_gmt":"2025-04-02T08:12:21","guid":{"rendered":"https:\/\/www.spottergps.com\/pl\/?page_id=859"},"modified":"2025-04-02T08:12:22","modified_gmt":"2025-04-02T08:12:22","slug":"ladowanie-pet-spotter","status":"publish","type":"page","link":"https:\/\/www.spottergps.com\/pl\/faq-2\/akumulator-i-ladowanie\/ladowanie-pet-spotter\/","title":{"rendered":"\u0141adowanie Pet Spotter"},"content":{"rendered":"\n<p class=\"\" data-start=\"0\" data-end=\"535\">Zanim rozpoczniesz korzystanie z Pet Spotter, nale\u017cy w pe\u0142ni na\u0142adowa\u0107 bateri\u0119 przez 2 do 3 godzin. W tym celu u\u017cyj do\u0142\u0105czonego kabla USB, kt\u00f3ry umo\u017cliwia \u0142adowanie magnetyczne. Umie\u015b\u0107 dwa punkty \u0142adowarki na stykach na tylnej stronie Pet Spotter. Nast\u0119pnie pod\u0142\u0105cz drugi koniec kabla do portu USB lub \u0142adowarki USB, aby rozpocz\u0105\u0107 \u0142adowanie. Podczas \u0142adowania miga niebieskie \u015bwiat\u0142o LED, kt\u00f3re pozostaje w\u0142\u0105czone a\u017c do pe\u0142nego na\u0142adowania Pet Spotter. Podczas \u0142adowania urz\u0105dzenie w\u0142\u0105czy si\u0119 automatycznie.<\/p>\n<p class=\"\" data-start=\"537\" data-end=\"634\">Wi\u0119cej informacji oraz materia\u0142y wspieraj\u0105ce znajdziesz w naszej internetowej <a href=\"https:\/\/www.spottergps.com\/pl\/wp-content\/uploads\/sites\/9\/2025\/03\/Handleiding-Pet-Spotter-V4_PL.pdf\">instrukcji<\/a> obs\u0142ugi.<\/p>\n","protected":false},"excerpt":{"rendered":"<p>Zanim rozpoczniesz korzystanie z Pet Spotter, nale\u017cy w pe\u0142ni na\u0142adowa\u0107 bateri\u0119 przez 2 do 3 godzin. W tym celu u\u017cyj do\u0142\u0105czonego kabla USB, kt\u00f3ry umo\u017cliwia \u0142adowanie magnetyczne. Umie\u015b\u0107 dwa punkty \u0142adowarki na stykach na tylnej stronie Pet Spotter. Nast\u0119pnie pod\u0142\u0105cz drugi koniec kabla do portu USB lub \u0142adowarki USB, aby rozpocz\u0105\u0107 \u0142adowanie. Podczas \u0142adowania miga [&hellip;]<\/p>\n","protected":false},"author":14,"featured_media":0,"parent":650,"menu_order":0,"comment_status":"closed","ping_status":"closed","template":"faq-content.php","meta":{"_acf_changed":false,"footnotes":""},"categories":[5],"tags":[],"class_list":["post-859","page","type-page","status-publish","hentry","category-faq"],"acf":[],"yoast_head":"<!-- This site is optimized with the Yoast SEO plugin v25.9 - https:\/\/yoast.com\/wordpress\/plugins\/seo\/ -->\n<title>\u0141adowanie Pet Spotter - Spotter - Polen<\/title>\n<meta name=\"robots\" content=\"index, follow, max-snippet:-1, max-image-preview:large, max-video-preview:-1\" \/>\n<link rel=\"canonical\" href=\"https:\/\/www.spottergps.com\/pl\/faq-2\/akumulator-i-ladowanie\/ladowanie-pet-spotter\/\" \/>\n<meta property=\"og:locale\" content=\"pl_PL\" \/>\n<meta property=\"og:type\" content=\"article\" \/>\n<meta property=\"og:title\" content=\"\u0141adowanie Pet Spotter - Spotter - Polen\" \/>\n<meta property=\"og:description\" content=\"Zanim rozpoczniesz korzystanie z Pet Spotter, nale\u017cy w pe\u0142ni na\u0142adowa\u0107 bateri\u0119 przez 2 do 3 godzin. W tym celu u\u017cyj do\u0142\u0105czonego kabla USB, kt\u00f3ry umo\u017cliwia \u0142adowanie magnetyczne. Umie\u015b\u0107 dwa punkty \u0142adowarki na stykach na tylnej stronie Pet Spotter. Nast\u0119pnie pod\u0142\u0105cz drugi koniec kabla do portu USB lub \u0142adowarki USB, aby rozpocz\u0105\u0107 \u0142adowanie. Podczas \u0142adowania miga [&hellip;]\" \/>\n<meta property=\"og:url\" content=\"https:\/\/www.spottergps.com\/pl\/faq-2\/akumulator-i-ladowanie\/ladowanie-pet-spotter\/\" \/>\n<meta property=\"og:site_name\" content=\"Spotter - Polen\" \/>\n<meta property=\"article:modified_time\" content=\"2025-04-02T08:12:22+00:00\" \/>\n<meta name=\"twitter:card\" content=\"summary_large_image\" \/>\n<meta name=\"twitter:label1\" content=\"Szacowany czas czytania\" \/>\n\t<meta name=\"twitter:data1\" content=\"1 minuta\" \/>\n<script type=\"application\/ld+json\" class=\"yoast-schema-graph\">{\"@context\":\"https:\/\/schema.org\",\"@graph\":[{\"@type\":\"WebPage\",\"@id\":\"https:\/\/www.spottergps.com\/pl\/faq-2\/akumulator-i-ladowanie\/ladowanie-pet-spotter\/\",\"url\":\"https:\/\/www.spottergps.com\/pl\/faq-2\/akumulator-i-ladowanie\/ladowanie-pet-spotter\/\",\"name\":\"\u0141adowanie Pet Spotter - Spotter - Polen\",\"isPartOf\":{\"@id\":\"https:\/\/www.spottergps.com\/pl\/#website\"},\"datePublished\":\"2025-04-02T08:12:21+00:00\",\"dateModified\":\"2025-04-02T08:12:22+00:00\",\"breadcrumb\":{\"@id\":\"https:\/\/www.spottergps.com\/pl\/faq-2\/akumulator-i-ladowanie\/ladowanie-pet-spotter\/#breadcrumb\"},\"inLanguage\":\"pl-PL\",\"potentialAction\":[{\"@type\":\"ReadAction\",\"target\":[\"https:\/\/www.spottergps.com\/pl\/faq-2\/akumulator-i-ladowanie\/ladowanie-pet-spotter\/\"]}]},{\"@type\":\"BreadcrumbList\",\"@id\":\"https:\/\/www.spottergps.com\/pl\/faq-2\/akumulator-i-ladowanie\/ladowanie-pet-spotter\/#breadcrumb\",\"itemListElement\":[{\"@type\":\"ListItem\",\"position\":1,\"name\":\"Home\",\"item\":\"https:\/\/www.spottergps.com\/pl\/\"},{\"@type\":\"ListItem\",\"position\":2,\"name\":\"Jak mo\u017cemy ci pom\u00f3c?\",\"item\":\"https:\/\/www.spottergps.com\/pl\/faq-2\/\"},{\"@type\":\"ListItem\",\"position\":3,\"name\":\"Akumulator i \u0142adowanie\",\"item\":\"https:\/\/www.spottergps.com\/pl\/faq-2\/akumulator-i-ladowanie\/\"},{\"@type\":\"ListItem\",\"position\":4,\"name\":\"\u0141adowanie Pet Spotter\"}]},{\"@type\":\"WebSite\",\"@id\":\"https:\/\/www.spottergps.com\/pl\/#website\",\"url\":\"https:\/\/www.spottergps.com\/pl\/\",\"name\":\"Spotter - Polen\",\"description\":\"GPS tracker dla wszystkiego, co kochasz\",\"potentialAction\":[{\"@type\":\"SearchAction\",\"target\":{\"@type\":\"EntryPoint\",\"urlTemplate\":\"https:\/\/www.spottergps.com\/pl\/?s={search_term_string}\"},\"query-input\":{\"@type\":\"PropertyValueSpecification\",\"valueRequired\":true,\"valueName\":\"search_term_string\"}}],\"inLanguage\":\"pl-PL\"}]}<\/script>\n<!-- \/ Yoast SEO plugin. -->","yoast_head_json":{"title":"\u0141adowanie Pet Spotter - Spotter - Polen","robots":{"index":"index","follow":"follow","max-snippet":"max-snippet:-1","max-image-preview":"max-image-preview:large","max-video-preview":"max-video-preview:-1"},"canonical":"https:\/\/www.spottergps.com\/pl\/faq-2\/akumulator-i-ladowanie\/ladowanie-pet-spotter\/","og_locale":"pl_PL","og_type":"article","og_title":"\u0141adowanie Pet Spotter - Spotter - Polen","og_description":"Zanim rozpoczniesz korzystanie z Pet Spotter, nale\u017cy w pe\u0142ni na\u0142adowa\u0107 bateri\u0119 przez 2 do 3 godzin. W tym celu u\u017cyj do\u0142\u0105czonego kabla USB, kt\u00f3ry umo\u017cliwia \u0142adowanie magnetyczne. Umie\u015b\u0107 dwa punkty \u0142adowarki na stykach na tylnej stronie Pet Spotter. Nast\u0119pnie pod\u0142\u0105cz drugi koniec kabla do portu USB lub \u0142adowarki USB, aby rozpocz\u0105\u0107 \u0142adowanie. Podczas \u0142adowania miga [&hellip;]","og_url":"https:\/\/www.spottergps.com\/pl\/faq-2\/akumulator-i-ladowanie\/ladowanie-pet-spotter\/","og_site_name":"Spotter - Polen","article_modified_time":"2025-04-02T08:12:22+00:00","twitter_card":"summary_large_image","twitter_misc":{"Szacowany czas czytania":"1 minuta"},"schema":{"@context":"https:\/\/schema.org","@graph":[{"@type":"WebPage","@id":"https:\/\/www.spottergps.com\/pl\/faq-2\/akumulator-i-ladowanie\/ladowanie-pet-spotter\/","url":"https:\/\/www.spottergps.com\/pl\/faq-2\/akumulator-i-ladowanie\/ladowanie-pet-spotter\/","name":"\u0141adowanie Pet Spotter - Spotter - Polen","isPartOf":{"@id":"https:\/\/www.spottergps.com\/pl\/#website"},"datePublished":"2025-04-02T08:12:21+00:00","dateModified":"2025-04-02T08:12:22+00:00","breadcrumb":{"@id":"https:\/\/www.spottergps.com\/pl\/faq-2\/akumulator-i-ladowanie\/ladowanie-pet-spotter\/#breadcrumb"},"inLanguage":"pl-PL","potentialAction":[{"@type":"ReadAction","target":["https:\/\/www.spottergps.com\/pl\/faq-2\/akumulator-i-ladowanie\/ladowanie-pet-spotter\/"]}]},{"@type":"BreadcrumbList","@id":"https:\/\/www.spottergps.com\/pl\/faq-2\/akumulator-i-ladowanie\/ladowanie-pet-spotter\/#breadcrumb","itemListElement":[{"@type":"ListItem","position":1,"name":"Home","item":"https:\/\/www.spottergps.com\/pl\/"},{"@type":"ListItem","position":2,"name":"Jak mo\u017cemy ci pom\u00f3c?","item":"https:\/\/www.spottergps.com\/pl\/faq-2\/"},{"@type":"ListItem","position":3,"name":"Akumulator i \u0142adowanie","item":"https:\/\/www.spottergps.com\/pl\/faq-2\/akumulator-i-ladowanie\/"},{"@type":"ListItem","position":4,"name":"\u0141adowanie Pet Spotter"}]},{"@type":"WebSite","@id":"https:\/\/www.spottergps.com\/pl\/#website","url":"https:\/\/www.spottergps.com\/pl\/","name":"Spotter - Polen","description":"GPS tracker dla wszystkiego, co kochasz","potentialAction":[{"@type":"SearchAction","target":{"@type":"EntryPoint","urlTemplate":"https:\/\/www.spottergps.com\/pl\/?s={search_term_string}"},"query-input":{"@type":"PropertyValueSpecification","valueRequired":true,"valueName":"search_term_string"}}],"inLanguage":"pl-PL"}]}},"_links":{"self":[{"href":"https:\/\/www.spottergps.com\/pl\/wp-json\/wp\/v2\/pages\/859","targetHints":{"allow":["GET"]}}],"collection":[{"href":"https:\/\/www.spottergps.com\/pl\/wp-json\/wp\/v2\/pages"}],"about":[{"href":"https:\/\/www.spottergps.com\/pl\/wp-json\/wp\/v2\/types\/page"}],"author":[{"embeddable":true,"href":"https:\/\/www.spottergps.com\/pl\/wp-json\/wp\/v2\/users\/14"}],"replies":[{"embeddable":true,"href":"https:\/\/www.spottergps.com\/pl\/wp-json\/wp\/v2\/comments?post=859"}],"version-history":[{"count":1,"href":"https:\/\/www.spottergps.com\/pl\/wp-json\/wp\/v2\/pages\/859\/revisions"}],"predecessor-version":[{"id":860,"href":"https:\/\/www.spottergps.com\/pl\/wp-json\/wp\/v2\/pages\/859\/revisions\/860"}],"up":[{"embeddable":true,"href":"https:\/\/www.spottergps.com\/pl\/wp-json\/wp\/v2\/pages\/650"}],"wp:attachment":[{"href":"https:\/\/www.spottergps.com\/pl\/wp-json\/wp\/v2\/media?parent=859"}],"wp:term":[{"taxonomy":"category","embeddable":true,"href":"https:\/\/www.spottergps.com\/pl\/wp-json\/wp\/v2\/categories?post=859"},{"taxonomy":"post_tag","embeddable":true,"href":"https:\/\/www.spottergps.com\/pl\/wp-json\/wp\/v2\/tags?post=859"}],"curies":[{"name":"wp","href":"https:\/\/api.w.org\/{rel}","templated":true}]}}