{"id":846,"date":"2025-04-02T07:59:05","date_gmt":"2025-04-02T07:59:05","guid":{"rendered":"https:\/\/www.spottergps.com\/pl\/?page_id=846"},"modified":"2025-12-03T09:05:56","modified_gmt":"2025-12-03T09:05:56","slug":"ladowanie-spotter-gps-tracker","status":"publish","type":"page","link":"https:\/\/www.spottergps.com\/pl\/faq-2\/akumulator-i-ladowanie\/ladowanie-spotter-gps-tracker\/","title":{"rendered":"\u0141adowanie Spotter GPS Tracker"},"content":{"rendered":"\n<article class=\"w-full text-token-text-primary\" dir=\"auto\" data-testid=\"conversation-turn-103\" data-scroll-anchor=\"true\">\n<div class=\"text-base my-auto mx-auto py-5 px-6\">\n<div class=\"mx-auto flex flex-1 text-base gap-4 md:gap-5 lg:gap-6 md:max-w-3xl lg:max-w-[40rem] xl:max-w-[48rem] group\/turn-messages focus-visible:outline-none\">\n<div class=\"group\/conversation-turn relative flex w-full min-w-0 flex-col agent-turn @xs\/thread:px-0 @sm\/thread:px-1.5 @md\/thread:px-4\">\n<div class=\"relative flex-col gap-1 md:gap-3\">\n<div class=\"flex max-w-full flex-col flex-grow\">\n<div class=\"min-h-8 text-message relative flex w-full flex-col items-end gap-2 whitespace-normal break-words text-start [.text-message+&amp;]:mt-5\" dir=\"auto\" data-message-author-role=\"assistant\" data-message-id=\"97b803c5-9963-4e21-901d-b202aa5449fa\" data-message-model-slug=\"gpt-4o\">\n<div class=\"flex w-full flex-col gap-1 empty:hidden first:pt-[3px]\">\n<div class=\"markdown prose w-full break-words dark:prose-invert dark\">\n<p class=\"\" data-start=\"37\" data-end=\"372\"><strong data-start=\"37\" data-end=\"65\">Spotter GPS Tracker (2G)<\/strong><br data-start=\"65\" data-end=\"68\" \/>W opakowaniu znajduje si\u0119 kabel USB oraz \u0142adowarka USB. S\u0142u\u017c\u0105 one do \u0142adowania urz\u0105dzenia <a href=\"https:\/\/www.spottergps.com\/pl\/mikro-lokalizator-gps\/\">Spotter GPS Tracker.<\/a> Pod\u0142\u0105cz kabel USB do \u0142adowarki i wsu\u0144 j\u0105 do gniazdka elektrycznego. Drugi koniec kabla USB umie\u015b\u0107 w porcie znajduj\u0105cym si\u0119 z boku Spotter GPS Tracker. Pe\u0142ne na\u0142adowanie trwa od 2 do 3 godzin.<\/p>\n<p class=\"\" data-start=\"374\" data-end=\"766\"><strong data-start=\"374\" data-end=\"406\">Spotter GPS Tracker X10 (4G)<\/strong><br data-start=\"406\" data-end=\"409\" \/>W opakowaniu znajduje si\u0119 kabel USB z magnetycznym z\u0142\u0105czem, co znacznie u\u0142atwia proces \u0142adowania. Wystarczy pod\u0142\u0105czy\u0107 magnes do styk\u00f3w \u0142aduj\u0105cych na tylnej stronie GPS Trackera oraz pod\u0142\u0105czy\u0107 wyj\u015bcie USB do \u0142adowarki USB. \u0141adowanie rozpocznie si\u0119 automatycznie. Po pod\u0142\u0105czeniu urz\u0105dzenie lekko zawibruje, co oznacza, \u017ce kabel zosta\u0142 prawid\u0142owo pod\u0142\u0105czony.<\/p>\n<p class=\"\" data-start=\"768\" data-end=\"978\"><strong data-start=\"768\" data-end=\"782\">Wskaz\u00f3wka:<\/strong> Oba modele GPS Tracker mo\u017cna r\u00f3wnie\u017c \u0142adowa\u0107 za pomoc\u0105 <strong data-start=\"838\" data-end=\"854\">Spotter Dock<\/strong> \u2013 praktycznej stacji \u0142aduj\u0105cej, do kt\u00f3rej wystarczy w\u0142o\u017cy\u0107 urz\u0105dzenie. <a href=\"https:\/\/shop.spottergps.com\/pl\">Produkt jest dost\u0119pny w naszym sklepie internetowym.<\/a><\/p>\n<\/div>\n<\/div>\n<\/div>\n<\/div>\n<div class=\"mt-3 w-full empty:hidden\">\n<div class=\"text-center\">\u00a0<\/div>\n<\/div>\n<\/div>\n<div class=\"absolute\">\n<div class=\"flex items-center justify-center\">\u00a0<\/div>\n<\/div>\n<\/div>\n<\/div>\n<\/div>\n<\/article>\n<div class=\"pointer-events-none h-px w-px\" aria-hidden=\"true\" data-edge=\"true\">\u00a0<\/div>\n","protected":false},"excerpt":{"rendered":"<p>Spotter GPS Tracker (2G)W opakowaniu znajduje si\u0119 kabel USB oraz \u0142adowarka USB. S\u0142u\u017c\u0105 one do \u0142adowania urz\u0105dzenia Spotter GPS Tracker. Pod\u0142\u0105cz kabel USB do \u0142adowarki i wsu\u0144 j\u0105 do gniazdka elektrycznego. Drugi koniec kabla USB umie\u015b\u0107 w porcie znajduj\u0105cym si\u0119 z boku Spotter GPS Tracker. Pe\u0142ne na\u0142adowanie trwa od 2 do 3 godzin. Spotter GPS [&hellip;]<\/p>\n","protected":false},"author":14,"featured_media":0,"parent":650,"menu_order":0,"comment_status":"closed","ping_status":"closed","template":"faq-content.php","meta":{"_acf_changed":false,"footnotes":""},"categories":[5],"tags":[],"class_list":["post-846","page","type-page","status-publish","hentry","category-faq"],"acf":[],"yoast_head":"<!-- This site is optimized with the Yoast SEO plugin v25.9 - https:\/\/yoast.com\/wordpress\/plugins\/seo\/ -->\n<title>\u0141adowanie Spotter GPS Tracker - Spotter - Polen<\/title>\n<meta name=\"robots\" content=\"index, follow, max-snippet:-1, max-image-preview:large, max-video-preview:-1\" \/>\n<link rel=\"canonical\" href=\"https:\/\/www.spottergps.com\/pl\/faq-2\/akumulator-i-ladowanie\/ladowanie-spotter-gps-tracker\/\" \/>\n<meta property=\"og:locale\" content=\"pl_PL\" \/>\n<meta property=\"og:type\" content=\"article\" \/>\n<meta property=\"og:title\" content=\"\u0141adowanie Spotter GPS Tracker - Spotter - Polen\" \/>\n<meta property=\"og:description\" content=\"Spotter GPS Tracker (2G)W opakowaniu znajduje si\u0119 kabel USB oraz \u0142adowarka USB. S\u0142u\u017c\u0105 one do \u0142adowania urz\u0105dzenia Spotter GPS Tracker. Pod\u0142\u0105cz kabel USB do \u0142adowarki i wsu\u0144 j\u0105 do gniazdka elektrycznego. Drugi koniec kabla USB umie\u015b\u0107 w porcie znajduj\u0105cym si\u0119 z boku Spotter GPS Tracker. Pe\u0142ne na\u0142adowanie trwa od 2 do 3 godzin. Spotter GPS [&hellip;]\" \/>\n<meta property=\"og:url\" content=\"https:\/\/www.spottergps.com\/pl\/faq-2\/akumulator-i-ladowanie\/ladowanie-spotter-gps-tracker\/\" \/>\n<meta property=\"og:site_name\" content=\"Spotter - Polen\" \/>\n<meta property=\"article:modified_time\" content=\"2025-12-03T09:05:56+00:00\" \/>\n<meta name=\"twitter:card\" content=\"summary_large_image\" \/>\n<meta name=\"twitter:label1\" content=\"Szacowany czas czytania\" \/>\n\t<meta name=\"twitter:data1\" content=\"1 minuta\" \/>\n<script type=\"application\/ld+json\" class=\"yoast-schema-graph\">{\"@context\":\"https:\/\/schema.org\",\"@graph\":[{\"@type\":\"WebPage\",\"@id\":\"https:\/\/www.spottergps.com\/pl\/faq-2\/akumulator-i-ladowanie\/ladowanie-spotter-gps-tracker\/\",\"url\":\"https:\/\/www.spottergps.com\/pl\/faq-2\/akumulator-i-ladowanie\/ladowanie-spotter-gps-tracker\/\",\"name\":\"\u0141adowanie Spotter GPS Tracker - Spotter - Polen\",\"isPartOf\":{\"@id\":\"https:\/\/www.spottergps.com\/pl\/#website\"},\"datePublished\":\"2025-04-02T07:59:05+00:00\",\"dateModified\":\"2025-12-03T09:05:56+00:00\",\"breadcrumb\":{\"@id\":\"https:\/\/www.spottergps.com\/pl\/faq-2\/akumulator-i-ladowanie\/ladowanie-spotter-gps-tracker\/#breadcrumb\"},\"inLanguage\":\"pl-PL\",\"potentialAction\":[{\"@type\":\"ReadAction\",\"target\":[\"https:\/\/www.spottergps.com\/pl\/faq-2\/akumulator-i-ladowanie\/ladowanie-spotter-gps-tracker\/\"]}]},{\"@type\":\"BreadcrumbList\",\"@id\":\"https:\/\/www.spottergps.com\/pl\/faq-2\/akumulator-i-ladowanie\/ladowanie-spotter-gps-tracker\/#breadcrumb\",\"itemListElement\":[{\"@type\":\"ListItem\",\"position\":1,\"name\":\"Home\",\"item\":\"https:\/\/www.spottergps.com\/pl\/\"},{\"@type\":\"ListItem\",\"position\":2,\"name\":\"Jak mo\u017cemy ci pom\u00f3c?\",\"item\":\"https:\/\/www.spottergps.com\/pl\/faq-2\/\"},{\"@type\":\"ListItem\",\"position\":3,\"name\":\"Akumulator i \u0142adowanie\",\"item\":\"https:\/\/www.spottergps.com\/pl\/faq-2\/akumulator-i-ladowanie\/\"},{\"@type\":\"ListItem\",\"position\":4,\"name\":\"\u0141adowanie Spotter GPS Tracker\"}]},{\"@type\":\"WebSite\",\"@id\":\"https:\/\/www.spottergps.com\/pl\/#website\",\"url\":\"https:\/\/www.spottergps.com\/pl\/\",\"name\":\"Spotter - Polen\",\"description\":\"GPS tracker dla wszystkiego, co kochasz\",\"potentialAction\":[{\"@type\":\"SearchAction\",\"target\":{\"@type\":\"EntryPoint\",\"urlTemplate\":\"https:\/\/www.spottergps.com\/pl\/?s={search_term_string}\"},\"query-input\":{\"@type\":\"PropertyValueSpecification\",\"valueRequired\":true,\"valueName\":\"search_term_string\"}}],\"inLanguage\":\"pl-PL\"}]}<\/script>\n<!-- \/ Yoast SEO plugin. -->","yoast_head_json":{"title":"\u0141adowanie Spotter GPS Tracker - Spotter - Polen","robots":{"index":"index","follow":"follow","max-snippet":"max-snippet:-1","max-image-preview":"max-image-preview:large","max-video-preview":"max-video-preview:-1"},"canonical":"https:\/\/www.spottergps.com\/pl\/faq-2\/akumulator-i-ladowanie\/ladowanie-spotter-gps-tracker\/","og_locale":"pl_PL","og_type":"article","og_title":"\u0141adowanie Spotter GPS Tracker - Spotter - Polen","og_description":"Spotter GPS Tracker (2G)W opakowaniu znajduje si\u0119 kabel USB oraz \u0142adowarka USB. S\u0142u\u017c\u0105 one do \u0142adowania urz\u0105dzenia Spotter GPS Tracker. Pod\u0142\u0105cz kabel USB do \u0142adowarki i wsu\u0144 j\u0105 do gniazdka elektrycznego. Drugi koniec kabla USB umie\u015b\u0107 w porcie znajduj\u0105cym si\u0119 z boku Spotter GPS Tracker. Pe\u0142ne na\u0142adowanie trwa od 2 do 3 godzin. Spotter GPS [&hellip;]","og_url":"https:\/\/www.spottergps.com\/pl\/faq-2\/akumulator-i-ladowanie\/ladowanie-spotter-gps-tracker\/","og_site_name":"Spotter - Polen","article_modified_time":"2025-12-03T09:05:56+00:00","twitter_card":"summary_large_image","twitter_misc":{"Szacowany czas czytania":"1 minuta"},"schema":{"@context":"https:\/\/schema.org","@graph":[{"@type":"WebPage","@id":"https:\/\/www.spottergps.com\/pl\/faq-2\/akumulator-i-ladowanie\/ladowanie-spotter-gps-tracker\/","url":"https:\/\/www.spottergps.com\/pl\/faq-2\/akumulator-i-ladowanie\/ladowanie-spotter-gps-tracker\/","name":"\u0141adowanie Spotter GPS Tracker - Spotter - Polen","isPartOf":{"@id":"https:\/\/www.spottergps.com\/pl\/#website"},"datePublished":"2025-04-02T07:59:05+00:00","dateModified":"2025-12-03T09:05:56+00:00","breadcrumb":{"@id":"https:\/\/www.spottergps.com\/pl\/faq-2\/akumulator-i-ladowanie\/ladowanie-spotter-gps-tracker\/#breadcrumb"},"inLanguage":"pl-PL","potentialAction":[{"@type":"ReadAction","target":["https:\/\/www.spottergps.com\/pl\/faq-2\/akumulator-i-ladowanie\/ladowanie-spotter-gps-tracker\/"]}]},{"@type":"BreadcrumbList","@id":"https:\/\/www.spottergps.com\/pl\/faq-2\/akumulator-i-ladowanie\/ladowanie-spotter-gps-tracker\/#breadcrumb","itemListElement":[{"@type":"ListItem","position":1,"name":"Home","item":"https:\/\/www.spottergps.com\/pl\/"},{"@type":"ListItem","position":2,"name":"Jak mo\u017cemy ci pom\u00f3c?","item":"https:\/\/www.spottergps.com\/pl\/faq-2\/"},{"@type":"ListItem","position":3,"name":"Akumulator i \u0142adowanie","item":"https:\/\/www.spottergps.com\/pl\/faq-2\/akumulator-i-ladowanie\/"},{"@type":"ListItem","position":4,"name":"\u0141adowanie Spotter GPS Tracker"}]},{"@type":"WebSite","@id":"https:\/\/www.spottergps.com\/pl\/#website","url":"https:\/\/www.spottergps.com\/pl\/","name":"Spotter - Polen","description":"GPS tracker dla wszystkiego, co kochasz","potentialAction":[{"@type":"SearchAction","target":{"@type":"EntryPoint","urlTemplate":"https:\/\/www.spottergps.com\/pl\/?s={search_term_string}"},"query-input":{"@type":"PropertyValueSpecification","valueRequired":true,"valueName":"search_term_string"}}],"inLanguage":"pl-PL"}]}},"_links":{"self":[{"href":"https:\/\/www.spottergps.com\/pl\/wp-json\/wp\/v2\/pages\/846","targetHints":{"allow":["GET"]}}],"collection":[{"href":"https:\/\/www.spottergps.com\/pl\/wp-json\/wp\/v2\/pages"}],"about":[{"href":"https:\/\/www.spottergps.com\/pl\/wp-json\/wp\/v2\/types\/page"}],"author":[{"embeddable":true,"href":"https:\/\/www.spottergps.com\/pl\/wp-json\/wp\/v2\/users\/14"}],"replies":[{"embeddable":true,"href":"https:\/\/www.spottergps.com\/pl\/wp-json\/wp\/v2\/comments?post=846"}],"version-history":[{"count":2,"href":"https:\/\/www.spottergps.com\/pl\/wp-json\/wp\/v2\/pages\/846\/revisions"}],"predecessor-version":[{"id":21114,"href":"https:\/\/www.spottergps.com\/pl\/wp-json\/wp\/v2\/pages\/846\/revisions\/21114"}],"up":[{"embeddable":true,"href":"https:\/\/www.spottergps.com\/pl\/wp-json\/wp\/v2\/pages\/650"}],"wp:attachment":[{"href":"https:\/\/www.spottergps.com\/pl\/wp-json\/wp\/v2\/media?parent=846"}],"wp:term":[{"taxonomy":"category","embeddable":true,"href":"https:\/\/www.spottergps.com\/pl\/wp-json\/wp\/v2\/categories?post=846"},{"taxonomy":"post_tag","embeddable":true,"href":"https:\/\/www.spottergps.com\/pl\/wp-json\/wp\/v2\/tags?post=846"}],"curies":[{"name":"wp","href":"https:\/\/api.w.org\/{rel}","templated":true}]}}