{"id":840,"date":"2025-04-02T07:05:24","date_gmt":"2025-04-02T07:05:24","guid":{"rendered":"https:\/\/www.spottergps.com\/pl\/?page_id=840"},"modified":"2025-04-02T07:05:25","modified_gmt":"2025-04-02T07:05:25","slug":"czy-potrzebuje-karty-sim","status":"publish","type":"page","link":"https:\/\/www.spottergps.com\/pl\/faq-2\/zasieg\/czy-potrzebuje-karty-sim\/","title":{"rendered":"Czy potrzebuj\u0119 karty SIM?"},"content":{"rendered":"\n<p class=\"\" data-start=\"33\" data-end=\"299\">Wszystkie produkty Spotter s\u0105 wyposa\u017cone w zintegrowan\u0105, zabezpieczon\u0105 kart\u0119 SIM. Oznacza to, \u017ce nie musisz kupowa\u0107 osobnej karty SIM, aby korzysta\u0107 z urz\u0105dzenia. Dzi\u0119ki temu produkty s\u0105 jeszcze bezpieczniejsze, a Spotter jest gotowy do u\u017cycia zaraz po otrzymaniu.<\/p>\n<h2 data-start=\"301\" data-end=\"335\"><strong data-start=\"305\" data-end=\"333\">Dodatkowe bezpiecze\u0144stwo<\/strong><\/h2>\n<p class=\"\" data-start=\"336\" data-end=\"624\">Ta zabezpieczona karta SIM komunikuje si\u0119 wy\u0142\u0105cznie z naszym oprogramowaniem i korzysta z bezpiecznego po\u0142\u0105czenia (VPN). Dzi\u0119ki temu produkty s\u0105 wyj\u0105tkowo bezpieczne i niedost\u0119pne dla os\u00f3b trzecich. <a href=\"https:\/\/www.spottergps.com\/pl\/bezpieczenstwo-i-prywatnosc\/\">Przeczytaj tutaj, jak dbamy o bezpiecze\u0144stwo i prywatno\u015b\u0107 naszych produkt\u00f3w oraz us\u0142ug.<\/a><\/p>\n<h2 data-start=\"626\" data-end=\"664\"><strong data-start=\"630\" data-end=\"662\">Optymalne pokrycie w Europie<\/strong><\/h2>\n<p class=\"\" data-start=\"665\" data-end=\"946\">Poniewa\u017c karta SIM jest kart\u0105 roamingow\u0105, dzia\u0142a w ca\u0142ej Europie i zawsze \u0142\u0105czy si\u0119 z najlepszym dost\u0119pnym operatorem lub sieci\u0105. Zapewnia to optymalny zasi\u0119g, nawet w przypadku awarii u jednego z dostawc\u00f3w \u2013 karta SIM automatycznie prze\u0142\u0105cza si\u0119 wtedy na inne dost\u0119pne po\u0142\u0105czenie.<\/p>\n","protected":false},"excerpt":{"rendered":"<p>Wszystkie produkty Spotter s\u0105 wyposa\u017cone w zintegrowan\u0105, zabezpieczon\u0105 kart\u0119 SIM. Oznacza to, \u017ce nie musisz kupowa\u0107 osobnej karty SIM, aby korzysta\u0107 z urz\u0105dzenia. Dzi\u0119ki temu produkty s\u0105 jeszcze bezpieczniejsze, a Spotter jest gotowy do u\u017cycia zaraz po otrzymaniu. Dodatkowe bezpiecze\u0144stwo Ta zabezpieczona karta SIM komunikuje si\u0119 wy\u0142\u0105cznie z naszym oprogramowaniem i korzysta z bezpiecznego po\u0142\u0105czenia [&hellip;]<\/p>\n","protected":false},"author":14,"featured_media":0,"parent":647,"menu_order":0,"comment_status":"closed","ping_status":"closed","template":"faq-content.php","meta":{"_acf_changed":false,"footnotes":""},"categories":[5],"tags":[],"class_list":["post-840","page","type-page","status-publish","hentry","category-faq"],"acf":[],"yoast_head":"<!-- This site is optimized with the Yoast SEO plugin v25.9 - https:\/\/yoast.com\/wordpress\/plugins\/seo\/ -->\n<title>Czy potrzebuj\u0119 karty SIM? - Spotter - Polen<\/title>\n<meta name=\"robots\" content=\"index, follow, max-snippet:-1, max-image-preview:large, max-video-preview:-1\" \/>\n<link rel=\"canonical\" href=\"https:\/\/www.spottergps.com\/pl\/faq-2\/zasieg\/czy-potrzebuje-karty-sim\/\" \/>\n<meta property=\"og:locale\" content=\"pl_PL\" \/>\n<meta property=\"og:type\" content=\"article\" \/>\n<meta property=\"og:title\" content=\"Czy potrzebuj\u0119 karty SIM? - Spotter - Polen\" \/>\n<meta property=\"og:description\" content=\"Wszystkie produkty Spotter s\u0105 wyposa\u017cone w zintegrowan\u0105, zabezpieczon\u0105 kart\u0119 SIM. Oznacza to, \u017ce nie musisz kupowa\u0107 osobnej karty SIM, aby korzysta\u0107 z urz\u0105dzenia. Dzi\u0119ki temu produkty s\u0105 jeszcze bezpieczniejsze, a Spotter jest gotowy do u\u017cycia zaraz po otrzymaniu. Dodatkowe bezpiecze\u0144stwo Ta zabezpieczona karta SIM komunikuje si\u0119 wy\u0142\u0105cznie z naszym oprogramowaniem i korzysta z bezpiecznego po\u0142\u0105czenia [&hellip;]\" \/>\n<meta property=\"og:url\" content=\"https:\/\/www.spottergps.com\/pl\/faq-2\/zasieg\/czy-potrzebuje-karty-sim\/\" \/>\n<meta property=\"og:site_name\" content=\"Spotter - Polen\" \/>\n<meta property=\"article:modified_time\" content=\"2025-04-02T07:05:25+00:00\" \/>\n<meta name=\"twitter:card\" content=\"summary_large_image\" \/>\n<meta name=\"twitter:label1\" content=\"Szacowany czas czytania\" \/>\n\t<meta name=\"twitter:data1\" content=\"1 minuta\" \/>\n<script type=\"application\/ld+json\" class=\"yoast-schema-graph\">{\"@context\":\"https:\/\/schema.org\",\"@graph\":[{\"@type\":\"WebPage\",\"@id\":\"https:\/\/www.spottergps.com\/pl\/faq-2\/zasieg\/czy-potrzebuje-karty-sim\/\",\"url\":\"https:\/\/www.spottergps.com\/pl\/faq-2\/zasieg\/czy-potrzebuje-karty-sim\/\",\"name\":\"Czy potrzebuj\u0119 karty SIM? - Spotter - Polen\",\"isPartOf\":{\"@id\":\"https:\/\/www.spottergps.com\/pl\/#website\"},\"datePublished\":\"2025-04-02T07:05:24+00:00\",\"dateModified\":\"2025-04-02T07:05:25+00:00\",\"breadcrumb\":{\"@id\":\"https:\/\/www.spottergps.com\/pl\/faq-2\/zasieg\/czy-potrzebuje-karty-sim\/#breadcrumb\"},\"inLanguage\":\"pl-PL\",\"potentialAction\":[{\"@type\":\"ReadAction\",\"target\":[\"https:\/\/www.spottergps.com\/pl\/faq-2\/zasieg\/czy-potrzebuje-karty-sim\/\"]}]},{\"@type\":\"BreadcrumbList\",\"@id\":\"https:\/\/www.spottergps.com\/pl\/faq-2\/zasieg\/czy-potrzebuje-karty-sim\/#breadcrumb\",\"itemListElement\":[{\"@type\":\"ListItem\",\"position\":1,\"name\":\"Home\",\"item\":\"https:\/\/www.spottergps.com\/pl\/\"},{\"@type\":\"ListItem\",\"position\":2,\"name\":\"Jak mo\u017cemy ci pom\u00f3c?\",\"item\":\"https:\/\/www.spottergps.com\/pl\/faq-2\/\"},{\"@type\":\"ListItem\",\"position\":3,\"name\":\"Zasi\u0119g\",\"item\":\"https:\/\/www.spottergps.com\/pl\/faq-2\/zasieg\/\"},{\"@type\":\"ListItem\",\"position\":4,\"name\":\"Czy potrzebuj\u0119 karty SIM?\"}]},{\"@type\":\"WebSite\",\"@id\":\"https:\/\/www.spottergps.com\/pl\/#website\",\"url\":\"https:\/\/www.spottergps.com\/pl\/\",\"name\":\"Spotter - Polen\",\"description\":\"GPS tracker dla wszystkiego, co kochasz\",\"potentialAction\":[{\"@type\":\"SearchAction\",\"target\":{\"@type\":\"EntryPoint\",\"urlTemplate\":\"https:\/\/www.spottergps.com\/pl\/?s={search_term_string}\"},\"query-input\":{\"@type\":\"PropertyValueSpecification\",\"valueRequired\":true,\"valueName\":\"search_term_string\"}}],\"inLanguage\":\"pl-PL\"}]}<\/script>\n<!-- \/ Yoast SEO plugin. -->","yoast_head_json":{"title":"Czy potrzebuj\u0119 karty SIM? - Spotter - Polen","robots":{"index":"index","follow":"follow","max-snippet":"max-snippet:-1","max-image-preview":"max-image-preview:large","max-video-preview":"max-video-preview:-1"},"canonical":"https:\/\/www.spottergps.com\/pl\/faq-2\/zasieg\/czy-potrzebuje-karty-sim\/","og_locale":"pl_PL","og_type":"article","og_title":"Czy potrzebuj\u0119 karty SIM? - Spotter - Polen","og_description":"Wszystkie produkty Spotter s\u0105 wyposa\u017cone w zintegrowan\u0105, zabezpieczon\u0105 kart\u0119 SIM. Oznacza to, \u017ce nie musisz kupowa\u0107 osobnej karty SIM, aby korzysta\u0107 z urz\u0105dzenia. Dzi\u0119ki temu produkty s\u0105 jeszcze bezpieczniejsze, a Spotter jest gotowy do u\u017cycia zaraz po otrzymaniu. Dodatkowe bezpiecze\u0144stwo Ta zabezpieczona karta SIM komunikuje si\u0119 wy\u0142\u0105cznie z naszym oprogramowaniem i korzysta z bezpiecznego po\u0142\u0105czenia [&hellip;]","og_url":"https:\/\/www.spottergps.com\/pl\/faq-2\/zasieg\/czy-potrzebuje-karty-sim\/","og_site_name":"Spotter - Polen","article_modified_time":"2025-04-02T07:05:25+00:00","twitter_card":"summary_large_image","twitter_misc":{"Szacowany czas czytania":"1 minuta"},"schema":{"@context":"https:\/\/schema.org","@graph":[{"@type":"WebPage","@id":"https:\/\/www.spottergps.com\/pl\/faq-2\/zasieg\/czy-potrzebuje-karty-sim\/","url":"https:\/\/www.spottergps.com\/pl\/faq-2\/zasieg\/czy-potrzebuje-karty-sim\/","name":"Czy potrzebuj\u0119 karty SIM? - Spotter - Polen","isPartOf":{"@id":"https:\/\/www.spottergps.com\/pl\/#website"},"datePublished":"2025-04-02T07:05:24+00:00","dateModified":"2025-04-02T07:05:25+00:00","breadcrumb":{"@id":"https:\/\/www.spottergps.com\/pl\/faq-2\/zasieg\/czy-potrzebuje-karty-sim\/#breadcrumb"},"inLanguage":"pl-PL","potentialAction":[{"@type":"ReadAction","target":["https:\/\/www.spottergps.com\/pl\/faq-2\/zasieg\/czy-potrzebuje-karty-sim\/"]}]},{"@type":"BreadcrumbList","@id":"https:\/\/www.spottergps.com\/pl\/faq-2\/zasieg\/czy-potrzebuje-karty-sim\/#breadcrumb","itemListElement":[{"@type":"ListItem","position":1,"name":"Home","item":"https:\/\/www.spottergps.com\/pl\/"},{"@type":"ListItem","position":2,"name":"Jak mo\u017cemy ci pom\u00f3c?","item":"https:\/\/www.spottergps.com\/pl\/faq-2\/"},{"@type":"ListItem","position":3,"name":"Zasi\u0119g","item":"https:\/\/www.spottergps.com\/pl\/faq-2\/zasieg\/"},{"@type":"ListItem","position":4,"name":"Czy potrzebuj\u0119 karty SIM?"}]},{"@type":"WebSite","@id":"https:\/\/www.spottergps.com\/pl\/#website","url":"https:\/\/www.spottergps.com\/pl\/","name":"Spotter - Polen","description":"GPS tracker dla wszystkiego, co kochasz","potentialAction":[{"@type":"SearchAction","target":{"@type":"EntryPoint","urlTemplate":"https:\/\/www.spottergps.com\/pl\/?s={search_term_string}"},"query-input":{"@type":"PropertyValueSpecification","valueRequired":true,"valueName":"search_term_string"}}],"inLanguage":"pl-PL"}]}},"_links":{"self":[{"href":"https:\/\/www.spottergps.com\/pl\/wp-json\/wp\/v2\/pages\/840","targetHints":{"allow":["GET"]}}],"collection":[{"href":"https:\/\/www.spottergps.com\/pl\/wp-json\/wp\/v2\/pages"}],"about":[{"href":"https:\/\/www.spottergps.com\/pl\/wp-json\/wp\/v2\/types\/page"}],"author":[{"embeddable":true,"href":"https:\/\/www.spottergps.com\/pl\/wp-json\/wp\/v2\/users\/14"}],"replies":[{"embeddable":true,"href":"https:\/\/www.spottergps.com\/pl\/wp-json\/wp\/v2\/comments?post=840"}],"version-history":[{"count":1,"href":"https:\/\/www.spottergps.com\/pl\/wp-json\/wp\/v2\/pages\/840\/revisions"}],"predecessor-version":[{"id":841,"href":"https:\/\/www.spottergps.com\/pl\/wp-json\/wp\/v2\/pages\/840\/revisions\/841"}],"up":[{"embeddable":true,"href":"https:\/\/www.spottergps.com\/pl\/wp-json\/wp\/v2\/pages\/647"}],"wp:attachment":[{"href":"https:\/\/www.spottergps.com\/pl\/wp-json\/wp\/v2\/media?parent=840"}],"wp:term":[{"taxonomy":"category","embeddable":true,"href":"https:\/\/www.spottergps.com\/pl\/wp-json\/wp\/v2\/categories?post=840"},{"taxonomy":"post_tag","embeddable":true,"href":"https:\/\/www.spottergps.com\/pl\/wp-json\/wp\/v2\/tags?post=840"}],"curies":[{"name":"wp","href":"https:\/\/api.w.org\/{rel}","templated":true}]}}