{"id":829,"date":"2025-04-02T06:50:53","date_gmt":"2025-04-02T06:50:53","guid":{"rendered":"https:\/\/www.spottergps.com\/pl\/?page_id=829"},"modified":"2025-12-03T09:06:57","modified_gmt":"2025-12-03T09:06:57","slug":"jaka-jest-roznica-miedzy-gps-a-gprs","status":"publish","type":"page","link":"https:\/\/www.spottergps.com\/pl\/faq-2\/zasieg\/jaka-jest-roznica-miedzy-gps-a-gprs\/","title":{"rendered":"Jaka jest r\u00f3\u017cnica mi\u0119dzy GPS a GPRS?"},"content":{"rendered":"\n<div class=\"wp-block-columns is-layout-flex wp-container-core-columns-is-layout-9d6595d7 wp-block-columns-is-layout-flex\">\n<div class=\"wp-block-column is-layout-flow wp-block-column-is-layout-flow\" style=\"flex-basis:50%\">\n<p class=\"\" data-start=\"45\" data-end=\"467\">W \u015bwiecie nowoczesnych technologii cz\u0119sto spotyka si\u0119 terminy takie jak GPS i GPRS. Chocia\u017c na pierwszy rzut oka mog\u0105 wydawa\u0107 si\u0119 podobne, w rzeczywisto\u015bci pe\u0142ni\u0105 zupe\u0142nie inne funkcje i maj\u0105 odmienne zastosowania. Wa\u017cne jest, aby zrozumie\u0107 te r\u00f3\u017cnice, zw\u0142aszcza je\u015bli korzystasz z urz\u0105dze\u0144 takich jak GPRS Tracker, kt\u00f3re mog\u0105 wykorzystywa\u0107 zar\u00f3wno technologi\u0119 GPS, jak i GPRS.<\/p>\n<h3 class=\"\" data-start=\"469\" data-end=\"492\"><strong data-start=\"473\" data-end=\"490\">Definicja GPS<\/strong><\/h3>\n<p class=\"\" data-start=\"493\" data-end=\"837\">GPS (Global Positioning System) to satelitarny system nawigacyjny, kt\u00f3ry okre\u015bla dok\u0142adn\u0105 lokalizacj\u0119 obiektu, osoby lub pojazdu. System ten dzia\u0142a dzi\u0119ki satelitom, kt\u00f3re nieustannie wysy\u0142aj\u0105 sygna\u0142y do odbiornik\u00f3w GPS na Ziemi. Odbiornik GPS, korzystaj\u0105c z tych sygna\u0142\u00f3w, oblicza swoj\u0105 pozycj\u0119 z imponuj\u0105c\u0105 precyzj\u0105, cz\u0119sto do kilku metr\u00f3w.<\/p>\n<p class=\"\" data-start=\"839\" data-end=\"1230\">GPS jest wykorzystywany g\u0142\u00f3wnie do nawigacji, okre\u015blania lokalizacji i \u015bledzenia. Przyk\u0142ady jego zastosowania to systemy nawigacyjne w pojazdach, trackery oraz zegarki sportowe monitoruj\u0105ce trasy biegowe. Jedn\u0105 z najwi\u0119kszych zalet GPS jest to, \u017ce dzia\u0142a on r\u00f3wnie\u017c bez po\u0142\u0105czenia z internetem lub sieci\u0105 kom\u00f3rkow\u0105, co czyni go niezwykle przydatnym w odleg\u0142ych miejscach bez zasi\u0119gu sieci.<\/p>\n<\/div>\n\n\n\n<div class=\"wp-block-column is-layout-flow wp-block-column-is-layout-flow\" style=\"flex-basis:50%\">\n<figure class=\"wp-block-image size-full is-resized\"><img loading=\"lazy\" decoding=\"async\" width=\"605\" height=\"432\" src=\"https:\/\/www.spottergps.com\/pl\/wp-content\/uploads\/sites\/9\/2025\/04\/gps-gprs-spotter.png\" alt=\"\" class=\"wp-image-830\" style=\"width:608px;height:auto\" srcset=\"https:\/\/www.spottergps.com\/pl\/wp-content\/uploads\/sites\/9\/2025\/04\/gps-gprs-spotter.png 605w, https:\/\/www.spottergps.com\/pl\/wp-content\/uploads\/sites\/9\/2025\/04\/gps-gprs-spotter-300x214.png 300w\" sizes=\"auto, (max-width: 605px) 100vw, 605px\" \/><\/figure>\n<\/div>\n<\/div>\n\n\n\n<h3 class=\"\" data-start=\"1232\" data-end=\"1256\"><strong data-start=\"1236\" data-end=\"1254\">Definicja GPRS<\/strong><\/h3>\n<p class=\"\" data-start=\"1257\" data-end=\"1646\">GPRS (General Packet Radio Service) to technologia przesy\u0142u danych przez sieci kom\u00f3rkowe. Jest rozszerzeniem sieci 2G i cz\u0119sto uwa\u017cana jest za poprzednika nowocze\u015bniejszych technologii, takich jak 3G i 4G. Dzi\u0119ki GPRS mo\u017cliwe jest przesy\u0142anie i odbieranie pakiet\u00f3w danych przez po\u0142\u0105czenie mobilne, co umo\u017cliwia korzystanie z poczty elektronicznej, internetu i niekt\u00f3rych us\u0142ug \u015bledzenia.<\/p>\n<p class=\"\" data-start=\"1648\" data-end=\"2019\">Je\u015bli zastanawiasz si\u0119: \u201eCzym jest GPRS?\u201d, najpro\u015bciej mo\u017cna go opisa\u0107 jako starsz\u0105 technologi\u0119, kt\u00f3ra umo\u017cliwia urz\u0105dzeniom mobilnym \u0142\u0105czenie si\u0119 z internetem i przesy\u0142anie danych. Cho\u0107 GPRS zosta\u0142 w du\u017cej mierze zast\u0105piony przez szybsze technologie, nadal znajduje zastosowanie w urz\u0105dzeniach przesy\u0142aj\u0105cych niewielkie ilo\u015bci danych, takich jak niekt\u00f3re trackery GPS.<\/p>\n<h3 class=\"\" data-start=\"2021\" data-end=\"2050\"><strong data-start=\"2025\" data-end=\"2048\">Wyja\u015bnienie r\u00f3\u017cnicy<\/strong><\/h3>\n<p class=\"\" data-start=\"2051\" data-end=\"2114\">Podstawowa r\u00f3\u017cnica mi\u0119dzy GPS a GPRS polega na ich funkcjach:<\/p>\n<ul data-start=\"2116\" data-end=\"2233\">\n<li class=\"\" data-start=\"2116\" data-end=\"2169\">\n<p class=\"\" data-start=\"2118\" data-end=\"2169\"><strong data-start=\"2118\" data-end=\"2126\">GPS:<\/strong> Okre\u015bla lokalizacj\u0119 za pomoc\u0105 satelit\u00f3w.<\/p>\n<\/li>\n<li class=\"\" data-start=\"2170\" data-end=\"2233\">\n<p class=\"\" data-start=\"2172\" data-end=\"2233\"><strong data-start=\"2172\" data-end=\"2181\">GPRS:<\/strong> Przesy\u0142a dane za po\u015brednictwem sieci kom\u00f3rkowych.<\/p>\n<\/li>\n<\/ul>\n<p class=\"\" data-start=\"2235\" data-end=\"2550\">GPRS Tracker cz\u0119sto \u0142\u0105czy obie te technologie. Urz\u0105dzenie wykorzystuje GPS do okre\u015blenia dok\u0142adnej lokalizacji, a nast\u0119pnie przesy\u0142a te dane do serwera lub aplikacji za pomoc\u0105 po\u0142\u0105czenia GPRS. Dzi\u0119ki temu mo\u017cna \u015bledzi\u0107 lokalizacj\u0119 urz\u0105dzenia w czasie rzeczywistym, niezale\u017cnie od miejsca, w kt\u00f3rym si\u0119 znajdujesz.<\/p>\n<h3 class=\"\" data-start=\"2552\" data-end=\"2586\"><strong data-start=\"2556\" data-end=\"2584\">\u0141\u0105czno\u015b\u0107 z GPS Trackerem<\/strong><\/h3>\n<p class=\"\" data-start=\"2587\" data-end=\"2927\">Po\u0142\u0105czenie GPS i GPRS pozwala trackerom GPS nie tylko okre\u015bla\u0107 dok\u0142adn\u0105 lokalizacj\u0119 obiektu lub osoby, ale tak\u017ce przesy\u0142a\u0107 te informacje w czasie rzeczywistym. Firmy takie jak <a href=\"https:\/\/www.spottergps.com\/pl\/mikro-lokalizator-gps\/\">Spotter GPS<\/a>, kt\u00f3re specjalizuj\u0105 si\u0119 w rozwi\u0105zaniach do \u015bledzenia, cz\u0119sto wykorzystuj\u0105 kombinacj\u0119 GPS i GPRS, aby zapewni\u0107 precyzyjne i efektywne us\u0142ugi \u015bledzenia.<\/p>\n<p class=\"\" data-start=\"2929\" data-end=\"3245\"><a href=\"https:\/\/www.spottergps.com\/pl\/mikro-lokalizator-gps\/\">GPS Tracker<\/a> mo\u017ce by\u0107 u\u017cywany do monitorowania os\u00f3b, pojazd\u00f3w, zwierz\u0105t domowych lub cennych przedmiot\u00f3w. Dzi\u0119ki po\u0142\u0105czeniu GPS i GPRS urz\u0105dzenia te oferuj\u0105 zar\u00f3wno dok\u0142adne okre\u015blanie lokalizacji, jak i niezawodny przesy\u0142 danych. Technologia ta jest kluczowa zar\u00f3wno w zastosowaniach prywatnych, jak i biznesowych.<\/p>\n<h3 class=\"\" data-start=\"3247\" data-end=\"3293\"><strong data-start=\"3251\" data-end=\"3291\">R\u00f3\u017cne rodzaje praktycznych tracker\u00f3w<\/strong><\/h3>\n<p class=\"\" data-start=\"3294\" data-end=\"3692\">Istnieje wiele r\u00f3\u017cnych typ\u00f3w tracker\u00f3w GPS, kt\u00f3re mog\u0105 by\u0107 u\u017cywane w r\u00f3\u017cnych scenariuszach. Niekt\u00f3re z nich oferuj\u0105 \u015bledzenie lokalizacji w czasie rzeczywistym, podczas gdy inne wysy\u0142aj\u0105 dane jedynie w okre\u015blonych momentach lub na \u017c\u0105danie. Trackery oparte na GPRS s\u0105 cz\u0119sto bardziej ekonomiczne i zapewniaj\u0105 wystarczaj\u0105c\u0105 wydajno\u015b\u0107 w przypadkach, gdy szybko\u015b\u0107 transmisji danych nie jest kluczowa.<\/p>\n<h3 class=\"\" data-start=\"3694\" data-end=\"3716\"><strong data-start=\"3698\" data-end=\"3714\">Podsumowanie<\/strong><\/h3>\n<p class=\"\" data-start=\"3717\" data-end=\"4168\">Chocia\u017c GPS i GPRS cz\u0119sto s\u0105 ze sob\u0105 mylone, ich funkcje doskonale si\u0119 uzupe\u0142niaj\u0105. GPS umo\u017cliwia precyzyjne okre\u015blanie lokalizacji, a GPRS odpowiada za przesy\u0142anie tych danych. Razem stanowi\u0105 podstaw\u0119 dla technologii takich jak GPRS Tracker, kt\u00f3ry dzia\u0142a skutecznie i niezawodnie. Zrozumienie, jak dzia\u0142aj\u0105 te systemy, pozwala w pe\u0142ni wykorzysta\u0107 ich potencja\u0142, niezale\u017cnie od tego, czy urz\u0105dzenie jest u\u017cywane do cel\u00f3w prywatnych, czy biznesowych.<\/p>\n","protected":false},"excerpt":{"rendered":"<p>W \u015bwiecie nowoczesnych technologii cz\u0119sto spotyka si\u0119 terminy takie jak GPS i GPRS. Chocia\u017c na pierwszy rzut oka mog\u0105 wydawa\u0107 si\u0119 podobne, w rzeczywisto\u015bci pe\u0142ni\u0105 zupe\u0142nie inne funkcje i maj\u0105 odmienne zastosowania. Wa\u017cne jest, aby zrozumie\u0107 te r\u00f3\u017cnice, zw\u0142aszcza je\u015bli korzystasz z urz\u0105dze\u0144 takich jak GPRS Tracker, kt\u00f3re mog\u0105 wykorzystywa\u0107 zar\u00f3wno technologi\u0119 GPS, jak i [&hellip;]<\/p>\n","protected":false},"author":14,"featured_media":0,"parent":647,"menu_order":0,"comment_status":"closed","ping_status":"closed","template":"faq-content.php","meta":{"_acf_changed":false,"footnotes":""},"categories":[5],"tags":[],"class_list":["post-829","page","type-page","status-publish","hentry","category-faq"],"acf":[],"yoast_head":"<!-- This site is optimized with the Yoast SEO plugin v25.9 - https:\/\/yoast.com\/wordpress\/plugins\/seo\/ -->\n<title>Jaka jest r\u00f3\u017cnica mi\u0119dzy GPS a GPRS? - Spotter - Polen<\/title>\n<meta name=\"robots\" content=\"index, follow, max-snippet:-1, max-image-preview:large, max-video-preview:-1\" \/>\n<link rel=\"canonical\" href=\"https:\/\/www.spottergps.com\/pl\/faq-2\/zasieg\/jaka-jest-roznica-miedzy-gps-a-gprs\/\" \/>\n<meta property=\"og:locale\" content=\"pl_PL\" \/>\n<meta property=\"og:type\" content=\"article\" \/>\n<meta property=\"og:title\" content=\"Jaka jest r\u00f3\u017cnica mi\u0119dzy GPS a GPRS? - Spotter - Polen\" \/>\n<meta property=\"og:description\" content=\"W \u015bwiecie nowoczesnych technologii cz\u0119sto spotyka si\u0119 terminy takie jak GPS i GPRS. Chocia\u017c na pierwszy rzut oka mog\u0105 wydawa\u0107 si\u0119 podobne, w rzeczywisto\u015bci pe\u0142ni\u0105 zupe\u0142nie inne funkcje i maj\u0105 odmienne zastosowania. Wa\u017cne jest, aby zrozumie\u0107 te r\u00f3\u017cnice, zw\u0142aszcza je\u015bli korzystasz z urz\u0105dze\u0144 takich jak GPRS Tracker, kt\u00f3re mog\u0105 wykorzystywa\u0107 zar\u00f3wno technologi\u0119 GPS, jak i [&hellip;]\" \/>\n<meta property=\"og:url\" content=\"https:\/\/www.spottergps.com\/pl\/faq-2\/zasieg\/jaka-jest-roznica-miedzy-gps-a-gprs\/\" \/>\n<meta property=\"og:site_name\" content=\"Spotter - Polen\" \/>\n<meta property=\"article:modified_time\" content=\"2025-12-03T09:06:57+00:00\" \/>\n<meta property=\"og:image\" content=\"https:\/\/www.spottergps.com\/pl\/wp-content\/uploads\/sites\/9\/2025\/04\/gps-gprs-spotter.png\" \/>\n\t<meta property=\"og:image:width\" content=\"605\" \/>\n\t<meta property=\"og:image:height\" content=\"432\" \/>\n\t<meta property=\"og:image:type\" content=\"image\/png\" \/>\n<meta name=\"twitter:card\" content=\"summary_large_image\" \/>\n<meta name=\"twitter:label1\" content=\"Szacowany czas czytania\" \/>\n\t<meta name=\"twitter:data1\" content=\"4 minuty\" \/>\n<script type=\"application\/ld+json\" class=\"yoast-schema-graph\">{\"@context\":\"https:\/\/schema.org\",\"@graph\":[{\"@type\":\"WebPage\",\"@id\":\"https:\/\/www.spottergps.com\/pl\/faq-2\/zasieg\/jaka-jest-roznica-miedzy-gps-a-gprs\/\",\"url\":\"https:\/\/www.spottergps.com\/pl\/faq-2\/zasieg\/jaka-jest-roznica-miedzy-gps-a-gprs\/\",\"name\":\"Jaka jest r\u00f3\u017cnica mi\u0119dzy GPS a GPRS? - Spotter - Polen\",\"isPartOf\":{\"@id\":\"https:\/\/www.spottergps.com\/pl\/#website\"},\"primaryImageOfPage\":{\"@id\":\"https:\/\/www.spottergps.com\/pl\/faq-2\/zasieg\/jaka-jest-roznica-miedzy-gps-a-gprs\/#primaryimage\"},\"image\":{\"@id\":\"https:\/\/www.spottergps.com\/pl\/faq-2\/zasieg\/jaka-jest-roznica-miedzy-gps-a-gprs\/#primaryimage\"},\"thumbnailUrl\":\"https:\/\/www.spottergps.com\/pl\/wp-content\/uploads\/sites\/9\/2025\/04\/gps-gprs-spotter.png\",\"datePublished\":\"2025-04-02T06:50:53+00:00\",\"dateModified\":\"2025-12-03T09:06:57+00:00\",\"breadcrumb\":{\"@id\":\"https:\/\/www.spottergps.com\/pl\/faq-2\/zasieg\/jaka-jest-roznica-miedzy-gps-a-gprs\/#breadcrumb\"},\"inLanguage\":\"pl-PL\",\"potentialAction\":[{\"@type\":\"ReadAction\",\"target\":[\"https:\/\/www.spottergps.com\/pl\/faq-2\/zasieg\/jaka-jest-roznica-miedzy-gps-a-gprs\/\"]}]},{\"@type\":\"ImageObject\",\"inLanguage\":\"pl-PL\",\"@id\":\"https:\/\/www.spottergps.com\/pl\/faq-2\/zasieg\/jaka-jest-roznica-miedzy-gps-a-gprs\/#primaryimage\",\"url\":\"https:\/\/www.spottergps.com\/pl\/wp-content\/uploads\/sites\/9\/2025\/04\/gps-gprs-spotter.png\",\"contentUrl\":\"https:\/\/www.spottergps.com\/pl\/wp-content\/uploads\/sites\/9\/2025\/04\/gps-gprs-spotter.png\",\"width\":605,\"height\":432},{\"@type\":\"BreadcrumbList\",\"@id\":\"https:\/\/www.spottergps.com\/pl\/faq-2\/zasieg\/jaka-jest-roznica-miedzy-gps-a-gprs\/#breadcrumb\",\"itemListElement\":[{\"@type\":\"ListItem\",\"position\":1,\"name\":\"Home\",\"item\":\"https:\/\/www.spottergps.com\/pl\/\"},{\"@type\":\"ListItem\",\"position\":2,\"name\":\"Jak mo\u017cemy ci pom\u00f3c?\",\"item\":\"https:\/\/www.spottergps.com\/pl\/faq-2\/\"},{\"@type\":\"ListItem\",\"position\":3,\"name\":\"Zasi\u0119g\",\"item\":\"https:\/\/www.spottergps.com\/pl\/faq-2\/zasieg\/\"},{\"@type\":\"ListItem\",\"position\":4,\"name\":\"Jaka jest r\u00f3\u017cnica mi\u0119dzy GPS a GPRS?\"}]},{\"@type\":\"WebSite\",\"@id\":\"https:\/\/www.spottergps.com\/pl\/#website\",\"url\":\"https:\/\/www.spottergps.com\/pl\/\",\"name\":\"Spotter - Polen\",\"description\":\"GPS tracker dla wszystkiego, co kochasz\",\"potentialAction\":[{\"@type\":\"SearchAction\",\"target\":{\"@type\":\"EntryPoint\",\"urlTemplate\":\"https:\/\/www.spottergps.com\/pl\/?s={search_term_string}\"},\"query-input\":{\"@type\":\"PropertyValueSpecification\",\"valueRequired\":true,\"valueName\":\"search_term_string\"}}],\"inLanguage\":\"pl-PL\"}]}<\/script>\n<!-- \/ Yoast SEO plugin. -->","yoast_head_json":{"title":"Jaka jest r\u00f3\u017cnica mi\u0119dzy GPS a GPRS? - Spotter - Polen","robots":{"index":"index","follow":"follow","max-snippet":"max-snippet:-1","max-image-preview":"max-image-preview:large","max-video-preview":"max-video-preview:-1"},"canonical":"https:\/\/www.spottergps.com\/pl\/faq-2\/zasieg\/jaka-jest-roznica-miedzy-gps-a-gprs\/","og_locale":"pl_PL","og_type":"article","og_title":"Jaka jest r\u00f3\u017cnica mi\u0119dzy GPS a GPRS? - Spotter - Polen","og_description":"W \u015bwiecie nowoczesnych technologii cz\u0119sto spotyka si\u0119 terminy takie jak GPS i GPRS. Chocia\u017c na pierwszy rzut oka mog\u0105 wydawa\u0107 si\u0119 podobne, w rzeczywisto\u015bci pe\u0142ni\u0105 zupe\u0142nie inne funkcje i maj\u0105 odmienne zastosowania. Wa\u017cne jest, aby zrozumie\u0107 te r\u00f3\u017cnice, zw\u0142aszcza je\u015bli korzystasz z urz\u0105dze\u0144 takich jak GPRS Tracker, kt\u00f3re mog\u0105 wykorzystywa\u0107 zar\u00f3wno technologi\u0119 GPS, jak i [&hellip;]","og_url":"https:\/\/www.spottergps.com\/pl\/faq-2\/zasieg\/jaka-jest-roznica-miedzy-gps-a-gprs\/","og_site_name":"Spotter - Polen","article_modified_time":"2025-12-03T09:06:57+00:00","og_image":[{"width":605,"height":432,"url":"https:\/\/www.spottergps.com\/pl\/wp-content\/uploads\/sites\/9\/2025\/04\/gps-gprs-spotter.png","type":"image\/png"}],"twitter_card":"summary_large_image","twitter_misc":{"Szacowany czas czytania":"4 minuty"},"schema":{"@context":"https:\/\/schema.org","@graph":[{"@type":"WebPage","@id":"https:\/\/www.spottergps.com\/pl\/faq-2\/zasieg\/jaka-jest-roznica-miedzy-gps-a-gprs\/","url":"https:\/\/www.spottergps.com\/pl\/faq-2\/zasieg\/jaka-jest-roznica-miedzy-gps-a-gprs\/","name":"Jaka jest r\u00f3\u017cnica mi\u0119dzy GPS a GPRS? - Spotter - Polen","isPartOf":{"@id":"https:\/\/www.spottergps.com\/pl\/#website"},"primaryImageOfPage":{"@id":"https:\/\/www.spottergps.com\/pl\/faq-2\/zasieg\/jaka-jest-roznica-miedzy-gps-a-gprs\/#primaryimage"},"image":{"@id":"https:\/\/www.spottergps.com\/pl\/faq-2\/zasieg\/jaka-jest-roznica-miedzy-gps-a-gprs\/#primaryimage"},"thumbnailUrl":"https:\/\/www.spottergps.com\/pl\/wp-content\/uploads\/sites\/9\/2025\/04\/gps-gprs-spotter.png","datePublished":"2025-04-02T06:50:53+00:00","dateModified":"2025-12-03T09:06:57+00:00","breadcrumb":{"@id":"https:\/\/www.spottergps.com\/pl\/faq-2\/zasieg\/jaka-jest-roznica-miedzy-gps-a-gprs\/#breadcrumb"},"inLanguage":"pl-PL","potentialAction":[{"@type":"ReadAction","target":["https:\/\/www.spottergps.com\/pl\/faq-2\/zasieg\/jaka-jest-roznica-miedzy-gps-a-gprs\/"]}]},{"@type":"ImageObject","inLanguage":"pl-PL","@id":"https:\/\/www.spottergps.com\/pl\/faq-2\/zasieg\/jaka-jest-roznica-miedzy-gps-a-gprs\/#primaryimage","url":"https:\/\/www.spottergps.com\/pl\/wp-content\/uploads\/sites\/9\/2025\/04\/gps-gprs-spotter.png","contentUrl":"https:\/\/www.spottergps.com\/pl\/wp-content\/uploads\/sites\/9\/2025\/04\/gps-gprs-spotter.png","width":605,"height":432},{"@type":"BreadcrumbList","@id":"https:\/\/www.spottergps.com\/pl\/faq-2\/zasieg\/jaka-jest-roznica-miedzy-gps-a-gprs\/#breadcrumb","itemListElement":[{"@type":"ListItem","position":1,"name":"Home","item":"https:\/\/www.spottergps.com\/pl\/"},{"@type":"ListItem","position":2,"name":"Jak mo\u017cemy ci pom\u00f3c?","item":"https:\/\/www.spottergps.com\/pl\/faq-2\/"},{"@type":"ListItem","position":3,"name":"Zasi\u0119g","item":"https:\/\/www.spottergps.com\/pl\/faq-2\/zasieg\/"},{"@type":"ListItem","position":4,"name":"Jaka jest r\u00f3\u017cnica mi\u0119dzy GPS a GPRS?"}]},{"@type":"WebSite","@id":"https:\/\/www.spottergps.com\/pl\/#website","url":"https:\/\/www.spottergps.com\/pl\/","name":"Spotter - Polen","description":"GPS tracker dla wszystkiego, co kochasz","potentialAction":[{"@type":"SearchAction","target":{"@type":"EntryPoint","urlTemplate":"https:\/\/www.spottergps.com\/pl\/?s={search_term_string}"},"query-input":{"@type":"PropertyValueSpecification","valueRequired":true,"valueName":"search_term_string"}}],"inLanguage":"pl-PL"}]}},"_links":{"self":[{"href":"https:\/\/www.spottergps.com\/pl\/wp-json\/wp\/v2\/pages\/829","targetHints":{"allow":["GET"]}}],"collection":[{"href":"https:\/\/www.spottergps.com\/pl\/wp-json\/wp\/v2\/pages"}],"about":[{"href":"https:\/\/www.spottergps.com\/pl\/wp-json\/wp\/v2\/types\/page"}],"author":[{"embeddable":true,"href":"https:\/\/www.spottergps.com\/pl\/wp-json\/wp\/v2\/users\/14"}],"replies":[{"embeddable":true,"href":"https:\/\/www.spottergps.com\/pl\/wp-json\/wp\/v2\/comments?post=829"}],"version-history":[{"count":2,"href":"https:\/\/www.spottergps.com\/pl\/wp-json\/wp\/v2\/pages\/829\/revisions"}],"predecessor-version":[{"id":21116,"href":"https:\/\/www.spottergps.com\/pl\/wp-json\/wp\/v2\/pages\/829\/revisions\/21116"}],"up":[{"embeddable":true,"href":"https:\/\/www.spottergps.com\/pl\/wp-json\/wp\/v2\/pages\/647"}],"wp:attachment":[{"href":"https:\/\/www.spottergps.com\/pl\/wp-json\/wp\/v2\/media?parent=829"}],"wp:term":[{"taxonomy":"category","embeddable":true,"href":"https:\/\/www.spottergps.com\/pl\/wp-json\/wp\/v2\/categories?post=829"},{"taxonomy":"post_tag","embeddable":true,"href":"https:\/\/www.spottergps.com\/pl\/wp-json\/wp\/v2\/tags?post=829"}],"curies":[{"name":"wp","href":"https:\/\/api.w.org\/{rel}","templated":true}]}}