{"id":825,"date":"2025-04-02T06:40:09","date_gmt":"2025-04-02T06:40:09","guid":{"rendered":"https:\/\/www.spottergps.com\/pl\/?page_id=825"},"modified":"2025-04-23T06:58:14","modified_gmt":"2025-04-23T06:58:14","slug":"instrukcja-resetowania-spotter-gps-watch-air","status":"publish","type":"page","link":"https:\/\/www.spottergps.com\/pl\/instrukcja-resetowania-spotter-gps-watch-air\/","title":{"rendered":"Instrukcja resetowania Spotter GPS Watch \u2013 Air"},"content":{"rendered":"\n<h3 data-start=\"58\" data-end=\"91\"><strong data-start=\"63\" data-end=\"89\">Krok 1: Wy\u0142\u0105cz Spotter<\/strong><\/h3>\n<p class=\"\" data-start=\"92\" data-end=\"269\">Zaloguj si\u0119 na swoje <a href=\"https:\/\/my.spottergps.com\/SpotterApp\/index.html#login\">konto Spotter<\/a> i przejd\u017a do mapy. Kliknij na ikon\u0119 urz\u0105dzenia, aby otworzy\u0107 menu funkcji. Nast\u0119pnie wybierz opcj\u0119 &#8222;Spotter uitzetten&#8221; (Wy\u0142\u0105cz Spotter).<\/p>\n<h3 data-start=\"271\" data-end=\"305\"><strong data-start=\"276\" data-end=\"303\">Krok 2: Na\u0142aduj zegarek<\/strong><\/h3>\n<p class=\"\" data-start=\"306\" data-end=\"563\">Na\u0142aduj bateri\u0119 Spotter GPS Watch \u2013 Air w ci\u0105gu 2 do 3 godzin. U\u017cyj do\u0142\u0105czonego kabla USB. \u0141adowarka magnetyczna automatycznie przylega do urz\u0105dzenia. Nast\u0119pnie pod\u0142\u0105cz drugi koniec kabla do portu USB \u2013 po tym zegarek rozpocznie \u0142adowanie.<\/p>\n<h3 data-start=\"565\" data-end=\"597\"><strong data-start=\"570\" data-end=\"595\">Krok 3: W\u0142\u0105cz Spotter<\/strong><\/h3>\n<p class=\"\" data-start=\"598\" data-end=\"790\">Aby w\u0142\u0105czy\u0107 Spotter GPS Watch \u2013 Air, przytrzymaj przycisk SOS na boku urz\u0105dzenia, a\u017c na ekranie pojawi si\u0119 logo Spotter. Wyjd\u017a na zewn\u0105trz, aby zapewni\u0107 jak najlepszy zasi\u0119g GPS.<\/p>\n<h3 data-start=\"792\" data-end=\"830\"><strong data-start=\"797\" data-end=\"828\">Krok 4: Pobierz lokalizacj\u0119<\/strong><\/h3>\n<p class=\"\" data-start=\"831\" data-end=\"1078\">Zaloguj si\u0119 na swoje konto Spotter i przejd\u017a do mapy. Kliknij na ikon\u0119 urz\u0105dzenia, aby otworzy\u0107 menu funkcji, a nast\u0119pnie wybierz &#8222;locatie opvragen&#8221; (Pobierz lokalizacj\u0119). Przez 3 minuty lokalizacja b\u0119dzie aktualizowana co 20 sekund.<\/p>\n<h3 data-start=\"1080\" data-end=\"1121\"><strong data-start=\"1085\" data-end=\"1119\">Krok 5: Otrzymanie lokalizacji<\/strong><\/h3>\n<p class=\"\" data-start=\"1122\" data-end=\"1321\">Od\u015bwie\u017c stron\u0119 \u2013 lokalizacja powinna si\u0119 pojawi\u0107. Je\u015bli mimo wykonania wszystkich krok\u00f3w nie otrzymujesz lokalizacji, skontaktuj si\u0119 z naszym dzia\u0142em obs\u0142ugi klienta poprzez <a href=\"https:\/\/www.spottergps.com\/pl\/w-czym-mozemy-panstwu-pomoc\/\"><span style=\"text-decoration: underline\">formularz kontaktowy.<\/span><\/a><\/p>\n","protected":false},"excerpt":{"rendered":"<p>Krok 1: Wy\u0142\u0105cz Spotter Zaloguj si\u0119 na swoje konto Spotter i przejd\u017a do mapy. Kliknij na ikon\u0119 urz\u0105dzenia, aby otworzy\u0107 menu funkcji. Nast\u0119pnie wybierz opcj\u0119 &#8222;Spotter uitzetten&#8221; (Wy\u0142\u0105cz Spotter). Krok 2: Na\u0142aduj zegarek Na\u0142aduj bateri\u0119 Spotter GPS Watch \u2013 Air w ci\u0105gu 2 do 3 godzin. U\u017cyj do\u0142\u0105czonego kabla USB. \u0141adowarka magnetyczna automatycznie przylega do [&hellip;]<\/p>\n","protected":false},"author":14,"featured_media":0,"parent":0,"menu_order":0,"comment_status":"closed","ping_status":"closed","template":"","meta":{"_acf_changed":false,"footnotes":""},"categories":[],"tags":[],"class_list":["post-825","page","type-page","status-publish","hentry"],"acf":[],"yoast_head":"<!-- This site is optimized with the Yoast SEO plugin v25.9 - https:\/\/yoast.com\/wordpress\/plugins\/seo\/ -->\n<title>Instrukcja resetowania Spotter GPS Watch \u2013 Air - Spotter - Polen<\/title>\n<meta name=\"robots\" content=\"index, follow, max-snippet:-1, max-image-preview:large, max-video-preview:-1\" \/>\n<link rel=\"canonical\" href=\"https:\/\/www.spottergps.com\/pl\/instrukcja-resetowania-spotter-gps-watch-air\/\" \/>\n<meta property=\"og:locale\" content=\"pl_PL\" \/>\n<meta property=\"og:type\" content=\"article\" \/>\n<meta property=\"og:title\" content=\"Instrukcja resetowania Spotter GPS Watch \u2013 Air - Spotter - Polen\" \/>\n<meta property=\"og:description\" content=\"Krok 1: Wy\u0142\u0105cz Spotter Zaloguj si\u0119 na swoje konto Spotter i przejd\u017a do mapy. Kliknij na ikon\u0119 urz\u0105dzenia, aby otworzy\u0107 menu funkcji. Nast\u0119pnie wybierz opcj\u0119 &#8222;Spotter uitzetten&#8221; (Wy\u0142\u0105cz Spotter). Krok 2: Na\u0142aduj zegarek Na\u0142aduj bateri\u0119 Spotter GPS Watch \u2013 Air w ci\u0105gu 2 do 3 godzin. U\u017cyj do\u0142\u0105czonego kabla USB. \u0141adowarka magnetyczna automatycznie przylega do [&hellip;]\" \/>\n<meta property=\"og:url\" content=\"https:\/\/www.spottergps.com\/pl\/instrukcja-resetowania-spotter-gps-watch-air\/\" \/>\n<meta property=\"og:site_name\" content=\"Spotter - Polen\" \/>\n<meta property=\"article:modified_time\" content=\"2025-04-23T06:58:14+00:00\" \/>\n<meta name=\"twitter:card\" content=\"summary_large_image\" \/>\n<meta name=\"twitter:label1\" content=\"Szacowany czas czytania\" \/>\n\t<meta name=\"twitter:data1\" content=\"1 minuta\" \/>\n<script type=\"application\/ld+json\" class=\"yoast-schema-graph\">{\"@context\":\"https:\/\/schema.org\",\"@graph\":[{\"@type\":\"WebPage\",\"@id\":\"https:\/\/www.spottergps.com\/pl\/instrukcja-resetowania-spotter-gps-watch-air\/\",\"url\":\"https:\/\/www.spottergps.com\/pl\/instrukcja-resetowania-spotter-gps-watch-air\/\",\"name\":\"Instrukcja resetowania Spotter GPS Watch \u2013 Air - Spotter - Polen\",\"isPartOf\":{\"@id\":\"https:\/\/www.spottergps.com\/pl\/#website\"},\"datePublished\":\"2025-04-02T06:40:09+00:00\",\"dateModified\":\"2025-04-23T06:58:14+00:00\",\"breadcrumb\":{\"@id\":\"https:\/\/www.spottergps.com\/pl\/instrukcja-resetowania-spotter-gps-watch-air\/#breadcrumb\"},\"inLanguage\":\"pl-PL\",\"potentialAction\":[{\"@type\":\"ReadAction\",\"target\":[\"https:\/\/www.spottergps.com\/pl\/instrukcja-resetowania-spotter-gps-watch-air\/\"]}]},{\"@type\":\"BreadcrumbList\",\"@id\":\"https:\/\/www.spottergps.com\/pl\/instrukcja-resetowania-spotter-gps-watch-air\/#breadcrumb\",\"itemListElement\":[{\"@type\":\"ListItem\",\"position\":1,\"name\":\"Home\",\"item\":\"https:\/\/www.spottergps.com\/pl\/\"},{\"@type\":\"ListItem\",\"position\":2,\"name\":\"Instrukcja resetowania Spotter GPS Watch \u2013 Air\"}]},{\"@type\":\"WebSite\",\"@id\":\"https:\/\/www.spottergps.com\/pl\/#website\",\"url\":\"https:\/\/www.spottergps.com\/pl\/\",\"name\":\"Spotter - Polen\",\"description\":\"GPS tracker dla wszystkiego, co kochasz\",\"potentialAction\":[{\"@type\":\"SearchAction\",\"target\":{\"@type\":\"EntryPoint\",\"urlTemplate\":\"https:\/\/www.spottergps.com\/pl\/?s={search_term_string}\"},\"query-input\":{\"@type\":\"PropertyValueSpecification\",\"valueRequired\":true,\"valueName\":\"search_term_string\"}}],\"inLanguage\":\"pl-PL\"}]}<\/script>\n<!-- \/ Yoast SEO plugin. -->","yoast_head_json":{"title":"Instrukcja resetowania Spotter GPS Watch \u2013 Air - Spotter - Polen","robots":{"index":"index","follow":"follow","max-snippet":"max-snippet:-1","max-image-preview":"max-image-preview:large","max-video-preview":"max-video-preview:-1"},"canonical":"https:\/\/www.spottergps.com\/pl\/instrukcja-resetowania-spotter-gps-watch-air\/","og_locale":"pl_PL","og_type":"article","og_title":"Instrukcja resetowania Spotter GPS Watch \u2013 Air - Spotter - Polen","og_description":"Krok 1: Wy\u0142\u0105cz Spotter Zaloguj si\u0119 na swoje konto Spotter i przejd\u017a do mapy. Kliknij na ikon\u0119 urz\u0105dzenia, aby otworzy\u0107 menu funkcji. Nast\u0119pnie wybierz opcj\u0119 &#8222;Spotter uitzetten&#8221; (Wy\u0142\u0105cz Spotter). Krok 2: Na\u0142aduj zegarek Na\u0142aduj bateri\u0119 Spotter GPS Watch \u2013 Air w ci\u0105gu 2 do 3 godzin. U\u017cyj do\u0142\u0105czonego kabla USB. \u0141adowarka magnetyczna automatycznie przylega do [&hellip;]","og_url":"https:\/\/www.spottergps.com\/pl\/instrukcja-resetowania-spotter-gps-watch-air\/","og_site_name":"Spotter - Polen","article_modified_time":"2025-04-23T06:58:14+00:00","twitter_card":"summary_large_image","twitter_misc":{"Szacowany czas czytania":"1 minuta"},"schema":{"@context":"https:\/\/schema.org","@graph":[{"@type":"WebPage","@id":"https:\/\/www.spottergps.com\/pl\/instrukcja-resetowania-spotter-gps-watch-air\/","url":"https:\/\/www.spottergps.com\/pl\/instrukcja-resetowania-spotter-gps-watch-air\/","name":"Instrukcja resetowania Spotter GPS Watch \u2013 Air - Spotter - Polen","isPartOf":{"@id":"https:\/\/www.spottergps.com\/pl\/#website"},"datePublished":"2025-04-02T06:40:09+00:00","dateModified":"2025-04-23T06:58:14+00:00","breadcrumb":{"@id":"https:\/\/www.spottergps.com\/pl\/instrukcja-resetowania-spotter-gps-watch-air\/#breadcrumb"},"inLanguage":"pl-PL","potentialAction":[{"@type":"ReadAction","target":["https:\/\/www.spottergps.com\/pl\/instrukcja-resetowania-spotter-gps-watch-air\/"]}]},{"@type":"BreadcrumbList","@id":"https:\/\/www.spottergps.com\/pl\/instrukcja-resetowania-spotter-gps-watch-air\/#breadcrumb","itemListElement":[{"@type":"ListItem","position":1,"name":"Home","item":"https:\/\/www.spottergps.com\/pl\/"},{"@type":"ListItem","position":2,"name":"Instrukcja resetowania Spotter GPS Watch \u2013 Air"}]},{"@type":"WebSite","@id":"https:\/\/www.spottergps.com\/pl\/#website","url":"https:\/\/www.spottergps.com\/pl\/","name":"Spotter - Polen","description":"GPS tracker dla wszystkiego, co kochasz","potentialAction":[{"@type":"SearchAction","target":{"@type":"EntryPoint","urlTemplate":"https:\/\/www.spottergps.com\/pl\/?s={search_term_string}"},"query-input":{"@type":"PropertyValueSpecification","valueRequired":true,"valueName":"search_term_string"}}],"inLanguage":"pl-PL"}]}},"_links":{"self":[{"href":"https:\/\/www.spottergps.com\/pl\/wp-json\/wp\/v2\/pages\/825","targetHints":{"allow":["GET"]}}],"collection":[{"href":"https:\/\/www.spottergps.com\/pl\/wp-json\/wp\/v2\/pages"}],"about":[{"href":"https:\/\/www.spottergps.com\/pl\/wp-json\/wp\/v2\/types\/page"}],"author":[{"embeddable":true,"href":"https:\/\/www.spottergps.com\/pl\/wp-json\/wp\/v2\/users\/14"}],"replies":[{"embeddable":true,"href":"https:\/\/www.spottergps.com\/pl\/wp-json\/wp\/v2\/comments?post=825"}],"version-history":[{"count":2,"href":"https:\/\/www.spottergps.com\/pl\/wp-json\/wp\/v2\/pages\/825\/revisions"}],"predecessor-version":[{"id":20757,"href":"https:\/\/www.spottergps.com\/pl\/wp-json\/wp\/v2\/pages\/825\/revisions\/20757"}],"wp:attachment":[{"href":"https:\/\/www.spottergps.com\/pl\/wp-json\/wp\/v2\/media?parent=825"}],"wp:term":[{"taxonomy":"category","embeddable":true,"href":"https:\/\/www.spottergps.com\/pl\/wp-json\/wp\/v2\/categories?post=825"},{"taxonomy":"post_tag","embeddable":true,"href":"https:\/\/www.spottergps.com\/pl\/wp-json\/wp\/v2\/tags?post=825"}],"curies":[{"name":"wp","href":"https:\/\/api.w.org\/{rel}","templated":true}]}}