{"id":820,"date":"2025-03-31T14:58:13","date_gmt":"2025-03-31T14:58:13","guid":{"rendered":"https:\/\/www.spottergps.com\/pl\/?page_id=820"},"modified":"2025-04-23T06:57:31","modified_gmt":"2025-04-23T06:57:31","slug":"instrukcja-resetowania-pet-spotter","status":"publish","type":"page","link":"https:\/\/www.spottergps.com\/pl\/instrukcja-resetowania-pet-spotter\/","title":{"rendered":"Instrukcja resetowania Pet Spotter"},"content":{"rendered":"\n<h3 data-start=\"46\" data-end=\"79\"><strong data-start=\"51\" data-end=\"77\"><br \/>Krok 1: Wy\u0142\u0105cz Spotter<\/strong><\/h3>\n<p class=\"\" data-start=\"80\" data-end=\"257\">Zaloguj si\u0119 na swoje konto Spotter i przejd\u017a do mapy. Kliknij na ikon\u0119 urz\u0105dzenia, aby otworzy\u0107 menu funkcji. Nast\u0119pnie wybierz opcj\u0119 <strong data-start=\"214\" data-end=\"254\">&#8222;Spotter uitzetten&#8221; (Wy\u0142\u0105cz Spotter)<\/strong>.<\/p>\n<h3 data-start=\"259\" data-end=\"297\"><strong data-start=\"264\" data-end=\"295\">Krok 2: Na\u0142aduj Pet Spotter<\/strong><\/h3>\n<p class=\"\" data-start=\"298\" data-end=\"609\">U\u017cyj do\u0142\u0105czonego kabla USB do na\u0142adowania urz\u0105dzenia. Pet Spotter posiada <strong data-start=\"372\" data-end=\"397\">magnetyczn\u0105 \u0142adowark\u0119<\/strong>, kt\u00f3ra automatycznie przylega do urz\u0105dzenia. Po prawid\u0142owym pod\u0142\u0105czeniu <strong data-start=\"470\" data-end=\"511\">pier\u015bcie\u0144 LED zacznie \u015bwieci\u0107 i miga\u0107<\/strong>. Gdy bateria osi\u0105gnie <strong data-start=\"534\" data-end=\"540\">5%<\/strong>, Pet Spotter <strong data-start=\"554\" data-end=\"582\">w\u0142\u0105czy si\u0119 automatycznie<\/strong> i wyda sygna\u0142 d\u017awi\u0119kowy.<\/p>\n<h3 data-start=\"611\" data-end=\"643\"><strong data-start=\"616\" data-end=\"641\">Krok 3: W\u0142\u0105cz Spotter<\/strong><\/h3>\n<p class=\"\" data-start=\"644\" data-end=\"879\">Pet Spotter uruchamia si\u0119 samoczynnie podczas \u0142adowania. Je\u015bli tak si\u0119 nie stanie, <strong data-start=\"727\" data-end=\"755\">przytrzymaj przycisk SOS<\/strong>, a\u017c pier\u015bcie\u0144 LED si\u0119 za\u015bwieci i us\u0142yszysz d\u017awi\u0119k. Nast\u0119pnie <strong data-start=\"817\" data-end=\"838\">wyjd\u017a na zewn\u0105trz<\/strong>, aby uzyska\u0107 jak najlepszy sygna\u0142 GPS.<\/p>\n<h3 data-start=\"881\" data-end=\"919\"><strong data-start=\"886\" data-end=\"917\">Krok 4: Pobierz lokalizacj\u0119<\/strong><\/h3>\n<p class=\"\" data-start=\"920\" data-end=\"1194\">Mo\u017cesz r\u0119cznie pobra\u0107 lokalizacj\u0119. Zaloguj si\u0119 na swoje konto Spotter, przejd\u017a do mapy, kliknij na ikon\u0119 urz\u0105dzenia i otw\u00f3rz menu funkcji. Nast\u0119pnie wybierz <strong data-start=\"1077\" data-end=\"1121\">&#8222;locatie opvragen&#8221; (Pobierz lokalizacj\u0119)<\/strong>. Przez <strong data-start=\"1129\" data-end=\"1141\">3 minuty<\/strong> lokalizacja b\u0119dzie aktualizowana <strong data-start=\"1175\" data-end=\"1191\">co 20 sekund<\/strong>.<\/p>\n<h3 data-start=\"1196\" data-end=\"1237\"><strong data-start=\"1201\" data-end=\"1235\">Krok 5: Otrzymanie lokalizacji<\/strong><\/h3>\n<p class=\"\" data-start=\"1238\" data-end=\"1437\">Od\u015bwie\u017c stron\u0119 \u2013 lokalizacja powinna si\u0119 pojawi\u0107. Je\u015bli mimo wykonania wszystkich krok\u00f3w nie otrzymujesz lokalizacji, skontaktuj si\u0119 z naszym dzia\u0142em obs\u0142ugi klienta poprzez <a href=\"https:\/\/www.spottergps.com\/pl\/w-czym-mozemy-panstwu-pomoc\/\"><span style=\"text-decoration: underline\"><strong data-start=\"1412\" data-end=\"1436\">formularz kontaktowy<\/strong>.<\/span><\/a><\/p>\n\n\n\n<p><\/p>\n","protected":false},"excerpt":{"rendered":"<p>Krok 1: Wy\u0142\u0105cz Spotter Zaloguj si\u0119 na swoje konto Spotter i przejd\u017a do mapy. Kliknij na ikon\u0119 urz\u0105dzenia, aby otworzy\u0107 menu funkcji. Nast\u0119pnie wybierz opcj\u0119 &#8222;Spotter uitzetten&#8221; (Wy\u0142\u0105cz Spotter). Krok 2: Na\u0142aduj Pet Spotter U\u017cyj do\u0142\u0105czonego kabla USB do na\u0142adowania urz\u0105dzenia. Pet Spotter posiada magnetyczn\u0105 \u0142adowark\u0119, kt\u00f3ra automatycznie przylega do urz\u0105dzenia. Po prawid\u0142owym pod\u0142\u0105czeniu pier\u015bcie\u0144 [&hellip;]<\/p>\n","protected":false},"author":14,"featured_media":0,"parent":0,"menu_order":0,"comment_status":"closed","ping_status":"closed","template":"","meta":{"_acf_changed":false,"footnotes":""},"categories":[],"tags":[],"class_list":["post-820","page","type-page","status-publish","hentry"],"acf":[],"yoast_head":"<!-- This site is optimized with the Yoast SEO plugin v25.9 - https:\/\/yoast.com\/wordpress\/plugins\/seo\/ -->\n<title>Instrukcja resetowania Pet Spotter - Spotter - Polen<\/title>\n<meta name=\"robots\" content=\"index, follow, max-snippet:-1, max-image-preview:large, max-video-preview:-1\" \/>\n<link rel=\"canonical\" href=\"https:\/\/www.spottergps.com\/pl\/instrukcja-resetowania-pet-spotter\/\" \/>\n<meta property=\"og:locale\" content=\"pl_PL\" \/>\n<meta property=\"og:type\" content=\"article\" \/>\n<meta property=\"og:title\" content=\"Instrukcja resetowania Pet Spotter - Spotter - Polen\" \/>\n<meta property=\"og:description\" content=\"Krok 1: Wy\u0142\u0105cz Spotter Zaloguj si\u0119 na swoje konto Spotter i przejd\u017a do mapy. Kliknij na ikon\u0119 urz\u0105dzenia, aby otworzy\u0107 menu funkcji. Nast\u0119pnie wybierz opcj\u0119 &#8222;Spotter uitzetten&#8221; (Wy\u0142\u0105cz Spotter). Krok 2: Na\u0142aduj Pet Spotter U\u017cyj do\u0142\u0105czonego kabla USB do na\u0142adowania urz\u0105dzenia. Pet Spotter posiada magnetyczn\u0105 \u0142adowark\u0119, kt\u00f3ra automatycznie przylega do urz\u0105dzenia. Po prawid\u0142owym pod\u0142\u0105czeniu pier\u015bcie\u0144 [&hellip;]\" \/>\n<meta property=\"og:url\" content=\"https:\/\/www.spottergps.com\/pl\/instrukcja-resetowania-pet-spotter\/\" \/>\n<meta property=\"og:site_name\" content=\"Spotter - Polen\" \/>\n<meta property=\"article:modified_time\" content=\"2025-04-23T06:57:31+00:00\" \/>\n<meta name=\"twitter:card\" content=\"summary_large_image\" \/>\n<meta name=\"twitter:label1\" content=\"Szacowany czas czytania\" \/>\n\t<meta name=\"twitter:data1\" content=\"2 minuty\" \/>\n<script type=\"application\/ld+json\" class=\"yoast-schema-graph\">{\"@context\":\"https:\/\/schema.org\",\"@graph\":[{\"@type\":\"WebPage\",\"@id\":\"https:\/\/www.spottergps.com\/pl\/instrukcja-resetowania-pet-spotter\/\",\"url\":\"https:\/\/www.spottergps.com\/pl\/instrukcja-resetowania-pet-spotter\/\",\"name\":\"Instrukcja resetowania Pet Spotter - Spotter - Polen\",\"isPartOf\":{\"@id\":\"https:\/\/www.spottergps.com\/pl\/#website\"},\"datePublished\":\"2025-03-31T14:58:13+00:00\",\"dateModified\":\"2025-04-23T06:57:31+00:00\",\"breadcrumb\":{\"@id\":\"https:\/\/www.spottergps.com\/pl\/instrukcja-resetowania-pet-spotter\/#breadcrumb\"},\"inLanguage\":\"pl-PL\",\"potentialAction\":[{\"@type\":\"ReadAction\",\"target\":[\"https:\/\/www.spottergps.com\/pl\/instrukcja-resetowania-pet-spotter\/\"]}]},{\"@type\":\"BreadcrumbList\",\"@id\":\"https:\/\/www.spottergps.com\/pl\/instrukcja-resetowania-pet-spotter\/#breadcrumb\",\"itemListElement\":[{\"@type\":\"ListItem\",\"position\":1,\"name\":\"Home\",\"item\":\"https:\/\/www.spottergps.com\/pl\/\"},{\"@type\":\"ListItem\",\"position\":2,\"name\":\"Instrukcja resetowania Pet Spotter\"}]},{\"@type\":\"WebSite\",\"@id\":\"https:\/\/www.spottergps.com\/pl\/#website\",\"url\":\"https:\/\/www.spottergps.com\/pl\/\",\"name\":\"Spotter - Polen\",\"description\":\"GPS tracker dla wszystkiego, co kochasz\",\"potentialAction\":[{\"@type\":\"SearchAction\",\"target\":{\"@type\":\"EntryPoint\",\"urlTemplate\":\"https:\/\/www.spottergps.com\/pl\/?s={search_term_string}\"},\"query-input\":{\"@type\":\"PropertyValueSpecification\",\"valueRequired\":true,\"valueName\":\"search_term_string\"}}],\"inLanguage\":\"pl-PL\"}]}<\/script>\n<!-- \/ Yoast SEO plugin. -->","yoast_head_json":{"title":"Instrukcja resetowania Pet Spotter - Spotter - Polen","robots":{"index":"index","follow":"follow","max-snippet":"max-snippet:-1","max-image-preview":"max-image-preview:large","max-video-preview":"max-video-preview:-1"},"canonical":"https:\/\/www.spottergps.com\/pl\/instrukcja-resetowania-pet-spotter\/","og_locale":"pl_PL","og_type":"article","og_title":"Instrukcja resetowania Pet Spotter - Spotter - Polen","og_description":"Krok 1: Wy\u0142\u0105cz Spotter Zaloguj si\u0119 na swoje konto Spotter i przejd\u017a do mapy. Kliknij na ikon\u0119 urz\u0105dzenia, aby otworzy\u0107 menu funkcji. Nast\u0119pnie wybierz opcj\u0119 &#8222;Spotter uitzetten&#8221; (Wy\u0142\u0105cz Spotter). Krok 2: Na\u0142aduj Pet Spotter U\u017cyj do\u0142\u0105czonego kabla USB do na\u0142adowania urz\u0105dzenia. Pet Spotter posiada magnetyczn\u0105 \u0142adowark\u0119, kt\u00f3ra automatycznie przylega do urz\u0105dzenia. Po prawid\u0142owym pod\u0142\u0105czeniu pier\u015bcie\u0144 [&hellip;]","og_url":"https:\/\/www.spottergps.com\/pl\/instrukcja-resetowania-pet-spotter\/","og_site_name":"Spotter - Polen","article_modified_time":"2025-04-23T06:57:31+00:00","twitter_card":"summary_large_image","twitter_misc":{"Szacowany czas czytania":"2 minuty"},"schema":{"@context":"https:\/\/schema.org","@graph":[{"@type":"WebPage","@id":"https:\/\/www.spottergps.com\/pl\/instrukcja-resetowania-pet-spotter\/","url":"https:\/\/www.spottergps.com\/pl\/instrukcja-resetowania-pet-spotter\/","name":"Instrukcja resetowania Pet Spotter - Spotter - Polen","isPartOf":{"@id":"https:\/\/www.spottergps.com\/pl\/#website"},"datePublished":"2025-03-31T14:58:13+00:00","dateModified":"2025-04-23T06:57:31+00:00","breadcrumb":{"@id":"https:\/\/www.spottergps.com\/pl\/instrukcja-resetowania-pet-spotter\/#breadcrumb"},"inLanguage":"pl-PL","potentialAction":[{"@type":"ReadAction","target":["https:\/\/www.spottergps.com\/pl\/instrukcja-resetowania-pet-spotter\/"]}]},{"@type":"BreadcrumbList","@id":"https:\/\/www.spottergps.com\/pl\/instrukcja-resetowania-pet-spotter\/#breadcrumb","itemListElement":[{"@type":"ListItem","position":1,"name":"Home","item":"https:\/\/www.spottergps.com\/pl\/"},{"@type":"ListItem","position":2,"name":"Instrukcja resetowania Pet Spotter"}]},{"@type":"WebSite","@id":"https:\/\/www.spottergps.com\/pl\/#website","url":"https:\/\/www.spottergps.com\/pl\/","name":"Spotter - Polen","description":"GPS tracker dla wszystkiego, co kochasz","potentialAction":[{"@type":"SearchAction","target":{"@type":"EntryPoint","urlTemplate":"https:\/\/www.spottergps.com\/pl\/?s={search_term_string}"},"query-input":{"@type":"PropertyValueSpecification","valueRequired":true,"valueName":"search_term_string"}}],"inLanguage":"pl-PL"}]}},"_links":{"self":[{"href":"https:\/\/www.spottergps.com\/pl\/wp-json\/wp\/v2\/pages\/820","targetHints":{"allow":["GET"]}}],"collection":[{"href":"https:\/\/www.spottergps.com\/pl\/wp-json\/wp\/v2\/pages"}],"about":[{"href":"https:\/\/www.spottergps.com\/pl\/wp-json\/wp\/v2\/types\/page"}],"author":[{"embeddable":true,"href":"https:\/\/www.spottergps.com\/pl\/wp-json\/wp\/v2\/users\/14"}],"replies":[{"embeddable":true,"href":"https:\/\/www.spottergps.com\/pl\/wp-json\/wp\/v2\/comments?post=820"}],"version-history":[{"count":2,"href":"https:\/\/www.spottergps.com\/pl\/wp-json\/wp\/v2\/pages\/820\/revisions"}],"predecessor-version":[{"id":20756,"href":"https:\/\/www.spottergps.com\/pl\/wp-json\/wp\/v2\/pages\/820\/revisions\/20756"}],"wp:attachment":[{"href":"https:\/\/www.spottergps.com\/pl\/wp-json\/wp\/v2\/media?parent=820"}],"wp:term":[{"taxonomy":"category","embeddable":true,"href":"https:\/\/www.spottergps.com\/pl\/wp-json\/wp\/v2\/categories?post=820"},{"taxonomy":"post_tag","embeddable":true,"href":"https:\/\/www.spottergps.com\/pl\/wp-json\/wp\/v2\/tags?post=820"}],"curies":[{"name":"wp","href":"https:\/\/api.w.org\/{rel}","templated":true}]}}