{"id":818,"date":"2025-03-31T14:52:32","date_gmt":"2025-03-31T14:52:32","guid":{"rendered":"https:\/\/www.spottergps.com\/pl\/?page_id=818"},"modified":"2025-04-23T06:57:06","modified_gmt":"2025-04-23T06:57:06","slug":"instrukcja-resetowania-spotter-gps-watch","status":"publish","type":"page","link":"https:\/\/www.spottergps.com\/pl\/instrukcja-resetowania-spotter-gps-watch\/","title":{"rendered":"Instrukcja resetowania Spotter GPS Watch"},"content":{"rendered":"\n<h3 data-start=\"52\" data-end=\"85\"><strong data-start=\"57\" data-end=\"83\"><br \/>Krok 1: Wy\u0142\u0105cz Spotter<\/strong><\/h3>\n<p class=\"\" data-start=\"86\" data-end=\"263\">Zaloguj si\u0119 na swoje <a href=\"https:\/\/my.spottergps.com\/SpotterApp\/index.html#login\">konto Spotter<\/a> i przejd\u017a do mapy. Kliknij na ikon\u0119 urz\u0105dzenia, aby otworzy\u0107 menu funkcji. Nast\u0119pnie wybierz opcj\u0119 <strong data-start=\"220\" data-end=\"260\">&#8222;Spotter uitzetten&#8221; (Wy\u0142\u0105cz Spotter)<\/strong>.<\/p>\n<h3 data-start=\"265\" data-end=\"299\"><strong data-start=\"270\" data-end=\"297\">Krok 2: Na\u0142aduj zegarek<\/strong><\/h3>\n<p class=\"\" data-start=\"300\" data-end=\"590\">Na\u0142aduj bateri\u0119 Spotter GPS Watch w pe\u0142ni przez <strong data-start=\"348\" data-end=\"365\">2 do 3 godzin<\/strong>. U\u017cyj do tego do\u0142\u0105czonego kabla USB. Umie\u015b\u0107 dwa styki \u0142adowarki na z\u0142\u0105czach na tylnej stronie zegarka, a nast\u0119pnie pod\u0142\u0105cz drugi koniec kabla do portu USB. Po prawid\u0142owym pod\u0142\u0105czeniu \u0142adowanie rozpocznie si\u0119 automatycznie.<\/p>\n<h3 data-start=\"592\" data-end=\"624\"><strong data-start=\"597\" data-end=\"622\">Krok 3: W\u0142\u0105cz Spotter<\/strong><\/h3>\n<p class=\"\" data-start=\"625\" data-end=\"808\">W\u0142\u0105cz Spotter GPS Watch, przytrzymuj\u0105c <strong data-start=\"664\" data-end=\"680\">przycisk SOS<\/strong> na boku urz\u0105dzenia, a\u017c na ekranie pojawi si\u0119 logo Spotter. Aby uzyska\u0107 najlepszy sygna\u0142 GPS, wyjd\u017a z urz\u0105dzeniem na zewn\u0105trz.<\/p>\n<h3 data-start=\"810\" data-end=\"848\"><strong data-start=\"815\" data-end=\"846\">Krok 4: Pobierz lokalizacj\u0119<\/strong><\/h3>\n<p class=\"\" data-start=\"849\" data-end=\"1118\">Zaloguj si\u0119 na swoje konto Spotter i przejd\u017a do mapy. Kliknij na ikon\u0119 zegarka, aby otworzy\u0107 menu funkcji. Nast\u0119pnie wybierz opcj\u0119 <strong data-start=\"980\" data-end=\"1024\">&#8222;locatie opvragen&#8221; (Pobierz lokalizacj\u0119)<\/strong>. Przez kolejne <strong data-start=\"1040\" data-end=\"1052\">3 minuty<\/strong> zegarek b\u0119dzie przesy\u0142a\u0142 aktualn\u0105 lokalizacj\u0119 co <strong data-start=\"1102\" data-end=\"1115\">20 sekund<\/strong>.<\/p>\n<h3 data-start=\"1120\" data-end=\"1161\"><strong data-start=\"1125\" data-end=\"1159\">Krok 5: Otrzymanie lokalizacji<\/strong><\/h3>\n<p class=\"\" data-start=\"1162\" data-end=\"1311\">Je\u015bli mimo wykonania wszystkich krok\u00f3w nie otrzymujesz lokalizacji, skontaktuj si\u0119 z naszym dzia\u0142em obs\u0142ugi klienta poprzez <a href=\"https:\/\/www.spottergps.com\/pl\/w-czym-mozemy-panstwu-pomoc\/\"><span style=\"text-decoration: underline\"><strong data-start=\"1286\" data-end=\"1310\">formularz kontaktowy<\/strong>.<\/span><\/a><\/p>\n","protected":false},"excerpt":{"rendered":"<p>Krok 1: Wy\u0142\u0105cz Spotter Zaloguj si\u0119 na swoje konto Spotter i przejd\u017a do mapy. Kliknij na ikon\u0119 urz\u0105dzenia, aby otworzy\u0107 menu funkcji. Nast\u0119pnie wybierz opcj\u0119 &#8222;Spotter uitzetten&#8221; (Wy\u0142\u0105cz Spotter). Krok 2: Na\u0142aduj zegarek Na\u0142aduj bateri\u0119 Spotter GPS Watch w pe\u0142ni przez 2 do 3 godzin. U\u017cyj do tego do\u0142\u0105czonego kabla USB. Umie\u015b\u0107 dwa styki \u0142adowarki [&hellip;]<\/p>\n","protected":false},"author":14,"featured_media":0,"parent":0,"menu_order":0,"comment_status":"closed","ping_status":"closed","template":"","meta":{"_acf_changed":false,"footnotes":""},"categories":[],"tags":[],"class_list":["post-818","page","type-page","status-publish","hentry"],"acf":[],"yoast_head":"<!-- This site is optimized with the Yoast SEO plugin v25.9 - https:\/\/yoast.com\/wordpress\/plugins\/seo\/ -->\n<title>Instrukcja resetowania Spotter GPS Watch - Spotter - Polen<\/title>\n<meta name=\"robots\" content=\"index, follow, max-snippet:-1, max-image-preview:large, max-video-preview:-1\" \/>\n<link rel=\"canonical\" href=\"https:\/\/www.spottergps.com\/pl\/instrukcja-resetowania-spotter-gps-watch\/\" \/>\n<meta property=\"og:locale\" content=\"pl_PL\" \/>\n<meta property=\"og:type\" content=\"article\" \/>\n<meta property=\"og:title\" content=\"Instrukcja resetowania Spotter GPS Watch - Spotter - Polen\" \/>\n<meta property=\"og:description\" content=\"Krok 1: Wy\u0142\u0105cz Spotter Zaloguj si\u0119 na swoje konto Spotter i przejd\u017a do mapy. Kliknij na ikon\u0119 urz\u0105dzenia, aby otworzy\u0107 menu funkcji. Nast\u0119pnie wybierz opcj\u0119 &#8222;Spotter uitzetten&#8221; (Wy\u0142\u0105cz Spotter). Krok 2: Na\u0142aduj zegarek Na\u0142aduj bateri\u0119 Spotter GPS Watch w pe\u0142ni przez 2 do 3 godzin. U\u017cyj do tego do\u0142\u0105czonego kabla USB. Umie\u015b\u0107 dwa styki \u0142adowarki [&hellip;]\" \/>\n<meta property=\"og:url\" content=\"https:\/\/www.spottergps.com\/pl\/instrukcja-resetowania-spotter-gps-watch\/\" \/>\n<meta property=\"og:site_name\" content=\"Spotter - Polen\" \/>\n<meta property=\"article:modified_time\" content=\"2025-04-23T06:57:06+00:00\" \/>\n<meta name=\"twitter:card\" content=\"summary_large_image\" \/>\n<meta name=\"twitter:label1\" content=\"Szacowany czas czytania\" \/>\n\t<meta name=\"twitter:data1\" content=\"2 minuty\" \/>\n<script type=\"application\/ld+json\" class=\"yoast-schema-graph\">{\"@context\":\"https:\/\/schema.org\",\"@graph\":[{\"@type\":\"WebPage\",\"@id\":\"https:\/\/www.spottergps.com\/pl\/instrukcja-resetowania-spotter-gps-watch\/\",\"url\":\"https:\/\/www.spottergps.com\/pl\/instrukcja-resetowania-spotter-gps-watch\/\",\"name\":\"Instrukcja resetowania Spotter GPS Watch - Spotter - Polen\",\"isPartOf\":{\"@id\":\"https:\/\/www.spottergps.com\/pl\/#website\"},\"datePublished\":\"2025-03-31T14:52:32+00:00\",\"dateModified\":\"2025-04-23T06:57:06+00:00\",\"breadcrumb\":{\"@id\":\"https:\/\/www.spottergps.com\/pl\/instrukcja-resetowania-spotter-gps-watch\/#breadcrumb\"},\"inLanguage\":\"pl-PL\",\"potentialAction\":[{\"@type\":\"ReadAction\",\"target\":[\"https:\/\/www.spottergps.com\/pl\/instrukcja-resetowania-spotter-gps-watch\/\"]}]},{\"@type\":\"BreadcrumbList\",\"@id\":\"https:\/\/www.spottergps.com\/pl\/instrukcja-resetowania-spotter-gps-watch\/#breadcrumb\",\"itemListElement\":[{\"@type\":\"ListItem\",\"position\":1,\"name\":\"Home\",\"item\":\"https:\/\/www.spottergps.com\/pl\/\"},{\"@type\":\"ListItem\",\"position\":2,\"name\":\"Instrukcja resetowania Spotter GPS Watch\"}]},{\"@type\":\"WebSite\",\"@id\":\"https:\/\/www.spottergps.com\/pl\/#website\",\"url\":\"https:\/\/www.spottergps.com\/pl\/\",\"name\":\"Spotter - Polen\",\"description\":\"GPS tracker dla wszystkiego, co kochasz\",\"potentialAction\":[{\"@type\":\"SearchAction\",\"target\":{\"@type\":\"EntryPoint\",\"urlTemplate\":\"https:\/\/www.spottergps.com\/pl\/?s={search_term_string}\"},\"query-input\":{\"@type\":\"PropertyValueSpecification\",\"valueRequired\":true,\"valueName\":\"search_term_string\"}}],\"inLanguage\":\"pl-PL\"}]}<\/script>\n<!-- \/ Yoast SEO plugin. -->","yoast_head_json":{"title":"Instrukcja resetowania Spotter GPS Watch - Spotter - Polen","robots":{"index":"index","follow":"follow","max-snippet":"max-snippet:-1","max-image-preview":"max-image-preview:large","max-video-preview":"max-video-preview:-1"},"canonical":"https:\/\/www.spottergps.com\/pl\/instrukcja-resetowania-spotter-gps-watch\/","og_locale":"pl_PL","og_type":"article","og_title":"Instrukcja resetowania Spotter GPS Watch - Spotter - Polen","og_description":"Krok 1: Wy\u0142\u0105cz Spotter Zaloguj si\u0119 na swoje konto Spotter i przejd\u017a do mapy. Kliknij na ikon\u0119 urz\u0105dzenia, aby otworzy\u0107 menu funkcji. Nast\u0119pnie wybierz opcj\u0119 &#8222;Spotter uitzetten&#8221; (Wy\u0142\u0105cz Spotter). Krok 2: Na\u0142aduj zegarek Na\u0142aduj bateri\u0119 Spotter GPS Watch w pe\u0142ni przez 2 do 3 godzin. U\u017cyj do tego do\u0142\u0105czonego kabla USB. Umie\u015b\u0107 dwa styki \u0142adowarki [&hellip;]","og_url":"https:\/\/www.spottergps.com\/pl\/instrukcja-resetowania-spotter-gps-watch\/","og_site_name":"Spotter - Polen","article_modified_time":"2025-04-23T06:57:06+00:00","twitter_card":"summary_large_image","twitter_misc":{"Szacowany czas czytania":"2 minuty"},"schema":{"@context":"https:\/\/schema.org","@graph":[{"@type":"WebPage","@id":"https:\/\/www.spottergps.com\/pl\/instrukcja-resetowania-spotter-gps-watch\/","url":"https:\/\/www.spottergps.com\/pl\/instrukcja-resetowania-spotter-gps-watch\/","name":"Instrukcja resetowania Spotter GPS Watch - Spotter - Polen","isPartOf":{"@id":"https:\/\/www.spottergps.com\/pl\/#website"},"datePublished":"2025-03-31T14:52:32+00:00","dateModified":"2025-04-23T06:57:06+00:00","breadcrumb":{"@id":"https:\/\/www.spottergps.com\/pl\/instrukcja-resetowania-spotter-gps-watch\/#breadcrumb"},"inLanguage":"pl-PL","potentialAction":[{"@type":"ReadAction","target":["https:\/\/www.spottergps.com\/pl\/instrukcja-resetowania-spotter-gps-watch\/"]}]},{"@type":"BreadcrumbList","@id":"https:\/\/www.spottergps.com\/pl\/instrukcja-resetowania-spotter-gps-watch\/#breadcrumb","itemListElement":[{"@type":"ListItem","position":1,"name":"Home","item":"https:\/\/www.spottergps.com\/pl\/"},{"@type":"ListItem","position":2,"name":"Instrukcja resetowania Spotter GPS Watch"}]},{"@type":"WebSite","@id":"https:\/\/www.spottergps.com\/pl\/#website","url":"https:\/\/www.spottergps.com\/pl\/","name":"Spotter - Polen","description":"GPS tracker dla wszystkiego, co kochasz","potentialAction":[{"@type":"SearchAction","target":{"@type":"EntryPoint","urlTemplate":"https:\/\/www.spottergps.com\/pl\/?s={search_term_string}"},"query-input":{"@type":"PropertyValueSpecification","valueRequired":true,"valueName":"search_term_string"}}],"inLanguage":"pl-PL"}]}},"_links":{"self":[{"href":"https:\/\/www.spottergps.com\/pl\/wp-json\/wp\/v2\/pages\/818","targetHints":{"allow":["GET"]}}],"collection":[{"href":"https:\/\/www.spottergps.com\/pl\/wp-json\/wp\/v2\/pages"}],"about":[{"href":"https:\/\/www.spottergps.com\/pl\/wp-json\/wp\/v2\/types\/page"}],"author":[{"embeddable":true,"href":"https:\/\/www.spottergps.com\/pl\/wp-json\/wp\/v2\/users\/14"}],"replies":[{"embeddable":true,"href":"https:\/\/www.spottergps.com\/pl\/wp-json\/wp\/v2\/comments?post=818"}],"version-history":[{"count":2,"href":"https:\/\/www.spottergps.com\/pl\/wp-json\/wp\/v2\/pages\/818\/revisions"}],"predecessor-version":[{"id":20755,"href":"https:\/\/www.spottergps.com\/pl\/wp-json\/wp\/v2\/pages\/818\/revisions\/20755"}],"wp:attachment":[{"href":"https:\/\/www.spottergps.com\/pl\/wp-json\/wp\/v2\/media?parent=818"}],"wp:term":[{"taxonomy":"category","embeddable":true,"href":"https:\/\/www.spottergps.com\/pl\/wp-json\/wp\/v2\/categories?post=818"},{"taxonomy":"post_tag","embeddable":true,"href":"https:\/\/www.spottergps.com\/pl\/wp-json\/wp\/v2\/tags?post=818"}],"curies":[{"name":"wp","href":"https:\/\/api.w.org\/{rel}","templated":true}]}}