{"id":815,"date":"2025-03-31T14:48:34","date_gmt":"2025-03-31T14:48:34","guid":{"rendered":"https:\/\/www.spottergps.com\/pl\/?page_id=815"},"modified":"2025-04-23T06:56:00","modified_gmt":"2025-04-23T06:56:00","slug":"instrukcja-resetowania-spotter-gps-tracker","status":"publish","type":"page","link":"https:\/\/www.spottergps.com\/pl\/instrukcja-resetowania-spotter-gps-tracker\/","title":{"rendered":"Instrukcja resetowania Spotter GPS Tracker"},"content":{"rendered":"\n<h3 data-start=\"54\" data-end=\"88\"><strong data-start=\"59\" data-end=\"86\">Krok 1: Sprawd\u017a bateri\u0119<\/strong><\/h3>\n<p class=\"\" data-start=\"89\" data-end=\"361\">Upewnij si\u0119, \u017ce Spotter GPS Tracker ma wystarczaj\u0105c\u0105 ilo\u015b\u0107 baterii. Je\u015bli niebieska dioda LED miga szybko, oznacza to, \u017ce poziom na\u0142adowania baterii jest poni\u017cej 15%. Na\u0142aduj urz\u0105dzenie w pe\u0142ni przez <strong data-start=\"289\" data-end=\"304\">2-3 godziny<\/strong>. Po zako\u0144czeniu \u0142adowania od\u0142\u0105cz Spotter od \u0142adowarki.<\/p>\n<h3 data-start=\"363\" data-end=\"408\"><strong data-start=\"368\" data-end=\"406\">Krok 2: Sprawd\u017a stan konta prepaid<\/strong><\/h3>\n<p class=\"\" data-start=\"409\" data-end=\"744\">Sprawd\u017a, czy Spotter nadal posiada aktywne \u015brodki na koncie prepaid. Mo\u017cesz to zrobi\u0107 w ustawieniach urz\u0105dzenia. Je\u015bli \u015brodki wygas\u0142y, Spotter nie b\u0119dzie m\u00f3g\u0142 przesy\u0142a\u0107 danych. Mo\u017cesz do\u0142adowa\u0107 urz\u0105dzenie na <strong data-start=\"617\" data-end=\"641\">3, 6, 12 lub 24 miesi\u0119cy<\/strong> poprzez swoje konto online. Po do\u0142adowaniu Spotter ponownie stanie si\u0119 aktywny w ci\u0105gu <strong data-start=\"729\" data-end=\"741\">30 minut<\/strong>.<\/p>\n<h3 data-start=\"746\" data-end=\"779\"><strong data-start=\"751\" data-end=\"777\">Krok 3: Wy\u0142\u0105cz Spotter<\/strong><\/h3>\n<p class=\"\" data-start=\"780\" data-end=\"863\">Wy\u0142\u0105cz urz\u0105dzenie, naciskaj\u0105c <strong data-start=\"810\" data-end=\"860\">przycisk SOS i przycisk zasilania jednocze\u015bnie<\/strong>.<\/p>\n<h3 data-start=\"865\" data-end=\"902\"><strong data-start=\"870\" data-end=\"900\">Krok 4: Sprawd\u017a zasi\u0119g GPS<\/strong><\/h3>\n<p class=\"\" data-start=\"903\" data-end=\"1145\">Aby poprawnie okre\u015bli\u0107 lokalizacj\u0119, Spotter GPS Tracker musi mie\u0107 dobry zasi\u0119g GPS (niebieska dioda LED). W\u0142\u0105cz urz\u0105dzenie <strong data-start=\"1026\" data-end=\"1057\">na zewn\u0105trz lub blisko okna<\/strong>, aby uzyska\u0107 najlepszy zasi\u0119g. Sprawd\u017a status po\u0142\u0105czenia GPS wed\u0142ug poni\u017cszej tabeli:<\/p>\n<ul>\n<li data-start=\"1149\" data-end=\"1221\"><strong data-start=\"1149\" data-end=\"1186\">Szybkie miganie raz na 3 sekundy:<\/strong> Spotter ma ustalon\u0105 pozycj\u0119 GPS.<\/li>\n<li data-start=\"1224\" data-end=\"1306\"><strong data-start=\"1224\" data-end=\"1266\">Bardzo wolne miganie raz na 3 sekundy:<\/strong> Spotter nie ma ustalonej pozycji GPS.<\/li>\n<li data-start=\"1309\" data-end=\"1370\"><strong data-start=\"1309\" data-end=\"1326\">Brak migania:<\/strong> Modu\u0142 GPS znajduje si\u0119 w trybie u\u015bpienia.<\/li>\n<\/ul>\n<p class=\"\" data-start=\"1372\" data-end=\"1561\">Je\u015bli urz\u0105dzenie nie ma dobrego sygna\u0142u GPS, spr\u00f3buj u\u017cy\u0107 go w innej lokalizacji (najlepiej na zewn\u0105trz). Mo\u017cesz r\u00f3wnie\u017c wy\u0142\u0105czy\u0107 i ponownie w\u0142\u0105czy\u0107 Spotter w miejscu z lepszym zasi\u0119giem.<\/p>\n<h3 data-start=\"1563\" data-end=\"1604\"><strong data-start=\"1568\" data-end=\"1602\">Krok 5: Otrzymanie lokalizacji<\/strong><\/h3>\n<p class=\"\" data-start=\"1605\" data-end=\"1867\">W ci\u0105gu kilku minut lub godzin pierwsza lokalizacja powinna si\u0119 pojawi\u0107. Spr\u00f3buj r\u00f3wnie\u017c od\u015bwie\u017cy\u0107 stron\u0119. Je\u015bli nadal nie otrzymujesz lokalizacji mimo wykonania wszystkich krok\u00f3w, skontaktuj si\u0119 z naszym dzia\u0142em obs\u0142ugi klienta poprzez <a href=\"https:\/\/www.spottergps.com\/pl\/w-czym-mozemy-panstwu-pomoc\/\"><span style=\"text-decoration: underline\">formularz kontaktowy.<\/span><\/a><\/p>\n","protected":false},"excerpt":{"rendered":"<p>Krok 1: Sprawd\u017a bateri\u0119 Upewnij si\u0119, \u017ce Spotter GPS Tracker ma wystarczaj\u0105c\u0105 ilo\u015b\u0107 baterii. Je\u015bli niebieska dioda LED miga szybko, oznacza to, \u017ce poziom na\u0142adowania baterii jest poni\u017cej 15%. Na\u0142aduj urz\u0105dzenie w pe\u0142ni przez 2-3 godziny. Po zako\u0144czeniu \u0142adowania od\u0142\u0105cz Spotter od \u0142adowarki. Krok 2: Sprawd\u017a stan konta prepaid Sprawd\u017a, czy Spotter nadal posiada aktywne [&hellip;]<\/p>\n","protected":false},"author":14,"featured_media":0,"parent":0,"menu_order":0,"comment_status":"closed","ping_status":"closed","template":"","meta":{"_acf_changed":false,"footnotes":""},"categories":[],"tags":[],"class_list":["post-815","page","type-page","status-publish","hentry"],"acf":[],"yoast_head":"<!-- This site is optimized with the Yoast SEO plugin v25.9 - https:\/\/yoast.com\/wordpress\/plugins\/seo\/ -->\n<title>Instrukcja resetowania Spotter GPS Tracker - Spotter - Polen<\/title>\n<meta name=\"robots\" content=\"index, follow, max-snippet:-1, max-image-preview:large, max-video-preview:-1\" \/>\n<link rel=\"canonical\" href=\"https:\/\/www.spottergps.com\/pl\/instrukcja-resetowania-spotter-gps-tracker\/\" \/>\n<meta property=\"og:locale\" content=\"pl_PL\" \/>\n<meta property=\"og:type\" content=\"article\" \/>\n<meta property=\"og:title\" content=\"Instrukcja resetowania Spotter GPS Tracker - Spotter - Polen\" \/>\n<meta property=\"og:description\" content=\"Krok 1: Sprawd\u017a bateri\u0119 Upewnij si\u0119, \u017ce Spotter GPS Tracker ma wystarczaj\u0105c\u0105 ilo\u015b\u0107 baterii. Je\u015bli niebieska dioda LED miga szybko, oznacza to, \u017ce poziom na\u0142adowania baterii jest poni\u017cej 15%. Na\u0142aduj urz\u0105dzenie w pe\u0142ni przez 2-3 godziny. Po zako\u0144czeniu \u0142adowania od\u0142\u0105cz Spotter od \u0142adowarki. Krok 2: Sprawd\u017a stan konta prepaid Sprawd\u017a, czy Spotter nadal posiada aktywne [&hellip;]\" \/>\n<meta property=\"og:url\" content=\"https:\/\/www.spottergps.com\/pl\/instrukcja-resetowania-spotter-gps-tracker\/\" \/>\n<meta property=\"og:site_name\" content=\"Spotter - Polen\" \/>\n<meta property=\"article:modified_time\" content=\"2025-04-23T06:56:00+00:00\" \/>\n<meta name=\"twitter:card\" content=\"summary_large_image\" \/>\n<meta name=\"twitter:label1\" content=\"Szacowany czas czytania\" \/>\n\t<meta name=\"twitter:data1\" content=\"2 minuty\" \/>\n<script type=\"application\/ld+json\" class=\"yoast-schema-graph\">{\"@context\":\"https:\/\/schema.org\",\"@graph\":[{\"@type\":\"WebPage\",\"@id\":\"https:\/\/www.spottergps.com\/pl\/instrukcja-resetowania-spotter-gps-tracker\/\",\"url\":\"https:\/\/www.spottergps.com\/pl\/instrukcja-resetowania-spotter-gps-tracker\/\",\"name\":\"Instrukcja resetowania Spotter GPS Tracker - Spotter - Polen\",\"isPartOf\":{\"@id\":\"https:\/\/www.spottergps.com\/pl\/#website\"},\"datePublished\":\"2025-03-31T14:48:34+00:00\",\"dateModified\":\"2025-04-23T06:56:00+00:00\",\"breadcrumb\":{\"@id\":\"https:\/\/www.spottergps.com\/pl\/instrukcja-resetowania-spotter-gps-tracker\/#breadcrumb\"},\"inLanguage\":\"pl-PL\",\"potentialAction\":[{\"@type\":\"ReadAction\",\"target\":[\"https:\/\/www.spottergps.com\/pl\/instrukcja-resetowania-spotter-gps-tracker\/\"]}]},{\"@type\":\"BreadcrumbList\",\"@id\":\"https:\/\/www.spottergps.com\/pl\/instrukcja-resetowania-spotter-gps-tracker\/#breadcrumb\",\"itemListElement\":[{\"@type\":\"ListItem\",\"position\":1,\"name\":\"Home\",\"item\":\"https:\/\/www.spottergps.com\/pl\/\"},{\"@type\":\"ListItem\",\"position\":2,\"name\":\"Instrukcja resetowania Spotter GPS Tracker\"}]},{\"@type\":\"WebSite\",\"@id\":\"https:\/\/www.spottergps.com\/pl\/#website\",\"url\":\"https:\/\/www.spottergps.com\/pl\/\",\"name\":\"Spotter - Polen\",\"description\":\"GPS tracker dla wszystkiego, co kochasz\",\"potentialAction\":[{\"@type\":\"SearchAction\",\"target\":{\"@type\":\"EntryPoint\",\"urlTemplate\":\"https:\/\/www.spottergps.com\/pl\/?s={search_term_string}\"},\"query-input\":{\"@type\":\"PropertyValueSpecification\",\"valueRequired\":true,\"valueName\":\"search_term_string\"}}],\"inLanguage\":\"pl-PL\"}]}<\/script>\n<!-- \/ Yoast SEO plugin. -->","yoast_head_json":{"title":"Instrukcja resetowania Spotter GPS Tracker - Spotter - Polen","robots":{"index":"index","follow":"follow","max-snippet":"max-snippet:-1","max-image-preview":"max-image-preview:large","max-video-preview":"max-video-preview:-1"},"canonical":"https:\/\/www.spottergps.com\/pl\/instrukcja-resetowania-spotter-gps-tracker\/","og_locale":"pl_PL","og_type":"article","og_title":"Instrukcja resetowania Spotter GPS Tracker - Spotter - Polen","og_description":"Krok 1: Sprawd\u017a bateri\u0119 Upewnij si\u0119, \u017ce Spotter GPS Tracker ma wystarczaj\u0105c\u0105 ilo\u015b\u0107 baterii. Je\u015bli niebieska dioda LED miga szybko, oznacza to, \u017ce poziom na\u0142adowania baterii jest poni\u017cej 15%. Na\u0142aduj urz\u0105dzenie w pe\u0142ni przez 2-3 godziny. Po zako\u0144czeniu \u0142adowania od\u0142\u0105cz Spotter od \u0142adowarki. Krok 2: Sprawd\u017a stan konta prepaid Sprawd\u017a, czy Spotter nadal posiada aktywne [&hellip;]","og_url":"https:\/\/www.spottergps.com\/pl\/instrukcja-resetowania-spotter-gps-tracker\/","og_site_name":"Spotter - Polen","article_modified_time":"2025-04-23T06:56:00+00:00","twitter_card":"summary_large_image","twitter_misc":{"Szacowany czas czytania":"2 minuty"},"schema":{"@context":"https:\/\/schema.org","@graph":[{"@type":"WebPage","@id":"https:\/\/www.spottergps.com\/pl\/instrukcja-resetowania-spotter-gps-tracker\/","url":"https:\/\/www.spottergps.com\/pl\/instrukcja-resetowania-spotter-gps-tracker\/","name":"Instrukcja resetowania Spotter GPS Tracker - Spotter - Polen","isPartOf":{"@id":"https:\/\/www.spottergps.com\/pl\/#website"},"datePublished":"2025-03-31T14:48:34+00:00","dateModified":"2025-04-23T06:56:00+00:00","breadcrumb":{"@id":"https:\/\/www.spottergps.com\/pl\/instrukcja-resetowania-spotter-gps-tracker\/#breadcrumb"},"inLanguage":"pl-PL","potentialAction":[{"@type":"ReadAction","target":["https:\/\/www.spottergps.com\/pl\/instrukcja-resetowania-spotter-gps-tracker\/"]}]},{"@type":"BreadcrumbList","@id":"https:\/\/www.spottergps.com\/pl\/instrukcja-resetowania-spotter-gps-tracker\/#breadcrumb","itemListElement":[{"@type":"ListItem","position":1,"name":"Home","item":"https:\/\/www.spottergps.com\/pl\/"},{"@type":"ListItem","position":2,"name":"Instrukcja resetowania Spotter GPS Tracker"}]},{"@type":"WebSite","@id":"https:\/\/www.spottergps.com\/pl\/#website","url":"https:\/\/www.spottergps.com\/pl\/","name":"Spotter - Polen","description":"GPS tracker dla wszystkiego, co kochasz","potentialAction":[{"@type":"SearchAction","target":{"@type":"EntryPoint","urlTemplate":"https:\/\/www.spottergps.com\/pl\/?s={search_term_string}"},"query-input":{"@type":"PropertyValueSpecification","valueRequired":true,"valueName":"search_term_string"}}],"inLanguage":"pl-PL"}]}},"_links":{"self":[{"href":"https:\/\/www.spottergps.com\/pl\/wp-json\/wp\/v2\/pages\/815","targetHints":{"allow":["GET"]}}],"collection":[{"href":"https:\/\/www.spottergps.com\/pl\/wp-json\/wp\/v2\/pages"}],"about":[{"href":"https:\/\/www.spottergps.com\/pl\/wp-json\/wp\/v2\/types\/page"}],"author":[{"embeddable":true,"href":"https:\/\/www.spottergps.com\/pl\/wp-json\/wp\/v2\/users\/14"}],"replies":[{"embeddable":true,"href":"https:\/\/www.spottergps.com\/pl\/wp-json\/wp\/v2\/comments?post=815"}],"version-history":[{"count":3,"href":"https:\/\/www.spottergps.com\/pl\/wp-json\/wp\/v2\/pages\/815\/revisions"}],"predecessor-version":[{"id":20754,"href":"https:\/\/www.spottergps.com\/pl\/wp-json\/wp\/v2\/pages\/815\/revisions\/20754"}],"wp:attachment":[{"href":"https:\/\/www.spottergps.com\/pl\/wp-json\/wp\/v2\/media?parent=815"}],"wp:term":[{"taxonomy":"category","embeddable":true,"href":"https:\/\/www.spottergps.com\/pl\/wp-json\/wp\/v2\/categories?post=815"},{"taxonomy":"post_tag","embeddable":true,"href":"https:\/\/www.spottergps.com\/pl\/wp-json\/wp\/v2\/tags?post=815"}],"curies":[{"name":"wp","href":"https:\/\/api.w.org\/{rel}","templated":true}]}}