{"id":808,"date":"2025-03-31T15:02:15","date_gmt":"2025-03-31T15:02:15","guid":{"rendered":"https:\/\/www.spottergps.com\/pl\/?page_id=808"},"modified":"2025-04-02T06:41:34","modified_gmt":"2025-04-02T06:41:34","slug":"brak-lokalizacji-lub-nieaktywne-urzadzenie-spotter","status":"publish","type":"page","link":"https:\/\/www.spottergps.com\/pl\/faq-2\/zasieg\/brak-lokalizacji-lub-nieaktywne-urzadzenie-spotter\/","title":{"rendered":"Brak lokalizacji lub nieaktywne urz\u0105dzenie Spotter?"},"content":{"rendered":"\n<p>Je\u015bli Tw\u00f3j Spotter GPS nie przesy\u0142a lokalizacji, a powinien to robi\u0107, przygotowali\u015bmy instrukcj\u0119 resetowania urz\u0105dzenia. Wybierz poni\u017cej sw\u00f3j model i post\u0119puj zgodnie z instrukcjami.<\/p>\n\n\n\n<div class=\"wp-block-columns is-layout-flex wp-container-core-columns-is-layout-9d6595d7 wp-block-columns-is-layout-flex\">\n<div class=\"wp-block-column is-layout-flow wp-block-column-is-layout-flow\" style=\"flex-basis:50%\">\n<h2 data-start=\"245\" data-end=\"274\"><strong data-start=\"249\" data-end=\"272\">Spotter GPS Tracker<\/strong><\/h2>\n<p class=\"\" data-start=\"275\" data-end=\"367\">Post\u0119puj zgodnie z instrukcjami resetowania dla Spotter GPS Tracker.<\/p>\n<p class=\"\" data-start=\"275\" data-end=\"367\"><strong data-start=\"344\" data-end=\"365\"><a class=\"main-button\" title=\"Direct bestellen!\" href=\"https:\/\/www.spottergps.com\/pl\/instrukcja-resetowania-spotter-gps-tracker\/\" target=\"_blank\" rel=\"noopener noreferrer\">Zobacz instrukcj\u0119<\/a><br \/><\/strong><\/p>\n<p class=\"\" data-start=\"275\" data-end=\"367\">\u00a0<\/p>\n<\/div>\n\n\n\n<div class=\"wp-block-column is-layout-flow wp-block-column-is-layout-flow\" style=\"flex-basis:50%\">\n<figure class=\"wp-block-image size-full is-resized\"><img loading=\"lazy\" decoding=\"async\" width=\"300\" height=\"294\" src=\"https:\/\/www.spottergps.com\/pl\/wp-content\/uploads\/sites\/9\/2025\/03\/spotter-gps-spotter.jpg\" alt=\"\" class=\"wp-image-809\" style=\"width:210px;height:auto\" \/><\/figure>\n<\/div>\n<\/div>\n\n\n<p><!-- \/wp:post-content --><\/p>\n<p><!-- wp:columns --><\/p>\n<div class=\"wp-block-columns\"><!-- wp:column {\"width\":\"50%\"} -->\n<div class=\"wp-block-column\" style=\"flex-basis: 50%\"><!-- wp:tadv\/classic-paragraph -->\n<h2 data-start=\"369\" data-end=\"396\"><strong data-start=\"373\" data-end=\"394\">Spotter GPS Watch<\/strong><\/h2>\n<p class=\"\" data-start=\"397\" data-end=\"487\">Post\u0119puj zgodnie z instrukcjami resetowania dla Spotter GPS Watch. <br \/><strong data-start=\"344\" data-end=\"365\"><a class=\"main-button\" title=\"Direct bestellen!\" href=\"https:\/\/www.spottergps.com\/pl\/instrukcja-resetowania-spotter-gps-watch\/\" target=\"_blank\" rel=\"noopener noreferrer\">Zobacz instrukcj\u0119<\/a><\/strong><\/p>\n<p><!-- \/wp:tadv\/classic-paragraph --><\/p>\n<\/div>\n<p><!-- \/wp:column --><\/p>\n<p><!-- wp:column {\"width\":\"50%\"} --><\/p>\n<div class=\"wp-block-column\" style=\"flex-basis: 50%\"><!-- wp:image {\"id\":810,\"width\":\"377px\",\"height\":\"auto\",\"sizeSlug\":\"full\",\"linkDestination\":\"none\"} -->\n<figure class=\"wp-block-image size-full is-resized\"><img loading=\"lazy\" decoding=\"async\" width=\"620\" height=\"380\" class=\"wp-image-810\" style=\"width: 377px;height: auto\" src=\"https:\/\/www.spottergps.com\/pl\/wp-content\/uploads\/sites\/9\/2025\/03\/spotter-watch-spotter.jpg\" alt=\"\" srcset=\"https:\/\/www.spottergps.com\/pl\/wp-content\/uploads\/sites\/9\/2025\/03\/spotter-watch-spotter.jpg 620w, https:\/\/www.spottergps.com\/pl\/wp-content\/uploads\/sites\/9\/2025\/03\/spotter-watch-spotter-300x184.jpg 300w\" sizes=\"auto, (max-width: 620px) 100vw, 620px\" \/><\/figure>\n<p><!-- \/wp:image --><\/p>\n<\/div>\n<p><!-- \/wp:column --><\/p>\n<\/div>\n<p><!-- \/wp:columns --><\/p>\n<p><!-- wp:columns --><\/p>\n<div class=\"wp-block-columns\"><!-- wp:column {\"width\":\"50%\"} -->\n<div class=\"wp-block-column\" style=\"flex-basis: 50%\"><!-- wp:tadv\/classic-paragraph -->\n<h2 data-start=\"524\" data-end=\"564\"><strong data-start=\"528\" data-end=\"562\">Pet Spotter (dla kot\u00f3w i ps\u00f3w)<\/strong><\/h2>\n<p class=\"\" data-start=\"565\" data-end=\"649\">Post\u0119puj zgodnie z instrukcjami resetowania dla Pet Spotter.<br \/><strong data-start=\"344\" data-end=\"365\"><a class=\"main-button\" title=\"Direct bestellen!\" href=\"https:\/\/www.spottergps.com\/pl\/instrukcja-resetowania-pet-spotter\/\" target=\"_blank\" rel=\"noopener noreferrer\">Zobacz instrukcj\u0119<\/a><\/strong><\/p>\n<p><!-- \/wp:tadv\/classic-paragraph --><\/p>\n<\/div>\n<p><!-- \/wp:column --><\/p>\n<p><!-- wp:column {\"width\":\"50%\"} --><\/p>\n<div class=\"wp-block-column\" style=\"flex-basis: 50%\"><!-- wp:image {\"id\":812,\"width\":\"193px\",\"height\":\"auto\",\"sizeSlug\":\"full\",\"linkDestination\":\"none\"} -->\n<figure class=\"wp-block-image size-full is-resized\"><img loading=\"lazy\" decoding=\"async\" width=\"768\" height=\"871\" class=\"wp-image-812\" style=\"width: 193px;height: auto\" src=\"https:\/\/www.spottergps.com\/pl\/wp-content\/uploads\/sites\/9\/2025\/03\/spotter-cat-spotter.jpg\" alt=\"\" srcset=\"https:\/\/www.spottergps.com\/pl\/wp-content\/uploads\/sites\/9\/2025\/03\/spotter-cat-spotter.jpg 768w, https:\/\/www.spottergps.com\/pl\/wp-content\/uploads\/sites\/9\/2025\/03\/spotter-cat-spotter-265x300.jpg 265w\" sizes=\"auto, (max-width: 768px) 100vw, 768px\" \/><\/figure>\n<p><!-- \/wp:image --><\/p>\n<\/div>\n<p><!-- \/wp:column --><\/p>\n<\/div>\n<p><!-- \/wp:columns --><\/p>\n<p><!-- wp:columns --><\/p>\n<div class=\"wp-block-columns\"><!-- wp:column {\"width\":\"50%\"} -->\n<div class=\"wp-block-column\" style=\"flex-basis: 50%\"><!-- wp:tadv\/classic-paragraph -->\n<h2 data-start=\"651\" data-end=\"684\"><strong data-start=\"655\" data-end=\"682\">Spotter GPS Watch \u2013 Air<\/strong><\/h2>\n<p class=\"\" data-start=\"685\" data-end=\"779\">Post\u0119puj zgodnie z instrukcjami resetowania dla Spotter GPS Watch \u2013 Air<br \/><strong data-start=\"344\" data-end=\"365\"><a class=\"main-button\" title=\"Direct bestellen!\" href=\"https:\/\/www.spottergps.com\/pl\/instrukcja-resetowania-spotter-gps-watch-air\/\" target=\"_blank\" rel=\"noopener noreferrer\">Zobacz instrukcj\u0119<\/a><\/strong><\/p>\n<p><!-- \/wp:tadv\/classic-paragraph --><\/p>\n<p><!-- wp:tadv\/classic-paragraph \/--><\/p>\n<\/div>\n<p><!-- \/wp:column --><\/p>\n<p><!-- wp:column {\"width\":\"50%\"} --><\/p>\n<div class=\"wp-block-column\" style=\"flex-basis: 50%\"><!-- wp:image {\"id\":813,\"width\":\"253px\",\"height\":\"auto\",\"sizeSlug\":\"full\",\"linkDestination\":\"none\"} -->\n<figure class=\"wp-block-image size-full is-resized\"><img loading=\"lazy\" decoding=\"async\" width=\"768\" height=\"768\" class=\"wp-image-813\" style=\"width: 253px;height: auto\" src=\"https:\/\/www.spottergps.com\/pl\/wp-content\/uploads\/sites\/9\/2025\/03\/spotter-gps-watch-spotter.jpg\" alt=\"\" srcset=\"https:\/\/www.spottergps.com\/pl\/wp-content\/uploads\/sites\/9\/2025\/03\/spotter-gps-watch-spotter.jpg 768w, https:\/\/www.spottergps.com\/pl\/wp-content\/uploads\/sites\/9\/2025\/03\/spotter-gps-watch-spotter-300x300.jpg 300w, https:\/\/www.spottergps.com\/pl\/wp-content\/uploads\/sites\/9\/2025\/03\/spotter-gps-watch-spotter-150x150.jpg 150w\" sizes=\"auto, (max-width: 768px) 100vw, 768px\" \/><\/figure>\n<p><!-- \/wp:image --><\/p>\n<\/div>\n<p><!-- \/wp:column --><\/p>\n<\/div>\n<p><!-- \/wp:columns --><\/p>\n<p><!-- wp:paragraph --><\/p>\n<p><!-- \/wp:paragraph --><\/p>","protected":false},"excerpt":{"rendered":"<p>Je\u015bli Tw\u00f3j Spotter GPS nie przesy\u0142a lokalizacji, a powinien to robi\u0107, przygotowali\u015bmy instrukcj\u0119 resetowania urz\u0105dzenia. Wybierz poni\u017cej sw\u00f3j model i post\u0119puj zgodnie z instrukcjami. Spotter GPS Tracker Post\u0119puj zgodnie z instrukcjami resetowania dla Spotter GPS Tracker. Zobacz instrukcj\u0119 \u00a0 Spotter GPS Watch Post\u0119puj zgodnie z instrukcjami resetowania dla Spotter GPS Watch. Zobacz instrukcj\u0119 Pet Spotter [&hellip;]<\/p>\n","protected":false},"author":14,"featured_media":0,"parent":647,"menu_order":0,"comment_status":"closed","ping_status":"closed","template":"faq-content.php","meta":{"_acf_changed":false,"footnotes":""},"categories":[5],"tags":[],"class_list":["post-808","page","type-page","status-publish","hentry","category-faq"],"acf":[],"yoast_head":"<!-- This site is optimized with the Yoast SEO plugin v25.9 - https:\/\/yoast.com\/wordpress\/plugins\/seo\/ -->\n<title>Brak lokalizacji lub nieaktywne urz\u0105dzenie Spotter? - Spotter - Polen<\/title>\n<meta name=\"robots\" content=\"index, follow, max-snippet:-1, max-image-preview:large, max-video-preview:-1\" \/>\n<link rel=\"canonical\" href=\"https:\/\/www.spottergps.com\/pl\/faq-2\/zasieg\/brak-lokalizacji-lub-nieaktywne-urzadzenie-spotter\/\" \/>\n<meta property=\"og:locale\" content=\"pl_PL\" \/>\n<meta property=\"og:type\" content=\"article\" \/>\n<meta property=\"og:title\" content=\"Brak lokalizacji lub nieaktywne urz\u0105dzenie Spotter? - Spotter - Polen\" \/>\n<meta property=\"og:description\" content=\"Je\u015bli Tw\u00f3j Spotter GPS nie przesy\u0142a lokalizacji, a powinien to robi\u0107, przygotowali\u015bmy instrukcj\u0119 resetowania urz\u0105dzenia. Wybierz poni\u017cej sw\u00f3j model i post\u0119puj zgodnie z instrukcjami. Spotter GPS Tracker Post\u0119puj zgodnie z instrukcjami resetowania dla Spotter GPS Tracker. Zobacz instrukcj\u0119 \u00a0 Spotter GPS Watch Post\u0119puj zgodnie z instrukcjami resetowania dla Spotter GPS Watch. Zobacz instrukcj\u0119 Pet Spotter [&hellip;]\" \/>\n<meta property=\"og:url\" content=\"https:\/\/www.spottergps.com\/pl\/faq-2\/zasieg\/brak-lokalizacji-lub-nieaktywne-urzadzenie-spotter\/\" \/>\n<meta property=\"og:site_name\" content=\"Spotter - Polen\" \/>\n<meta property=\"article:modified_time\" content=\"2025-04-02T06:41:34+00:00\" \/>\n<meta property=\"og:image\" content=\"https:\/\/www.spottergps.com\/pl\/wp-content\/uploads\/sites\/9\/2025\/03\/spotter-gps-spotter.jpg\" \/>\n<meta name=\"twitter:card\" content=\"summary_large_image\" \/>\n<meta name=\"twitter:label1\" content=\"Szacowany czas czytania\" \/>\n\t<meta name=\"twitter:data1\" content=\"2 minuty\" \/>\n<script type=\"application\/ld+json\" class=\"yoast-schema-graph\">{\"@context\":\"https:\/\/schema.org\",\"@graph\":[{\"@type\":\"WebPage\",\"@id\":\"https:\/\/www.spottergps.com\/pl\/faq-2\/zasieg\/brak-lokalizacji-lub-nieaktywne-urzadzenie-spotter\/\",\"url\":\"https:\/\/www.spottergps.com\/pl\/faq-2\/zasieg\/brak-lokalizacji-lub-nieaktywne-urzadzenie-spotter\/\",\"name\":\"Brak lokalizacji lub nieaktywne urz\u0105dzenie Spotter? - Spotter - Polen\",\"isPartOf\":{\"@id\":\"https:\/\/www.spottergps.com\/pl\/#website\"},\"primaryImageOfPage\":{\"@id\":\"https:\/\/www.spottergps.com\/pl\/faq-2\/zasieg\/brak-lokalizacji-lub-nieaktywne-urzadzenie-spotter\/#primaryimage\"},\"image\":{\"@id\":\"https:\/\/www.spottergps.com\/pl\/faq-2\/zasieg\/brak-lokalizacji-lub-nieaktywne-urzadzenie-spotter\/#primaryimage\"},\"thumbnailUrl\":\"https:\/\/www.spottergps.com\/pl\/wp-content\/uploads\/sites\/9\/2025\/03\/spotter-gps-spotter.jpg\",\"datePublished\":\"2025-03-31T15:02:15+00:00\",\"dateModified\":\"2025-04-02T06:41:34+00:00\",\"breadcrumb\":{\"@id\":\"https:\/\/www.spottergps.com\/pl\/faq-2\/zasieg\/brak-lokalizacji-lub-nieaktywne-urzadzenie-spotter\/#breadcrumb\"},\"inLanguage\":\"pl-PL\",\"potentialAction\":[{\"@type\":\"ReadAction\",\"target\":[\"https:\/\/www.spottergps.com\/pl\/faq-2\/zasieg\/brak-lokalizacji-lub-nieaktywne-urzadzenie-spotter\/\"]}]},{\"@type\":\"ImageObject\",\"inLanguage\":\"pl-PL\",\"@id\":\"https:\/\/www.spottergps.com\/pl\/faq-2\/zasieg\/brak-lokalizacji-lub-nieaktywne-urzadzenie-spotter\/#primaryimage\",\"url\":\"https:\/\/www.spottergps.com\/pl\/wp-content\/uploads\/sites\/9\/2025\/03\/spotter-gps-spotter.jpg\",\"contentUrl\":\"https:\/\/www.spottergps.com\/pl\/wp-content\/uploads\/sites\/9\/2025\/03\/spotter-gps-spotter.jpg\",\"width\":300,\"height\":294},{\"@type\":\"BreadcrumbList\",\"@id\":\"https:\/\/www.spottergps.com\/pl\/faq-2\/zasieg\/brak-lokalizacji-lub-nieaktywne-urzadzenie-spotter\/#breadcrumb\",\"itemListElement\":[{\"@type\":\"ListItem\",\"position\":1,\"name\":\"Home\",\"item\":\"https:\/\/www.spottergps.com\/pl\/\"},{\"@type\":\"ListItem\",\"position\":2,\"name\":\"Jak mo\u017cemy ci pom\u00f3c?\",\"item\":\"https:\/\/www.spottergps.com\/pl\/faq-2\/\"},{\"@type\":\"ListItem\",\"position\":3,\"name\":\"Zasi\u0119g\",\"item\":\"https:\/\/www.spottergps.com\/pl\/faq-2\/zasieg\/\"},{\"@type\":\"ListItem\",\"position\":4,\"name\":\"Brak lokalizacji lub nieaktywne urz\u0105dzenie Spotter?\"}]},{\"@type\":\"WebSite\",\"@id\":\"https:\/\/www.spottergps.com\/pl\/#website\",\"url\":\"https:\/\/www.spottergps.com\/pl\/\",\"name\":\"Spotter - Polen\",\"description\":\"GPS tracker dla wszystkiego, co kochasz\",\"potentialAction\":[{\"@type\":\"SearchAction\",\"target\":{\"@type\":\"EntryPoint\",\"urlTemplate\":\"https:\/\/www.spottergps.com\/pl\/?s={search_term_string}\"},\"query-input\":{\"@type\":\"PropertyValueSpecification\",\"valueRequired\":true,\"valueName\":\"search_term_string\"}}],\"inLanguage\":\"pl-PL\"}]}<\/script>\n<!-- \/ Yoast SEO plugin. -->","yoast_head_json":{"title":"Brak lokalizacji lub nieaktywne urz\u0105dzenie Spotter? - Spotter - Polen","robots":{"index":"index","follow":"follow","max-snippet":"max-snippet:-1","max-image-preview":"max-image-preview:large","max-video-preview":"max-video-preview:-1"},"canonical":"https:\/\/www.spottergps.com\/pl\/faq-2\/zasieg\/brak-lokalizacji-lub-nieaktywne-urzadzenie-spotter\/","og_locale":"pl_PL","og_type":"article","og_title":"Brak lokalizacji lub nieaktywne urz\u0105dzenie Spotter? - Spotter - Polen","og_description":"Je\u015bli Tw\u00f3j Spotter GPS nie przesy\u0142a lokalizacji, a powinien to robi\u0107, przygotowali\u015bmy instrukcj\u0119 resetowania urz\u0105dzenia. Wybierz poni\u017cej sw\u00f3j model i post\u0119puj zgodnie z instrukcjami. Spotter GPS Tracker Post\u0119puj zgodnie z instrukcjami resetowania dla Spotter GPS Tracker. Zobacz instrukcj\u0119 \u00a0 Spotter GPS Watch Post\u0119puj zgodnie z instrukcjami resetowania dla Spotter GPS Watch. Zobacz instrukcj\u0119 Pet Spotter [&hellip;]","og_url":"https:\/\/www.spottergps.com\/pl\/faq-2\/zasieg\/brak-lokalizacji-lub-nieaktywne-urzadzenie-spotter\/","og_site_name":"Spotter - Polen","article_modified_time":"2025-04-02T06:41:34+00:00","og_image":[{"url":"https:\/\/www.spottergps.com\/pl\/wp-content\/uploads\/sites\/9\/2025\/03\/spotter-gps-spotter.jpg","type":"","width":"","height":""}],"twitter_card":"summary_large_image","twitter_misc":{"Szacowany czas czytania":"2 minuty"},"schema":{"@context":"https:\/\/schema.org","@graph":[{"@type":"WebPage","@id":"https:\/\/www.spottergps.com\/pl\/faq-2\/zasieg\/brak-lokalizacji-lub-nieaktywne-urzadzenie-spotter\/","url":"https:\/\/www.spottergps.com\/pl\/faq-2\/zasieg\/brak-lokalizacji-lub-nieaktywne-urzadzenie-spotter\/","name":"Brak lokalizacji lub nieaktywne urz\u0105dzenie Spotter? - Spotter - Polen","isPartOf":{"@id":"https:\/\/www.spottergps.com\/pl\/#website"},"primaryImageOfPage":{"@id":"https:\/\/www.spottergps.com\/pl\/faq-2\/zasieg\/brak-lokalizacji-lub-nieaktywne-urzadzenie-spotter\/#primaryimage"},"image":{"@id":"https:\/\/www.spottergps.com\/pl\/faq-2\/zasieg\/brak-lokalizacji-lub-nieaktywne-urzadzenie-spotter\/#primaryimage"},"thumbnailUrl":"https:\/\/www.spottergps.com\/pl\/wp-content\/uploads\/sites\/9\/2025\/03\/spotter-gps-spotter.jpg","datePublished":"2025-03-31T15:02:15+00:00","dateModified":"2025-04-02T06:41:34+00:00","breadcrumb":{"@id":"https:\/\/www.spottergps.com\/pl\/faq-2\/zasieg\/brak-lokalizacji-lub-nieaktywne-urzadzenie-spotter\/#breadcrumb"},"inLanguage":"pl-PL","potentialAction":[{"@type":"ReadAction","target":["https:\/\/www.spottergps.com\/pl\/faq-2\/zasieg\/brak-lokalizacji-lub-nieaktywne-urzadzenie-spotter\/"]}]},{"@type":"ImageObject","inLanguage":"pl-PL","@id":"https:\/\/www.spottergps.com\/pl\/faq-2\/zasieg\/brak-lokalizacji-lub-nieaktywne-urzadzenie-spotter\/#primaryimage","url":"https:\/\/www.spottergps.com\/pl\/wp-content\/uploads\/sites\/9\/2025\/03\/spotter-gps-spotter.jpg","contentUrl":"https:\/\/www.spottergps.com\/pl\/wp-content\/uploads\/sites\/9\/2025\/03\/spotter-gps-spotter.jpg","width":300,"height":294},{"@type":"BreadcrumbList","@id":"https:\/\/www.spottergps.com\/pl\/faq-2\/zasieg\/brak-lokalizacji-lub-nieaktywne-urzadzenie-spotter\/#breadcrumb","itemListElement":[{"@type":"ListItem","position":1,"name":"Home","item":"https:\/\/www.spottergps.com\/pl\/"},{"@type":"ListItem","position":2,"name":"Jak mo\u017cemy ci pom\u00f3c?","item":"https:\/\/www.spottergps.com\/pl\/faq-2\/"},{"@type":"ListItem","position":3,"name":"Zasi\u0119g","item":"https:\/\/www.spottergps.com\/pl\/faq-2\/zasieg\/"},{"@type":"ListItem","position":4,"name":"Brak lokalizacji lub nieaktywne urz\u0105dzenie Spotter?"}]},{"@type":"WebSite","@id":"https:\/\/www.spottergps.com\/pl\/#website","url":"https:\/\/www.spottergps.com\/pl\/","name":"Spotter - Polen","description":"GPS tracker dla wszystkiego, co kochasz","potentialAction":[{"@type":"SearchAction","target":{"@type":"EntryPoint","urlTemplate":"https:\/\/www.spottergps.com\/pl\/?s={search_term_string}"},"query-input":{"@type":"PropertyValueSpecification","valueRequired":true,"valueName":"search_term_string"}}],"inLanguage":"pl-PL"}]}},"_links":{"self":[{"href":"https:\/\/www.spottergps.com\/pl\/wp-json\/wp\/v2\/pages\/808","targetHints":{"allow":["GET"]}}],"collection":[{"href":"https:\/\/www.spottergps.com\/pl\/wp-json\/wp\/v2\/pages"}],"about":[{"href":"https:\/\/www.spottergps.com\/pl\/wp-json\/wp\/v2\/types\/page"}],"author":[{"embeddable":true,"href":"https:\/\/www.spottergps.com\/pl\/wp-json\/wp\/v2\/users\/14"}],"replies":[{"embeddable":true,"href":"https:\/\/www.spottergps.com\/pl\/wp-json\/wp\/v2\/comments?post=808"}],"version-history":[{"count":3,"href":"https:\/\/www.spottergps.com\/pl\/wp-json\/wp\/v2\/pages\/808\/revisions"}],"predecessor-version":[{"id":828,"href":"https:\/\/www.spottergps.com\/pl\/wp-json\/wp\/v2\/pages\/808\/revisions\/828"}],"up":[{"embeddable":true,"href":"https:\/\/www.spottergps.com\/pl\/wp-json\/wp\/v2\/pages\/647"}],"wp:attachment":[{"href":"https:\/\/www.spottergps.com\/pl\/wp-json\/wp\/v2\/media?parent=808"}],"wp:term":[{"taxonomy":"category","embeddable":true,"href":"https:\/\/www.spottergps.com\/pl\/wp-json\/wp\/v2\/categories?post=808"},{"taxonomy":"post_tag","embeddable":true,"href":"https:\/\/www.spottergps.com\/pl\/wp-json\/wp\/v2\/tags?post=808"}],"curies":[{"name":"wp","href":"https:\/\/api.w.org\/{rel}","templated":true}]}}