{"id":802,"date":"2025-03-31T14:28:34","date_gmt":"2025-03-31T14:28:34","guid":{"rendered":"https:\/\/www.spottergps.com\/pl\/?page_id=802"},"modified":"2025-03-31T14:28:36","modified_gmt":"2025-03-31T14:28:36","slug":"jak-usunac-spottera","status":"publish","type":"page","link":"https:\/\/www.spottergps.com\/pl\/faq-2\/produkty-i-funkcje\/jak-usunac-spottera\/","title":{"rendered":"Jak usun\u0105\u0107 Spottera?"},"content":{"rendered":"\n<p class=\"\" data-start=\"28\" data-end=\"144\">Mo\u017cesz usun\u0105\u0107 Spottera, wykonuj\u0105c poni\u017csze kroki. Ze wzgl\u0119d\u00f3w prywatno\u015bci (RODO) nie mo\u017cemy zrobi\u0107 tego za Ciebie.<\/p>\n<ul>\n<li data-start=\"149\" data-end=\"185\"><a href=\"https:\/\/my.spottergps.com\/SpotterApp\/index.html#login\">Zaloguj<\/a> si\u0119 na swoje konto online.<\/li>\n<li data-start=\"189\" data-end=\"225\">Przejd\u017a do zak\u0142adki \u201eHome\u201d w menu.<\/li>\n<li data-start=\"229\" data-end=\"257\">Wybierz Spottera na mapie.<\/li>\n<li data-start=\"261\" data-end=\"309\">Kliknij na Spottera i przejd\u017a do \u201eUstawienia\u201d.<\/li>\n<li data-start=\"313\" data-end=\"345\">Kliknij \u201eUsu\u0144 system z konta\u201d.<\/li>\n<li data-start=\"349\" data-end=\"396\">Je\u015bli jeste\u015b pewien, kliknij ponownie \u201eUsu\u0144\u201d.<\/li>\n<\/ul>\n<p class=\"\" data-start=\"398\" data-end=\"446\">Spotter zostanie teraz usuni\u0119ty z Twojego konta.<\/p>\n","protected":false},"excerpt":{"rendered":"<p>Mo\u017cesz usun\u0105\u0107 Spottera, wykonuj\u0105c poni\u017csze kroki. Ze wzgl\u0119d\u00f3w prywatno\u015bci (RODO) nie mo\u017cemy zrobi\u0107 tego za Ciebie. Zaloguj si\u0119 na swoje konto online. Przejd\u017a do zak\u0142adki \u201eHome\u201d w menu. Wybierz Spottera na mapie. Kliknij na Spottera i przejd\u017a do \u201eUstawienia\u201d. Kliknij \u201eUsu\u0144 system z konta\u201d. Je\u015bli jeste\u015b pewien, kliknij ponownie \u201eUsu\u0144\u201d. Spotter zostanie teraz usuni\u0119ty z [&hellip;]<\/p>\n","protected":false},"author":14,"featured_media":0,"parent":644,"menu_order":0,"comment_status":"closed","ping_status":"closed","template":"faq-content.php","meta":{"_acf_changed":false,"footnotes":""},"categories":[5],"tags":[],"class_list":["post-802","page","type-page","status-publish","hentry","category-faq"],"acf":[],"yoast_head":"<!-- This site is optimized with the Yoast SEO plugin v25.9 - https:\/\/yoast.com\/wordpress\/plugins\/seo\/ -->\n<title>Jak usun\u0105\u0107 Spottera? - Spotter - Polen<\/title>\n<meta name=\"robots\" content=\"index, follow, max-snippet:-1, max-image-preview:large, max-video-preview:-1\" \/>\n<link rel=\"canonical\" href=\"https:\/\/www.spottergps.com\/pl\/faq-2\/produkty-i-funkcje\/jak-usunac-spottera\/\" \/>\n<meta property=\"og:locale\" content=\"pl_PL\" \/>\n<meta property=\"og:type\" content=\"article\" \/>\n<meta property=\"og:title\" content=\"Jak usun\u0105\u0107 Spottera? - Spotter - Polen\" \/>\n<meta property=\"og:description\" content=\"Mo\u017cesz usun\u0105\u0107 Spottera, wykonuj\u0105c poni\u017csze kroki. Ze wzgl\u0119d\u00f3w prywatno\u015bci (RODO) nie mo\u017cemy zrobi\u0107 tego za Ciebie. Zaloguj si\u0119 na swoje konto online. Przejd\u017a do zak\u0142adki \u201eHome\u201d w menu. Wybierz Spottera na mapie. Kliknij na Spottera i przejd\u017a do \u201eUstawienia\u201d. Kliknij \u201eUsu\u0144 system z konta\u201d. Je\u015bli jeste\u015b pewien, kliknij ponownie \u201eUsu\u0144\u201d. Spotter zostanie teraz usuni\u0119ty z [&hellip;]\" \/>\n<meta property=\"og:url\" content=\"https:\/\/www.spottergps.com\/pl\/faq-2\/produkty-i-funkcje\/jak-usunac-spottera\/\" \/>\n<meta property=\"og:site_name\" content=\"Spotter - Polen\" \/>\n<meta property=\"article:modified_time\" content=\"2025-03-31T14:28:36+00:00\" \/>\n<meta name=\"twitter:card\" content=\"summary_large_image\" \/>\n<meta name=\"twitter:label1\" content=\"Szacowany czas czytania\" \/>\n\t<meta name=\"twitter:data1\" content=\"1 minuta\" \/>\n<script type=\"application\/ld+json\" class=\"yoast-schema-graph\">{\"@context\":\"https:\/\/schema.org\",\"@graph\":[{\"@type\":\"WebPage\",\"@id\":\"https:\/\/www.spottergps.com\/pl\/faq-2\/produkty-i-funkcje\/jak-usunac-spottera\/\",\"url\":\"https:\/\/www.spottergps.com\/pl\/faq-2\/produkty-i-funkcje\/jak-usunac-spottera\/\",\"name\":\"Jak usun\u0105\u0107 Spottera? - Spotter - Polen\",\"isPartOf\":{\"@id\":\"https:\/\/www.spottergps.com\/pl\/#website\"},\"datePublished\":\"2025-03-31T14:28:34+00:00\",\"dateModified\":\"2025-03-31T14:28:36+00:00\",\"breadcrumb\":{\"@id\":\"https:\/\/www.spottergps.com\/pl\/faq-2\/produkty-i-funkcje\/jak-usunac-spottera\/#breadcrumb\"},\"inLanguage\":\"pl-PL\",\"potentialAction\":[{\"@type\":\"ReadAction\",\"target\":[\"https:\/\/www.spottergps.com\/pl\/faq-2\/produkty-i-funkcje\/jak-usunac-spottera\/\"]}]},{\"@type\":\"BreadcrumbList\",\"@id\":\"https:\/\/www.spottergps.com\/pl\/faq-2\/produkty-i-funkcje\/jak-usunac-spottera\/#breadcrumb\",\"itemListElement\":[{\"@type\":\"ListItem\",\"position\":1,\"name\":\"Home\",\"item\":\"https:\/\/www.spottergps.com\/pl\/\"},{\"@type\":\"ListItem\",\"position\":2,\"name\":\"Jak mo\u017cemy ci pom\u00f3c?\",\"item\":\"https:\/\/www.spottergps.com\/pl\/faq-2\/\"},{\"@type\":\"ListItem\",\"position\":3,\"name\":\"Produkty i funkcje\",\"item\":\"https:\/\/www.spottergps.com\/pl\/faq-2\/produkty-i-funkcje\/\"},{\"@type\":\"ListItem\",\"position\":4,\"name\":\"Jak usun\u0105\u0107 Spottera?\"}]},{\"@type\":\"WebSite\",\"@id\":\"https:\/\/www.spottergps.com\/pl\/#website\",\"url\":\"https:\/\/www.spottergps.com\/pl\/\",\"name\":\"Spotter - Polen\",\"description\":\"GPS tracker dla wszystkiego, co kochasz\",\"potentialAction\":[{\"@type\":\"SearchAction\",\"target\":{\"@type\":\"EntryPoint\",\"urlTemplate\":\"https:\/\/www.spottergps.com\/pl\/?s={search_term_string}\"},\"query-input\":{\"@type\":\"PropertyValueSpecification\",\"valueRequired\":true,\"valueName\":\"search_term_string\"}}],\"inLanguage\":\"pl-PL\"}]}<\/script>\n<!-- \/ Yoast SEO plugin. -->","yoast_head_json":{"title":"Jak usun\u0105\u0107 Spottera? - Spotter - Polen","robots":{"index":"index","follow":"follow","max-snippet":"max-snippet:-1","max-image-preview":"max-image-preview:large","max-video-preview":"max-video-preview:-1"},"canonical":"https:\/\/www.spottergps.com\/pl\/faq-2\/produkty-i-funkcje\/jak-usunac-spottera\/","og_locale":"pl_PL","og_type":"article","og_title":"Jak usun\u0105\u0107 Spottera? - Spotter - Polen","og_description":"Mo\u017cesz usun\u0105\u0107 Spottera, wykonuj\u0105c poni\u017csze kroki. Ze wzgl\u0119d\u00f3w prywatno\u015bci (RODO) nie mo\u017cemy zrobi\u0107 tego za Ciebie. Zaloguj si\u0119 na swoje konto online. Przejd\u017a do zak\u0142adki \u201eHome\u201d w menu. Wybierz Spottera na mapie. Kliknij na Spottera i przejd\u017a do \u201eUstawienia\u201d. Kliknij \u201eUsu\u0144 system z konta\u201d. Je\u015bli jeste\u015b pewien, kliknij ponownie \u201eUsu\u0144\u201d. Spotter zostanie teraz usuni\u0119ty z [&hellip;]","og_url":"https:\/\/www.spottergps.com\/pl\/faq-2\/produkty-i-funkcje\/jak-usunac-spottera\/","og_site_name":"Spotter - Polen","article_modified_time":"2025-03-31T14:28:36+00:00","twitter_card":"summary_large_image","twitter_misc":{"Szacowany czas czytania":"1 minuta"},"schema":{"@context":"https:\/\/schema.org","@graph":[{"@type":"WebPage","@id":"https:\/\/www.spottergps.com\/pl\/faq-2\/produkty-i-funkcje\/jak-usunac-spottera\/","url":"https:\/\/www.spottergps.com\/pl\/faq-2\/produkty-i-funkcje\/jak-usunac-spottera\/","name":"Jak usun\u0105\u0107 Spottera? - Spotter - Polen","isPartOf":{"@id":"https:\/\/www.spottergps.com\/pl\/#website"},"datePublished":"2025-03-31T14:28:34+00:00","dateModified":"2025-03-31T14:28:36+00:00","breadcrumb":{"@id":"https:\/\/www.spottergps.com\/pl\/faq-2\/produkty-i-funkcje\/jak-usunac-spottera\/#breadcrumb"},"inLanguage":"pl-PL","potentialAction":[{"@type":"ReadAction","target":["https:\/\/www.spottergps.com\/pl\/faq-2\/produkty-i-funkcje\/jak-usunac-spottera\/"]}]},{"@type":"BreadcrumbList","@id":"https:\/\/www.spottergps.com\/pl\/faq-2\/produkty-i-funkcje\/jak-usunac-spottera\/#breadcrumb","itemListElement":[{"@type":"ListItem","position":1,"name":"Home","item":"https:\/\/www.spottergps.com\/pl\/"},{"@type":"ListItem","position":2,"name":"Jak mo\u017cemy ci pom\u00f3c?","item":"https:\/\/www.spottergps.com\/pl\/faq-2\/"},{"@type":"ListItem","position":3,"name":"Produkty i funkcje","item":"https:\/\/www.spottergps.com\/pl\/faq-2\/produkty-i-funkcje\/"},{"@type":"ListItem","position":4,"name":"Jak usun\u0105\u0107 Spottera?"}]},{"@type":"WebSite","@id":"https:\/\/www.spottergps.com\/pl\/#website","url":"https:\/\/www.spottergps.com\/pl\/","name":"Spotter - Polen","description":"GPS tracker dla wszystkiego, co kochasz","potentialAction":[{"@type":"SearchAction","target":{"@type":"EntryPoint","urlTemplate":"https:\/\/www.spottergps.com\/pl\/?s={search_term_string}"},"query-input":{"@type":"PropertyValueSpecification","valueRequired":true,"valueName":"search_term_string"}}],"inLanguage":"pl-PL"}]}},"_links":{"self":[{"href":"https:\/\/www.spottergps.com\/pl\/wp-json\/wp\/v2\/pages\/802","targetHints":{"allow":["GET"]}}],"collection":[{"href":"https:\/\/www.spottergps.com\/pl\/wp-json\/wp\/v2\/pages"}],"about":[{"href":"https:\/\/www.spottergps.com\/pl\/wp-json\/wp\/v2\/types\/page"}],"author":[{"embeddable":true,"href":"https:\/\/www.spottergps.com\/pl\/wp-json\/wp\/v2\/users\/14"}],"replies":[{"embeddable":true,"href":"https:\/\/www.spottergps.com\/pl\/wp-json\/wp\/v2\/comments?post=802"}],"version-history":[{"count":1,"href":"https:\/\/www.spottergps.com\/pl\/wp-json\/wp\/v2\/pages\/802\/revisions"}],"predecessor-version":[{"id":803,"href":"https:\/\/www.spottergps.com\/pl\/wp-json\/wp\/v2\/pages\/802\/revisions\/803"}],"up":[{"embeddable":true,"href":"https:\/\/www.spottergps.com\/pl\/wp-json\/wp\/v2\/pages\/644"}],"wp:attachment":[{"href":"https:\/\/www.spottergps.com\/pl\/wp-json\/wp\/v2\/media?parent=802"}],"wp:term":[{"taxonomy":"category","embeddable":true,"href":"https:\/\/www.spottergps.com\/pl\/wp-json\/wp\/v2\/categories?post=802"},{"taxonomy":"post_tag","embeddable":true,"href":"https:\/\/www.spottergps.com\/pl\/wp-json\/wp\/v2\/tags?post=802"}],"curies":[{"name":"wp","href":"https:\/\/api.w.org\/{rel}","templated":true}]}}