{"id":799,"date":"2025-03-31T14:26:09","date_gmt":"2025-03-31T14:26:09","guid":{"rendered":"https:\/\/www.spottergps.com\/pl\/?page_id=799"},"modified":"2025-03-31T14:26:10","modified_gmt":"2025-03-31T14:26:10","slug":"czy-spotter-jest-wyposazony-w-karte-sim","status":"publish","type":"page","link":"https:\/\/www.spottergps.com\/pl\/faq-2\/produkty-i-funkcje\/czy-spotter-jest-wyposazony-w-karte-sim\/","title":{"rendered":"Czy Spotter jest wyposa\u017cony w kart\u0119 SIM?"},"content":{"rendered":"\n<article class=\"w-full text-token-text-primary\" dir=\"auto\" data-testid=\"conversation-turn-6\" data-scroll-anchor=\"true\">\n<div class=\"text-base my-auto mx-auto py-5 px-6\">\n<div class=\"mx-auto flex flex-1 text-base gap-4 md:gap-5 lg:gap-6 md:max-w-3xl lg:max-w-[40rem] xl:max-w-[48rem] group\/turn-messages focus-visible:outline-none\">\n<div class=\"group\/conversation-turn relative flex w-full min-w-0 flex-col agent-turn @xs\/thread:px-0 @sm\/thread:px-1.5 @md\/thread:px-4\">\n<div class=\"relative flex-col gap-1 md:gap-3\">\n<div class=\"flex max-w-full flex-col flex-grow\">\n<div class=\"min-h-8 text-message relative flex w-full flex-col items-end gap-2 whitespace-normal break-words text-start [.text-message+&amp;]:mt-5\" dir=\"auto\" data-message-author-role=\"assistant\" data-message-id=\"b1c459ff-301b-4cbc-affb-5266565d319a\" data-message-model-slug=\"gpt-4o\">\n<div class=\"flex w-full flex-col gap-1 empty:hidden first:pt-[3px]\">\n<div class=\"markdown prose w-full break-words dark:prose-invert dark\">\n<p class=\"\" data-start=\"48\" data-end=\"334\">Produkty s\u0105 wyposa\u017cone w wbudowan\u0105, zabezpieczon\u0105 kart\u0119 SIM z funkcj\u0105 roamingu, kt\u00f3ra zapewnia dzia\u0142anie Spottera w ca\u0142ej Europie na wszystkich dost\u0119pnych sieciach kom\u00f3rkowych bez dodatkowych op\u0142at. R\u00f3wnie\u017c w Holandii urz\u0105dzenia dzia\u0142aj\u0105 na wszystkich dost\u0119pnych sieciach kom\u00f3rkowych.<\/p>\n<p class=\"\" data-start=\"336\" data-end=\"761\">Powodem tego rozwi\u0105zania jest uniezale\u017cnienie si\u0119 od zasi\u0119gu jednego operatora w danym kraju (lub regionie). Produkty zawsze \u0142\u0105cz\u0105 si\u0119 z najlepiej dost\u0119pn\u0105 sieci\u0105 kom\u00f3rkow\u0105, niezale\u017cnie od operatora. Oznacza to, \u017ce gdy dzwonisz do Spotter GPS Watch lub Spotter GPS Tracker, po\u0142\u0105czenie wykonywane jest na europejski numer telefonu, a obowi\u0105zuj\u0105 standardowe stawki za po\u0142\u0105czenia mi\u0119dzynarodowe ustalone przez Twojego operatora.<\/p>\n<\/div>\n<\/div>\n<\/div>\n<\/div>\n<div class=\"mt-3 w-full empty:hidden\">\n<div class=\"text-center\">\u00a0<\/div>\n<\/div>\n<\/div>\n<div class=\"absolute\">\n<div class=\"flex items-center justify-center\">\u00a0<\/div>\n<\/div>\n<\/div>\n<\/div>\n<\/div>\n<\/article>\n<div class=\"pointer-events-none h-px w-px\" aria-hidden=\"true\" data-edge=\"true\">\u00a0<\/div>\n","protected":false},"excerpt":{"rendered":"<p>Produkty s\u0105 wyposa\u017cone w wbudowan\u0105, zabezpieczon\u0105 kart\u0119 SIM z funkcj\u0105 roamingu, kt\u00f3ra zapewnia dzia\u0142anie Spottera w ca\u0142ej Europie na wszystkich dost\u0119pnych sieciach kom\u00f3rkowych bez dodatkowych op\u0142at. R\u00f3wnie\u017c w Holandii urz\u0105dzenia dzia\u0142aj\u0105 na wszystkich dost\u0119pnych sieciach kom\u00f3rkowych. Powodem tego rozwi\u0105zania jest uniezale\u017cnienie si\u0119 od zasi\u0119gu jednego operatora w danym kraju (lub regionie). Produkty zawsze \u0142\u0105cz\u0105 si\u0119 [&hellip;]<\/p>\n","protected":false},"author":14,"featured_media":0,"parent":644,"menu_order":0,"comment_status":"closed","ping_status":"closed","template":"faq-content.php","meta":{"_acf_changed":false,"footnotes":""},"categories":[5],"tags":[],"class_list":["post-799","page","type-page","status-publish","hentry","category-faq"],"acf":[],"yoast_head":"<!-- This site is optimized with the Yoast SEO plugin v25.9 - https:\/\/yoast.com\/wordpress\/plugins\/seo\/ -->\n<title>Czy Spotter jest wyposa\u017cony w kart\u0119 SIM? - Spotter - Polen<\/title>\n<meta name=\"robots\" content=\"index, follow, max-snippet:-1, max-image-preview:large, max-video-preview:-1\" \/>\n<link rel=\"canonical\" href=\"https:\/\/www.spottergps.com\/pl\/faq-2\/produkty-i-funkcje\/czy-spotter-jest-wyposazony-w-karte-sim\/\" \/>\n<meta property=\"og:locale\" content=\"pl_PL\" \/>\n<meta property=\"og:type\" content=\"article\" \/>\n<meta property=\"og:title\" content=\"Czy Spotter jest wyposa\u017cony w kart\u0119 SIM? - Spotter - Polen\" \/>\n<meta property=\"og:description\" content=\"Produkty s\u0105 wyposa\u017cone w wbudowan\u0105, zabezpieczon\u0105 kart\u0119 SIM z funkcj\u0105 roamingu, kt\u00f3ra zapewnia dzia\u0142anie Spottera w ca\u0142ej Europie na wszystkich dost\u0119pnych sieciach kom\u00f3rkowych bez dodatkowych op\u0142at. R\u00f3wnie\u017c w Holandii urz\u0105dzenia dzia\u0142aj\u0105 na wszystkich dost\u0119pnych sieciach kom\u00f3rkowych. Powodem tego rozwi\u0105zania jest uniezale\u017cnienie si\u0119 od zasi\u0119gu jednego operatora w danym kraju (lub regionie). Produkty zawsze \u0142\u0105cz\u0105 si\u0119 [&hellip;]\" \/>\n<meta property=\"og:url\" content=\"https:\/\/www.spottergps.com\/pl\/faq-2\/produkty-i-funkcje\/czy-spotter-jest-wyposazony-w-karte-sim\/\" \/>\n<meta property=\"og:site_name\" content=\"Spotter - Polen\" \/>\n<meta property=\"article:modified_time\" content=\"2025-03-31T14:26:10+00:00\" \/>\n<meta name=\"twitter:card\" content=\"summary_large_image\" \/>\n<meta name=\"twitter:label1\" content=\"Szacowany czas czytania\" \/>\n\t<meta name=\"twitter:data1\" content=\"1 minuta\" \/>\n<script type=\"application\/ld+json\" class=\"yoast-schema-graph\">{\"@context\":\"https:\/\/schema.org\",\"@graph\":[{\"@type\":\"WebPage\",\"@id\":\"https:\/\/www.spottergps.com\/pl\/faq-2\/produkty-i-funkcje\/czy-spotter-jest-wyposazony-w-karte-sim\/\",\"url\":\"https:\/\/www.spottergps.com\/pl\/faq-2\/produkty-i-funkcje\/czy-spotter-jest-wyposazony-w-karte-sim\/\",\"name\":\"Czy Spotter jest wyposa\u017cony w kart\u0119 SIM? - Spotter - Polen\",\"isPartOf\":{\"@id\":\"https:\/\/www.spottergps.com\/pl\/#website\"},\"datePublished\":\"2025-03-31T14:26:09+00:00\",\"dateModified\":\"2025-03-31T14:26:10+00:00\",\"breadcrumb\":{\"@id\":\"https:\/\/www.spottergps.com\/pl\/faq-2\/produkty-i-funkcje\/czy-spotter-jest-wyposazony-w-karte-sim\/#breadcrumb\"},\"inLanguage\":\"pl-PL\",\"potentialAction\":[{\"@type\":\"ReadAction\",\"target\":[\"https:\/\/www.spottergps.com\/pl\/faq-2\/produkty-i-funkcje\/czy-spotter-jest-wyposazony-w-karte-sim\/\"]}]},{\"@type\":\"BreadcrumbList\",\"@id\":\"https:\/\/www.spottergps.com\/pl\/faq-2\/produkty-i-funkcje\/czy-spotter-jest-wyposazony-w-karte-sim\/#breadcrumb\",\"itemListElement\":[{\"@type\":\"ListItem\",\"position\":1,\"name\":\"Home\",\"item\":\"https:\/\/www.spottergps.com\/pl\/\"},{\"@type\":\"ListItem\",\"position\":2,\"name\":\"Jak mo\u017cemy ci pom\u00f3c?\",\"item\":\"https:\/\/www.spottergps.com\/pl\/faq-2\/\"},{\"@type\":\"ListItem\",\"position\":3,\"name\":\"Produkty i funkcje\",\"item\":\"https:\/\/www.spottergps.com\/pl\/faq-2\/produkty-i-funkcje\/\"},{\"@type\":\"ListItem\",\"position\":4,\"name\":\"Czy Spotter jest wyposa\u017cony w kart\u0119 SIM?\"}]},{\"@type\":\"WebSite\",\"@id\":\"https:\/\/www.spottergps.com\/pl\/#website\",\"url\":\"https:\/\/www.spottergps.com\/pl\/\",\"name\":\"Spotter - Polen\",\"description\":\"GPS tracker dla wszystkiego, co kochasz\",\"potentialAction\":[{\"@type\":\"SearchAction\",\"target\":{\"@type\":\"EntryPoint\",\"urlTemplate\":\"https:\/\/www.spottergps.com\/pl\/?s={search_term_string}\"},\"query-input\":{\"@type\":\"PropertyValueSpecification\",\"valueRequired\":true,\"valueName\":\"search_term_string\"}}],\"inLanguage\":\"pl-PL\"}]}<\/script>\n<!-- \/ Yoast SEO plugin. -->","yoast_head_json":{"title":"Czy Spotter jest wyposa\u017cony w kart\u0119 SIM? - Spotter - Polen","robots":{"index":"index","follow":"follow","max-snippet":"max-snippet:-1","max-image-preview":"max-image-preview:large","max-video-preview":"max-video-preview:-1"},"canonical":"https:\/\/www.spottergps.com\/pl\/faq-2\/produkty-i-funkcje\/czy-spotter-jest-wyposazony-w-karte-sim\/","og_locale":"pl_PL","og_type":"article","og_title":"Czy Spotter jest wyposa\u017cony w kart\u0119 SIM? - Spotter - Polen","og_description":"Produkty s\u0105 wyposa\u017cone w wbudowan\u0105, zabezpieczon\u0105 kart\u0119 SIM z funkcj\u0105 roamingu, kt\u00f3ra zapewnia dzia\u0142anie Spottera w ca\u0142ej Europie na wszystkich dost\u0119pnych sieciach kom\u00f3rkowych bez dodatkowych op\u0142at. R\u00f3wnie\u017c w Holandii urz\u0105dzenia dzia\u0142aj\u0105 na wszystkich dost\u0119pnych sieciach kom\u00f3rkowych. Powodem tego rozwi\u0105zania jest uniezale\u017cnienie si\u0119 od zasi\u0119gu jednego operatora w danym kraju (lub regionie). Produkty zawsze \u0142\u0105cz\u0105 si\u0119 [&hellip;]","og_url":"https:\/\/www.spottergps.com\/pl\/faq-2\/produkty-i-funkcje\/czy-spotter-jest-wyposazony-w-karte-sim\/","og_site_name":"Spotter - Polen","article_modified_time":"2025-03-31T14:26:10+00:00","twitter_card":"summary_large_image","twitter_misc":{"Szacowany czas czytania":"1 minuta"},"schema":{"@context":"https:\/\/schema.org","@graph":[{"@type":"WebPage","@id":"https:\/\/www.spottergps.com\/pl\/faq-2\/produkty-i-funkcje\/czy-spotter-jest-wyposazony-w-karte-sim\/","url":"https:\/\/www.spottergps.com\/pl\/faq-2\/produkty-i-funkcje\/czy-spotter-jest-wyposazony-w-karte-sim\/","name":"Czy Spotter jest wyposa\u017cony w kart\u0119 SIM? - Spotter - Polen","isPartOf":{"@id":"https:\/\/www.spottergps.com\/pl\/#website"},"datePublished":"2025-03-31T14:26:09+00:00","dateModified":"2025-03-31T14:26:10+00:00","breadcrumb":{"@id":"https:\/\/www.spottergps.com\/pl\/faq-2\/produkty-i-funkcje\/czy-spotter-jest-wyposazony-w-karte-sim\/#breadcrumb"},"inLanguage":"pl-PL","potentialAction":[{"@type":"ReadAction","target":["https:\/\/www.spottergps.com\/pl\/faq-2\/produkty-i-funkcje\/czy-spotter-jest-wyposazony-w-karte-sim\/"]}]},{"@type":"BreadcrumbList","@id":"https:\/\/www.spottergps.com\/pl\/faq-2\/produkty-i-funkcje\/czy-spotter-jest-wyposazony-w-karte-sim\/#breadcrumb","itemListElement":[{"@type":"ListItem","position":1,"name":"Home","item":"https:\/\/www.spottergps.com\/pl\/"},{"@type":"ListItem","position":2,"name":"Jak mo\u017cemy ci pom\u00f3c?","item":"https:\/\/www.spottergps.com\/pl\/faq-2\/"},{"@type":"ListItem","position":3,"name":"Produkty i funkcje","item":"https:\/\/www.spottergps.com\/pl\/faq-2\/produkty-i-funkcje\/"},{"@type":"ListItem","position":4,"name":"Czy Spotter jest wyposa\u017cony w kart\u0119 SIM?"}]},{"@type":"WebSite","@id":"https:\/\/www.spottergps.com\/pl\/#website","url":"https:\/\/www.spottergps.com\/pl\/","name":"Spotter - Polen","description":"GPS tracker dla wszystkiego, co kochasz","potentialAction":[{"@type":"SearchAction","target":{"@type":"EntryPoint","urlTemplate":"https:\/\/www.spottergps.com\/pl\/?s={search_term_string}"},"query-input":{"@type":"PropertyValueSpecification","valueRequired":true,"valueName":"search_term_string"}}],"inLanguage":"pl-PL"}]}},"_links":{"self":[{"href":"https:\/\/www.spottergps.com\/pl\/wp-json\/wp\/v2\/pages\/799","targetHints":{"allow":["GET"]}}],"collection":[{"href":"https:\/\/www.spottergps.com\/pl\/wp-json\/wp\/v2\/pages"}],"about":[{"href":"https:\/\/www.spottergps.com\/pl\/wp-json\/wp\/v2\/types\/page"}],"author":[{"embeddable":true,"href":"https:\/\/www.spottergps.com\/pl\/wp-json\/wp\/v2\/users\/14"}],"replies":[{"embeddable":true,"href":"https:\/\/www.spottergps.com\/pl\/wp-json\/wp\/v2\/comments?post=799"}],"version-history":[{"count":1,"href":"https:\/\/www.spottergps.com\/pl\/wp-json\/wp\/v2\/pages\/799\/revisions"}],"predecessor-version":[{"id":800,"href":"https:\/\/www.spottergps.com\/pl\/wp-json\/wp\/v2\/pages\/799\/revisions\/800"}],"up":[{"embeddable":true,"href":"https:\/\/www.spottergps.com\/pl\/wp-json\/wp\/v2\/pages\/644"}],"wp:attachment":[{"href":"https:\/\/www.spottergps.com\/pl\/wp-json\/wp\/v2\/media?parent=799"}],"wp:term":[{"taxonomy":"category","embeddable":true,"href":"https:\/\/www.spottergps.com\/pl\/wp-json\/wp\/v2\/categories?post=799"},{"taxonomy":"post_tag","embeddable":true,"href":"https:\/\/www.spottergps.com\/pl\/wp-json\/wp\/v2\/tags?post=799"}],"curies":[{"name":"wp","href":"https:\/\/api.w.org\/{rel}","templated":true}]}}