{"id":796,"date":"2025-03-31T14:23:49","date_gmt":"2025-03-31T14:23:49","guid":{"rendered":"https:\/\/www.spottergps.com\/pl\/?page_id=796"},"modified":"2025-10-17T09:30:40","modified_gmt":"2025-10-17T09:30:40","slug":"jak-dlugo-moge-przegladac-historie","status":"publish","type":"page","link":"https:\/\/www.spottergps.com\/pl\/faq-2\/produkty-i-funkcje\/jak-dlugo-moge-przegladac-historie\/","title":{"rendered":"Jak d\u0142ugo mog\u0119 przegl\u0105da\u0107 histori\u0119?"},"content":{"rendered":"\n<p>Wszystkie lokalizacje mo\u017cna przegl\u0105da\u0107 przez 7 dni, po czym dane zostan\u0105 usuni\u0119te. Lokalizacje mo\u017cna przegl\u0105da\u0107 w aplikacji lub na koncie online w sekcji \u201eWy\u015bwietl histori\u0119\u201d.<\/p>\n<p>Dzi\u0119ki temu masz mo\u017cliwo\u015b\u0107 szybkiego sprawdzenia ostatnich tras i aktywno\u015bci, zachowuj\u0105c jednocze\u015bnie pe\u0142n\u0105 prywatno\u015b\u0107 danych. Przegl\u0105danie historii pozwala monitorowa\u0107 bezpiecze\u0144stwo os\u00f3b lub przedmiot\u00f3w, kt\u00f3re \u015bledzisz, oraz lepiej planowa\u0107 codzienne trasy lub dzia\u0142ania. Wszystkie informacje s\u0105 dost\u0119pne w wygodnym formacie, kt\u00f3ry umo\u017cliwia \u0142atwe por\u00f3wnywanie i analizowanie danych. Nawet je\u015bli nie korzystasz z historii codziennie, masz pewno\u015b\u0107, \u017ce przez siedem dni dost\u0119pne s\u0105 dok\u0142adne informacje, kt\u00f3re mog\u0105 by\u0107 przydatne w razie potrzeby. Po up\u0142ywie tego okresu dane s\u0105 automatycznie usuwane, co gwarantuje, \u017ce Twoje informacje pozostaj\u0105 bezpieczne i nie s\u0105 przechowywane d\u0142u\u017cej ni\u017c jest to konieczne. Dzi\u0119ki temu Spotter \u0142\u0105czy funkcjonalno\u015b\u0107 z dba\u0142o\u015bci\u0105 o prywatno\u015b\u0107, oferuj\u0105c u\u017cytkownikom kontrol\u0119 nad swoimi danymi w prosty i przejrzysty spos\u00f3b.<\/p>\n","protected":false},"excerpt":{"rendered":"<p>Wszystkie lokalizacje mo\u017cna przegl\u0105da\u0107 przez 7 dni, po czym dane zostan\u0105 usuni\u0119te. Lokalizacje mo\u017cna przegl\u0105da\u0107 w aplikacji lub na koncie online w sekcji \u201eWy\u015bwietl histori\u0119\u201d. Dzi\u0119ki temu masz mo\u017cliwo\u015b\u0107 szybkiego sprawdzenia ostatnich tras i aktywno\u015bci, zachowuj\u0105c jednocze\u015bnie pe\u0142n\u0105 prywatno\u015b\u0107 danych. Przegl\u0105danie historii pozwala monitorowa\u0107 bezpiecze\u0144stwo os\u00f3b lub przedmiot\u00f3w, kt\u00f3re \u015bledzisz, oraz lepiej planowa\u0107 codzienne trasy [&hellip;]<\/p>\n","protected":false},"author":14,"featured_media":0,"parent":644,"menu_order":0,"comment_status":"closed","ping_status":"closed","template":"faq-content.php","meta":{"_acf_changed":false,"footnotes":""},"categories":[5],"tags":[],"class_list":["post-796","page","type-page","status-publish","hentry","category-faq"],"acf":[],"yoast_head":"<!-- This site is optimized with the Yoast SEO plugin v25.9 - https:\/\/yoast.com\/wordpress\/plugins\/seo\/ -->\n<title>Jak d\u0142ugo mog\u0119 przegl\u0105da\u0107 histori\u0119? - Spotter - Polen<\/title>\n<meta name=\"robots\" content=\"index, follow, max-snippet:-1, max-image-preview:large, max-video-preview:-1\" \/>\n<link rel=\"canonical\" href=\"https:\/\/www.spottergps.com\/pl\/faq-2\/produkty-i-funkcje\/jak-dlugo-moge-przegladac-historie\/\" \/>\n<meta property=\"og:locale\" content=\"pl_PL\" \/>\n<meta property=\"og:type\" content=\"article\" \/>\n<meta property=\"og:title\" content=\"Jak d\u0142ugo mog\u0119 przegl\u0105da\u0107 histori\u0119? - Spotter - Polen\" \/>\n<meta property=\"og:description\" content=\"Wszystkie lokalizacje mo\u017cna przegl\u0105da\u0107 przez 7 dni, po czym dane zostan\u0105 usuni\u0119te. Lokalizacje mo\u017cna przegl\u0105da\u0107 w aplikacji lub na koncie online w sekcji \u201eWy\u015bwietl histori\u0119\u201d. Dzi\u0119ki temu masz mo\u017cliwo\u015b\u0107 szybkiego sprawdzenia ostatnich tras i aktywno\u015bci, zachowuj\u0105c jednocze\u015bnie pe\u0142n\u0105 prywatno\u015b\u0107 danych. Przegl\u0105danie historii pozwala monitorowa\u0107 bezpiecze\u0144stwo os\u00f3b lub przedmiot\u00f3w, kt\u00f3re \u015bledzisz, oraz lepiej planowa\u0107 codzienne trasy [&hellip;]\" \/>\n<meta property=\"og:url\" content=\"https:\/\/www.spottergps.com\/pl\/faq-2\/produkty-i-funkcje\/jak-dlugo-moge-przegladac-historie\/\" \/>\n<meta property=\"og:site_name\" content=\"Spotter - Polen\" \/>\n<meta property=\"article:modified_time\" content=\"2025-10-17T09:30:40+00:00\" \/>\n<meta name=\"twitter:card\" content=\"summary_large_image\" \/>\n<meta name=\"twitter:label1\" content=\"Szacowany czas czytania\" \/>\n\t<meta name=\"twitter:data1\" content=\"1 minuta\" \/>\n<script type=\"application\/ld+json\" class=\"yoast-schema-graph\">{\"@context\":\"https:\/\/schema.org\",\"@graph\":[{\"@type\":\"WebPage\",\"@id\":\"https:\/\/www.spottergps.com\/pl\/faq-2\/produkty-i-funkcje\/jak-dlugo-moge-przegladac-historie\/\",\"url\":\"https:\/\/www.spottergps.com\/pl\/faq-2\/produkty-i-funkcje\/jak-dlugo-moge-przegladac-historie\/\",\"name\":\"Jak d\u0142ugo mog\u0119 przegl\u0105da\u0107 histori\u0119? - Spotter - Polen\",\"isPartOf\":{\"@id\":\"https:\/\/www.spottergps.com\/pl\/#website\"},\"datePublished\":\"2025-03-31T14:23:49+00:00\",\"dateModified\":\"2025-10-17T09:30:40+00:00\",\"breadcrumb\":{\"@id\":\"https:\/\/www.spottergps.com\/pl\/faq-2\/produkty-i-funkcje\/jak-dlugo-moge-przegladac-historie\/#breadcrumb\"},\"inLanguage\":\"pl-PL\",\"potentialAction\":[{\"@type\":\"ReadAction\",\"target\":[\"https:\/\/www.spottergps.com\/pl\/faq-2\/produkty-i-funkcje\/jak-dlugo-moge-przegladac-historie\/\"]}]},{\"@type\":\"BreadcrumbList\",\"@id\":\"https:\/\/www.spottergps.com\/pl\/faq-2\/produkty-i-funkcje\/jak-dlugo-moge-przegladac-historie\/#breadcrumb\",\"itemListElement\":[{\"@type\":\"ListItem\",\"position\":1,\"name\":\"Home\",\"item\":\"https:\/\/www.spottergps.com\/pl\/\"},{\"@type\":\"ListItem\",\"position\":2,\"name\":\"Jak mo\u017cemy ci pom\u00f3c?\",\"item\":\"https:\/\/www.spottergps.com\/pl\/faq-2\/\"},{\"@type\":\"ListItem\",\"position\":3,\"name\":\"Produkty i funkcje\",\"item\":\"https:\/\/www.spottergps.com\/pl\/faq-2\/produkty-i-funkcje\/\"},{\"@type\":\"ListItem\",\"position\":4,\"name\":\"Jak d\u0142ugo mog\u0119 przegl\u0105da\u0107 histori\u0119?\"}]},{\"@type\":\"WebSite\",\"@id\":\"https:\/\/www.spottergps.com\/pl\/#website\",\"url\":\"https:\/\/www.spottergps.com\/pl\/\",\"name\":\"Spotter - Polen\",\"description\":\"GPS tracker dla wszystkiego, co kochasz\",\"potentialAction\":[{\"@type\":\"SearchAction\",\"target\":{\"@type\":\"EntryPoint\",\"urlTemplate\":\"https:\/\/www.spottergps.com\/pl\/?s={search_term_string}\"},\"query-input\":{\"@type\":\"PropertyValueSpecification\",\"valueRequired\":true,\"valueName\":\"search_term_string\"}}],\"inLanguage\":\"pl-PL\"}]}<\/script>\n<!-- \/ Yoast SEO plugin. -->","yoast_head_json":{"title":"Jak d\u0142ugo mog\u0119 przegl\u0105da\u0107 histori\u0119? - Spotter - Polen","robots":{"index":"index","follow":"follow","max-snippet":"max-snippet:-1","max-image-preview":"max-image-preview:large","max-video-preview":"max-video-preview:-1"},"canonical":"https:\/\/www.spottergps.com\/pl\/faq-2\/produkty-i-funkcje\/jak-dlugo-moge-przegladac-historie\/","og_locale":"pl_PL","og_type":"article","og_title":"Jak d\u0142ugo mog\u0119 przegl\u0105da\u0107 histori\u0119? - Spotter - Polen","og_description":"Wszystkie lokalizacje mo\u017cna przegl\u0105da\u0107 przez 7 dni, po czym dane zostan\u0105 usuni\u0119te. Lokalizacje mo\u017cna przegl\u0105da\u0107 w aplikacji lub na koncie online w sekcji \u201eWy\u015bwietl histori\u0119\u201d. Dzi\u0119ki temu masz mo\u017cliwo\u015b\u0107 szybkiego sprawdzenia ostatnich tras i aktywno\u015bci, zachowuj\u0105c jednocze\u015bnie pe\u0142n\u0105 prywatno\u015b\u0107 danych. Przegl\u0105danie historii pozwala monitorowa\u0107 bezpiecze\u0144stwo os\u00f3b lub przedmiot\u00f3w, kt\u00f3re \u015bledzisz, oraz lepiej planowa\u0107 codzienne trasy [&hellip;]","og_url":"https:\/\/www.spottergps.com\/pl\/faq-2\/produkty-i-funkcje\/jak-dlugo-moge-przegladac-historie\/","og_site_name":"Spotter - Polen","article_modified_time":"2025-10-17T09:30:40+00:00","twitter_card":"summary_large_image","twitter_misc":{"Szacowany czas czytania":"1 minuta"},"schema":{"@context":"https:\/\/schema.org","@graph":[{"@type":"WebPage","@id":"https:\/\/www.spottergps.com\/pl\/faq-2\/produkty-i-funkcje\/jak-dlugo-moge-przegladac-historie\/","url":"https:\/\/www.spottergps.com\/pl\/faq-2\/produkty-i-funkcje\/jak-dlugo-moge-przegladac-historie\/","name":"Jak d\u0142ugo mog\u0119 przegl\u0105da\u0107 histori\u0119? - Spotter - Polen","isPartOf":{"@id":"https:\/\/www.spottergps.com\/pl\/#website"},"datePublished":"2025-03-31T14:23:49+00:00","dateModified":"2025-10-17T09:30:40+00:00","breadcrumb":{"@id":"https:\/\/www.spottergps.com\/pl\/faq-2\/produkty-i-funkcje\/jak-dlugo-moge-przegladac-historie\/#breadcrumb"},"inLanguage":"pl-PL","potentialAction":[{"@type":"ReadAction","target":["https:\/\/www.spottergps.com\/pl\/faq-2\/produkty-i-funkcje\/jak-dlugo-moge-przegladac-historie\/"]}]},{"@type":"BreadcrumbList","@id":"https:\/\/www.spottergps.com\/pl\/faq-2\/produkty-i-funkcje\/jak-dlugo-moge-przegladac-historie\/#breadcrumb","itemListElement":[{"@type":"ListItem","position":1,"name":"Home","item":"https:\/\/www.spottergps.com\/pl\/"},{"@type":"ListItem","position":2,"name":"Jak mo\u017cemy ci pom\u00f3c?","item":"https:\/\/www.spottergps.com\/pl\/faq-2\/"},{"@type":"ListItem","position":3,"name":"Produkty i funkcje","item":"https:\/\/www.spottergps.com\/pl\/faq-2\/produkty-i-funkcje\/"},{"@type":"ListItem","position":4,"name":"Jak d\u0142ugo mog\u0119 przegl\u0105da\u0107 histori\u0119?"}]},{"@type":"WebSite","@id":"https:\/\/www.spottergps.com\/pl\/#website","url":"https:\/\/www.spottergps.com\/pl\/","name":"Spotter - Polen","description":"GPS tracker dla wszystkiego, co kochasz","potentialAction":[{"@type":"SearchAction","target":{"@type":"EntryPoint","urlTemplate":"https:\/\/www.spottergps.com\/pl\/?s={search_term_string}"},"query-input":{"@type":"PropertyValueSpecification","valueRequired":true,"valueName":"search_term_string"}}],"inLanguage":"pl-PL"}]}},"_links":{"self":[{"href":"https:\/\/www.spottergps.com\/pl\/wp-json\/wp\/v2\/pages\/796","targetHints":{"allow":["GET"]}}],"collection":[{"href":"https:\/\/www.spottergps.com\/pl\/wp-json\/wp\/v2\/pages"}],"about":[{"href":"https:\/\/www.spottergps.com\/pl\/wp-json\/wp\/v2\/types\/page"}],"author":[{"embeddable":true,"href":"https:\/\/www.spottergps.com\/pl\/wp-json\/wp\/v2\/users\/14"}],"replies":[{"embeddable":true,"href":"https:\/\/www.spottergps.com\/pl\/wp-json\/wp\/v2\/comments?post=796"}],"version-history":[{"count":2,"href":"https:\/\/www.spottergps.com\/pl\/wp-json\/wp\/v2\/pages\/796\/revisions"}],"predecessor-version":[{"id":20946,"href":"https:\/\/www.spottergps.com\/pl\/wp-json\/wp\/v2\/pages\/796\/revisions\/20946"}],"up":[{"embeddable":true,"href":"https:\/\/www.spottergps.com\/pl\/wp-json\/wp\/v2\/pages\/644"}],"wp:attachment":[{"href":"https:\/\/www.spottergps.com\/pl\/wp-json\/wp\/v2\/media?parent=796"}],"wp:term":[{"taxonomy":"category","embeddable":true,"href":"https:\/\/www.spottergps.com\/pl\/wp-json\/wp\/v2\/categories?post=796"},{"taxonomy":"post_tag","embeddable":true,"href":"https:\/\/www.spottergps.com\/pl\/wp-json\/wp\/v2\/tags?post=796"}],"curies":[{"name":"wp","href":"https:\/\/api.w.org\/{rel}","templated":true}]}}