{"id":793,"date":"2025-03-31T14:12:47","date_gmt":"2025-03-31T14:12:47","guid":{"rendered":"https:\/\/www.spottergps.com\/pl\/?page_id=793"},"modified":"2025-10-14T09:41:14","modified_gmt":"2025-10-14T09:41:14","slug":"czy-spotter-jest-wodoodporny","status":"publish","type":"page","link":"https:\/\/www.spottergps.com\/pl\/faq-2\/produkty-i-funkcje\/czy-spotter-jest-wodoodporny\/","title":{"rendered":"Czy Spotter jest wodoodporny?"},"content":{"rendered":"\n<p class=\"\" data-start=\"0\" data-end=\"109\">Poni\u017cej znajdziesz informacje na temat wodoodporno\u015bci ka\u017cdego produktu.<\/p>\n<p data-start=\"0\" data-end=\"109\"><a href=\"https:\/\/shop.spottergps.com\/pl\/\/spotter-gps-watch-explorer-4g-green.html\">Spotter GPS Watch Explorer<\/a><br \/>Spotter GPS Watch Explorer jest <strong>wodoodporny<\/strong> (IPX7). Oznacza to, \u017ce jest odporny na przypadkowe zanurzenie w wodzie do 1 metra g\u0142\u0119boko\u015bci przez maksymalnie 30 minut.<br \/><br \/><a href=\"https:\/\/shop.spottergps.com\/pl\/\/spotter-senior-gps-watch-4g.html\">Spotter Senior GPS Watch<\/a><br \/>Spotter Senior GPS Watch jest <strong>wodoodporny<\/strong> (IPX7). Oznacza to, \u017ce jest odporny na przypadkowe zanurzenie w wodzie do 1 metra g\u0142\u0119boko\u015bci przez maksymalnie 30 minut.<\/p>\n<p class=\"\" data-start=\"111\" data-end=\"302\"><a href=\"https:\/\/shop.spottergps.com\/pl\/spotter%20gps%20tracker.html\"><strong data-start=\"111\" data-end=\"134\">Spotter GPS Tracker<\/strong><\/a><br data-start=\"134\" data-end=\"137\" \/>Spotter GPS Tracker jest odporny na <strong>zachlapania<\/strong> (IP66). Oznacza to, \u017ce jest odporny na niewielk\u0105 ilo\u015b\u0107 wody, ale nie mo\u017ce by\u0107 zanurzany ani u\u017cywany pod prysznicem.<\/p>\n<p class=\"\" data-start=\"304\" data-end=\"557\"><a href=\"https:\/\/shop.spottergps.com\/pl\/spotter-x10b.html\"><strong data-start=\"304\" data-end=\"331\">Spotter GPS Tracker X10<\/strong><\/a><br data-start=\"331\" data-end=\"334\" \/>Spotter GPS Tracker X10 jest <strong>wodoodporny<\/strong> (IP67). Oznacza to, \u017ce jest ca\u0142kowicie py\u0142oszczelny i mo\u017ce by\u0107 zanurzony w wodzie do g\u0142\u0119boko\u015bci 1 metra. Zalecamy jednak, aby nie p\u0142ywa\u0107 ani nie bra\u0107 prysznica z lokalizatorem GPS.<\/p>\n<p class=\"\" data-start=\"1053\" data-end=\"1222\"><a href=\"https:\/\/shop.spottergps.com\/nl\/pet-spotter-cat-tracker.html\"><strong data-start=\"1053\" data-end=\"1068\">Pet Spotter<\/strong><\/a><br data-start=\"1068\" data-end=\"1071\" \/>Pet Spotter jest <strong>wodoodporny<\/strong> (IPX7). Oznacza to, \u017ce jest odporny na przypadkowe zanurzenie w wodzie do 1 metra g\u0142\u0119boko\u015bci przez maksymalnie 30 minut.<\/p>\n<p class=\"\" data-start=\"1224\" data-end=\"1470\"><a href=\"https:\/\/shop.spottergps.com\/nl\/animal-spotter.html\"><strong data-start=\"1224\" data-end=\"1242\">Animal Spotter<\/strong><\/a><br data-start=\"1242\" data-end=\"1245\" \/>Animal Spotter jest <strong>wodoodporny<\/strong> (IP67). Oznacza to, \u017ce lokalizator GPS jest ca\u0142kowicie py\u0142oszczelny i mo\u017ce by\u0107 zanurzony w wodzie do 1 metra g\u0142\u0119boko\u015bci. Zalecamy jednak, aby nie p\u0142ywa\u0107 ani nie bra\u0107 prysznica z Animal Spotter.<\/p>\n","protected":false},"excerpt":{"rendered":"<p>Poni\u017cej znajdziesz informacje na temat wodoodporno\u015bci ka\u017cdego produktu. Spotter GPS Watch ExplorerSpotter GPS Watch Explorer jest wodoodporny (IPX7). Oznacza to, \u017ce jest odporny na przypadkowe zanurzenie w wodzie do 1 metra g\u0142\u0119boko\u015bci przez maksymalnie 30 minut. Spotter Senior GPS WatchSpotter Senior GPS Watch jest wodoodporny (IPX7). Oznacza to, \u017ce jest odporny na przypadkowe zanurzenie w [&hellip;]<\/p>\n","protected":false},"author":14,"featured_media":0,"parent":644,"menu_order":0,"comment_status":"closed","ping_status":"closed","template":"faq-content.php","meta":{"_acf_changed":false,"footnotes":""},"categories":[5],"tags":[],"class_list":["post-793","page","type-page","status-publish","hentry","category-faq"],"acf":[],"yoast_head":"<!-- This site is optimized with the Yoast SEO plugin v25.9 - https:\/\/yoast.com\/wordpress\/plugins\/seo\/ -->\n<title>Czy Spotter jest wodoodporny? - Spotter - Polen<\/title>\n<meta name=\"robots\" content=\"index, follow, max-snippet:-1, max-image-preview:large, max-video-preview:-1\" \/>\n<link rel=\"canonical\" href=\"https:\/\/www.spottergps.com\/pl\/faq-2\/produkty-i-funkcje\/czy-spotter-jest-wodoodporny\/\" \/>\n<meta property=\"og:locale\" content=\"pl_PL\" \/>\n<meta property=\"og:type\" content=\"article\" \/>\n<meta property=\"og:title\" content=\"Czy Spotter jest wodoodporny? - Spotter - Polen\" \/>\n<meta property=\"og:description\" content=\"Poni\u017cej znajdziesz informacje na temat wodoodporno\u015bci ka\u017cdego produktu. Spotter GPS Watch ExplorerSpotter GPS Watch Explorer jest wodoodporny (IPX7). Oznacza to, \u017ce jest odporny na przypadkowe zanurzenie w wodzie do 1 metra g\u0142\u0119boko\u015bci przez maksymalnie 30 minut. Spotter Senior GPS WatchSpotter Senior GPS Watch jest wodoodporny (IPX7). Oznacza to, \u017ce jest odporny na przypadkowe zanurzenie w [&hellip;]\" \/>\n<meta property=\"og:url\" content=\"https:\/\/www.spottergps.com\/pl\/faq-2\/produkty-i-funkcje\/czy-spotter-jest-wodoodporny\/\" \/>\n<meta property=\"og:site_name\" content=\"Spotter - Polen\" \/>\n<meta property=\"article:modified_time\" content=\"2025-10-14T09:41:14+00:00\" \/>\n<meta name=\"twitter:card\" content=\"summary_large_image\" \/>\n<meta name=\"twitter:label1\" content=\"Szacowany czas czytania\" \/>\n\t<meta name=\"twitter:data1\" content=\"2 minuty\" \/>\n<script type=\"application\/ld+json\" class=\"yoast-schema-graph\">{\"@context\":\"https:\/\/schema.org\",\"@graph\":[{\"@type\":\"WebPage\",\"@id\":\"https:\/\/www.spottergps.com\/pl\/faq-2\/produkty-i-funkcje\/czy-spotter-jest-wodoodporny\/\",\"url\":\"https:\/\/www.spottergps.com\/pl\/faq-2\/produkty-i-funkcje\/czy-spotter-jest-wodoodporny\/\",\"name\":\"Czy Spotter jest wodoodporny? - Spotter - Polen\",\"isPartOf\":{\"@id\":\"https:\/\/www.spottergps.com\/pl\/#website\"},\"datePublished\":\"2025-03-31T14:12:47+00:00\",\"dateModified\":\"2025-10-14T09:41:14+00:00\",\"breadcrumb\":{\"@id\":\"https:\/\/www.spottergps.com\/pl\/faq-2\/produkty-i-funkcje\/czy-spotter-jest-wodoodporny\/#breadcrumb\"},\"inLanguage\":\"pl-PL\",\"potentialAction\":[{\"@type\":\"ReadAction\",\"target\":[\"https:\/\/www.spottergps.com\/pl\/faq-2\/produkty-i-funkcje\/czy-spotter-jest-wodoodporny\/\"]}]},{\"@type\":\"BreadcrumbList\",\"@id\":\"https:\/\/www.spottergps.com\/pl\/faq-2\/produkty-i-funkcje\/czy-spotter-jest-wodoodporny\/#breadcrumb\",\"itemListElement\":[{\"@type\":\"ListItem\",\"position\":1,\"name\":\"Home\",\"item\":\"https:\/\/www.spottergps.com\/pl\/\"},{\"@type\":\"ListItem\",\"position\":2,\"name\":\"Jak mo\u017cemy ci pom\u00f3c?\",\"item\":\"https:\/\/www.spottergps.com\/pl\/faq-2\/\"},{\"@type\":\"ListItem\",\"position\":3,\"name\":\"Produkty i funkcje\",\"item\":\"https:\/\/www.spottergps.com\/pl\/faq-2\/produkty-i-funkcje\/\"},{\"@type\":\"ListItem\",\"position\":4,\"name\":\"Czy Spotter jest wodoodporny?\"}]},{\"@type\":\"WebSite\",\"@id\":\"https:\/\/www.spottergps.com\/pl\/#website\",\"url\":\"https:\/\/www.spottergps.com\/pl\/\",\"name\":\"Spotter - Polen\",\"description\":\"GPS tracker dla wszystkiego, co kochasz\",\"potentialAction\":[{\"@type\":\"SearchAction\",\"target\":{\"@type\":\"EntryPoint\",\"urlTemplate\":\"https:\/\/www.spottergps.com\/pl\/?s={search_term_string}\"},\"query-input\":{\"@type\":\"PropertyValueSpecification\",\"valueRequired\":true,\"valueName\":\"search_term_string\"}}],\"inLanguage\":\"pl-PL\"}]}<\/script>\n<!-- \/ Yoast SEO plugin. -->","yoast_head_json":{"title":"Czy Spotter jest wodoodporny? - Spotter - Polen","robots":{"index":"index","follow":"follow","max-snippet":"max-snippet:-1","max-image-preview":"max-image-preview:large","max-video-preview":"max-video-preview:-1"},"canonical":"https:\/\/www.spottergps.com\/pl\/faq-2\/produkty-i-funkcje\/czy-spotter-jest-wodoodporny\/","og_locale":"pl_PL","og_type":"article","og_title":"Czy Spotter jest wodoodporny? - Spotter - Polen","og_description":"Poni\u017cej znajdziesz informacje na temat wodoodporno\u015bci ka\u017cdego produktu. Spotter GPS Watch ExplorerSpotter GPS Watch Explorer jest wodoodporny (IPX7). Oznacza to, \u017ce jest odporny na przypadkowe zanurzenie w wodzie do 1 metra g\u0142\u0119boko\u015bci przez maksymalnie 30 minut. Spotter Senior GPS WatchSpotter Senior GPS Watch jest wodoodporny (IPX7). Oznacza to, \u017ce jest odporny na przypadkowe zanurzenie w [&hellip;]","og_url":"https:\/\/www.spottergps.com\/pl\/faq-2\/produkty-i-funkcje\/czy-spotter-jest-wodoodporny\/","og_site_name":"Spotter - Polen","article_modified_time":"2025-10-14T09:41:14+00:00","twitter_card":"summary_large_image","twitter_misc":{"Szacowany czas czytania":"2 minuty"},"schema":{"@context":"https:\/\/schema.org","@graph":[{"@type":"WebPage","@id":"https:\/\/www.spottergps.com\/pl\/faq-2\/produkty-i-funkcje\/czy-spotter-jest-wodoodporny\/","url":"https:\/\/www.spottergps.com\/pl\/faq-2\/produkty-i-funkcje\/czy-spotter-jest-wodoodporny\/","name":"Czy Spotter jest wodoodporny? - Spotter - Polen","isPartOf":{"@id":"https:\/\/www.spottergps.com\/pl\/#website"},"datePublished":"2025-03-31T14:12:47+00:00","dateModified":"2025-10-14T09:41:14+00:00","breadcrumb":{"@id":"https:\/\/www.spottergps.com\/pl\/faq-2\/produkty-i-funkcje\/czy-spotter-jest-wodoodporny\/#breadcrumb"},"inLanguage":"pl-PL","potentialAction":[{"@type":"ReadAction","target":["https:\/\/www.spottergps.com\/pl\/faq-2\/produkty-i-funkcje\/czy-spotter-jest-wodoodporny\/"]}]},{"@type":"BreadcrumbList","@id":"https:\/\/www.spottergps.com\/pl\/faq-2\/produkty-i-funkcje\/czy-spotter-jest-wodoodporny\/#breadcrumb","itemListElement":[{"@type":"ListItem","position":1,"name":"Home","item":"https:\/\/www.spottergps.com\/pl\/"},{"@type":"ListItem","position":2,"name":"Jak mo\u017cemy ci pom\u00f3c?","item":"https:\/\/www.spottergps.com\/pl\/faq-2\/"},{"@type":"ListItem","position":3,"name":"Produkty i funkcje","item":"https:\/\/www.spottergps.com\/pl\/faq-2\/produkty-i-funkcje\/"},{"@type":"ListItem","position":4,"name":"Czy Spotter jest wodoodporny?"}]},{"@type":"WebSite","@id":"https:\/\/www.spottergps.com\/pl\/#website","url":"https:\/\/www.spottergps.com\/pl\/","name":"Spotter - Polen","description":"GPS tracker dla wszystkiego, co kochasz","potentialAction":[{"@type":"SearchAction","target":{"@type":"EntryPoint","urlTemplate":"https:\/\/www.spottergps.com\/pl\/?s={search_term_string}"},"query-input":{"@type":"PropertyValueSpecification","valueRequired":true,"valueName":"search_term_string"}}],"inLanguage":"pl-PL"}]}},"_links":{"self":[{"href":"https:\/\/www.spottergps.com\/pl\/wp-json\/wp\/v2\/pages\/793","targetHints":{"allow":["GET"]}}],"collection":[{"href":"https:\/\/www.spottergps.com\/pl\/wp-json\/wp\/v2\/pages"}],"about":[{"href":"https:\/\/www.spottergps.com\/pl\/wp-json\/wp\/v2\/types\/page"}],"author":[{"embeddable":true,"href":"https:\/\/www.spottergps.com\/pl\/wp-json\/wp\/v2\/users\/14"}],"replies":[{"embeddable":true,"href":"https:\/\/www.spottergps.com\/pl\/wp-json\/wp\/v2\/comments?post=793"}],"version-history":[{"count":2,"href":"https:\/\/www.spottergps.com\/pl\/wp-json\/wp\/v2\/pages\/793\/revisions"}],"predecessor-version":[{"id":20927,"href":"https:\/\/www.spottergps.com\/pl\/wp-json\/wp\/v2\/pages\/793\/revisions\/20927"}],"up":[{"embeddable":true,"href":"https:\/\/www.spottergps.com\/pl\/wp-json\/wp\/v2\/pages\/644"}],"wp:attachment":[{"href":"https:\/\/www.spottergps.com\/pl\/wp-json\/wp\/v2\/media?parent=793"}],"wp:term":[{"taxonomy":"category","embeddable":true,"href":"https:\/\/www.spottergps.com\/pl\/wp-json\/wp\/v2\/categories?post=793"},{"taxonomy":"post_tag","embeddable":true,"href":"https:\/\/www.spottergps.com\/pl\/wp-json\/wp\/v2\/tags?post=793"}],"curies":[{"name":"wp","href":"https:\/\/api.w.org\/{rel}","templated":true}]}}