{"id":790,"date":"2025-03-31T14:06:39","date_gmt":"2025-03-31T14:06:39","guid":{"rendered":"https:\/\/www.spottergps.com\/pl\/?page_id=790"},"modified":"2025-03-31T14:06:41","modified_gmt":"2025-03-31T14:06:41","slug":"gdzie-moge-przymocowac-moj-spotter","status":"publish","type":"page","link":"https:\/\/www.spottergps.com\/pl\/faq-2\/produkty-i-funkcje\/gdzie-moge-przymocowac-moj-spotter\/","title":{"rendered":"Gdzie mog\u0119 przymocowa\u0107 m\u00f3j Spotter?"},"content":{"rendered":"\n<p class=\"\" data-start=\"39\" data-end=\"219\"><a href=\"https:\/\/shop.spottergps.com\/pl\/spotter%20gps%20tracker.html\"><strong data-start=\"39\" data-end=\"62\">Spotter GPS Tracker<\/strong><\/a><br data-start=\"62\" data-end=\"65\" \/>To ma\u0142y, mobilny lokalizator GPS, kt\u00f3ry mo\u017cna \u0142atwo nosi\u0107 przy sobie. W zestawie znajduje si\u0119 klips oraz smycz, dzi\u0119ki czemu mo\u017cna go np. nosi\u0107 na szyi.<\/p>\n<p class=\"\" data-start=\"221\" data-end=\"300\"><a href=\"https:\/\/shop.spottergps.com\/pl\/spotter-gps-watch-blue2.html\"><strong data-start=\"221\" data-end=\"242\">Spotter GPS Watch<\/strong><\/a><br data-start=\"242\" data-end=\"245\" \/>To zegarek, kt\u00f3ry mo\u017cna wygodnie nosi\u0107 na nadgarstku.<\/p>\n<p class=\"\" data-start=\"302\" data-end=\"387\"><a href=\"https:\/\/shop.spottergps.com\/pl\/spotter-gps-watch-air-black.html\"><strong data-start=\"302\" data-end=\"329\">Spotter GPS Watch \u2013 Air<\/strong><\/a><br data-start=\"329\" data-end=\"332\" \/>To zegarek, kt\u00f3ry mo\u017cna wygodnie nosi\u0107 na nadgarstku.<\/p>\n<p class=\"\" data-start=\"389\" data-end=\"549\"><a href=\"https:\/\/shop.spottergps.com\/pl\/pet-spotter-dog-tracker.html\"><strong data-start=\"389\" data-end=\"410\">Pet Spotter \u2013 Dog<\/strong><\/a><br data-start=\"410\" data-end=\"413\" \/>To najmniejszy mobilny lokalizator GPS. Jest wyposa\u017cony w metalowy klips mocuj\u0105cy, kt\u00f3ry mo\u017cna \u0142atwo przymocowa\u0107 do (wi\u0119kszej) obro\u017cy.<\/p>\n<p class=\"\" data-start=\"551\" data-end=\"703\"><a href=\"https:\/\/shop.spottergps.com\/pl\/pet-spotter-cat-tracker.html\"><strong data-start=\"551\" data-end=\"572\">Pet Spotter \u2013 Cat<\/strong><\/a><br data-start=\"572\" data-end=\"575\" \/>To najmniejszy mobilny lokalizator GPS. Jest wyposa\u017cony w silikonowe etui, kt\u00f3re mo\u017cna przymocowa\u0107 do (w\u0119\u017cszej) obro\u017cy dla kota.<\/p>\n","protected":false},"excerpt":{"rendered":"<p>Spotter GPS TrackerTo ma\u0142y, mobilny lokalizator GPS, kt\u00f3ry mo\u017cna \u0142atwo nosi\u0107 przy sobie. W zestawie znajduje si\u0119 klips oraz smycz, dzi\u0119ki czemu mo\u017cna go np. nosi\u0107 na szyi. Spotter GPS WatchTo zegarek, kt\u00f3ry mo\u017cna wygodnie nosi\u0107 na nadgarstku. Spotter GPS Watch \u2013 AirTo zegarek, kt\u00f3ry mo\u017cna wygodnie nosi\u0107 na nadgarstku. Pet Spotter \u2013 DogTo najmniejszy [&hellip;]<\/p>\n","protected":false},"author":14,"featured_media":0,"parent":644,"menu_order":0,"comment_status":"closed","ping_status":"closed","template":"faq-content.php","meta":{"_acf_changed":false,"footnotes":""},"categories":[5],"tags":[],"class_list":["post-790","page","type-page","status-publish","hentry","category-faq"],"acf":[],"yoast_head":"<!-- This site is optimized with the Yoast SEO plugin v25.9 - https:\/\/yoast.com\/wordpress\/plugins\/seo\/ -->\n<title>Gdzie mog\u0119 przymocowa\u0107 m\u00f3j Spotter? - Spotter - Polen<\/title>\n<meta name=\"robots\" content=\"index, follow, max-snippet:-1, max-image-preview:large, max-video-preview:-1\" \/>\n<link rel=\"canonical\" href=\"https:\/\/www.spottergps.com\/pl\/faq-2\/produkty-i-funkcje\/gdzie-moge-przymocowac-moj-spotter\/\" \/>\n<meta property=\"og:locale\" content=\"pl_PL\" \/>\n<meta property=\"og:type\" content=\"article\" \/>\n<meta property=\"og:title\" content=\"Gdzie mog\u0119 przymocowa\u0107 m\u00f3j Spotter? - Spotter - Polen\" \/>\n<meta property=\"og:description\" content=\"Spotter GPS TrackerTo ma\u0142y, mobilny lokalizator GPS, kt\u00f3ry mo\u017cna \u0142atwo nosi\u0107 przy sobie. W zestawie znajduje si\u0119 klips oraz smycz, dzi\u0119ki czemu mo\u017cna go np. nosi\u0107 na szyi. Spotter GPS WatchTo zegarek, kt\u00f3ry mo\u017cna wygodnie nosi\u0107 na nadgarstku. Spotter GPS Watch \u2013 AirTo zegarek, kt\u00f3ry mo\u017cna wygodnie nosi\u0107 na nadgarstku. Pet Spotter \u2013 DogTo najmniejszy [&hellip;]\" \/>\n<meta property=\"og:url\" content=\"https:\/\/www.spottergps.com\/pl\/faq-2\/produkty-i-funkcje\/gdzie-moge-przymocowac-moj-spotter\/\" \/>\n<meta property=\"og:site_name\" content=\"Spotter - Polen\" \/>\n<meta property=\"article:modified_time\" content=\"2025-03-31T14:06:41+00:00\" \/>\n<meta name=\"twitter:card\" content=\"summary_large_image\" \/>\n<meta name=\"twitter:label1\" content=\"Szacowany czas czytania\" \/>\n\t<meta name=\"twitter:data1\" content=\"1 minuta\" \/>\n<script type=\"application\/ld+json\" class=\"yoast-schema-graph\">{\"@context\":\"https:\/\/schema.org\",\"@graph\":[{\"@type\":\"WebPage\",\"@id\":\"https:\/\/www.spottergps.com\/pl\/faq-2\/produkty-i-funkcje\/gdzie-moge-przymocowac-moj-spotter\/\",\"url\":\"https:\/\/www.spottergps.com\/pl\/faq-2\/produkty-i-funkcje\/gdzie-moge-przymocowac-moj-spotter\/\",\"name\":\"Gdzie mog\u0119 przymocowa\u0107 m\u00f3j Spotter? - Spotter - Polen\",\"isPartOf\":{\"@id\":\"https:\/\/www.spottergps.com\/pl\/#website\"},\"datePublished\":\"2025-03-31T14:06:39+00:00\",\"dateModified\":\"2025-03-31T14:06:41+00:00\",\"breadcrumb\":{\"@id\":\"https:\/\/www.spottergps.com\/pl\/faq-2\/produkty-i-funkcje\/gdzie-moge-przymocowac-moj-spotter\/#breadcrumb\"},\"inLanguage\":\"pl-PL\",\"potentialAction\":[{\"@type\":\"ReadAction\",\"target\":[\"https:\/\/www.spottergps.com\/pl\/faq-2\/produkty-i-funkcje\/gdzie-moge-przymocowac-moj-spotter\/\"]}]},{\"@type\":\"BreadcrumbList\",\"@id\":\"https:\/\/www.spottergps.com\/pl\/faq-2\/produkty-i-funkcje\/gdzie-moge-przymocowac-moj-spotter\/#breadcrumb\",\"itemListElement\":[{\"@type\":\"ListItem\",\"position\":1,\"name\":\"Home\",\"item\":\"https:\/\/www.spottergps.com\/pl\/\"},{\"@type\":\"ListItem\",\"position\":2,\"name\":\"Jak mo\u017cemy ci pom\u00f3c?\",\"item\":\"https:\/\/www.spottergps.com\/pl\/faq-2\/\"},{\"@type\":\"ListItem\",\"position\":3,\"name\":\"Produkty i funkcje\",\"item\":\"https:\/\/www.spottergps.com\/pl\/faq-2\/produkty-i-funkcje\/\"},{\"@type\":\"ListItem\",\"position\":4,\"name\":\"Gdzie mog\u0119 przymocowa\u0107 m\u00f3j Spotter?\"}]},{\"@type\":\"WebSite\",\"@id\":\"https:\/\/www.spottergps.com\/pl\/#website\",\"url\":\"https:\/\/www.spottergps.com\/pl\/\",\"name\":\"Spotter - Polen\",\"description\":\"GPS tracker dla wszystkiego, co kochasz\",\"potentialAction\":[{\"@type\":\"SearchAction\",\"target\":{\"@type\":\"EntryPoint\",\"urlTemplate\":\"https:\/\/www.spottergps.com\/pl\/?s={search_term_string}\"},\"query-input\":{\"@type\":\"PropertyValueSpecification\",\"valueRequired\":true,\"valueName\":\"search_term_string\"}}],\"inLanguage\":\"pl-PL\"}]}<\/script>\n<!-- \/ Yoast SEO plugin. -->","yoast_head_json":{"title":"Gdzie mog\u0119 przymocowa\u0107 m\u00f3j Spotter? - Spotter - Polen","robots":{"index":"index","follow":"follow","max-snippet":"max-snippet:-1","max-image-preview":"max-image-preview:large","max-video-preview":"max-video-preview:-1"},"canonical":"https:\/\/www.spottergps.com\/pl\/faq-2\/produkty-i-funkcje\/gdzie-moge-przymocowac-moj-spotter\/","og_locale":"pl_PL","og_type":"article","og_title":"Gdzie mog\u0119 przymocowa\u0107 m\u00f3j Spotter? - Spotter - Polen","og_description":"Spotter GPS TrackerTo ma\u0142y, mobilny lokalizator GPS, kt\u00f3ry mo\u017cna \u0142atwo nosi\u0107 przy sobie. W zestawie znajduje si\u0119 klips oraz smycz, dzi\u0119ki czemu mo\u017cna go np. nosi\u0107 na szyi. Spotter GPS WatchTo zegarek, kt\u00f3ry mo\u017cna wygodnie nosi\u0107 na nadgarstku. Spotter GPS Watch \u2013 AirTo zegarek, kt\u00f3ry mo\u017cna wygodnie nosi\u0107 na nadgarstku. Pet Spotter \u2013 DogTo najmniejszy [&hellip;]","og_url":"https:\/\/www.spottergps.com\/pl\/faq-2\/produkty-i-funkcje\/gdzie-moge-przymocowac-moj-spotter\/","og_site_name":"Spotter - Polen","article_modified_time":"2025-03-31T14:06:41+00:00","twitter_card":"summary_large_image","twitter_misc":{"Szacowany czas czytania":"1 minuta"},"schema":{"@context":"https:\/\/schema.org","@graph":[{"@type":"WebPage","@id":"https:\/\/www.spottergps.com\/pl\/faq-2\/produkty-i-funkcje\/gdzie-moge-przymocowac-moj-spotter\/","url":"https:\/\/www.spottergps.com\/pl\/faq-2\/produkty-i-funkcje\/gdzie-moge-przymocowac-moj-spotter\/","name":"Gdzie mog\u0119 przymocowa\u0107 m\u00f3j Spotter? - Spotter - Polen","isPartOf":{"@id":"https:\/\/www.spottergps.com\/pl\/#website"},"datePublished":"2025-03-31T14:06:39+00:00","dateModified":"2025-03-31T14:06:41+00:00","breadcrumb":{"@id":"https:\/\/www.spottergps.com\/pl\/faq-2\/produkty-i-funkcje\/gdzie-moge-przymocowac-moj-spotter\/#breadcrumb"},"inLanguage":"pl-PL","potentialAction":[{"@type":"ReadAction","target":["https:\/\/www.spottergps.com\/pl\/faq-2\/produkty-i-funkcje\/gdzie-moge-przymocowac-moj-spotter\/"]}]},{"@type":"BreadcrumbList","@id":"https:\/\/www.spottergps.com\/pl\/faq-2\/produkty-i-funkcje\/gdzie-moge-przymocowac-moj-spotter\/#breadcrumb","itemListElement":[{"@type":"ListItem","position":1,"name":"Home","item":"https:\/\/www.spottergps.com\/pl\/"},{"@type":"ListItem","position":2,"name":"Jak mo\u017cemy ci pom\u00f3c?","item":"https:\/\/www.spottergps.com\/pl\/faq-2\/"},{"@type":"ListItem","position":3,"name":"Produkty i funkcje","item":"https:\/\/www.spottergps.com\/pl\/faq-2\/produkty-i-funkcje\/"},{"@type":"ListItem","position":4,"name":"Gdzie mog\u0119 przymocowa\u0107 m\u00f3j Spotter?"}]},{"@type":"WebSite","@id":"https:\/\/www.spottergps.com\/pl\/#website","url":"https:\/\/www.spottergps.com\/pl\/","name":"Spotter - Polen","description":"GPS tracker dla wszystkiego, co kochasz","potentialAction":[{"@type":"SearchAction","target":{"@type":"EntryPoint","urlTemplate":"https:\/\/www.spottergps.com\/pl\/?s={search_term_string}"},"query-input":{"@type":"PropertyValueSpecification","valueRequired":true,"valueName":"search_term_string"}}],"inLanguage":"pl-PL"}]}},"_links":{"self":[{"href":"https:\/\/www.spottergps.com\/pl\/wp-json\/wp\/v2\/pages\/790","targetHints":{"allow":["GET"]}}],"collection":[{"href":"https:\/\/www.spottergps.com\/pl\/wp-json\/wp\/v2\/pages"}],"about":[{"href":"https:\/\/www.spottergps.com\/pl\/wp-json\/wp\/v2\/types\/page"}],"author":[{"embeddable":true,"href":"https:\/\/www.spottergps.com\/pl\/wp-json\/wp\/v2\/users\/14"}],"replies":[{"embeddable":true,"href":"https:\/\/www.spottergps.com\/pl\/wp-json\/wp\/v2\/comments?post=790"}],"version-history":[{"count":1,"href":"https:\/\/www.spottergps.com\/pl\/wp-json\/wp\/v2\/pages\/790\/revisions"}],"predecessor-version":[{"id":791,"href":"https:\/\/www.spottergps.com\/pl\/wp-json\/wp\/v2\/pages\/790\/revisions\/791"}],"up":[{"embeddable":true,"href":"https:\/\/www.spottergps.com\/pl\/wp-json\/wp\/v2\/pages\/644"}],"wp:attachment":[{"href":"https:\/\/www.spottergps.com\/pl\/wp-json\/wp\/v2\/media?parent=790"}],"wp:term":[{"taxonomy":"category","embeddable":true,"href":"https:\/\/www.spottergps.com\/pl\/wp-json\/wp\/v2\/categories?post=790"},{"taxonomy":"post_tag","embeddable":true,"href":"https:\/\/www.spottergps.com\/pl\/wp-json\/wp\/v2\/tags?post=790"}],"curies":[{"name":"wp","href":"https:\/\/api.w.org\/{rel}","templated":true}]}}