{"id":786,"date":"2025-03-31T13:46:38","date_gmt":"2025-03-31T13:46:38","guid":{"rendered":"https:\/\/www.spottergps.com\/pl\/?page_id=786"},"modified":"2025-03-31T13:46:39","modified_gmt":"2025-03-31T13:46:39","slug":"jak-dzialaja-produkty-spotter-gps-i-gprs","status":"publish","type":"page","link":"https:\/\/www.spottergps.com\/pl\/faq-2\/produkty-i-funkcje\/jak-dzialaja-produkty-spotter-gps-i-gprs\/","title":{"rendered":"Jak dzia\u0142aj\u0105 produkty Spotter? (GPS i GPRS)"},"content":{"rendered":"\n<p>Produkty okre\u015blaj\u0105 bie\u017c\u0105c\u0105 lokalizacj\u0119 za pomoc\u0105 Globalnego Systemu Pozycjonowania (GPS). Wykorzystuj\u0105 przy tym najwy\u017csz\u0105 klas\u0119 GPS, co zapewnia bardzo du\u017c\u0105 dok\u0142adno\u015b\u0107 lokalizacji. Nast\u0119pnie te lokalizacje s\u0105 przesy\u0142ane przez zabezpieczon\u0105 wewn\u0119trzn\u0105 kart\u0119 SIM w produktach, korzystaj\u0105c z bezpiecznego po\u0142\u0105czenia VPN, do Twojego konta online, gdzie mo\u017cesz przegl\u0105da\u0107 wszystkie dane. Aby uzyska\u0107 dost\u0119p do danych, wymagane jest po\u0142\u0105czenie z internetem.<\/p>\n\n\n\n<figure class=\"wp-block-image size-full is-resized\"><img loading=\"lazy\" decoding=\"async\" width=\"1024\" height=\"520\" src=\"https:\/\/www.spottergps.com\/pl\/wp-content\/uploads\/sites\/9\/2025\/03\/gps-spotter.jpg\" alt=\"\" class=\"wp-image-787\" style=\"width:845px;height:auto\" srcset=\"https:\/\/www.spottergps.com\/pl\/wp-content\/uploads\/sites\/9\/2025\/03\/gps-spotter.jpg 1024w, https:\/\/www.spottergps.com\/pl\/wp-content\/uploads\/sites\/9\/2025\/03\/gps-spotter-300x152.jpg 300w, https:\/\/www.spottergps.com\/pl\/wp-content\/uploads\/sites\/9\/2025\/03\/gps-spotter-768x390.jpg 768w\" sizes=\"auto, (max-width: 1024px) 100vw, 1024px\" \/><\/figure>\n\n\n\n<p><\/p>\n","protected":false},"excerpt":{"rendered":"<p>Produkty okre\u015blaj\u0105 bie\u017c\u0105c\u0105 lokalizacj\u0119 za pomoc\u0105 Globalnego Systemu Pozycjonowania (GPS). Wykorzystuj\u0105 przy tym najwy\u017csz\u0105 klas\u0119 GPS, co zapewnia bardzo du\u017c\u0105 dok\u0142adno\u015b\u0107 lokalizacji. Nast\u0119pnie te lokalizacje s\u0105 przesy\u0142ane przez zabezpieczon\u0105 wewn\u0119trzn\u0105 kart\u0119 SIM w produktach, korzystaj\u0105c z bezpiecznego po\u0142\u0105czenia VPN, do Twojego konta online, gdzie mo\u017cesz przegl\u0105da\u0107 wszystkie dane. Aby uzyska\u0107 dost\u0119p do danych, wymagane jest [&hellip;]<\/p>\n","protected":false},"author":14,"featured_media":0,"parent":644,"menu_order":0,"comment_status":"closed","ping_status":"closed","template":"faq-content.php","meta":{"_acf_changed":false,"footnotes":""},"categories":[5],"tags":[],"class_list":["post-786","page","type-page","status-publish","hentry","category-faq"],"acf":[],"yoast_head":"<!-- This site is optimized with the Yoast SEO plugin v25.9 - https:\/\/yoast.com\/wordpress\/plugins\/seo\/ -->\n<title>Jak dzia\u0142aj\u0105 produkty Spotter? (GPS i GPRS) - Spotter - Polen<\/title>\n<meta name=\"robots\" content=\"index, follow, max-snippet:-1, max-image-preview:large, max-video-preview:-1\" \/>\n<link rel=\"canonical\" href=\"https:\/\/www.spottergps.com\/pl\/faq-2\/produkty-i-funkcje\/jak-dzialaja-produkty-spotter-gps-i-gprs\/\" \/>\n<meta property=\"og:locale\" content=\"pl_PL\" \/>\n<meta property=\"og:type\" content=\"article\" \/>\n<meta property=\"og:title\" content=\"Jak dzia\u0142aj\u0105 produkty Spotter? (GPS i GPRS) - Spotter - Polen\" \/>\n<meta property=\"og:description\" content=\"Produkty okre\u015blaj\u0105 bie\u017c\u0105c\u0105 lokalizacj\u0119 za pomoc\u0105 Globalnego Systemu Pozycjonowania (GPS). Wykorzystuj\u0105 przy tym najwy\u017csz\u0105 klas\u0119 GPS, co zapewnia bardzo du\u017c\u0105 dok\u0142adno\u015b\u0107 lokalizacji. Nast\u0119pnie te lokalizacje s\u0105 przesy\u0142ane przez zabezpieczon\u0105 wewn\u0119trzn\u0105 kart\u0119 SIM w produktach, korzystaj\u0105c z bezpiecznego po\u0142\u0105czenia VPN, do Twojego konta online, gdzie mo\u017cesz przegl\u0105da\u0107 wszystkie dane. Aby uzyska\u0107 dost\u0119p do danych, wymagane jest [&hellip;]\" \/>\n<meta property=\"og:url\" content=\"https:\/\/www.spottergps.com\/pl\/faq-2\/produkty-i-funkcje\/jak-dzialaja-produkty-spotter-gps-i-gprs\/\" \/>\n<meta property=\"og:site_name\" content=\"Spotter - Polen\" \/>\n<meta property=\"article:modified_time\" content=\"2025-03-31T13:46:39+00:00\" \/>\n<meta property=\"og:image\" content=\"https:\/\/www.spottergps.com\/pl\/wp-content\/uploads\/sites\/9\/2025\/03\/gps-spotter.jpg\" \/>\n<meta name=\"twitter:card\" content=\"summary_large_image\" \/>\n<meta name=\"twitter:label1\" content=\"Szacowany czas czytania\" \/>\n\t<meta name=\"twitter:data1\" content=\"1 minuta\" \/>\n<script type=\"application\/ld+json\" class=\"yoast-schema-graph\">{\"@context\":\"https:\/\/schema.org\",\"@graph\":[{\"@type\":\"WebPage\",\"@id\":\"https:\/\/www.spottergps.com\/pl\/faq-2\/produkty-i-funkcje\/jak-dzialaja-produkty-spotter-gps-i-gprs\/\",\"url\":\"https:\/\/www.spottergps.com\/pl\/faq-2\/produkty-i-funkcje\/jak-dzialaja-produkty-spotter-gps-i-gprs\/\",\"name\":\"Jak dzia\u0142aj\u0105 produkty Spotter? (GPS i GPRS) - Spotter - Polen\",\"isPartOf\":{\"@id\":\"https:\/\/www.spottergps.com\/pl\/#website\"},\"primaryImageOfPage\":{\"@id\":\"https:\/\/www.spottergps.com\/pl\/faq-2\/produkty-i-funkcje\/jak-dzialaja-produkty-spotter-gps-i-gprs\/#primaryimage\"},\"image\":{\"@id\":\"https:\/\/www.spottergps.com\/pl\/faq-2\/produkty-i-funkcje\/jak-dzialaja-produkty-spotter-gps-i-gprs\/#primaryimage\"},\"thumbnailUrl\":\"https:\/\/www.spottergps.com\/pl\/wp-content\/uploads\/sites\/9\/2025\/03\/gps-spotter.jpg\",\"datePublished\":\"2025-03-31T13:46:38+00:00\",\"dateModified\":\"2025-03-31T13:46:39+00:00\",\"breadcrumb\":{\"@id\":\"https:\/\/www.spottergps.com\/pl\/faq-2\/produkty-i-funkcje\/jak-dzialaja-produkty-spotter-gps-i-gprs\/#breadcrumb\"},\"inLanguage\":\"pl-PL\",\"potentialAction\":[{\"@type\":\"ReadAction\",\"target\":[\"https:\/\/www.spottergps.com\/pl\/faq-2\/produkty-i-funkcje\/jak-dzialaja-produkty-spotter-gps-i-gprs\/\"]}]},{\"@type\":\"ImageObject\",\"inLanguage\":\"pl-PL\",\"@id\":\"https:\/\/www.spottergps.com\/pl\/faq-2\/produkty-i-funkcje\/jak-dzialaja-produkty-spotter-gps-i-gprs\/#primaryimage\",\"url\":\"https:\/\/www.spottergps.com\/pl\/wp-content\/uploads\/sites\/9\/2025\/03\/gps-spotter.jpg\",\"contentUrl\":\"https:\/\/www.spottergps.com\/pl\/wp-content\/uploads\/sites\/9\/2025\/03\/gps-spotter.jpg\",\"width\":1024,\"height\":520},{\"@type\":\"BreadcrumbList\",\"@id\":\"https:\/\/www.spottergps.com\/pl\/faq-2\/produkty-i-funkcje\/jak-dzialaja-produkty-spotter-gps-i-gprs\/#breadcrumb\",\"itemListElement\":[{\"@type\":\"ListItem\",\"position\":1,\"name\":\"Home\",\"item\":\"https:\/\/www.spottergps.com\/pl\/\"},{\"@type\":\"ListItem\",\"position\":2,\"name\":\"Jak mo\u017cemy ci pom\u00f3c?\",\"item\":\"https:\/\/www.spottergps.com\/pl\/faq-2\/\"},{\"@type\":\"ListItem\",\"position\":3,\"name\":\"Produkty i funkcje\",\"item\":\"https:\/\/www.spottergps.com\/pl\/faq-2\/produkty-i-funkcje\/\"},{\"@type\":\"ListItem\",\"position\":4,\"name\":\"Jak dzia\u0142aj\u0105 produkty Spotter? (GPS i GPRS)\"}]},{\"@type\":\"WebSite\",\"@id\":\"https:\/\/www.spottergps.com\/pl\/#website\",\"url\":\"https:\/\/www.spottergps.com\/pl\/\",\"name\":\"Spotter - Polen\",\"description\":\"GPS tracker dla wszystkiego, co kochasz\",\"potentialAction\":[{\"@type\":\"SearchAction\",\"target\":{\"@type\":\"EntryPoint\",\"urlTemplate\":\"https:\/\/www.spottergps.com\/pl\/?s={search_term_string}\"},\"query-input\":{\"@type\":\"PropertyValueSpecification\",\"valueRequired\":true,\"valueName\":\"search_term_string\"}}],\"inLanguage\":\"pl-PL\"}]}<\/script>\n<!-- \/ Yoast SEO plugin. -->","yoast_head_json":{"title":"Jak dzia\u0142aj\u0105 produkty Spotter? (GPS i GPRS) - Spotter - Polen","robots":{"index":"index","follow":"follow","max-snippet":"max-snippet:-1","max-image-preview":"max-image-preview:large","max-video-preview":"max-video-preview:-1"},"canonical":"https:\/\/www.spottergps.com\/pl\/faq-2\/produkty-i-funkcje\/jak-dzialaja-produkty-spotter-gps-i-gprs\/","og_locale":"pl_PL","og_type":"article","og_title":"Jak dzia\u0142aj\u0105 produkty Spotter? (GPS i GPRS) - Spotter - Polen","og_description":"Produkty okre\u015blaj\u0105 bie\u017c\u0105c\u0105 lokalizacj\u0119 za pomoc\u0105 Globalnego Systemu Pozycjonowania (GPS). Wykorzystuj\u0105 przy tym najwy\u017csz\u0105 klas\u0119 GPS, co zapewnia bardzo du\u017c\u0105 dok\u0142adno\u015b\u0107 lokalizacji. Nast\u0119pnie te lokalizacje s\u0105 przesy\u0142ane przez zabezpieczon\u0105 wewn\u0119trzn\u0105 kart\u0119 SIM w produktach, korzystaj\u0105c z bezpiecznego po\u0142\u0105czenia VPN, do Twojego konta online, gdzie mo\u017cesz przegl\u0105da\u0107 wszystkie dane. Aby uzyska\u0107 dost\u0119p do danych, wymagane jest [&hellip;]","og_url":"https:\/\/www.spottergps.com\/pl\/faq-2\/produkty-i-funkcje\/jak-dzialaja-produkty-spotter-gps-i-gprs\/","og_site_name":"Spotter - Polen","article_modified_time":"2025-03-31T13:46:39+00:00","og_image":[{"url":"https:\/\/www.spottergps.com\/pl\/wp-content\/uploads\/sites\/9\/2025\/03\/gps-spotter.jpg","type":"","width":"","height":""}],"twitter_card":"summary_large_image","twitter_misc":{"Szacowany czas czytania":"1 minuta"},"schema":{"@context":"https:\/\/schema.org","@graph":[{"@type":"WebPage","@id":"https:\/\/www.spottergps.com\/pl\/faq-2\/produkty-i-funkcje\/jak-dzialaja-produkty-spotter-gps-i-gprs\/","url":"https:\/\/www.spottergps.com\/pl\/faq-2\/produkty-i-funkcje\/jak-dzialaja-produkty-spotter-gps-i-gprs\/","name":"Jak dzia\u0142aj\u0105 produkty Spotter? (GPS i GPRS) - Spotter - Polen","isPartOf":{"@id":"https:\/\/www.spottergps.com\/pl\/#website"},"primaryImageOfPage":{"@id":"https:\/\/www.spottergps.com\/pl\/faq-2\/produkty-i-funkcje\/jak-dzialaja-produkty-spotter-gps-i-gprs\/#primaryimage"},"image":{"@id":"https:\/\/www.spottergps.com\/pl\/faq-2\/produkty-i-funkcje\/jak-dzialaja-produkty-spotter-gps-i-gprs\/#primaryimage"},"thumbnailUrl":"https:\/\/www.spottergps.com\/pl\/wp-content\/uploads\/sites\/9\/2025\/03\/gps-spotter.jpg","datePublished":"2025-03-31T13:46:38+00:00","dateModified":"2025-03-31T13:46:39+00:00","breadcrumb":{"@id":"https:\/\/www.spottergps.com\/pl\/faq-2\/produkty-i-funkcje\/jak-dzialaja-produkty-spotter-gps-i-gprs\/#breadcrumb"},"inLanguage":"pl-PL","potentialAction":[{"@type":"ReadAction","target":["https:\/\/www.spottergps.com\/pl\/faq-2\/produkty-i-funkcje\/jak-dzialaja-produkty-spotter-gps-i-gprs\/"]}]},{"@type":"ImageObject","inLanguage":"pl-PL","@id":"https:\/\/www.spottergps.com\/pl\/faq-2\/produkty-i-funkcje\/jak-dzialaja-produkty-spotter-gps-i-gprs\/#primaryimage","url":"https:\/\/www.spottergps.com\/pl\/wp-content\/uploads\/sites\/9\/2025\/03\/gps-spotter.jpg","contentUrl":"https:\/\/www.spottergps.com\/pl\/wp-content\/uploads\/sites\/9\/2025\/03\/gps-spotter.jpg","width":1024,"height":520},{"@type":"BreadcrumbList","@id":"https:\/\/www.spottergps.com\/pl\/faq-2\/produkty-i-funkcje\/jak-dzialaja-produkty-spotter-gps-i-gprs\/#breadcrumb","itemListElement":[{"@type":"ListItem","position":1,"name":"Home","item":"https:\/\/www.spottergps.com\/pl\/"},{"@type":"ListItem","position":2,"name":"Jak mo\u017cemy ci pom\u00f3c?","item":"https:\/\/www.spottergps.com\/pl\/faq-2\/"},{"@type":"ListItem","position":3,"name":"Produkty i funkcje","item":"https:\/\/www.spottergps.com\/pl\/faq-2\/produkty-i-funkcje\/"},{"@type":"ListItem","position":4,"name":"Jak dzia\u0142aj\u0105 produkty Spotter? (GPS i GPRS)"}]},{"@type":"WebSite","@id":"https:\/\/www.spottergps.com\/pl\/#website","url":"https:\/\/www.spottergps.com\/pl\/","name":"Spotter - Polen","description":"GPS tracker dla wszystkiego, co kochasz","potentialAction":[{"@type":"SearchAction","target":{"@type":"EntryPoint","urlTemplate":"https:\/\/www.spottergps.com\/pl\/?s={search_term_string}"},"query-input":{"@type":"PropertyValueSpecification","valueRequired":true,"valueName":"search_term_string"}}],"inLanguage":"pl-PL"}]}},"_links":{"self":[{"href":"https:\/\/www.spottergps.com\/pl\/wp-json\/wp\/v2\/pages\/786","targetHints":{"allow":["GET"]}}],"collection":[{"href":"https:\/\/www.spottergps.com\/pl\/wp-json\/wp\/v2\/pages"}],"about":[{"href":"https:\/\/www.spottergps.com\/pl\/wp-json\/wp\/v2\/types\/page"}],"author":[{"embeddable":true,"href":"https:\/\/www.spottergps.com\/pl\/wp-json\/wp\/v2\/users\/14"}],"replies":[{"embeddable":true,"href":"https:\/\/www.spottergps.com\/pl\/wp-json\/wp\/v2\/comments?post=786"}],"version-history":[{"count":1,"href":"https:\/\/www.spottergps.com\/pl\/wp-json\/wp\/v2\/pages\/786\/revisions"}],"predecessor-version":[{"id":788,"href":"https:\/\/www.spottergps.com\/pl\/wp-json\/wp\/v2\/pages\/786\/revisions\/788"}],"up":[{"embeddable":true,"href":"https:\/\/www.spottergps.com\/pl\/wp-json\/wp\/v2\/pages\/644"}],"wp:attachment":[{"href":"https:\/\/www.spottergps.com\/pl\/wp-json\/wp\/v2\/media?parent=786"}],"wp:term":[{"taxonomy":"category","embeddable":true,"href":"https:\/\/www.spottergps.com\/pl\/wp-json\/wp\/v2\/categories?post=786"},{"taxonomy":"post_tag","embeddable":true,"href":"https:\/\/www.spottergps.com\/pl\/wp-json\/wp\/v2\/tags?post=786"}],"curies":[{"name":"wp","href":"https:\/\/api.w.org\/{rel}","templated":true}]}}