{"id":779,"date":"2025-03-31T13:31:21","date_gmt":"2025-03-31T13:31:21","guid":{"rendered":"https:\/\/www.spottergps.com\/pl\/?page_id=779"},"modified":"2025-03-31T13:31:23","modified_gmt":"2025-03-31T13:31:23","slug":"dzwonienie-do-spotter-gps-watch","status":"publish","type":"page","link":"https:\/\/www.spottergps.com\/pl\/faq-2\/produkty-i-funkcje\/dzwonienie-do-spotter-gps-watch\/","title":{"rendered":"Dzwonienie do Spotter GPS Watch"},"content":{"rendered":"\n<p class=\"\" data-start=\"39\" data-end=\"545\">Mo\u017cesz r\u00f3wnie\u017c zadzwoni\u0107 do Spotter GPS Watch, na przyk\u0142ad w sytuacji, gdy osoba znajduje si\u0119 w nag\u0142ej potrzebie i chcesz nawi\u0105za\u0107 kontakt. Zaloguj si\u0119 do aplikacji Spotter i kliknij ikon\u0119 Spotter GPS Watch na mapie. Nast\u0119pnie otworzy si\u0119 menu, w kt\u00f3rym nale\u017cy wybra\u0107 opcj\u0119 \u201eZadzwo\u0144\u201d. Spotter zacznie dzwoni\u0107. Po\u0142\u0105czenie mo\u017cna odebra\u0107, naciskaj\u0105c srebrn\u0105 ikon\u0119 znajduj\u0105c\u0105 si\u0119 pod wy\u015bwietlaczem Spotter GPS Watch. Aby zako\u0144czy\u0107 rozmow\u0119, nale\u017cy klikn\u0105\u0107 czerwon\u0105 s\u0142uchawk\u0119 na wy\u015bwietlaczu Spotter GPS Watch.<\/p>\n<p class=\"\" data-start=\"547\" data-end=\"814\"><strong data-start=\"547\" data-end=\"566\">Koszty po\u0142\u0105cze\u0144<\/strong><br data-start=\"566\" data-end=\"569\" \/>Gdy dzwonisz do Spotter GPS Watch ze swojego smartfona, koszt po\u0142\u0105czenia nie jest pokrywany z do\u0142adowania prepaid. Dzwonisz na europejski numer kom\u00f3rkowy, a op\u0142aty za po\u0142\u0105czenie s\u0105 naliczane zgodnie z taryf\u0105 Twojego operatora sieci kom\u00f3rkowej.<\/p>\n<p class=\"\" data-start=\"816\" data-end=\"1428\"><strong data-start=\"816\" data-end=\"846\">Dzwonienie w ca\u0142ej Europie<\/strong><br data-start=\"846\" data-end=\"849\" \/>Spotter GPS Watch jest wyposa\u017cony we wbudowan\u0105 kart\u0119 SIM z roamingiem, co umo\u017cliwia dzia\u0142anie urz\u0105dzenia w ca\u0142ej Europie na wszystkich dost\u0119pnych sieciach kom\u00f3rkowych bez dodatkowych koszt\u00f3w. Nawet w samej Holandii Spotter GPS Watch dzia\u0142a na wszystkich dost\u0119pnych sieciach kom\u00f3rkowych. Powodem tego rozwi\u0105zania jest zapewnienie najlepszej mo\u017cliwej \u0142\u0105czno\u015bci \u2013 urz\u0105dzenie automatycznie wybiera najsilniejszy dost\u0119pny sygna\u0142 sieciowy, niezale\u017cnie od operatora. Mo\u017cliwe jest r\u00f3wnie\u017c wykonanie po\u0142\u0105czenia do Spotter GPS Watch za pomoc\u0105 Skype\u2019a, co jest bardziej ekonomiczn\u0105 opcj\u0105.<\/p>\n<p class=\"\" data-start=\"1430\" data-end=\"1612\"><strong data-start=\"1430\" data-end=\"1443\">Wskaz\u00f3wka<\/strong>: Po pierwszym wykonaniu po\u0142\u0105czenia do Spotter GPS Watch warto zapisa\u0107 numer telefonu urz\u0105dzenia. Dzi\u0119ki temu b\u0119dzie mo\u017cna dzwoni\u0107 bezpo\u015brednio, r\u00f3wnie\u017c spoza aplikacji.<\/p>\n","protected":false},"excerpt":{"rendered":"<p>Mo\u017cesz r\u00f3wnie\u017c zadzwoni\u0107 do Spotter GPS Watch, na przyk\u0142ad w sytuacji, gdy osoba znajduje si\u0119 w nag\u0142ej potrzebie i chcesz nawi\u0105za\u0107 kontakt. Zaloguj si\u0119 do aplikacji Spotter i kliknij ikon\u0119 Spotter GPS Watch na mapie. Nast\u0119pnie otworzy si\u0119 menu, w kt\u00f3rym nale\u017cy wybra\u0107 opcj\u0119 \u201eZadzwo\u0144\u201d. Spotter zacznie dzwoni\u0107. Po\u0142\u0105czenie mo\u017cna odebra\u0107, naciskaj\u0105c srebrn\u0105 ikon\u0119 znajduj\u0105c\u0105 [&hellip;]<\/p>\n","protected":false},"author":14,"featured_media":0,"parent":644,"menu_order":0,"comment_status":"closed","ping_status":"closed","template":"faq-content.php","meta":{"_acf_changed":false,"footnotes":""},"categories":[5],"tags":[],"class_list":["post-779","page","type-page","status-publish","hentry","category-faq"],"acf":[],"yoast_head":"<!-- This site is optimized with the Yoast SEO plugin v25.9 - https:\/\/yoast.com\/wordpress\/plugins\/seo\/ -->\n<title>Dzwonienie do Spotter GPS Watch - Spotter - Polen<\/title>\n<meta name=\"robots\" content=\"index, follow, max-snippet:-1, max-image-preview:large, max-video-preview:-1\" \/>\n<link rel=\"canonical\" href=\"https:\/\/www.spottergps.com\/pl\/faq-2\/produkty-i-funkcje\/dzwonienie-do-spotter-gps-watch\/\" \/>\n<meta property=\"og:locale\" content=\"pl_PL\" \/>\n<meta property=\"og:type\" content=\"article\" \/>\n<meta property=\"og:title\" content=\"Dzwonienie do Spotter GPS Watch - Spotter - Polen\" \/>\n<meta property=\"og:description\" content=\"Mo\u017cesz r\u00f3wnie\u017c zadzwoni\u0107 do Spotter GPS Watch, na przyk\u0142ad w sytuacji, gdy osoba znajduje si\u0119 w nag\u0142ej potrzebie i chcesz nawi\u0105za\u0107 kontakt. Zaloguj si\u0119 do aplikacji Spotter i kliknij ikon\u0119 Spotter GPS Watch na mapie. Nast\u0119pnie otworzy si\u0119 menu, w kt\u00f3rym nale\u017cy wybra\u0107 opcj\u0119 \u201eZadzwo\u0144\u201d. Spotter zacznie dzwoni\u0107. Po\u0142\u0105czenie mo\u017cna odebra\u0107, naciskaj\u0105c srebrn\u0105 ikon\u0119 znajduj\u0105c\u0105 [&hellip;]\" \/>\n<meta property=\"og:url\" content=\"https:\/\/www.spottergps.com\/pl\/faq-2\/produkty-i-funkcje\/dzwonienie-do-spotter-gps-watch\/\" \/>\n<meta property=\"og:site_name\" content=\"Spotter - Polen\" \/>\n<meta property=\"article:modified_time\" content=\"2025-03-31T13:31:23+00:00\" \/>\n<meta name=\"twitter:card\" content=\"summary_large_image\" \/>\n<meta name=\"twitter:label1\" content=\"Szacowany czas czytania\" \/>\n\t<meta name=\"twitter:data1\" content=\"2 minuty\" \/>\n<script type=\"application\/ld+json\" class=\"yoast-schema-graph\">{\"@context\":\"https:\/\/schema.org\",\"@graph\":[{\"@type\":\"WebPage\",\"@id\":\"https:\/\/www.spottergps.com\/pl\/faq-2\/produkty-i-funkcje\/dzwonienie-do-spotter-gps-watch\/\",\"url\":\"https:\/\/www.spottergps.com\/pl\/faq-2\/produkty-i-funkcje\/dzwonienie-do-spotter-gps-watch\/\",\"name\":\"Dzwonienie do Spotter GPS Watch - Spotter - Polen\",\"isPartOf\":{\"@id\":\"https:\/\/www.spottergps.com\/pl\/#website\"},\"datePublished\":\"2025-03-31T13:31:21+00:00\",\"dateModified\":\"2025-03-31T13:31:23+00:00\",\"breadcrumb\":{\"@id\":\"https:\/\/www.spottergps.com\/pl\/faq-2\/produkty-i-funkcje\/dzwonienie-do-spotter-gps-watch\/#breadcrumb\"},\"inLanguage\":\"pl-PL\",\"potentialAction\":[{\"@type\":\"ReadAction\",\"target\":[\"https:\/\/www.spottergps.com\/pl\/faq-2\/produkty-i-funkcje\/dzwonienie-do-spotter-gps-watch\/\"]}]},{\"@type\":\"BreadcrumbList\",\"@id\":\"https:\/\/www.spottergps.com\/pl\/faq-2\/produkty-i-funkcje\/dzwonienie-do-spotter-gps-watch\/#breadcrumb\",\"itemListElement\":[{\"@type\":\"ListItem\",\"position\":1,\"name\":\"Home\",\"item\":\"https:\/\/www.spottergps.com\/pl\/\"},{\"@type\":\"ListItem\",\"position\":2,\"name\":\"Jak mo\u017cemy ci pom\u00f3c?\",\"item\":\"https:\/\/www.spottergps.com\/pl\/faq-2\/\"},{\"@type\":\"ListItem\",\"position\":3,\"name\":\"Produkty i funkcje\",\"item\":\"https:\/\/www.spottergps.com\/pl\/faq-2\/produkty-i-funkcje\/\"},{\"@type\":\"ListItem\",\"position\":4,\"name\":\"Dzwonienie do Spotter GPS Watch\"}]},{\"@type\":\"WebSite\",\"@id\":\"https:\/\/www.spottergps.com\/pl\/#website\",\"url\":\"https:\/\/www.spottergps.com\/pl\/\",\"name\":\"Spotter - Polen\",\"description\":\"GPS tracker dla wszystkiego, co kochasz\",\"potentialAction\":[{\"@type\":\"SearchAction\",\"target\":{\"@type\":\"EntryPoint\",\"urlTemplate\":\"https:\/\/www.spottergps.com\/pl\/?s={search_term_string}\"},\"query-input\":{\"@type\":\"PropertyValueSpecification\",\"valueRequired\":true,\"valueName\":\"search_term_string\"}}],\"inLanguage\":\"pl-PL\"}]}<\/script>\n<!-- \/ Yoast SEO plugin. -->","yoast_head_json":{"title":"Dzwonienie do Spotter GPS Watch - Spotter - Polen","robots":{"index":"index","follow":"follow","max-snippet":"max-snippet:-1","max-image-preview":"max-image-preview:large","max-video-preview":"max-video-preview:-1"},"canonical":"https:\/\/www.spottergps.com\/pl\/faq-2\/produkty-i-funkcje\/dzwonienie-do-spotter-gps-watch\/","og_locale":"pl_PL","og_type":"article","og_title":"Dzwonienie do Spotter GPS Watch - Spotter - Polen","og_description":"Mo\u017cesz r\u00f3wnie\u017c zadzwoni\u0107 do Spotter GPS Watch, na przyk\u0142ad w sytuacji, gdy osoba znajduje si\u0119 w nag\u0142ej potrzebie i chcesz nawi\u0105za\u0107 kontakt. Zaloguj si\u0119 do aplikacji Spotter i kliknij ikon\u0119 Spotter GPS Watch na mapie. Nast\u0119pnie otworzy si\u0119 menu, w kt\u00f3rym nale\u017cy wybra\u0107 opcj\u0119 \u201eZadzwo\u0144\u201d. Spotter zacznie dzwoni\u0107. Po\u0142\u0105czenie mo\u017cna odebra\u0107, naciskaj\u0105c srebrn\u0105 ikon\u0119 znajduj\u0105c\u0105 [&hellip;]","og_url":"https:\/\/www.spottergps.com\/pl\/faq-2\/produkty-i-funkcje\/dzwonienie-do-spotter-gps-watch\/","og_site_name":"Spotter - Polen","article_modified_time":"2025-03-31T13:31:23+00:00","twitter_card":"summary_large_image","twitter_misc":{"Szacowany czas czytania":"2 minuty"},"schema":{"@context":"https:\/\/schema.org","@graph":[{"@type":"WebPage","@id":"https:\/\/www.spottergps.com\/pl\/faq-2\/produkty-i-funkcje\/dzwonienie-do-spotter-gps-watch\/","url":"https:\/\/www.spottergps.com\/pl\/faq-2\/produkty-i-funkcje\/dzwonienie-do-spotter-gps-watch\/","name":"Dzwonienie do Spotter GPS Watch - Spotter - Polen","isPartOf":{"@id":"https:\/\/www.spottergps.com\/pl\/#website"},"datePublished":"2025-03-31T13:31:21+00:00","dateModified":"2025-03-31T13:31:23+00:00","breadcrumb":{"@id":"https:\/\/www.spottergps.com\/pl\/faq-2\/produkty-i-funkcje\/dzwonienie-do-spotter-gps-watch\/#breadcrumb"},"inLanguage":"pl-PL","potentialAction":[{"@type":"ReadAction","target":["https:\/\/www.spottergps.com\/pl\/faq-2\/produkty-i-funkcje\/dzwonienie-do-spotter-gps-watch\/"]}]},{"@type":"BreadcrumbList","@id":"https:\/\/www.spottergps.com\/pl\/faq-2\/produkty-i-funkcje\/dzwonienie-do-spotter-gps-watch\/#breadcrumb","itemListElement":[{"@type":"ListItem","position":1,"name":"Home","item":"https:\/\/www.spottergps.com\/pl\/"},{"@type":"ListItem","position":2,"name":"Jak mo\u017cemy ci pom\u00f3c?","item":"https:\/\/www.spottergps.com\/pl\/faq-2\/"},{"@type":"ListItem","position":3,"name":"Produkty i funkcje","item":"https:\/\/www.spottergps.com\/pl\/faq-2\/produkty-i-funkcje\/"},{"@type":"ListItem","position":4,"name":"Dzwonienie do Spotter GPS Watch"}]},{"@type":"WebSite","@id":"https:\/\/www.spottergps.com\/pl\/#website","url":"https:\/\/www.spottergps.com\/pl\/","name":"Spotter - Polen","description":"GPS tracker dla wszystkiego, co kochasz","potentialAction":[{"@type":"SearchAction","target":{"@type":"EntryPoint","urlTemplate":"https:\/\/www.spottergps.com\/pl\/?s={search_term_string}"},"query-input":{"@type":"PropertyValueSpecification","valueRequired":true,"valueName":"search_term_string"}}],"inLanguage":"pl-PL"}]}},"_links":{"self":[{"href":"https:\/\/www.spottergps.com\/pl\/wp-json\/wp\/v2\/pages\/779","targetHints":{"allow":["GET"]}}],"collection":[{"href":"https:\/\/www.spottergps.com\/pl\/wp-json\/wp\/v2\/pages"}],"about":[{"href":"https:\/\/www.spottergps.com\/pl\/wp-json\/wp\/v2\/types\/page"}],"author":[{"embeddable":true,"href":"https:\/\/www.spottergps.com\/pl\/wp-json\/wp\/v2\/users\/14"}],"replies":[{"embeddable":true,"href":"https:\/\/www.spottergps.com\/pl\/wp-json\/wp\/v2\/comments?post=779"}],"version-history":[{"count":1,"href":"https:\/\/www.spottergps.com\/pl\/wp-json\/wp\/v2\/pages\/779\/revisions"}],"predecessor-version":[{"id":780,"href":"https:\/\/www.spottergps.com\/pl\/wp-json\/wp\/v2\/pages\/779\/revisions\/780"}],"up":[{"embeddable":true,"href":"https:\/\/www.spottergps.com\/pl\/wp-json\/wp\/v2\/pages\/644"}],"wp:attachment":[{"href":"https:\/\/www.spottergps.com\/pl\/wp-json\/wp\/v2\/media?parent=779"}],"wp:term":[{"taxonomy":"category","embeddable":true,"href":"https:\/\/www.spottergps.com\/pl\/wp-json\/wp\/v2\/categories?post=779"},{"taxonomy":"post_tag","embeddable":true,"href":"https:\/\/www.spottergps.com\/pl\/wp-json\/wp\/v2\/tags?post=779"}],"curies":[{"name":"wp","href":"https:\/\/api.w.org\/{rel}","templated":true}]}}