{"id":775,"date":"2025-03-31T13:27:05","date_gmt":"2025-03-31T13:27:05","guid":{"rendered":"https:\/\/www.spottergps.com\/pl\/?page_id=775"},"modified":"2025-03-31T13:27:06","modified_gmt":"2025-03-31T13:27:06","slug":"co-to-jest-mapa-aktywnosci-heat-map","status":"publish","type":"page","link":"https:\/\/www.spottergps.com\/pl\/faq-2\/produkty-i-funkcje\/co-to-jest-mapa-aktywnosci-heat-map\/","title":{"rendered":"Co to jest mapa aktywno\u015bci (Heat Map)?"},"content":{"rendered":"\n<p class=\"\" data-start=\"0\" data-end=\"329\">Na mapie aktywno\u015bci mo\u017cesz zobaczy\u0107 ulubione miejsca, kt\u00f3re najcz\u0119\u015bciej odwiedzaj\u0105 Twoje dzieci, rodzice lub zwierz\u0119ta domowe. S\u0105 one przedstawione w formie obszar\u00f3w cieplnych na mapie. Dzi\u0119ki temu w jednym spojrzeniu mo\u017cesz zobaczy\u0107, gdzie u\u017cytkownik Spottera przebywa najcz\u0119\u015bciej.<\/p>\n<p class=\"\" data-start=\"331\" data-end=\"402\">Funkcj\u0119 mapy aktywno\u015bci znajdziesz w menu wybranego urz\u0105dzenia Spotter.<\/p>\n\n\n\n<figure class=\"wp-block-image size-full is-resized\"><img loading=\"lazy\" decoding=\"async\" width=\"300\" height=\"254\" src=\"https:\/\/www.spottergps.com\/pl\/wp-content\/uploads\/sites\/9\/2025\/03\/heat-map-spotter.jpg\" alt=\"\" class=\"wp-image-776\" style=\"width:237px;height:auto\" \/><\/figure>\n\n\n\n<p><\/p>\n","protected":false},"excerpt":{"rendered":"<p>Na mapie aktywno\u015bci mo\u017cesz zobaczy\u0107 ulubione miejsca, kt\u00f3re najcz\u0119\u015bciej odwiedzaj\u0105 Twoje dzieci, rodzice lub zwierz\u0119ta domowe. S\u0105 one przedstawione w formie obszar\u00f3w cieplnych na mapie. Dzi\u0119ki temu w jednym spojrzeniu mo\u017cesz zobaczy\u0107, gdzie u\u017cytkownik Spottera przebywa najcz\u0119\u015bciej. Funkcj\u0119 mapy aktywno\u015bci znajdziesz w menu wybranego urz\u0105dzenia Spotter.<\/p>\n","protected":false},"author":14,"featured_media":0,"parent":644,"menu_order":0,"comment_status":"closed","ping_status":"closed","template":"faq-content.php","meta":{"_acf_changed":false,"footnotes":""},"categories":[5],"tags":[],"class_list":["post-775","page","type-page","status-publish","hentry","category-faq"],"acf":[],"yoast_head":"<!-- This site is optimized with the Yoast SEO plugin v25.9 - https:\/\/yoast.com\/wordpress\/plugins\/seo\/ -->\n<title>Co to jest mapa aktywno\u015bci (Heat Map)? - Spotter - Polen<\/title>\n<meta name=\"robots\" content=\"index, follow, max-snippet:-1, max-image-preview:large, max-video-preview:-1\" \/>\n<link rel=\"canonical\" href=\"https:\/\/www.spottergps.com\/pl\/faq-2\/produkty-i-funkcje\/co-to-jest-mapa-aktywnosci-heat-map\/\" \/>\n<meta property=\"og:locale\" content=\"pl_PL\" \/>\n<meta property=\"og:type\" content=\"article\" \/>\n<meta property=\"og:title\" content=\"Co to jest mapa aktywno\u015bci (Heat Map)? - Spotter - Polen\" \/>\n<meta property=\"og:description\" content=\"Na mapie aktywno\u015bci mo\u017cesz zobaczy\u0107 ulubione miejsca, kt\u00f3re najcz\u0119\u015bciej odwiedzaj\u0105 Twoje dzieci, rodzice lub zwierz\u0119ta domowe. S\u0105 one przedstawione w formie obszar\u00f3w cieplnych na mapie. Dzi\u0119ki temu w jednym spojrzeniu mo\u017cesz zobaczy\u0107, gdzie u\u017cytkownik Spottera przebywa najcz\u0119\u015bciej. Funkcj\u0119 mapy aktywno\u015bci znajdziesz w menu wybranego urz\u0105dzenia Spotter.\" \/>\n<meta property=\"og:url\" content=\"https:\/\/www.spottergps.com\/pl\/faq-2\/produkty-i-funkcje\/co-to-jest-mapa-aktywnosci-heat-map\/\" \/>\n<meta property=\"og:site_name\" content=\"Spotter - Polen\" \/>\n<meta property=\"article:modified_time\" content=\"2025-03-31T13:27:06+00:00\" \/>\n<meta property=\"og:image\" content=\"https:\/\/www.spottergps.com\/pl\/wp-content\/uploads\/sites\/9\/2025\/03\/heat-map-spotter.jpg\" \/>\n<meta name=\"twitter:card\" content=\"summary_large_image\" \/>\n<meta name=\"twitter:label1\" content=\"Szacowany czas czytania\" \/>\n\t<meta name=\"twitter:data1\" content=\"1 minuta\" \/>\n<script type=\"application\/ld+json\" class=\"yoast-schema-graph\">{\"@context\":\"https:\/\/schema.org\",\"@graph\":[{\"@type\":\"WebPage\",\"@id\":\"https:\/\/www.spottergps.com\/pl\/faq-2\/produkty-i-funkcje\/co-to-jest-mapa-aktywnosci-heat-map\/\",\"url\":\"https:\/\/www.spottergps.com\/pl\/faq-2\/produkty-i-funkcje\/co-to-jest-mapa-aktywnosci-heat-map\/\",\"name\":\"Co to jest mapa aktywno\u015bci (Heat Map)? - Spotter - Polen\",\"isPartOf\":{\"@id\":\"https:\/\/www.spottergps.com\/pl\/#website\"},\"primaryImageOfPage\":{\"@id\":\"https:\/\/www.spottergps.com\/pl\/faq-2\/produkty-i-funkcje\/co-to-jest-mapa-aktywnosci-heat-map\/#primaryimage\"},\"image\":{\"@id\":\"https:\/\/www.spottergps.com\/pl\/faq-2\/produkty-i-funkcje\/co-to-jest-mapa-aktywnosci-heat-map\/#primaryimage\"},\"thumbnailUrl\":\"https:\/\/www.spottergps.com\/pl\/wp-content\/uploads\/sites\/9\/2025\/03\/heat-map-spotter.jpg\",\"datePublished\":\"2025-03-31T13:27:05+00:00\",\"dateModified\":\"2025-03-31T13:27:06+00:00\",\"breadcrumb\":{\"@id\":\"https:\/\/www.spottergps.com\/pl\/faq-2\/produkty-i-funkcje\/co-to-jest-mapa-aktywnosci-heat-map\/#breadcrumb\"},\"inLanguage\":\"pl-PL\",\"potentialAction\":[{\"@type\":\"ReadAction\",\"target\":[\"https:\/\/www.spottergps.com\/pl\/faq-2\/produkty-i-funkcje\/co-to-jest-mapa-aktywnosci-heat-map\/\"]}]},{\"@type\":\"ImageObject\",\"inLanguage\":\"pl-PL\",\"@id\":\"https:\/\/www.spottergps.com\/pl\/faq-2\/produkty-i-funkcje\/co-to-jest-mapa-aktywnosci-heat-map\/#primaryimage\",\"url\":\"https:\/\/www.spottergps.com\/pl\/wp-content\/uploads\/sites\/9\/2025\/03\/heat-map-spotter.jpg\",\"contentUrl\":\"https:\/\/www.spottergps.com\/pl\/wp-content\/uploads\/sites\/9\/2025\/03\/heat-map-spotter.jpg\",\"width\":300,\"height\":254},{\"@type\":\"BreadcrumbList\",\"@id\":\"https:\/\/www.spottergps.com\/pl\/faq-2\/produkty-i-funkcje\/co-to-jest-mapa-aktywnosci-heat-map\/#breadcrumb\",\"itemListElement\":[{\"@type\":\"ListItem\",\"position\":1,\"name\":\"Home\",\"item\":\"https:\/\/www.spottergps.com\/pl\/\"},{\"@type\":\"ListItem\",\"position\":2,\"name\":\"Jak mo\u017cemy ci pom\u00f3c?\",\"item\":\"https:\/\/www.spottergps.com\/pl\/faq-2\/\"},{\"@type\":\"ListItem\",\"position\":3,\"name\":\"Produkty i funkcje\",\"item\":\"https:\/\/www.spottergps.com\/pl\/faq-2\/produkty-i-funkcje\/\"},{\"@type\":\"ListItem\",\"position\":4,\"name\":\"Co to jest mapa aktywno\u015bci (Heat Map)?\"}]},{\"@type\":\"WebSite\",\"@id\":\"https:\/\/www.spottergps.com\/pl\/#website\",\"url\":\"https:\/\/www.spottergps.com\/pl\/\",\"name\":\"Spotter - Polen\",\"description\":\"GPS tracker dla wszystkiego, co kochasz\",\"potentialAction\":[{\"@type\":\"SearchAction\",\"target\":{\"@type\":\"EntryPoint\",\"urlTemplate\":\"https:\/\/www.spottergps.com\/pl\/?s={search_term_string}\"},\"query-input\":{\"@type\":\"PropertyValueSpecification\",\"valueRequired\":true,\"valueName\":\"search_term_string\"}}],\"inLanguage\":\"pl-PL\"}]}<\/script>\n<!-- \/ Yoast SEO plugin. -->","yoast_head_json":{"title":"Co to jest mapa aktywno\u015bci (Heat Map)? - Spotter - Polen","robots":{"index":"index","follow":"follow","max-snippet":"max-snippet:-1","max-image-preview":"max-image-preview:large","max-video-preview":"max-video-preview:-1"},"canonical":"https:\/\/www.spottergps.com\/pl\/faq-2\/produkty-i-funkcje\/co-to-jest-mapa-aktywnosci-heat-map\/","og_locale":"pl_PL","og_type":"article","og_title":"Co to jest mapa aktywno\u015bci (Heat Map)? - Spotter - Polen","og_description":"Na mapie aktywno\u015bci mo\u017cesz zobaczy\u0107 ulubione miejsca, kt\u00f3re najcz\u0119\u015bciej odwiedzaj\u0105 Twoje dzieci, rodzice lub zwierz\u0119ta domowe. S\u0105 one przedstawione w formie obszar\u00f3w cieplnych na mapie. Dzi\u0119ki temu w jednym spojrzeniu mo\u017cesz zobaczy\u0107, gdzie u\u017cytkownik Spottera przebywa najcz\u0119\u015bciej. Funkcj\u0119 mapy aktywno\u015bci znajdziesz w menu wybranego urz\u0105dzenia Spotter.","og_url":"https:\/\/www.spottergps.com\/pl\/faq-2\/produkty-i-funkcje\/co-to-jest-mapa-aktywnosci-heat-map\/","og_site_name":"Spotter - Polen","article_modified_time":"2025-03-31T13:27:06+00:00","og_image":[{"url":"https:\/\/www.spottergps.com\/pl\/wp-content\/uploads\/sites\/9\/2025\/03\/heat-map-spotter.jpg","type":"","width":"","height":""}],"twitter_card":"summary_large_image","twitter_misc":{"Szacowany czas czytania":"1 minuta"},"schema":{"@context":"https:\/\/schema.org","@graph":[{"@type":"WebPage","@id":"https:\/\/www.spottergps.com\/pl\/faq-2\/produkty-i-funkcje\/co-to-jest-mapa-aktywnosci-heat-map\/","url":"https:\/\/www.spottergps.com\/pl\/faq-2\/produkty-i-funkcje\/co-to-jest-mapa-aktywnosci-heat-map\/","name":"Co to jest mapa aktywno\u015bci (Heat Map)? - Spotter - Polen","isPartOf":{"@id":"https:\/\/www.spottergps.com\/pl\/#website"},"primaryImageOfPage":{"@id":"https:\/\/www.spottergps.com\/pl\/faq-2\/produkty-i-funkcje\/co-to-jest-mapa-aktywnosci-heat-map\/#primaryimage"},"image":{"@id":"https:\/\/www.spottergps.com\/pl\/faq-2\/produkty-i-funkcje\/co-to-jest-mapa-aktywnosci-heat-map\/#primaryimage"},"thumbnailUrl":"https:\/\/www.spottergps.com\/pl\/wp-content\/uploads\/sites\/9\/2025\/03\/heat-map-spotter.jpg","datePublished":"2025-03-31T13:27:05+00:00","dateModified":"2025-03-31T13:27:06+00:00","breadcrumb":{"@id":"https:\/\/www.spottergps.com\/pl\/faq-2\/produkty-i-funkcje\/co-to-jest-mapa-aktywnosci-heat-map\/#breadcrumb"},"inLanguage":"pl-PL","potentialAction":[{"@type":"ReadAction","target":["https:\/\/www.spottergps.com\/pl\/faq-2\/produkty-i-funkcje\/co-to-jest-mapa-aktywnosci-heat-map\/"]}]},{"@type":"ImageObject","inLanguage":"pl-PL","@id":"https:\/\/www.spottergps.com\/pl\/faq-2\/produkty-i-funkcje\/co-to-jest-mapa-aktywnosci-heat-map\/#primaryimage","url":"https:\/\/www.spottergps.com\/pl\/wp-content\/uploads\/sites\/9\/2025\/03\/heat-map-spotter.jpg","contentUrl":"https:\/\/www.spottergps.com\/pl\/wp-content\/uploads\/sites\/9\/2025\/03\/heat-map-spotter.jpg","width":300,"height":254},{"@type":"BreadcrumbList","@id":"https:\/\/www.spottergps.com\/pl\/faq-2\/produkty-i-funkcje\/co-to-jest-mapa-aktywnosci-heat-map\/#breadcrumb","itemListElement":[{"@type":"ListItem","position":1,"name":"Home","item":"https:\/\/www.spottergps.com\/pl\/"},{"@type":"ListItem","position":2,"name":"Jak mo\u017cemy ci pom\u00f3c?","item":"https:\/\/www.spottergps.com\/pl\/faq-2\/"},{"@type":"ListItem","position":3,"name":"Produkty i funkcje","item":"https:\/\/www.spottergps.com\/pl\/faq-2\/produkty-i-funkcje\/"},{"@type":"ListItem","position":4,"name":"Co to jest mapa aktywno\u015bci (Heat Map)?"}]},{"@type":"WebSite","@id":"https:\/\/www.spottergps.com\/pl\/#website","url":"https:\/\/www.spottergps.com\/pl\/","name":"Spotter - Polen","description":"GPS tracker dla wszystkiego, co kochasz","potentialAction":[{"@type":"SearchAction","target":{"@type":"EntryPoint","urlTemplate":"https:\/\/www.spottergps.com\/pl\/?s={search_term_string}"},"query-input":{"@type":"PropertyValueSpecification","valueRequired":true,"valueName":"search_term_string"}}],"inLanguage":"pl-PL"}]}},"_links":{"self":[{"href":"https:\/\/www.spottergps.com\/pl\/wp-json\/wp\/v2\/pages\/775","targetHints":{"allow":["GET"]}}],"collection":[{"href":"https:\/\/www.spottergps.com\/pl\/wp-json\/wp\/v2\/pages"}],"about":[{"href":"https:\/\/www.spottergps.com\/pl\/wp-json\/wp\/v2\/types\/page"}],"author":[{"embeddable":true,"href":"https:\/\/www.spottergps.com\/pl\/wp-json\/wp\/v2\/users\/14"}],"replies":[{"embeddable":true,"href":"https:\/\/www.spottergps.com\/pl\/wp-json\/wp\/v2\/comments?post=775"}],"version-history":[{"count":1,"href":"https:\/\/www.spottergps.com\/pl\/wp-json\/wp\/v2\/pages\/775\/revisions"}],"predecessor-version":[{"id":777,"href":"https:\/\/www.spottergps.com\/pl\/wp-json\/wp\/v2\/pages\/775\/revisions\/777"}],"up":[{"embeddable":true,"href":"https:\/\/www.spottergps.com\/pl\/wp-json\/wp\/v2\/pages\/644"}],"wp:attachment":[{"href":"https:\/\/www.spottergps.com\/pl\/wp-json\/wp\/v2\/media?parent=775"}],"wp:term":[{"taxonomy":"category","embeddable":true,"href":"https:\/\/www.spottergps.com\/pl\/wp-json\/wp\/v2\/categories?post=775"},{"taxonomy":"post_tag","embeddable":true,"href":"https:\/\/www.spottergps.com\/pl\/wp-json\/wp\/v2\/tags?post=775"}],"curies":[{"name":"wp","href":"https:\/\/api.w.org\/{rel}","templated":true}]}}