{"id":772,"date":"2025-03-31T13:23:18","date_gmt":"2025-03-31T13:23:18","guid":{"rendered":"https:\/\/www.spottergps.com\/pl\/?page_id=772"},"modified":"2025-03-31T13:35:14","modified_gmt":"2025-03-31T13:35:14","slug":"funkcje-pet-spotter-kot-pies","status":"publish","type":"page","link":"https:\/\/www.spottergps.com\/pl\/faq-2\/produkty-i-funkcje\/funkcje-pet-spotter-kot-pies\/","title":{"rendered":"Funkcje Pet Spotter (kot &amp; pies)"},"content":{"rendered":"\n<p class=\"\" data-start=\"0\" data-end=\"174\">Ciekawi Ci\u0119, jakie funkcje ma Pet Spotter? Poni\u017cej przedstawiamy szczeg\u00f3\u0142y, a pe\u0142en przegl\u0105d funkcji znajdziesz w <a href=\"https:\/\/www.spottergps.com\/pl\/wp-content\/uploads\/sites\/9\/2025\/03\/Handleiding-Pet-Spotter-V4_PL.pdf\">instrukcji<\/a> obs\u0142ugi.<\/p>\n<h2 data-start=\"176\" data-end=\"672\"><strong data-start=\"176\" data-end=\"203\">Sprawdzanie lokalizacji<\/strong><\/h2>\n<p class=\"\" data-start=\"176\" data-end=\"672\"><a href=\"https:\/\/www.spottergps.com\/pl\/najmniejszy-gps-tracker-dla-zwierzat\/\">Pet Spotter<\/a> automatycznie wysy\u0142a lokalizacj\u0119 co 5 minut podczas ruchu, kt\u00f3r\u0105 mo\u017cesz sprawdzi\u0107 online na swoim koncie lub w aplikacji Spotter. Je\u015bli chcesz cz\u0119\u015bciej otrzymywa\u0107 lokalizacj\u0119, mo\u017cesz r\u0119cznie j\u0105 od\u015bwie\u017cy\u0107 \u2013 przez 3 minuty b\u0119dziesz otrzymywa\u0107 aktualne dane co 60 sekund. Wszystkie lokalizacje s\u0105 dost\u0119pne do przegl\u0105dania przez 7 dni, po czym dane zostan\u0105 usuni\u0119te. W zak\u0142adce \u201eHome\u201d w swoim koncie online mo\u017cesz zobaczy\u0107 aktualn\u0105 lokalizacj\u0119 Pet Spotter.<\/p>\n<h2 data-start=\"674\" data-end=\"944\"><strong data-start=\"674\" data-end=\"694\">Ustawianie stref<\/strong><\/h2>\n<p class=\"\" data-start=\"674\" data-end=\"944\">Mo\u017cesz \u0142atwo ustawi\u0107 stref\u0119, np. wok\u00f3\u0142 swojego domu, miejsca pracy lub innego istotnego obszaru. Je\u015bli Pet Spotter wejdzie do strefy lub j\u0105 opu\u015bci, natychmiast otrzymasz powiadomienie push w aplikacji. Mo\u017cliwe jest ustawienie do 5 r\u00f3\u017cnych stref.<\/p>\n<p class=\"\" data-start=\"946\" data-end=\"971\"><strong data-start=\"946\" data-end=\"969\">Jak ustawi\u0107 stref\u0119:<\/strong><\/p>\n<ol data-start=\"972\" data-end=\"1512\">\n<li class=\"\" data-start=\"972\" data-end=\"1028\">\n<p class=\"\" data-start=\"975\" data-end=\"1028\">Zaloguj si\u0119 do aplikacji lub na stron\u0119 internetow\u0105.<\/p>\n<\/li>\n<li class=\"\" data-start=\"1029\" data-end=\"1097\">\n<p class=\"\" data-start=\"1032\" data-end=\"1097\">Kliknij trzy kreski w prawym dolnym rogu i przejd\u017a do \u201estrefa\u201d.<\/p>\n<\/li>\n<li class=\"\" data-start=\"1098\" data-end=\"1145\">\n<p class=\"\" data-start=\"1101\" data-end=\"1145\">Kliknij symbol \u201e+\u201d, aby doda\u0107 now\u0105 stref\u0119.<\/p>\n<\/li>\n<li class=\"\" data-start=\"1146\" data-end=\"1200\">\n<p class=\"\" data-start=\"1149\" data-end=\"1200\">Wybierz ikon\u0119, np. dom jako \u201elokalizacj\u0119 domow\u0105\u201d.<\/p>\n<\/li>\n<li class=\"\" data-start=\"1201\" data-end=\"1280\">\n<p class=\"\" data-start=\"1204\" data-end=\"1280\">Przeci\u0105gnij ikon\u0119 na wybrane miejsce lub wpisz adres w pasku wyszukiwania.<\/p>\n<\/li>\n<li class=\"\" data-start=\"1281\" data-end=\"1512\">\n<p class=\"\" data-start=\"1284\" data-end=\"1512\">Okre\u015bl promie\u0144 strefy \u2013 jest on wyznaczany w formie okr\u0119gu.<br data-start=\"1343\" data-end=\"1346\" \/>Strefa zostaje aktywowana, a je\u015bli Pet Spotter j\u0105 opu\u015bci lub do niej wr\u00f3ci, otrzymasz powiadomienie. Mo\u017cesz zmieni\u0107 lub usun\u0105\u0107 stref\u0119, klikaj\u0105c \u201eEdytuj\u201d lub \u201eUsu\u0144\u201d.<\/p>\n<\/li>\n<\/ol>\n<h2 data-start=\"1514\" data-end=\"1916\"><strong data-start=\"1514\" data-end=\"1527\">Alarm SOS<\/strong><\/h2>\n<p data-start=\"1514\" data-end=\"1916\">Przytrzymanie przycisku SOS na przedniej stronie urz\u0105dzenia przez 3 sekundy spowoduje wys\u0142anie sygna\u0142u alarmowego. Powiadomienie z lokalizacj\u0105 zostanie wys\u0142ane na konto online, na e-mail oraz jako powiadomienie push w aplikacji Spotter. W aplikacji zobaczysz lokalizacj\u0119, z kt\u00f3rej naci\u015bni\u0119to przycisk SOS, oraz b\u0119dziesz m\u00f3g\u0142 zadzwoni\u0107 do Pet Spotter, aby dowiedzie\u0107 si\u0119, <a href=\"https:\/\/www.spottergps.com\/pl\/faq\/produkty-i-funkcje\/dzwonienie-do-spotter-gps-watch\/\">co si\u0119 sta\u0142o.<\/a><\/p>\n<h2 data-start=\"1918\" data-end=\"2191\"><strong data-start=\"1918\" data-end=\"1939\">Ustawianie alarmu<\/strong><\/h2>\n<p class=\"\" data-start=\"1918\" data-end=\"2191\">Mo\u017cesz ustawi\u0107 do 3 r\u00f3\u017cnych alarm\u00f3w, kt\u00f3re uruchomi\u0105 si\u0119 o wybranych godzinach. Mo\u017cesz np. ustawi\u0107 alarm przypominaj\u0105cy o porach karmienia zwierzaka, aby nauczy\u0107 go wraca\u0107 do domu na d\u017awi\u0119k sygna\u0142u. Alarm wy\u0142\u0105cza si\u0119 automatycznie po 30 sekundach.<\/p>\n<h2 data-start=\"2193\" data-end=\"2366\"><strong data-start=\"2193\" data-end=\"2203\">Kompas<\/strong><\/h2>\n<p class=\"\" data-start=\"2193\" data-end=\"2366\">Funkcja kompasu wskazuje kierunek, w kt\u00f3rym powiniene\u015b si\u0119 uda\u0107, aby odnale\u017a\u0107 swojego zwierzaka. Wystarczy skierowa\u0107 smartfon, a kompas poka\u017ce w\u0142a\u015bciw\u0105 drog\u0119.<\/p>\n<h2 data-start=\"2368\" data-end=\"2490\"><strong data-start=\"2368\" data-end=\"2397\">Heatmap \u2013 mapa aktywno\u015bci<\/strong><\/h2>\n<p class=\"\" data-start=\"2368\" data-end=\"2490\">Dzi\u0119ki tej funkcji mo\u017cesz sprawdzi\u0107, w jakich miejscach Tw\u00f3j pupil przebywa najcz\u0119\u015bciej.<\/p>\n<h2 data-start=\"2492\" data-end=\"2737\"><strong data-start=\"2492\" data-end=\"2507\">Street View<\/strong><\/h2>\n<p class=\"\" data-start=\"2492\" data-end=\"2737\">Wybieraj\u0105c opcj\u0119 Street View, otworzy si\u0119 specjalna strona internetowa z dok\u0142adnymi wsp\u00f3\u0142rz\u0119dnymi aktualnej lokalizacji Pet Spotter. Dzi\u0119ki temu mo\u017cesz zobaczy\u0107 miejsce, w kt\u00f3rym znajduje si\u0119 Tw\u00f3j zwierzak, na poziomie ulicy.<\/p>\n<h2 data-start=\"2739\" data-end=\"3048\"><strong data-start=\"2739\" data-end=\"2753\">Dzwonienie<\/strong><\/h2>\n<p class=\"\" data-start=\"2739\" data-end=\"3048\">Mo\u017cesz zadzwoni\u0107 do Pet Spotter, np. je\u015bli Tw\u00f3j zwierzak zagin\u0105\u0142, a osoba, kt\u00f3ra go znalaz\u0142a, nacisn\u0119\u0142a przycisk SOS. W aplikacji Spotter kliknij ikon\u0119 Pet Spotter na mapie i wybierz opcj\u0119 \u201eZadzwo\u0144\u201d. Urz\u0105dzenie zadzwoni, a po\u0142\u0105czenie mo\u017cna odebra\u0107 poprzez kr\u00f3tkie naci\u015bni\u0119cie przycisku SOS.<\/p>\n<p class=\"\" data-start=\"3050\" data-end=\"3223\"><strong>Uwaga<\/strong>: Po\u0142\u0105czenie z Pet Spotter jest naliczane zgodnie z cennikiem Twojego operatora. Dzwonisz na europejski numer kom\u00f3rkowy, a koszty zale\u017c\u0105 od Twojej taryfy telefonicznej.<\/p>\n","protected":false},"excerpt":{"rendered":"<p>Ciekawi Ci\u0119, jakie funkcje ma Pet Spotter? Poni\u017cej przedstawiamy szczeg\u00f3\u0142y, a pe\u0142en przegl\u0105d funkcji znajdziesz w instrukcji obs\u0142ugi. Sprawdzanie lokalizacji Pet Spotter automatycznie wysy\u0142a lokalizacj\u0119 co 5 minut podczas ruchu, kt\u00f3r\u0105 mo\u017cesz sprawdzi\u0107 online na swoim koncie lub w aplikacji Spotter. Je\u015bli chcesz cz\u0119\u015bciej otrzymywa\u0107 lokalizacj\u0119, mo\u017cesz r\u0119cznie j\u0105 od\u015bwie\u017cy\u0107 \u2013 przez 3 minuty b\u0119dziesz [&hellip;]<\/p>\n","protected":false},"author":14,"featured_media":0,"parent":644,"menu_order":0,"comment_status":"closed","ping_status":"closed","template":"faq-content.php","meta":{"_acf_changed":false,"footnotes":""},"categories":[5],"tags":[],"class_list":["post-772","page","type-page","status-publish","hentry","category-faq"],"acf":[],"yoast_head":"<!-- This site is optimized with the Yoast SEO plugin v25.9 - https:\/\/yoast.com\/wordpress\/plugins\/seo\/ -->\n<title>Funkcje Pet Spotter (kot &amp; pies) - Spotter - Polen<\/title>\n<meta name=\"robots\" content=\"index, follow, max-snippet:-1, max-image-preview:large, max-video-preview:-1\" \/>\n<link rel=\"canonical\" href=\"https:\/\/www.spottergps.com\/pl\/faq-2\/produkty-i-funkcje\/funkcje-pet-spotter-kot-pies\/\" \/>\n<meta property=\"og:locale\" content=\"pl_PL\" \/>\n<meta property=\"og:type\" content=\"article\" \/>\n<meta property=\"og:title\" content=\"Funkcje Pet Spotter (kot &amp; pies) - Spotter - Polen\" \/>\n<meta property=\"og:description\" content=\"Ciekawi Ci\u0119, jakie funkcje ma Pet Spotter? Poni\u017cej przedstawiamy szczeg\u00f3\u0142y, a pe\u0142en przegl\u0105d funkcji znajdziesz w instrukcji obs\u0142ugi. Sprawdzanie lokalizacji Pet Spotter automatycznie wysy\u0142a lokalizacj\u0119 co 5 minut podczas ruchu, kt\u00f3r\u0105 mo\u017cesz sprawdzi\u0107 online na swoim koncie lub w aplikacji Spotter. Je\u015bli chcesz cz\u0119\u015bciej otrzymywa\u0107 lokalizacj\u0119, mo\u017cesz r\u0119cznie j\u0105 od\u015bwie\u017cy\u0107 \u2013 przez 3 minuty b\u0119dziesz [&hellip;]\" \/>\n<meta property=\"og:url\" content=\"https:\/\/www.spottergps.com\/pl\/faq-2\/produkty-i-funkcje\/funkcje-pet-spotter-kot-pies\/\" \/>\n<meta property=\"og:site_name\" content=\"Spotter - Polen\" \/>\n<meta property=\"article:modified_time\" content=\"2025-03-31T13:35:14+00:00\" \/>\n<meta name=\"twitter:card\" content=\"summary_large_image\" \/>\n<meta name=\"twitter:label1\" content=\"Szacowany czas czytania\" \/>\n\t<meta name=\"twitter:data1\" content=\"3 minuty\" \/>\n<script type=\"application\/ld+json\" class=\"yoast-schema-graph\">{\"@context\":\"https:\/\/schema.org\",\"@graph\":[{\"@type\":\"WebPage\",\"@id\":\"https:\/\/www.spottergps.com\/pl\/faq-2\/produkty-i-funkcje\/funkcje-pet-spotter-kot-pies\/\",\"url\":\"https:\/\/www.spottergps.com\/pl\/faq-2\/produkty-i-funkcje\/funkcje-pet-spotter-kot-pies\/\",\"name\":\"Funkcje Pet Spotter (kot &amp; pies) - Spotter - Polen\",\"isPartOf\":{\"@id\":\"https:\/\/www.spottergps.com\/pl\/#website\"},\"datePublished\":\"2025-03-31T13:23:18+00:00\",\"dateModified\":\"2025-03-31T13:35:14+00:00\",\"breadcrumb\":{\"@id\":\"https:\/\/www.spottergps.com\/pl\/faq-2\/produkty-i-funkcje\/funkcje-pet-spotter-kot-pies\/#breadcrumb\"},\"inLanguage\":\"pl-PL\",\"potentialAction\":[{\"@type\":\"ReadAction\",\"target\":[\"https:\/\/www.spottergps.com\/pl\/faq-2\/produkty-i-funkcje\/funkcje-pet-spotter-kot-pies\/\"]}]},{\"@type\":\"BreadcrumbList\",\"@id\":\"https:\/\/www.spottergps.com\/pl\/faq-2\/produkty-i-funkcje\/funkcje-pet-spotter-kot-pies\/#breadcrumb\",\"itemListElement\":[{\"@type\":\"ListItem\",\"position\":1,\"name\":\"Home\",\"item\":\"https:\/\/www.spottergps.com\/pl\/\"},{\"@type\":\"ListItem\",\"position\":2,\"name\":\"Jak mo\u017cemy ci pom\u00f3c?\",\"item\":\"https:\/\/www.spottergps.com\/pl\/faq-2\/\"},{\"@type\":\"ListItem\",\"position\":3,\"name\":\"Produkty i funkcje\",\"item\":\"https:\/\/www.spottergps.com\/pl\/faq-2\/produkty-i-funkcje\/\"},{\"@type\":\"ListItem\",\"position\":4,\"name\":\"Funkcje Pet Spotter (kot &amp; pies)\"}]},{\"@type\":\"WebSite\",\"@id\":\"https:\/\/www.spottergps.com\/pl\/#website\",\"url\":\"https:\/\/www.spottergps.com\/pl\/\",\"name\":\"Spotter - Polen\",\"description\":\"GPS tracker dla wszystkiego, co kochasz\",\"potentialAction\":[{\"@type\":\"SearchAction\",\"target\":{\"@type\":\"EntryPoint\",\"urlTemplate\":\"https:\/\/www.spottergps.com\/pl\/?s={search_term_string}\"},\"query-input\":{\"@type\":\"PropertyValueSpecification\",\"valueRequired\":true,\"valueName\":\"search_term_string\"}}],\"inLanguage\":\"pl-PL\"}]}<\/script>\n<!-- \/ Yoast SEO plugin. -->","yoast_head_json":{"title":"Funkcje Pet Spotter (kot &amp; pies) - Spotter - Polen","robots":{"index":"index","follow":"follow","max-snippet":"max-snippet:-1","max-image-preview":"max-image-preview:large","max-video-preview":"max-video-preview:-1"},"canonical":"https:\/\/www.spottergps.com\/pl\/faq-2\/produkty-i-funkcje\/funkcje-pet-spotter-kot-pies\/","og_locale":"pl_PL","og_type":"article","og_title":"Funkcje Pet Spotter (kot &amp; pies) - Spotter - Polen","og_description":"Ciekawi Ci\u0119, jakie funkcje ma Pet Spotter? Poni\u017cej przedstawiamy szczeg\u00f3\u0142y, a pe\u0142en przegl\u0105d funkcji znajdziesz w instrukcji obs\u0142ugi. Sprawdzanie lokalizacji Pet Spotter automatycznie wysy\u0142a lokalizacj\u0119 co 5 minut podczas ruchu, kt\u00f3r\u0105 mo\u017cesz sprawdzi\u0107 online na swoim koncie lub w aplikacji Spotter. Je\u015bli chcesz cz\u0119\u015bciej otrzymywa\u0107 lokalizacj\u0119, mo\u017cesz r\u0119cznie j\u0105 od\u015bwie\u017cy\u0107 \u2013 przez 3 minuty b\u0119dziesz [&hellip;]","og_url":"https:\/\/www.spottergps.com\/pl\/faq-2\/produkty-i-funkcje\/funkcje-pet-spotter-kot-pies\/","og_site_name":"Spotter - Polen","article_modified_time":"2025-03-31T13:35:14+00:00","twitter_card":"summary_large_image","twitter_misc":{"Szacowany czas czytania":"3 minuty"},"schema":{"@context":"https:\/\/schema.org","@graph":[{"@type":"WebPage","@id":"https:\/\/www.spottergps.com\/pl\/faq-2\/produkty-i-funkcje\/funkcje-pet-spotter-kot-pies\/","url":"https:\/\/www.spottergps.com\/pl\/faq-2\/produkty-i-funkcje\/funkcje-pet-spotter-kot-pies\/","name":"Funkcje Pet Spotter (kot &amp; pies) - Spotter - Polen","isPartOf":{"@id":"https:\/\/www.spottergps.com\/pl\/#website"},"datePublished":"2025-03-31T13:23:18+00:00","dateModified":"2025-03-31T13:35:14+00:00","breadcrumb":{"@id":"https:\/\/www.spottergps.com\/pl\/faq-2\/produkty-i-funkcje\/funkcje-pet-spotter-kot-pies\/#breadcrumb"},"inLanguage":"pl-PL","potentialAction":[{"@type":"ReadAction","target":["https:\/\/www.spottergps.com\/pl\/faq-2\/produkty-i-funkcje\/funkcje-pet-spotter-kot-pies\/"]}]},{"@type":"BreadcrumbList","@id":"https:\/\/www.spottergps.com\/pl\/faq-2\/produkty-i-funkcje\/funkcje-pet-spotter-kot-pies\/#breadcrumb","itemListElement":[{"@type":"ListItem","position":1,"name":"Home","item":"https:\/\/www.spottergps.com\/pl\/"},{"@type":"ListItem","position":2,"name":"Jak mo\u017cemy ci pom\u00f3c?","item":"https:\/\/www.spottergps.com\/pl\/faq-2\/"},{"@type":"ListItem","position":3,"name":"Produkty i funkcje","item":"https:\/\/www.spottergps.com\/pl\/faq-2\/produkty-i-funkcje\/"},{"@type":"ListItem","position":4,"name":"Funkcje Pet Spotter (kot &amp; pies)"}]},{"@type":"WebSite","@id":"https:\/\/www.spottergps.com\/pl\/#website","url":"https:\/\/www.spottergps.com\/pl\/","name":"Spotter - Polen","description":"GPS tracker dla wszystkiego, co kochasz","potentialAction":[{"@type":"SearchAction","target":{"@type":"EntryPoint","urlTemplate":"https:\/\/www.spottergps.com\/pl\/?s={search_term_string}"},"query-input":{"@type":"PropertyValueSpecification","valueRequired":true,"valueName":"search_term_string"}}],"inLanguage":"pl-PL"}]}},"_links":{"self":[{"href":"https:\/\/www.spottergps.com\/pl\/wp-json\/wp\/v2\/pages\/772","targetHints":{"allow":["GET"]}}],"collection":[{"href":"https:\/\/www.spottergps.com\/pl\/wp-json\/wp\/v2\/pages"}],"about":[{"href":"https:\/\/www.spottergps.com\/pl\/wp-json\/wp\/v2\/types\/page"}],"author":[{"embeddable":true,"href":"https:\/\/www.spottergps.com\/pl\/wp-json\/wp\/v2\/users\/14"}],"replies":[{"embeddable":true,"href":"https:\/\/www.spottergps.com\/pl\/wp-json\/wp\/v2\/comments?post=772"}],"version-history":[{"count":2,"href":"https:\/\/www.spottergps.com\/pl\/wp-json\/wp\/v2\/pages\/772\/revisions"}],"predecessor-version":[{"id":785,"href":"https:\/\/www.spottergps.com\/pl\/wp-json\/wp\/v2\/pages\/772\/revisions\/785"}],"up":[{"embeddable":true,"href":"https:\/\/www.spottergps.com\/pl\/wp-json\/wp\/v2\/pages\/644"}],"wp:attachment":[{"href":"https:\/\/www.spottergps.com\/pl\/wp-json\/wp\/v2\/media?parent=772"}],"wp:term":[{"taxonomy":"category","embeddable":true,"href":"https:\/\/www.spottergps.com\/pl\/wp-json\/wp\/v2\/categories?post=772"},{"taxonomy":"post_tag","embeddable":true,"href":"https:\/\/www.spottergps.com\/pl\/wp-json\/wp\/v2\/tags?post=772"}],"curies":[{"name":"wp","href":"https:\/\/api.w.org\/{rel}","templated":true}]}}