{"id":769,"date":"2025-03-31T13:14:46","date_gmt":"2025-03-31T13:14:46","guid":{"rendered":"https:\/\/www.spottergps.com\/pl\/?page_id=769"},"modified":"2026-04-07T07:21:13","modified_gmt":"2026-04-07T07:21:13","slug":"funkcje-spotter-gps-tracker","status":"publish","type":"page","link":"https:\/\/www.spottergps.com\/pl\/faq-2\/produkty-i-funkcje\/funkcje-spotter-gps-tracker\/","title":{"rendered":"Funkcje Spotter GPS Tracker"},"content":{"rendered":"\n<p class=\"\" data-start=\"0\" data-end=\"175\">Ciekawi Ci\u0119, jakie funkcje ma Spotter GPS Tracker? Poni\u017cej przedstawiamy szczeg\u00f3\u0142y, a pe\u0142en przegl\u0105d funkcji znajdziesz w <a href=\"https:\/\/www.spottergps.com\/pl\/wp-content\/uploads\/sites\/9\/2025\/03\/Handleiding-Spotter-GPS-tracker_2022_PL.pdf\">instrukcji<\/a> obs\u0142ugi.<\/p>\n<h2 data-start=\"177\" data-end=\"735\"><strong data-start=\"177\" data-end=\"204\">Sprawdzanie lokalizacji<\/strong><\/h2>\n<p class=\"\" data-start=\"177\" data-end=\"735\"><a href=\"https:\/\/www.spottergps.com\/pl\/mikro-lokalizator-gps\/\">Spotter GPS Tracker<\/a>\u00a0automatycznie wysy\u0142a lokalizacj\u0119 co minut\u0119 podczas ruchu, kt\u00f3r\u0105 mo\u017cesz bezpo\u015brednio sprawdzi\u0107 online na swoim koncie lub za pomoc\u0105 aplikacji Spotter. W przypadku braku ruchu lokalizacja wysy\u0142ana jest co 30 minut. Spotter GPS Tracker jest wyposa\u017cony w czujnik ruchu, kt\u00f3ry rozr\u00f3\u017cnia ruch od bezruchu. Wszystkie lokalizacje s\u0105 dost\u0119pne do przegl\u0105dania przez 7 dni, po czym dane zostan\u0105 usuni\u0119te. Przechodz\u0105c do swojego konta online i wybieraj\u0105c zak\u0142adk\u0119 \u201eMapa\u201d, mo\u017cesz zobaczy\u0107 lokalizacj\u0119 Spotter GPS Tracker.<\/p>\n<h2 data-start=\"737\" data-end=\"1027\"><strong data-start=\"737\" data-end=\"757\">Ustawianie stref<\/strong><\/h2>\n<p class=\"\" data-start=\"737\" data-end=\"1027\">Mo\u017cesz \u0142atwo ustawi\u0107 stref\u0119. Mo\u017ce to by\u0107 na przyk\u0142ad Twoje miejsce zamieszkania, plac\u00f3wka opieku\u0144cza, szko\u0142a, miejsce pracy lub dom rodziny. Gdy Spotter wejdzie lub opu\u015bci stref\u0119, natychmiast otrzymasz powiadomienie push w aplikacji. Mo\u017cna ustawi\u0107 do 5 r\u00f3\u017cnych stref.<\/p>\n<p class=\"\" data-start=\"1029\" data-end=\"1132\"><strong data-start=\"1029\" data-end=\"1052\">Jak ustawi\u0107 stref\u0119:<\/strong><br data-start=\"1052\" data-end=\"1055\" \/>Mo\u017cesz ustawi\u0107 stref\u0119 za pomoc\u0105 swojego konta, wykonuj\u0105c nast\u0119puj\u0105ce kroki:<\/p>\n<ul>\n<li data-start=\"1136\" data-end=\"1189\">Zaloguj si\u0119 przez aplikacj\u0119 lub stron\u0119 internetow\u0105.<\/li>\n<li data-start=\"1193\" data-end=\"1273\">Po zalogowaniu kliknij trzy kreski w prawym dolnym rogu i przejd\u017a do \u201estrefa\u201d.<\/li>\n<li data-start=\"1277\" data-end=\"1321\">Kliknij symbol \u201e+\u201d, aby doda\u0107 now\u0105 stref\u0119.<\/li>\n<li data-start=\"1325\" data-end=\"1385\">Wybierz ikon\u0119, na przyk\u0142ad dom, jako \u201elokalizacj\u0119 domow\u0105\u201d.<\/li>\n<li data-start=\"1389\" data-end=\"1465\">Przeci\u0105gnij t\u0119 ikon\u0119 na lokalizacj\u0119 lub wpisz adres strefy w g\u00f3rnym pasku.<\/li>\n<li data-start=\"1469\" data-end=\"1701\">Okre\u015bl, jak du\u017c\u0105 chcesz mie\u0107 stref\u0119 \u2013 b\u0119dzie to ko\u0142o.<br data-start=\"1522\" data-end=\"1525\" \/>Strefa zostaje aktywowana, a gdy Spotter j\u0105 opu\u015bci lub wejdzie do niej, otrzymasz powiadomienie. Mo\u017cesz zmieni\u0107 lub usun\u0105\u0107 stref\u0119, klikaj\u0105c j\u0105 i wybieraj\u0105c \u201eEdytuj\u201d lub \u201eUsu\u0144\u201d.<\/li>\n<\/ul>\n<h2 data-start=\"1703\" data-end=\"2029\"><strong data-start=\"1703\" data-end=\"1725\">Lokacja tymczasowa<\/strong><\/h2>\n<p class=\"\" data-start=\"1703\" data-end=\"2029\">Spotter GPS Tracker posiada r\u00f3wnie\u017c opcj\u0119 \u201elokacji tymczasowej\u201d w menu. To szybka opcja do ustawienia strefy na czas pobytu w danym miejscu, np. na wycieczce lub w miejscu zabawy. Dzi\u0119ki tej funkcji nie musisz tworzy\u0107 strefy, wystarczy, \u017ce klikniesz t\u0119 opcj\u0119, gdy Spotter znajdzie si\u0119 w danym miejscu.<\/p>\n<h2 data-start=\"2031\" data-end=\"2593\"><strong data-start=\"2031\" data-end=\"2044\">Alarm SOS<\/strong><\/h2>\n<p class=\"\" data-start=\"2031\" data-end=\"2593\">Na przedniej stronie Spotter GPS Tracker znajduje si\u0119 przycisk SOS. Naci\u015bnij go przez 3 sekundy, aby uruchomi\u0107 sygna\u0142 d\u017awi\u0119kowy i w\u0142\u0105czy\u0107 migaj\u0105ce zielone \u015bwiat\u0142o. Powiadomienie SOS zostanie natychmiast wys\u0142ane do powi\u0105zanego u\u017cytkownika przez e-mail oraz jako powiadomienie push w aplikacji. Wiadomo\u015b\u0107 zawiera nazw\u0119 Spottera GPS Tracker oraz lokalizacj\u0119, z kt\u00f3rej naci\u015bni\u0119to przycisk SOS. W aplikacji mo\u017cesz zobaczy\u0107, z jakiego miejsca naci\u015bni\u0119to przycisk SOS, a tak\u017ce zadzwoni\u0107 do Spottera, aby dowiedzie\u0107 si\u0119, co si\u0119 dzieje. <a href=\"https:\/\/www.spottergps.com\/pl\/faq\/produkty-i-funkcje\/dzwonienie-do-spotter-gps-watch\/\">Oto jak zadzwoni\u0107.<\/a><\/p>\n<h2 data-start=\"2595\" data-end=\"3003\"><strong data-start=\"2595\" data-end=\"2609\">Dzwonienie<\/strong><\/h2>\n<p class=\"\" data-start=\"2595\" data-end=\"3003\">Mo\u017cesz zadzwoni\u0107 do Spotter GPS Tracker, na przyk\u0142ad w przypadku, gdy osoba potrzebuje pomocy i chcesz si\u0119 z ni\u0105 skontaktowa\u0107. Zaloguj si\u0119 do aplikacji Spotter i kliknij ikon\u0119 Spotter GPS Tracker na mapie. Nast\u0119pnie wybierz opcj\u0119 \u201eZadzwo\u0144\u201d. Spotter GPS Tracker zadzwoni, a rozmow\u0119 mo\u017cna odebra\u0107 po kilku sekundach. Aby zako\u0144czy\u0107 rozmow\u0119, wystarczy nacisn\u0105\u0107 przycisk telefonu z boku Spottera.<\/p>\n<p class=\"\" data-start=\"3005\" data-end=\"3195\"><strong>Uwaga<\/strong>: Gdy dzwonisz do Spotter GPS Tracker, rozmowa jest naliczana zgodnie z cennikiem Twojego operatora telefonicznego. Dzwonisz na europejski numer kom\u00f3rkowy, a koszty zale\u017c\u0105 od operatora.<\/p>\n<p class=\"\" data-start=\"3197\" data-end=\"3627\">Spotter GPS Tracker jest wyposa\u017cony w wbudowan\u0105 kart\u0119 SIM roamingow\u0105, co pozwala na dzia\u0142anie Spottera w ca\u0142ej Europie, na wszystkich dost\u0119pnych sieciach kom\u00f3rkowych bez dodatkowych op\u0142at. Spotter dzia\u0142a na wszystkich dost\u0119pnych sieciach kom\u00f3rkowych w Holandii. Dzi\u0119ki temu Spotter GPS Tracker zawsze wybiera najlepsz\u0105 dost\u0119pn\u0105 sie\u0107, niezale\u017cnie od operatora. Mo\u017cliwe jest tak\u017ce dzwonienie do Spottera przez Skype, co jest ta\u0144sze.<\/p>\n<p class=\"\" data-start=\"3629\" data-end=\"3786\"><strong data-start=\"3629\" data-end=\"3642\">Wskaz\u00f3wka<\/strong>: Po zadzwonieniu do Spotter GPS Tracker mo\u017cesz zapisa\u0107 numer, aby dzwoni\u0107 do niego bezpo\u015brednio, poza aplikacj\u0105, bez konieczno\u015bci jej u\u017cywania.<\/p>\n","protected":false},"excerpt":{"rendered":"<p>Ciekawi Ci\u0119, jakie funkcje ma Spotter GPS Tracker? Poni\u017cej przedstawiamy szczeg\u00f3\u0142y, a pe\u0142en przegl\u0105d funkcji znajdziesz w instrukcji obs\u0142ugi. Sprawdzanie lokalizacji Spotter GPS Tracker\u00a0automatycznie wysy\u0142a lokalizacj\u0119 co minut\u0119 podczas ruchu, kt\u00f3r\u0105 mo\u017cesz bezpo\u015brednio sprawdzi\u0107 online na swoim koncie lub za pomoc\u0105 aplikacji Spotter. W przypadku braku ruchu lokalizacja wysy\u0142ana jest co 30 minut. Spotter GPS [&hellip;]<\/p>\n","protected":false},"author":14,"featured_media":0,"parent":644,"menu_order":0,"comment_status":"closed","ping_status":"closed","template":"faq-content.php","meta":{"_acf_changed":false,"footnotes":""},"categories":[5],"tags":[],"class_list":["post-769","page","type-page","status-publish","hentry","category-faq"],"acf":[],"yoast_head":"<!-- This site is optimized with the Yoast SEO plugin v25.9 - https:\/\/yoast.com\/wordpress\/plugins\/seo\/ -->\n<title>Funkcje Spotter GPS Tracker - Spotter - Polen<\/title>\n<meta name=\"robots\" content=\"index, follow, max-snippet:-1, max-image-preview:large, max-video-preview:-1\" \/>\n<link rel=\"canonical\" href=\"https:\/\/www.spottergps.com\/pl\/faq-2\/produkty-i-funkcje\/funkcje-spotter-gps-tracker\/\" \/>\n<meta property=\"og:locale\" content=\"pl_PL\" \/>\n<meta property=\"og:type\" content=\"article\" \/>\n<meta property=\"og:title\" content=\"Funkcje Spotter GPS Tracker - Spotter - Polen\" \/>\n<meta property=\"og:description\" content=\"Ciekawi Ci\u0119, jakie funkcje ma Spotter GPS Tracker? Poni\u017cej przedstawiamy szczeg\u00f3\u0142y, a pe\u0142en przegl\u0105d funkcji znajdziesz w instrukcji obs\u0142ugi. Sprawdzanie lokalizacji Spotter GPS Tracker\u00a0automatycznie wysy\u0142a lokalizacj\u0119 co minut\u0119 podczas ruchu, kt\u00f3r\u0105 mo\u017cesz bezpo\u015brednio sprawdzi\u0107 online na swoim koncie lub za pomoc\u0105 aplikacji Spotter. W przypadku braku ruchu lokalizacja wysy\u0142ana jest co 30 minut. Spotter GPS [&hellip;]\" \/>\n<meta property=\"og:url\" content=\"https:\/\/www.spottergps.com\/pl\/faq-2\/produkty-i-funkcje\/funkcje-spotter-gps-tracker\/\" \/>\n<meta property=\"og:site_name\" content=\"Spotter - Polen\" \/>\n<meta property=\"article:modified_time\" content=\"2026-04-07T07:21:13+00:00\" \/>\n<meta name=\"twitter:card\" content=\"summary_large_image\" \/>\n<meta name=\"twitter:label1\" content=\"Szacowany czas czytania\" \/>\n\t<meta name=\"twitter:data1\" content=\"4 minuty\" \/>\n<script type=\"application\/ld+json\" class=\"yoast-schema-graph\">{\"@context\":\"https:\/\/schema.org\",\"@graph\":[{\"@type\":\"WebPage\",\"@id\":\"https:\/\/www.spottergps.com\/pl\/faq-2\/produkty-i-funkcje\/funkcje-spotter-gps-tracker\/\",\"url\":\"https:\/\/www.spottergps.com\/pl\/faq-2\/produkty-i-funkcje\/funkcje-spotter-gps-tracker\/\",\"name\":\"Funkcje Spotter GPS Tracker - Spotter - Polen\",\"isPartOf\":{\"@id\":\"https:\/\/www.spottergps.com\/pl\/#website\"},\"datePublished\":\"2025-03-31T13:14:46+00:00\",\"dateModified\":\"2026-04-07T07:21:13+00:00\",\"breadcrumb\":{\"@id\":\"https:\/\/www.spottergps.com\/pl\/faq-2\/produkty-i-funkcje\/funkcje-spotter-gps-tracker\/#breadcrumb\"},\"inLanguage\":\"pl-PL\",\"potentialAction\":[{\"@type\":\"ReadAction\",\"target\":[\"https:\/\/www.spottergps.com\/pl\/faq-2\/produkty-i-funkcje\/funkcje-spotter-gps-tracker\/\"]}]},{\"@type\":\"BreadcrumbList\",\"@id\":\"https:\/\/www.spottergps.com\/pl\/faq-2\/produkty-i-funkcje\/funkcje-spotter-gps-tracker\/#breadcrumb\",\"itemListElement\":[{\"@type\":\"ListItem\",\"position\":1,\"name\":\"Home\",\"item\":\"https:\/\/www.spottergps.com\/pl\/\"},{\"@type\":\"ListItem\",\"position\":2,\"name\":\"Jak mo\u017cemy ci pom\u00f3c?\",\"item\":\"https:\/\/www.spottergps.com\/pl\/faq-2\/\"},{\"@type\":\"ListItem\",\"position\":3,\"name\":\"Produkty i funkcje\",\"item\":\"https:\/\/www.spottergps.com\/pl\/faq-2\/produkty-i-funkcje\/\"},{\"@type\":\"ListItem\",\"position\":4,\"name\":\"Funkcje Spotter GPS Tracker\"}]},{\"@type\":\"WebSite\",\"@id\":\"https:\/\/www.spottergps.com\/pl\/#website\",\"url\":\"https:\/\/www.spottergps.com\/pl\/\",\"name\":\"Spotter - Polen\",\"description\":\"GPS tracker dla wszystkiego, co kochasz\",\"potentialAction\":[{\"@type\":\"SearchAction\",\"target\":{\"@type\":\"EntryPoint\",\"urlTemplate\":\"https:\/\/www.spottergps.com\/pl\/?s={search_term_string}\"},\"query-input\":{\"@type\":\"PropertyValueSpecification\",\"valueRequired\":true,\"valueName\":\"search_term_string\"}}],\"inLanguage\":\"pl-PL\"}]}<\/script>\n<!-- \/ Yoast SEO plugin. -->","yoast_head_json":{"title":"Funkcje Spotter GPS Tracker - Spotter - Polen","robots":{"index":"index","follow":"follow","max-snippet":"max-snippet:-1","max-image-preview":"max-image-preview:large","max-video-preview":"max-video-preview:-1"},"canonical":"https:\/\/www.spottergps.com\/pl\/faq-2\/produkty-i-funkcje\/funkcje-spotter-gps-tracker\/","og_locale":"pl_PL","og_type":"article","og_title":"Funkcje Spotter GPS Tracker - Spotter - Polen","og_description":"Ciekawi Ci\u0119, jakie funkcje ma Spotter GPS Tracker? Poni\u017cej przedstawiamy szczeg\u00f3\u0142y, a pe\u0142en przegl\u0105d funkcji znajdziesz w instrukcji obs\u0142ugi. Sprawdzanie lokalizacji Spotter GPS Tracker\u00a0automatycznie wysy\u0142a lokalizacj\u0119 co minut\u0119 podczas ruchu, kt\u00f3r\u0105 mo\u017cesz bezpo\u015brednio sprawdzi\u0107 online na swoim koncie lub za pomoc\u0105 aplikacji Spotter. W przypadku braku ruchu lokalizacja wysy\u0142ana jest co 30 minut. Spotter GPS [&hellip;]","og_url":"https:\/\/www.spottergps.com\/pl\/faq-2\/produkty-i-funkcje\/funkcje-spotter-gps-tracker\/","og_site_name":"Spotter - Polen","article_modified_time":"2026-04-07T07:21:13+00:00","twitter_card":"summary_large_image","twitter_misc":{"Szacowany czas czytania":"4 minuty"},"schema":{"@context":"https:\/\/schema.org","@graph":[{"@type":"WebPage","@id":"https:\/\/www.spottergps.com\/pl\/faq-2\/produkty-i-funkcje\/funkcje-spotter-gps-tracker\/","url":"https:\/\/www.spottergps.com\/pl\/faq-2\/produkty-i-funkcje\/funkcje-spotter-gps-tracker\/","name":"Funkcje Spotter GPS Tracker - Spotter - Polen","isPartOf":{"@id":"https:\/\/www.spottergps.com\/pl\/#website"},"datePublished":"2025-03-31T13:14:46+00:00","dateModified":"2026-04-07T07:21:13+00:00","breadcrumb":{"@id":"https:\/\/www.spottergps.com\/pl\/faq-2\/produkty-i-funkcje\/funkcje-spotter-gps-tracker\/#breadcrumb"},"inLanguage":"pl-PL","potentialAction":[{"@type":"ReadAction","target":["https:\/\/www.spottergps.com\/pl\/faq-2\/produkty-i-funkcje\/funkcje-spotter-gps-tracker\/"]}]},{"@type":"BreadcrumbList","@id":"https:\/\/www.spottergps.com\/pl\/faq-2\/produkty-i-funkcje\/funkcje-spotter-gps-tracker\/#breadcrumb","itemListElement":[{"@type":"ListItem","position":1,"name":"Home","item":"https:\/\/www.spottergps.com\/pl\/"},{"@type":"ListItem","position":2,"name":"Jak mo\u017cemy ci pom\u00f3c?","item":"https:\/\/www.spottergps.com\/pl\/faq-2\/"},{"@type":"ListItem","position":3,"name":"Produkty i funkcje","item":"https:\/\/www.spottergps.com\/pl\/faq-2\/produkty-i-funkcje\/"},{"@type":"ListItem","position":4,"name":"Funkcje Spotter GPS Tracker"}]},{"@type":"WebSite","@id":"https:\/\/www.spottergps.com\/pl\/#website","url":"https:\/\/www.spottergps.com\/pl\/","name":"Spotter - Polen","description":"GPS tracker dla wszystkiego, co kochasz","potentialAction":[{"@type":"SearchAction","target":{"@type":"EntryPoint","urlTemplate":"https:\/\/www.spottergps.com\/pl\/?s={search_term_string}"},"query-input":{"@type":"PropertyValueSpecification","valueRequired":true,"valueName":"search_term_string"}}],"inLanguage":"pl-PL"}]}},"_links":{"self":[{"href":"https:\/\/www.spottergps.com\/pl\/wp-json\/wp\/v2\/pages\/769","targetHints":{"allow":["GET"]}}],"collection":[{"href":"https:\/\/www.spottergps.com\/pl\/wp-json\/wp\/v2\/pages"}],"about":[{"href":"https:\/\/www.spottergps.com\/pl\/wp-json\/wp\/v2\/types\/page"}],"author":[{"embeddable":true,"href":"https:\/\/www.spottergps.com\/pl\/wp-json\/wp\/v2\/users\/14"}],"replies":[{"embeddable":true,"href":"https:\/\/www.spottergps.com\/pl\/wp-json\/wp\/v2\/comments?post=769"}],"version-history":[{"count":4,"href":"https:\/\/www.spottergps.com\/pl\/wp-json\/wp\/v2\/pages\/769\/revisions"}],"predecessor-version":[{"id":21393,"href":"https:\/\/www.spottergps.com\/pl\/wp-json\/wp\/v2\/pages\/769\/revisions\/21393"}],"up":[{"embeddable":true,"href":"https:\/\/www.spottergps.com\/pl\/wp-json\/wp\/v2\/pages\/644"}],"wp:attachment":[{"href":"https:\/\/www.spottergps.com\/pl\/wp-json\/wp\/v2\/media?parent=769"}],"wp:term":[{"taxonomy":"category","embeddable":true,"href":"https:\/\/www.spottergps.com\/pl\/wp-json\/wp\/v2\/categories?post=769"},{"taxonomy":"post_tag","embeddable":true,"href":"https:\/\/www.spottergps.com\/pl\/wp-json\/wp\/v2\/tags?post=769"}],"curies":[{"name":"wp","href":"https:\/\/api.w.org\/{rel}","templated":true}]}}