{"id":766,"date":"2025-03-31T13:08:13","date_gmt":"2025-03-31T13:08:13","guid":{"rendered":"https:\/\/www.spottergps.com\/pl\/?page_id=766"},"modified":"2025-03-31T13:34:05","modified_gmt":"2025-03-31T13:34:05","slug":"funkcje-spotter-gps-watch-air","status":"publish","type":"page","link":"https:\/\/www.spottergps.com\/pl\/faq-2\/produkty-i-funkcje\/funkcje-spotter-gps-watch-air\/","title":{"rendered":"Funkcje Spotter GPS Watch Air"},"content":{"rendered":"\n<p class=\"\" data-start=\"0\" data-end=\"174\">Jeste\u015b ciekawy funkcji Spotter GPS Watch \u2013 Air? Poni\u017cej przedstawiamy szczeg\u00f3\u0142y, a pe\u0142en przegl\u0105d funkcji znajdziesz w <a href=\"https:\/\/www.spottergps.com\/pl\/wp-content\/uploads\/sites\/9\/2025\/02\/Spotter-GPS-Watch-Air-Handleiding_V1.4_PL.pdf\">instrukcji<\/a> obs\u0142ugi.<\/p>\n<h2 data-start=\"176\" data-end=\"652\"><strong data-start=\"176\" data-end=\"203\">Sprawdzanie lokalizacji<\/strong><\/h2>\n<p data-start=\"176\" data-end=\"652\">Spotter GPS Watch \u2013 Air wysy\u0142a lokalizacj\u0119 co 2 minuty podczas ruchu. Gdy Spotter GPS Watch Air nie jest w ruchu, lokalizacja jest wysy\u0142ana co 5 godzin. Ten Spotter jest wyposa\u017cony w czujnik ruchu, kt\u00f3ry rozpoznaje r\u00f3\u017cnic\u0119 mi\u0119dzy ruchem a bezruchem. Przechodz\u0105c do swojego konta online i wybieraj\u0105c zak\u0142adk\u0119 \u201ehome\u201d, mo\u017cesz sprawdzi\u0107 lokalizacj\u0119 Spotter GPS Watch \u2013 Air. Wszystkie lokalizacje mo\u017cna przegl\u0105da\u0107 przez 7 dni, po czym dane s\u0105 usuwane.<\/p>\n<p class=\"\" data-start=\"654\" data-end=\"1158\">Je\u015bli chcesz cz\u0119\u015bciej sprawdza\u0107 lokalizacj\u0119 ni\u017c co 2 minuty, mo\u017cesz r\u0119cznie zapyta\u0107 o lokalizacj\u0119. Przechodz\u0105c do mapy, kliknij ikon\u0119, kt\u00f3ra wskazuje, gdzie znajduje si\u0119 Spotter GPS Watch Air, a nast\u0119pnie wybierz opcj\u0119 \u201esprawd\u017a lokalizacj\u0119\u201d. Przez 3 minuty b\u0119dziesz otrzymywa\u0107 aktualn\u0105 lokalizacj\u0119 Spottera co 20 sekund. Je\u015bli wybierzesz Spottera na mapie w menu g\u0142\u00f3wnym, wybierz \u201eWi\u0119cej\u201d, a nast\u0119pnie \u201esprawd\u017a lokalizacj\u0119\u201d. Ta funkcja jest obj\u0119ta prepaid kredytem i nie wi\u0105\u017ce si\u0119 z dodatkowymi kosztami.<\/p>\n<h2 data-start=\"1160\" data-end=\"1510\"><strong data-start=\"1160\" data-end=\"1180\">Ustawianie stref<\/strong><\/h2>\n<p class=\"\" data-start=\"1160\" data-end=\"1510\">Spotter GPS Watch \u2013 Air umo\u017cliwia \u0142atwe ustawienie stref. Mo\u017ce to by\u0107 na przyk\u0142ad Twoje miejsce zamieszkania, plac\u00f3wka opieku\u0144cza, szko\u0142a, miejsce pracy lub miejsce, gdzie mieszkaj\u0105 Twoi bliscy. Gdy Spotter wejdzie do strefy lub j\u0105 opu\u015bci, natychmiast otrzymasz powiadomienie push w aplikacji. Mo\u017cna ustawi\u0107 do 5 r\u00f3\u017cnych stref.<\/p>\n<p class=\"\" data-start=\"1512\" data-end=\"1615\"><strong data-start=\"1512\" data-end=\"1535\">Jak ustawi\u0107 stref\u0119:<\/strong><br data-start=\"1535\" data-end=\"1538\" \/>Mo\u017cesz ustawi\u0107 stref\u0119 za pomoc\u0105 swojego konta, wykonuj\u0105c nast\u0119puj\u0105ce kroki:<\/p>\n<ul>\n<li data-start=\"1619\" data-end=\"1672\">Zaloguj si\u0119 przez aplikacj\u0119 lub stron\u0119 internetow\u0105.<\/li>\n<li data-start=\"1676\" data-end=\"1756\">Po zalogowaniu kliknij trzy kreski w prawym dolnym rogu i przejd\u017a do \u201estrefa\u201d.<\/li>\n<li data-start=\"1760\" data-end=\"1804\">Kliknij symbol \u201e+\u201d, aby doda\u0107 now\u0105 stref\u0119.<\/li>\n<li data-start=\"1808\" data-end=\"1868\">Wybierz ikon\u0119, na przyk\u0142ad dom, jako \u201elokalizacj\u0119 domow\u0105\u201d.<\/li>\n<li data-start=\"1872\" data-end=\"1962\">Mo\u017cesz teraz przeci\u0105gn\u0105\u0107 t\u0119 ikon\u0119 na lokalizacj\u0119 lub wpisa\u0107 adres strefy w g\u00f3rnym pasku.<\/li>\n<li data-start=\"1966\" data-end=\"2212\">Nast\u0119pnie okre\u015bl, jak du\u017c\u0105 chcesz mie\u0107 stref\u0119 \u2013 b\u0119dzie to ko\u0142o.<br data-start=\"2029\" data-end=\"2032\" \/>Strefa jest teraz aktywna, a gdy Spotter j\u0105 opu\u015bci lub do niej wejdzie, otrzymasz powiadomienie. Mo\u017cesz zmieni\u0107 lub usun\u0105\u0107 stref\u0119, klikaj\u0105c na ni\u0105 i wybieraj\u0105c \u201eEdytuj\u201d lub \u201eUsu\u0144\u201d.<\/li>\n<\/ul>\n<h2 data-start=\"2214\" data-end=\"2651\"><strong data-start=\"2214\" data-end=\"2227\">Alarm SOS<\/strong><\/h2>\n<p class=\"\" data-start=\"2214\" data-end=\"2651\">Naci\u015bnij przycisk SOS po prawej stronie Spotter GPS Watch Air przez 3 sekundy, a na zegarku pojawi si\u0119 komunikat \u201eSOS Sent\u201d. Powi\u0105zany u\u017cytkownik otrzyma powiadomienie SOS na e-mail oraz jako powiadomienie push na telefonie, zawieraj\u0105ce nazw\u0119 Spottera i lokalizacj\u0119. W aplikacji zobaczysz lokalizacj\u0119, z kt\u00f3rej naci\u015bni\u0119to przycisk SOS, i b\u0119dziesz m\u00f3g\u0142 zadzwoni\u0107 do Spottera, aby zapyta\u0107, co si\u0119 dzieje. <a href=\"https:\/\/www.spottergps.com\/pl\/faq\/produkty-i-funkcje\/dzwonienie-do-spotter-gps-watch\/\">Oto jak zadzwoni\u0107.<\/a><\/p>\n<h2 data-start=\"2653\" data-end=\"2841\"><strong data-start=\"2653\" data-end=\"2665\">Tring me<\/strong><\/h2>\n<p class=\"\" data-start=\"2653\" data-end=\"2841\">Dzi\u0119ki tej funkcji mo\u017cesz zdalnie uruchomi\u0107 d\u017awi\u0119kowy sygna\u0142. Mo\u017cesz to zrobi\u0107 przez opcj\u0119 \u201eTringel\u201d w aplikacji. Spotter GPS Watch Air b\u0119dzie wydawa\u0107 d\u017awi\u0119k przez 1 minut\u0119.<\/p>\n<h2 data-start=\"2843\" data-end=\"3306\"><strong data-start=\"2843\" data-end=\"2864\">Ustawienie alarmu<\/strong><\/h2>\n<p class=\"\" data-start=\"2843\" data-end=\"3306\">Mo\u017cesz ustawi\u0107 3 r\u00f3\u017cne godziny alarmu, kiedy chcesz, aby Spotter GPS Watch Air wyda\u0142 sygna\u0142 d\u017awi\u0119kowy. Na przyk\u0142ad, je\u015bli musisz za\u017cy\u0107 leki o okre\u015blonej godzinie lub je\u015bli Twoje dziecko ma wr\u00f3ci\u0107 na czas na obiad, ustaw alarm, kt\u00f3ry uruchomi si\u0119 raz lub alarmy, kt\u00f3re b\u0119d\u0105 si\u0119 uruchamia\u0107 w okre\u015blone dni tygodnia. Alarm mo\u017cna wy\u0142\u0105czy\u0107 r\u0119cznie, dotykaj\u0105c wy\u015bwietlacza Spotter GPS Watch Air. Po 30 sekundach alarm automatycznie si\u0119 zatrzyma.<\/p>\n<h2 data-start=\"3308\" data-end=\"3675\"><strong data-start=\"3308\" data-end=\"3322\">Krokomierz<\/strong><\/h2>\n<p class=\"\" data-start=\"3308\" data-end=\"3675\">Dzi\u0119ki krokomierzowi mo\u017cesz \u015bledzi\u0107, ile krok\u00f3w zosta\u0142o wykonanych. Liczba krok\u00f3w resetuje si\u0119 codziennie, dzi\u0119ki czemu otrzymasz podsumowanie dziennych krok\u00f3w. Przejd\u017a do ekranu g\u0142\u00f3wnego, kliknij Spottera na mapie, wybierz \u201eWi\u0119cej\u201d i kliknij \u201eKrokomierz\u201d. Liczba krok\u00f3w jest widoczna zar\u00f3wno w aplikacji, jak i bezpo\u015brednio na Spotter GPS Watch Air.<\/p>\n<h2 data-start=\"3677\" data-end=\"4159\"><strong data-start=\"3677\" data-end=\"3691\">Dzwonienie<\/strong><\/h2>\n<p class=\"\" data-start=\"3677\" data-end=\"4159\">Mo\u017cesz zadzwoni\u0107 do Spotter GPS Watch Air, na przyk\u0142ad, je\u015bli osoba jest w niebezpiecze\u0144stwie i chcesz si\u0119 z ni\u0105 skontaktowa\u0107. Zaloguj si\u0119 do aplikacji Spotter i kliknij ikon\u0119 Spotter GPS Watch Air na mapie. Nast\u0119pnie otworzy si\u0119 menu, w kt\u00f3rym wybierzesz \u201eZadzwo\u0144\u201d. Spotter zadzwoni, a rozmow\u0119 mo\u017cna odebra\u0107, klikaj\u0105c ikon\u0119 poni\u017cej wy\u015bwietlacza Spotter GPS Watch Air. Rozmow\u0119 mo\u017cna zako\u0144czy\u0107, klikaj\u0105c czerwon\u0105 ikon\u0119 telefonu na wy\u015bwietlaczu Spotter GPS Watch Air.<\/p>\n<p class=\"\" data-start=\"4161\" data-end=\"4373\"><strong>Uwaga<\/strong>: Gdy dzwonisz do Spotter GPS Watch Air z w\u0142asnego telefonu, rozmowa jest naliczana zgodnie z cennikiem Twojego operatora telefonicznego. Dzwonisz na europejski numer kom\u00f3rkowy, a koszty zale\u017c\u0105 od operatora.<\/p>\n<p class=\"\" data-start=\"4375\" data-end=\"4671\">Spotter GPS Watch Air jest wyposa\u017cony w wbudowan\u0105 kart\u0119 SIM roamingow\u0105, co pozwala na dzia\u0142anie Spottera GPS Watch Air w ca\u0142ej Europie na wszystkich dost\u0119pnych sieciach kom\u00f3rkowych bez dodatkowych op\u0142at. Nawet w Holandii Spotter GPS Watch Air dzia\u0142a na wszystkich dost\u0119pnych sieciach kom\u00f3rkowych.<\/p>\n<p class=\"\" data-start=\"4673\" data-end=\"4863\"><strong data-start=\"4673\" data-end=\"4686\">Wskaz\u00f3wka<\/strong>: Po wykonaniu po\u0142\u0105czenia do Spotter GPS Watch Air mo\u017cesz zapisa\u0107 numer, aby dzwoni\u0107 bezpo\u015brednio do Spottera GPS Watch Air poza aplikacj\u0105, bez potrzeby korzystania z aplikacji.<\/p>\n","protected":false},"excerpt":{"rendered":"<p>Jeste\u015b ciekawy funkcji Spotter GPS Watch \u2013 Air? Poni\u017cej przedstawiamy szczeg\u00f3\u0142y, a pe\u0142en przegl\u0105d funkcji znajdziesz w instrukcji obs\u0142ugi. Sprawdzanie lokalizacji Spotter GPS Watch \u2013 Air wysy\u0142a lokalizacj\u0119 co 2 minuty podczas ruchu. Gdy Spotter GPS Watch Air nie jest w ruchu, lokalizacja jest wysy\u0142ana co 5 godzin. Ten Spotter jest wyposa\u017cony w czujnik ruchu, [&hellip;]<\/p>\n","protected":false},"author":14,"featured_media":0,"parent":644,"menu_order":0,"comment_status":"closed","ping_status":"closed","template":"faq-content.php","meta":{"_acf_changed":false,"footnotes":""},"categories":[5],"tags":[],"class_list":["post-766","page","type-page","status-publish","hentry","category-faq"],"acf":[],"yoast_head":"<!-- This site is optimized with the Yoast SEO plugin v25.9 - https:\/\/yoast.com\/wordpress\/plugins\/seo\/ -->\n<title>Funkcje Spotter GPS Watch Air - Spotter - Polen<\/title>\n<meta name=\"robots\" content=\"index, follow, max-snippet:-1, max-image-preview:large, max-video-preview:-1\" \/>\n<link rel=\"canonical\" href=\"https:\/\/www.spottergps.com\/pl\/faq-2\/produkty-i-funkcje\/funkcje-spotter-gps-watch-air\/\" \/>\n<meta property=\"og:locale\" content=\"pl_PL\" \/>\n<meta property=\"og:type\" content=\"article\" \/>\n<meta property=\"og:title\" content=\"Funkcje Spotter GPS Watch Air - Spotter - Polen\" \/>\n<meta property=\"og:description\" content=\"Jeste\u015b ciekawy funkcji Spotter GPS Watch \u2013 Air? Poni\u017cej przedstawiamy szczeg\u00f3\u0142y, a pe\u0142en przegl\u0105d funkcji znajdziesz w instrukcji obs\u0142ugi. Sprawdzanie lokalizacji Spotter GPS Watch \u2013 Air wysy\u0142a lokalizacj\u0119 co 2 minuty podczas ruchu. Gdy Spotter GPS Watch Air nie jest w ruchu, lokalizacja jest wysy\u0142ana co 5 godzin. Ten Spotter jest wyposa\u017cony w czujnik ruchu, [&hellip;]\" \/>\n<meta property=\"og:url\" content=\"https:\/\/www.spottergps.com\/pl\/faq-2\/produkty-i-funkcje\/funkcje-spotter-gps-watch-air\/\" \/>\n<meta property=\"og:site_name\" content=\"Spotter - Polen\" \/>\n<meta property=\"article:modified_time\" content=\"2025-03-31T13:34:05+00:00\" \/>\n<meta name=\"twitter:card\" content=\"summary_large_image\" \/>\n<meta name=\"twitter:label1\" content=\"Szacowany czas czytania\" \/>\n\t<meta name=\"twitter:data1\" content=\"5 minut\" \/>\n<script type=\"application\/ld+json\" class=\"yoast-schema-graph\">{\"@context\":\"https:\/\/schema.org\",\"@graph\":[{\"@type\":\"WebPage\",\"@id\":\"https:\/\/www.spottergps.com\/pl\/faq-2\/produkty-i-funkcje\/funkcje-spotter-gps-watch-air\/\",\"url\":\"https:\/\/www.spottergps.com\/pl\/faq-2\/produkty-i-funkcje\/funkcje-spotter-gps-watch-air\/\",\"name\":\"Funkcje Spotter GPS Watch Air - Spotter - Polen\",\"isPartOf\":{\"@id\":\"https:\/\/www.spottergps.com\/pl\/#website\"},\"datePublished\":\"2025-03-31T13:08:13+00:00\",\"dateModified\":\"2025-03-31T13:34:05+00:00\",\"breadcrumb\":{\"@id\":\"https:\/\/www.spottergps.com\/pl\/faq-2\/produkty-i-funkcje\/funkcje-spotter-gps-watch-air\/#breadcrumb\"},\"inLanguage\":\"pl-PL\",\"potentialAction\":[{\"@type\":\"ReadAction\",\"target\":[\"https:\/\/www.spottergps.com\/pl\/faq-2\/produkty-i-funkcje\/funkcje-spotter-gps-watch-air\/\"]}]},{\"@type\":\"BreadcrumbList\",\"@id\":\"https:\/\/www.spottergps.com\/pl\/faq-2\/produkty-i-funkcje\/funkcje-spotter-gps-watch-air\/#breadcrumb\",\"itemListElement\":[{\"@type\":\"ListItem\",\"position\":1,\"name\":\"Home\",\"item\":\"https:\/\/www.spottergps.com\/pl\/\"},{\"@type\":\"ListItem\",\"position\":2,\"name\":\"Jak mo\u017cemy ci pom\u00f3c?\",\"item\":\"https:\/\/www.spottergps.com\/pl\/faq-2\/\"},{\"@type\":\"ListItem\",\"position\":3,\"name\":\"Produkty i funkcje\",\"item\":\"https:\/\/www.spottergps.com\/pl\/faq-2\/produkty-i-funkcje\/\"},{\"@type\":\"ListItem\",\"position\":4,\"name\":\"Funkcje Spotter GPS Watch Air\"}]},{\"@type\":\"WebSite\",\"@id\":\"https:\/\/www.spottergps.com\/pl\/#website\",\"url\":\"https:\/\/www.spottergps.com\/pl\/\",\"name\":\"Spotter - Polen\",\"description\":\"GPS tracker dla wszystkiego, co kochasz\",\"potentialAction\":[{\"@type\":\"SearchAction\",\"target\":{\"@type\":\"EntryPoint\",\"urlTemplate\":\"https:\/\/www.spottergps.com\/pl\/?s={search_term_string}\"},\"query-input\":{\"@type\":\"PropertyValueSpecification\",\"valueRequired\":true,\"valueName\":\"search_term_string\"}}],\"inLanguage\":\"pl-PL\"}]}<\/script>\n<!-- \/ Yoast SEO plugin. -->","yoast_head_json":{"title":"Funkcje Spotter GPS Watch Air - Spotter - Polen","robots":{"index":"index","follow":"follow","max-snippet":"max-snippet:-1","max-image-preview":"max-image-preview:large","max-video-preview":"max-video-preview:-1"},"canonical":"https:\/\/www.spottergps.com\/pl\/faq-2\/produkty-i-funkcje\/funkcje-spotter-gps-watch-air\/","og_locale":"pl_PL","og_type":"article","og_title":"Funkcje Spotter GPS Watch Air - Spotter - Polen","og_description":"Jeste\u015b ciekawy funkcji Spotter GPS Watch \u2013 Air? Poni\u017cej przedstawiamy szczeg\u00f3\u0142y, a pe\u0142en przegl\u0105d funkcji znajdziesz w instrukcji obs\u0142ugi. Sprawdzanie lokalizacji Spotter GPS Watch \u2013 Air wysy\u0142a lokalizacj\u0119 co 2 minuty podczas ruchu. Gdy Spotter GPS Watch Air nie jest w ruchu, lokalizacja jest wysy\u0142ana co 5 godzin. Ten Spotter jest wyposa\u017cony w czujnik ruchu, [&hellip;]","og_url":"https:\/\/www.spottergps.com\/pl\/faq-2\/produkty-i-funkcje\/funkcje-spotter-gps-watch-air\/","og_site_name":"Spotter - Polen","article_modified_time":"2025-03-31T13:34:05+00:00","twitter_card":"summary_large_image","twitter_misc":{"Szacowany czas czytania":"5 minut"},"schema":{"@context":"https:\/\/schema.org","@graph":[{"@type":"WebPage","@id":"https:\/\/www.spottergps.com\/pl\/faq-2\/produkty-i-funkcje\/funkcje-spotter-gps-watch-air\/","url":"https:\/\/www.spottergps.com\/pl\/faq-2\/produkty-i-funkcje\/funkcje-spotter-gps-watch-air\/","name":"Funkcje Spotter GPS Watch Air - Spotter - Polen","isPartOf":{"@id":"https:\/\/www.spottergps.com\/pl\/#website"},"datePublished":"2025-03-31T13:08:13+00:00","dateModified":"2025-03-31T13:34:05+00:00","breadcrumb":{"@id":"https:\/\/www.spottergps.com\/pl\/faq-2\/produkty-i-funkcje\/funkcje-spotter-gps-watch-air\/#breadcrumb"},"inLanguage":"pl-PL","potentialAction":[{"@type":"ReadAction","target":["https:\/\/www.spottergps.com\/pl\/faq-2\/produkty-i-funkcje\/funkcje-spotter-gps-watch-air\/"]}]},{"@type":"BreadcrumbList","@id":"https:\/\/www.spottergps.com\/pl\/faq-2\/produkty-i-funkcje\/funkcje-spotter-gps-watch-air\/#breadcrumb","itemListElement":[{"@type":"ListItem","position":1,"name":"Home","item":"https:\/\/www.spottergps.com\/pl\/"},{"@type":"ListItem","position":2,"name":"Jak mo\u017cemy ci pom\u00f3c?","item":"https:\/\/www.spottergps.com\/pl\/faq-2\/"},{"@type":"ListItem","position":3,"name":"Produkty i funkcje","item":"https:\/\/www.spottergps.com\/pl\/faq-2\/produkty-i-funkcje\/"},{"@type":"ListItem","position":4,"name":"Funkcje Spotter GPS Watch Air"}]},{"@type":"WebSite","@id":"https:\/\/www.spottergps.com\/pl\/#website","url":"https:\/\/www.spottergps.com\/pl\/","name":"Spotter - Polen","description":"GPS tracker dla wszystkiego, co kochasz","potentialAction":[{"@type":"SearchAction","target":{"@type":"EntryPoint","urlTemplate":"https:\/\/www.spottergps.com\/pl\/?s={search_term_string}"},"query-input":{"@type":"PropertyValueSpecification","valueRequired":true,"valueName":"search_term_string"}}],"inLanguage":"pl-PL"}]}},"_links":{"self":[{"href":"https:\/\/www.spottergps.com\/pl\/wp-json\/wp\/v2\/pages\/766","targetHints":{"allow":["GET"]}}],"collection":[{"href":"https:\/\/www.spottergps.com\/pl\/wp-json\/wp\/v2\/pages"}],"about":[{"href":"https:\/\/www.spottergps.com\/pl\/wp-json\/wp\/v2\/types\/page"}],"author":[{"embeddable":true,"href":"https:\/\/www.spottergps.com\/pl\/wp-json\/wp\/v2\/users\/14"}],"replies":[{"embeddable":true,"href":"https:\/\/www.spottergps.com\/pl\/wp-json\/wp\/v2\/comments?post=766"}],"version-history":[{"count":2,"href":"https:\/\/www.spottergps.com\/pl\/wp-json\/wp\/v2\/pages\/766\/revisions"}],"predecessor-version":[{"id":783,"href":"https:\/\/www.spottergps.com\/pl\/wp-json\/wp\/v2\/pages\/766\/revisions\/783"}],"up":[{"embeddable":true,"href":"https:\/\/www.spottergps.com\/pl\/wp-json\/wp\/v2\/pages\/644"}],"wp:attachment":[{"href":"https:\/\/www.spottergps.com\/pl\/wp-json\/wp\/v2\/media?parent=766"}],"wp:term":[{"taxonomy":"category","embeddable":true,"href":"https:\/\/www.spottergps.com\/pl\/wp-json\/wp\/v2\/categories?post=766"},{"taxonomy":"post_tag","embeddable":true,"href":"https:\/\/www.spottergps.com\/pl\/wp-json\/wp\/v2\/tags?post=766"}],"curies":[{"name":"wp","href":"https:\/\/api.w.org\/{rel}","templated":true}]}}